{"id":3,"date":"2023-06-19T16:40:29","date_gmt":"2023-06-19T16:40:29","guid":{"rendered":"https:\/\/anivet.lt\/elparduotuve\/?page_id=3"},"modified":"2023-08-03T19:46:59","modified_gmt":"2023-08-03T19:46:59","slug":"privatumo-politika","status":"publish","type":"page","link":"https:\/\/anivet.lt\/elparduotuve\/privatumo-politika\/","title":{"rendered":"Privatumo politika"},"content":{"rendered":"<p><strong>PRIVATUMO POLITIKA<\/strong><\/p>\n<p>\u0160ioje privatumo politikoje (toliau \u2013 <strong>Privatumo politika<\/strong>) Jums pateikiame informacij\u0105, kaip MB\u00a0AniVet, juridinio asmens kodas 306295247, registruotos buvein\u0117s adresas K. Bar\u0161ausko g. 77-9, LT-51386 Kaunas (toliau \u2013 <strong>Duomen\u0173 valdytojas<\/strong>) tvarko J\u016bs\u0173 asmens duomenis http:\/\/www.anivet.lt elektronin\u0117je parduotuv\u0117je.<\/p>\n<p>Su Duomen\u0173 valdytoju galite susisiekti \u0161iais kontaktais:<\/p>\n<p>Tel.:\u00a0\u00a0\u00a0\u00a0\u00a0\u00a0\u00a0\u00a0\u00a0\u00a0\u00a0\u00a0\u00a0 +(370) 671 55300<br \/>\nEl. pa\u0161tas:\u00a0\u00a0\u00a0\u00a0 info@anivet.lt<br \/>\nAdresas:\u00a0\u00a0\u00a0\u00a0\u00a0\u00a0 K. Bar\u0161ausko g. 77-9, LT-51386 Kaunas<\/p>\n<p><strong>Kokius J\u016bs\u0173 asmens duomenis mes tvarkome?<\/strong><\/p>\n<table width=\"0\">\n<tbody>\n<tr>\n<td width=\"123\"><strong>Tikslas<\/strong><\/td>\n<td width=\"159\"><strong>Duomenys<\/strong><\/td>\n<td width=\"119\"><strong>Teisinis pagrindas<\/strong><\/td>\n<td width=\"109\"><strong>Saugojimo laikas<\/strong><\/td>\n<td width=\"95\"><strong>Kam galime perduoti?<\/strong><\/td>\n<\/tr>\n<tr>\n<td width=\"123\">Sutar\u010di\u0173 su juridiniais asmenimis sudarymas ir vykdymas<\/td>\n<td width=\"159\">Vardas, pavard\u0117, kontaktin\u0117 informacija, susira\u0161in\u0117jimo turinys, kiti sutartyje esantys duomenys.<\/td>\n<td width=\"119\">Teis\u0117tas interesas vykdyti veikl\u0105<\/td>\n<td width=\"109\">10 met\u0173 po sutarties galiojimo pabaigos<\/td>\n<td width=\"95\">&#8211;<\/td>\n<\/tr>\n<tr>\n<td width=\"123\">Sutar\u010di\u0173 su fiziniais asmenimis sudarymas ir vykdymas<\/td>\n<td width=\"159\">Vardas, pavard\u0117, adresas, el. pa\u0161to adresas.<\/td>\n<td width=\"119\">Sutartis<\/td>\n<td width=\"109\">10 met\u0173 po sutarties galiojimo pabaigos<\/td>\n<td width=\"95\">Mok\u0117jimo paslaug\u0173 teik\u0117jai<\/td>\n<\/tr>\n<tr>\n<td width=\"123\">U\u017esakymo pristatymas<\/td>\n<td width=\"159\">Vardas, pavard\u0117, telefono numeris, el. pa\u0161to adresas, adresas, siunt\u0173 savitarnos terminalo informacija, siuntos numeris.<\/td>\n<td width=\"119\">Sutartis<\/td>\n<td width=\"109\">10 met\u0173 po sutarties galiojimo pabaigos<\/td>\n<td width=\"95\">Kurjeri\u0173 tarnybos, pristatymo paslaug\u0173 teik\u0117jai, pa\u0161tas<\/td>\n<\/tr>\n<tr>\n<td width=\"123\">Mok\u0117jimo gr\u0105\u017einimas<\/td>\n<td width=\"159\">Vardas, pavard\u0117, banko s\u0105skaitos numeris, kiti rekvizitai<\/td>\n<td width=\"119\">Sutartis, teisin\u0117 prievol\u0117<\/td>\n<td width=\"109\">10 met\u0173 po mok\u0117jimo pavedimo<\/td>\n<td width=\"95\">Mok\u0117jimo paslaug\u0173 teik\u0117jai<\/td>\n<\/tr>\n<tr>\n<td width=\"123\">Vartotoj\u0173 paskyr\u0173 internetin\u0117je svetain\u0117je suk\u016brimas ir administravimas<\/td>\n<td width=\"159\">Vardas, pavard\u0117, paskyros vardas ir slapta\u017eodis, telefono numeris, el. pa\u0161to adresas, adresas<\/td>\n<td width=\"119\">Sutartis<\/td>\n<td width=\"109\">2 metus po paskutinio prisijungimo prie paskyros dienos<\/td>\n<td width=\"95\">&#8211;<\/td>\n<\/tr>\n<tr>\n<td width=\"123\">Komunikacija su svetain\u0117s lankytojais<\/td>\n<td width=\"159\">Vardas, pavard\u0117, telefono numeris, el. pa\u0161to adresas<\/td>\n<td width=\"119\">Siekis imtis veiksm\u0173 duomen\u0173 subjekto pra\u0161ymu prie\u0161 sudarant sutart\u012f \/<\/p>\n<p>Teis\u0117tas interesas vykdyti veikl\u0105 ir\/ar u\u017etikrinti kokyb\u0119<\/td>\n<td width=\"109\">1 metus po u\u017eklausos i\u0161sprendimo dienos<\/td>\n<td width=\"95\">&#8211;<\/td>\n<\/tr>\n<\/tbody>\n<\/table>\n<p><strong>Kam galime perduoti J\u016bs\u0173 asmens duomenis?<\/strong><\/p>\n<p>Mes galime perduoti informacij\u0105 apie Jus m\u016bs\u0173 darbuotojams, tarpininkams, paslaug\u0173 teik\u0117jams, tokiems kaip skol\u0173 administravim\u0105 ar i\u0161ie\u0161kojim\u0105 vykdan\u010dioms \u012fmon\u0117ms, archyvavimo paslaugas teikian\u010dioms \u012fmon\u0117ms, teisines, rinkodaros paslaugas, IT paslaugas teikiantiems asmenims ar subrangovams, jei pagr\u012fstai reikia tiems tikslams, kaip nurodyta \u0161ioje Privatumo politikoje.<\/p>\n<p>Taip pat mes galime atskleisti informacij\u0105 apie Jus, jei turime padaryti tai pagal \u012fstatym\u0105 arba siekdami apginti savo teises ar interesus (\u012fskaitant J\u016bs\u0173 asmens duomen\u0173 pateikim\u0105 tretiesiems asmenims, siekiant i\u0161ie\u0161koti J\u016bs\u0173 \u012fsiskolinimus mums), taip pat ketinant perleisti bendrov\u0117s veiklos ar jos turto dal\u012f ar reorganizuoti bendrov\u0119 ar vykdant \u0161iuos procesus, atskleid\u017eiant J\u016bs\u0173 asmens duomenis (potencialiam) veiklos ar jos dalies \u012fgij\u0117jui, kitiems reorganizavimo dalyviams.<\/p>\n<p><strong>Kaip tvarkomi J\u016bs\u0173 asmens duomenys?<\/strong><\/p>\n<p>J\u016bs\u0173 asmens duomenys bus tvarkomi laikantis Bendrojo duomen\u0173 apsaugos reglamento (toliau \u2013 <strong>BDAR<\/strong>), Lietuvos Respublikos asmens duomen\u0173 teisin\u0117s apsaugos \u012fstatymo bei kit\u0173 teis\u0117s akt\u0173 nustatyt\u0173 reikalavim\u0173. Duomen\u0173 valdytojas, tiek nustatydamas asmens duomen\u0173 tvarkymo priemones, tiek paties duomen\u0173 tvarkymo metu, \u012fgyvendina tinkamas teis\u0117s aktuose nustatytas duomen\u0173 apsaugos technines ir organizacines priemones, skirtas apsaugoti tvarkomus asmens duomenis nuo atsitiktinio ar neteis\u0117to sunaikinimo, sugadinimo, pakeitimo, praradimo, atskleidimo, taip pat nuo bet kokio kito neteis\u0117to tvarkymo. Atitinkamos priemon\u0117s nustatomos atsi\u017evelgiant \u012f pavojus, kurie kyla d\u0117l asmens duomen\u0173 tvarkymo.<\/p>\n<p><strong>Kokios yra J\u016bs\u0173 teis\u0117s?<\/strong><\/p>\n<p>\u017demiau pateikiame informacij\u0105 apie J\u016bs\u0173 teises, susijusias su Duomen\u0173 valdytojo vykdomu J\u016bs\u0173 asmens duomen\u0173 tvarkymu, ir atvejus, kada \u0161iomis teis\u0117mis galite pasinaudoti. Jei norite gauti daugiau informacijos apie savo teises ar jas \u012fgyvendinti, susisiekite su mumis \u0161ioje Privatumo politikoje nurodytu el. pa\u0161to adresu.<\/p>\n<ul>\n<li>J\u016bs galite bet kada susisiekti su mumis ir pasiteirauti, ar mes tvarkome kokius nors J\u016bs\u0173 asmens duomenis. Jei mes saugome ar bet kokiu b\u016bdu naudojame J\u016bs\u0173 asmens duomenis, J\u016bs turite teis\u0119 su jais susipa\u017einti. Nor\u0117dami tai padaryti, pateikite mums ra\u0161ytin\u012f pra\u0161ym\u0105 \u0161ioje Privatumo politikoje nurodytu el. pa\u0161to adresu. Mes J\u016bs\u0173 pra\u0161ymo \u012fvykdymo tikslu galime J\u016bs\u0173 papra\u0161yti patvirtinti savo asmens tapatyb\u0119. Teikdami tok\u012f pra\u0161ym\u0105, laikykit\u0117s s\u0105\u017einingumo ir protingumo princip\u0173.<\/li>\n<li>Jei esate pateik\u0119 mums sutikim\u0105 d\u0117l J\u016bs\u0173 duomen\u0173 tvarkymo, j\u012f galite bet kada at\u0161aukti \u0161ioje Privatumo politikoje nurodytu el. pa\u0161to adresu.<\/li>\n<li>J\u016bs turite teis\u0119 pra\u0161yti m\u016bs\u0173 i\u0161taisyti bet kokius turim\u0173 duomen\u0173 netikslumus. Tokiu atveju mes galime papra\u0161yti J\u016bs\u0173 patvirtinti i\u0161taisyt\u0105 informacij\u0105.<\/li>\n<li>J\u016bs turite teis\u0119 pra\u0161yti m\u016bs\u0173 i\u0161trinti J\u016bs\u0173 asmens duomenis. \u0160i teis\u0117 \u012fgyvendinama BDAR 17\u00a0straipsnyje numatytais atvejais.<\/li>\n<li>J\u016bs turite teis\u0119 pra\u0161yti m\u016bs\u0173 riboti J\u016bs\u0173 asmens duomen\u0173 tvarkym\u0105 arba j\u0173 netvarkyti.<\/li>\n<li>J\u016bs turite teis\u0119 \u012f duomen\u0173, kurie tvarkomi automatizuotomis priemon\u0117mis ir kuriuos i\u0161 J\u016bs\u0173 gavome Jums sutinkant arba sutarties sudarymo tikslais, perk\u0117lim\u0105. Jums pasinaudojus \u0161ia teise, J\u016bs\u0173 pra\u0161ymu perkelsime J\u016bs\u0173 pateikt\u0173 duomen\u0173 kopij\u0105.<\/li>\n<li>J\u016bs turite teis\u0119 BDAR 21 str. nustatyta tvarka nesutikti, kad mes naudotum\u0117me J\u016bs\u0173 asmens duomenis.<\/li>\n<\/ul>\n<p><strong>Kaip galite \u012fgyvendinti savo teises?<\/strong><\/p>\n<p>Siekdami \u012fgyvendinti savo teises, pra\u0161ymus, skundus ar reikalavimus pateikite mums ra\u0161tu \u0161ioje Privatumo politikoje nurodytais kontaktais.<\/p>\n<p>\u012e gautus pra\u0161ymus, skundus ar reikalavimus Jums atsakysime ra\u0161tu teis\u0117s akt\u0173 nustatyta tvarka ir terminais. Stengiam\u0117s pateikti Jums informacij\u0105 kiek \u012fmanoma grei\u010diau, bet ne v\u0117liau kaip per 30 dien\u0173 nuo J\u016bs\u0173 pra\u0161ymo gavimo.<\/p>\n<p>Jeigu, gavus pra\u0161ym\u0105, skund\u0105 ar reikalavim\u0105, mums kils \u012ftarim\u0173 d\u0117l besikreipian\u010diojo asmens tapatyb\u0117s, mes turime teis\u0119 papra\u0161yti besikreipian\u010diojo asmens tapatyb\u0117s dokumento.<\/p>\n<p><strong>Nusiskundimai<\/strong><\/p>\n<p>Jei manote, kad J\u016bs\u0173, kaip duomen\u0173 subjekto, teis\u0117s yra ir (ar) gali b\u016bti pa\u017eeistos, pra\u0161ome nedelsiant kreiptis \u012f mus \u0161ioje Privatumo politikoje nurodytu el. pa\u0161tu. Mes u\u017etikriname, kad tik gavus J\u016bs\u0173 skund\u0105 susisieksime su Jumis per pagr\u012fst\u0105 laikotarp\u012f ir informuosime apie skundo tyrimo eig\u0105, o v\u0117liau ir apie rezultat\u0105. Jei tyrimo rezultatai J\u016bs\u0173 netenkins, gal\u0117site pateikti skund\u0105 prie\u017ei\u016bros institucijai &#8211; Valstybinei duomen\u0173 apsaugos inspekcijai (https:\/\/vdai.lrv.lt\/).<\/p>\n<p><strong>Atsakomyb\u0117<\/strong><\/p>\n<p>J\u016bs esate atsakingi u\u017e tai, kad J\u016bs\u0173 mums pateikti duomenys b\u016bt\u0173 tiksl\u016bs, teisingi ir i\u0161sam\u016bs. Jeigu pasikei\u010dia J\u016bs\u0173 pateikti duomenys, J\u016bs turite nedelsdami mus apie tai informuoti el. pa\u0161tu. Mes jokiu atveju neb\u016bsime atsakingi u\u017e \u017eal\u0105, atsiradusi\u0105 Jums d\u0117l to, jog J\u016bs nurod\u0117te neteisingus ar nei\u0161samius asmens duomenis arba neinformavote m\u016bs\u0173 jiems pasikeitus.<\/p>\n<p>&nbsp;<\/p>\n<p><strong>Slapuk\u0173 naudojimo tvarka\u00a0\u00a0\u00a0 <\/strong><\/p>\n<ul>\n<li>Informuojame, jog, siekiant Jums pasi\u016blyti skland\u0173 informacijos pateikim\u0105 bei visavertes paslaugas, anivet.lt tinklapyje naudojami slapukai (angl. cookies). Slapukai yra \u012fra\u0161omi J\u016bs\u0173 kompiuteryje ar kitame J\u016bs\u0173 naudojamame \u012frenginyje ir yra naudojami tam, kad gal\u0117tume u\u017etikrinti teikiam\u0173 paslaug\u0173 kokyb\u0119, atpa\u017eindami Jus kaip ankstesn\u012f svetain\u0117s naudotoj\u0105, renkant svetain\u0117s lankomumo statistik\u0105.<\/li>\n<\/ul>\n<p>&nbsp;<\/p>\n<ul>\n<li>Atidarydami anivet.lt tinklap\u012f ir nar\u0161ydami toliau, J\u016bs sutinkate, kad slapukai b\u016bt\u0173 i\u0161saugoti J\u016bs\u0173 kompiuteryje, telefone, plan\u0161et\u0117je ar kitame naudojamame \u012frenginyje.<\/li>\n<\/ul>\n<p>&nbsp;<\/p>\n<ul>\n<li>Savo duot\u0105 sutikim\u0105 galite bet kada at\u0161aukti, pakeisdami savo interneto nar\u0161ykl\u0117s nustatymus. I\u0161samesn\u0117 informacija pateikiama adresu AllAboutCookies.org. Galite i\u0161trinti visus j\u016bs\u0173 kompiuteryje jau esan\u010dius slapukus, o daugum\u0105 nar\u0161ykli\u0173 nustatyti taip, kad slapukai neb\u016bt\u0173 \u012fra\u0161omi J\u016bs\u0173 \u012frenginyje. Tokiu atveju Jums gali reik\u0117ti rankiniu b\u016bdu pakeisti kai kurias parinktis kaskart, kai lankysit\u0117s interneto svetain\u0117je, o kai kurios paslaugos ir funkcijos gali neveikti.<\/li>\n<\/ul>\n<p>&nbsp;<\/p>\n<ul>\n<li>Tolimesnis naudojimasis anivet.lt tinklapio paslaugomis rei\u0161kia \u0161ios privatumo politikos laikym\u0105si.<\/li>\n<\/ul>\n<p>&nbsp;<\/p>\n<ul>\n<li>anivet.lt turi teis\u0119 i\u0161 dalies ar visi\u0161kai pakeisti privatumo politik\u0105 ir apie tai paskelbti tinklapyje. Visi i\u0161kil\u0119 nesutarimai ir gin\u010dai sprend\u017eiami vadovaujantis geranori\u0161kumo principu. Nepavykus susitarti, gin\u010dai sprend\u017eiami pagal LR \u012fstatymus.<\/li>\n<\/ul>\n<p>&nbsp;<\/p>\n<p>Privatumo politika atnaujinta 2023 m. liepos 16 d.<\/p>\n<p>&nbsp;<\/p>\n<p>&nbsp;<\/p>\n","protected":false},"excerpt":{"rendered":"<p>PRIVATUMO POLITIKA \u0160ioje privatumo politikoje (toliau \u2013 Privatumo politika) Jums pateikiame informacij\u0105, kaip MB\u00a0AniVet, juridinio asmens kodas 306295247, registruotos buvein\u0117s<\/p>\n","protected":false},"author":1,"featured_media":0,"parent":0,"menu_order":0,"comment_status":"closed","ping_status":"open","template":"","meta":{"footnotes":""},"class_list":["post-3","page","type-page","status-publish","hentry"],"yoast_head":"<!-- This site is optimized with the Yoast SEO Premium plugin v27.1 (Yoast SEO v27.5) - https:\/\/yoast.com\/product\/yoast-seo-premium-wordpress\/ -->\n<title>Privatumo politika - anivet.lt<\/title>\n<meta name=\"description\" content=\"PRIVATUMO POLITIKA \u0160ioje privatumo politikoje (toliau \u2013 Privatumo politika) Jums pateikiame informacij\u0105, kaip MB\u00a0AniVet, juridinio asmens kodas 306295247,\" \/>\n<meta name=\"robots\" content=\"index, follow, max-snippet:-1, max-image-preview:large, max-video-preview:-1\" \/>\n<link rel=\"canonical\" href=\"https:\/\/anivet.lt\/elparduotuve\/privatumo-politika\/\" \/>\n<meta property=\"og:locale\" content=\"lt_LT\" \/>\n<meta property=\"og:type\" content=\"article\" \/>\n<meta property=\"og:title\" content=\"Privatumo politika\" \/>\n<meta property=\"og:description\" content=\"PRIVATUMO POLITIKA \u0160ioje privatumo politikoje (toliau \u2013 Privatumo politika) Jums pateikiame informacij\u0105, kaip MB\u00a0AniVet, juridinio asmens kodas 306295247,\" \/>\n<meta property=\"og:url\" content=\"https:\/\/anivet.lt\/elparduotuve\/privatumo-politika\/\" \/>\n<meta property=\"og:site_name\" content=\"anivet.lt\" \/>\n<meta property=\"article:modified_time\" content=\"2023-08-03T19:46:59+00:00\" \/>\n<meta property=\"og:image\" content=\"https:\/\/anivet.lt\/elparduotuve\/wp-content\/uploads\/2023\/06\/zero-waste-homemade-dog-treats-trash-is-for-tossers-cropped-720x480-1.jpg\" \/>\n\t<meta property=\"og:image:width\" content=\"720\" \/>\n\t<meta property=\"og:image:height\" content=\"480\" \/>\n\t<meta property=\"og:image:type\" content=\"image\/jpeg\" \/>\n<meta name=\"twitter:card\" content=\"summary_large_image\" \/>\n<meta name=\"twitter:label1\" content=\"Est. reading time\" \/>\n\t<meta name=\"twitter:data1\" content=\"6 minut\u0117s\" \/>\n<script type=\"application\/ld+json\" class=\"yoast-schema-graph\">{\"@context\":\"https:\\\/\\\/schema.org\",\"@graph\":[{\"@type\":\"WebPage\",\"@id\":\"https:\\\/\\\/anivet.lt\\\/elparduotuve\\\/privatumo-politika\\\/\",\"url\":\"https:\\\/\\\/anivet.lt\\\/elparduotuve\\\/privatumo-politika\\\/\",\"name\":\"Privatumo politika - anivet.lt\",\"isPartOf\":{\"@id\":\"https:\\\/\\\/anivet.lt\\\/elparduotuve\\\/#website\"},\"datePublished\":\"2023-06-19T16:40:29+00:00\",\"dateModified\":\"2023-08-03T19:46:59+00:00\",\"description\":\"PRIVATUMO POLITIKA \u0160ioje privatumo politikoje (toliau \u2013 Privatumo politika) Jums pateikiame informacij\u0105, kaip MB\u00a0AniVet, juridinio asmens kodas 306295247,\",\"breadcrumb\":{\"@id\":\"https:\\\/\\\/anivet.lt\\\/elparduotuve\\\/privatumo-politika\\\/#breadcrumb\"},\"inLanguage\":\"lt-LT\",\"potentialAction\":[{\"@type\":\"ReadAction\",\"target\":[\"https:\\\/\\\/anivet.lt\\\/elparduotuve\\\/privatumo-politika\\\/\"]}]},{\"@type\":\"BreadcrumbList\",\"@id\":\"https:\\\/\\\/anivet.lt\\\/elparduotuve\\\/privatumo-politika\\\/#breadcrumb\",\"itemListElement\":[{\"@type\":\"ListItem\",\"position\":1,\"name\":\"Home\",\"item\":\"https:\\\/\\\/anivet.lt\\\/elparduotuve\\\/\"},{\"@type\":\"ListItem\",\"position\":2,\"name\":\"Privatumo politika\"}]},{\"@type\":\"WebSite\",\"@id\":\"https:\\\/\\\/anivet.lt\\\/elparduotuve\\\/#website\",\"url\":\"https:\\\/\\\/anivet.lt\\\/elparduotuve\\\/\",\"name\":\"anivet.lt\",\"description\":\"Viskas J\u016bs\u0173 \u0161uns, kat\u0117s prie\u017ei\u016brai\",\"publisher\":{\"@id\":\"https:\\\/\\\/anivet.lt\\\/elparduotuve\\\/#organization\"},\"alternateName\":\"Viskas J\u016bs\u0173 \u0161uns, kat\u0117s prie\u017ei\u016brai\",\"potentialAction\":[{\"@type\":\"SearchAction\",\"target\":{\"@type\":\"EntryPoint\",\"urlTemplate\":\"https:\\\/\\\/anivet.lt\\\/elparduotuve\\\/?s={search_term_string}\"},\"query-input\":{\"@type\":\"PropertyValueSpecification\",\"valueRequired\":true,\"valueName\":\"search_term_string\"}}],\"inLanguage\":\"lt-LT\"},{\"@type\":\"Organization\",\"@id\":\"https:\\\/\\\/anivet.lt\\\/elparduotuve\\\/#organization\",\"name\":\"Viskas J\u016bs\u0173 \u0161uns, kat\u0117s prie\u017ei\u016brai\",\"url\":\"https:\\\/\\\/anivet.lt\\\/elparduotuve\\\/\",\"logo\":{\"@type\":\"ImageObject\",\"inLanguage\":\"lt-LT\",\"@id\":\"https:\\\/\\\/anivet.lt\\\/elparduotuve\\\/#\\\/schema\\\/logo\\\/image\\\/\",\"url\":\"https:\\\/\\\/anivet.lt\\\/elparduotuve\\\/wp-content\\\/uploads\\\/2023\\\/06\\\/logo2.jpg\",\"contentUrl\":\"https:\\\/\\\/anivet.lt\\\/elparduotuve\\\/wp-content\\\/uploads\\\/2023\\\/06\\\/logo2.jpg\",\"width\":655,\"height\":194,\"caption\":\"Viskas J\u016bs\u0173 \u0161uns, kat\u0117s prie\u017ei\u016brai\"},\"image\":{\"@id\":\"https:\\\/\\\/anivet.lt\\\/elparduotuve\\\/#\\\/schema\\\/logo\\\/image\\\/\"}}]}<\/script>\n<!-- \/ Yoast SEO Premium plugin. -->","yoast_head_json":{"title":"Privatumo politika - anivet.lt","description":"PRIVATUMO POLITIKA \u0160ioje privatumo politikoje (toliau \u2013 Privatumo politika) Jums pateikiame informacij\u0105, kaip MB\u00a0AniVet, juridinio asmens kodas 306295247,","robots":{"index":"index","follow":"follow","max-snippet":"max-snippet:-1","max-image-preview":"max-image-preview:large","max-video-preview":"max-video-preview:-1"},"canonical":"https:\/\/anivet.lt\/elparduotuve\/privatumo-politika\/","og_locale":"lt_LT","og_type":"article","og_title":"Privatumo politika","og_description":"PRIVATUMO POLITIKA \u0160ioje privatumo politikoje (toliau \u2013 Privatumo politika) Jums pateikiame informacij\u0105, kaip MB\u00a0AniVet, juridinio asmens kodas 306295247,","og_url":"https:\/\/anivet.lt\/elparduotuve\/privatumo-politika\/","og_site_name":"anivet.lt","article_modified_time":"2023-08-03T19:46:59+00:00","og_image":[{"width":720,"height":480,"url":"https:\/\/anivet.lt\/elparduotuve\/wp-content\/uploads\/2023\/06\/zero-waste-homemade-dog-treats-trash-is-for-tossers-cropped-720x480-1.jpg","type":"image\/jpeg"}],"twitter_card":"summary_large_image","twitter_misc":{"Est. reading time":"6 minut\u0117s"},"schema":{"@context":"https:\/\/schema.org","@graph":[{"@type":"WebPage","@id":"https:\/\/anivet.lt\/elparduotuve\/privatumo-politika\/","url":"https:\/\/anivet.lt\/elparduotuve\/privatumo-politika\/","name":"Privatumo politika - anivet.lt","isPartOf":{"@id":"https:\/\/anivet.lt\/elparduotuve\/#website"},"datePublished":"2023-06-19T16:40:29+00:00","dateModified":"2023-08-03T19:46:59+00:00","description":"PRIVATUMO POLITIKA \u0160ioje privatumo politikoje (toliau \u2013 Privatumo politika) Jums pateikiame informacij\u0105, kaip MB\u00a0AniVet, juridinio asmens kodas 306295247,","breadcrumb":{"@id":"https:\/\/anivet.lt\/elparduotuve\/privatumo-politika\/#breadcrumb"},"inLanguage":"lt-LT","potentialAction":[{"@type":"ReadAction","target":["https:\/\/anivet.lt\/elparduotuve\/privatumo-politika\/"]}]},{"@type":"BreadcrumbList","@id":"https:\/\/anivet.lt\/elparduotuve\/privatumo-politika\/#breadcrumb","itemListElement":[{"@type":"ListItem","position":1,"name":"Home","item":"https:\/\/anivet.lt\/elparduotuve\/"},{"@type":"ListItem","position":2,"name":"Privatumo politika"}]},{"@type":"WebSite","@id":"https:\/\/anivet.lt\/elparduotuve\/#website","url":"https:\/\/anivet.lt\/elparduotuve\/","name":"anivet.lt","description":"Viskas J\u016bs\u0173 \u0161uns, kat\u0117s prie\u017ei\u016brai","publisher":{"@id":"https:\/\/anivet.lt\/elparduotuve\/#organization"},"alternateName":"Viskas J\u016bs\u0173 \u0161uns, kat\u0117s prie\u017ei\u016brai","potentialAction":[{"@type":"SearchAction","target":{"@type":"EntryPoint","urlTemplate":"https:\/\/anivet.lt\/elparduotuve\/?s={search_term_string}"},"query-input":{"@type":"PropertyValueSpecification","valueRequired":true,"valueName":"search_term_string"}}],"inLanguage":"lt-LT"},{"@type":"Organization","@id":"https:\/\/anivet.lt\/elparduotuve\/#organization","name":"Viskas J\u016bs\u0173 \u0161uns, kat\u0117s prie\u017ei\u016brai","url":"https:\/\/anivet.lt\/elparduotuve\/","logo":{"@type":"ImageObject","inLanguage":"lt-LT","@id":"https:\/\/anivet.lt\/elparduotuve\/#\/schema\/logo\/image\/","url":"https:\/\/anivet.lt\/elparduotuve\/wp-content\/uploads\/2023\/06\/logo2.jpg","contentUrl":"https:\/\/anivet.lt\/elparduotuve\/wp-content\/uploads\/2023\/06\/logo2.jpg","width":655,"height":194,"caption":"Viskas J\u016bs\u0173 \u0161uns, kat\u0117s prie\u017ei\u016brai"},"image":{"@id":"https:\/\/anivet.lt\/elparduotuve\/#\/schema\/logo\/image\/"}}]}},"_links":{"self":[{"href":"https:\/\/anivet.lt\/elparduotuve\/wp-json\/wp\/v2\/pages\/3","targetHints":{"allow":["GET"]}}],"collection":[{"href":"https:\/\/anivet.lt\/elparduotuve\/wp-json\/wp\/v2\/pages"}],"about":[{"href":"https:\/\/anivet.lt\/elparduotuve\/wp-json\/wp\/v2\/types\/page"}],"author":[{"embeddable":true,"href":"https:\/\/anivet.lt\/elparduotuve\/wp-json\/wp\/v2\/users\/1"}],"replies":[{"embeddable":true,"href":"https:\/\/anivet.lt\/elparduotuve\/wp-json\/wp\/v2\/comments?post=3"}],"version-history":[{"count":0,"href":"https:\/\/anivet.lt\/elparduotuve\/wp-json\/wp\/v2\/pages\/3\/revisions"}],"wp:attachment":[{"href":"https:\/\/anivet.lt\/elparduotuve\/wp-json\/wp\/v2\/media?parent=3"}],"curies":[{"name":"wp","href":"https:\/\/api.w.org\/{rel}","templated":true}]}}