{"id":5212,"date":"2021-08-25T07:26:28","date_gmt":"2021-08-25T07:26:28","guid":{"rendered":"http:\/\/dummy.xtemos.com\/woodmart2\/?page_id=5212"},"modified":"2026-02-13T09:42:33","modified_gmt":"2026-02-13T09:42:33","slug":"apie-mus","status":"publish","type":"page","link":"https:\/\/anivet.lt\/elparduotuve\/apie-mus\/","title":{"rendered":"Apie mus"},"content":{"rendered":"<div class=\"wpb-content-wrapper\"><p>[vc_row][vc_column]\t\t<div id=\"wd-64ddd0dcd7d70\" class=\"wd-text-block wd-wpb reset-last-child wd-rs-64ddd0dcd7d70 text-left wd-fontsize-custom \">\n\t\t\t<p>Mes esame specializuota parduotuv\u0117, kurioje galite rasti visk\u0105, ko gali prireikti J\u016bs\u0173 augintiniui. M\u016bs\u0173 tikslas, kad J\u016bs\u0173 augintiniai b\u016bt\u0173\u00a0 \u00a0maitinami tinkamu maistu bei vitamin\u0173 kompleksais.<\/p>\n<p>M\u016bs\u0173 parduotuv\u0117je rasite didel\u012f pasirinkim\u0105 \u0161un\u0173 ir ka\u010di\u0173 maisto produkt\u0173. Mes suprantame, kad kiekvienas augintinis yra unikalus ir turi skirtingus poreikius, tod\u0117l siekiame pasi\u016blyti kokybi\u0161k\u0105 maist\u0105, atitinkant\u012f skirtingus J\u016bs\u0173 augintini\u0173 skonio ir sveikatos poreikius. Nepriklausomai nuo to, ar J\u016bs\u0173 augintinis m\u0117gsta saus\u0105 ar \u0161lapi\u0105 mityb\u0105, mes turime produktus, kurie tiks j\u0173 poreikiams.<\/p>\n<p>Be to, mes taip pat si\u016blome \u012fvairias prie\u017ei\u016bros priemones, kurios pad\u0117s Jums u\u017etikrinti, kad J\u016bs\u0173 gyv\u016bn\u0117liai b\u016bt\u0173 \u0161var\u016bs, sveiki ir gra\u017e\u016bs.<\/p>\n<p>Suprantame, kad kiekvienam gyv\u016bnui reikalingi papildomi vitaminai ir mineralai, kad i\u0161laikyt\u0173 ger\u0105 sveikat\u0105. Tod\u0117l mes taip pat si\u016blome \u012fvairius vitamin\u0173 kompleksus, kurie pad\u0117s J\u016bs\u0173 augintiniams gauti visus reikalingus maistinius med\u017eiag\u0173 \u0161altinius.<\/p>\n<p>M\u016bs\u0173 komanda pad\u0117s Jums pasirinkti tinkamiausius produktus susijusius su J\u016bs\u0173 augintini\u0173 poreikiais.<\/p>\n\t\t<\/div>\n\t\t[\/vc_column][\/vc_row][vc_row full_width=&#8221;stretch_row&#8221; equal_height=&#8221;yes&#8221; content_placement=&#8221;middle&#8221; woodmart_stretch_content=&#8221;section-stretch&#8221; woodmart_parallax=&#8221;0&#8243; woodmart_gradient_switch=&#8221;no&#8221; row_reverse_mobile=&#8221;0&#8243; row_reverse_tablet=&#8221;0&#8243; woodmart_disable_overflow=&#8221;0&#8243; woodmart_css_id=&#8221;6498392d31ef0&#8243; responsive_spacing=&#8221;eyJwYXJhbV90eXBlIjoid29vZG1hcnRfcmVzcG9uc2l2ZV9zcGFjaW5nIiwic2VsZWN0b3JfaWQiOiI2NDk4MzkyZDMxZWYwIiwic2hvcnRjb2RlIjoidmNfcm93IiwiZGF0YSI6eyJ0YWJsZXQiOnt9LCJtb2JpbGUiOnt9fX0=&#8221; mobile_bg_img_hidden=&#8221;no&#8221; tablet_bg_img_hidden=&#8221;no&#8221; woodmart_box_shadow=&#8221;no&#8221; wd_z_index=&#8221;no&#8221; css=&#8221;.vc_custom_1687697713970{margin-bottom: -40px !important;background-color: #ffffff !important;}&#8221;][vc_column css_animation=&#8221;fadeInLeft&#8221; width=&#8221;1\/2&#8243; woodmart_parallax=&#8221;0&#8243; parallax_scroll=&#8221;no&#8221; woodmart_sticky_column=&#8221;false&#8221; woodmart_css_id=&#8221;648b2dd42ebe5&#8243; wd_collapsible_content_switcher=&#8221;no&#8221; wd_column_role_offcanvas_desktop=&#8221;no&#8221; wd_column_role_offcanvas_tablet=&#8221;no&#8221; wd_column_role_offcanvas_mobile=&#8221;no&#8221; wd_column_role_content_desktop=&#8221;no&#8221; wd_column_role_content_tablet=&#8221;no&#8221; wd_column_role_content_mobile=&#8221;no&#8221; mobile_bg_img_hidden=&#8221;no&#8221; tablet_bg_img_hidden=&#8221;no&#8221; woodmart_box_shadow=&#8221;no&#8221; responsive_spacing=&#8221;eyJwYXJhbV90eXBlIjoid29vZG1hcnRfcmVzcG9uc2l2ZV9zcGFjaW5nIiwic2VsZWN0b3JfaWQiOiI2NDhiMmRkNDJlYmU1Iiwic2hvcnRjb2RlIjoidmNfY29sdW1uIiwiZGF0YSI6eyJ0YWJsZXQiOnt9LCJtb2JpbGUiOnt9fX0=&#8221; mobile_reset_margin=&#8221;no&#8221; tablet_reset_margin=&#8221;no&#8221; wd_z_index=&#8221;no&#8221;][vc_single_image image=&#8221;10193&#8243; img_size=&#8221;full&#8221; alignment=&#8221;center&#8221; parallax_scroll=&#8221;no&#8221; woodmart_inline=&#8221;no&#8221;][\/vc_column][vc_column css_animation=&#8221;fadeInRight&#8221; width=&#8221;1\/2&#8243; woodmart_parallax=&#8221;0&#8243; parallax_scroll=&#8221;no&#8221; woodmart_sticky_column=&#8221;false&#8221; woodmart_css_id=&#8221;648b2dd912e1b&#8221; wd_collapsible_content_switcher=&#8221;no&#8221; wd_column_role_offcanvas_desktop=&#8221;no&#8221; wd_column_role_offcanvas_tablet=&#8221;no&#8221; wd_column_role_offcanvas_mobile=&#8221;no&#8221; wd_column_role_content_desktop=&#8221;no&#8221; wd_column_role_content_tablet=&#8221;no&#8221; wd_column_role_content_mobile=&#8221;no&#8221; mobile_bg_img_hidden=&#8221;no&#8221; tablet_bg_img_hidden=&#8221;no&#8221; woodmart_box_shadow=&#8221;no&#8221; responsive_spacing=&#8221;eyJwYXJhbV90eXBlIjoid29vZG1hcnRfcmVzcG9uc2l2ZV9zcGFjaW5nIiwic2VsZWN0b3JfaWQiOiI2NDhiMmRkOTEyZTFiIiwic2hvcnRjb2RlIjoidmNfY29sdW1uIiwiZGF0YSI6eyJ0YWJsZXQiOnt9LCJtb2JpbGUiOnsibWFyZ2luLXRvcCI6Ii0zMCJ9fX0=&#8221; mobile_reset_margin=&#8221;no&#8221; tablet_reset_margin=&#8221;no&#8221; wd_z_index=&#8221;no&#8221;]\t\t\t<div id=\"wd-6498397043564\" class=\"wd-text-block-wrapper wd-wpb wd-rs-6498397043564 color-scheme-dark text-left wd-width-enabled \" style=\"--wd-max-width: 80%;\">\n\t\t\t\t<div class=\"woodmart-title-container woodmart-text-block reset-last-child font-primary wd-font-weight- \">\n\t\t\t\t\tDomina m\u016bs\u0173 produktai?\t\t\t\t<\/div>\n\n\t\t\t\t\t\t\t<\/div>\n\t\t<div id=\"wd-6498394730e3c\" class=\" wd-rs-6498394730e3c  wd-button-wrapper text-center inline-element\"><a href=\"https:\/\/anivet.lt\/elparduotuve\/produkto-kategorija\/sunims\/\" title=\"\" class=\"btn btn-color-primary btn-style-default btn-shape-rectangle btn-size-default\">Produktai \u0161unims<\/a><\/div><div id=\"wd-6498394f5cab2\" class=\" wd-rs-6498394f5cab2  wd-button-wrapper text-center inline-element\"><a href=\"https:\/\/anivet.lt\/elparduotuve\/produkto-kategorija\/katems\/\" title=\"\" class=\"btn btn-color-primary btn-style-bordered btn-shape-rectangle btn-size-default\">Produktai kat\u0117ms<\/a><\/div>[\/vc_column][\/vc_row]<\/p>\n<\/div>","protected":false},"excerpt":{"rendered":"<p>[vc_row][vc_column][\/vc_column][\/vc_row][vc_row full_width=&#8221;stretch_row&#8221; equal_height=&#8221;yes&#8221; content_placement=&#8221;middle&#8221; woodmart_stretch_content=&#8221;section-stretch&#8221; woodmart_parallax=&#8221;0&#8243; woodmart_gradient_switch=&#8221;no&#8221; row_reverse_mobile=&#8221;0&#8243; row_reverse_tablet=&#8221;0&#8243; woodmart_disable_overflow=&#8221;0&#8243; woodmart_css_id=&#8221;6498392d31ef0&#8243; responsive_spacing=&#8221;eyJwYXJhbV90eXBlIjoid29vZG1hcnRfcmVzcG9uc2l2ZV9zcGFjaW5nIiwic2VsZWN0b3JfaWQiOiI2NDk4MzkyZDMxZWYwIiwic2hvcnRjb2RlIjoidmNfcm93IiwiZGF0YSI6eyJ0YWJsZXQiOnt9LCJtb2JpbGUiOnt9fX0=&#8221; mobile_bg_img_hidden=&#8221;no&#8221; tablet_bg_img_hidden=&#8221;no&#8221; woodmart_box_shadow=&#8221;no&#8221; wd_z_index=&#8221;no&#8221; css=&#8221;.vc_custom_1687697713970{margin-bottom: -40px !important;background-color: #ffffff<\/p>\n","protected":false},"author":1,"featured_media":0,"parent":0,"menu_order":0,"comment_status":"closed","ping_status":"closed","template":"","meta":{"footnotes":""},"class_list":["post-5212","page","type-page","status-publish","hentry"],"yoast_head":"<!-- This site is optimized with the Yoast SEO Premium plugin v27.1 (Yoast SEO v27.4) - https:\/\/yoast.com\/product\/yoast-seo-premium-wordpress\/ -->\n<title>Apie mus - anivet.lt<\/title>\n<meta name=\"description\" content=\"Gyv\u016bn\u0173 preki\u0173 parduotuv\u0117, kurioje rasite kokybi\u0161k\u0105 \u0161un\u0173 ir ka\u010di\u0173 maist\u0105, skan\u0117stus ir prie\u017ei\u016bros priemones.\" \/>\n<meta name=\"robots\" content=\"index, follow, max-snippet:-1, max-image-preview:large, max-video-preview:-1\" \/>\n<link rel=\"canonical\" href=\"https:\/\/anivet.lt\/elparduotuve\/apie-mus\/\" \/>\n<meta property=\"og:locale\" content=\"lt_LT\" \/>\n<meta property=\"og:type\" content=\"article\" \/>\n<meta property=\"og:title\" content=\"Apie mus\" \/>\n<meta property=\"og:description\" content=\"Gyv\u016bn\u0173 preki\u0173 parduotuv\u0117, kurioje rasite kokybi\u0161k\u0105 \u0161un\u0173 ir ka\u010di\u0173 maist\u0105, skan\u0117stus ir prie\u017ei\u016bros priemones.\" \/>\n<meta property=\"og:url\" content=\"https:\/\/anivet.lt\/elparduotuve\/apie-mus\/\" \/>\n<meta property=\"og:site_name\" content=\"anivet.lt\" \/>\n<meta property=\"article:modified_time\" content=\"2026-02-13T09:42:33+00:00\" \/>\n<meta property=\"og:image\" content=\"https:\/\/anivet.lt\/elparduotuve\/wp-content\/uploads\/2023\/06\/zero-waste-homemade-dog-treats-trash-is-for-tossers-cropped-720x480-1.jpg\" \/>\n\t<meta property=\"og:image:width\" content=\"720\" \/>\n\t<meta property=\"og:image:height\" content=\"480\" \/>\n\t<meta property=\"og:image:type\" content=\"image\/jpeg\" \/>\n<meta name=\"twitter:card\" content=\"summary_large_image\" \/>\n<meta name=\"twitter:label1\" content=\"Est. reading time\" \/>\n\t<meta name=\"twitter:data1\" content=\"2 minut\u0117s\" \/>\n<script type=\"application\/ld+json\" class=\"yoast-schema-graph\">{\"@context\":\"https:\\\/\\\/schema.org\",\"@graph\":[{\"@type\":\"WebPage\",\"@id\":\"https:\\\/\\\/anivet.lt\\\/elparduotuve\\\/apie-mus\\\/\",\"url\":\"https:\\\/\\\/anivet.lt\\\/elparduotuve\\\/apie-mus\\\/\",\"name\":\"Apie mus - anivet.lt\",\"isPartOf\":{\"@id\":\"https:\\\/\\\/anivet.lt\\\/elparduotuve\\\/#website\"},\"datePublished\":\"2021-08-25T07:26:28+00:00\",\"dateModified\":\"2026-02-13T09:42:33+00:00\",\"description\":\"Gyv\u016bn\u0173 preki\u0173 parduotuv\u0117, kurioje rasite kokybi\u0161k\u0105 \u0161un\u0173 ir ka\u010di\u0173 maist\u0105, skan\u0117stus ir prie\u017ei\u016bros priemones.\",\"breadcrumb\":{\"@id\":\"https:\\\/\\\/anivet.lt\\\/elparduotuve\\\/apie-mus\\\/#breadcrumb\"},\"inLanguage\":\"lt-LT\",\"potentialAction\":[{\"@type\":\"ReadAction\",\"target\":[\"https:\\\/\\\/anivet.lt\\\/elparduotuve\\\/apie-mus\\\/\"]}]},{\"@type\":\"BreadcrumbList\",\"@id\":\"https:\\\/\\\/anivet.lt\\\/elparduotuve\\\/apie-mus\\\/#breadcrumb\",\"itemListElement\":[{\"@type\":\"ListItem\",\"position\":1,\"name\":\"Home\",\"item\":\"https:\\\/\\\/anivet.lt\\\/elparduotuve\\\/\"},{\"@type\":\"ListItem\",\"position\":2,\"name\":\"Apie mus\"}]},{\"@type\":\"WebSite\",\"@id\":\"https:\\\/\\\/anivet.lt\\\/elparduotuve\\\/#website\",\"url\":\"https:\\\/\\\/anivet.lt\\\/elparduotuve\\\/\",\"name\":\"anivet.lt\",\"description\":\"Viskas J\u016bs\u0173 \u0161uns, kat\u0117s prie\u017ei\u016brai\",\"publisher\":{\"@id\":\"https:\\\/\\\/anivet.lt\\\/elparduotuve\\\/#organization\"},\"alternateName\":\"Viskas J\u016bs\u0173 \u0161uns, kat\u0117s prie\u017ei\u016brai\",\"potentialAction\":[{\"@type\":\"SearchAction\",\"target\":{\"@type\":\"EntryPoint\",\"urlTemplate\":\"https:\\\/\\\/anivet.lt\\\/elparduotuve\\\/?s={search_term_string}\"},\"query-input\":{\"@type\":\"PropertyValueSpecification\",\"valueRequired\":true,\"valueName\":\"search_term_string\"}}],\"inLanguage\":\"lt-LT\"},{\"@type\":\"Organization\",\"@id\":\"https:\\\/\\\/anivet.lt\\\/elparduotuve\\\/#organization\",\"name\":\"Viskas J\u016bs\u0173 \u0161uns, kat\u0117s prie\u017ei\u016brai\",\"url\":\"https:\\\/\\\/anivet.lt\\\/elparduotuve\\\/\",\"logo\":{\"@type\":\"ImageObject\",\"inLanguage\":\"lt-LT\",\"@id\":\"https:\\\/\\\/anivet.lt\\\/elparduotuve\\\/#\\\/schema\\\/logo\\\/image\\\/\",\"url\":\"https:\\\/\\\/anivet.lt\\\/elparduotuve\\\/wp-content\\\/uploads\\\/2023\\\/06\\\/logo2.jpg\",\"contentUrl\":\"https:\\\/\\\/anivet.lt\\\/elparduotuve\\\/wp-content\\\/uploads\\\/2023\\\/06\\\/logo2.jpg\",\"width\":655,\"height\":194,\"caption\":\"Viskas J\u016bs\u0173 \u0161uns, kat\u0117s prie\u017ei\u016brai\"},\"image\":{\"@id\":\"https:\\\/\\\/anivet.lt\\\/elparduotuve\\\/#\\\/schema\\\/logo\\\/image\\\/\"}}]}<\/script>\n<!-- \/ Yoast SEO Premium plugin. -->","yoast_head_json":{"title":"Apie mus - anivet.lt","description":"Gyv\u016bn\u0173 preki\u0173 parduotuv\u0117, kurioje rasite kokybi\u0161k\u0105 \u0161un\u0173 ir ka\u010di\u0173 maist\u0105, skan\u0117stus ir prie\u017ei\u016bros priemones.","robots":{"index":"index","follow":"follow","max-snippet":"max-snippet:-1","max-image-preview":"max-image-preview:large","max-video-preview":"max-video-preview:-1"},"canonical":"https:\/\/anivet.lt\/elparduotuve\/apie-mus\/","og_locale":"lt_LT","og_type":"article","og_title":"Apie mus","og_description":"Gyv\u016bn\u0173 preki\u0173 parduotuv\u0117, kurioje rasite kokybi\u0161k\u0105 \u0161un\u0173 ir ka\u010di\u0173 maist\u0105, skan\u0117stus ir prie\u017ei\u016bros priemones.","og_url":"https:\/\/anivet.lt\/elparduotuve\/apie-mus\/","og_site_name":"anivet.lt","article_modified_time":"2026-02-13T09:42:33+00:00","og_image":[{"width":720,"height":480,"url":"https:\/\/anivet.lt\/elparduotuve\/wp-content\/uploads\/2023\/06\/zero-waste-homemade-dog-treats-trash-is-for-tossers-cropped-720x480-1.jpg","type":"image\/jpeg"}],"twitter_card":"summary_large_image","twitter_misc":{"Est. reading time":"2 minut\u0117s"},"schema":{"@context":"https:\/\/schema.org","@graph":[{"@type":"WebPage","@id":"https:\/\/anivet.lt\/elparduotuve\/apie-mus\/","url":"https:\/\/anivet.lt\/elparduotuve\/apie-mus\/","name":"Apie mus - anivet.lt","isPartOf":{"@id":"https:\/\/anivet.lt\/elparduotuve\/#website"},"datePublished":"2021-08-25T07:26:28+00:00","dateModified":"2026-02-13T09:42:33+00:00","description":"Gyv\u016bn\u0173 preki\u0173 parduotuv\u0117, kurioje rasite kokybi\u0161k\u0105 \u0161un\u0173 ir ka\u010di\u0173 maist\u0105, skan\u0117stus ir prie\u017ei\u016bros priemones.","breadcrumb":{"@id":"https:\/\/anivet.lt\/elparduotuve\/apie-mus\/#breadcrumb"},"inLanguage":"lt-LT","potentialAction":[{"@type":"ReadAction","target":["https:\/\/anivet.lt\/elparduotuve\/apie-mus\/"]}]},{"@type":"BreadcrumbList","@id":"https:\/\/anivet.lt\/elparduotuve\/apie-mus\/#breadcrumb","itemListElement":[{"@type":"ListItem","position":1,"name":"Home","item":"https:\/\/anivet.lt\/elparduotuve\/"},{"@type":"ListItem","position":2,"name":"Apie mus"}]},{"@type":"WebSite","@id":"https:\/\/anivet.lt\/elparduotuve\/#website","url":"https:\/\/anivet.lt\/elparduotuve\/","name":"anivet.lt","description":"Viskas J\u016bs\u0173 \u0161uns, kat\u0117s prie\u017ei\u016brai","publisher":{"@id":"https:\/\/anivet.lt\/elparduotuve\/#organization"},"alternateName":"Viskas J\u016bs\u0173 \u0161uns, kat\u0117s prie\u017ei\u016brai","potentialAction":[{"@type":"SearchAction","target":{"@type":"EntryPoint","urlTemplate":"https:\/\/anivet.lt\/elparduotuve\/?s={search_term_string}"},"query-input":{"@type":"PropertyValueSpecification","valueRequired":true,"valueName":"search_term_string"}}],"inLanguage":"lt-LT"},{"@type":"Organization","@id":"https:\/\/anivet.lt\/elparduotuve\/#organization","name":"Viskas J\u016bs\u0173 \u0161uns, kat\u0117s prie\u017ei\u016brai","url":"https:\/\/anivet.lt\/elparduotuve\/","logo":{"@type":"ImageObject","inLanguage":"lt-LT","@id":"https:\/\/anivet.lt\/elparduotuve\/#\/schema\/logo\/image\/","url":"https:\/\/anivet.lt\/elparduotuve\/wp-content\/uploads\/2023\/06\/logo2.jpg","contentUrl":"https:\/\/anivet.lt\/elparduotuve\/wp-content\/uploads\/2023\/06\/logo2.jpg","width":655,"height":194,"caption":"Viskas J\u016bs\u0173 \u0161uns, kat\u0117s prie\u017ei\u016brai"},"image":{"@id":"https:\/\/anivet.lt\/elparduotuve\/#\/schema\/logo\/image\/"}}]}},"_links":{"self":[{"href":"https:\/\/anivet.lt\/elparduotuve\/wp-json\/wp\/v2\/pages\/5212","targetHints":{"allow":["GET"]}}],"collection":[{"href":"https:\/\/anivet.lt\/elparduotuve\/wp-json\/wp\/v2\/pages"}],"about":[{"href":"https:\/\/anivet.lt\/elparduotuve\/wp-json\/wp\/v2\/types\/page"}],"author":[{"embeddable":true,"href":"https:\/\/anivet.lt\/elparduotuve\/wp-json\/wp\/v2\/users\/1"}],"replies":[{"embeddable":true,"href":"https:\/\/anivet.lt\/elparduotuve\/wp-json\/wp\/v2\/comments?post=5212"}],"version-history":[{"count":1,"href":"https:\/\/anivet.lt\/elparduotuve\/wp-json\/wp\/v2\/pages\/5212\/revisions"}],"predecessor-version":[{"id":20297,"href":"https:\/\/anivet.lt\/elparduotuve\/wp-json\/wp\/v2\/pages\/5212\/revisions\/20297"}],"wp:attachment":[{"href":"https:\/\/anivet.lt\/elparduotuve\/wp-json\/wp\/v2\/media?parent=5212"}],"curies":[{"name":"wp","href":"https:\/\/api.w.org\/{rel}","templated":true}]}}