{"id":9810,"date":"2023-06-20T12:05:02","date_gmt":"2023-06-20T12:05:02","guid":{"rendered":"https:\/\/anivet.lt\/elparduotuve\/?page_id=9810"},"modified":"2024-09-13T23:01:41","modified_gmt":"2024-09-13T23:01:41","slug":"garantija-ir-prekiu-grazinimas","status":"publish","type":"page","link":"https:\/\/anivet.lt\/elparduotuve\/garantija-ir-prekiu-grazinimas\/","title":{"rendered":"Garantija ir preki\u0173 gr\u0105\u017einimas"},"content":{"rendered":"<p class=\"p1\"><strong><span class=\"s1\">PREKI\u0172 GARANTIJOS<\/span><\/strong><\/p>\n<ul>\n<li class=\"p1\"><span class=\"s1\">MB AniVet (toliau &#8211; Pardav\u0117jas) u\u017etikrina, kad parduodamos prek\u0117s atitinka \u0161ioms prek\u0117ms keliamus \u012fprastus kokybinius reikalavimus. Kiekvienos parduotuv\u0117je parduodamos prek\u0117s bendros savyb\u0117s pateikiamos prie kiekvienos prek\u0117s esan\u010diame prek\u0117s apra\u0161yme.<\/span><\/li>\n<li class=\"p1\"><span class=\"s1\">Pardav\u0117jas neatsako u\u017e tai, jeigu parduotuv\u0117je esan\u010dios prek\u0117s savo spalva, forma ar kitais parametrais gali neatitikti reali\u0173 \u0161i\u0173 preki\u0173 savybi\u0173 d\u0117l Pirk\u0117jo (toliau &#8211; Kliento) naudojam\u0173 ry\u0161io priemoni\u0173 perteikiamo vaizdo ypatybi\u0173. Taip pat pa\u010di\u0173 pakuo\u010di\u0173 i\u0161vaizda gali skirtis nuo vaizduojam\u0173 svetain\u0117je.<\/span><\/li>\n<li class=\"p1\"><span class=\"s1\">Pardav\u0117jas n\u0117ra atsakingas u\u017e preki\u0173 kokyb\u0117s pablog\u0117jim\u0105, jei Klientas ar asmenys, kuriems Klientas perdav\u0117 prekes, jas naudojo ne tiems tikslams, kuriems tokios prek\u0117s yra paprastai naudojamos, nesilaik\u0117 instrukcijose nurodyt\u0173 reikalavim\u0173, pa\u017eeid\u0117 preki\u0173 transportavimo, laikymo, naudojimo ir \/ ar sand\u0117liavimo taisykles, taip pat, jeigu matomi preki\u0173 \u012fpakavimo ar kiti i\u0161oriniai defektai, ra\u0161tu neaptarti preki\u0173 perdavimo metu ar preki\u0173 kokyb\u0117s pablog\u0117jimas yra sukeltas Kliento ar kit\u0173 asmen\u0173, kuriems Klientas pardav\u0117 prekes, veiksm\u0173.<\/span><\/li>\n<\/ul>\n<p class=\"p1\"><strong><span class=\"s1\">PREKI\u0172 GR\u0104\u017dINIMAS IR KEITIMAS<\/span><\/strong><\/p>\n<ul>\n<li><u><\/u><span style=\"color: #333333;\">Klientas (Pirk\u0117jas) turi teis\u0119 nenurodydamas prie\u017easties atsisakyti internetu sudarytos pirkimo-pardavimo sutarties (gr\u0105\u017einti kokybi\u0161k\u0105 prek\u0119) per 14 dien\u0173 nuo prek\u0117s pristatymo dienos (CK 6.228 (10) str.), i\u0161skyrus \u0161io straipsnio 2 d. numatytas i\u0161imtis. Sumok\u0117ti pinigai, \u012fskaitant Kliento apmok\u0117tas prek\u0117s pristatymo i\u0161laidas, pirk\u0117jui gr\u0105\u017einami per 14 dien\u0173 nuo Kliento prane\u0161imo apie pirkimo-pardavimo sutarties atsisakym\u0105, ta\u010diau Pardav\u0117jas turi teis\u0119 negr\u0105\u017einti pinig\u0173, kol negaus prek\u0117s arba jam bus pateiktas \u012frodymas, kad prek\u0117 i\u0161si\u0173sta.<\/span><\/li>\n<li>D\u0117l prek\u0117s keitimo ar gr\u0105\u017einimo pra\u0161ome kreiptis darbo dienomis nuo 10:00 iki 17:00 val. telefonu +(370) 671 55300 arba el. pa\u0161tu info@anivet.lt<\/li>\n<li>Pra\u0161ome ra\u0161tu nurodyti pageidaujam\u0105 gr\u0105\u017einti prek\u0119, u\u017esakymo ar pardavimo s\u0105skaitos numer\u012f.<\/li>\n<li>Prek\u0117s keitimo atveju nurodykite pageidautin\u0105 prek\u0119.<\/li>\n<li>Kai prek\u0117 gr\u0105\u017einama ar kei\u010diama ne d\u0117l Pardav\u0117jo kalt\u0117s, gr\u0105\u017einimo i\u0161laidos tenka Klientui.<\/li>\n<li>Kai prek\u0117 gr\u0105\u017einama d\u0117l netinkamos kokyb\u0117s arba Klientui gavus ne t\u0105 prek\u0119, kuri buvo u\u017esakyta, Pardav\u0117jas savo l\u0117\u0161omis<strong>\u00a0<\/strong>pakeis netinkamos kokyb\u0117s prek\u0119 tinkamos kokyb\u0117s preke ar ta preke, kuri Kliento buvo u\u017esakyta.<\/li>\n<li>Klientui ra\u0161tu atsisakius prek\u0117s keitimo paslaugos, Pardav\u0117jas Klientui gr\u0105\u017eina u\u017e prek\u0119 sumok\u0117tus pinigus per 14 dien\u0173 nuo <span style=\"color: #333333;\">Kliento prane\u0161imo apie <\/span>keitimo paslaugos atsisakym\u0105. Pinigai gr\u0105\u017einami \u012f banko s\u0105skait\u0105, i\u0161 kurios buvo priimtas Kliento u\u017esakymo apmok\u0117jimas.<\/li>\n<li><span class=\"s1\">Prek\u0117 nekei\u010diama, neatlygintinai tr\u016bkumai ne\u0161alinami ir pinigai negr\u0105\u017einami, jei prek\u0117s tr\u016bkumai atsirado d\u0117l to, kad Klientas pa\u017eeid\u0117 prek\u0117s naudojimo ar saugojimo taisykles.<\/span><\/li>\n<\/ul>\n<p><strong>Gr\u0105\u017einti prek\u0119 arba pakeisti kita galima, jei:<\/strong><\/p>\n<ul>\n<li>Prek\u0117 buvo nenaudota ir n\u0117ra praradusi prekin\u0117s i\u0161vaizdos.<\/li>\n<li>Prek\u0117 nebuvo atidaryta.<\/li>\n<li>Klientui pristatyta ne ta prek\u0117, kuri buvo u\u017esakyta.<\/li>\n<li>Maisto prek\u0117s pakuot\u0117 transportavimo metu buvo pa\u017eeista ar praradusi prekin\u0119 i\u0161vaizd\u0105.<\/li>\n<li>Prek\u0117 nekokybi\u0161ka.<\/li>\n<\/ul>\n<p><strong>Gr\u0105\u017einama ar kei\u010diama prek\u0117 privalo b\u016bti:<\/strong><\/p>\n<ul>\n<li>Nenaudota, nesugadinta ir nepraradusi prekin\u0117s i\u0161vaizdos.<\/li>\n<li>\u0160vari, originalioje ir tvarkingoje pakuot\u0117je, su nepa\u017eeista apsaugine pl\u0117vele bei etikete.<\/li>\n<li>Saugiai supakuota (pageidautina Pardav\u0117jo pristatytoje pakuot\u0117je).<\/li>\n<li>Pristatyta Pardav\u0117jo nurodytu adresu.<\/li>\n<\/ul>\n<p class=\"p1\">\n","protected":false},"excerpt":{"rendered":"<p>PREKI\u0172 GARANTIJOS MB AniVet (toliau &#8211; Pardav\u0117jas) u\u017etikrina, kad parduodamos prek\u0117s atitinka \u0161ioms prek\u0117ms keliamus \u012fprastus kokybinius reikalavimus. Kiekvienos parduotuv\u0117je<\/p>\n","protected":false},"author":1,"featured_media":0,"parent":0,"menu_order":0,"comment_status":"closed","ping_status":"closed","template":"","meta":{"footnotes":""},"class_list":["post-9810","page","type-page","status-publish","hentry"],"yoast_head":"<!-- This site is optimized with the Yoast SEO Premium plugin v27.1 (Yoast SEO v27.5) - https:\/\/yoast.com\/product\/yoast-seo-premium-wordpress\/ -->\n<title>Garantija ir preki\u0173 gr\u0105\u017einimas - anivet.lt<\/title>\n<meta name=\"description\" content=\"PREKI\u0172 GARANTIJOS MB AniVet (toliau - Pardav\u0117jas) u\u017etikrina, kad parduodamos prek\u0117s atitinka \u0161ioms prek\u0117ms keliamus \u012fprastus kokybinius reikalavimus.\" \/>\n<meta name=\"robots\" content=\"index, follow, max-snippet:-1, max-image-preview:large, max-video-preview:-1\" \/>\n<link rel=\"canonical\" href=\"https:\/\/anivet.lt\/elparduotuve\/garantija-ir-prekiu-grazinimas\/\" \/>\n<meta property=\"og:locale\" content=\"lt_LT\" \/>\n<meta property=\"og:type\" content=\"article\" \/>\n<meta property=\"og:title\" content=\"Garantija ir preki\u0173 gr\u0105\u017einimas\" \/>\n<meta property=\"og:description\" content=\"PREKI\u0172 GARANTIJOS MB AniVet (toliau - Pardav\u0117jas) u\u017etikrina, kad parduodamos prek\u0117s atitinka \u0161ioms prek\u0117ms keliamus \u012fprastus kokybinius reikalavimus.\" \/>\n<meta property=\"og:url\" content=\"https:\/\/anivet.lt\/elparduotuve\/garantija-ir-prekiu-grazinimas\/\" \/>\n<meta property=\"og:site_name\" content=\"anivet.lt\" \/>\n<meta property=\"article:modified_time\" content=\"2024-09-13T23:01:41+00:00\" \/>\n<meta property=\"og:image\" content=\"https:\/\/anivet.lt\/elparduotuve\/wp-content\/uploads\/2023\/06\/zero-waste-homemade-dog-treats-trash-is-for-tossers-cropped-720x480-1.jpg\" \/>\n\t<meta property=\"og:image:width\" content=\"720\" \/>\n\t<meta property=\"og:image:height\" content=\"480\" \/>\n\t<meta property=\"og:image:type\" content=\"image\/jpeg\" \/>\n<meta name=\"twitter:card\" content=\"summary_large_image\" \/>\n<meta name=\"twitter:label1\" content=\"Est. reading time\" \/>\n\t<meta name=\"twitter:data1\" content=\"3 minut\u0117s\" \/>\n<script type=\"application\/ld+json\" class=\"yoast-schema-graph\">{\"@context\":\"https:\\\/\\\/schema.org\",\"@graph\":[{\"@type\":\"WebPage\",\"@id\":\"https:\\\/\\\/anivet.lt\\\/elparduotuve\\\/garantija-ir-prekiu-grazinimas\\\/\",\"url\":\"https:\\\/\\\/anivet.lt\\\/elparduotuve\\\/garantija-ir-prekiu-grazinimas\\\/\",\"name\":\"Garantija ir preki\u0173 gr\u0105\u017einimas - anivet.lt\",\"isPartOf\":{\"@id\":\"https:\\\/\\\/anivet.lt\\\/elparduotuve\\\/#website\"},\"datePublished\":\"2023-06-20T12:05:02+00:00\",\"dateModified\":\"2024-09-13T23:01:41+00:00\",\"description\":\"PREKI\u0172 GARANTIJOS MB AniVet (toliau - Pardav\u0117jas) u\u017etikrina, kad parduodamos prek\u0117s atitinka \u0161ioms prek\u0117ms keliamus \u012fprastus kokybinius reikalavimus.\",\"breadcrumb\":{\"@id\":\"https:\\\/\\\/anivet.lt\\\/elparduotuve\\\/garantija-ir-prekiu-grazinimas\\\/#breadcrumb\"},\"inLanguage\":\"lt-LT\",\"potentialAction\":[{\"@type\":\"ReadAction\",\"target\":[\"https:\\\/\\\/anivet.lt\\\/elparduotuve\\\/garantija-ir-prekiu-grazinimas\\\/\"]}]},{\"@type\":\"BreadcrumbList\",\"@id\":\"https:\\\/\\\/anivet.lt\\\/elparduotuve\\\/garantija-ir-prekiu-grazinimas\\\/#breadcrumb\",\"itemListElement\":[{\"@type\":\"ListItem\",\"position\":1,\"name\":\"Home\",\"item\":\"https:\\\/\\\/anivet.lt\\\/elparduotuve\\\/\"},{\"@type\":\"ListItem\",\"position\":2,\"name\":\"Garantija ir preki\u0173 gr\u0105\u017einimas\"}]},{\"@type\":\"WebSite\",\"@id\":\"https:\\\/\\\/anivet.lt\\\/elparduotuve\\\/#website\",\"url\":\"https:\\\/\\\/anivet.lt\\\/elparduotuve\\\/\",\"name\":\"anivet.lt\",\"description\":\"Viskas J\u016bs\u0173 \u0161uns, kat\u0117s prie\u017ei\u016brai\",\"publisher\":{\"@id\":\"https:\\\/\\\/anivet.lt\\\/elparduotuve\\\/#organization\"},\"alternateName\":\"Viskas J\u016bs\u0173 \u0161uns, kat\u0117s prie\u017ei\u016brai\",\"potentialAction\":[{\"@type\":\"SearchAction\",\"target\":{\"@type\":\"EntryPoint\",\"urlTemplate\":\"https:\\\/\\\/anivet.lt\\\/elparduotuve\\\/?s={search_term_string}\"},\"query-input\":{\"@type\":\"PropertyValueSpecification\",\"valueRequired\":true,\"valueName\":\"search_term_string\"}}],\"inLanguage\":\"lt-LT\"},{\"@type\":\"Organization\",\"@id\":\"https:\\\/\\\/anivet.lt\\\/elparduotuve\\\/#organization\",\"name\":\"Viskas J\u016bs\u0173 \u0161uns, kat\u0117s prie\u017ei\u016brai\",\"url\":\"https:\\\/\\\/anivet.lt\\\/elparduotuve\\\/\",\"logo\":{\"@type\":\"ImageObject\",\"inLanguage\":\"lt-LT\",\"@id\":\"https:\\\/\\\/anivet.lt\\\/elparduotuve\\\/#\\\/schema\\\/logo\\\/image\\\/\",\"url\":\"https:\\\/\\\/anivet.lt\\\/elparduotuve\\\/wp-content\\\/uploads\\\/2023\\\/06\\\/logo2.jpg\",\"contentUrl\":\"https:\\\/\\\/anivet.lt\\\/elparduotuve\\\/wp-content\\\/uploads\\\/2023\\\/06\\\/logo2.jpg\",\"width\":655,\"height\":194,\"caption\":\"Viskas J\u016bs\u0173 \u0161uns, kat\u0117s prie\u017ei\u016brai\"},\"image\":{\"@id\":\"https:\\\/\\\/anivet.lt\\\/elparduotuve\\\/#\\\/schema\\\/logo\\\/image\\\/\"}}]}<\/script>\n<!-- \/ Yoast SEO Premium plugin. -->","yoast_head_json":{"title":"Garantija ir preki\u0173 gr\u0105\u017einimas - anivet.lt","description":"PREKI\u0172 GARANTIJOS MB AniVet (toliau - Pardav\u0117jas) u\u017etikrina, kad parduodamos prek\u0117s atitinka \u0161ioms prek\u0117ms keliamus \u012fprastus kokybinius reikalavimus.","robots":{"index":"index","follow":"follow","max-snippet":"max-snippet:-1","max-image-preview":"max-image-preview:large","max-video-preview":"max-video-preview:-1"},"canonical":"https:\/\/anivet.lt\/elparduotuve\/garantija-ir-prekiu-grazinimas\/","og_locale":"lt_LT","og_type":"article","og_title":"Garantija ir preki\u0173 gr\u0105\u017einimas","og_description":"PREKI\u0172 GARANTIJOS MB AniVet (toliau - Pardav\u0117jas) u\u017etikrina, kad parduodamos prek\u0117s atitinka \u0161ioms prek\u0117ms keliamus \u012fprastus kokybinius reikalavimus.","og_url":"https:\/\/anivet.lt\/elparduotuve\/garantija-ir-prekiu-grazinimas\/","og_site_name":"anivet.lt","article_modified_time":"2024-09-13T23:01:41+00:00","og_image":[{"width":720,"height":480,"url":"https:\/\/anivet.lt\/elparduotuve\/wp-content\/uploads\/2023\/06\/zero-waste-homemade-dog-treats-trash-is-for-tossers-cropped-720x480-1.jpg","type":"image\/jpeg"}],"twitter_card":"summary_large_image","twitter_misc":{"Est. reading time":"3 minut\u0117s"},"schema":{"@context":"https:\/\/schema.org","@graph":[{"@type":"WebPage","@id":"https:\/\/anivet.lt\/elparduotuve\/garantija-ir-prekiu-grazinimas\/","url":"https:\/\/anivet.lt\/elparduotuve\/garantija-ir-prekiu-grazinimas\/","name":"Garantija ir preki\u0173 gr\u0105\u017einimas - anivet.lt","isPartOf":{"@id":"https:\/\/anivet.lt\/elparduotuve\/#website"},"datePublished":"2023-06-20T12:05:02+00:00","dateModified":"2024-09-13T23:01:41+00:00","description":"PREKI\u0172 GARANTIJOS MB AniVet (toliau - Pardav\u0117jas) u\u017etikrina, kad parduodamos prek\u0117s atitinka \u0161ioms prek\u0117ms keliamus \u012fprastus kokybinius reikalavimus.","breadcrumb":{"@id":"https:\/\/anivet.lt\/elparduotuve\/garantija-ir-prekiu-grazinimas\/#breadcrumb"},"inLanguage":"lt-LT","potentialAction":[{"@type":"ReadAction","target":["https:\/\/anivet.lt\/elparduotuve\/garantija-ir-prekiu-grazinimas\/"]}]},{"@type":"BreadcrumbList","@id":"https:\/\/anivet.lt\/elparduotuve\/garantija-ir-prekiu-grazinimas\/#breadcrumb","itemListElement":[{"@type":"ListItem","position":1,"name":"Home","item":"https:\/\/anivet.lt\/elparduotuve\/"},{"@type":"ListItem","position":2,"name":"Garantija ir preki\u0173 gr\u0105\u017einimas"}]},{"@type":"WebSite","@id":"https:\/\/anivet.lt\/elparduotuve\/#website","url":"https:\/\/anivet.lt\/elparduotuve\/","name":"anivet.lt","description":"Viskas J\u016bs\u0173 \u0161uns, kat\u0117s prie\u017ei\u016brai","publisher":{"@id":"https:\/\/anivet.lt\/elparduotuve\/#organization"},"alternateName":"Viskas J\u016bs\u0173 \u0161uns, kat\u0117s prie\u017ei\u016brai","potentialAction":[{"@type":"SearchAction","target":{"@type":"EntryPoint","urlTemplate":"https:\/\/anivet.lt\/elparduotuve\/?s={search_term_string}"},"query-input":{"@type":"PropertyValueSpecification","valueRequired":true,"valueName":"search_term_string"}}],"inLanguage":"lt-LT"},{"@type":"Organization","@id":"https:\/\/anivet.lt\/elparduotuve\/#organization","name":"Viskas J\u016bs\u0173 \u0161uns, kat\u0117s prie\u017ei\u016brai","url":"https:\/\/anivet.lt\/elparduotuve\/","logo":{"@type":"ImageObject","inLanguage":"lt-LT","@id":"https:\/\/anivet.lt\/elparduotuve\/#\/schema\/logo\/image\/","url":"https:\/\/anivet.lt\/elparduotuve\/wp-content\/uploads\/2023\/06\/logo2.jpg","contentUrl":"https:\/\/anivet.lt\/elparduotuve\/wp-content\/uploads\/2023\/06\/logo2.jpg","width":655,"height":194,"caption":"Viskas J\u016bs\u0173 \u0161uns, kat\u0117s prie\u017ei\u016brai"},"image":{"@id":"https:\/\/anivet.lt\/elparduotuve\/#\/schema\/logo\/image\/"}}]}},"_links":{"self":[{"href":"https:\/\/anivet.lt\/elparduotuve\/wp-json\/wp\/v2\/pages\/9810","targetHints":{"allow":["GET"]}}],"collection":[{"href":"https:\/\/anivet.lt\/elparduotuve\/wp-json\/wp\/v2\/pages"}],"about":[{"href":"https:\/\/anivet.lt\/elparduotuve\/wp-json\/wp\/v2\/types\/page"}],"author":[{"embeddable":true,"href":"https:\/\/anivet.lt\/elparduotuve\/wp-json\/wp\/v2\/users\/1"}],"replies":[{"embeddable":true,"href":"https:\/\/anivet.lt\/elparduotuve\/wp-json\/wp\/v2\/comments?post=9810"}],"version-history":[{"count":0,"href":"https:\/\/anivet.lt\/elparduotuve\/wp-json\/wp\/v2\/pages\/9810\/revisions"}],"wp:attachment":[{"href":"https:\/\/anivet.lt\/elparduotuve\/wp-json\/wp\/v2\/media?parent=9810"}],"curies":[{"name":"wp","href":"https:\/\/api.w.org\/{rel}","templated":true}]}}