{"id":10276,"date":"2023-07-18T09:56:19","date_gmt":"2023-07-18T09:56:19","guid":{"rendered":"https:\/\/anivet.lt\/elparduotuve\/?post_type=product&#038;p=10276"},"modified":"2026-02-23T11:21:44","modified_gmt":"2026-02-23T11:21:44","slug":"mini-light-3-kg","status":"publish","type":"product","link":"https:\/\/anivet.lt\/elparduotuve\/produktas\/mini-light-3-kg\/","title":{"rendered":"Advance Mini Light"},"content":{"rendered":"<ul>\n<li style=\"font-weight: 400;\" aria-level=\"1\"><span style=\"font-weight: 400;\">Pritaikytas ma\u017e\u0173 \u0161un\u0173 poreikiams: Ma\u017eos granul\u0117s puikiai tinka ma\u017e\u0173 veisli\u0173 \u0161un\u0173 \u017eandikauliams.<\/span><\/li>\n<li style=\"font-weight: 400;\" aria-level=\"1\"><span style=\"font-weight: 400;\">Suma\u017eintas riebal\u0173 kiekis: Padeda kontroliuoti svor\u012f, i\u0161laikant energijos balans\u0105.<\/span><\/li>\n<li style=\"font-weight: 400;\" aria-level=\"1\"><span style=\"font-weight: 400;\">Daug l\u0105stelienos: Skatina sotumo jausm\u0105 ir gerina vir\u0161kinimo procesus.<\/span><\/li>\n<li style=\"font-weight: 400;\" aria-level=\"1\"><span style=\"font-weight: 400;\">Maistingas vi\u0161tienos ir ry\u017ei\u0173 receptas: Vi\u0161tiena (15%) ir ry\u017eiai (10%) u\u017etikrina lengvai vir\u0161kinamus baltymus ir angliavandenius.<\/span><\/li>\n<li style=\"font-weight: 400;\" aria-level=\"1\"><span style=\"font-weight: 400;\">Papildyta L-karnitinu ir vitaminais: L-karnitinas padeda deginti riebalus, o vitaminai ir mineralai stiprina imunin\u0119 sistem\u0105 bei palaiko bendr\u0105 sveikat\u0105.<\/span><\/li>\n<\/ul>\n<p><span style=\"font-weight: 400;\">\u201eAdvance Mini Light\u201c \u2013 tai subalansuotas ir efektyvus sprendimas j\u016bs\u0173 augintinio sveiko svorio palaikymui, u\u017etikrinantis ger\u0105 savijaut\u0105, energij\u0105 ir kokybi\u0161k\u0105 mityb\u0105. Puikus pasirinkimas ma\u017e\u0173 veisli\u0173 \u0161unims su polinkiu \u012f antsvor\u012f.<\/span><\/p>\n","protected":false},"excerpt":{"rendered":"<p><span style=\"font-weight: 400;\">Visavertis ir subalansuotas auk\u0161\u010diausios klas\u0117s pa\u0161aras, specialiai sukurtas ma\u017e\u0173 veisli\u0173 suaugusiems \u0161unims, turintiems antsvorio ar linkusiems \u012f nutukim\u0105. Suma\u017eintas riebal\u0173 kiekis ir padidintas l\u0105stelienos kiekis padeda reguliuoti svor\u012f, kartu u\u017etikrinant sotumo jausm\u0105 ir sveik\u0105 gyvenimo b\u016bd\u0105.<\/span><\/p>\n","protected":false},"featured_media":13918,"template":"","meta":[],"product_brand":[],"product_cat":[101,103,104,316],"product_tag":[],"class_list":{"0":"post-10276","1":"product","2":"type-product","3":"status-publish","4":"has-post-thumbnail","6":"product_cat-sunims","7":"product_cat-sunu-maistas","8":"product_cat-sausas-maistas","9":"product_cat-advance-sunu-maistas","10":"pa_prekinis-zenklas-advance","12":"first","13":"instock","14":"taxable","15":"shipping-taxable","16":"purchasable","17":"product-type-simple"},"yoast_head":"<!-- This site is optimized with the Yoast SEO Premium plugin v27.1 (Yoast SEO v27.4) - https:\/\/yoast.com\/product\/yoast-seo-premium-wordpress\/ -->\n<title>Advance Mini Light - anivet.lt<\/title>\n<meta name=\"description\" content=\"Visavertis ir subalansuotas auk\u0161\u010diausios klas\u0117s pa\u0161aras, specialiai sukurtas ma\u017e\u0173 veisli\u0173 suaugusiems \u0161unims, turintiems antsvorio ar linkusiems \u012f nutukim\u0105. Suma\u017eintas riebal\u0173 kiekis ir padidintas l\u0105stelienos kiekis padeda reguliuoti svor\u012f, kartu u\u017etikrinant sotumo jausm\u0105 ir sveik\u0105 gyvenimo b\u016bd\u0105.\" \/>\n<meta name=\"robots\" content=\"index, follow, max-snippet:-1, max-image-preview:large, max-video-preview:-1\" \/>\n<link rel=\"canonical\" href=\"https:\/\/anivet.lt\/elparduotuve\/produktas\/mini-light-3-kg\/\" \/>\n<meta property=\"og:locale\" content=\"lt_LT\" \/>\n<meta property=\"og:type\" content=\"article\" \/>\n<meta property=\"og:title\" content=\"Advance Mini Light\" \/>\n<meta property=\"og:description\" content=\"Visavertis ir subalansuotas auk\u0161\u010diausios klas\u0117s pa\u0161aras, specialiai sukurtas ma\u017e\u0173 veisli\u0173 suaugusiems \u0161unims, turintiems antsvorio ar linkusiems \u012f nutukim\u0105. Suma\u017eintas riebal\u0173 kiekis ir padidintas l\u0105stelienos kiekis padeda reguliuoti svor\u012f, kartu u\u017etikrinant sotumo jausm\u0105 ir sveik\u0105 gyvenimo b\u016bd\u0105.\" \/>\n<meta property=\"og:url\" content=\"https:\/\/anivet.lt\/elparduotuve\/produktas\/mini-light-3-kg\/\" \/>\n<meta property=\"og:site_name\" content=\"anivet.lt\" \/>\n<meta property=\"article:modified_time\" content=\"2026-02-23T11:21:44+00:00\" \/>\n<meta property=\"og:image\" content=\"https:\/\/anivet.lt\/elparduotuve\/wp-content\/uploads\/2023\/07\/Advance-Mini-Light.png\" \/>\n\t<meta property=\"og:image:width\" content=\"650\" \/>\n\t<meta property=\"og:image:height\" content=\"650\" \/>\n\t<meta property=\"og:image:type\" content=\"image\/png\" \/>\n<meta name=\"twitter:card\" content=\"summary_large_image\" \/>\n<meta name=\"twitter:label1\" content=\"Est. reading time\" \/>\n\t<meta name=\"twitter:data1\" content=\"1 minut\u0117\" \/>\n<script type=\"application\/ld+json\" class=\"yoast-schema-graph\">{\"@context\":\"https:\\\/\\\/schema.org\",\"@graph\":[{\"@type\":\"WebPage\",\"@id\":\"https:\\\/\\\/anivet.lt\\\/elparduotuve\\\/produktas\\\/mini-light-3-kg\\\/\",\"url\":\"https:\\\/\\\/anivet.lt\\\/elparduotuve\\\/produktas\\\/mini-light-3-kg\\\/\",\"name\":\"Advance Mini Light - anivet.lt\",\"isPartOf\":{\"@id\":\"https:\\\/\\\/anivet.lt\\\/elparduotuve\\\/#website\"},\"primaryImageOfPage\":{\"@id\":\"https:\\\/\\\/anivet.lt\\\/elparduotuve\\\/produktas\\\/mini-light-3-kg\\\/#primaryimage\"},\"image\":{\"@id\":\"https:\\\/\\\/anivet.lt\\\/elparduotuve\\\/produktas\\\/mini-light-3-kg\\\/#primaryimage\"},\"thumbnailUrl\":\"https:\\\/\\\/anivet.lt\\\/elparduotuve\\\/wp-content\\\/uploads\\\/2023\\\/07\\\/Advance-Mini-Light.png\",\"datePublished\":\"2023-07-18T09:56:19+00:00\",\"dateModified\":\"2026-02-23T11:21:44+00:00\",\"description\":\"Visavertis ir subalansuotas auk\u0161\u010diausios klas\u0117s pa\u0161aras, specialiai sukurtas ma\u017e\u0173 veisli\u0173 suaugusiems \u0161unims, turintiems antsvorio ar linkusiems \u012f nutukim\u0105. Suma\u017eintas riebal\u0173 kiekis ir padidintas l\u0105stelienos kiekis padeda reguliuoti svor\u012f, kartu u\u017etikrinant sotumo jausm\u0105 ir sveik\u0105 gyvenimo b\u016bd\u0105.\",\"breadcrumb\":{\"@id\":\"https:\\\/\\\/anivet.lt\\\/elparduotuve\\\/produktas\\\/mini-light-3-kg\\\/#breadcrumb\"},\"inLanguage\":\"lt-LT\",\"potentialAction\":[{\"@type\":\"ReadAction\",\"target\":[\"https:\\\/\\\/anivet.lt\\\/elparduotuve\\\/produktas\\\/mini-light-3-kg\\\/\"]}]},{\"@type\":\"ImageObject\",\"inLanguage\":\"lt-LT\",\"@id\":\"https:\\\/\\\/anivet.lt\\\/elparduotuve\\\/produktas\\\/mini-light-3-kg\\\/#primaryimage\",\"url\":\"https:\\\/\\\/anivet.lt\\\/elparduotuve\\\/wp-content\\\/uploads\\\/2023\\\/07\\\/Advance-Mini-Light.png\",\"contentUrl\":\"https:\\\/\\\/anivet.lt\\\/elparduotuve\\\/wp-content\\\/uploads\\\/2023\\\/07\\\/Advance-Mini-Light.png\",\"width\":650,\"height\":650,\"caption\":\"Advance Mini Light\"},{\"@type\":\"BreadcrumbList\",\"@id\":\"https:\\\/\\\/anivet.lt\\\/elparduotuve\\\/produktas\\\/mini-light-3-kg\\\/#breadcrumb\",\"itemListElement\":[{\"@type\":\"ListItem\",\"position\":1,\"name\":\"Home\",\"item\":\"https:\\\/\\\/anivet.lt\\\/elparduotuve\\\/\"},{\"@type\":\"ListItem\",\"position\":2,\"name\":\"Produktai\",\"item\":\"https:\\\/\\\/anivet.lt\\\/elparduotuve\\\/produktai\\\/\"},{\"@type\":\"ListItem\",\"position\":3,\"name\":\"Advance Mini Light\"}]},{\"@type\":\"WebSite\",\"@id\":\"https:\\\/\\\/anivet.lt\\\/elparduotuve\\\/#website\",\"url\":\"https:\\\/\\\/anivet.lt\\\/elparduotuve\\\/\",\"name\":\"anivet.lt\",\"description\":\"Viskas J\u016bs\u0173 \u0161uns, kat\u0117s prie\u017ei\u016brai\",\"publisher\":{\"@id\":\"https:\\\/\\\/anivet.lt\\\/elparduotuve\\\/#organization\"},\"alternateName\":\"Viskas J\u016bs\u0173 \u0161uns, kat\u0117s prie\u017ei\u016brai\",\"potentialAction\":[{\"@type\":\"SearchAction\",\"target\":{\"@type\":\"EntryPoint\",\"urlTemplate\":\"https:\\\/\\\/anivet.lt\\\/elparduotuve\\\/?s={search_term_string}\"},\"query-input\":{\"@type\":\"PropertyValueSpecification\",\"valueRequired\":true,\"valueName\":\"search_term_string\"}}],\"inLanguage\":\"lt-LT\"},{\"@type\":\"Organization\",\"@id\":\"https:\\\/\\\/anivet.lt\\\/elparduotuve\\\/#organization\",\"name\":\"Viskas J\u016bs\u0173 \u0161uns, kat\u0117s prie\u017ei\u016brai\",\"url\":\"https:\\\/\\\/anivet.lt\\\/elparduotuve\\\/\",\"logo\":{\"@type\":\"ImageObject\",\"inLanguage\":\"lt-LT\",\"@id\":\"https:\\\/\\\/anivet.lt\\\/elparduotuve\\\/#\\\/schema\\\/logo\\\/image\\\/\",\"url\":\"https:\\\/\\\/anivet.lt\\\/elparduotuve\\\/wp-content\\\/uploads\\\/2023\\\/06\\\/logo2.jpg\",\"contentUrl\":\"https:\\\/\\\/anivet.lt\\\/elparduotuve\\\/wp-content\\\/uploads\\\/2023\\\/06\\\/logo2.jpg\",\"width\":655,\"height\":194,\"caption\":\"Viskas J\u016bs\u0173 \u0161uns, kat\u0117s prie\u017ei\u016brai\"},\"image\":{\"@id\":\"https:\\\/\\\/anivet.lt\\\/elparduotuve\\\/#\\\/schema\\\/logo\\\/image\\\/\"}}]}<\/script>\n<!-- \/ Yoast SEO Premium plugin. -->","yoast_head_json":{"title":"Advance Mini Light - anivet.lt","description":"Visavertis ir subalansuotas auk\u0161\u010diausios klas\u0117s pa\u0161aras, specialiai sukurtas ma\u017e\u0173 veisli\u0173 suaugusiems \u0161unims, turintiems antsvorio ar linkusiems \u012f nutukim\u0105. Suma\u017eintas riebal\u0173 kiekis ir padidintas l\u0105stelienos kiekis padeda reguliuoti svor\u012f, kartu u\u017etikrinant sotumo jausm\u0105 ir sveik\u0105 gyvenimo b\u016bd\u0105.","robots":{"index":"index","follow":"follow","max-snippet":"max-snippet:-1","max-image-preview":"max-image-preview:large","max-video-preview":"max-video-preview:-1"},"canonical":"https:\/\/anivet.lt\/elparduotuve\/produktas\/mini-light-3-kg\/","og_locale":"lt_LT","og_type":"article","og_title":"Advance Mini Light","og_description":"Visavertis ir subalansuotas auk\u0161\u010diausios klas\u0117s pa\u0161aras, specialiai sukurtas ma\u017e\u0173 veisli\u0173 suaugusiems \u0161unims, turintiems antsvorio ar linkusiems \u012f nutukim\u0105. Suma\u017eintas riebal\u0173 kiekis ir padidintas l\u0105stelienos kiekis padeda reguliuoti svor\u012f, kartu u\u017etikrinant sotumo jausm\u0105 ir sveik\u0105 gyvenimo b\u016bd\u0105.","og_url":"https:\/\/anivet.lt\/elparduotuve\/produktas\/mini-light-3-kg\/","og_site_name":"anivet.lt","article_modified_time":"2026-02-23T11:21:44+00:00","og_image":[{"width":650,"height":650,"url":"https:\/\/anivet.lt\/elparduotuve\/wp-content\/uploads\/2023\/07\/Advance-Mini-Light.png","type":"image\/png"}],"twitter_card":"summary_large_image","twitter_misc":{"Est. reading time":"1 minut\u0117"},"schema":{"@context":"https:\/\/schema.org","@graph":[{"@type":"WebPage","@id":"https:\/\/anivet.lt\/elparduotuve\/produktas\/mini-light-3-kg\/","url":"https:\/\/anivet.lt\/elparduotuve\/produktas\/mini-light-3-kg\/","name":"Advance Mini Light - anivet.lt","isPartOf":{"@id":"https:\/\/anivet.lt\/elparduotuve\/#website"},"primaryImageOfPage":{"@id":"https:\/\/anivet.lt\/elparduotuve\/produktas\/mini-light-3-kg\/#primaryimage"},"image":{"@id":"https:\/\/anivet.lt\/elparduotuve\/produktas\/mini-light-3-kg\/#primaryimage"},"thumbnailUrl":"https:\/\/anivet.lt\/elparduotuve\/wp-content\/uploads\/2023\/07\/Advance-Mini-Light.png","datePublished":"2023-07-18T09:56:19+00:00","dateModified":"2026-02-23T11:21:44+00:00","description":"Visavertis ir subalansuotas auk\u0161\u010diausios klas\u0117s pa\u0161aras, specialiai sukurtas ma\u017e\u0173 veisli\u0173 suaugusiems \u0161unims, turintiems antsvorio ar linkusiems \u012f nutukim\u0105. Suma\u017eintas riebal\u0173 kiekis ir padidintas l\u0105stelienos kiekis padeda reguliuoti svor\u012f, kartu u\u017etikrinant sotumo jausm\u0105 ir sveik\u0105 gyvenimo b\u016bd\u0105.","breadcrumb":{"@id":"https:\/\/anivet.lt\/elparduotuve\/produktas\/mini-light-3-kg\/#breadcrumb"},"inLanguage":"lt-LT","potentialAction":[{"@type":"ReadAction","target":["https:\/\/anivet.lt\/elparduotuve\/produktas\/mini-light-3-kg\/"]}]},{"@type":"ImageObject","inLanguage":"lt-LT","@id":"https:\/\/anivet.lt\/elparduotuve\/produktas\/mini-light-3-kg\/#primaryimage","url":"https:\/\/anivet.lt\/elparduotuve\/wp-content\/uploads\/2023\/07\/Advance-Mini-Light.png","contentUrl":"https:\/\/anivet.lt\/elparduotuve\/wp-content\/uploads\/2023\/07\/Advance-Mini-Light.png","width":650,"height":650,"caption":"Advance Mini Light"},{"@type":"BreadcrumbList","@id":"https:\/\/anivet.lt\/elparduotuve\/produktas\/mini-light-3-kg\/#breadcrumb","itemListElement":[{"@type":"ListItem","position":1,"name":"Home","item":"https:\/\/anivet.lt\/elparduotuve\/"},{"@type":"ListItem","position":2,"name":"Produktai","item":"https:\/\/anivet.lt\/elparduotuve\/produktai\/"},{"@type":"ListItem","position":3,"name":"Advance Mini Light"}]},{"@type":"WebSite","@id":"https:\/\/anivet.lt\/elparduotuve\/#website","url":"https:\/\/anivet.lt\/elparduotuve\/","name":"anivet.lt","description":"Viskas J\u016bs\u0173 \u0161uns, kat\u0117s prie\u017ei\u016brai","publisher":{"@id":"https:\/\/anivet.lt\/elparduotuve\/#organization"},"alternateName":"Viskas J\u016bs\u0173 \u0161uns, kat\u0117s prie\u017ei\u016brai","potentialAction":[{"@type":"SearchAction","target":{"@type":"EntryPoint","urlTemplate":"https:\/\/anivet.lt\/elparduotuve\/?s={search_term_string}"},"query-input":{"@type":"PropertyValueSpecification","valueRequired":true,"valueName":"search_term_string"}}],"inLanguage":"lt-LT"},{"@type":"Organization","@id":"https:\/\/anivet.lt\/elparduotuve\/#organization","name":"Viskas J\u016bs\u0173 \u0161uns, kat\u0117s prie\u017ei\u016brai","url":"https:\/\/anivet.lt\/elparduotuve\/","logo":{"@type":"ImageObject","inLanguage":"lt-LT","@id":"https:\/\/anivet.lt\/elparduotuve\/#\/schema\/logo\/image\/","url":"https:\/\/anivet.lt\/elparduotuve\/wp-content\/uploads\/2023\/06\/logo2.jpg","contentUrl":"https:\/\/anivet.lt\/elparduotuve\/wp-content\/uploads\/2023\/06\/logo2.jpg","width":655,"height":194,"caption":"Viskas J\u016bs\u0173 \u0161uns, kat\u0117s prie\u017ei\u016brai"},"image":{"@id":"https:\/\/anivet.lt\/elparduotuve\/#\/schema\/logo\/image\/"}}]}},"_links":{"self":[{"href":"https:\/\/anivet.lt\/elparduotuve\/wp-json\/wp\/v2\/product\/10276","targetHints":{"allow":["GET"]}}],"collection":[{"href":"https:\/\/anivet.lt\/elparduotuve\/wp-json\/wp\/v2\/product"}],"about":[{"href":"https:\/\/anivet.lt\/elparduotuve\/wp-json\/wp\/v2\/types\/product"}],"wp:featuredmedia":[{"embeddable":true,"href":"https:\/\/anivet.lt\/elparduotuve\/wp-json\/wp\/v2\/media\/13918"}],"wp:attachment":[{"href":"https:\/\/anivet.lt\/elparduotuve\/wp-json\/wp\/v2\/media?parent=10276"}],"wp:term":[{"taxonomy":"product_brand","embeddable":true,"href":"https:\/\/anivet.lt\/elparduotuve\/wp-json\/wp\/v2\/product_brand?post=10276"},{"taxonomy":"product_cat","embeddable":true,"href":"https:\/\/anivet.lt\/elparduotuve\/wp-json\/wp\/v2\/product_cat?post=10276"},{"taxonomy":"product_tag","embeddable":true,"href":"https:\/\/anivet.lt\/elparduotuve\/wp-json\/wp\/v2\/product_tag?post=10276"}],"curies":[{"name":"wp","href":"https:\/\/api.w.org\/{rel}","templated":true}]}}