{"id":10284,"date":"2023-07-18T10:41:00","date_gmt":"2023-07-18T10:41:00","guid":{"rendered":"https:\/\/anivet.lt\/elparduotuve\/?post_type=product&#038;p=10284"},"modified":"2026-04-13T14:53:11","modified_gmt":"2026-04-13T14:53:11","slug":"mother-dog-initial","status":"publish","type":"product","link":"https:\/\/anivet.lt\/elparduotuve\/produktas\/mother-dog-initial\/","title":{"rendered":"Advance Mother Dog &amp; Initial"},"content":{"rendered":"<ul>\n<li style=\"font-weight: 400;\" aria-level=\"1\"><span style=\"font-weight: 400;\">Imuniteto stiprinimas: Nukleotidai ir imunoglobulinai i\u0161 plazmos baltym\u0173 stiprina \u0161uniuk\u0173 nat\u016brali\u0105 apsaug\u0105.<\/span><\/li>\n<li style=\"font-weight: 400;\" aria-level=\"1\"><span style=\"font-weight: 400;\">Smegen\u0173 ir reg\u0117jimo vystymasis: Omega-3 riebal\u0173 r\u016bg\u0161tys palaiko nerv\u0173 sistemos ir regos vystym\u0105si.<\/span><\/li>\n<li style=\"font-weight: 400;\" aria-level=\"1\"><span style=\"font-weight: 400;\">Kaul\u0173 stiprumas: Optimalus kalcio ir fosforo santykis su Vitaminu D u\u017etikrina sveik\u0105 kaul\u0173 augim\u0105.<\/span><\/li>\n<li style=\"font-weight: 400;\" aria-level=\"1\"><span style=\"font-weight: 400;\">Lengvai vir\u0161kinama sud\u0117tis: Vi\u0161tiena ir ry\u017eiai kaip pagrindiniai baltym\u0173 bei angliavandeni\u0173 \u0161altiniai.<\/span><\/li>\n<li style=\"font-weight: 400;\" aria-level=\"1\"><span style=\"font-weight: 400;\">Auk\u0161tas energijos lygis: Didelis baltym\u0173, riebal\u0173 ir vitamin\u0173 kiekis u\u017etikrina optimal\u0173 \u0161uniuk\u0173 augim\u0105 bei laktacijos poreikius.<\/span><\/li>\n<\/ul>\n<p><span style=\"font-weight: 400;\">\u0160is pa\u0161aras sukurtas atsi\u017evelgiant \u012f \u0161uniuk\u0173 ir j\u0173 motin\u0173 specifinius poreikius ankstyvame augimo etape. D\u0117l lengvai vir\u0161kinam\u0173 ingredient\u0173, subalansuot\u0173 maistini\u0173 med\u017eiag\u0173 ir funkcini\u0173 papild\u0173, jis padeda u\u017etikrinti tinkam\u0105 augim\u0105, imunitet\u0105 ir bendr\u0105 sveikat\u0105.<\/span><\/p>\n","protected":false},"excerpt":{"rendered":"<p><span style=\"font-weight: 400;\">Visavertis ir subalansuotas pa\u0161aras, pritaikytas \u0161uniukams nuo 3 savai\u010di\u0173 iki 2 m\u0117nesi\u0173 bei vaikingoms ir \u017eindan\u010dioms kal\u0117ms. D\u0117ka nukleotid\u0173, kurie yra artimi motinos pieno sud\u0117\u010diai, \u0161is maistas padeda stiprinti \u0161uniuko imunin\u0119 sistem\u0105 ir nat\u016bralius apsauginius barjerus, skatina sveik\u0105 augim\u0105.<\/span><\/p>\n","protected":false},"featured_media":13916,"template":"","meta":[],"product_brand":[],"product_cat":[101,103,104,316],"product_tag":[],"class_list":{"0":"post-10284","1":"product","2":"type-product","3":"status-publish","4":"has-post-thumbnail","6":"product_cat-sunims","7":"product_cat-sunu-maistas","8":"product_cat-sausas-maistas","9":"product_cat-advance-sunu-maistas","10":"pa_prekinis-zenklas-advance","12":"first","13":"instock","14":"taxable","15":"shipping-taxable","16":"purchasable","17":"product-type-simple"},"yoast_head":"<!-- This site is optimized with the Yoast SEO Premium plugin v27.1 (Yoast SEO v27.5) - https:\/\/yoast.com\/product\/yoast-seo-premium-wordpress\/ -->\n<title>Advance Mother Dog &amp; Initial - anivet.lt<\/title>\n<meta name=\"description\" content=\"Visavertis ir subalansuotas pa\u0161aras, pritaikytas \u0161uniukams nuo 3 savai\u010di\u0173 iki 2 m\u0117nesi\u0173 bei vaikingoms ir \u017eindan\u010dioms kal\u0117ms. D\u0117ka nukleotid\u0173, kurie yra artimi motinos pieno sud\u0117\u010diai, \u0161is maistas padeda stiprinti \u0161uniuko imunin\u0119 sistem\u0105 ir nat\u016bralius apsauginius barjerus, skatina sveik\u0105 augim\u0105.\" \/>\n<meta name=\"robots\" content=\"index, follow, max-snippet:-1, max-image-preview:large, max-video-preview:-1\" \/>\n<link rel=\"canonical\" href=\"https:\/\/anivet.lt\/elparduotuve\/produktas\/mother-dog-initial\/\" \/>\n<meta property=\"og:locale\" content=\"lt_LT\" \/>\n<meta property=\"og:type\" content=\"article\" \/>\n<meta property=\"og:title\" content=\"Advance Mother Dog &amp; Initial\" \/>\n<meta property=\"og:description\" content=\"Visavertis ir subalansuotas pa\u0161aras, pritaikytas \u0161uniukams nuo 3 savai\u010di\u0173 iki 2 m\u0117nesi\u0173 bei vaikingoms ir \u017eindan\u010dioms kal\u0117ms. D\u0117ka nukleotid\u0173, kurie yra artimi motinos pieno sud\u0117\u010diai, \u0161is maistas padeda stiprinti \u0161uniuko imunin\u0119 sistem\u0105 ir nat\u016bralius apsauginius barjerus, skatina sveik\u0105 augim\u0105.\" \/>\n<meta property=\"og:url\" content=\"https:\/\/anivet.lt\/elparduotuve\/produktas\/mother-dog-initial\/\" \/>\n<meta property=\"og:site_name\" content=\"anivet.lt\" \/>\n<meta property=\"article:modified_time\" content=\"2026-04-13T14:53:11+00:00\" \/>\n<meta property=\"og:image\" content=\"https:\/\/anivet.lt\/elparduotuve\/wp-content\/uploads\/2023\/07\/1709042840-930.png\" \/>\n\t<meta property=\"og:image:width\" content=\"650\" \/>\n\t<meta property=\"og:image:height\" content=\"650\" \/>\n\t<meta property=\"og:image:type\" content=\"image\/png\" \/>\n<meta name=\"twitter:card\" content=\"summary_large_image\" \/>\n<meta name=\"twitter:label1\" content=\"Est. reading time\" \/>\n\t<meta name=\"twitter:data1\" content=\"1 minut\u0117\" \/>\n<script type=\"application\/ld+json\" class=\"yoast-schema-graph\">{\"@context\":\"https:\\\/\\\/schema.org\",\"@graph\":[{\"@type\":\"WebPage\",\"@id\":\"https:\\\/\\\/anivet.lt\\\/elparduotuve\\\/produktas\\\/mother-dog-initial\\\/\",\"url\":\"https:\\\/\\\/anivet.lt\\\/elparduotuve\\\/produktas\\\/mother-dog-initial\\\/\",\"name\":\"Advance Mother Dog &amp; Initial - anivet.lt\",\"isPartOf\":{\"@id\":\"https:\\\/\\\/anivet.lt\\\/elparduotuve\\\/#website\"},\"primaryImageOfPage\":{\"@id\":\"https:\\\/\\\/anivet.lt\\\/elparduotuve\\\/produktas\\\/mother-dog-initial\\\/#primaryimage\"},\"image\":{\"@id\":\"https:\\\/\\\/anivet.lt\\\/elparduotuve\\\/produktas\\\/mother-dog-initial\\\/#primaryimage\"},\"thumbnailUrl\":\"https:\\\/\\\/anivet.lt\\\/elparduotuve\\\/wp-content\\\/uploads\\\/2023\\\/07\\\/1709042840-930.png\",\"datePublished\":\"2023-07-18T10:41:00+00:00\",\"dateModified\":\"2026-04-13T14:53:11+00:00\",\"description\":\"Visavertis ir subalansuotas pa\u0161aras, pritaikytas \u0161uniukams nuo 3 savai\u010di\u0173 iki 2 m\u0117nesi\u0173 bei vaikingoms ir \u017eindan\u010dioms kal\u0117ms. D\u0117ka nukleotid\u0173, kurie yra artimi motinos pieno sud\u0117\u010diai, \u0161is maistas padeda stiprinti \u0161uniuko imunin\u0119 sistem\u0105 ir nat\u016bralius apsauginius barjerus, skatina sveik\u0105 augim\u0105.\",\"breadcrumb\":{\"@id\":\"https:\\\/\\\/anivet.lt\\\/elparduotuve\\\/produktas\\\/mother-dog-initial\\\/#breadcrumb\"},\"inLanguage\":\"lt-LT\",\"potentialAction\":[{\"@type\":\"ReadAction\",\"target\":[\"https:\\\/\\\/anivet.lt\\\/elparduotuve\\\/produktas\\\/mother-dog-initial\\\/\"]}]},{\"@type\":\"ImageObject\",\"inLanguage\":\"lt-LT\",\"@id\":\"https:\\\/\\\/anivet.lt\\\/elparduotuve\\\/produktas\\\/mother-dog-initial\\\/#primaryimage\",\"url\":\"https:\\\/\\\/anivet.lt\\\/elparduotuve\\\/wp-content\\\/uploads\\\/2023\\\/07\\\/1709042840-930.png\",\"contentUrl\":\"https:\\\/\\\/anivet.lt\\\/elparduotuve\\\/wp-content\\\/uploads\\\/2023\\\/07\\\/1709042840-930.png\",\"width\":650,\"height\":650,\"caption\":\"Advance Mother Dog &amp; Initial\"},{\"@type\":\"BreadcrumbList\",\"@id\":\"https:\\\/\\\/anivet.lt\\\/elparduotuve\\\/produktas\\\/mother-dog-initial\\\/#breadcrumb\",\"itemListElement\":[{\"@type\":\"ListItem\",\"position\":1,\"name\":\"Home\",\"item\":\"https:\\\/\\\/anivet.lt\\\/elparduotuve\\\/\"},{\"@type\":\"ListItem\",\"position\":2,\"name\":\"Produktai\",\"item\":\"https:\\\/\\\/anivet.lt\\\/elparduotuve\\\/produktai\\\/\"},{\"@type\":\"ListItem\",\"position\":3,\"name\":\"Advance Mother Dog &amp; Initial\"}]},{\"@type\":\"WebSite\",\"@id\":\"https:\\\/\\\/anivet.lt\\\/elparduotuve\\\/#website\",\"url\":\"https:\\\/\\\/anivet.lt\\\/elparduotuve\\\/\",\"name\":\"anivet.lt\",\"description\":\"Viskas J\u016bs\u0173 \u0161uns, kat\u0117s prie\u017ei\u016brai\",\"publisher\":{\"@id\":\"https:\\\/\\\/anivet.lt\\\/elparduotuve\\\/#organization\"},\"alternateName\":\"Viskas J\u016bs\u0173 \u0161uns, kat\u0117s prie\u017ei\u016brai\",\"potentialAction\":[{\"@type\":\"SearchAction\",\"target\":{\"@type\":\"EntryPoint\",\"urlTemplate\":\"https:\\\/\\\/anivet.lt\\\/elparduotuve\\\/?s={search_term_string}\"},\"query-input\":{\"@type\":\"PropertyValueSpecification\",\"valueRequired\":true,\"valueName\":\"search_term_string\"}}],\"inLanguage\":\"lt-LT\"},{\"@type\":\"Organization\",\"@id\":\"https:\\\/\\\/anivet.lt\\\/elparduotuve\\\/#organization\",\"name\":\"Viskas J\u016bs\u0173 \u0161uns, kat\u0117s prie\u017ei\u016brai\",\"url\":\"https:\\\/\\\/anivet.lt\\\/elparduotuve\\\/\",\"logo\":{\"@type\":\"ImageObject\",\"inLanguage\":\"lt-LT\",\"@id\":\"https:\\\/\\\/anivet.lt\\\/elparduotuve\\\/#\\\/schema\\\/logo\\\/image\\\/\",\"url\":\"https:\\\/\\\/anivet.lt\\\/elparduotuve\\\/wp-content\\\/uploads\\\/2023\\\/06\\\/logo2.jpg\",\"contentUrl\":\"https:\\\/\\\/anivet.lt\\\/elparduotuve\\\/wp-content\\\/uploads\\\/2023\\\/06\\\/logo2.jpg\",\"width\":655,\"height\":194,\"caption\":\"Viskas J\u016bs\u0173 \u0161uns, kat\u0117s prie\u017ei\u016brai\"},\"image\":{\"@id\":\"https:\\\/\\\/anivet.lt\\\/elparduotuve\\\/#\\\/schema\\\/logo\\\/image\\\/\"}}]}<\/script>\n<!-- \/ Yoast SEO Premium plugin. -->","yoast_head_json":{"title":"Advance Mother Dog &amp; Initial - anivet.lt","description":"Visavertis ir subalansuotas pa\u0161aras, pritaikytas \u0161uniukams nuo 3 savai\u010di\u0173 iki 2 m\u0117nesi\u0173 bei vaikingoms ir \u017eindan\u010dioms kal\u0117ms. D\u0117ka nukleotid\u0173, kurie yra artimi motinos pieno sud\u0117\u010diai, \u0161is maistas padeda stiprinti \u0161uniuko imunin\u0119 sistem\u0105 ir nat\u016bralius apsauginius barjerus, skatina sveik\u0105 augim\u0105.","robots":{"index":"index","follow":"follow","max-snippet":"max-snippet:-1","max-image-preview":"max-image-preview:large","max-video-preview":"max-video-preview:-1"},"canonical":"https:\/\/anivet.lt\/elparduotuve\/produktas\/mother-dog-initial\/","og_locale":"lt_LT","og_type":"article","og_title":"Advance Mother Dog &amp; Initial","og_description":"Visavertis ir subalansuotas pa\u0161aras, pritaikytas \u0161uniukams nuo 3 savai\u010di\u0173 iki 2 m\u0117nesi\u0173 bei vaikingoms ir \u017eindan\u010dioms kal\u0117ms. D\u0117ka nukleotid\u0173, kurie yra artimi motinos pieno sud\u0117\u010diai, \u0161is maistas padeda stiprinti \u0161uniuko imunin\u0119 sistem\u0105 ir nat\u016bralius apsauginius barjerus, skatina sveik\u0105 augim\u0105.","og_url":"https:\/\/anivet.lt\/elparduotuve\/produktas\/mother-dog-initial\/","og_site_name":"anivet.lt","article_modified_time":"2026-04-13T14:53:11+00:00","og_image":[{"width":650,"height":650,"url":"https:\/\/anivet.lt\/elparduotuve\/wp-content\/uploads\/2023\/07\/1709042840-930.png","type":"image\/png"}],"twitter_card":"summary_large_image","twitter_misc":{"Est. reading time":"1 minut\u0117"},"schema":{"@context":"https:\/\/schema.org","@graph":[{"@type":"WebPage","@id":"https:\/\/anivet.lt\/elparduotuve\/produktas\/mother-dog-initial\/","url":"https:\/\/anivet.lt\/elparduotuve\/produktas\/mother-dog-initial\/","name":"Advance Mother Dog &amp; Initial - anivet.lt","isPartOf":{"@id":"https:\/\/anivet.lt\/elparduotuve\/#website"},"primaryImageOfPage":{"@id":"https:\/\/anivet.lt\/elparduotuve\/produktas\/mother-dog-initial\/#primaryimage"},"image":{"@id":"https:\/\/anivet.lt\/elparduotuve\/produktas\/mother-dog-initial\/#primaryimage"},"thumbnailUrl":"https:\/\/anivet.lt\/elparduotuve\/wp-content\/uploads\/2023\/07\/1709042840-930.png","datePublished":"2023-07-18T10:41:00+00:00","dateModified":"2026-04-13T14:53:11+00:00","description":"Visavertis ir subalansuotas pa\u0161aras, pritaikytas \u0161uniukams nuo 3 savai\u010di\u0173 iki 2 m\u0117nesi\u0173 bei vaikingoms ir \u017eindan\u010dioms kal\u0117ms. D\u0117ka nukleotid\u0173, kurie yra artimi motinos pieno sud\u0117\u010diai, \u0161is maistas padeda stiprinti \u0161uniuko imunin\u0119 sistem\u0105 ir nat\u016bralius apsauginius barjerus, skatina sveik\u0105 augim\u0105.","breadcrumb":{"@id":"https:\/\/anivet.lt\/elparduotuve\/produktas\/mother-dog-initial\/#breadcrumb"},"inLanguage":"lt-LT","potentialAction":[{"@type":"ReadAction","target":["https:\/\/anivet.lt\/elparduotuve\/produktas\/mother-dog-initial\/"]}]},{"@type":"ImageObject","inLanguage":"lt-LT","@id":"https:\/\/anivet.lt\/elparduotuve\/produktas\/mother-dog-initial\/#primaryimage","url":"https:\/\/anivet.lt\/elparduotuve\/wp-content\/uploads\/2023\/07\/1709042840-930.png","contentUrl":"https:\/\/anivet.lt\/elparduotuve\/wp-content\/uploads\/2023\/07\/1709042840-930.png","width":650,"height":650,"caption":"Advance Mother Dog &amp; Initial"},{"@type":"BreadcrumbList","@id":"https:\/\/anivet.lt\/elparduotuve\/produktas\/mother-dog-initial\/#breadcrumb","itemListElement":[{"@type":"ListItem","position":1,"name":"Home","item":"https:\/\/anivet.lt\/elparduotuve\/"},{"@type":"ListItem","position":2,"name":"Produktai","item":"https:\/\/anivet.lt\/elparduotuve\/produktai\/"},{"@type":"ListItem","position":3,"name":"Advance Mother Dog &amp; Initial"}]},{"@type":"WebSite","@id":"https:\/\/anivet.lt\/elparduotuve\/#website","url":"https:\/\/anivet.lt\/elparduotuve\/","name":"anivet.lt","description":"Viskas J\u016bs\u0173 \u0161uns, kat\u0117s prie\u017ei\u016brai","publisher":{"@id":"https:\/\/anivet.lt\/elparduotuve\/#organization"},"alternateName":"Viskas J\u016bs\u0173 \u0161uns, kat\u0117s prie\u017ei\u016brai","potentialAction":[{"@type":"SearchAction","target":{"@type":"EntryPoint","urlTemplate":"https:\/\/anivet.lt\/elparduotuve\/?s={search_term_string}"},"query-input":{"@type":"PropertyValueSpecification","valueRequired":true,"valueName":"search_term_string"}}],"inLanguage":"lt-LT"},{"@type":"Organization","@id":"https:\/\/anivet.lt\/elparduotuve\/#organization","name":"Viskas J\u016bs\u0173 \u0161uns, kat\u0117s prie\u017ei\u016brai","url":"https:\/\/anivet.lt\/elparduotuve\/","logo":{"@type":"ImageObject","inLanguage":"lt-LT","@id":"https:\/\/anivet.lt\/elparduotuve\/#\/schema\/logo\/image\/","url":"https:\/\/anivet.lt\/elparduotuve\/wp-content\/uploads\/2023\/06\/logo2.jpg","contentUrl":"https:\/\/anivet.lt\/elparduotuve\/wp-content\/uploads\/2023\/06\/logo2.jpg","width":655,"height":194,"caption":"Viskas J\u016bs\u0173 \u0161uns, kat\u0117s prie\u017ei\u016brai"},"image":{"@id":"https:\/\/anivet.lt\/elparduotuve\/#\/schema\/logo\/image\/"}}]}},"_links":{"self":[{"href":"https:\/\/anivet.lt\/elparduotuve\/wp-json\/wp\/v2\/product\/10284","targetHints":{"allow":["GET"]}}],"collection":[{"href":"https:\/\/anivet.lt\/elparduotuve\/wp-json\/wp\/v2\/product"}],"about":[{"href":"https:\/\/anivet.lt\/elparduotuve\/wp-json\/wp\/v2\/types\/product"}],"wp:featuredmedia":[{"embeddable":true,"href":"https:\/\/anivet.lt\/elparduotuve\/wp-json\/wp\/v2\/media\/13916"}],"wp:attachment":[{"href":"https:\/\/anivet.lt\/elparduotuve\/wp-json\/wp\/v2\/media?parent=10284"}],"wp:term":[{"taxonomy":"product_brand","embeddable":true,"href":"https:\/\/anivet.lt\/elparduotuve\/wp-json\/wp\/v2\/product_brand?post=10284"},{"taxonomy":"product_cat","embeddable":true,"href":"https:\/\/anivet.lt\/elparduotuve\/wp-json\/wp\/v2\/product_cat?post=10284"},{"taxonomy":"product_tag","embeddable":true,"href":"https:\/\/anivet.lt\/elparduotuve\/wp-json\/wp\/v2\/product_tag?post=10284"}],"curies":[{"name":"wp","href":"https:\/\/api.w.org\/{rel}","templated":true}]}}