{"id":10291,"date":"2023-07-18T10:54:40","date_gmt":"2023-07-18T10:54:40","guid":{"rendered":"https:\/\/anivet.lt\/elparduotuve\/?post_type=product&#038;p=10291"},"modified":"2026-02-09T14:18:39","modified_gmt":"2026-02-09T14:18:39","slug":"puppy-maxi","status":"publish","type":"product","link":"https:\/\/anivet.lt\/elparduotuve\/produktas\/puppy-maxi\/","title":{"rendered":"Advance Puppy Maxi"},"content":{"rendered":"<ul>\n<li style=\"font-weight: 400;\" aria-level=\"1\"><span style=\"font-weight: 400;\">Tinkamas kaul\u0173 augimas: Optimalus kalcio ir fosforo santykis kartu su vitaminu D skatina sveik\u0105 kaul\u0173 vystym\u0105si.<\/span><\/li>\n<li style=\"font-weight: 400;\" aria-level=\"1\"><span style=\"font-weight: 400;\">Lengvas vir\u0161kinamumas: Vi\u0161tiena (16%) ir ry\u017eiai (10%) yra pagrindiniai ingredientai, u\u017etikrinantys lengvai \u012fsisavinamus baltymus ir angliavandenius.<\/span><\/li>\n<li style=\"font-weight: 400;\" aria-level=\"1\"><span style=\"font-weight: 400;\">Smegen\u0173 ir reg\u0117jimo vystymuisi: Omega-3 riebal\u0173 r\u016bg\u0161tys palaiko centrin\u0117s nerv\u0173 sistemos funkcij\u0105 ir reg\u0117jimo raid\u0105.<\/span><\/li>\n<li style=\"font-weight: 400;\" aria-level=\"1\"><span style=\"font-weight: 400;\">Stipresnis imunitetas: Nat\u016bral\u016bs imunoglobulinai ir nukleotidai prisideda prie \u0161uniuko nat\u016bralios apsaugos stiprinimo.<\/span><\/li>\n<li style=\"font-weight: 400;\" aria-level=\"1\"><span style=\"font-weight: 400;\">S\u0105nari\u0173 apsauga: Gliukozaminas ir chondroitino sulfatas padeda palaikyti sveikus s\u0105narius augimo metu.<\/span><\/li>\n<\/ul>\n<p><span style=\"font-weight: 400;\">\u0160is pa\u0161aras yra puikus pasirinkimas kasdieniam dideli\u0173 veisli\u0173 \u0161uniuk\u0173 maitinimui, u\u017etikrinant, kad j\u016bs\u0173 augintinis gaut\u0173 visas b\u016btinas maistines med\u017eiagas sveikam ir aktyviam gyvenimui. Auk\u0161tos kokyb\u0117s ingredientai ir specialiai pritaikytos granul\u0117s palaiko sveik\u0105 vystym\u0105si ir ger\u0105 savijaut\u0105.<\/span><\/p>\n","protected":false},"excerpt":{"rendered":"<p><span style=\"font-weight: 400;\">Visavertis ir subalansuotas super premium klas\u0117s pa\u0161aras, sukurtas specialiai dideli\u0173 veisli\u0173 \u0161uniukams nuo 2 iki 12 m\u0117nesi\u0173 (vir\u0161 30 kg suaugusio svorio). \u0160is maistas u\u017etikrina tinkam\u0105 kaul\u0173, imunin\u0117s sistemos ir centrin\u0117s nerv\u0173 sistemos vystym\u0105si, prisitaikydamas prie augan\u010di\u0173 \u0161uniuk\u0173 poreiki\u0173.<\/span><\/p>\n","protected":false},"featured_media":13570,"template":"","meta":[],"product_brand":[],"product_cat":[101,103,104,316],"product_tag":[],"class_list":{"0":"post-10291","1":"product","2":"type-product","3":"status-publish","4":"has-post-thumbnail","6":"product_cat-sunims","7":"product_cat-sunu-maistas","8":"product_cat-sausas-maistas","9":"product_cat-advance-sunu-maistas","10":"pa_prekinis-zenklas-advance","12":"first","13":"outofstock","14":"taxable","15":"shipping-taxable","16":"purchasable","17":"product-type-variable"},"yoast_head":"<!-- This site is optimized with the Yoast SEO Premium plugin v27.1 (Yoast SEO v27.5) - https:\/\/yoast.com\/product\/yoast-seo-premium-wordpress\/ -->\n<title>Advance Puppy Maxi - anivet.lt<\/title>\n<meta name=\"description\" content=\"Visavertis ir subalansuotas super premium klas\u0117s pa\u0161aras, sukurtas specialiai dideli\u0173 veisli\u0173 \u0161uniukams nuo 2 iki 12 m\u0117nesi\u0173 (vir\u0161 30 kg suaugusio svorio). \u0160is maistas u\u017etikrina tinkam\u0105 kaul\u0173, imunin\u0117s sistemos ir centrin\u0117s nerv\u0173 sistemos vystym\u0105si, prisitaikydamas prie augan\u010di\u0173 \u0161uniuk\u0173 poreiki\u0173.\" \/>\n<meta name=\"robots\" content=\"index, follow, max-snippet:-1, max-image-preview:large, max-video-preview:-1\" \/>\n<link rel=\"canonical\" href=\"https:\/\/anivet.lt\/elparduotuve\/produktas\/puppy-maxi\/\" \/>\n<meta property=\"og:locale\" content=\"lt_LT\" \/>\n<meta property=\"og:type\" content=\"article\" \/>\n<meta property=\"og:title\" content=\"Advance Puppy Maxi\" \/>\n<meta property=\"og:description\" content=\"Visavertis ir subalansuotas super premium klas\u0117s pa\u0161aras, sukurtas specialiai dideli\u0173 veisli\u0173 \u0161uniukams nuo 2 iki 12 m\u0117nesi\u0173 (vir\u0161 30 kg suaugusio svorio). \u0160is maistas u\u017etikrina tinkam\u0105 kaul\u0173, imunin\u0117s sistemos ir centrin\u0117s nerv\u0173 sistemos vystym\u0105si, prisitaikydamas prie augan\u010di\u0173 \u0161uniuk\u0173 poreiki\u0173.\" \/>\n<meta property=\"og:url\" content=\"https:\/\/anivet.lt\/elparduotuve\/produktas\/puppy-maxi\/\" \/>\n<meta property=\"og:site_name\" content=\"anivet.lt\" \/>\n<meta property=\"article:modified_time\" content=\"2026-02-09T14:18:39+00:00\" \/>\n<meta property=\"og:image\" content=\"https:\/\/anivet.lt\/elparduotuve\/wp-content\/uploads\/2023\/07\/1710505060-476.png\" \/>\n\t<meta property=\"og:image:width\" content=\"2560\" \/>\n\t<meta property=\"og:image:height\" content=\"2560\" \/>\n\t<meta property=\"og:image:type\" content=\"image\/png\" \/>\n<meta name=\"twitter:card\" content=\"summary_large_image\" \/>\n<meta name=\"twitter:label1\" content=\"Est. reading time\" \/>\n\t<meta name=\"twitter:data1\" content=\"1 minut\u0117\" \/>\n<script type=\"application\/ld+json\" class=\"yoast-schema-graph\">{\"@context\":\"https:\\\/\\\/schema.org\",\"@graph\":[{\"@type\":\"WebPage\",\"@id\":\"https:\\\/\\\/anivet.lt\\\/elparduotuve\\\/produktas\\\/puppy-maxi\\\/\",\"url\":\"https:\\\/\\\/anivet.lt\\\/elparduotuve\\\/produktas\\\/puppy-maxi\\\/\",\"name\":\"Advance Puppy Maxi - anivet.lt\",\"isPartOf\":{\"@id\":\"https:\\\/\\\/anivet.lt\\\/elparduotuve\\\/#website\"},\"primaryImageOfPage\":{\"@id\":\"https:\\\/\\\/anivet.lt\\\/elparduotuve\\\/produktas\\\/puppy-maxi\\\/#primaryimage\"},\"image\":{\"@id\":\"https:\\\/\\\/anivet.lt\\\/elparduotuve\\\/produktas\\\/puppy-maxi\\\/#primaryimage\"},\"thumbnailUrl\":\"https:\\\/\\\/anivet.lt\\\/elparduotuve\\\/wp-content\\\/uploads\\\/2023\\\/07\\\/1710505060-476.png\",\"datePublished\":\"2023-07-18T10:54:40+00:00\",\"dateModified\":\"2026-02-09T14:18:39+00:00\",\"description\":\"Visavertis ir subalansuotas super premium klas\u0117s pa\u0161aras, sukurtas specialiai dideli\u0173 veisli\u0173 \u0161uniukams nuo 2 iki 12 m\u0117nesi\u0173 (vir\u0161 30 kg suaugusio svorio). \u0160is maistas u\u017etikrina tinkam\u0105 kaul\u0173, imunin\u0117s sistemos ir centrin\u0117s nerv\u0173 sistemos vystym\u0105si, prisitaikydamas prie augan\u010di\u0173 \u0161uniuk\u0173 poreiki\u0173.\",\"breadcrumb\":{\"@id\":\"https:\\\/\\\/anivet.lt\\\/elparduotuve\\\/produktas\\\/puppy-maxi\\\/#breadcrumb\"},\"inLanguage\":\"lt-LT\",\"potentialAction\":[{\"@type\":\"ReadAction\",\"target\":[\"https:\\\/\\\/anivet.lt\\\/elparduotuve\\\/produktas\\\/puppy-maxi\\\/\"]}]},{\"@type\":\"ImageObject\",\"inLanguage\":\"lt-LT\",\"@id\":\"https:\\\/\\\/anivet.lt\\\/elparduotuve\\\/produktas\\\/puppy-maxi\\\/#primaryimage\",\"url\":\"https:\\\/\\\/anivet.lt\\\/elparduotuve\\\/wp-content\\\/uploads\\\/2023\\\/07\\\/1710505060-476.png\",\"contentUrl\":\"https:\\\/\\\/anivet.lt\\\/elparduotuve\\\/wp-content\\\/uploads\\\/2023\\\/07\\\/1710505060-476.png\",\"width\":2560,\"height\":2560,\"caption\":\"Advance Puppy Maxi\"},{\"@type\":\"BreadcrumbList\",\"@id\":\"https:\\\/\\\/anivet.lt\\\/elparduotuve\\\/produktas\\\/puppy-maxi\\\/#breadcrumb\",\"itemListElement\":[{\"@type\":\"ListItem\",\"position\":1,\"name\":\"Home\",\"item\":\"https:\\\/\\\/anivet.lt\\\/elparduotuve\\\/\"},{\"@type\":\"ListItem\",\"position\":2,\"name\":\"Produktai\",\"item\":\"https:\\\/\\\/anivet.lt\\\/elparduotuve\\\/produktai\\\/\"},{\"@type\":\"ListItem\",\"position\":3,\"name\":\"Advance Puppy Maxi\"}]},{\"@type\":\"WebSite\",\"@id\":\"https:\\\/\\\/anivet.lt\\\/elparduotuve\\\/#website\",\"url\":\"https:\\\/\\\/anivet.lt\\\/elparduotuve\\\/\",\"name\":\"anivet.lt\",\"description\":\"Viskas J\u016bs\u0173 \u0161uns, kat\u0117s prie\u017ei\u016brai\",\"publisher\":{\"@id\":\"https:\\\/\\\/anivet.lt\\\/elparduotuve\\\/#organization\"},\"alternateName\":\"Viskas J\u016bs\u0173 \u0161uns, kat\u0117s prie\u017ei\u016brai\",\"potentialAction\":[{\"@type\":\"SearchAction\",\"target\":{\"@type\":\"EntryPoint\",\"urlTemplate\":\"https:\\\/\\\/anivet.lt\\\/elparduotuve\\\/?s={search_term_string}\"},\"query-input\":{\"@type\":\"PropertyValueSpecification\",\"valueRequired\":true,\"valueName\":\"search_term_string\"}}],\"inLanguage\":\"lt-LT\"},{\"@type\":\"Organization\",\"@id\":\"https:\\\/\\\/anivet.lt\\\/elparduotuve\\\/#organization\",\"name\":\"Viskas J\u016bs\u0173 \u0161uns, kat\u0117s prie\u017ei\u016brai\",\"url\":\"https:\\\/\\\/anivet.lt\\\/elparduotuve\\\/\",\"logo\":{\"@type\":\"ImageObject\",\"inLanguage\":\"lt-LT\",\"@id\":\"https:\\\/\\\/anivet.lt\\\/elparduotuve\\\/#\\\/schema\\\/logo\\\/image\\\/\",\"url\":\"https:\\\/\\\/anivet.lt\\\/elparduotuve\\\/wp-content\\\/uploads\\\/2023\\\/06\\\/logo2.jpg\",\"contentUrl\":\"https:\\\/\\\/anivet.lt\\\/elparduotuve\\\/wp-content\\\/uploads\\\/2023\\\/06\\\/logo2.jpg\",\"width\":655,\"height\":194,\"caption\":\"Viskas J\u016bs\u0173 \u0161uns, kat\u0117s prie\u017ei\u016brai\"},\"image\":{\"@id\":\"https:\\\/\\\/anivet.lt\\\/elparduotuve\\\/#\\\/schema\\\/logo\\\/image\\\/\"}}]}<\/script>\n<!-- \/ Yoast SEO Premium plugin. -->","yoast_head_json":{"title":"Advance Puppy Maxi - anivet.lt","description":"Visavertis ir subalansuotas super premium klas\u0117s pa\u0161aras, sukurtas specialiai dideli\u0173 veisli\u0173 \u0161uniukams nuo 2 iki 12 m\u0117nesi\u0173 (vir\u0161 30 kg suaugusio svorio). \u0160is maistas u\u017etikrina tinkam\u0105 kaul\u0173, imunin\u0117s sistemos ir centrin\u0117s nerv\u0173 sistemos vystym\u0105si, prisitaikydamas prie augan\u010di\u0173 \u0161uniuk\u0173 poreiki\u0173.","robots":{"index":"index","follow":"follow","max-snippet":"max-snippet:-1","max-image-preview":"max-image-preview:large","max-video-preview":"max-video-preview:-1"},"canonical":"https:\/\/anivet.lt\/elparduotuve\/produktas\/puppy-maxi\/","og_locale":"lt_LT","og_type":"article","og_title":"Advance Puppy Maxi","og_description":"Visavertis ir subalansuotas super premium klas\u0117s pa\u0161aras, sukurtas specialiai dideli\u0173 veisli\u0173 \u0161uniukams nuo 2 iki 12 m\u0117nesi\u0173 (vir\u0161 30 kg suaugusio svorio). \u0160is maistas u\u017etikrina tinkam\u0105 kaul\u0173, imunin\u0117s sistemos ir centrin\u0117s nerv\u0173 sistemos vystym\u0105si, prisitaikydamas prie augan\u010di\u0173 \u0161uniuk\u0173 poreiki\u0173.","og_url":"https:\/\/anivet.lt\/elparduotuve\/produktas\/puppy-maxi\/","og_site_name":"anivet.lt","article_modified_time":"2026-02-09T14:18:39+00:00","og_image":[{"width":2560,"height":2560,"url":"https:\/\/anivet.lt\/elparduotuve\/wp-content\/uploads\/2023\/07\/1710505060-476.png","type":"image\/png"}],"twitter_card":"summary_large_image","twitter_misc":{"Est. reading time":"1 minut\u0117"},"schema":{"@context":"https:\/\/schema.org","@graph":[{"@type":"WebPage","@id":"https:\/\/anivet.lt\/elparduotuve\/produktas\/puppy-maxi\/","url":"https:\/\/anivet.lt\/elparduotuve\/produktas\/puppy-maxi\/","name":"Advance Puppy Maxi - anivet.lt","isPartOf":{"@id":"https:\/\/anivet.lt\/elparduotuve\/#website"},"primaryImageOfPage":{"@id":"https:\/\/anivet.lt\/elparduotuve\/produktas\/puppy-maxi\/#primaryimage"},"image":{"@id":"https:\/\/anivet.lt\/elparduotuve\/produktas\/puppy-maxi\/#primaryimage"},"thumbnailUrl":"https:\/\/anivet.lt\/elparduotuve\/wp-content\/uploads\/2023\/07\/1710505060-476.png","datePublished":"2023-07-18T10:54:40+00:00","dateModified":"2026-02-09T14:18:39+00:00","description":"Visavertis ir subalansuotas super premium klas\u0117s pa\u0161aras, sukurtas specialiai dideli\u0173 veisli\u0173 \u0161uniukams nuo 2 iki 12 m\u0117nesi\u0173 (vir\u0161 30 kg suaugusio svorio). \u0160is maistas u\u017etikrina tinkam\u0105 kaul\u0173, imunin\u0117s sistemos ir centrin\u0117s nerv\u0173 sistemos vystym\u0105si, prisitaikydamas prie augan\u010di\u0173 \u0161uniuk\u0173 poreiki\u0173.","breadcrumb":{"@id":"https:\/\/anivet.lt\/elparduotuve\/produktas\/puppy-maxi\/#breadcrumb"},"inLanguage":"lt-LT","potentialAction":[{"@type":"ReadAction","target":["https:\/\/anivet.lt\/elparduotuve\/produktas\/puppy-maxi\/"]}]},{"@type":"ImageObject","inLanguage":"lt-LT","@id":"https:\/\/anivet.lt\/elparduotuve\/produktas\/puppy-maxi\/#primaryimage","url":"https:\/\/anivet.lt\/elparduotuve\/wp-content\/uploads\/2023\/07\/1710505060-476.png","contentUrl":"https:\/\/anivet.lt\/elparduotuve\/wp-content\/uploads\/2023\/07\/1710505060-476.png","width":2560,"height":2560,"caption":"Advance Puppy Maxi"},{"@type":"BreadcrumbList","@id":"https:\/\/anivet.lt\/elparduotuve\/produktas\/puppy-maxi\/#breadcrumb","itemListElement":[{"@type":"ListItem","position":1,"name":"Home","item":"https:\/\/anivet.lt\/elparduotuve\/"},{"@type":"ListItem","position":2,"name":"Produktai","item":"https:\/\/anivet.lt\/elparduotuve\/produktai\/"},{"@type":"ListItem","position":3,"name":"Advance Puppy Maxi"}]},{"@type":"WebSite","@id":"https:\/\/anivet.lt\/elparduotuve\/#website","url":"https:\/\/anivet.lt\/elparduotuve\/","name":"anivet.lt","description":"Viskas J\u016bs\u0173 \u0161uns, kat\u0117s prie\u017ei\u016brai","publisher":{"@id":"https:\/\/anivet.lt\/elparduotuve\/#organization"},"alternateName":"Viskas J\u016bs\u0173 \u0161uns, kat\u0117s prie\u017ei\u016brai","potentialAction":[{"@type":"SearchAction","target":{"@type":"EntryPoint","urlTemplate":"https:\/\/anivet.lt\/elparduotuve\/?s={search_term_string}"},"query-input":{"@type":"PropertyValueSpecification","valueRequired":true,"valueName":"search_term_string"}}],"inLanguage":"lt-LT"},{"@type":"Organization","@id":"https:\/\/anivet.lt\/elparduotuve\/#organization","name":"Viskas J\u016bs\u0173 \u0161uns, kat\u0117s prie\u017ei\u016brai","url":"https:\/\/anivet.lt\/elparduotuve\/","logo":{"@type":"ImageObject","inLanguage":"lt-LT","@id":"https:\/\/anivet.lt\/elparduotuve\/#\/schema\/logo\/image\/","url":"https:\/\/anivet.lt\/elparduotuve\/wp-content\/uploads\/2023\/06\/logo2.jpg","contentUrl":"https:\/\/anivet.lt\/elparduotuve\/wp-content\/uploads\/2023\/06\/logo2.jpg","width":655,"height":194,"caption":"Viskas J\u016bs\u0173 \u0161uns, kat\u0117s prie\u017ei\u016brai"},"image":{"@id":"https:\/\/anivet.lt\/elparduotuve\/#\/schema\/logo\/image\/"}}]}},"_links":{"self":[{"href":"https:\/\/anivet.lt\/elparduotuve\/wp-json\/wp\/v2\/product\/10291","targetHints":{"allow":["GET"]}}],"collection":[{"href":"https:\/\/anivet.lt\/elparduotuve\/wp-json\/wp\/v2\/product"}],"about":[{"href":"https:\/\/anivet.lt\/elparduotuve\/wp-json\/wp\/v2\/types\/product"}],"wp:featuredmedia":[{"embeddable":true,"href":"https:\/\/anivet.lt\/elparduotuve\/wp-json\/wp\/v2\/media\/13570"}],"wp:attachment":[{"href":"https:\/\/anivet.lt\/elparduotuve\/wp-json\/wp\/v2\/media?parent=10291"}],"wp:term":[{"taxonomy":"product_brand","embeddable":true,"href":"https:\/\/anivet.lt\/elparduotuve\/wp-json\/wp\/v2\/product_brand?post=10291"},{"taxonomy":"product_cat","embeddable":true,"href":"https:\/\/anivet.lt\/elparduotuve\/wp-json\/wp\/v2\/product_cat?post=10291"},{"taxonomy":"product_tag","embeddable":true,"href":"https:\/\/anivet.lt\/elparduotuve\/wp-json\/wp\/v2\/product_tag?post=10291"}],"curies":[{"name":"wp","href":"https:\/\/api.w.org\/{rel}","templated":true}]}}