{"id":10311,"date":"2023-07-18T11:44:17","date_gmt":"2023-07-18T11:44:17","guid":{"rendered":"https:\/\/anivet.lt\/elparduotuve\/?post_type=product&#038;p=10311"},"modified":"2026-03-02T14:27:07","modified_gmt":"2026-03-02T14:27:07","slug":"puppy-sensitive","status":"publish","type":"product","link":"https:\/\/anivet.lt\/elparduotuve\/produktas\/puppy-sensitive\/","title":{"rendered":"Advance Puppy Sensitive"},"content":{"rendered":"<ul>\n<li style=\"font-weight: 400;\" aria-level=\"1\"><span style=\"font-weight: 400;\">Vienas baltym\u0173 \u0161altinis: La\u0161i\u0161a (18%) kaip vienintelis gyv\u016bnin\u0117s kilm\u0117s baltym\u0173 \u0161altinis, tinkamas jautriam skrand\u017eiui.<\/span><\/li>\n<li style=\"font-weight: 400;\" aria-level=\"1\"><span style=\"font-weight: 400;\">Lengvas vir\u0161kinamumas: Ry\u017eiai (14%) ir dar\u017eovi\u0173 skaidulos padeda palaikyti ger\u0105 vir\u0161kinimo funkcij\u0105.<\/span><\/li>\n<li style=\"font-weight: 400;\" aria-level=\"1\"><span style=\"font-weight: 400;\">Sveikai odai ir kailiui: Omega-3 ir Omega-6 riebal\u0173 r\u016bg\u0161tys padeda i\u0161laikyti sveik\u0105 od\u0105 ir blizgant\u012f kail\u012f.<\/span><\/li>\n<li style=\"font-weight: 400;\" aria-level=\"1\"><span style=\"font-weight: 400;\">Kaul\u0173 vystymuisi: Optimalus kalcio ir fosforo santykis su vitaminu D u\u017etikrina stiprius ir sveikus kaulus.<\/span><\/li>\n<li style=\"font-weight: 400;\" aria-level=\"1\"><span style=\"font-weight: 400;\">Nat\u016brali apsauga: Alijo\u0161ius ir fruktooligosacharidai skatina nat\u016bral\u0173 imunitet\u0105 ir gerina vir\u0161kinim\u0105.<\/span><\/li>\n<\/ul>\n<p><span style=\"font-weight: 400;\">Puikus pasirinkimas \u0161uniukams, kuri\u0173 sveikata reikalauja ypatingo d\u0117mesio. Lengvai vir\u0161kinamas ir praturtintas b\u016btinais vitaminais bei mineralais, \u0161is pa\u0161aras u\u017etikrina sveik\u0105 augim\u0105 ir ger\u0105 savijaut\u0105.<\/span><\/p>\n","protected":false},"excerpt":{"rendered":"<p><span style=\"font-weight: 400;\">Visavertis ir subalansuotas super premium klas\u0117s pa\u0161aras, sukurtas vis\u0173 veisli\u0173 \u0161uniukams (nuo 2 iki 12 m\u0117nesi\u0173), turintiems jautri\u0105 vir\u0161kinimo sistem\u0105 ar odos problem\u0173. Subalansuota sud\u0117tis ir vienas baltym\u0173 \u0161altinis u\u017etikrina lengv\u0105 vir\u0161kinim\u0105 bei sveik\u0105 augim\u0105.<\/span><\/p>\n","protected":false},"featured_media":13907,"template":"","meta":[],"product_brand":[],"product_cat":[101,103,104,316],"product_tag":[],"class_list":{"0":"post-10311","1":"product","2":"type-product","3":"status-publish","4":"has-post-thumbnail","6":"product_cat-sunims","7":"product_cat-sunu-maistas","8":"product_cat-sausas-maistas","9":"product_cat-advance-sunu-maistas","10":"pa_prekinis-zenklas-advance","12":"first","13":"instock","14":"taxable","15":"shipping-taxable","16":"purchasable","17":"product-type-variable"},"yoast_head":"<!-- This site is optimized with the Yoast SEO Premium plugin v27.1 (Yoast SEO v27.3) - https:\/\/yoast.com\/product\/yoast-seo-premium-wordpress\/ -->\n<title>Advance Puppy Sensitive - anivet.lt<\/title>\n<meta name=\"description\" content=\"Visavertis ir subalansuotas super premium klas\u0117s pa\u0161aras, sukurtas vis\u0173 veisli\u0173 \u0161uniukams (nuo 2 iki 12 m\u0117nesi\u0173), turintiems jautri\u0105 vir\u0161kinimo sistem\u0105 ar odos problem\u0173. Subalansuota sud\u0117tis ir vienas baltym\u0173 \u0161altinis u\u017etikrina lengv\u0105 vir\u0161kinim\u0105 bei sveik\u0105 augim\u0105.\" \/>\n<meta name=\"robots\" content=\"index, follow, max-snippet:-1, max-image-preview:large, max-video-preview:-1\" \/>\n<link rel=\"canonical\" href=\"https:\/\/anivet.lt\/elparduotuve\/produktas\/puppy-sensitive\/\" \/>\n<meta property=\"og:locale\" content=\"lt_LT\" \/>\n<meta property=\"og:type\" content=\"article\" \/>\n<meta property=\"og:title\" content=\"Advance Puppy Sensitive\" \/>\n<meta property=\"og:description\" content=\"Visavertis ir subalansuotas super premium klas\u0117s pa\u0161aras, sukurtas vis\u0173 veisli\u0173 \u0161uniukams (nuo 2 iki 12 m\u0117nesi\u0173), turintiems jautri\u0105 vir\u0161kinimo sistem\u0105 ar odos problem\u0173. Subalansuota sud\u0117tis ir vienas baltym\u0173 \u0161altinis u\u017etikrina lengv\u0105 vir\u0161kinim\u0105 bei sveik\u0105 augim\u0105.\" \/>\n<meta property=\"og:url\" content=\"https:\/\/anivet.lt\/elparduotuve\/produktas\/puppy-sensitive\/\" \/>\n<meta property=\"og:site_name\" content=\"anivet.lt\" \/>\n<meta property=\"article:modified_time\" content=\"2026-03-02T14:27:07+00:00\" \/>\n<meta property=\"og:image\" content=\"https:\/\/anivet.lt\/elparduotuve\/wp-content\/uploads\/2023\/07\/1705396020-7082.png\" \/>\n\t<meta property=\"og:image:width\" content=\"650\" \/>\n\t<meta property=\"og:image:height\" content=\"650\" \/>\n\t<meta property=\"og:image:type\" content=\"image\/png\" \/>\n<meta name=\"twitter:card\" content=\"summary_large_image\" \/>\n<meta name=\"twitter:label1\" content=\"Est. reading time\" \/>\n\t<meta name=\"twitter:data1\" content=\"1 minut\u0117\" \/>\n<script type=\"application\/ld+json\" class=\"yoast-schema-graph\">{\"@context\":\"https:\\\/\\\/schema.org\",\"@graph\":[{\"@type\":\"WebPage\",\"@id\":\"https:\\\/\\\/anivet.lt\\\/elparduotuve\\\/produktas\\\/puppy-sensitive\\\/\",\"url\":\"https:\\\/\\\/anivet.lt\\\/elparduotuve\\\/produktas\\\/puppy-sensitive\\\/\",\"name\":\"Advance Puppy Sensitive - anivet.lt\",\"isPartOf\":{\"@id\":\"https:\\\/\\\/anivet.lt\\\/elparduotuve\\\/#website\"},\"primaryImageOfPage\":{\"@id\":\"https:\\\/\\\/anivet.lt\\\/elparduotuve\\\/produktas\\\/puppy-sensitive\\\/#primaryimage\"},\"image\":{\"@id\":\"https:\\\/\\\/anivet.lt\\\/elparduotuve\\\/produktas\\\/puppy-sensitive\\\/#primaryimage\"},\"thumbnailUrl\":\"https:\\\/\\\/anivet.lt\\\/elparduotuve\\\/wp-content\\\/uploads\\\/2023\\\/07\\\/1705396020-7082.png\",\"datePublished\":\"2023-07-18T11:44:17+00:00\",\"dateModified\":\"2026-03-02T14:27:07+00:00\",\"description\":\"Visavertis ir subalansuotas super premium klas\u0117s pa\u0161aras, sukurtas vis\u0173 veisli\u0173 \u0161uniukams (nuo 2 iki 12 m\u0117nesi\u0173), turintiems jautri\u0105 vir\u0161kinimo sistem\u0105 ar odos problem\u0173. Subalansuota sud\u0117tis ir vienas baltym\u0173 \u0161altinis u\u017etikrina lengv\u0105 vir\u0161kinim\u0105 bei sveik\u0105 augim\u0105.\",\"breadcrumb\":{\"@id\":\"https:\\\/\\\/anivet.lt\\\/elparduotuve\\\/produktas\\\/puppy-sensitive\\\/#breadcrumb\"},\"inLanguage\":\"lt-LT\",\"potentialAction\":[{\"@type\":\"ReadAction\",\"target\":[\"https:\\\/\\\/anivet.lt\\\/elparduotuve\\\/produktas\\\/puppy-sensitive\\\/\"]}]},{\"@type\":\"ImageObject\",\"inLanguage\":\"lt-LT\",\"@id\":\"https:\\\/\\\/anivet.lt\\\/elparduotuve\\\/produktas\\\/puppy-sensitive\\\/#primaryimage\",\"url\":\"https:\\\/\\\/anivet.lt\\\/elparduotuve\\\/wp-content\\\/uploads\\\/2023\\\/07\\\/1705396020-7082.png\",\"contentUrl\":\"https:\\\/\\\/anivet.lt\\\/elparduotuve\\\/wp-content\\\/uploads\\\/2023\\\/07\\\/1705396020-7082.png\",\"width\":650,\"height\":650,\"caption\":\"Advance Puppy Sensitive\"},{\"@type\":\"BreadcrumbList\",\"@id\":\"https:\\\/\\\/anivet.lt\\\/elparduotuve\\\/produktas\\\/puppy-sensitive\\\/#breadcrumb\",\"itemListElement\":[{\"@type\":\"ListItem\",\"position\":1,\"name\":\"Home\",\"item\":\"https:\\\/\\\/anivet.lt\\\/elparduotuve\\\/\"},{\"@type\":\"ListItem\",\"position\":2,\"name\":\"Produktai\",\"item\":\"https:\\\/\\\/anivet.lt\\\/elparduotuve\\\/produktai\\\/\"},{\"@type\":\"ListItem\",\"position\":3,\"name\":\"Advance Puppy Sensitive\"}]},{\"@type\":\"WebSite\",\"@id\":\"https:\\\/\\\/anivet.lt\\\/elparduotuve\\\/#website\",\"url\":\"https:\\\/\\\/anivet.lt\\\/elparduotuve\\\/\",\"name\":\"anivet.lt\",\"description\":\"Viskas J\u016bs\u0173 \u0161uns, kat\u0117s prie\u017ei\u016brai\",\"publisher\":{\"@id\":\"https:\\\/\\\/anivet.lt\\\/elparduotuve\\\/#organization\"},\"alternateName\":\"Viskas J\u016bs\u0173 \u0161uns, kat\u0117s prie\u017ei\u016brai\",\"potentialAction\":[{\"@type\":\"SearchAction\",\"target\":{\"@type\":\"EntryPoint\",\"urlTemplate\":\"https:\\\/\\\/anivet.lt\\\/elparduotuve\\\/?s={search_term_string}\"},\"query-input\":{\"@type\":\"PropertyValueSpecification\",\"valueRequired\":true,\"valueName\":\"search_term_string\"}}],\"inLanguage\":\"lt-LT\"},{\"@type\":\"Organization\",\"@id\":\"https:\\\/\\\/anivet.lt\\\/elparduotuve\\\/#organization\",\"name\":\"Viskas J\u016bs\u0173 \u0161uns, kat\u0117s prie\u017ei\u016brai\",\"url\":\"https:\\\/\\\/anivet.lt\\\/elparduotuve\\\/\",\"logo\":{\"@type\":\"ImageObject\",\"inLanguage\":\"lt-LT\",\"@id\":\"https:\\\/\\\/anivet.lt\\\/elparduotuve\\\/#\\\/schema\\\/logo\\\/image\\\/\",\"url\":\"https:\\\/\\\/anivet.lt\\\/elparduotuve\\\/wp-content\\\/uploads\\\/2023\\\/06\\\/logo2.jpg\",\"contentUrl\":\"https:\\\/\\\/anivet.lt\\\/elparduotuve\\\/wp-content\\\/uploads\\\/2023\\\/06\\\/logo2.jpg\",\"width\":655,\"height\":194,\"caption\":\"Viskas J\u016bs\u0173 \u0161uns, kat\u0117s prie\u017ei\u016brai\"},\"image\":{\"@id\":\"https:\\\/\\\/anivet.lt\\\/elparduotuve\\\/#\\\/schema\\\/logo\\\/image\\\/\"}}]}<\/script>\n<!-- \/ Yoast SEO Premium plugin. -->","yoast_head_json":{"title":"Advance Puppy Sensitive - anivet.lt","description":"Visavertis ir subalansuotas super premium klas\u0117s pa\u0161aras, sukurtas vis\u0173 veisli\u0173 \u0161uniukams (nuo 2 iki 12 m\u0117nesi\u0173), turintiems jautri\u0105 vir\u0161kinimo sistem\u0105 ar odos problem\u0173. Subalansuota sud\u0117tis ir vienas baltym\u0173 \u0161altinis u\u017etikrina lengv\u0105 vir\u0161kinim\u0105 bei sveik\u0105 augim\u0105.","robots":{"index":"index","follow":"follow","max-snippet":"max-snippet:-1","max-image-preview":"max-image-preview:large","max-video-preview":"max-video-preview:-1"},"canonical":"https:\/\/anivet.lt\/elparduotuve\/produktas\/puppy-sensitive\/","og_locale":"lt_LT","og_type":"article","og_title":"Advance Puppy Sensitive","og_description":"Visavertis ir subalansuotas super premium klas\u0117s pa\u0161aras, sukurtas vis\u0173 veisli\u0173 \u0161uniukams (nuo 2 iki 12 m\u0117nesi\u0173), turintiems jautri\u0105 vir\u0161kinimo sistem\u0105 ar odos problem\u0173. Subalansuota sud\u0117tis ir vienas baltym\u0173 \u0161altinis u\u017etikrina lengv\u0105 vir\u0161kinim\u0105 bei sveik\u0105 augim\u0105.","og_url":"https:\/\/anivet.lt\/elparduotuve\/produktas\/puppy-sensitive\/","og_site_name":"anivet.lt","article_modified_time":"2026-03-02T14:27:07+00:00","og_image":[{"width":650,"height":650,"url":"https:\/\/anivet.lt\/elparduotuve\/wp-content\/uploads\/2023\/07\/1705396020-7082.png","type":"image\/png"}],"twitter_card":"summary_large_image","twitter_misc":{"Est. reading time":"1 minut\u0117"},"schema":{"@context":"https:\/\/schema.org","@graph":[{"@type":"WebPage","@id":"https:\/\/anivet.lt\/elparduotuve\/produktas\/puppy-sensitive\/","url":"https:\/\/anivet.lt\/elparduotuve\/produktas\/puppy-sensitive\/","name":"Advance Puppy Sensitive - anivet.lt","isPartOf":{"@id":"https:\/\/anivet.lt\/elparduotuve\/#website"},"primaryImageOfPage":{"@id":"https:\/\/anivet.lt\/elparduotuve\/produktas\/puppy-sensitive\/#primaryimage"},"image":{"@id":"https:\/\/anivet.lt\/elparduotuve\/produktas\/puppy-sensitive\/#primaryimage"},"thumbnailUrl":"https:\/\/anivet.lt\/elparduotuve\/wp-content\/uploads\/2023\/07\/1705396020-7082.png","datePublished":"2023-07-18T11:44:17+00:00","dateModified":"2026-03-02T14:27:07+00:00","description":"Visavertis ir subalansuotas super premium klas\u0117s pa\u0161aras, sukurtas vis\u0173 veisli\u0173 \u0161uniukams (nuo 2 iki 12 m\u0117nesi\u0173), turintiems jautri\u0105 vir\u0161kinimo sistem\u0105 ar odos problem\u0173. Subalansuota sud\u0117tis ir vienas baltym\u0173 \u0161altinis u\u017etikrina lengv\u0105 vir\u0161kinim\u0105 bei sveik\u0105 augim\u0105.","breadcrumb":{"@id":"https:\/\/anivet.lt\/elparduotuve\/produktas\/puppy-sensitive\/#breadcrumb"},"inLanguage":"lt-LT","potentialAction":[{"@type":"ReadAction","target":["https:\/\/anivet.lt\/elparduotuve\/produktas\/puppy-sensitive\/"]}]},{"@type":"ImageObject","inLanguage":"lt-LT","@id":"https:\/\/anivet.lt\/elparduotuve\/produktas\/puppy-sensitive\/#primaryimage","url":"https:\/\/anivet.lt\/elparduotuve\/wp-content\/uploads\/2023\/07\/1705396020-7082.png","contentUrl":"https:\/\/anivet.lt\/elparduotuve\/wp-content\/uploads\/2023\/07\/1705396020-7082.png","width":650,"height":650,"caption":"Advance Puppy Sensitive"},{"@type":"BreadcrumbList","@id":"https:\/\/anivet.lt\/elparduotuve\/produktas\/puppy-sensitive\/#breadcrumb","itemListElement":[{"@type":"ListItem","position":1,"name":"Home","item":"https:\/\/anivet.lt\/elparduotuve\/"},{"@type":"ListItem","position":2,"name":"Produktai","item":"https:\/\/anivet.lt\/elparduotuve\/produktai\/"},{"@type":"ListItem","position":3,"name":"Advance Puppy Sensitive"}]},{"@type":"WebSite","@id":"https:\/\/anivet.lt\/elparduotuve\/#website","url":"https:\/\/anivet.lt\/elparduotuve\/","name":"anivet.lt","description":"Viskas J\u016bs\u0173 \u0161uns, kat\u0117s prie\u017ei\u016brai","publisher":{"@id":"https:\/\/anivet.lt\/elparduotuve\/#organization"},"alternateName":"Viskas J\u016bs\u0173 \u0161uns, kat\u0117s prie\u017ei\u016brai","potentialAction":[{"@type":"SearchAction","target":{"@type":"EntryPoint","urlTemplate":"https:\/\/anivet.lt\/elparduotuve\/?s={search_term_string}"},"query-input":{"@type":"PropertyValueSpecification","valueRequired":true,"valueName":"search_term_string"}}],"inLanguage":"lt-LT"},{"@type":"Organization","@id":"https:\/\/anivet.lt\/elparduotuve\/#organization","name":"Viskas J\u016bs\u0173 \u0161uns, kat\u0117s prie\u017ei\u016brai","url":"https:\/\/anivet.lt\/elparduotuve\/","logo":{"@type":"ImageObject","inLanguage":"lt-LT","@id":"https:\/\/anivet.lt\/elparduotuve\/#\/schema\/logo\/image\/","url":"https:\/\/anivet.lt\/elparduotuve\/wp-content\/uploads\/2023\/06\/logo2.jpg","contentUrl":"https:\/\/anivet.lt\/elparduotuve\/wp-content\/uploads\/2023\/06\/logo2.jpg","width":655,"height":194,"caption":"Viskas J\u016bs\u0173 \u0161uns, kat\u0117s prie\u017ei\u016brai"},"image":{"@id":"https:\/\/anivet.lt\/elparduotuve\/#\/schema\/logo\/image\/"}}]}},"_links":{"self":[{"href":"https:\/\/anivet.lt\/elparduotuve\/wp-json\/wp\/v2\/product\/10311","targetHints":{"allow":["GET"]}}],"collection":[{"href":"https:\/\/anivet.lt\/elparduotuve\/wp-json\/wp\/v2\/product"}],"about":[{"href":"https:\/\/anivet.lt\/elparduotuve\/wp-json\/wp\/v2\/types\/product"}],"wp:featuredmedia":[{"embeddable":true,"href":"https:\/\/anivet.lt\/elparduotuve\/wp-json\/wp\/v2\/media\/13907"}],"wp:attachment":[{"href":"https:\/\/anivet.lt\/elparduotuve\/wp-json\/wp\/v2\/media?parent=10311"}],"wp:term":[{"taxonomy":"product_brand","embeddable":true,"href":"https:\/\/anivet.lt\/elparduotuve\/wp-json\/wp\/v2\/product_brand?post=10311"},{"taxonomy":"product_cat","embeddable":true,"href":"https:\/\/anivet.lt\/elparduotuve\/wp-json\/wp\/v2\/product_cat?post=10311"},{"taxonomy":"product_tag","embeddable":true,"href":"https:\/\/anivet.lt\/elparduotuve\/wp-json\/wp\/v2\/product_tag?post=10311"}],"curies":[{"name":"wp","href":"https:\/\/api.w.org\/{rel}","templated":true}]}}