{"id":10319,"date":"2023-07-18T12:05:34","date_gmt":"2023-07-18T12:05:34","guid":{"rendered":"https:\/\/anivet.lt\/elparduotuve\/?post_type=product&#038;p=10319"},"modified":"2026-01-21T14:53:32","modified_gmt":"2026-01-21T14:53:32","slug":"sensitive-lambrise","status":"publish","type":"product","link":"https:\/\/anivet.lt\/elparduotuve\/produktas\/sensitive-lambrise\/","title":{"rendered":"Advance Sensitive Lamb&amp;Rise"},"content":{"rendered":"<ul>\n<li style=\"font-weight: 400;\" aria-level=\"1\"><span style=\"font-weight: 400;\">Vienas baltym\u0173 \u0161altinis: Sud\u0117tyje esanti \u0117riena (17%) suteikia auk\u0161tos kokyb\u0117s baltymus ir ma\u017eina alergini\u0173 reakcij\u0173 rizik\u0105.<\/span><\/li>\n<li style=\"font-weight: 400;\" aria-level=\"1\"><span style=\"font-weight: 400;\">Lengvai vir\u0161kinami ry\u017eiai: Idealiai tinka jautri\u0105 vir\u0161kinimo sistem\u0105 turintiems \u0161unims, u\u017etikrina energijos balans\u0105.<\/span><\/li>\n<li style=\"font-weight: 400;\" aria-level=\"1\"><span style=\"font-weight: 400;\">Praturtintas inulinu: Skatina sveik\u0105 \u017earnyno mikroflor\u0105 ir gerina vir\u0161kinim\u0105.<\/span><\/li>\n<li style=\"font-weight: 400;\" aria-level=\"1\"><span style=\"font-weight: 400;\">Omega-3 ir Omega-6 r\u016bg\u0161tys: Palaiko sveik\u0105 od\u0105 ir blizgant\u012f kail\u012f, padeda suma\u017einti odos sudirginim\u0105.<\/span><\/li>\n<li style=\"font-weight: 400;\" aria-level=\"1\"><span style=\"font-weight: 400;\">Vitamin\u0173 ir mineral\u0173 kompleksas: Biotinas, cinkas ir vitaminai A, D3, E palaiko bendr\u0105 \u0161uns sveikat\u0105 ir ger\u0105 savijaut\u0105.<\/span><\/li>\n<\/ul>\n<p><span style=\"font-weight: 400;\">Tinkamas \u0161unims, turintiems jautri\u0105 vir\u0161kinimo sistem\u0105 ar odos problem\u0173. \u0160is pa\u0161aras padeda i\u0161laikyti augintinio sveikat\u0105, ger\u0105 savijaut\u0105 ir energij\u0105 kasdien\u0117ms veikloms.<\/span><\/p>\n","protected":false},"excerpt":{"rendered":"<p><span style=\"font-weight: 400;\">Visavertis ir subalansuotas super premium klas\u0117s \u0161un\u0173 maistas, sukurtas specialiai vidutini\u0173 veisli\u0173 suaugusiems \u0161unims su jautria vir\u0161kinimo sistema. Sud\u0117tyje esantis vienas baltym\u0173 \u0161altinis \u2013 \u0117riena, kartu su ry\u017eiais, u\u017etikrina lengv\u0105 vir\u0161kinim\u0105 ir puikiai tinka \u0161unims su jautria oda ar skrand\u017eiu.<\/span><\/p>\n","protected":false},"featured_media":13904,"template":"","meta":[],"product_brand":[],"product_cat":[101,103,104,316],"product_tag":[],"class_list":{"0":"post-10319","1":"product","2":"type-product","3":"status-publish","4":"has-post-thumbnail","6":"product_cat-sunims","7":"product_cat-sunu-maistas","8":"product_cat-sausas-maistas","9":"product_cat-advance-sunu-maistas","10":"pa_prekinis-zenklas-advance","12":"first","13":"instock","14":"taxable","15":"shipping-taxable","16":"purchasable","17":"product-type-variable"},"yoast_head":"<!-- This site is optimized with the Yoast SEO Premium plugin v27.1 (Yoast SEO v27.5) - https:\/\/yoast.com\/product\/yoast-seo-premium-wordpress\/ -->\n<title>Advance Sensitive Lamb&amp;Rise - anivet.lt<\/title>\n<meta name=\"description\" content=\"Visavertis ir subalansuotas super premium klas\u0117s \u0161un\u0173 maistas, sukurtas specialiai vidutini\u0173 veisli\u0173 suaugusiems \u0161unims su jautria vir\u0161kinimo sistema. Sud\u0117tyje esantis vienas baltym\u0173 \u0161altinis \u2013 \u0117riena, kartu su ry\u017eiais, u\u017etikrina lengv\u0105 vir\u0161kinim\u0105 ir puikiai tinka \u0161unims su jautria oda ar skrand\u017eiu.\" \/>\n<meta name=\"robots\" content=\"index, follow, max-snippet:-1, max-image-preview:large, max-video-preview:-1\" \/>\n<link rel=\"canonical\" href=\"https:\/\/anivet.lt\/elparduotuve\/produktas\/sensitive-lambrise\/\" \/>\n<meta property=\"og:locale\" content=\"lt_LT\" \/>\n<meta property=\"og:type\" content=\"article\" \/>\n<meta property=\"og:title\" content=\"Advance Sensitive Lamb&amp;Rise\" \/>\n<meta property=\"og:description\" content=\"Visavertis ir subalansuotas super premium klas\u0117s \u0161un\u0173 maistas, sukurtas specialiai vidutini\u0173 veisli\u0173 suaugusiems \u0161unims su jautria vir\u0161kinimo sistema. Sud\u0117tyje esantis vienas baltym\u0173 \u0161altinis \u2013 \u0117riena, kartu su ry\u017eiais, u\u017etikrina lengv\u0105 vir\u0161kinim\u0105 ir puikiai tinka \u0161unims su jautria oda ar skrand\u017eiu.\" \/>\n<meta property=\"og:url\" content=\"https:\/\/anivet.lt\/elparduotuve\/produktas\/sensitive-lambrise\/\" \/>\n<meta property=\"og:site_name\" content=\"anivet.lt\" \/>\n<meta property=\"article:modified_time\" content=\"2026-01-21T14:53:32+00:00\" \/>\n<meta property=\"og:image\" content=\"https:\/\/anivet.lt\/elparduotuve\/wp-content\/uploads\/2023\/07\/1709890148-580.png\" \/>\n\t<meta property=\"og:image:width\" content=\"650\" \/>\n\t<meta property=\"og:image:height\" content=\"650\" \/>\n\t<meta property=\"og:image:type\" content=\"image\/png\" \/>\n<meta name=\"twitter:card\" content=\"summary_large_image\" \/>\n<meta name=\"twitter:label1\" content=\"Est. reading time\" \/>\n\t<meta name=\"twitter:data1\" content=\"1 minut\u0117\" \/>\n<script type=\"application\/ld+json\" class=\"yoast-schema-graph\">{\"@context\":\"https:\\\/\\\/schema.org\",\"@graph\":[{\"@type\":\"WebPage\",\"@id\":\"https:\\\/\\\/anivet.lt\\\/elparduotuve\\\/produktas\\\/sensitive-lambrise\\\/\",\"url\":\"https:\\\/\\\/anivet.lt\\\/elparduotuve\\\/produktas\\\/sensitive-lambrise\\\/\",\"name\":\"Advance Sensitive Lamb&amp;Rise - anivet.lt\",\"isPartOf\":{\"@id\":\"https:\\\/\\\/anivet.lt\\\/elparduotuve\\\/#website\"},\"primaryImageOfPage\":{\"@id\":\"https:\\\/\\\/anivet.lt\\\/elparduotuve\\\/produktas\\\/sensitive-lambrise\\\/#primaryimage\"},\"image\":{\"@id\":\"https:\\\/\\\/anivet.lt\\\/elparduotuve\\\/produktas\\\/sensitive-lambrise\\\/#primaryimage\"},\"thumbnailUrl\":\"https:\\\/\\\/anivet.lt\\\/elparduotuve\\\/wp-content\\\/uploads\\\/2023\\\/07\\\/1709890148-580.png\",\"datePublished\":\"2023-07-18T12:05:34+00:00\",\"dateModified\":\"2026-01-21T14:53:32+00:00\",\"description\":\"Visavertis ir subalansuotas super premium klas\u0117s \u0161un\u0173 maistas, sukurtas specialiai vidutini\u0173 veisli\u0173 suaugusiems \u0161unims su jautria vir\u0161kinimo sistema. Sud\u0117tyje esantis vienas baltym\u0173 \u0161altinis \u2013 \u0117riena, kartu su ry\u017eiais, u\u017etikrina lengv\u0105 vir\u0161kinim\u0105 ir puikiai tinka \u0161unims su jautria oda ar skrand\u017eiu.\",\"breadcrumb\":{\"@id\":\"https:\\\/\\\/anivet.lt\\\/elparduotuve\\\/produktas\\\/sensitive-lambrise\\\/#breadcrumb\"},\"inLanguage\":\"lt-LT\",\"potentialAction\":[{\"@type\":\"ReadAction\",\"target\":[\"https:\\\/\\\/anivet.lt\\\/elparduotuve\\\/produktas\\\/sensitive-lambrise\\\/\"]}]},{\"@type\":\"ImageObject\",\"inLanguage\":\"lt-LT\",\"@id\":\"https:\\\/\\\/anivet.lt\\\/elparduotuve\\\/produktas\\\/sensitive-lambrise\\\/#primaryimage\",\"url\":\"https:\\\/\\\/anivet.lt\\\/elparduotuve\\\/wp-content\\\/uploads\\\/2023\\\/07\\\/1709890148-580.png\",\"contentUrl\":\"https:\\\/\\\/anivet.lt\\\/elparduotuve\\\/wp-content\\\/uploads\\\/2023\\\/07\\\/1709890148-580.png\",\"width\":650,\"height\":650,\"caption\":\"Advance Sensitive Lamb&amp;Rise\"},{\"@type\":\"BreadcrumbList\",\"@id\":\"https:\\\/\\\/anivet.lt\\\/elparduotuve\\\/produktas\\\/sensitive-lambrise\\\/#breadcrumb\",\"itemListElement\":[{\"@type\":\"ListItem\",\"position\":1,\"name\":\"Home\",\"item\":\"https:\\\/\\\/anivet.lt\\\/elparduotuve\\\/\"},{\"@type\":\"ListItem\",\"position\":2,\"name\":\"Produktai\",\"item\":\"https:\\\/\\\/anivet.lt\\\/elparduotuve\\\/produktai\\\/\"},{\"@type\":\"ListItem\",\"position\":3,\"name\":\"Advance Sensitive Lamb&amp;Rise\"}]},{\"@type\":\"WebSite\",\"@id\":\"https:\\\/\\\/anivet.lt\\\/elparduotuve\\\/#website\",\"url\":\"https:\\\/\\\/anivet.lt\\\/elparduotuve\\\/\",\"name\":\"anivet.lt\",\"description\":\"Viskas J\u016bs\u0173 \u0161uns, kat\u0117s prie\u017ei\u016brai\",\"publisher\":{\"@id\":\"https:\\\/\\\/anivet.lt\\\/elparduotuve\\\/#organization\"},\"alternateName\":\"Viskas J\u016bs\u0173 \u0161uns, kat\u0117s prie\u017ei\u016brai\",\"potentialAction\":[{\"@type\":\"SearchAction\",\"target\":{\"@type\":\"EntryPoint\",\"urlTemplate\":\"https:\\\/\\\/anivet.lt\\\/elparduotuve\\\/?s={search_term_string}\"},\"query-input\":{\"@type\":\"PropertyValueSpecification\",\"valueRequired\":true,\"valueName\":\"search_term_string\"}}],\"inLanguage\":\"lt-LT\"},{\"@type\":\"Organization\",\"@id\":\"https:\\\/\\\/anivet.lt\\\/elparduotuve\\\/#organization\",\"name\":\"Viskas J\u016bs\u0173 \u0161uns, kat\u0117s prie\u017ei\u016brai\",\"url\":\"https:\\\/\\\/anivet.lt\\\/elparduotuve\\\/\",\"logo\":{\"@type\":\"ImageObject\",\"inLanguage\":\"lt-LT\",\"@id\":\"https:\\\/\\\/anivet.lt\\\/elparduotuve\\\/#\\\/schema\\\/logo\\\/image\\\/\",\"url\":\"https:\\\/\\\/anivet.lt\\\/elparduotuve\\\/wp-content\\\/uploads\\\/2023\\\/06\\\/logo2.jpg\",\"contentUrl\":\"https:\\\/\\\/anivet.lt\\\/elparduotuve\\\/wp-content\\\/uploads\\\/2023\\\/06\\\/logo2.jpg\",\"width\":655,\"height\":194,\"caption\":\"Viskas J\u016bs\u0173 \u0161uns, kat\u0117s prie\u017ei\u016brai\"},\"image\":{\"@id\":\"https:\\\/\\\/anivet.lt\\\/elparduotuve\\\/#\\\/schema\\\/logo\\\/image\\\/\"}}]}<\/script>\n<!-- \/ Yoast SEO Premium plugin. -->","yoast_head_json":{"title":"Advance Sensitive Lamb&amp;Rise - anivet.lt","description":"Visavertis ir subalansuotas super premium klas\u0117s \u0161un\u0173 maistas, sukurtas specialiai vidutini\u0173 veisli\u0173 suaugusiems \u0161unims su jautria vir\u0161kinimo sistema. Sud\u0117tyje esantis vienas baltym\u0173 \u0161altinis \u2013 \u0117riena, kartu su ry\u017eiais, u\u017etikrina lengv\u0105 vir\u0161kinim\u0105 ir puikiai tinka \u0161unims su jautria oda ar skrand\u017eiu.","robots":{"index":"index","follow":"follow","max-snippet":"max-snippet:-1","max-image-preview":"max-image-preview:large","max-video-preview":"max-video-preview:-1"},"canonical":"https:\/\/anivet.lt\/elparduotuve\/produktas\/sensitive-lambrise\/","og_locale":"lt_LT","og_type":"article","og_title":"Advance Sensitive Lamb&amp;Rise","og_description":"Visavertis ir subalansuotas super premium klas\u0117s \u0161un\u0173 maistas, sukurtas specialiai vidutini\u0173 veisli\u0173 suaugusiems \u0161unims su jautria vir\u0161kinimo sistema. Sud\u0117tyje esantis vienas baltym\u0173 \u0161altinis \u2013 \u0117riena, kartu su ry\u017eiais, u\u017etikrina lengv\u0105 vir\u0161kinim\u0105 ir puikiai tinka \u0161unims su jautria oda ar skrand\u017eiu.","og_url":"https:\/\/anivet.lt\/elparduotuve\/produktas\/sensitive-lambrise\/","og_site_name":"anivet.lt","article_modified_time":"2026-01-21T14:53:32+00:00","og_image":[{"width":650,"height":650,"url":"https:\/\/anivet.lt\/elparduotuve\/wp-content\/uploads\/2023\/07\/1709890148-580.png","type":"image\/png"}],"twitter_card":"summary_large_image","twitter_misc":{"Est. reading time":"1 minut\u0117"},"schema":{"@context":"https:\/\/schema.org","@graph":[{"@type":"WebPage","@id":"https:\/\/anivet.lt\/elparduotuve\/produktas\/sensitive-lambrise\/","url":"https:\/\/anivet.lt\/elparduotuve\/produktas\/sensitive-lambrise\/","name":"Advance Sensitive Lamb&amp;Rise - anivet.lt","isPartOf":{"@id":"https:\/\/anivet.lt\/elparduotuve\/#website"},"primaryImageOfPage":{"@id":"https:\/\/anivet.lt\/elparduotuve\/produktas\/sensitive-lambrise\/#primaryimage"},"image":{"@id":"https:\/\/anivet.lt\/elparduotuve\/produktas\/sensitive-lambrise\/#primaryimage"},"thumbnailUrl":"https:\/\/anivet.lt\/elparduotuve\/wp-content\/uploads\/2023\/07\/1709890148-580.png","datePublished":"2023-07-18T12:05:34+00:00","dateModified":"2026-01-21T14:53:32+00:00","description":"Visavertis ir subalansuotas super premium klas\u0117s \u0161un\u0173 maistas, sukurtas specialiai vidutini\u0173 veisli\u0173 suaugusiems \u0161unims su jautria vir\u0161kinimo sistema. Sud\u0117tyje esantis vienas baltym\u0173 \u0161altinis \u2013 \u0117riena, kartu su ry\u017eiais, u\u017etikrina lengv\u0105 vir\u0161kinim\u0105 ir puikiai tinka \u0161unims su jautria oda ar skrand\u017eiu.","breadcrumb":{"@id":"https:\/\/anivet.lt\/elparduotuve\/produktas\/sensitive-lambrise\/#breadcrumb"},"inLanguage":"lt-LT","potentialAction":[{"@type":"ReadAction","target":["https:\/\/anivet.lt\/elparduotuve\/produktas\/sensitive-lambrise\/"]}]},{"@type":"ImageObject","inLanguage":"lt-LT","@id":"https:\/\/anivet.lt\/elparduotuve\/produktas\/sensitive-lambrise\/#primaryimage","url":"https:\/\/anivet.lt\/elparduotuve\/wp-content\/uploads\/2023\/07\/1709890148-580.png","contentUrl":"https:\/\/anivet.lt\/elparduotuve\/wp-content\/uploads\/2023\/07\/1709890148-580.png","width":650,"height":650,"caption":"Advance Sensitive Lamb&amp;Rise"},{"@type":"BreadcrumbList","@id":"https:\/\/anivet.lt\/elparduotuve\/produktas\/sensitive-lambrise\/#breadcrumb","itemListElement":[{"@type":"ListItem","position":1,"name":"Home","item":"https:\/\/anivet.lt\/elparduotuve\/"},{"@type":"ListItem","position":2,"name":"Produktai","item":"https:\/\/anivet.lt\/elparduotuve\/produktai\/"},{"@type":"ListItem","position":3,"name":"Advance Sensitive Lamb&amp;Rise"}]},{"@type":"WebSite","@id":"https:\/\/anivet.lt\/elparduotuve\/#website","url":"https:\/\/anivet.lt\/elparduotuve\/","name":"anivet.lt","description":"Viskas J\u016bs\u0173 \u0161uns, kat\u0117s prie\u017ei\u016brai","publisher":{"@id":"https:\/\/anivet.lt\/elparduotuve\/#organization"},"alternateName":"Viskas J\u016bs\u0173 \u0161uns, kat\u0117s prie\u017ei\u016brai","potentialAction":[{"@type":"SearchAction","target":{"@type":"EntryPoint","urlTemplate":"https:\/\/anivet.lt\/elparduotuve\/?s={search_term_string}"},"query-input":{"@type":"PropertyValueSpecification","valueRequired":true,"valueName":"search_term_string"}}],"inLanguage":"lt-LT"},{"@type":"Organization","@id":"https:\/\/anivet.lt\/elparduotuve\/#organization","name":"Viskas J\u016bs\u0173 \u0161uns, kat\u0117s prie\u017ei\u016brai","url":"https:\/\/anivet.lt\/elparduotuve\/","logo":{"@type":"ImageObject","inLanguage":"lt-LT","@id":"https:\/\/anivet.lt\/elparduotuve\/#\/schema\/logo\/image\/","url":"https:\/\/anivet.lt\/elparduotuve\/wp-content\/uploads\/2023\/06\/logo2.jpg","contentUrl":"https:\/\/anivet.lt\/elparduotuve\/wp-content\/uploads\/2023\/06\/logo2.jpg","width":655,"height":194,"caption":"Viskas J\u016bs\u0173 \u0161uns, kat\u0117s prie\u017ei\u016brai"},"image":{"@id":"https:\/\/anivet.lt\/elparduotuve\/#\/schema\/logo\/image\/"}}]}},"_links":{"self":[{"href":"https:\/\/anivet.lt\/elparduotuve\/wp-json\/wp\/v2\/product\/10319","targetHints":{"allow":["GET"]}}],"collection":[{"href":"https:\/\/anivet.lt\/elparduotuve\/wp-json\/wp\/v2\/product"}],"about":[{"href":"https:\/\/anivet.lt\/elparduotuve\/wp-json\/wp\/v2\/types\/product"}],"wp:featuredmedia":[{"embeddable":true,"href":"https:\/\/anivet.lt\/elparduotuve\/wp-json\/wp\/v2\/media\/13904"}],"wp:attachment":[{"href":"https:\/\/anivet.lt\/elparduotuve\/wp-json\/wp\/v2\/media?parent=10319"}],"wp:term":[{"taxonomy":"product_brand","embeddable":true,"href":"https:\/\/anivet.lt\/elparduotuve\/wp-json\/wp\/v2\/product_brand?post=10319"},{"taxonomy":"product_cat","embeddable":true,"href":"https:\/\/anivet.lt\/elparduotuve\/wp-json\/wp\/v2\/product_cat?post=10319"},{"taxonomy":"product_tag","embeddable":true,"href":"https:\/\/anivet.lt\/elparduotuve\/wp-json\/wp\/v2\/product_tag?post=10319"}],"curies":[{"name":"wp","href":"https:\/\/api.w.org\/{rel}","templated":true}]}}