{"id":10324,"date":"2023-07-18T12:20:09","date_gmt":"2023-07-18T12:20:09","guid":{"rendered":"https:\/\/anivet.lt\/elparduotuve\/?post_type=product&#038;p=10324"},"modified":"2026-02-23T11:16:11","modified_gmt":"2026-02-23T11:16:11","slug":"sensitive-salmonrice","status":"publish","type":"product","link":"https:\/\/anivet.lt\/elparduotuve\/produktas\/sensitive-salmonrice\/","title":{"rendered":"Advance Sensitive Salmon&amp;Rice"},"content":{"rendered":"<ul>\n<li style=\"font-weight: 400;\" aria-level=\"1\"><span style=\"font-weight: 400;\">Vienas baltym\u0173 \u0161altinis: La\u0161i\u0161a \u2013 lengvai vir\u0161kinamas baltym\u0173 \u0161altinis, tinkamas \u0161unims, jautriems \u012fvairiems maisto ingredientams.<\/span><\/li>\n<li style=\"font-weight: 400;\" aria-level=\"1\"><span style=\"font-weight: 400;\">Pagerintas vir\u0161kinimas: Ry\u017eiai ir fruktooligosacharidai padeda palaikyti sveik\u0105 \u017earnyno mikroflor\u0105.<\/span><\/li>\n<li style=\"font-weight: 400;\" aria-level=\"1\"><span style=\"font-weight: 400;\">Odos ir kailio prie\u017ei\u016bra: Omega-3, Omega-6, biotinas ir cinkas padeda palaikyti sveik\u0105 od\u0105 ir blizgant\u012f kail\u012f.<\/span><\/li>\n<li style=\"font-weight: 400;\" aria-level=\"1\"><span style=\"font-weight: 400;\">Apsauga nuo alergij\u0173: Hipoalergin\u0117 formul\u0117 be papildom\u0173 baltym\u0173 \u0161altini\u0173 suma\u017eina alergini\u0173 reakcij\u0173 rizik\u0105.<\/span><\/li>\n<li style=\"font-weight: 400;\" aria-level=\"1\"><span style=\"font-weight: 400;\">Nat\u016bral\u016bs antioksidantai: Polifenoliai ir vitaminas E stiprina imunin\u0119 sistem\u0105 ir apsaugo nuo oksidacinio streso.<\/span><\/li>\n<\/ul>\n<p><span style=\"font-weight: 400;\">\u0160is pa\u0161aras u\u017etikrina, kad j\u016bs\u0173 augintinis gaut\u0173 auk\u0161\u010diausios kokyb\u0117s mityb\u0105, pritaikyt\u0105 jautriam vir\u0161kinimui. Papildytas Omega-3 ir Omega-6 riebal\u0173 r\u016bg\u0161timis skatina blizgant\u012f kail\u012f ir sveik\u0105 od\u0105, tod\u0117l j\u016bs\u0173 \u0161uo ne tik jausis gerai, bet ir puikiai atrodys.<\/span><\/p>\n","protected":false},"excerpt":{"rendered":"<p><span style=\"font-weight: 400;\">Visavertis ir subalansuotas pa\u0161aras, skirtas vidutini\u0173 veisli\u0173 suaugusiems \u0161unims su jautria vir\u0161kinimo sistema. Recept\u016bra sukurta atsi\u017evelgiant \u012f \u0161un\u0173 su jautriu skrand\u017eiu ar odos problemomis poreikius. <\/span><\/p>\n","protected":false},"featured_media":13902,"template":"","meta":[],"product_brand":[],"product_cat":[101,103,104,316],"product_tag":[],"class_list":{"0":"post-10324","1":"product","2":"type-product","3":"status-publish","4":"has-post-thumbnail","6":"product_cat-sunims","7":"product_cat-sunu-maistas","8":"product_cat-sausas-maistas","9":"product_cat-advance-sunu-maistas","10":"pa_prekinis-zenklas-advance","12":"first","13":"instock","14":"taxable","15":"shipping-taxable","16":"purchasable","17":"product-type-variable"},"yoast_head":"<!-- This site is optimized with the Yoast SEO Premium plugin v27.1 (Yoast SEO v27.5) - https:\/\/yoast.com\/product\/yoast-seo-premium-wordpress\/ -->\n<title>Advance Sensitive Salmon&amp;Rice - anivet.lt<\/title>\n<meta name=\"description\" content=\"Visavertis ir subalansuotas pa\u0161aras, skirtas vidutini\u0173 veisli\u0173 suaugusiems \u0161unims su jautria vir\u0161kinimo sistema. Recept\u016bra sukurta atsi\u017evelgiant \u012f \u0161un\u0173 su jautriu skrand\u017eiu ar odos problemomis poreikius.\" \/>\n<meta name=\"robots\" content=\"index, follow, max-snippet:-1, max-image-preview:large, max-video-preview:-1\" \/>\n<link rel=\"canonical\" href=\"https:\/\/anivet.lt\/elparduotuve\/produktas\/sensitive-salmonrice\/\" \/>\n<meta property=\"og:locale\" content=\"lt_LT\" \/>\n<meta property=\"og:type\" content=\"article\" \/>\n<meta property=\"og:title\" content=\"Advance Sensitive Salmon&amp;Rice\" \/>\n<meta property=\"og:description\" content=\"Visavertis ir subalansuotas pa\u0161aras, skirtas vidutini\u0173 veisli\u0173 suaugusiems \u0161unims su jautria vir\u0161kinimo sistema. Recept\u016bra sukurta atsi\u017evelgiant \u012f \u0161un\u0173 su jautriu skrand\u017eiu ar odos problemomis poreikius.\" \/>\n<meta property=\"og:url\" content=\"https:\/\/anivet.lt\/elparduotuve\/produktas\/sensitive-salmonrice\/\" \/>\n<meta property=\"og:site_name\" content=\"anivet.lt\" \/>\n<meta property=\"article:modified_time\" content=\"2026-02-23T11:16:11+00:00\" \/>\n<meta property=\"og:image\" content=\"https:\/\/anivet.lt\/elparduotuve\/wp-content\/uploads\/2023\/07\/1709890481-125.png\" \/>\n\t<meta property=\"og:image:width\" content=\"650\" \/>\n\t<meta property=\"og:image:height\" content=\"650\" \/>\n\t<meta property=\"og:image:type\" content=\"image\/png\" \/>\n<meta name=\"twitter:card\" content=\"summary_large_image\" \/>\n<meta name=\"twitter:label1\" content=\"Est. reading time\" \/>\n\t<meta name=\"twitter:data1\" content=\"1 minut\u0117\" \/>\n<script type=\"application\/ld+json\" class=\"yoast-schema-graph\">{\"@context\":\"https:\\\/\\\/schema.org\",\"@graph\":[{\"@type\":\"WebPage\",\"@id\":\"https:\\\/\\\/anivet.lt\\\/elparduotuve\\\/produktas\\\/sensitive-salmonrice\\\/\",\"url\":\"https:\\\/\\\/anivet.lt\\\/elparduotuve\\\/produktas\\\/sensitive-salmonrice\\\/\",\"name\":\"Advance Sensitive Salmon&amp;Rice - anivet.lt\",\"isPartOf\":{\"@id\":\"https:\\\/\\\/anivet.lt\\\/elparduotuve\\\/#website\"},\"primaryImageOfPage\":{\"@id\":\"https:\\\/\\\/anivet.lt\\\/elparduotuve\\\/produktas\\\/sensitive-salmonrice\\\/#primaryimage\"},\"image\":{\"@id\":\"https:\\\/\\\/anivet.lt\\\/elparduotuve\\\/produktas\\\/sensitive-salmonrice\\\/#primaryimage\"},\"thumbnailUrl\":\"https:\\\/\\\/anivet.lt\\\/elparduotuve\\\/wp-content\\\/uploads\\\/2023\\\/07\\\/1709890481-125.png\",\"datePublished\":\"2023-07-18T12:20:09+00:00\",\"dateModified\":\"2026-02-23T11:16:11+00:00\",\"description\":\"Visavertis ir subalansuotas pa\u0161aras, skirtas vidutini\u0173 veisli\u0173 suaugusiems \u0161unims su jautria vir\u0161kinimo sistema. Recept\u016bra sukurta atsi\u017evelgiant \u012f \u0161un\u0173 su jautriu skrand\u017eiu ar odos problemomis poreikius.\",\"breadcrumb\":{\"@id\":\"https:\\\/\\\/anivet.lt\\\/elparduotuve\\\/produktas\\\/sensitive-salmonrice\\\/#breadcrumb\"},\"inLanguage\":\"lt-LT\",\"potentialAction\":[{\"@type\":\"ReadAction\",\"target\":[\"https:\\\/\\\/anivet.lt\\\/elparduotuve\\\/produktas\\\/sensitive-salmonrice\\\/\"]}]},{\"@type\":\"ImageObject\",\"inLanguage\":\"lt-LT\",\"@id\":\"https:\\\/\\\/anivet.lt\\\/elparduotuve\\\/produktas\\\/sensitive-salmonrice\\\/#primaryimage\",\"url\":\"https:\\\/\\\/anivet.lt\\\/elparduotuve\\\/wp-content\\\/uploads\\\/2023\\\/07\\\/1709890481-125.png\",\"contentUrl\":\"https:\\\/\\\/anivet.lt\\\/elparduotuve\\\/wp-content\\\/uploads\\\/2023\\\/07\\\/1709890481-125.png\",\"width\":650,\"height\":650,\"caption\":\"Advance Sensitive Salmon&amp;Rice\"},{\"@type\":\"BreadcrumbList\",\"@id\":\"https:\\\/\\\/anivet.lt\\\/elparduotuve\\\/produktas\\\/sensitive-salmonrice\\\/#breadcrumb\",\"itemListElement\":[{\"@type\":\"ListItem\",\"position\":1,\"name\":\"Home\",\"item\":\"https:\\\/\\\/anivet.lt\\\/elparduotuve\\\/\"},{\"@type\":\"ListItem\",\"position\":2,\"name\":\"Produktai\",\"item\":\"https:\\\/\\\/anivet.lt\\\/elparduotuve\\\/produktai\\\/\"},{\"@type\":\"ListItem\",\"position\":3,\"name\":\"Advance Sensitive Salmon&amp;Rice\"}]},{\"@type\":\"WebSite\",\"@id\":\"https:\\\/\\\/anivet.lt\\\/elparduotuve\\\/#website\",\"url\":\"https:\\\/\\\/anivet.lt\\\/elparduotuve\\\/\",\"name\":\"anivet.lt\",\"description\":\"Viskas J\u016bs\u0173 \u0161uns, kat\u0117s prie\u017ei\u016brai\",\"publisher\":{\"@id\":\"https:\\\/\\\/anivet.lt\\\/elparduotuve\\\/#organization\"},\"alternateName\":\"Viskas J\u016bs\u0173 \u0161uns, kat\u0117s prie\u017ei\u016brai\",\"potentialAction\":[{\"@type\":\"SearchAction\",\"target\":{\"@type\":\"EntryPoint\",\"urlTemplate\":\"https:\\\/\\\/anivet.lt\\\/elparduotuve\\\/?s={search_term_string}\"},\"query-input\":{\"@type\":\"PropertyValueSpecification\",\"valueRequired\":true,\"valueName\":\"search_term_string\"}}],\"inLanguage\":\"lt-LT\"},{\"@type\":\"Organization\",\"@id\":\"https:\\\/\\\/anivet.lt\\\/elparduotuve\\\/#organization\",\"name\":\"Viskas J\u016bs\u0173 \u0161uns, kat\u0117s prie\u017ei\u016brai\",\"url\":\"https:\\\/\\\/anivet.lt\\\/elparduotuve\\\/\",\"logo\":{\"@type\":\"ImageObject\",\"inLanguage\":\"lt-LT\",\"@id\":\"https:\\\/\\\/anivet.lt\\\/elparduotuve\\\/#\\\/schema\\\/logo\\\/image\\\/\",\"url\":\"https:\\\/\\\/anivet.lt\\\/elparduotuve\\\/wp-content\\\/uploads\\\/2023\\\/06\\\/logo2.jpg\",\"contentUrl\":\"https:\\\/\\\/anivet.lt\\\/elparduotuve\\\/wp-content\\\/uploads\\\/2023\\\/06\\\/logo2.jpg\",\"width\":655,\"height\":194,\"caption\":\"Viskas J\u016bs\u0173 \u0161uns, kat\u0117s prie\u017ei\u016brai\"},\"image\":{\"@id\":\"https:\\\/\\\/anivet.lt\\\/elparduotuve\\\/#\\\/schema\\\/logo\\\/image\\\/\"}}]}<\/script>\n<!-- \/ Yoast SEO Premium plugin. -->","yoast_head_json":{"title":"Advance Sensitive Salmon&amp;Rice - anivet.lt","description":"Visavertis ir subalansuotas pa\u0161aras, skirtas vidutini\u0173 veisli\u0173 suaugusiems \u0161unims su jautria vir\u0161kinimo sistema. Recept\u016bra sukurta atsi\u017evelgiant \u012f \u0161un\u0173 su jautriu skrand\u017eiu ar odos problemomis poreikius.","robots":{"index":"index","follow":"follow","max-snippet":"max-snippet:-1","max-image-preview":"max-image-preview:large","max-video-preview":"max-video-preview:-1"},"canonical":"https:\/\/anivet.lt\/elparduotuve\/produktas\/sensitive-salmonrice\/","og_locale":"lt_LT","og_type":"article","og_title":"Advance Sensitive Salmon&amp;Rice","og_description":"Visavertis ir subalansuotas pa\u0161aras, skirtas vidutini\u0173 veisli\u0173 suaugusiems \u0161unims su jautria vir\u0161kinimo sistema. Recept\u016bra sukurta atsi\u017evelgiant \u012f \u0161un\u0173 su jautriu skrand\u017eiu ar odos problemomis poreikius.","og_url":"https:\/\/anivet.lt\/elparduotuve\/produktas\/sensitive-salmonrice\/","og_site_name":"anivet.lt","article_modified_time":"2026-02-23T11:16:11+00:00","og_image":[{"width":650,"height":650,"url":"https:\/\/anivet.lt\/elparduotuve\/wp-content\/uploads\/2023\/07\/1709890481-125.png","type":"image\/png"}],"twitter_card":"summary_large_image","twitter_misc":{"Est. reading time":"1 minut\u0117"},"schema":{"@context":"https:\/\/schema.org","@graph":[{"@type":"WebPage","@id":"https:\/\/anivet.lt\/elparduotuve\/produktas\/sensitive-salmonrice\/","url":"https:\/\/anivet.lt\/elparduotuve\/produktas\/sensitive-salmonrice\/","name":"Advance Sensitive Salmon&amp;Rice - anivet.lt","isPartOf":{"@id":"https:\/\/anivet.lt\/elparduotuve\/#website"},"primaryImageOfPage":{"@id":"https:\/\/anivet.lt\/elparduotuve\/produktas\/sensitive-salmonrice\/#primaryimage"},"image":{"@id":"https:\/\/anivet.lt\/elparduotuve\/produktas\/sensitive-salmonrice\/#primaryimage"},"thumbnailUrl":"https:\/\/anivet.lt\/elparduotuve\/wp-content\/uploads\/2023\/07\/1709890481-125.png","datePublished":"2023-07-18T12:20:09+00:00","dateModified":"2026-02-23T11:16:11+00:00","description":"Visavertis ir subalansuotas pa\u0161aras, skirtas vidutini\u0173 veisli\u0173 suaugusiems \u0161unims su jautria vir\u0161kinimo sistema. Recept\u016bra sukurta atsi\u017evelgiant \u012f \u0161un\u0173 su jautriu skrand\u017eiu ar odos problemomis poreikius.","breadcrumb":{"@id":"https:\/\/anivet.lt\/elparduotuve\/produktas\/sensitive-salmonrice\/#breadcrumb"},"inLanguage":"lt-LT","potentialAction":[{"@type":"ReadAction","target":["https:\/\/anivet.lt\/elparduotuve\/produktas\/sensitive-salmonrice\/"]}]},{"@type":"ImageObject","inLanguage":"lt-LT","@id":"https:\/\/anivet.lt\/elparduotuve\/produktas\/sensitive-salmonrice\/#primaryimage","url":"https:\/\/anivet.lt\/elparduotuve\/wp-content\/uploads\/2023\/07\/1709890481-125.png","contentUrl":"https:\/\/anivet.lt\/elparduotuve\/wp-content\/uploads\/2023\/07\/1709890481-125.png","width":650,"height":650,"caption":"Advance Sensitive Salmon&amp;Rice"},{"@type":"BreadcrumbList","@id":"https:\/\/anivet.lt\/elparduotuve\/produktas\/sensitive-salmonrice\/#breadcrumb","itemListElement":[{"@type":"ListItem","position":1,"name":"Home","item":"https:\/\/anivet.lt\/elparduotuve\/"},{"@type":"ListItem","position":2,"name":"Produktai","item":"https:\/\/anivet.lt\/elparduotuve\/produktai\/"},{"@type":"ListItem","position":3,"name":"Advance Sensitive Salmon&amp;Rice"}]},{"@type":"WebSite","@id":"https:\/\/anivet.lt\/elparduotuve\/#website","url":"https:\/\/anivet.lt\/elparduotuve\/","name":"anivet.lt","description":"Viskas J\u016bs\u0173 \u0161uns, kat\u0117s prie\u017ei\u016brai","publisher":{"@id":"https:\/\/anivet.lt\/elparduotuve\/#organization"},"alternateName":"Viskas J\u016bs\u0173 \u0161uns, kat\u0117s prie\u017ei\u016brai","potentialAction":[{"@type":"SearchAction","target":{"@type":"EntryPoint","urlTemplate":"https:\/\/anivet.lt\/elparduotuve\/?s={search_term_string}"},"query-input":{"@type":"PropertyValueSpecification","valueRequired":true,"valueName":"search_term_string"}}],"inLanguage":"lt-LT"},{"@type":"Organization","@id":"https:\/\/anivet.lt\/elparduotuve\/#organization","name":"Viskas J\u016bs\u0173 \u0161uns, kat\u0117s prie\u017ei\u016brai","url":"https:\/\/anivet.lt\/elparduotuve\/","logo":{"@type":"ImageObject","inLanguage":"lt-LT","@id":"https:\/\/anivet.lt\/elparduotuve\/#\/schema\/logo\/image\/","url":"https:\/\/anivet.lt\/elparduotuve\/wp-content\/uploads\/2023\/06\/logo2.jpg","contentUrl":"https:\/\/anivet.lt\/elparduotuve\/wp-content\/uploads\/2023\/06\/logo2.jpg","width":655,"height":194,"caption":"Viskas J\u016bs\u0173 \u0161uns, kat\u0117s prie\u017ei\u016brai"},"image":{"@id":"https:\/\/anivet.lt\/elparduotuve\/#\/schema\/logo\/image\/"}}]}},"_links":{"self":[{"href":"https:\/\/anivet.lt\/elparduotuve\/wp-json\/wp\/v2\/product\/10324","targetHints":{"allow":["GET"]}}],"collection":[{"href":"https:\/\/anivet.lt\/elparduotuve\/wp-json\/wp\/v2\/product"}],"about":[{"href":"https:\/\/anivet.lt\/elparduotuve\/wp-json\/wp\/v2\/types\/product"}],"wp:featuredmedia":[{"embeddable":true,"href":"https:\/\/anivet.lt\/elparduotuve\/wp-json\/wp\/v2\/media\/13902"}],"wp:attachment":[{"href":"https:\/\/anivet.lt\/elparduotuve\/wp-json\/wp\/v2\/media?parent=10324"}],"wp:term":[{"taxonomy":"product_brand","embeddable":true,"href":"https:\/\/anivet.lt\/elparduotuve\/wp-json\/wp\/v2\/product_brand?post=10324"},{"taxonomy":"product_cat","embeddable":true,"href":"https:\/\/anivet.lt\/elparduotuve\/wp-json\/wp\/v2\/product_cat?post=10324"},{"taxonomy":"product_tag","embeddable":true,"href":"https:\/\/anivet.lt\/elparduotuve\/wp-json\/wp\/v2\/product_tag?post=10324"}],"curies":[{"name":"wp","href":"https:\/\/api.w.org\/{rel}","templated":true}]}}