{"id":10338,"date":"2023-07-18T13:13:31","date_gmt":"2023-07-18T13:13:31","guid":{"rendered":"https:\/\/anivet.lt\/elparduotuve\/?post_type=product&#038;p=10338"},"modified":"2025-05-27T13:26:50","modified_gmt":"2025-05-27T13:26:50","slug":"german-shepherd-12-kg","status":"publish","type":"product","link":"https:\/\/anivet.lt\/elparduotuve\/produktas\/german-shepherd-12-kg\/","title":{"rendered":"Advance German Shepherd 12 kg"},"content":{"rendered":"<ul>\n<li style=\"font-weight: 400;\" aria-level=\"1\"><span style=\"font-weight: 400;\">S\u0105nari\u0173 apsauga: Chondroitinas ir gliukozaminas palaiko sveik\u0105 kremzli\u0173 b\u016bkl\u0119.<\/span><\/li>\n<li style=\"font-weight: 400;\" aria-level=\"1\"><span style=\"font-weight: 400;\">Oda ir kailis: Omega-3, Omega-6 riebal\u0173 r\u016bg\u0161tys, biotinas ir cinkas u\u017etikrina sveik\u0105 od\u0105 bei blizgant\u012f kail\u012f.<\/span><\/li>\n<li style=\"font-weight: 400;\" aria-level=\"1\"><span style=\"font-weight: 400;\">Dant\u0173 prie\u017ei\u016bra: \u017dalioji arbata ir pirofosfatai apsaugo nuo dant\u0173 akmen\u0173 susidarymo ir u\u017etikrina gaiv\u0173 burnos kvap\u0105.<\/span><\/li>\n<li style=\"font-weight: 400;\" aria-level=\"1\"><span style=\"font-weight: 400;\">\u017darnyno sveikata: Kokos\u0173 aliejus, prebiotikai ir aktyv\u016bs imunoglobulinai palaiko sveik\u0105 vir\u0161kinim\u0105 bei stiprina imunin\u0119 sistem\u0105.<\/span><\/li>\n<\/ul>\n<p><span style=\"font-weight: 400;\">\u201eAdvance German Shepherd\u201d pa\u0161aras yra kruop\u0161\u010diai sukurtas pagal specifinius Vokie\u010di\u0173 avigani\u0173 poreikius, u\u017etikrinant visapusi\u0161k\u0105 sveikatos palaikym\u0105. Jo sud\u0117tyje esantys auk\u0161tos kokyb\u0117s ingredientai bei veiksmingi priedai padeda r\u016bpintis s\u0105nariais, vir\u0161kinimo sistema, kailio spindesiu ir dant\u0173 sveikata. Puikus sprendimas j\u016bs\u0173 \u0161uns ilgaam\u017ei\u0161kumui ir gerovei.<\/span><\/p>\n","protected":false},"excerpt":{"rendered":"<p><span style=\"font-weight: 400;\">Visavertis ir subalansuotas super premium klas\u0117s pa\u0161aras, sukurtas specialiai Vokie\u010di\u0173 avigani\u0173 veisl\u0117s \u0161unims. \u0160is pa\u0161aras praturtintas unikalia formule, kuri padeda palaikyti optimal\u0173 \u0161uns sveikatos lyg\u012f \u2013 nuo \u017earnyno funkcijos iki s\u0105nari\u0173 bei odos b\u016bkl\u0117s.<\/span><\/p>\n","protected":false},"featured_media":13899,"template":"","meta":[],"product_brand":[],"product_cat":[101,103,104,316],"product_tag":[],"class_list":{"0":"post-10338","1":"product","2":"type-product","3":"status-publish","4":"has-post-thumbnail","6":"product_cat-sunims","7":"product_cat-sunu-maistas","8":"product_cat-sausas-maistas","9":"product_cat-advance-sunu-maistas","10":"pa_prekinis-zenklas-advance","12":"first","13":"instock","14":"taxable","15":"shipping-taxable","16":"purchasable","17":"product-type-simple"},"yoast_head":"<!-- This site is optimized with the Yoast SEO Premium plugin v27.1 (Yoast SEO v27.5) - https:\/\/yoast.com\/product\/yoast-seo-premium-wordpress\/ -->\n<title>Advance German Shepherd 12 kg - anivet.lt<\/title>\n<meta name=\"description\" content=\"Visavertis ir subalansuotas super premium klas\u0117s pa\u0161aras, sukurtas specialiai Vokie\u010di\u0173 avigani\u0173 veisl\u0117s \u0161unims. \u0160is pa\u0161aras praturtintas unikalia formule, kuri padeda palaikyti optimal\u0173 \u0161uns sveikatos lyg\u012f \u2013 nuo \u017earnyno funkcijos iki s\u0105nari\u0173 bei odos b\u016bkl\u0117s.\" \/>\n<meta name=\"robots\" content=\"index, follow, max-snippet:-1, max-image-preview:large, max-video-preview:-1\" \/>\n<link rel=\"canonical\" href=\"https:\/\/anivet.lt\/elparduotuve\/produktas\/german-shepherd-12-kg\/\" \/>\n<meta property=\"og:locale\" content=\"lt_LT\" \/>\n<meta property=\"og:type\" content=\"article\" \/>\n<meta property=\"og:title\" content=\"Advance German Shepherd 12 kg\" \/>\n<meta property=\"og:description\" content=\"Visavertis ir subalansuotas super premium klas\u0117s pa\u0161aras, sukurtas specialiai Vokie\u010di\u0173 avigani\u0173 veisl\u0117s \u0161unims. \u0160is pa\u0161aras praturtintas unikalia formule, kuri padeda palaikyti optimal\u0173 \u0161uns sveikatos lyg\u012f \u2013 nuo \u017earnyno funkcijos iki s\u0105nari\u0173 bei odos b\u016bkl\u0117s.\" \/>\n<meta property=\"og:url\" content=\"https:\/\/anivet.lt\/elparduotuve\/produktas\/german-shepherd-12-kg\/\" \/>\n<meta property=\"og:site_name\" content=\"anivet.lt\" \/>\n<meta property=\"article:modified_time\" content=\"2025-05-27T13:26:50+00:00\" \/>\n<meta property=\"og:image\" content=\"https:\/\/anivet.lt\/elparduotuve\/wp-content\/uploads\/2023\/07\/1701332524-809.png\" \/>\n\t<meta property=\"og:image:width\" content=\"650\" \/>\n\t<meta property=\"og:image:height\" content=\"650\" \/>\n\t<meta property=\"og:image:type\" content=\"image\/png\" \/>\n<meta name=\"twitter:card\" content=\"summary_large_image\" \/>\n<meta name=\"twitter:label1\" content=\"Est. reading time\" \/>\n\t<meta name=\"twitter:data1\" content=\"1 minut\u0117\" \/>\n<script type=\"application\/ld+json\" class=\"yoast-schema-graph\">{\"@context\":\"https:\\\/\\\/schema.org\",\"@graph\":[{\"@type\":\"WebPage\",\"@id\":\"https:\\\/\\\/anivet.lt\\\/elparduotuve\\\/produktas\\\/german-shepherd-12-kg\\\/\",\"url\":\"https:\\\/\\\/anivet.lt\\\/elparduotuve\\\/produktas\\\/german-shepherd-12-kg\\\/\",\"name\":\"Advance German Shepherd 12 kg - anivet.lt\",\"isPartOf\":{\"@id\":\"https:\\\/\\\/anivet.lt\\\/elparduotuve\\\/#website\"},\"primaryImageOfPage\":{\"@id\":\"https:\\\/\\\/anivet.lt\\\/elparduotuve\\\/produktas\\\/german-shepherd-12-kg\\\/#primaryimage\"},\"image\":{\"@id\":\"https:\\\/\\\/anivet.lt\\\/elparduotuve\\\/produktas\\\/german-shepherd-12-kg\\\/#primaryimage\"},\"thumbnailUrl\":\"https:\\\/\\\/anivet.lt\\\/elparduotuve\\\/wp-content\\\/uploads\\\/2023\\\/07\\\/1701332524-809.png\",\"datePublished\":\"2023-07-18T13:13:31+00:00\",\"dateModified\":\"2025-05-27T13:26:50+00:00\",\"description\":\"Visavertis ir subalansuotas super premium klas\u0117s pa\u0161aras, sukurtas specialiai Vokie\u010di\u0173 avigani\u0173 veisl\u0117s \u0161unims. \u0160is pa\u0161aras praturtintas unikalia formule, kuri padeda palaikyti optimal\u0173 \u0161uns sveikatos lyg\u012f \u2013 nuo \u017earnyno funkcijos iki s\u0105nari\u0173 bei odos b\u016bkl\u0117s.\",\"breadcrumb\":{\"@id\":\"https:\\\/\\\/anivet.lt\\\/elparduotuve\\\/produktas\\\/german-shepherd-12-kg\\\/#breadcrumb\"},\"inLanguage\":\"lt-LT\",\"potentialAction\":[{\"@type\":\"ReadAction\",\"target\":[\"https:\\\/\\\/anivet.lt\\\/elparduotuve\\\/produktas\\\/german-shepherd-12-kg\\\/\"]}]},{\"@type\":\"ImageObject\",\"inLanguage\":\"lt-LT\",\"@id\":\"https:\\\/\\\/anivet.lt\\\/elparduotuve\\\/produktas\\\/german-shepherd-12-kg\\\/#primaryimage\",\"url\":\"https:\\\/\\\/anivet.lt\\\/elparduotuve\\\/wp-content\\\/uploads\\\/2023\\\/07\\\/1701332524-809.png\",\"contentUrl\":\"https:\\\/\\\/anivet.lt\\\/elparduotuve\\\/wp-content\\\/uploads\\\/2023\\\/07\\\/1701332524-809.png\",\"width\":650,\"height\":650,\"caption\":\"Advance German Shepherd 12 kg\"},{\"@type\":\"BreadcrumbList\",\"@id\":\"https:\\\/\\\/anivet.lt\\\/elparduotuve\\\/produktas\\\/german-shepherd-12-kg\\\/#breadcrumb\",\"itemListElement\":[{\"@type\":\"ListItem\",\"position\":1,\"name\":\"Home\",\"item\":\"https:\\\/\\\/anivet.lt\\\/elparduotuve\\\/\"},{\"@type\":\"ListItem\",\"position\":2,\"name\":\"Produktai\",\"item\":\"https:\\\/\\\/anivet.lt\\\/elparduotuve\\\/produktai\\\/\"},{\"@type\":\"ListItem\",\"position\":3,\"name\":\"Advance German Shepherd 12 kg\"}]},{\"@type\":\"WebSite\",\"@id\":\"https:\\\/\\\/anivet.lt\\\/elparduotuve\\\/#website\",\"url\":\"https:\\\/\\\/anivet.lt\\\/elparduotuve\\\/\",\"name\":\"anivet.lt\",\"description\":\"Viskas J\u016bs\u0173 \u0161uns, kat\u0117s prie\u017ei\u016brai\",\"publisher\":{\"@id\":\"https:\\\/\\\/anivet.lt\\\/elparduotuve\\\/#organization\"},\"alternateName\":\"Viskas J\u016bs\u0173 \u0161uns, kat\u0117s prie\u017ei\u016brai\",\"potentialAction\":[{\"@type\":\"SearchAction\",\"target\":{\"@type\":\"EntryPoint\",\"urlTemplate\":\"https:\\\/\\\/anivet.lt\\\/elparduotuve\\\/?s={search_term_string}\"},\"query-input\":{\"@type\":\"PropertyValueSpecification\",\"valueRequired\":true,\"valueName\":\"search_term_string\"}}],\"inLanguage\":\"lt-LT\"},{\"@type\":\"Organization\",\"@id\":\"https:\\\/\\\/anivet.lt\\\/elparduotuve\\\/#organization\",\"name\":\"Viskas J\u016bs\u0173 \u0161uns, kat\u0117s prie\u017ei\u016brai\",\"url\":\"https:\\\/\\\/anivet.lt\\\/elparduotuve\\\/\",\"logo\":{\"@type\":\"ImageObject\",\"inLanguage\":\"lt-LT\",\"@id\":\"https:\\\/\\\/anivet.lt\\\/elparduotuve\\\/#\\\/schema\\\/logo\\\/image\\\/\",\"url\":\"https:\\\/\\\/anivet.lt\\\/elparduotuve\\\/wp-content\\\/uploads\\\/2023\\\/06\\\/logo2.jpg\",\"contentUrl\":\"https:\\\/\\\/anivet.lt\\\/elparduotuve\\\/wp-content\\\/uploads\\\/2023\\\/06\\\/logo2.jpg\",\"width\":655,\"height\":194,\"caption\":\"Viskas J\u016bs\u0173 \u0161uns, kat\u0117s prie\u017ei\u016brai\"},\"image\":{\"@id\":\"https:\\\/\\\/anivet.lt\\\/elparduotuve\\\/#\\\/schema\\\/logo\\\/image\\\/\"}}]}<\/script>\n<!-- \/ Yoast SEO Premium plugin. -->","yoast_head_json":{"title":"Advance German Shepherd 12 kg - anivet.lt","description":"Visavertis ir subalansuotas super premium klas\u0117s pa\u0161aras, sukurtas specialiai Vokie\u010di\u0173 avigani\u0173 veisl\u0117s \u0161unims. \u0160is pa\u0161aras praturtintas unikalia formule, kuri padeda palaikyti optimal\u0173 \u0161uns sveikatos lyg\u012f \u2013 nuo \u017earnyno funkcijos iki s\u0105nari\u0173 bei odos b\u016bkl\u0117s.","robots":{"index":"index","follow":"follow","max-snippet":"max-snippet:-1","max-image-preview":"max-image-preview:large","max-video-preview":"max-video-preview:-1"},"canonical":"https:\/\/anivet.lt\/elparduotuve\/produktas\/german-shepherd-12-kg\/","og_locale":"lt_LT","og_type":"article","og_title":"Advance German Shepherd 12 kg","og_description":"Visavertis ir subalansuotas super premium klas\u0117s pa\u0161aras, sukurtas specialiai Vokie\u010di\u0173 avigani\u0173 veisl\u0117s \u0161unims. \u0160is pa\u0161aras praturtintas unikalia formule, kuri padeda palaikyti optimal\u0173 \u0161uns sveikatos lyg\u012f \u2013 nuo \u017earnyno funkcijos iki s\u0105nari\u0173 bei odos b\u016bkl\u0117s.","og_url":"https:\/\/anivet.lt\/elparduotuve\/produktas\/german-shepherd-12-kg\/","og_site_name":"anivet.lt","article_modified_time":"2025-05-27T13:26:50+00:00","og_image":[{"width":650,"height":650,"url":"https:\/\/anivet.lt\/elparduotuve\/wp-content\/uploads\/2023\/07\/1701332524-809.png","type":"image\/png"}],"twitter_card":"summary_large_image","twitter_misc":{"Est. reading time":"1 minut\u0117"},"schema":{"@context":"https:\/\/schema.org","@graph":[{"@type":"WebPage","@id":"https:\/\/anivet.lt\/elparduotuve\/produktas\/german-shepherd-12-kg\/","url":"https:\/\/anivet.lt\/elparduotuve\/produktas\/german-shepherd-12-kg\/","name":"Advance German Shepherd 12 kg - anivet.lt","isPartOf":{"@id":"https:\/\/anivet.lt\/elparduotuve\/#website"},"primaryImageOfPage":{"@id":"https:\/\/anivet.lt\/elparduotuve\/produktas\/german-shepherd-12-kg\/#primaryimage"},"image":{"@id":"https:\/\/anivet.lt\/elparduotuve\/produktas\/german-shepherd-12-kg\/#primaryimage"},"thumbnailUrl":"https:\/\/anivet.lt\/elparduotuve\/wp-content\/uploads\/2023\/07\/1701332524-809.png","datePublished":"2023-07-18T13:13:31+00:00","dateModified":"2025-05-27T13:26:50+00:00","description":"Visavertis ir subalansuotas super premium klas\u0117s pa\u0161aras, sukurtas specialiai Vokie\u010di\u0173 avigani\u0173 veisl\u0117s \u0161unims. \u0160is pa\u0161aras praturtintas unikalia formule, kuri padeda palaikyti optimal\u0173 \u0161uns sveikatos lyg\u012f \u2013 nuo \u017earnyno funkcijos iki s\u0105nari\u0173 bei odos b\u016bkl\u0117s.","breadcrumb":{"@id":"https:\/\/anivet.lt\/elparduotuve\/produktas\/german-shepherd-12-kg\/#breadcrumb"},"inLanguage":"lt-LT","potentialAction":[{"@type":"ReadAction","target":["https:\/\/anivet.lt\/elparduotuve\/produktas\/german-shepherd-12-kg\/"]}]},{"@type":"ImageObject","inLanguage":"lt-LT","@id":"https:\/\/anivet.lt\/elparduotuve\/produktas\/german-shepherd-12-kg\/#primaryimage","url":"https:\/\/anivet.lt\/elparduotuve\/wp-content\/uploads\/2023\/07\/1701332524-809.png","contentUrl":"https:\/\/anivet.lt\/elparduotuve\/wp-content\/uploads\/2023\/07\/1701332524-809.png","width":650,"height":650,"caption":"Advance German Shepherd 12 kg"},{"@type":"BreadcrumbList","@id":"https:\/\/anivet.lt\/elparduotuve\/produktas\/german-shepherd-12-kg\/#breadcrumb","itemListElement":[{"@type":"ListItem","position":1,"name":"Home","item":"https:\/\/anivet.lt\/elparduotuve\/"},{"@type":"ListItem","position":2,"name":"Produktai","item":"https:\/\/anivet.lt\/elparduotuve\/produktai\/"},{"@type":"ListItem","position":3,"name":"Advance German Shepherd 12 kg"}]},{"@type":"WebSite","@id":"https:\/\/anivet.lt\/elparduotuve\/#website","url":"https:\/\/anivet.lt\/elparduotuve\/","name":"anivet.lt","description":"Viskas J\u016bs\u0173 \u0161uns, kat\u0117s prie\u017ei\u016brai","publisher":{"@id":"https:\/\/anivet.lt\/elparduotuve\/#organization"},"alternateName":"Viskas J\u016bs\u0173 \u0161uns, kat\u0117s prie\u017ei\u016brai","potentialAction":[{"@type":"SearchAction","target":{"@type":"EntryPoint","urlTemplate":"https:\/\/anivet.lt\/elparduotuve\/?s={search_term_string}"},"query-input":{"@type":"PropertyValueSpecification","valueRequired":true,"valueName":"search_term_string"}}],"inLanguage":"lt-LT"},{"@type":"Organization","@id":"https:\/\/anivet.lt\/elparduotuve\/#organization","name":"Viskas J\u016bs\u0173 \u0161uns, kat\u0117s prie\u017ei\u016brai","url":"https:\/\/anivet.lt\/elparduotuve\/","logo":{"@type":"ImageObject","inLanguage":"lt-LT","@id":"https:\/\/anivet.lt\/elparduotuve\/#\/schema\/logo\/image\/","url":"https:\/\/anivet.lt\/elparduotuve\/wp-content\/uploads\/2023\/06\/logo2.jpg","contentUrl":"https:\/\/anivet.lt\/elparduotuve\/wp-content\/uploads\/2023\/06\/logo2.jpg","width":655,"height":194,"caption":"Viskas J\u016bs\u0173 \u0161uns, kat\u0117s prie\u017ei\u016brai"},"image":{"@id":"https:\/\/anivet.lt\/elparduotuve\/#\/schema\/logo\/image\/"}}]}},"_links":{"self":[{"href":"https:\/\/anivet.lt\/elparduotuve\/wp-json\/wp\/v2\/product\/10338","targetHints":{"allow":["GET"]}}],"collection":[{"href":"https:\/\/anivet.lt\/elparduotuve\/wp-json\/wp\/v2\/product"}],"about":[{"href":"https:\/\/anivet.lt\/elparduotuve\/wp-json\/wp\/v2\/types\/product"}],"wp:featuredmedia":[{"embeddable":true,"href":"https:\/\/anivet.lt\/elparduotuve\/wp-json\/wp\/v2\/media\/13899"}],"wp:attachment":[{"href":"https:\/\/anivet.lt\/elparduotuve\/wp-json\/wp\/v2\/media?parent=10338"}],"wp:term":[{"taxonomy":"product_brand","embeddable":true,"href":"https:\/\/anivet.lt\/elparduotuve\/wp-json\/wp\/v2\/product_brand?post=10338"},{"taxonomy":"product_cat","embeddable":true,"href":"https:\/\/anivet.lt\/elparduotuve\/wp-json\/wp\/v2\/product_cat?post=10338"},{"taxonomy":"product_tag","embeddable":true,"href":"https:\/\/anivet.lt\/elparduotuve\/wp-json\/wp\/v2\/product_tag?post=10338"}],"curies":[{"name":"wp","href":"https:\/\/api.w.org\/{rel}","templated":true}]}}