{"id":10347,"date":"2023-07-18T17:34:46","date_gmt":"2023-07-18T17:34:46","guid":{"rendered":"https:\/\/anivet.lt\/elparduotuve\/?post_type=product&#038;p=10347"},"modified":"2026-01-20T18:28:51","modified_gmt":"2026-01-20T18:28:51","slug":"sterilized-hairball","status":"publish","type":"product","link":"https:\/\/anivet.lt\/elparduotuve\/produktas\/sterilized-hairball\/","title":{"rendered":"Advance Sterilized Hairball"},"content":{"rendered":"<ul>\n<li style=\"font-weight: 400;\" aria-level=\"1\"><span style=\"font-weight: 400;\">Plauk\u0173 kamuoli\u0173 prevencija: Avi\u017e\u0173 pluo\u0161tas, \u017eirni\u0173 skaidulos ir salyklo ekstraktas padeda u\u017ekirsti keli\u0105 plauk\u0173 kaupimuisi vir\u0161kinimo trakte.<\/span><\/li>\n<li style=\"font-weight: 400;\" aria-level=\"1\"><span style=\"font-weight: 400;\">Svorio kontrol\u0117: Skaidulos ir L-Karnitinas padeda efektyviai metabolizuoti riebalus.<\/span><\/li>\n<li style=\"font-weight: 400;\" aria-level=\"1\"><span style=\"font-weight: 400;\">Burnos higiena: Pirofosfatai padeda suma\u017einti dant\u0173 akmen\u0173 kaupim\u0105si ir u\u017etikrina gaiv\u0173 burnos ertm\u0117s kvap\u0105.<\/span><\/li>\n<li style=\"font-weight: 400;\" aria-level=\"1\"><span style=\"font-weight: 400;\">\u0160lapimo tak\u0173 sveikata: Mineral\u0173 ir specifini\u0173 ingredient\u0173 derinys palaiko optimal\u0173 \u0161lapimo pH.<\/span><\/li>\n<li style=\"font-weight: 400;\" aria-level=\"1\"><span style=\"font-weight: 400;\">Lengvai vir\u0161kinami ingredientai: Kalakutiena ir mie\u017eiai u\u017etikrina auk\u0161tos kokyb\u0117s baltym\u0173 ir angliavandeni\u0173 \u0161altin\u012f.<\/span><\/li>\n<\/ul>\n<p><span style=\"font-weight: 400;\">\u0160is pa\u0161aras padeda palaikyti sterilizuot\u0173 ka\u010di\u0173 sveikat\u0105 ir gerov\u0119, u\u017etikrina efektyv\u0173 vir\u0161kinim\u0105 bei palaiko \u0161vari\u0105 burnos ertm\u0119. J\u016bs\u0173 augintin\u0117 jausis energinga ir d\u017eiaugsis puikia sveikata, o j\u016bs b\u016bsite ram\u016bs d\u0117l subalansuotos ir kokybi\u0161kos jos mitybos.<\/span><\/p>\n","protected":false},"excerpt":{"rendered":"<p><span style=\"font-weight: 400;\">Visavertis ir subalansuotas super premium klas\u0117s maistas, specialiai sukurtas sterilizuotoms kat\u0117ms, daugiausia gyvenan\u010dioms patalpose. \u0160is pa\u0161aras idealiai tinka kat\u0117ms, linkusioms formuoti plauk\u0173 kamuolius, d\u0117l unikalios formul\u0117s, praturtintos nat\u016braliais pluo\u0161tais, avi\u017e\u0173 ir \u017eali\u0173j\u0173 \u017eirni\u0173 skaidulomis bei salyklo ekstraktu.<\/span><\/p>\n","protected":false},"featured_media":14213,"template":"","meta":[],"product_brand":[],"product_cat":[114,115,102,325],"product_tag":[],"class_list":{"0":"post-10347","1":"product","2":"type-product","3":"status-publish","4":"has-post-thumbnail","6":"product_cat-kaciu-maistas","7":"product_cat-sausas-maistas-ir-skanestai-katems","8":"product_cat-katems","9":"product_cat-advance-kaciu-maistas","10":"pa_prekinis-zenklas-advance","12":"first","13":"instock","14":"sale","15":"taxable","16":"shipping-taxable","17":"purchasable","18":"product-type-variable"},"yoast_head":"<!-- This site is optimized with the Yoast SEO Premium plugin v27.1 (Yoast SEO v27.3) - https:\/\/yoast.com\/product\/yoast-seo-premium-wordpress\/ -->\n<title>Advance Sterilized Hairball - anivet.lt<\/title>\n<meta name=\"description\" content=\"Visavertis ir subalansuotas super premium klas\u0117s maistas, specialiai sukurtas sterilizuotoms kat\u0117ms, daugiausia gyvenan\u010dioms patalpose. \u0160is pa\u0161aras idealiai tinka kat\u0117ms, linkusioms formuoti plauk\u0173 kamuolius, d\u0117l unikalios formul\u0117s, praturtintos nat\u016braliais pluo\u0161tais, avi\u017e\u0173 ir \u017eali\u0173j\u0173 \u017eirni\u0173 skaidulomis bei salyklo ekstraktu.\" \/>\n<meta name=\"robots\" content=\"index, follow, max-snippet:-1, max-image-preview:large, max-video-preview:-1\" \/>\n<link rel=\"canonical\" href=\"https:\/\/anivet.lt\/elparduotuve\/produktas\/sterilized-hairball\/\" \/>\n<meta property=\"og:locale\" content=\"lt_LT\" \/>\n<meta property=\"og:type\" content=\"article\" \/>\n<meta property=\"og:title\" content=\"Advance Sterilized Hairball\" \/>\n<meta property=\"og:description\" content=\"Visavertis ir subalansuotas super premium klas\u0117s maistas, specialiai sukurtas sterilizuotoms kat\u0117ms, daugiausia gyvenan\u010dioms patalpose. \u0160is pa\u0161aras idealiai tinka kat\u0117ms, linkusioms formuoti plauk\u0173 kamuolius, d\u0117l unikalios formul\u0117s, praturtintos nat\u016braliais pluo\u0161tais, avi\u017e\u0173 ir \u017eali\u0173j\u0173 \u017eirni\u0173 skaidulomis bei salyklo ekstraktu.\" \/>\n<meta property=\"og:url\" content=\"https:\/\/anivet.lt\/elparduotuve\/produktas\/sterilized-hairball\/\" \/>\n<meta property=\"og:site_name\" content=\"anivet.lt\" \/>\n<meta property=\"article:modified_time\" content=\"2026-01-20T18:28:51+00:00\" \/>\n<meta property=\"og:image\" content=\"https:\/\/anivet.lt\/elparduotuve\/wp-content\/uploads\/2023\/07\/Sterilized-Hairball-15kg.png\" \/>\n\t<meta property=\"og:image:width\" content=\"650\" \/>\n\t<meta property=\"og:image:height\" content=\"650\" \/>\n\t<meta property=\"og:image:type\" content=\"image\/png\" \/>\n<meta name=\"twitter:card\" content=\"summary_large_image\" \/>\n<meta name=\"twitter:label1\" content=\"Est. reading time\" \/>\n\t<meta name=\"twitter:data1\" content=\"1 minut\u0117\" \/>\n<script type=\"application\/ld+json\" class=\"yoast-schema-graph\">{\"@context\":\"https:\\\/\\\/schema.org\",\"@graph\":[{\"@type\":\"WebPage\",\"@id\":\"https:\\\/\\\/anivet.lt\\\/elparduotuve\\\/produktas\\\/sterilized-hairball\\\/\",\"url\":\"https:\\\/\\\/anivet.lt\\\/elparduotuve\\\/produktas\\\/sterilized-hairball\\\/\",\"name\":\"Advance Sterilized Hairball - anivet.lt\",\"isPartOf\":{\"@id\":\"https:\\\/\\\/anivet.lt\\\/elparduotuve\\\/#website\"},\"primaryImageOfPage\":{\"@id\":\"https:\\\/\\\/anivet.lt\\\/elparduotuve\\\/produktas\\\/sterilized-hairball\\\/#primaryimage\"},\"image\":{\"@id\":\"https:\\\/\\\/anivet.lt\\\/elparduotuve\\\/produktas\\\/sterilized-hairball\\\/#primaryimage\"},\"thumbnailUrl\":\"https:\\\/\\\/anivet.lt\\\/elparduotuve\\\/wp-content\\\/uploads\\\/2023\\\/07\\\/Sterilized-Hairball-15kg.png\",\"datePublished\":\"2023-07-18T17:34:46+00:00\",\"dateModified\":\"2026-01-20T18:28:51+00:00\",\"description\":\"Visavertis ir subalansuotas super premium klas\u0117s maistas, specialiai sukurtas sterilizuotoms kat\u0117ms, daugiausia gyvenan\u010dioms patalpose. \u0160is pa\u0161aras idealiai tinka kat\u0117ms, linkusioms formuoti plauk\u0173 kamuolius, d\u0117l unikalios formul\u0117s, praturtintos nat\u016braliais pluo\u0161tais, avi\u017e\u0173 ir \u017eali\u0173j\u0173 \u017eirni\u0173 skaidulomis bei salyklo ekstraktu.\",\"breadcrumb\":{\"@id\":\"https:\\\/\\\/anivet.lt\\\/elparduotuve\\\/produktas\\\/sterilized-hairball\\\/#breadcrumb\"},\"inLanguage\":\"lt-LT\",\"potentialAction\":[{\"@type\":\"ReadAction\",\"target\":[\"https:\\\/\\\/anivet.lt\\\/elparduotuve\\\/produktas\\\/sterilized-hairball\\\/\"]}]},{\"@type\":\"ImageObject\",\"inLanguage\":\"lt-LT\",\"@id\":\"https:\\\/\\\/anivet.lt\\\/elparduotuve\\\/produktas\\\/sterilized-hairball\\\/#primaryimage\",\"url\":\"https:\\\/\\\/anivet.lt\\\/elparduotuve\\\/wp-content\\\/uploads\\\/2023\\\/07\\\/Sterilized-Hairball-15kg.png\",\"contentUrl\":\"https:\\\/\\\/anivet.lt\\\/elparduotuve\\\/wp-content\\\/uploads\\\/2023\\\/07\\\/Sterilized-Hairball-15kg.png\",\"width\":650,\"height\":650,\"caption\":\"Advance Sterilized Hairball\"},{\"@type\":\"BreadcrumbList\",\"@id\":\"https:\\\/\\\/anivet.lt\\\/elparduotuve\\\/produktas\\\/sterilized-hairball\\\/#breadcrumb\",\"itemListElement\":[{\"@type\":\"ListItem\",\"position\":1,\"name\":\"Home\",\"item\":\"https:\\\/\\\/anivet.lt\\\/elparduotuve\\\/\"},{\"@type\":\"ListItem\",\"position\":2,\"name\":\"Produktai\",\"item\":\"https:\\\/\\\/anivet.lt\\\/elparduotuve\\\/produktai\\\/\"},{\"@type\":\"ListItem\",\"position\":3,\"name\":\"Advance Sterilized Hairball\"}]},{\"@type\":\"WebSite\",\"@id\":\"https:\\\/\\\/anivet.lt\\\/elparduotuve\\\/#website\",\"url\":\"https:\\\/\\\/anivet.lt\\\/elparduotuve\\\/\",\"name\":\"anivet.lt\",\"description\":\"Viskas J\u016bs\u0173 \u0161uns, kat\u0117s prie\u017ei\u016brai\",\"publisher\":{\"@id\":\"https:\\\/\\\/anivet.lt\\\/elparduotuve\\\/#organization\"},\"alternateName\":\"Viskas J\u016bs\u0173 \u0161uns, kat\u0117s prie\u017ei\u016brai\",\"potentialAction\":[{\"@type\":\"SearchAction\",\"target\":{\"@type\":\"EntryPoint\",\"urlTemplate\":\"https:\\\/\\\/anivet.lt\\\/elparduotuve\\\/?s={search_term_string}\"},\"query-input\":{\"@type\":\"PropertyValueSpecification\",\"valueRequired\":true,\"valueName\":\"search_term_string\"}}],\"inLanguage\":\"lt-LT\"},{\"@type\":\"Organization\",\"@id\":\"https:\\\/\\\/anivet.lt\\\/elparduotuve\\\/#organization\",\"name\":\"Viskas J\u016bs\u0173 \u0161uns, kat\u0117s prie\u017ei\u016brai\",\"url\":\"https:\\\/\\\/anivet.lt\\\/elparduotuve\\\/\",\"logo\":{\"@type\":\"ImageObject\",\"inLanguage\":\"lt-LT\",\"@id\":\"https:\\\/\\\/anivet.lt\\\/elparduotuve\\\/#\\\/schema\\\/logo\\\/image\\\/\",\"url\":\"https:\\\/\\\/anivet.lt\\\/elparduotuve\\\/wp-content\\\/uploads\\\/2023\\\/06\\\/logo2.jpg\",\"contentUrl\":\"https:\\\/\\\/anivet.lt\\\/elparduotuve\\\/wp-content\\\/uploads\\\/2023\\\/06\\\/logo2.jpg\",\"width\":655,\"height\":194,\"caption\":\"Viskas J\u016bs\u0173 \u0161uns, kat\u0117s prie\u017ei\u016brai\"},\"image\":{\"@id\":\"https:\\\/\\\/anivet.lt\\\/elparduotuve\\\/#\\\/schema\\\/logo\\\/image\\\/\"}}]}<\/script>\n<!-- \/ Yoast SEO Premium plugin. -->","yoast_head_json":{"title":"Advance Sterilized Hairball - anivet.lt","description":"Visavertis ir subalansuotas super premium klas\u0117s maistas, specialiai sukurtas sterilizuotoms kat\u0117ms, daugiausia gyvenan\u010dioms patalpose. \u0160is pa\u0161aras idealiai tinka kat\u0117ms, linkusioms formuoti plauk\u0173 kamuolius, d\u0117l unikalios formul\u0117s, praturtintos nat\u016braliais pluo\u0161tais, avi\u017e\u0173 ir \u017eali\u0173j\u0173 \u017eirni\u0173 skaidulomis bei salyklo ekstraktu.","robots":{"index":"index","follow":"follow","max-snippet":"max-snippet:-1","max-image-preview":"max-image-preview:large","max-video-preview":"max-video-preview:-1"},"canonical":"https:\/\/anivet.lt\/elparduotuve\/produktas\/sterilized-hairball\/","og_locale":"lt_LT","og_type":"article","og_title":"Advance Sterilized Hairball","og_description":"Visavertis ir subalansuotas super premium klas\u0117s maistas, specialiai sukurtas sterilizuotoms kat\u0117ms, daugiausia gyvenan\u010dioms patalpose. \u0160is pa\u0161aras idealiai tinka kat\u0117ms, linkusioms formuoti plauk\u0173 kamuolius, d\u0117l unikalios formul\u0117s, praturtintos nat\u016braliais pluo\u0161tais, avi\u017e\u0173 ir \u017eali\u0173j\u0173 \u017eirni\u0173 skaidulomis bei salyklo ekstraktu.","og_url":"https:\/\/anivet.lt\/elparduotuve\/produktas\/sterilized-hairball\/","og_site_name":"anivet.lt","article_modified_time":"2026-01-20T18:28:51+00:00","og_image":[{"width":650,"height":650,"url":"https:\/\/anivet.lt\/elparduotuve\/wp-content\/uploads\/2023\/07\/Sterilized-Hairball-15kg.png","type":"image\/png"}],"twitter_card":"summary_large_image","twitter_misc":{"Est. reading time":"1 minut\u0117"},"schema":{"@context":"https:\/\/schema.org","@graph":[{"@type":"WebPage","@id":"https:\/\/anivet.lt\/elparduotuve\/produktas\/sterilized-hairball\/","url":"https:\/\/anivet.lt\/elparduotuve\/produktas\/sterilized-hairball\/","name":"Advance Sterilized Hairball - anivet.lt","isPartOf":{"@id":"https:\/\/anivet.lt\/elparduotuve\/#website"},"primaryImageOfPage":{"@id":"https:\/\/anivet.lt\/elparduotuve\/produktas\/sterilized-hairball\/#primaryimage"},"image":{"@id":"https:\/\/anivet.lt\/elparduotuve\/produktas\/sterilized-hairball\/#primaryimage"},"thumbnailUrl":"https:\/\/anivet.lt\/elparduotuve\/wp-content\/uploads\/2023\/07\/Sterilized-Hairball-15kg.png","datePublished":"2023-07-18T17:34:46+00:00","dateModified":"2026-01-20T18:28:51+00:00","description":"Visavertis ir subalansuotas super premium klas\u0117s maistas, specialiai sukurtas sterilizuotoms kat\u0117ms, daugiausia gyvenan\u010dioms patalpose. \u0160is pa\u0161aras idealiai tinka kat\u0117ms, linkusioms formuoti plauk\u0173 kamuolius, d\u0117l unikalios formul\u0117s, praturtintos nat\u016braliais pluo\u0161tais, avi\u017e\u0173 ir \u017eali\u0173j\u0173 \u017eirni\u0173 skaidulomis bei salyklo ekstraktu.","breadcrumb":{"@id":"https:\/\/anivet.lt\/elparduotuve\/produktas\/sterilized-hairball\/#breadcrumb"},"inLanguage":"lt-LT","potentialAction":[{"@type":"ReadAction","target":["https:\/\/anivet.lt\/elparduotuve\/produktas\/sterilized-hairball\/"]}]},{"@type":"ImageObject","inLanguage":"lt-LT","@id":"https:\/\/anivet.lt\/elparduotuve\/produktas\/sterilized-hairball\/#primaryimage","url":"https:\/\/anivet.lt\/elparduotuve\/wp-content\/uploads\/2023\/07\/Sterilized-Hairball-15kg.png","contentUrl":"https:\/\/anivet.lt\/elparduotuve\/wp-content\/uploads\/2023\/07\/Sterilized-Hairball-15kg.png","width":650,"height":650,"caption":"Advance Sterilized Hairball"},{"@type":"BreadcrumbList","@id":"https:\/\/anivet.lt\/elparduotuve\/produktas\/sterilized-hairball\/#breadcrumb","itemListElement":[{"@type":"ListItem","position":1,"name":"Home","item":"https:\/\/anivet.lt\/elparduotuve\/"},{"@type":"ListItem","position":2,"name":"Produktai","item":"https:\/\/anivet.lt\/elparduotuve\/produktai\/"},{"@type":"ListItem","position":3,"name":"Advance Sterilized Hairball"}]},{"@type":"WebSite","@id":"https:\/\/anivet.lt\/elparduotuve\/#website","url":"https:\/\/anivet.lt\/elparduotuve\/","name":"anivet.lt","description":"Viskas J\u016bs\u0173 \u0161uns, kat\u0117s prie\u017ei\u016brai","publisher":{"@id":"https:\/\/anivet.lt\/elparduotuve\/#organization"},"alternateName":"Viskas J\u016bs\u0173 \u0161uns, kat\u0117s prie\u017ei\u016brai","potentialAction":[{"@type":"SearchAction","target":{"@type":"EntryPoint","urlTemplate":"https:\/\/anivet.lt\/elparduotuve\/?s={search_term_string}"},"query-input":{"@type":"PropertyValueSpecification","valueRequired":true,"valueName":"search_term_string"}}],"inLanguage":"lt-LT"},{"@type":"Organization","@id":"https:\/\/anivet.lt\/elparduotuve\/#organization","name":"Viskas J\u016bs\u0173 \u0161uns, kat\u0117s prie\u017ei\u016brai","url":"https:\/\/anivet.lt\/elparduotuve\/","logo":{"@type":"ImageObject","inLanguage":"lt-LT","@id":"https:\/\/anivet.lt\/elparduotuve\/#\/schema\/logo\/image\/","url":"https:\/\/anivet.lt\/elparduotuve\/wp-content\/uploads\/2023\/06\/logo2.jpg","contentUrl":"https:\/\/anivet.lt\/elparduotuve\/wp-content\/uploads\/2023\/06\/logo2.jpg","width":655,"height":194,"caption":"Viskas J\u016bs\u0173 \u0161uns, kat\u0117s prie\u017ei\u016brai"},"image":{"@id":"https:\/\/anivet.lt\/elparduotuve\/#\/schema\/logo\/image\/"}}]}},"_links":{"self":[{"href":"https:\/\/anivet.lt\/elparduotuve\/wp-json\/wp\/v2\/product\/10347","targetHints":{"allow":["GET"]}}],"collection":[{"href":"https:\/\/anivet.lt\/elparduotuve\/wp-json\/wp\/v2\/product"}],"about":[{"href":"https:\/\/anivet.lt\/elparduotuve\/wp-json\/wp\/v2\/types\/product"}],"wp:featuredmedia":[{"embeddable":true,"href":"https:\/\/anivet.lt\/elparduotuve\/wp-json\/wp\/v2\/media\/14213"}],"wp:attachment":[{"href":"https:\/\/anivet.lt\/elparduotuve\/wp-json\/wp\/v2\/media?parent=10347"}],"wp:term":[{"taxonomy":"product_brand","embeddable":true,"href":"https:\/\/anivet.lt\/elparduotuve\/wp-json\/wp\/v2\/product_brand?post=10347"},{"taxonomy":"product_cat","embeddable":true,"href":"https:\/\/anivet.lt\/elparduotuve\/wp-json\/wp\/v2\/product_cat?post=10347"},{"taxonomy":"product_tag","embeddable":true,"href":"https:\/\/anivet.lt\/elparduotuve\/wp-json\/wp\/v2\/product_tag?post=10347"}],"curies":[{"name":"wp","href":"https:\/\/api.w.org\/{rel}","templated":true}]}}