{"id":10352,"date":"2023-07-18T18:23:03","date_gmt":"2023-07-18T18:23:03","guid":{"rendered":"https:\/\/anivet.lt\/elparduotuve\/?post_type=product&#038;p=10352"},"modified":"2026-01-21T14:35:51","modified_gmt":"2026-01-21T14:35:51","slug":"adult-vistiena-ryziai","status":"publish","type":"product","link":"https:\/\/anivet.lt\/elparduotuve\/produktas\/adult-vistiena-ryziai\/","title":{"rendered":"Advance Adult (vi\u0161tiena, ry\u017eiai)"},"content":{"rendered":"<ul>\n<li style=\"font-weight: 400;\" aria-level=\"1\"><span style=\"font-weight: 400;\">Lengvai vir\u0161kinami ingredientai: Vi\u0161tiena ir ry\u017eiai u\u017etikrina auk\u0161tos kokyb\u0117s baltym\u0173 ir angliavandeni\u0173 \u0161altin\u012f.<\/span><\/li>\n<li style=\"font-weight: 400;\" aria-level=\"1\"><span style=\"font-weight: 400;\">\u0160lapimo pH kontrol\u0117: Mineral\u0173 ir specifini\u0173 ingredient\u0173 derinys palaiko sveik\u0105 \u0161lapimo tak\u0173 b\u016bkl\u0119, ma\u017eindamas akmen\u0173 susidarymo rizik\u0105.<\/span><\/li>\n<li style=\"font-weight: 400;\" aria-level=\"1\"><span style=\"font-weight: 400;\">Dant\u0173 sveikata: Sud\u0117tyje esantys pirofosfatai padeda suma\u017einti dant\u0173 akmen\u0173 kaupim\u0105si ir u\u017etikrina gaiv\u0173 burnos kvap\u0105.<\/span><\/li>\n<li style=\"font-weight: 400;\" aria-level=\"1\"><span style=\"font-weight: 400;\">Sveika oda ir kailis: Omega-3 ir Omega-6 riebal\u0173 r\u016bg\u0161tys kartu su vitaminais skatina odos sveikat\u0105 ir blizgant\u012f kail\u012f.<\/span><\/li>\n<li style=\"font-weight: 400;\" aria-level=\"1\"><span style=\"font-weight: 400;\">Imuniteto stiprinimas: Lengvai \u012fsisavinamos maistin\u0117s med\u017eiagos padeda palaikyti nat\u016bralius organizmo barjerus ir stiprina apsaug\u0105.<\/span><\/li>\n<\/ul>\n<p><span style=\"font-weight: 400;\">\u201eAdvance Adult Chicken &amp; Rice\u201c yra puikus pasirinkimas suaugusioms kat\u0117ms, siekiant u\u017etikrinti j\u0173 kasdien\u0119 energij\u0105, ger\u0105 savijaut\u0105 ir ilgalaik\u0119 sveikat\u0105. Auk\u0161\u010diausia kokyb\u0117 kiekviename k\u0105snyje j\u016bs\u0173 augintinio poreikiams tenkinti.<\/span><\/p>\n","protected":false},"excerpt":{"rendered":"<p><span style=\"font-weight: 400;\">Subalansuotas super premium klas\u0117s pa\u0161aras, pritaikytas suaugusi\u0173 ka\u010di\u0173 mitybos poreikiams. \u0160is lengvai vir\u0161kinamas maistas u\u017etikrina sveikat\u0105, nat\u016brali\u0105 organizmo apsaug\u0105 ir optimal\u0173 \u0161lapimo pH.<\/span><\/p>\n","protected":false},"featured_media":14963,"template":"","meta":[],"product_brand":[],"product_cat":[114,115,325,102],"product_tag":[],"class_list":{"0":"post-10352","1":"product","2":"type-product","3":"status-publish","4":"has-post-thumbnail","6":"product_cat-kaciu-maistas","7":"product_cat-sausas-maistas-ir-skanestai-katems","8":"product_cat-advance-kaciu-maistas","9":"product_cat-katems","10":"pa_prekinis-zenklas-advance","12":"first","13":"instock","14":"sale","15":"taxable","16":"shipping-taxable","17":"purchasable","18":"product-type-variable"},"yoast_head":"<!-- This site is optimized with the Yoast SEO Premium plugin v27.1 (Yoast SEO v27.3) - https:\/\/yoast.com\/product\/yoast-seo-premium-wordpress\/ -->\n<title>Advance Adult (vi\u0161tiena, ry\u017eiai) - anivet.lt<\/title>\n<meta name=\"description\" content=\"Subalansuotas super premium klas\u0117s pa\u0161aras, pritaikytas suaugusi\u0173 ka\u010di\u0173 mitybos poreikiams. \u0160is lengvai vir\u0161kinamas maistas u\u017etikrina sveikat\u0105, nat\u016brali\u0105 organizmo apsaug\u0105 ir optimal\u0173 \u0161lapimo pH.\" \/>\n<meta name=\"robots\" content=\"index, follow, max-snippet:-1, max-image-preview:large, max-video-preview:-1\" \/>\n<link rel=\"canonical\" href=\"https:\/\/anivet.lt\/elparduotuve\/produktas\/adult-vistiena-ryziai\/\" \/>\n<meta property=\"og:locale\" content=\"lt_LT\" \/>\n<meta property=\"og:type\" content=\"article\" \/>\n<meta property=\"og:title\" content=\"Advance Adult (vi\u0161tiena, ry\u017eiai)\" \/>\n<meta property=\"og:description\" content=\"Subalansuotas super premium klas\u0117s pa\u0161aras, pritaikytas suaugusi\u0173 ka\u010di\u0173 mitybos poreikiams. \u0160is lengvai vir\u0161kinamas maistas u\u017etikrina sveikat\u0105, nat\u016brali\u0105 organizmo apsaug\u0105 ir optimal\u0173 \u0161lapimo pH.\" \/>\n<meta property=\"og:url\" content=\"https:\/\/anivet.lt\/elparduotuve\/produktas\/adult-vistiena-ryziai\/\" \/>\n<meta property=\"og:site_name\" content=\"anivet.lt\" \/>\n<meta property=\"article:modified_time\" content=\"2026-01-21T14:35:51+00:00\" \/>\n<meta property=\"og:image\" content=\"https:\/\/anivet.lt\/elparduotuve\/wp-content\/uploads\/2023\/07\/Adult-vistiena-ryziai.png\" \/>\n\t<meta property=\"og:image:width\" content=\"650\" \/>\n\t<meta property=\"og:image:height\" content=\"650\" \/>\n\t<meta property=\"og:image:type\" content=\"image\/png\" \/>\n<meta name=\"twitter:card\" content=\"summary_large_image\" \/>\n<meta name=\"twitter:label1\" content=\"Est. reading time\" \/>\n\t<meta name=\"twitter:data1\" content=\"1 minut\u0117\" \/>\n<script type=\"application\/ld+json\" class=\"yoast-schema-graph\">{\"@context\":\"https:\\\/\\\/schema.org\",\"@graph\":[{\"@type\":\"WebPage\",\"@id\":\"https:\\\/\\\/anivet.lt\\\/elparduotuve\\\/produktas\\\/adult-vistiena-ryziai\\\/\",\"url\":\"https:\\\/\\\/anivet.lt\\\/elparduotuve\\\/produktas\\\/adult-vistiena-ryziai\\\/\",\"name\":\"Advance Adult (vi\u0161tiena, ry\u017eiai) - anivet.lt\",\"isPartOf\":{\"@id\":\"https:\\\/\\\/anivet.lt\\\/elparduotuve\\\/#website\"},\"primaryImageOfPage\":{\"@id\":\"https:\\\/\\\/anivet.lt\\\/elparduotuve\\\/produktas\\\/adult-vistiena-ryziai\\\/#primaryimage\"},\"image\":{\"@id\":\"https:\\\/\\\/anivet.lt\\\/elparduotuve\\\/produktas\\\/adult-vistiena-ryziai\\\/#primaryimage\"},\"thumbnailUrl\":\"https:\\\/\\\/anivet.lt\\\/elparduotuve\\\/wp-content\\\/uploads\\\/2023\\\/07\\\/Adult-vistiena-ryziai.png\",\"datePublished\":\"2023-07-18T18:23:03+00:00\",\"dateModified\":\"2026-01-21T14:35:51+00:00\",\"description\":\"Subalansuotas super premium klas\u0117s pa\u0161aras, pritaikytas suaugusi\u0173 ka\u010di\u0173 mitybos poreikiams. \u0160is lengvai vir\u0161kinamas maistas u\u017etikrina sveikat\u0105, nat\u016brali\u0105 organizmo apsaug\u0105 ir optimal\u0173 \u0161lapimo pH.\",\"breadcrumb\":{\"@id\":\"https:\\\/\\\/anivet.lt\\\/elparduotuve\\\/produktas\\\/adult-vistiena-ryziai\\\/#breadcrumb\"},\"inLanguage\":\"lt-LT\",\"potentialAction\":[{\"@type\":\"ReadAction\",\"target\":[\"https:\\\/\\\/anivet.lt\\\/elparduotuve\\\/produktas\\\/adult-vistiena-ryziai\\\/\"]}]},{\"@type\":\"ImageObject\",\"inLanguage\":\"lt-LT\",\"@id\":\"https:\\\/\\\/anivet.lt\\\/elparduotuve\\\/produktas\\\/adult-vistiena-ryziai\\\/#primaryimage\",\"url\":\"https:\\\/\\\/anivet.lt\\\/elparduotuve\\\/wp-content\\\/uploads\\\/2023\\\/07\\\/Adult-vistiena-ryziai.png\",\"contentUrl\":\"https:\\\/\\\/anivet.lt\\\/elparduotuve\\\/wp-content\\\/uploads\\\/2023\\\/07\\\/Adult-vistiena-ryziai.png\",\"width\":650,\"height\":650,\"caption\":\"Advance Adult (vi\u0161tiena, ry\u017eiai)\"},{\"@type\":\"BreadcrumbList\",\"@id\":\"https:\\\/\\\/anivet.lt\\\/elparduotuve\\\/produktas\\\/adult-vistiena-ryziai\\\/#breadcrumb\",\"itemListElement\":[{\"@type\":\"ListItem\",\"position\":1,\"name\":\"Home\",\"item\":\"https:\\\/\\\/anivet.lt\\\/elparduotuve\\\/\"},{\"@type\":\"ListItem\",\"position\":2,\"name\":\"Produktai\",\"item\":\"https:\\\/\\\/anivet.lt\\\/elparduotuve\\\/produktai\\\/\"},{\"@type\":\"ListItem\",\"position\":3,\"name\":\"Advance Adult (vi\u0161tiena, ry\u017eiai)\"}]},{\"@type\":\"WebSite\",\"@id\":\"https:\\\/\\\/anivet.lt\\\/elparduotuve\\\/#website\",\"url\":\"https:\\\/\\\/anivet.lt\\\/elparduotuve\\\/\",\"name\":\"anivet.lt\",\"description\":\"Viskas J\u016bs\u0173 \u0161uns, kat\u0117s prie\u017ei\u016brai\",\"publisher\":{\"@id\":\"https:\\\/\\\/anivet.lt\\\/elparduotuve\\\/#organization\"},\"alternateName\":\"Viskas J\u016bs\u0173 \u0161uns, kat\u0117s prie\u017ei\u016brai\",\"potentialAction\":[{\"@type\":\"SearchAction\",\"target\":{\"@type\":\"EntryPoint\",\"urlTemplate\":\"https:\\\/\\\/anivet.lt\\\/elparduotuve\\\/?s={search_term_string}\"},\"query-input\":{\"@type\":\"PropertyValueSpecification\",\"valueRequired\":true,\"valueName\":\"search_term_string\"}}],\"inLanguage\":\"lt-LT\"},{\"@type\":\"Organization\",\"@id\":\"https:\\\/\\\/anivet.lt\\\/elparduotuve\\\/#organization\",\"name\":\"Viskas J\u016bs\u0173 \u0161uns, kat\u0117s prie\u017ei\u016brai\",\"url\":\"https:\\\/\\\/anivet.lt\\\/elparduotuve\\\/\",\"logo\":{\"@type\":\"ImageObject\",\"inLanguage\":\"lt-LT\",\"@id\":\"https:\\\/\\\/anivet.lt\\\/elparduotuve\\\/#\\\/schema\\\/logo\\\/image\\\/\",\"url\":\"https:\\\/\\\/anivet.lt\\\/elparduotuve\\\/wp-content\\\/uploads\\\/2023\\\/06\\\/logo2.jpg\",\"contentUrl\":\"https:\\\/\\\/anivet.lt\\\/elparduotuve\\\/wp-content\\\/uploads\\\/2023\\\/06\\\/logo2.jpg\",\"width\":655,\"height\":194,\"caption\":\"Viskas J\u016bs\u0173 \u0161uns, kat\u0117s prie\u017ei\u016brai\"},\"image\":{\"@id\":\"https:\\\/\\\/anivet.lt\\\/elparduotuve\\\/#\\\/schema\\\/logo\\\/image\\\/\"}}]}<\/script>\n<!-- \/ Yoast SEO Premium plugin. -->","yoast_head_json":{"title":"Advance Adult (vi\u0161tiena, ry\u017eiai) - anivet.lt","description":"Subalansuotas super premium klas\u0117s pa\u0161aras, pritaikytas suaugusi\u0173 ka\u010di\u0173 mitybos poreikiams. \u0160is lengvai vir\u0161kinamas maistas u\u017etikrina sveikat\u0105, nat\u016brali\u0105 organizmo apsaug\u0105 ir optimal\u0173 \u0161lapimo pH.","robots":{"index":"index","follow":"follow","max-snippet":"max-snippet:-1","max-image-preview":"max-image-preview:large","max-video-preview":"max-video-preview:-1"},"canonical":"https:\/\/anivet.lt\/elparduotuve\/produktas\/adult-vistiena-ryziai\/","og_locale":"lt_LT","og_type":"article","og_title":"Advance Adult (vi\u0161tiena, ry\u017eiai)","og_description":"Subalansuotas super premium klas\u0117s pa\u0161aras, pritaikytas suaugusi\u0173 ka\u010di\u0173 mitybos poreikiams. \u0160is lengvai vir\u0161kinamas maistas u\u017etikrina sveikat\u0105, nat\u016brali\u0105 organizmo apsaug\u0105 ir optimal\u0173 \u0161lapimo pH.","og_url":"https:\/\/anivet.lt\/elparduotuve\/produktas\/adult-vistiena-ryziai\/","og_site_name":"anivet.lt","article_modified_time":"2026-01-21T14:35:51+00:00","og_image":[{"width":650,"height":650,"url":"https:\/\/anivet.lt\/elparduotuve\/wp-content\/uploads\/2023\/07\/Adult-vistiena-ryziai.png","type":"image\/png"}],"twitter_card":"summary_large_image","twitter_misc":{"Est. reading time":"1 minut\u0117"},"schema":{"@context":"https:\/\/schema.org","@graph":[{"@type":"WebPage","@id":"https:\/\/anivet.lt\/elparduotuve\/produktas\/adult-vistiena-ryziai\/","url":"https:\/\/anivet.lt\/elparduotuve\/produktas\/adult-vistiena-ryziai\/","name":"Advance Adult (vi\u0161tiena, ry\u017eiai) - anivet.lt","isPartOf":{"@id":"https:\/\/anivet.lt\/elparduotuve\/#website"},"primaryImageOfPage":{"@id":"https:\/\/anivet.lt\/elparduotuve\/produktas\/adult-vistiena-ryziai\/#primaryimage"},"image":{"@id":"https:\/\/anivet.lt\/elparduotuve\/produktas\/adult-vistiena-ryziai\/#primaryimage"},"thumbnailUrl":"https:\/\/anivet.lt\/elparduotuve\/wp-content\/uploads\/2023\/07\/Adult-vistiena-ryziai.png","datePublished":"2023-07-18T18:23:03+00:00","dateModified":"2026-01-21T14:35:51+00:00","description":"Subalansuotas super premium klas\u0117s pa\u0161aras, pritaikytas suaugusi\u0173 ka\u010di\u0173 mitybos poreikiams. \u0160is lengvai vir\u0161kinamas maistas u\u017etikrina sveikat\u0105, nat\u016brali\u0105 organizmo apsaug\u0105 ir optimal\u0173 \u0161lapimo pH.","breadcrumb":{"@id":"https:\/\/anivet.lt\/elparduotuve\/produktas\/adult-vistiena-ryziai\/#breadcrumb"},"inLanguage":"lt-LT","potentialAction":[{"@type":"ReadAction","target":["https:\/\/anivet.lt\/elparduotuve\/produktas\/adult-vistiena-ryziai\/"]}]},{"@type":"ImageObject","inLanguage":"lt-LT","@id":"https:\/\/anivet.lt\/elparduotuve\/produktas\/adult-vistiena-ryziai\/#primaryimage","url":"https:\/\/anivet.lt\/elparduotuve\/wp-content\/uploads\/2023\/07\/Adult-vistiena-ryziai.png","contentUrl":"https:\/\/anivet.lt\/elparduotuve\/wp-content\/uploads\/2023\/07\/Adult-vistiena-ryziai.png","width":650,"height":650,"caption":"Advance Adult (vi\u0161tiena, ry\u017eiai)"},{"@type":"BreadcrumbList","@id":"https:\/\/anivet.lt\/elparduotuve\/produktas\/adult-vistiena-ryziai\/#breadcrumb","itemListElement":[{"@type":"ListItem","position":1,"name":"Home","item":"https:\/\/anivet.lt\/elparduotuve\/"},{"@type":"ListItem","position":2,"name":"Produktai","item":"https:\/\/anivet.lt\/elparduotuve\/produktai\/"},{"@type":"ListItem","position":3,"name":"Advance Adult (vi\u0161tiena, ry\u017eiai)"}]},{"@type":"WebSite","@id":"https:\/\/anivet.lt\/elparduotuve\/#website","url":"https:\/\/anivet.lt\/elparduotuve\/","name":"anivet.lt","description":"Viskas J\u016bs\u0173 \u0161uns, kat\u0117s prie\u017ei\u016brai","publisher":{"@id":"https:\/\/anivet.lt\/elparduotuve\/#organization"},"alternateName":"Viskas J\u016bs\u0173 \u0161uns, kat\u0117s prie\u017ei\u016brai","potentialAction":[{"@type":"SearchAction","target":{"@type":"EntryPoint","urlTemplate":"https:\/\/anivet.lt\/elparduotuve\/?s={search_term_string}"},"query-input":{"@type":"PropertyValueSpecification","valueRequired":true,"valueName":"search_term_string"}}],"inLanguage":"lt-LT"},{"@type":"Organization","@id":"https:\/\/anivet.lt\/elparduotuve\/#organization","name":"Viskas J\u016bs\u0173 \u0161uns, kat\u0117s prie\u017ei\u016brai","url":"https:\/\/anivet.lt\/elparduotuve\/","logo":{"@type":"ImageObject","inLanguage":"lt-LT","@id":"https:\/\/anivet.lt\/elparduotuve\/#\/schema\/logo\/image\/","url":"https:\/\/anivet.lt\/elparduotuve\/wp-content\/uploads\/2023\/06\/logo2.jpg","contentUrl":"https:\/\/anivet.lt\/elparduotuve\/wp-content\/uploads\/2023\/06\/logo2.jpg","width":655,"height":194,"caption":"Viskas J\u016bs\u0173 \u0161uns, kat\u0117s prie\u017ei\u016brai"},"image":{"@id":"https:\/\/anivet.lt\/elparduotuve\/#\/schema\/logo\/image\/"}}]}},"_links":{"self":[{"href":"https:\/\/anivet.lt\/elparduotuve\/wp-json\/wp\/v2\/product\/10352","targetHints":{"allow":["GET"]}}],"collection":[{"href":"https:\/\/anivet.lt\/elparduotuve\/wp-json\/wp\/v2\/product"}],"about":[{"href":"https:\/\/anivet.lt\/elparduotuve\/wp-json\/wp\/v2\/types\/product"}],"wp:featuredmedia":[{"embeddable":true,"href":"https:\/\/anivet.lt\/elparduotuve\/wp-json\/wp\/v2\/media\/14963"}],"wp:attachment":[{"href":"https:\/\/anivet.lt\/elparduotuve\/wp-json\/wp\/v2\/media?parent=10352"}],"wp:term":[{"taxonomy":"product_brand","embeddable":true,"href":"https:\/\/anivet.lt\/elparduotuve\/wp-json\/wp\/v2\/product_brand?post=10352"},{"taxonomy":"product_cat","embeddable":true,"href":"https:\/\/anivet.lt\/elparduotuve\/wp-json\/wp\/v2\/product_cat?post=10352"},{"taxonomy":"product_tag","embeddable":true,"href":"https:\/\/anivet.lt\/elparduotuve\/wp-json\/wp\/v2\/product_tag?post=10352"}],"curies":[{"name":"wp","href":"https:\/\/api.w.org\/{rel}","templated":true}]}}