{"id":10371,"date":"2023-07-18T19:31:09","date_gmt":"2023-07-18T19:31:09","guid":{"rendered":"https:\/\/anivet.lt\/elparduotuve\/?post_type=product&#038;p=10371"},"modified":"2026-04-09T19:14:00","modified_gmt":"2026-04-09T19:14:00","slug":"sterilized-sensitive-salmon","status":"publish","type":"product","link":"https:\/\/anivet.lt\/elparduotuve\/produktas\/sterilized-sensitive-salmon\/","title":{"rendered":"Advance Sterilized Sensitive Salmon"},"content":{"rendered":"<ul>\n<li style=\"font-weight: 400;\" aria-level=\"1\"><span style=\"font-weight: 400;\">Lengvai vir\u0161kinami ingredientai: La\u0161i\u0161a (18%) ir ry\u017eiai (15%) yra puikus baltym\u0173 ir angliavandeni\u0173 \u0161altinis, skirtas jautriam \u017earnynui.<\/span><\/li>\n<li style=\"font-weight: 400;\" aria-level=\"1\"><span style=\"font-weight: 400;\">Sveika oda ir kailis: Omega-3 ir Omega-6 riebiosios r\u016bg\u0161tys kartu su vitaminais palaiko sveik\u0105 od\u0105 ir suteikia kailiui blizgesio.<\/span><\/li>\n<li style=\"font-weight: 400;\" aria-level=\"1\"><span style=\"font-weight: 400;\">\u0160lapimo tak\u0173 sveikata: Specialiai parinktas mineral\u0173 ir ingredient\u0173 derinys padeda palaikyti optimal\u0173 \u0161lapimo pH, ma\u017einant \u0161lapimo tak\u0173 problem\u0173 rizik\u0105.<\/span><\/li>\n<li style=\"font-weight: 400;\" aria-level=\"1\"><span style=\"font-weight: 400;\">Nat\u016bral\u016bs antioksidantai: Padeda palaikyti stipri\u0105 imunin\u0119 sistem\u0105.<\/span><\/li>\n<\/ul>\n<p><span style=\"font-weight: 400;\">\u0160is pa\u0161aras yra puikus pasirinkimas sterilizuotoms kat\u0117ms, u\u017etikrinantis visapusi\u0161k\u0105 j\u0173 sveikat\u0105. Gerai vir\u0161kinamos sudedamosios dalys ma\u017eina vir\u0161kinimo sistemos apkrov\u0105, tad J\u016bs\u0173 augintin\u0117 gal\u0117s m\u0117gautis subalansuota mityba ir i\u0161likti sveika bei energinga.<\/span><\/p>\n","protected":false},"excerpt":{"rendered":"<p><span style=\"font-weight: 400;\">Visavertis ir subalansuotas super premium klas\u0117s pa\u0161aras, specialiai sukurtas suaugusioms sterilizuotoms kat\u0117ms, turin\u010dioms jautr\u0173 \u017earnyn\u0105. \u0160is pa\u0161aras u\u017etikrina, kad j\u016bs\u0173 augintin\u0117 gaut\u0173 lengvai vir\u0161kinam\u0105 maist\u0105, padedant\u012f i\u0161vengti vir\u0161kinimo ir odos problem\u0173.<\/span><\/p>\n","protected":false},"featured_media":14206,"template":"","meta":[],"product_brand":[],"product_cat":[114,115,102,325],"product_tag":[],"class_list":{"0":"post-10371","1":"product","2":"type-product","3":"status-publish","4":"has-post-thumbnail","6":"product_cat-kaciu-maistas","7":"product_cat-sausas-maistas-ir-skanestai-katems","8":"product_cat-katems","9":"product_cat-advance-kaciu-maistas","10":"pa_prekinis-zenklas-advance","12":"first","13":"instock","14":"sale","15":"taxable","16":"shipping-taxable","17":"purchasable","18":"product-type-variable"},"yoast_head":"<!-- This site is optimized with the Yoast SEO Premium plugin v27.1 (Yoast SEO v27.5) - https:\/\/yoast.com\/product\/yoast-seo-premium-wordpress\/ -->\n<title>Advance Sterilized Sensitive Salmon - anivet.lt<\/title>\n<meta name=\"description\" content=\"Visavertis ir subalansuotas super premium klas\u0117s pa\u0161aras, specialiai sukurtas suaugusioms sterilizuotoms kat\u0117ms, turin\u010dioms jautr\u0173 \u017earnyn\u0105. \u0160is pa\u0161aras u\u017etikrina, kad j\u016bs\u0173 augintin\u0117 gaut\u0173 lengvai vir\u0161kinam\u0105 maist\u0105, padedant\u012f i\u0161vengti vir\u0161kinimo ir odos problem\u0173.\" \/>\n<meta name=\"robots\" content=\"index, follow, max-snippet:-1, max-image-preview:large, max-video-preview:-1\" \/>\n<link rel=\"canonical\" href=\"https:\/\/anivet.lt\/elparduotuve\/produktas\/sterilized-sensitive-salmon\/\" \/>\n<meta property=\"og:locale\" content=\"lt_LT\" \/>\n<meta property=\"og:type\" content=\"article\" \/>\n<meta property=\"og:title\" content=\"Advance Sterilized Sensitive Salmon\" \/>\n<meta property=\"og:description\" content=\"Visavertis ir subalansuotas super premium klas\u0117s pa\u0161aras, specialiai sukurtas suaugusioms sterilizuotoms kat\u0117ms, turin\u010dioms jautr\u0173 \u017earnyn\u0105. \u0160is pa\u0161aras u\u017etikrina, kad j\u016bs\u0173 augintin\u0117 gaut\u0173 lengvai vir\u0161kinam\u0105 maist\u0105, padedant\u012f i\u0161vengti vir\u0161kinimo ir odos problem\u0173.\" \/>\n<meta property=\"og:url\" content=\"https:\/\/anivet.lt\/elparduotuve\/produktas\/sterilized-sensitive-salmon\/\" \/>\n<meta property=\"og:site_name\" content=\"anivet.lt\" \/>\n<meta property=\"article:modified_time\" content=\"2026-04-09T19:14:00+00:00\" \/>\n<meta property=\"og:image\" content=\"https:\/\/anivet.lt\/elparduotuve\/wp-content\/uploads\/2023\/07\/Sterilized-Sensitive-SalmonBarley-15-kg.png\" \/>\n\t<meta property=\"og:image:width\" content=\"650\" \/>\n\t<meta property=\"og:image:height\" content=\"650\" \/>\n\t<meta property=\"og:image:type\" content=\"image\/png\" \/>\n<meta name=\"twitter:card\" content=\"summary_large_image\" \/>\n<meta name=\"twitter:label1\" content=\"Est. reading time\" \/>\n\t<meta name=\"twitter:data1\" content=\"1 minut\u0117\" \/>\n<script type=\"application\/ld+json\" class=\"yoast-schema-graph\">{\"@context\":\"https:\\\/\\\/schema.org\",\"@graph\":[{\"@type\":\"WebPage\",\"@id\":\"https:\\\/\\\/anivet.lt\\\/elparduotuve\\\/produktas\\\/sterilized-sensitive-salmon\\\/\",\"url\":\"https:\\\/\\\/anivet.lt\\\/elparduotuve\\\/produktas\\\/sterilized-sensitive-salmon\\\/\",\"name\":\"Advance Sterilized Sensitive Salmon - anivet.lt\",\"isPartOf\":{\"@id\":\"https:\\\/\\\/anivet.lt\\\/elparduotuve\\\/#website\"},\"primaryImageOfPage\":{\"@id\":\"https:\\\/\\\/anivet.lt\\\/elparduotuve\\\/produktas\\\/sterilized-sensitive-salmon\\\/#primaryimage\"},\"image\":{\"@id\":\"https:\\\/\\\/anivet.lt\\\/elparduotuve\\\/produktas\\\/sterilized-sensitive-salmon\\\/#primaryimage\"},\"thumbnailUrl\":\"https:\\\/\\\/anivet.lt\\\/elparduotuve\\\/wp-content\\\/uploads\\\/2023\\\/07\\\/Sterilized-Sensitive-SalmonBarley-15-kg.png\",\"datePublished\":\"2023-07-18T19:31:09+00:00\",\"dateModified\":\"2026-04-09T19:14:00+00:00\",\"description\":\"Visavertis ir subalansuotas super premium klas\u0117s pa\u0161aras, specialiai sukurtas suaugusioms sterilizuotoms kat\u0117ms, turin\u010dioms jautr\u0173 \u017earnyn\u0105. \u0160is pa\u0161aras u\u017etikrina, kad j\u016bs\u0173 augintin\u0117 gaut\u0173 lengvai vir\u0161kinam\u0105 maist\u0105, padedant\u012f i\u0161vengti vir\u0161kinimo ir odos problem\u0173.\",\"breadcrumb\":{\"@id\":\"https:\\\/\\\/anivet.lt\\\/elparduotuve\\\/produktas\\\/sterilized-sensitive-salmon\\\/#breadcrumb\"},\"inLanguage\":\"lt-LT\",\"potentialAction\":[{\"@type\":\"ReadAction\",\"target\":[\"https:\\\/\\\/anivet.lt\\\/elparduotuve\\\/produktas\\\/sterilized-sensitive-salmon\\\/\"]}]},{\"@type\":\"ImageObject\",\"inLanguage\":\"lt-LT\",\"@id\":\"https:\\\/\\\/anivet.lt\\\/elparduotuve\\\/produktas\\\/sterilized-sensitive-salmon\\\/#primaryimage\",\"url\":\"https:\\\/\\\/anivet.lt\\\/elparduotuve\\\/wp-content\\\/uploads\\\/2023\\\/07\\\/Sterilized-Sensitive-SalmonBarley-15-kg.png\",\"contentUrl\":\"https:\\\/\\\/anivet.lt\\\/elparduotuve\\\/wp-content\\\/uploads\\\/2023\\\/07\\\/Sterilized-Sensitive-SalmonBarley-15-kg.png\",\"width\":650,\"height\":650,\"caption\":\"Advance Sterilized Sensitive Salmon&amp;Barley\"},{\"@type\":\"BreadcrumbList\",\"@id\":\"https:\\\/\\\/anivet.lt\\\/elparduotuve\\\/produktas\\\/sterilized-sensitive-salmon\\\/#breadcrumb\",\"itemListElement\":[{\"@type\":\"ListItem\",\"position\":1,\"name\":\"Home\",\"item\":\"https:\\\/\\\/anivet.lt\\\/elparduotuve\\\/\"},{\"@type\":\"ListItem\",\"position\":2,\"name\":\"Produktai\",\"item\":\"https:\\\/\\\/anivet.lt\\\/elparduotuve\\\/produktai\\\/\"},{\"@type\":\"ListItem\",\"position\":3,\"name\":\"Advance Sterilized Sensitive Salmon\"}]},{\"@type\":\"WebSite\",\"@id\":\"https:\\\/\\\/anivet.lt\\\/elparduotuve\\\/#website\",\"url\":\"https:\\\/\\\/anivet.lt\\\/elparduotuve\\\/\",\"name\":\"anivet.lt\",\"description\":\"Viskas J\u016bs\u0173 \u0161uns, kat\u0117s prie\u017ei\u016brai\",\"publisher\":{\"@id\":\"https:\\\/\\\/anivet.lt\\\/elparduotuve\\\/#organization\"},\"alternateName\":\"Viskas J\u016bs\u0173 \u0161uns, kat\u0117s prie\u017ei\u016brai\",\"potentialAction\":[{\"@type\":\"SearchAction\",\"target\":{\"@type\":\"EntryPoint\",\"urlTemplate\":\"https:\\\/\\\/anivet.lt\\\/elparduotuve\\\/?s={search_term_string}\"},\"query-input\":{\"@type\":\"PropertyValueSpecification\",\"valueRequired\":true,\"valueName\":\"search_term_string\"}}],\"inLanguage\":\"lt-LT\"},{\"@type\":\"Organization\",\"@id\":\"https:\\\/\\\/anivet.lt\\\/elparduotuve\\\/#organization\",\"name\":\"Viskas J\u016bs\u0173 \u0161uns, kat\u0117s prie\u017ei\u016brai\",\"url\":\"https:\\\/\\\/anivet.lt\\\/elparduotuve\\\/\",\"logo\":{\"@type\":\"ImageObject\",\"inLanguage\":\"lt-LT\",\"@id\":\"https:\\\/\\\/anivet.lt\\\/elparduotuve\\\/#\\\/schema\\\/logo\\\/image\\\/\",\"url\":\"https:\\\/\\\/anivet.lt\\\/elparduotuve\\\/wp-content\\\/uploads\\\/2023\\\/06\\\/logo2.jpg\",\"contentUrl\":\"https:\\\/\\\/anivet.lt\\\/elparduotuve\\\/wp-content\\\/uploads\\\/2023\\\/06\\\/logo2.jpg\",\"width\":655,\"height\":194,\"caption\":\"Viskas J\u016bs\u0173 \u0161uns, kat\u0117s prie\u017ei\u016brai\"},\"image\":{\"@id\":\"https:\\\/\\\/anivet.lt\\\/elparduotuve\\\/#\\\/schema\\\/logo\\\/image\\\/\"}}]}<\/script>\n<!-- \/ Yoast SEO Premium plugin. -->","yoast_head_json":{"title":"Advance Sterilized Sensitive Salmon - anivet.lt","description":"Visavertis ir subalansuotas super premium klas\u0117s pa\u0161aras, specialiai sukurtas suaugusioms sterilizuotoms kat\u0117ms, turin\u010dioms jautr\u0173 \u017earnyn\u0105. \u0160is pa\u0161aras u\u017etikrina, kad j\u016bs\u0173 augintin\u0117 gaut\u0173 lengvai vir\u0161kinam\u0105 maist\u0105, padedant\u012f i\u0161vengti vir\u0161kinimo ir odos problem\u0173.","robots":{"index":"index","follow":"follow","max-snippet":"max-snippet:-1","max-image-preview":"max-image-preview:large","max-video-preview":"max-video-preview:-1"},"canonical":"https:\/\/anivet.lt\/elparduotuve\/produktas\/sterilized-sensitive-salmon\/","og_locale":"lt_LT","og_type":"article","og_title":"Advance Sterilized Sensitive Salmon","og_description":"Visavertis ir subalansuotas super premium klas\u0117s pa\u0161aras, specialiai sukurtas suaugusioms sterilizuotoms kat\u0117ms, turin\u010dioms jautr\u0173 \u017earnyn\u0105. \u0160is pa\u0161aras u\u017etikrina, kad j\u016bs\u0173 augintin\u0117 gaut\u0173 lengvai vir\u0161kinam\u0105 maist\u0105, padedant\u012f i\u0161vengti vir\u0161kinimo ir odos problem\u0173.","og_url":"https:\/\/anivet.lt\/elparduotuve\/produktas\/sterilized-sensitive-salmon\/","og_site_name":"anivet.lt","article_modified_time":"2026-04-09T19:14:00+00:00","og_image":[{"width":650,"height":650,"url":"https:\/\/anivet.lt\/elparduotuve\/wp-content\/uploads\/2023\/07\/Sterilized-Sensitive-SalmonBarley-15-kg.png","type":"image\/png"}],"twitter_card":"summary_large_image","twitter_misc":{"Est. reading time":"1 minut\u0117"},"schema":{"@context":"https:\/\/schema.org","@graph":[{"@type":"WebPage","@id":"https:\/\/anivet.lt\/elparduotuve\/produktas\/sterilized-sensitive-salmon\/","url":"https:\/\/anivet.lt\/elparduotuve\/produktas\/sterilized-sensitive-salmon\/","name":"Advance Sterilized Sensitive Salmon - anivet.lt","isPartOf":{"@id":"https:\/\/anivet.lt\/elparduotuve\/#website"},"primaryImageOfPage":{"@id":"https:\/\/anivet.lt\/elparduotuve\/produktas\/sterilized-sensitive-salmon\/#primaryimage"},"image":{"@id":"https:\/\/anivet.lt\/elparduotuve\/produktas\/sterilized-sensitive-salmon\/#primaryimage"},"thumbnailUrl":"https:\/\/anivet.lt\/elparduotuve\/wp-content\/uploads\/2023\/07\/Sterilized-Sensitive-SalmonBarley-15-kg.png","datePublished":"2023-07-18T19:31:09+00:00","dateModified":"2026-04-09T19:14:00+00:00","description":"Visavertis ir subalansuotas super premium klas\u0117s pa\u0161aras, specialiai sukurtas suaugusioms sterilizuotoms kat\u0117ms, turin\u010dioms jautr\u0173 \u017earnyn\u0105. \u0160is pa\u0161aras u\u017etikrina, kad j\u016bs\u0173 augintin\u0117 gaut\u0173 lengvai vir\u0161kinam\u0105 maist\u0105, padedant\u012f i\u0161vengti vir\u0161kinimo ir odos problem\u0173.","breadcrumb":{"@id":"https:\/\/anivet.lt\/elparduotuve\/produktas\/sterilized-sensitive-salmon\/#breadcrumb"},"inLanguage":"lt-LT","potentialAction":[{"@type":"ReadAction","target":["https:\/\/anivet.lt\/elparduotuve\/produktas\/sterilized-sensitive-salmon\/"]}]},{"@type":"ImageObject","inLanguage":"lt-LT","@id":"https:\/\/anivet.lt\/elparduotuve\/produktas\/sterilized-sensitive-salmon\/#primaryimage","url":"https:\/\/anivet.lt\/elparduotuve\/wp-content\/uploads\/2023\/07\/Sterilized-Sensitive-SalmonBarley-15-kg.png","contentUrl":"https:\/\/anivet.lt\/elparduotuve\/wp-content\/uploads\/2023\/07\/Sterilized-Sensitive-SalmonBarley-15-kg.png","width":650,"height":650,"caption":"Advance Sterilized Sensitive Salmon&amp;Barley"},{"@type":"BreadcrumbList","@id":"https:\/\/anivet.lt\/elparduotuve\/produktas\/sterilized-sensitive-salmon\/#breadcrumb","itemListElement":[{"@type":"ListItem","position":1,"name":"Home","item":"https:\/\/anivet.lt\/elparduotuve\/"},{"@type":"ListItem","position":2,"name":"Produktai","item":"https:\/\/anivet.lt\/elparduotuve\/produktai\/"},{"@type":"ListItem","position":3,"name":"Advance Sterilized Sensitive Salmon"}]},{"@type":"WebSite","@id":"https:\/\/anivet.lt\/elparduotuve\/#website","url":"https:\/\/anivet.lt\/elparduotuve\/","name":"anivet.lt","description":"Viskas J\u016bs\u0173 \u0161uns, kat\u0117s prie\u017ei\u016brai","publisher":{"@id":"https:\/\/anivet.lt\/elparduotuve\/#organization"},"alternateName":"Viskas J\u016bs\u0173 \u0161uns, kat\u0117s prie\u017ei\u016brai","potentialAction":[{"@type":"SearchAction","target":{"@type":"EntryPoint","urlTemplate":"https:\/\/anivet.lt\/elparduotuve\/?s={search_term_string}"},"query-input":{"@type":"PropertyValueSpecification","valueRequired":true,"valueName":"search_term_string"}}],"inLanguage":"lt-LT"},{"@type":"Organization","@id":"https:\/\/anivet.lt\/elparduotuve\/#organization","name":"Viskas J\u016bs\u0173 \u0161uns, kat\u0117s prie\u017ei\u016brai","url":"https:\/\/anivet.lt\/elparduotuve\/","logo":{"@type":"ImageObject","inLanguage":"lt-LT","@id":"https:\/\/anivet.lt\/elparduotuve\/#\/schema\/logo\/image\/","url":"https:\/\/anivet.lt\/elparduotuve\/wp-content\/uploads\/2023\/06\/logo2.jpg","contentUrl":"https:\/\/anivet.lt\/elparduotuve\/wp-content\/uploads\/2023\/06\/logo2.jpg","width":655,"height":194,"caption":"Viskas J\u016bs\u0173 \u0161uns, kat\u0117s prie\u017ei\u016brai"},"image":{"@id":"https:\/\/anivet.lt\/elparduotuve\/#\/schema\/logo\/image\/"}}]}},"_links":{"self":[{"href":"https:\/\/anivet.lt\/elparduotuve\/wp-json\/wp\/v2\/product\/10371","targetHints":{"allow":["GET"]}}],"collection":[{"href":"https:\/\/anivet.lt\/elparduotuve\/wp-json\/wp\/v2\/product"}],"about":[{"href":"https:\/\/anivet.lt\/elparduotuve\/wp-json\/wp\/v2\/types\/product"}],"wp:featuredmedia":[{"embeddable":true,"href":"https:\/\/anivet.lt\/elparduotuve\/wp-json\/wp\/v2\/media\/14206"}],"wp:attachment":[{"href":"https:\/\/anivet.lt\/elparduotuve\/wp-json\/wp\/v2\/media?parent=10371"}],"wp:term":[{"taxonomy":"product_brand","embeddable":true,"href":"https:\/\/anivet.lt\/elparduotuve\/wp-json\/wp\/v2\/product_brand?post=10371"},{"taxonomy":"product_cat","embeddable":true,"href":"https:\/\/anivet.lt\/elparduotuve\/wp-json\/wp\/v2\/product_cat?post=10371"},{"taxonomy":"product_tag","embeddable":true,"href":"https:\/\/anivet.lt\/elparduotuve\/wp-json\/wp\/v2\/product_tag?post=10371"}],"curies":[{"name":"wp","href":"https:\/\/api.w.org\/{rel}","templated":true}]}}