{"id":10406,"date":"2023-07-19T05:30:35","date_gmt":"2023-07-19T05:30:35","guid":{"rendered":"https:\/\/anivet.lt\/elparduotuve\/?post_type=product&#038;p=10406"},"modified":"2025-06-19T09:26:03","modified_gmt":"2025-06-19T09:26:03","slug":"puppy-snack-150-g","status":"publish","type":"product","link":"https:\/\/anivet.lt\/elparduotuve\/produktas\/puppy-snack-150-g\/","title":{"rendered":"Advance Puppy Snack 150 g"},"content":{"rendered":"<ul>\n<li style=\"font-weight: 400;\" aria-level=\"1\"><span style=\"font-weight: 400;\">Imuniteto stiprinimui: Sud\u0117tyje esantys nukleotidai skatina nat\u016brali\u0105 apsaug\u0105 ir imunin\u0117s sistemos vystym\u0105si.<\/span><\/li>\n<li style=\"font-weight: 400;\" aria-level=\"1\"><span style=\"font-weight: 400;\">Smegen\u0173 vystymuisi: Omega-3 riebal\u0173 r\u016bg\u0161tys, gaunamos i\u0161 dumbli\u0173, padeda tinkamai vystytis nerv\u0173 sistemai.<\/span><\/li>\n<li style=\"font-weight: 400;\" aria-level=\"1\"><span style=\"font-weight: 400;\">Sveikai vir\u0161kinimo sistemai: Prebiotinis inulinas (0.25%) palaiko sveik\u0105 \u017earnyno mikroflor\u0105 ir ger\u0105 vir\u0161kinim\u0105.<\/span><\/li>\n<li style=\"font-weight: 400;\" aria-level=\"1\"><span style=\"font-weight: 400;\">Praturtinti vitaminais: Sud\u0117tyje yra vitamin\u0173 A, D3, E ir C, padedan\u010di\u0173 u\u017etikrinti visapusi\u0161k\u0105 \u0161uniuko sveikat\u0105.<\/span><\/li>\n<li style=\"font-weight: 400;\" aria-level=\"1\"><span style=\"font-weight: 400;\">Nat\u016bral\u016bs ingredientai: Pagaminti i\u0161 gr\u016bd\u0173, m\u0117sos, augalin\u0117s kilm\u0117s produkt\u0173 bei mineral\u0173, be dirbtini\u0173 pried\u0173.<\/span><\/li>\n<\/ul>\n<p><span style=\"font-weight: 400;\">Puikus pasirinkimas kasdieniam paskatinimui ar skan\u0117stui, kuris ne tik lepina, bet ir prisideda prie \u0161uniuko augimo bei sveikatos. Tinka vis\u0173 veisli\u0173 \u0161uniukams, siekiant palaikyti j\u0173 aktyvum\u0105 ir gerov\u0119.<\/span><\/p>\n","protected":false},"excerpt":{"rendered":"<p><span style=\"font-weight: 400;\">Mink\u0161ti ir gard\u016bs skan\u0117stai, specialiai sukurti \u0161uniukams, u\u017etikrinant j\u0173 sveik\u0105 vystym\u0105si ir gerov\u0119. \u0160ie funkciniai skan\u0117stai ne tik d\u017eiugina skonio receptorius, bet ir prisideda prie imunin\u0117s sistemos bei smegen\u0173 vystymosi.<\/span><\/p>\n","protected":false},"featured_media":13896,"template":"","meta":[],"product_brand":[],"product_cat":[101,103,106,316],"product_tag":[],"class_list":{"0":"post-10406","1":"product","2":"type-product","3":"status-publish","4":"has-post-thumbnail","6":"product_cat-sunims","7":"product_cat-sunu-maistas","8":"product_cat-skanestai","9":"product_cat-advance-sunu-maistas","10":"pa_prekinis-zenklas-advance","12":"first","13":"instock","14":"taxable","15":"shipping-taxable","16":"purchasable","17":"product-type-simple"},"yoast_head":"<!-- This site is optimized with the Yoast SEO Premium plugin v27.1 (Yoast SEO v27.5) - https:\/\/yoast.com\/product\/yoast-seo-premium-wordpress\/ -->\n<title>Advance Puppy Snack 150 g - anivet.lt<\/title>\n<meta name=\"description\" content=\"Mink\u0161ti ir gard\u016bs skan\u0117stai, specialiai sukurti \u0161uniukams, u\u017etikrinant j\u0173 sveik\u0105 vystym\u0105si ir gerov\u0119. \u0160ie funkciniai skan\u0117stai ne tik d\u017eiugina skonio receptorius, bet ir prisideda prie imunin\u0117s sistemos bei smegen\u0173 vystymosi.\" \/>\n<meta name=\"robots\" content=\"index, follow, max-snippet:-1, max-image-preview:large, max-video-preview:-1\" \/>\n<link rel=\"canonical\" href=\"https:\/\/anivet.lt\/elparduotuve\/produktas\/puppy-snack-150-g\/\" \/>\n<meta property=\"og:locale\" content=\"lt_LT\" \/>\n<meta property=\"og:type\" content=\"article\" \/>\n<meta property=\"og:title\" content=\"Advance Puppy Snack 150 g\" \/>\n<meta property=\"og:description\" content=\"Mink\u0161ti ir gard\u016bs skan\u0117stai, specialiai sukurti \u0161uniukams, u\u017etikrinant j\u0173 sveik\u0105 vystym\u0105si ir gerov\u0119. \u0160ie funkciniai skan\u0117stai ne tik d\u017eiugina skonio receptorius, bet ir prisideda prie imunin\u0117s sistemos bei smegen\u0173 vystymosi.\" \/>\n<meta property=\"og:url\" content=\"https:\/\/anivet.lt\/elparduotuve\/produktas\/puppy-snack-150-g\/\" \/>\n<meta property=\"og:site_name\" content=\"anivet.lt\" \/>\n<meta property=\"article:modified_time\" content=\"2025-06-19T09:26:03+00:00\" \/>\n<meta property=\"og:image\" content=\"https:\/\/anivet.lt\/elparduotuve\/wp-content\/uploads\/2023\/07\/1717670572-815.png\" \/>\n\t<meta property=\"og:image:width\" content=\"800\" \/>\n\t<meta property=\"og:image:height\" content=\"965\" \/>\n\t<meta property=\"og:image:type\" content=\"image\/png\" \/>\n<meta name=\"twitter:card\" content=\"summary_large_image\" \/>\n<meta name=\"twitter:label1\" content=\"Est. reading time\" \/>\n\t<meta name=\"twitter:data1\" content=\"1 minut\u0117\" \/>\n<script type=\"application\/ld+json\" class=\"yoast-schema-graph\">{\"@context\":\"https:\\\/\\\/schema.org\",\"@graph\":[{\"@type\":\"WebPage\",\"@id\":\"https:\\\/\\\/anivet.lt\\\/elparduotuve\\\/produktas\\\/puppy-snack-150-g\\\/\",\"url\":\"https:\\\/\\\/anivet.lt\\\/elparduotuve\\\/produktas\\\/puppy-snack-150-g\\\/\",\"name\":\"Advance Puppy Snack 150 g - anivet.lt\",\"isPartOf\":{\"@id\":\"https:\\\/\\\/anivet.lt\\\/elparduotuve\\\/#website\"},\"primaryImageOfPage\":{\"@id\":\"https:\\\/\\\/anivet.lt\\\/elparduotuve\\\/produktas\\\/puppy-snack-150-g\\\/#primaryimage\"},\"image\":{\"@id\":\"https:\\\/\\\/anivet.lt\\\/elparduotuve\\\/produktas\\\/puppy-snack-150-g\\\/#primaryimage\"},\"thumbnailUrl\":\"https:\\\/\\\/anivet.lt\\\/elparduotuve\\\/wp-content\\\/uploads\\\/2023\\\/07\\\/1717670572-815.png\",\"datePublished\":\"2023-07-19T05:30:35+00:00\",\"dateModified\":\"2025-06-19T09:26:03+00:00\",\"description\":\"Mink\u0161ti ir gard\u016bs skan\u0117stai, specialiai sukurti \u0161uniukams, u\u017etikrinant j\u0173 sveik\u0105 vystym\u0105si ir gerov\u0119. \u0160ie funkciniai skan\u0117stai ne tik d\u017eiugina skonio receptorius, bet ir prisideda prie imunin\u0117s sistemos bei smegen\u0173 vystymosi.\",\"breadcrumb\":{\"@id\":\"https:\\\/\\\/anivet.lt\\\/elparduotuve\\\/produktas\\\/puppy-snack-150-g\\\/#breadcrumb\"},\"inLanguage\":\"lt-LT\",\"potentialAction\":[{\"@type\":\"ReadAction\",\"target\":[\"https:\\\/\\\/anivet.lt\\\/elparduotuve\\\/produktas\\\/puppy-snack-150-g\\\/\"]}]},{\"@type\":\"ImageObject\",\"inLanguage\":\"lt-LT\",\"@id\":\"https:\\\/\\\/anivet.lt\\\/elparduotuve\\\/produktas\\\/puppy-snack-150-g\\\/#primaryimage\",\"url\":\"https:\\\/\\\/anivet.lt\\\/elparduotuve\\\/wp-content\\\/uploads\\\/2023\\\/07\\\/1717670572-815.png\",\"contentUrl\":\"https:\\\/\\\/anivet.lt\\\/elparduotuve\\\/wp-content\\\/uploads\\\/2023\\\/07\\\/1717670572-815.png\",\"width\":800,\"height\":965,\"caption\":\"Advance Puppy Snack 150 g\"},{\"@type\":\"BreadcrumbList\",\"@id\":\"https:\\\/\\\/anivet.lt\\\/elparduotuve\\\/produktas\\\/puppy-snack-150-g\\\/#breadcrumb\",\"itemListElement\":[{\"@type\":\"ListItem\",\"position\":1,\"name\":\"Home\",\"item\":\"https:\\\/\\\/anivet.lt\\\/elparduotuve\\\/\"},{\"@type\":\"ListItem\",\"position\":2,\"name\":\"Produktai\",\"item\":\"https:\\\/\\\/anivet.lt\\\/elparduotuve\\\/produktai\\\/\"},{\"@type\":\"ListItem\",\"position\":3,\"name\":\"Advance Puppy Snack 150 g\"}]},{\"@type\":\"WebSite\",\"@id\":\"https:\\\/\\\/anivet.lt\\\/elparduotuve\\\/#website\",\"url\":\"https:\\\/\\\/anivet.lt\\\/elparduotuve\\\/\",\"name\":\"anivet.lt\",\"description\":\"Viskas J\u016bs\u0173 \u0161uns, kat\u0117s prie\u017ei\u016brai\",\"publisher\":{\"@id\":\"https:\\\/\\\/anivet.lt\\\/elparduotuve\\\/#organization\"},\"alternateName\":\"Viskas J\u016bs\u0173 \u0161uns, kat\u0117s prie\u017ei\u016brai\",\"potentialAction\":[{\"@type\":\"SearchAction\",\"target\":{\"@type\":\"EntryPoint\",\"urlTemplate\":\"https:\\\/\\\/anivet.lt\\\/elparduotuve\\\/?s={search_term_string}\"},\"query-input\":{\"@type\":\"PropertyValueSpecification\",\"valueRequired\":true,\"valueName\":\"search_term_string\"}}],\"inLanguage\":\"lt-LT\"},{\"@type\":\"Organization\",\"@id\":\"https:\\\/\\\/anivet.lt\\\/elparduotuve\\\/#organization\",\"name\":\"Viskas J\u016bs\u0173 \u0161uns, kat\u0117s prie\u017ei\u016brai\",\"url\":\"https:\\\/\\\/anivet.lt\\\/elparduotuve\\\/\",\"logo\":{\"@type\":\"ImageObject\",\"inLanguage\":\"lt-LT\",\"@id\":\"https:\\\/\\\/anivet.lt\\\/elparduotuve\\\/#\\\/schema\\\/logo\\\/image\\\/\",\"url\":\"https:\\\/\\\/anivet.lt\\\/elparduotuve\\\/wp-content\\\/uploads\\\/2023\\\/06\\\/logo2.jpg\",\"contentUrl\":\"https:\\\/\\\/anivet.lt\\\/elparduotuve\\\/wp-content\\\/uploads\\\/2023\\\/06\\\/logo2.jpg\",\"width\":655,\"height\":194,\"caption\":\"Viskas J\u016bs\u0173 \u0161uns, kat\u0117s prie\u017ei\u016brai\"},\"image\":{\"@id\":\"https:\\\/\\\/anivet.lt\\\/elparduotuve\\\/#\\\/schema\\\/logo\\\/image\\\/\"}}]}<\/script>\n<!-- \/ Yoast SEO Premium plugin. -->","yoast_head_json":{"title":"Advance Puppy Snack 150 g - anivet.lt","description":"Mink\u0161ti ir gard\u016bs skan\u0117stai, specialiai sukurti \u0161uniukams, u\u017etikrinant j\u0173 sveik\u0105 vystym\u0105si ir gerov\u0119. \u0160ie funkciniai skan\u0117stai ne tik d\u017eiugina skonio receptorius, bet ir prisideda prie imunin\u0117s sistemos bei smegen\u0173 vystymosi.","robots":{"index":"index","follow":"follow","max-snippet":"max-snippet:-1","max-image-preview":"max-image-preview:large","max-video-preview":"max-video-preview:-1"},"canonical":"https:\/\/anivet.lt\/elparduotuve\/produktas\/puppy-snack-150-g\/","og_locale":"lt_LT","og_type":"article","og_title":"Advance Puppy Snack 150 g","og_description":"Mink\u0161ti ir gard\u016bs skan\u0117stai, specialiai sukurti \u0161uniukams, u\u017etikrinant j\u0173 sveik\u0105 vystym\u0105si ir gerov\u0119. \u0160ie funkciniai skan\u0117stai ne tik d\u017eiugina skonio receptorius, bet ir prisideda prie imunin\u0117s sistemos bei smegen\u0173 vystymosi.","og_url":"https:\/\/anivet.lt\/elparduotuve\/produktas\/puppy-snack-150-g\/","og_site_name":"anivet.lt","article_modified_time":"2025-06-19T09:26:03+00:00","og_image":[{"width":800,"height":965,"url":"https:\/\/anivet.lt\/elparduotuve\/wp-content\/uploads\/2023\/07\/1717670572-815.png","type":"image\/png"}],"twitter_card":"summary_large_image","twitter_misc":{"Est. reading time":"1 minut\u0117"},"schema":{"@context":"https:\/\/schema.org","@graph":[{"@type":"WebPage","@id":"https:\/\/anivet.lt\/elparduotuve\/produktas\/puppy-snack-150-g\/","url":"https:\/\/anivet.lt\/elparduotuve\/produktas\/puppy-snack-150-g\/","name":"Advance Puppy Snack 150 g - anivet.lt","isPartOf":{"@id":"https:\/\/anivet.lt\/elparduotuve\/#website"},"primaryImageOfPage":{"@id":"https:\/\/anivet.lt\/elparduotuve\/produktas\/puppy-snack-150-g\/#primaryimage"},"image":{"@id":"https:\/\/anivet.lt\/elparduotuve\/produktas\/puppy-snack-150-g\/#primaryimage"},"thumbnailUrl":"https:\/\/anivet.lt\/elparduotuve\/wp-content\/uploads\/2023\/07\/1717670572-815.png","datePublished":"2023-07-19T05:30:35+00:00","dateModified":"2025-06-19T09:26:03+00:00","description":"Mink\u0161ti ir gard\u016bs skan\u0117stai, specialiai sukurti \u0161uniukams, u\u017etikrinant j\u0173 sveik\u0105 vystym\u0105si ir gerov\u0119. \u0160ie funkciniai skan\u0117stai ne tik d\u017eiugina skonio receptorius, bet ir prisideda prie imunin\u0117s sistemos bei smegen\u0173 vystymosi.","breadcrumb":{"@id":"https:\/\/anivet.lt\/elparduotuve\/produktas\/puppy-snack-150-g\/#breadcrumb"},"inLanguage":"lt-LT","potentialAction":[{"@type":"ReadAction","target":["https:\/\/anivet.lt\/elparduotuve\/produktas\/puppy-snack-150-g\/"]}]},{"@type":"ImageObject","inLanguage":"lt-LT","@id":"https:\/\/anivet.lt\/elparduotuve\/produktas\/puppy-snack-150-g\/#primaryimage","url":"https:\/\/anivet.lt\/elparduotuve\/wp-content\/uploads\/2023\/07\/1717670572-815.png","contentUrl":"https:\/\/anivet.lt\/elparduotuve\/wp-content\/uploads\/2023\/07\/1717670572-815.png","width":800,"height":965,"caption":"Advance Puppy Snack 150 g"},{"@type":"BreadcrumbList","@id":"https:\/\/anivet.lt\/elparduotuve\/produktas\/puppy-snack-150-g\/#breadcrumb","itemListElement":[{"@type":"ListItem","position":1,"name":"Home","item":"https:\/\/anivet.lt\/elparduotuve\/"},{"@type":"ListItem","position":2,"name":"Produktai","item":"https:\/\/anivet.lt\/elparduotuve\/produktai\/"},{"@type":"ListItem","position":3,"name":"Advance Puppy Snack 150 g"}]},{"@type":"WebSite","@id":"https:\/\/anivet.lt\/elparduotuve\/#website","url":"https:\/\/anivet.lt\/elparduotuve\/","name":"anivet.lt","description":"Viskas J\u016bs\u0173 \u0161uns, kat\u0117s prie\u017ei\u016brai","publisher":{"@id":"https:\/\/anivet.lt\/elparduotuve\/#organization"},"alternateName":"Viskas J\u016bs\u0173 \u0161uns, kat\u0117s prie\u017ei\u016brai","potentialAction":[{"@type":"SearchAction","target":{"@type":"EntryPoint","urlTemplate":"https:\/\/anivet.lt\/elparduotuve\/?s={search_term_string}"},"query-input":{"@type":"PropertyValueSpecification","valueRequired":true,"valueName":"search_term_string"}}],"inLanguage":"lt-LT"},{"@type":"Organization","@id":"https:\/\/anivet.lt\/elparduotuve\/#organization","name":"Viskas J\u016bs\u0173 \u0161uns, kat\u0117s prie\u017ei\u016brai","url":"https:\/\/anivet.lt\/elparduotuve\/","logo":{"@type":"ImageObject","inLanguage":"lt-LT","@id":"https:\/\/anivet.lt\/elparduotuve\/#\/schema\/logo\/image\/","url":"https:\/\/anivet.lt\/elparduotuve\/wp-content\/uploads\/2023\/06\/logo2.jpg","contentUrl":"https:\/\/anivet.lt\/elparduotuve\/wp-content\/uploads\/2023\/06\/logo2.jpg","width":655,"height":194,"caption":"Viskas J\u016bs\u0173 \u0161uns, kat\u0117s prie\u017ei\u016brai"},"image":{"@id":"https:\/\/anivet.lt\/elparduotuve\/#\/schema\/logo\/image\/"}}]}},"_links":{"self":[{"href":"https:\/\/anivet.lt\/elparduotuve\/wp-json\/wp\/v2\/product\/10406","targetHints":{"allow":["GET"]}}],"collection":[{"href":"https:\/\/anivet.lt\/elparduotuve\/wp-json\/wp\/v2\/product"}],"about":[{"href":"https:\/\/anivet.lt\/elparduotuve\/wp-json\/wp\/v2\/types\/product"}],"wp:featuredmedia":[{"embeddable":true,"href":"https:\/\/anivet.lt\/elparduotuve\/wp-json\/wp\/v2\/media\/13896"}],"wp:attachment":[{"href":"https:\/\/anivet.lt\/elparduotuve\/wp-json\/wp\/v2\/media?parent=10406"}],"wp:term":[{"taxonomy":"product_brand","embeddable":true,"href":"https:\/\/anivet.lt\/elparduotuve\/wp-json\/wp\/v2\/product_brand?post=10406"},{"taxonomy":"product_cat","embeddable":true,"href":"https:\/\/anivet.lt\/elparduotuve\/wp-json\/wp\/v2\/product_cat?post=10406"},{"taxonomy":"product_tag","embeddable":true,"href":"https:\/\/anivet.lt\/elparduotuve\/wp-json\/wp\/v2\/product_tag?post=10406"}],"curies":[{"name":"wp","href":"https:\/\/api.w.org\/{rel}","templated":true}]}}