{"id":10408,"date":"2023-07-19T05:34:36","date_gmt":"2023-07-19T05:34:36","guid":{"rendered":"https:\/\/anivet.lt\/elparduotuve\/?post_type=product&#038;p=10408"},"modified":"2025-11-17T12:52:55","modified_gmt":"2025-11-17T12:52:55","slug":"sensitive-snack-150-g","status":"publish","type":"product","link":"https:\/\/anivet.lt\/elparduotuve\/produktas\/sensitive-snack-150-g\/","title":{"rendered":"Advance Sensitive Snack 150 g"},"content":{"rendered":"<ul>\n<li style=\"font-weight: 400;\" aria-level=\"1\">Vienas baltym\u0173 \u0161altinis: La\u0161i\u0161a (25%) suteikia auk\u0161tos kokyb\u0117s baltymus ir suma\u017eina alergini\u0173 reakcij\u0173 rizik\u0105.<\/li>\n<li style=\"font-weight: 400;\" aria-level=\"1\">Praturtintas inulinu: Palaiko sveik\u0105 \u017earnyno mikroflor\u0105 ir gerina vir\u0161kinim\u0105.<\/li>\n<li style=\"font-weight: 400;\" aria-level=\"1\">Omega-3 ir Omega-6 r\u016bg\u0161tys: Palaiko sveik\u0105 od\u0105, apsaugo j\u0105 nuo sudirginimo ir u\u017etikrina blizgant\u012f kail\u012f.<\/li>\n<li style=\"font-weight: 400;\" aria-level=\"1\">Nat\u016bral\u016bs ingredientai: Dumbliai ir augalin\u0117s kilm\u0117s dariniai papildo skan\u0117st\u0105 naudingomis maistin\u0117mis med\u017eiagomis.<\/li>\n<li style=\"font-weight: 400;\" aria-level=\"1\">Vitamino kompleksas: Vitaminai A, D3, E ir C stiprina imunin\u0119 sistem\u0105 ir palaiko bendr\u0105 \u0161uns sveikat\u0105.<\/li>\n<\/ul>\n<p>\u0160ie skan\u0117stai yra ne tik maistingi, bet ir labai skan\u016bs, tod\u0117l puikiai tinka jautriems \u0161unims. Naudokite juos kaip paskatinim\u0105 dres\u016bros metu arba nor\u0117dami palepinti savo augintin\u012f sveiku u\u017ekand\u017eiu.<\/p>\n","protected":false},"excerpt":{"rendered":"<p><span style=\"font-weight: 400;\">Mink\u0161ti ir skan\u016bs funkciniai skan\u0117stai, specialiai sukurti \u0161unims su jautria oda ir vir\u0161kinimo sistema. Pagrindinis ingredientas \u2013 la\u0161i\u0161a, vienintelis gyv\u016bnin\u0117s kilm\u0117s baltym\u0173 \u0161altinis, u\u017etikrinantis lengv\u0105 vir\u0161kinim\u0105 ir puik\u0173 skon\u012f.<\/span><\/p>\n","protected":false},"featured_media":15357,"template":"","meta":[],"product_brand":[],"product_cat":[101,103,316,106],"product_tag":[],"class_list":{"0":"post-10408","1":"product","2":"type-product","3":"status-publish","4":"has-post-thumbnail","6":"product_cat-sunims","7":"product_cat-sunu-maistas","8":"product_cat-advance-sunu-maistas","9":"product_cat-skanestai","10":"pa_prekinis-zenklas-advance","12":"first","13":"instock","14":"taxable","15":"shipping-taxable","16":"purchasable","17":"product-type-simple"},"yoast_head":"<!-- This site is optimized with the Yoast SEO Premium plugin v27.1 (Yoast SEO v27.5) - https:\/\/yoast.com\/product\/yoast-seo-premium-wordpress\/ -->\n<title>Advance Sensitive Snack 150 g - anivet.lt<\/title>\n<meta name=\"description\" content=\"Mink\u0161ti ir skan\u016bs funkciniai skan\u0117stai, specialiai sukurti \u0161unims su jautria oda ir vir\u0161kinimo sistema. Pagrindinis ingredientas \u2013 la\u0161i\u0161a, vienintelis gyv\u016bnin\u0117s kilm\u0117s baltym\u0173 \u0161altinis, u\u017etikrinantis lengv\u0105 vir\u0161kinim\u0105 ir puik\u0173 skon\u012f.\" \/>\n<meta name=\"robots\" content=\"index, follow, max-snippet:-1, max-image-preview:large, max-video-preview:-1\" \/>\n<link rel=\"canonical\" href=\"https:\/\/anivet.lt\/elparduotuve\/produktas\/sensitive-snack-150-g\/\" \/>\n<meta property=\"og:locale\" content=\"lt_LT\" \/>\n<meta property=\"og:type\" content=\"article\" \/>\n<meta property=\"og:title\" content=\"Advance Sensitive Snack 150 g\" \/>\n<meta property=\"og:description\" content=\"Mink\u0161ti ir skan\u016bs funkciniai skan\u0117stai, specialiai sukurti \u0161unims su jautria oda ir vir\u0161kinimo sistema. Pagrindinis ingredientas \u2013 la\u0161i\u0161a, vienintelis gyv\u016bnin\u0117s kilm\u0117s baltym\u0173 \u0161altinis, u\u017etikrinantis lengv\u0105 vir\u0161kinim\u0105 ir puik\u0173 skon\u012f.\" \/>\n<meta property=\"og:url\" content=\"https:\/\/anivet.lt\/elparduotuve\/produktas\/sensitive-snack-150-g\/\" \/>\n<meta property=\"og:site_name\" content=\"anivet.lt\" \/>\n<meta property=\"article:modified_time\" content=\"2025-11-17T12:52:55+00:00\" \/>\n<meta property=\"og:image\" content=\"https:\/\/anivet.lt\/elparduotuve\/wp-content\/uploads\/2023\/07\/Advance-Sensitive.png\" \/>\n\t<meta property=\"og:image:width\" content=\"650\" \/>\n\t<meta property=\"og:image:height\" content=\"650\" \/>\n\t<meta property=\"og:image:type\" content=\"image\/png\" \/>\n<meta name=\"twitter:card\" content=\"summary_large_image\" \/>\n<meta name=\"twitter:label1\" content=\"Est. reading time\" \/>\n\t<meta name=\"twitter:data1\" content=\"1 minut\u0117\" \/>\n<script type=\"application\/ld+json\" class=\"yoast-schema-graph\">{\"@context\":\"https:\\\/\\\/schema.org\",\"@graph\":[{\"@type\":\"WebPage\",\"@id\":\"https:\\\/\\\/anivet.lt\\\/elparduotuve\\\/produktas\\\/sensitive-snack-150-g\\\/\",\"url\":\"https:\\\/\\\/anivet.lt\\\/elparduotuve\\\/produktas\\\/sensitive-snack-150-g\\\/\",\"name\":\"Advance Sensitive Snack 150 g - anivet.lt\",\"isPartOf\":{\"@id\":\"https:\\\/\\\/anivet.lt\\\/elparduotuve\\\/#website\"},\"primaryImageOfPage\":{\"@id\":\"https:\\\/\\\/anivet.lt\\\/elparduotuve\\\/produktas\\\/sensitive-snack-150-g\\\/#primaryimage\"},\"image\":{\"@id\":\"https:\\\/\\\/anivet.lt\\\/elparduotuve\\\/produktas\\\/sensitive-snack-150-g\\\/#primaryimage\"},\"thumbnailUrl\":\"https:\\\/\\\/anivet.lt\\\/elparduotuve\\\/wp-content\\\/uploads\\\/2023\\\/07\\\/Advance-Sensitive.png\",\"datePublished\":\"2023-07-19T05:34:36+00:00\",\"dateModified\":\"2025-11-17T12:52:55+00:00\",\"description\":\"Mink\u0161ti ir skan\u016bs funkciniai skan\u0117stai, specialiai sukurti \u0161unims su jautria oda ir vir\u0161kinimo sistema. Pagrindinis ingredientas \u2013 la\u0161i\u0161a, vienintelis gyv\u016bnin\u0117s kilm\u0117s baltym\u0173 \u0161altinis, u\u017etikrinantis lengv\u0105 vir\u0161kinim\u0105 ir puik\u0173 skon\u012f.\",\"breadcrumb\":{\"@id\":\"https:\\\/\\\/anivet.lt\\\/elparduotuve\\\/produktas\\\/sensitive-snack-150-g\\\/#breadcrumb\"},\"inLanguage\":\"lt-LT\",\"potentialAction\":[{\"@type\":\"ReadAction\",\"target\":[\"https:\\\/\\\/anivet.lt\\\/elparduotuve\\\/produktas\\\/sensitive-snack-150-g\\\/\"]}]},{\"@type\":\"ImageObject\",\"inLanguage\":\"lt-LT\",\"@id\":\"https:\\\/\\\/anivet.lt\\\/elparduotuve\\\/produktas\\\/sensitive-snack-150-g\\\/#primaryimage\",\"url\":\"https:\\\/\\\/anivet.lt\\\/elparduotuve\\\/wp-content\\\/uploads\\\/2023\\\/07\\\/Advance-Sensitive.png\",\"contentUrl\":\"https:\\\/\\\/anivet.lt\\\/elparduotuve\\\/wp-content\\\/uploads\\\/2023\\\/07\\\/Advance-Sensitive.png\",\"width\":650,\"height\":650,\"caption\":\"Advance Sensitive Snack 150 g\"},{\"@type\":\"BreadcrumbList\",\"@id\":\"https:\\\/\\\/anivet.lt\\\/elparduotuve\\\/produktas\\\/sensitive-snack-150-g\\\/#breadcrumb\",\"itemListElement\":[{\"@type\":\"ListItem\",\"position\":1,\"name\":\"Home\",\"item\":\"https:\\\/\\\/anivet.lt\\\/elparduotuve\\\/\"},{\"@type\":\"ListItem\",\"position\":2,\"name\":\"Produktai\",\"item\":\"https:\\\/\\\/anivet.lt\\\/elparduotuve\\\/produktai\\\/\"},{\"@type\":\"ListItem\",\"position\":3,\"name\":\"Advance Sensitive Snack 150 g\"}]},{\"@type\":\"WebSite\",\"@id\":\"https:\\\/\\\/anivet.lt\\\/elparduotuve\\\/#website\",\"url\":\"https:\\\/\\\/anivet.lt\\\/elparduotuve\\\/\",\"name\":\"anivet.lt\",\"description\":\"Viskas J\u016bs\u0173 \u0161uns, kat\u0117s prie\u017ei\u016brai\",\"publisher\":{\"@id\":\"https:\\\/\\\/anivet.lt\\\/elparduotuve\\\/#organization\"},\"alternateName\":\"Viskas J\u016bs\u0173 \u0161uns, kat\u0117s prie\u017ei\u016brai\",\"potentialAction\":[{\"@type\":\"SearchAction\",\"target\":{\"@type\":\"EntryPoint\",\"urlTemplate\":\"https:\\\/\\\/anivet.lt\\\/elparduotuve\\\/?s={search_term_string}\"},\"query-input\":{\"@type\":\"PropertyValueSpecification\",\"valueRequired\":true,\"valueName\":\"search_term_string\"}}],\"inLanguage\":\"lt-LT\"},{\"@type\":\"Organization\",\"@id\":\"https:\\\/\\\/anivet.lt\\\/elparduotuve\\\/#organization\",\"name\":\"Viskas J\u016bs\u0173 \u0161uns, kat\u0117s prie\u017ei\u016brai\",\"url\":\"https:\\\/\\\/anivet.lt\\\/elparduotuve\\\/\",\"logo\":{\"@type\":\"ImageObject\",\"inLanguage\":\"lt-LT\",\"@id\":\"https:\\\/\\\/anivet.lt\\\/elparduotuve\\\/#\\\/schema\\\/logo\\\/image\\\/\",\"url\":\"https:\\\/\\\/anivet.lt\\\/elparduotuve\\\/wp-content\\\/uploads\\\/2023\\\/06\\\/logo2.jpg\",\"contentUrl\":\"https:\\\/\\\/anivet.lt\\\/elparduotuve\\\/wp-content\\\/uploads\\\/2023\\\/06\\\/logo2.jpg\",\"width\":655,\"height\":194,\"caption\":\"Viskas J\u016bs\u0173 \u0161uns, kat\u0117s prie\u017ei\u016brai\"},\"image\":{\"@id\":\"https:\\\/\\\/anivet.lt\\\/elparduotuve\\\/#\\\/schema\\\/logo\\\/image\\\/\"}}]}<\/script>\n<!-- \/ Yoast SEO Premium plugin. -->","yoast_head_json":{"title":"Advance Sensitive Snack 150 g - anivet.lt","description":"Mink\u0161ti ir skan\u016bs funkciniai skan\u0117stai, specialiai sukurti \u0161unims su jautria oda ir vir\u0161kinimo sistema. Pagrindinis ingredientas \u2013 la\u0161i\u0161a, vienintelis gyv\u016bnin\u0117s kilm\u0117s baltym\u0173 \u0161altinis, u\u017etikrinantis lengv\u0105 vir\u0161kinim\u0105 ir puik\u0173 skon\u012f.","robots":{"index":"index","follow":"follow","max-snippet":"max-snippet:-1","max-image-preview":"max-image-preview:large","max-video-preview":"max-video-preview:-1"},"canonical":"https:\/\/anivet.lt\/elparduotuve\/produktas\/sensitive-snack-150-g\/","og_locale":"lt_LT","og_type":"article","og_title":"Advance Sensitive Snack 150 g","og_description":"Mink\u0161ti ir skan\u016bs funkciniai skan\u0117stai, specialiai sukurti \u0161unims su jautria oda ir vir\u0161kinimo sistema. Pagrindinis ingredientas \u2013 la\u0161i\u0161a, vienintelis gyv\u016bnin\u0117s kilm\u0117s baltym\u0173 \u0161altinis, u\u017etikrinantis lengv\u0105 vir\u0161kinim\u0105 ir puik\u0173 skon\u012f.","og_url":"https:\/\/anivet.lt\/elparduotuve\/produktas\/sensitive-snack-150-g\/","og_site_name":"anivet.lt","article_modified_time":"2025-11-17T12:52:55+00:00","og_image":[{"width":650,"height":650,"url":"https:\/\/anivet.lt\/elparduotuve\/wp-content\/uploads\/2023\/07\/Advance-Sensitive.png","type":"image\/png"}],"twitter_card":"summary_large_image","twitter_misc":{"Est. reading time":"1 minut\u0117"},"schema":{"@context":"https:\/\/schema.org","@graph":[{"@type":"WebPage","@id":"https:\/\/anivet.lt\/elparduotuve\/produktas\/sensitive-snack-150-g\/","url":"https:\/\/anivet.lt\/elparduotuve\/produktas\/sensitive-snack-150-g\/","name":"Advance Sensitive Snack 150 g - anivet.lt","isPartOf":{"@id":"https:\/\/anivet.lt\/elparduotuve\/#website"},"primaryImageOfPage":{"@id":"https:\/\/anivet.lt\/elparduotuve\/produktas\/sensitive-snack-150-g\/#primaryimage"},"image":{"@id":"https:\/\/anivet.lt\/elparduotuve\/produktas\/sensitive-snack-150-g\/#primaryimage"},"thumbnailUrl":"https:\/\/anivet.lt\/elparduotuve\/wp-content\/uploads\/2023\/07\/Advance-Sensitive.png","datePublished":"2023-07-19T05:34:36+00:00","dateModified":"2025-11-17T12:52:55+00:00","description":"Mink\u0161ti ir skan\u016bs funkciniai skan\u0117stai, specialiai sukurti \u0161unims su jautria oda ir vir\u0161kinimo sistema. Pagrindinis ingredientas \u2013 la\u0161i\u0161a, vienintelis gyv\u016bnin\u0117s kilm\u0117s baltym\u0173 \u0161altinis, u\u017etikrinantis lengv\u0105 vir\u0161kinim\u0105 ir puik\u0173 skon\u012f.","breadcrumb":{"@id":"https:\/\/anivet.lt\/elparduotuve\/produktas\/sensitive-snack-150-g\/#breadcrumb"},"inLanguage":"lt-LT","potentialAction":[{"@type":"ReadAction","target":["https:\/\/anivet.lt\/elparduotuve\/produktas\/sensitive-snack-150-g\/"]}]},{"@type":"ImageObject","inLanguage":"lt-LT","@id":"https:\/\/anivet.lt\/elparduotuve\/produktas\/sensitive-snack-150-g\/#primaryimage","url":"https:\/\/anivet.lt\/elparduotuve\/wp-content\/uploads\/2023\/07\/Advance-Sensitive.png","contentUrl":"https:\/\/anivet.lt\/elparduotuve\/wp-content\/uploads\/2023\/07\/Advance-Sensitive.png","width":650,"height":650,"caption":"Advance Sensitive Snack 150 g"},{"@type":"BreadcrumbList","@id":"https:\/\/anivet.lt\/elparduotuve\/produktas\/sensitive-snack-150-g\/#breadcrumb","itemListElement":[{"@type":"ListItem","position":1,"name":"Home","item":"https:\/\/anivet.lt\/elparduotuve\/"},{"@type":"ListItem","position":2,"name":"Produktai","item":"https:\/\/anivet.lt\/elparduotuve\/produktai\/"},{"@type":"ListItem","position":3,"name":"Advance Sensitive Snack 150 g"}]},{"@type":"WebSite","@id":"https:\/\/anivet.lt\/elparduotuve\/#website","url":"https:\/\/anivet.lt\/elparduotuve\/","name":"anivet.lt","description":"Viskas J\u016bs\u0173 \u0161uns, kat\u0117s prie\u017ei\u016brai","publisher":{"@id":"https:\/\/anivet.lt\/elparduotuve\/#organization"},"alternateName":"Viskas J\u016bs\u0173 \u0161uns, kat\u0117s prie\u017ei\u016brai","potentialAction":[{"@type":"SearchAction","target":{"@type":"EntryPoint","urlTemplate":"https:\/\/anivet.lt\/elparduotuve\/?s={search_term_string}"},"query-input":{"@type":"PropertyValueSpecification","valueRequired":true,"valueName":"search_term_string"}}],"inLanguage":"lt-LT"},{"@type":"Organization","@id":"https:\/\/anivet.lt\/elparduotuve\/#organization","name":"Viskas J\u016bs\u0173 \u0161uns, kat\u0117s prie\u017ei\u016brai","url":"https:\/\/anivet.lt\/elparduotuve\/","logo":{"@type":"ImageObject","inLanguage":"lt-LT","@id":"https:\/\/anivet.lt\/elparduotuve\/#\/schema\/logo\/image\/","url":"https:\/\/anivet.lt\/elparduotuve\/wp-content\/uploads\/2023\/06\/logo2.jpg","contentUrl":"https:\/\/anivet.lt\/elparduotuve\/wp-content\/uploads\/2023\/06\/logo2.jpg","width":655,"height":194,"caption":"Viskas J\u016bs\u0173 \u0161uns, kat\u0117s prie\u017ei\u016brai"},"image":{"@id":"https:\/\/anivet.lt\/elparduotuve\/#\/schema\/logo\/image\/"}}]}},"_links":{"self":[{"href":"https:\/\/anivet.lt\/elparduotuve\/wp-json\/wp\/v2\/product\/10408","targetHints":{"allow":["GET"]}}],"collection":[{"href":"https:\/\/anivet.lt\/elparduotuve\/wp-json\/wp\/v2\/product"}],"about":[{"href":"https:\/\/anivet.lt\/elparduotuve\/wp-json\/wp\/v2\/types\/product"}],"wp:featuredmedia":[{"embeddable":true,"href":"https:\/\/anivet.lt\/elparduotuve\/wp-json\/wp\/v2\/media\/15357"}],"wp:attachment":[{"href":"https:\/\/anivet.lt\/elparduotuve\/wp-json\/wp\/v2\/media?parent=10408"}],"wp:term":[{"taxonomy":"product_brand","embeddable":true,"href":"https:\/\/anivet.lt\/elparduotuve\/wp-json\/wp\/v2\/product_brand?post=10408"},{"taxonomy":"product_cat","embeddable":true,"href":"https:\/\/anivet.lt\/elparduotuve\/wp-json\/wp\/v2\/product_cat?post=10408"},{"taxonomy":"product_tag","embeddable":true,"href":"https:\/\/anivet.lt\/elparduotuve\/wp-json\/wp\/v2\/product_tag?post=10408"}],"curies":[{"name":"wp","href":"https:\/\/api.w.org\/{rel}","templated":true}]}}