{"id":10410,"date":"2023-07-19T06:01:54","date_gmt":"2023-07-19T06:01:54","guid":{"rendered":"https:\/\/anivet.lt\/elparduotuve\/?post_type=product&#038;p=10410"},"modified":"2026-01-21T14:33:04","modified_gmt":"2026-01-21T14:33:04","slug":"gastro-sensitive-cat","status":"publish","type":"product","link":"https:\/\/anivet.lt\/elparduotuve\/produktas\/gastro-sensitive-cat\/","title":{"rendered":"Advance Gastro Sensitive Cat"},"content":{"rendered":"<ul>\n<li style=\"font-weight: 400;\" aria-level=\"1\"><span style=\"font-weight: 400;\">Lengvai vir\u0161kinami ingredientai: Padeda palaikyti ger\u0105 vir\u0161kinim\u0105 ir suma\u017einti skrand\u017eio bei \u017earnyno dirginim\u0105.<\/span><\/li>\n<li style=\"font-weight: 400;\" aria-level=\"1\"><span style=\"font-weight: 400;\">Saikingas riebal\u0173 kiekis: Tinkamas jautrioms kat\u0117ms.<\/span><\/li>\n<li style=\"font-weight: 400;\" aria-level=\"1\"><span style=\"font-weight: 400;\">Padidintas natrio ir kalio kiekis: Palaiko tinkam\u0105 mineral\u0173 balans\u0105 organizme.<\/span><\/li>\n<li style=\"font-weight: 400;\" aria-level=\"1\"><span style=\"font-weight: 400;\">Be glitimo: Ma\u017eina glitimo netoleravimo rizik\u0105.<\/span><\/li>\n<li style=\"font-weight: 400;\" aria-level=\"1\"><span style=\"font-weight: 400;\">Prebiotikai (FOS): Skatina sveikos \u017earnyno mikrofloros augim\u0105.<\/span><\/li>\n<li style=\"font-weight: 400;\" aria-level=\"1\"><span style=\"font-weight: 400;\">Omega-3 riebal\u0173 r\u016bg\u0161tys: Ma\u017eina u\u017edegim\u0105 ir palaiko \u017earnyno sveikat\u0105.<\/span><\/li>\n<li style=\"font-weight: 400;\" aria-level=\"1\"><span style=\"font-weight: 400;\">Kruop\u0161\u010diai atrinkti baltym\u0173 ir angliavandeni\u0173 \u0161altiniai: Ma\u017eina maisto netoleravimo rizik\u0105.<\/span><\/li>\n<\/ul>\n<p><span style=\"font-weight: 400;\">\u0160is maistas yra puikus sprendimas kat\u0117ms, ken\u010dian\u010dioms nuo vir\u0161kinimo sutrikim\u0173. Jo sud\u0117tyje esan\u010dios lengvai vir\u0161kinamos sudedamosios dalys ir specialiai subalansuoti mineralai u\u017etikrina skland\u0173 vir\u0161kinim\u0105 ir greitesn\u012f sveikim\u0105, o auk\u0161\u010diausios kokyb\u0117s ingredientai suteikia visavert\u0119 mityb\u0105 net jautriausioms kat\u0117ms.<\/span><\/p>\n","protected":false},"excerpt":{"rendered":"<p><span style=\"font-weight: 400;\">Visavertis super premium klas\u0117s dietinis ka\u010di\u0173 maistas sukurtas specialiai suaugusioms kat\u0117ms, turin\u010dioms skrand\u017eio ir \u017earnyno problem\u0173, pavyzd\u017eiui, diar\u0117jos, v\u0117mimo ar hiperlipidemijos atvejais. Formul\u0117 praturtinta lengvai vir\u0161kinamais ingredientais ir subalansuotais mineralais.<\/span><\/p>\n","protected":false},"featured_media":15098,"template":"","meta":[],"product_brand":[],"product_cat":[114,325,102,118],"product_tag":[],"class_list":{"0":"post-10410","1":"product","2":"type-product","3":"status-publish","4":"has-post-thumbnail","6":"product_cat-kaciu-maistas","7":"product_cat-advance-kaciu-maistas","8":"product_cat-katems","9":"product_cat-veterinarinis-maistas-katems","10":"pa_prekinis-zenklas-advance","12":"first","13":"instock","14":"taxable","15":"shipping-taxable","16":"purchasable","17":"product-type-variable"},"yoast_head":"<!-- This site is optimized with the Yoast SEO Premium plugin v27.1 (Yoast SEO v27.3) - https:\/\/yoast.com\/product\/yoast-seo-premium-wordpress\/ -->\n<title>Advance Gastro Sensitive Cat - anivet.lt<\/title>\n<meta name=\"description\" content=\"Visavertis super premium klas\u0117s dietinis ka\u010di\u0173 maistas sukurtas specialiai suaugusioms kat\u0117ms, turin\u010dioms skrand\u017eio ir \u017earnyno problem\u0173, pavyzd\u017eiui, diar\u0117jos, v\u0117mimo ar hiperlipidemijos atvejais. Formul\u0117 praturtinta lengvai vir\u0161kinamais ingredientais ir subalansuotais mineralais.\" \/>\n<meta name=\"robots\" content=\"index, follow, max-snippet:-1, max-image-preview:large, max-video-preview:-1\" \/>\n<link rel=\"canonical\" href=\"https:\/\/anivet.lt\/elparduotuve\/produktas\/gastro-sensitive-cat\/\" \/>\n<meta property=\"og:locale\" content=\"lt_LT\" \/>\n<meta property=\"og:type\" content=\"article\" \/>\n<meta property=\"og:title\" content=\"Advance Gastro Sensitive Cat\" \/>\n<meta property=\"og:description\" content=\"Visavertis super premium klas\u0117s dietinis ka\u010di\u0173 maistas sukurtas specialiai suaugusioms kat\u0117ms, turin\u010dioms skrand\u017eio ir \u017earnyno problem\u0173, pavyzd\u017eiui, diar\u0117jos, v\u0117mimo ar hiperlipidemijos atvejais. Formul\u0117 praturtinta lengvai vir\u0161kinamais ingredientais ir subalansuotais mineralais.\" \/>\n<meta property=\"og:url\" content=\"https:\/\/anivet.lt\/elparduotuve\/produktas\/gastro-sensitive-cat\/\" \/>\n<meta property=\"og:site_name\" content=\"anivet.lt\" \/>\n<meta property=\"article:modified_time\" content=\"2026-01-21T14:33:04+00:00\" \/>\n<meta property=\"og:image\" content=\"https:\/\/anivet.lt\/elparduotuve\/wp-content\/uploads\/2023\/07\/Gastro-Sensitive-Cat-75-kg.png\" \/>\n\t<meta property=\"og:image:width\" content=\"650\" \/>\n\t<meta property=\"og:image:height\" content=\"688\" \/>\n\t<meta property=\"og:image:type\" content=\"image\/png\" \/>\n<meta name=\"twitter:card\" content=\"summary_large_image\" \/>\n<meta name=\"twitter:label1\" content=\"Est. reading time\" \/>\n\t<meta name=\"twitter:data1\" content=\"1 minut\u0117\" \/>\n<script type=\"application\/ld+json\" class=\"yoast-schema-graph\">{\"@context\":\"https:\\\/\\\/schema.org\",\"@graph\":[{\"@type\":\"WebPage\",\"@id\":\"https:\\\/\\\/anivet.lt\\\/elparduotuve\\\/produktas\\\/gastro-sensitive-cat\\\/\",\"url\":\"https:\\\/\\\/anivet.lt\\\/elparduotuve\\\/produktas\\\/gastro-sensitive-cat\\\/\",\"name\":\"Advance Gastro Sensitive Cat - anivet.lt\",\"isPartOf\":{\"@id\":\"https:\\\/\\\/anivet.lt\\\/elparduotuve\\\/#website\"},\"primaryImageOfPage\":{\"@id\":\"https:\\\/\\\/anivet.lt\\\/elparduotuve\\\/produktas\\\/gastro-sensitive-cat\\\/#primaryimage\"},\"image\":{\"@id\":\"https:\\\/\\\/anivet.lt\\\/elparduotuve\\\/produktas\\\/gastro-sensitive-cat\\\/#primaryimage\"},\"thumbnailUrl\":\"https:\\\/\\\/anivet.lt\\\/elparduotuve\\\/wp-content\\\/uploads\\\/2023\\\/07\\\/Gastro-Sensitive-Cat-75-kg.png\",\"datePublished\":\"2023-07-19T06:01:54+00:00\",\"dateModified\":\"2026-01-21T14:33:04+00:00\",\"description\":\"Visavertis super premium klas\u0117s dietinis ka\u010di\u0173 maistas sukurtas specialiai suaugusioms kat\u0117ms, turin\u010dioms skrand\u017eio ir \u017earnyno problem\u0173, pavyzd\u017eiui, diar\u0117jos, v\u0117mimo ar hiperlipidemijos atvejais. Formul\u0117 praturtinta lengvai vir\u0161kinamais ingredientais ir subalansuotais mineralais.\",\"breadcrumb\":{\"@id\":\"https:\\\/\\\/anivet.lt\\\/elparduotuve\\\/produktas\\\/gastro-sensitive-cat\\\/#breadcrumb\"},\"inLanguage\":\"lt-LT\",\"potentialAction\":[{\"@type\":\"ReadAction\",\"target\":[\"https:\\\/\\\/anivet.lt\\\/elparduotuve\\\/produktas\\\/gastro-sensitive-cat\\\/\"]}]},{\"@type\":\"ImageObject\",\"inLanguage\":\"lt-LT\",\"@id\":\"https:\\\/\\\/anivet.lt\\\/elparduotuve\\\/produktas\\\/gastro-sensitive-cat\\\/#primaryimage\",\"url\":\"https:\\\/\\\/anivet.lt\\\/elparduotuve\\\/wp-content\\\/uploads\\\/2023\\\/07\\\/Gastro-Sensitive-Cat-75-kg.png\",\"contentUrl\":\"https:\\\/\\\/anivet.lt\\\/elparduotuve\\\/wp-content\\\/uploads\\\/2023\\\/07\\\/Gastro-Sensitive-Cat-75-kg.png\",\"width\":650,\"height\":688,\"caption\":\"Advance Gastro Sensitive Cat\"},{\"@type\":\"BreadcrumbList\",\"@id\":\"https:\\\/\\\/anivet.lt\\\/elparduotuve\\\/produktas\\\/gastro-sensitive-cat\\\/#breadcrumb\",\"itemListElement\":[{\"@type\":\"ListItem\",\"position\":1,\"name\":\"Home\",\"item\":\"https:\\\/\\\/anivet.lt\\\/elparduotuve\\\/\"},{\"@type\":\"ListItem\",\"position\":2,\"name\":\"Produktai\",\"item\":\"https:\\\/\\\/anivet.lt\\\/elparduotuve\\\/produktai\\\/\"},{\"@type\":\"ListItem\",\"position\":3,\"name\":\"Advance Gastro Sensitive Cat\"}]},{\"@type\":\"WebSite\",\"@id\":\"https:\\\/\\\/anivet.lt\\\/elparduotuve\\\/#website\",\"url\":\"https:\\\/\\\/anivet.lt\\\/elparduotuve\\\/\",\"name\":\"anivet.lt\",\"description\":\"Viskas J\u016bs\u0173 \u0161uns, kat\u0117s prie\u017ei\u016brai\",\"publisher\":{\"@id\":\"https:\\\/\\\/anivet.lt\\\/elparduotuve\\\/#organization\"},\"alternateName\":\"Viskas J\u016bs\u0173 \u0161uns, kat\u0117s prie\u017ei\u016brai\",\"potentialAction\":[{\"@type\":\"SearchAction\",\"target\":{\"@type\":\"EntryPoint\",\"urlTemplate\":\"https:\\\/\\\/anivet.lt\\\/elparduotuve\\\/?s={search_term_string}\"},\"query-input\":{\"@type\":\"PropertyValueSpecification\",\"valueRequired\":true,\"valueName\":\"search_term_string\"}}],\"inLanguage\":\"lt-LT\"},{\"@type\":\"Organization\",\"@id\":\"https:\\\/\\\/anivet.lt\\\/elparduotuve\\\/#organization\",\"name\":\"Viskas J\u016bs\u0173 \u0161uns, kat\u0117s prie\u017ei\u016brai\",\"url\":\"https:\\\/\\\/anivet.lt\\\/elparduotuve\\\/\",\"logo\":{\"@type\":\"ImageObject\",\"inLanguage\":\"lt-LT\",\"@id\":\"https:\\\/\\\/anivet.lt\\\/elparduotuve\\\/#\\\/schema\\\/logo\\\/image\\\/\",\"url\":\"https:\\\/\\\/anivet.lt\\\/elparduotuve\\\/wp-content\\\/uploads\\\/2023\\\/06\\\/logo2.jpg\",\"contentUrl\":\"https:\\\/\\\/anivet.lt\\\/elparduotuve\\\/wp-content\\\/uploads\\\/2023\\\/06\\\/logo2.jpg\",\"width\":655,\"height\":194,\"caption\":\"Viskas J\u016bs\u0173 \u0161uns, kat\u0117s prie\u017ei\u016brai\"},\"image\":{\"@id\":\"https:\\\/\\\/anivet.lt\\\/elparduotuve\\\/#\\\/schema\\\/logo\\\/image\\\/\"}}]}<\/script>\n<!-- \/ Yoast SEO Premium plugin. -->","yoast_head_json":{"title":"Advance Gastro Sensitive Cat - anivet.lt","description":"Visavertis super premium klas\u0117s dietinis ka\u010di\u0173 maistas sukurtas specialiai suaugusioms kat\u0117ms, turin\u010dioms skrand\u017eio ir \u017earnyno problem\u0173, pavyzd\u017eiui, diar\u0117jos, v\u0117mimo ar hiperlipidemijos atvejais. Formul\u0117 praturtinta lengvai vir\u0161kinamais ingredientais ir subalansuotais mineralais.","robots":{"index":"index","follow":"follow","max-snippet":"max-snippet:-1","max-image-preview":"max-image-preview:large","max-video-preview":"max-video-preview:-1"},"canonical":"https:\/\/anivet.lt\/elparduotuve\/produktas\/gastro-sensitive-cat\/","og_locale":"lt_LT","og_type":"article","og_title":"Advance Gastro Sensitive Cat","og_description":"Visavertis super premium klas\u0117s dietinis ka\u010di\u0173 maistas sukurtas specialiai suaugusioms kat\u0117ms, turin\u010dioms skrand\u017eio ir \u017earnyno problem\u0173, pavyzd\u017eiui, diar\u0117jos, v\u0117mimo ar hiperlipidemijos atvejais. Formul\u0117 praturtinta lengvai vir\u0161kinamais ingredientais ir subalansuotais mineralais.","og_url":"https:\/\/anivet.lt\/elparduotuve\/produktas\/gastro-sensitive-cat\/","og_site_name":"anivet.lt","article_modified_time":"2026-01-21T14:33:04+00:00","og_image":[{"width":650,"height":688,"url":"https:\/\/anivet.lt\/elparduotuve\/wp-content\/uploads\/2023\/07\/Gastro-Sensitive-Cat-75-kg.png","type":"image\/png"}],"twitter_card":"summary_large_image","twitter_misc":{"Est. reading time":"1 minut\u0117"},"schema":{"@context":"https:\/\/schema.org","@graph":[{"@type":"WebPage","@id":"https:\/\/anivet.lt\/elparduotuve\/produktas\/gastro-sensitive-cat\/","url":"https:\/\/anivet.lt\/elparduotuve\/produktas\/gastro-sensitive-cat\/","name":"Advance Gastro Sensitive Cat - anivet.lt","isPartOf":{"@id":"https:\/\/anivet.lt\/elparduotuve\/#website"},"primaryImageOfPage":{"@id":"https:\/\/anivet.lt\/elparduotuve\/produktas\/gastro-sensitive-cat\/#primaryimage"},"image":{"@id":"https:\/\/anivet.lt\/elparduotuve\/produktas\/gastro-sensitive-cat\/#primaryimage"},"thumbnailUrl":"https:\/\/anivet.lt\/elparduotuve\/wp-content\/uploads\/2023\/07\/Gastro-Sensitive-Cat-75-kg.png","datePublished":"2023-07-19T06:01:54+00:00","dateModified":"2026-01-21T14:33:04+00:00","description":"Visavertis super premium klas\u0117s dietinis ka\u010di\u0173 maistas sukurtas specialiai suaugusioms kat\u0117ms, turin\u010dioms skrand\u017eio ir \u017earnyno problem\u0173, pavyzd\u017eiui, diar\u0117jos, v\u0117mimo ar hiperlipidemijos atvejais. Formul\u0117 praturtinta lengvai vir\u0161kinamais ingredientais ir subalansuotais mineralais.","breadcrumb":{"@id":"https:\/\/anivet.lt\/elparduotuve\/produktas\/gastro-sensitive-cat\/#breadcrumb"},"inLanguage":"lt-LT","potentialAction":[{"@type":"ReadAction","target":["https:\/\/anivet.lt\/elparduotuve\/produktas\/gastro-sensitive-cat\/"]}]},{"@type":"ImageObject","inLanguage":"lt-LT","@id":"https:\/\/anivet.lt\/elparduotuve\/produktas\/gastro-sensitive-cat\/#primaryimage","url":"https:\/\/anivet.lt\/elparduotuve\/wp-content\/uploads\/2023\/07\/Gastro-Sensitive-Cat-75-kg.png","contentUrl":"https:\/\/anivet.lt\/elparduotuve\/wp-content\/uploads\/2023\/07\/Gastro-Sensitive-Cat-75-kg.png","width":650,"height":688,"caption":"Advance Gastro Sensitive Cat"},{"@type":"BreadcrumbList","@id":"https:\/\/anivet.lt\/elparduotuve\/produktas\/gastro-sensitive-cat\/#breadcrumb","itemListElement":[{"@type":"ListItem","position":1,"name":"Home","item":"https:\/\/anivet.lt\/elparduotuve\/"},{"@type":"ListItem","position":2,"name":"Produktai","item":"https:\/\/anivet.lt\/elparduotuve\/produktai\/"},{"@type":"ListItem","position":3,"name":"Advance Gastro Sensitive Cat"}]},{"@type":"WebSite","@id":"https:\/\/anivet.lt\/elparduotuve\/#website","url":"https:\/\/anivet.lt\/elparduotuve\/","name":"anivet.lt","description":"Viskas J\u016bs\u0173 \u0161uns, kat\u0117s prie\u017ei\u016brai","publisher":{"@id":"https:\/\/anivet.lt\/elparduotuve\/#organization"},"alternateName":"Viskas J\u016bs\u0173 \u0161uns, kat\u0117s prie\u017ei\u016brai","potentialAction":[{"@type":"SearchAction","target":{"@type":"EntryPoint","urlTemplate":"https:\/\/anivet.lt\/elparduotuve\/?s={search_term_string}"},"query-input":{"@type":"PropertyValueSpecification","valueRequired":true,"valueName":"search_term_string"}}],"inLanguage":"lt-LT"},{"@type":"Organization","@id":"https:\/\/anivet.lt\/elparduotuve\/#organization","name":"Viskas J\u016bs\u0173 \u0161uns, kat\u0117s prie\u017ei\u016brai","url":"https:\/\/anivet.lt\/elparduotuve\/","logo":{"@type":"ImageObject","inLanguage":"lt-LT","@id":"https:\/\/anivet.lt\/elparduotuve\/#\/schema\/logo\/image\/","url":"https:\/\/anivet.lt\/elparduotuve\/wp-content\/uploads\/2023\/06\/logo2.jpg","contentUrl":"https:\/\/anivet.lt\/elparduotuve\/wp-content\/uploads\/2023\/06\/logo2.jpg","width":655,"height":194,"caption":"Viskas J\u016bs\u0173 \u0161uns, kat\u0117s prie\u017ei\u016brai"},"image":{"@id":"https:\/\/anivet.lt\/elparduotuve\/#\/schema\/logo\/image\/"}}]}},"_links":{"self":[{"href":"https:\/\/anivet.lt\/elparduotuve\/wp-json\/wp\/v2\/product\/10410","targetHints":{"allow":["GET"]}}],"collection":[{"href":"https:\/\/anivet.lt\/elparduotuve\/wp-json\/wp\/v2\/product"}],"about":[{"href":"https:\/\/anivet.lt\/elparduotuve\/wp-json\/wp\/v2\/types\/product"}],"wp:featuredmedia":[{"embeddable":true,"href":"https:\/\/anivet.lt\/elparduotuve\/wp-json\/wp\/v2\/media\/15098"}],"wp:attachment":[{"href":"https:\/\/anivet.lt\/elparduotuve\/wp-json\/wp\/v2\/media?parent=10410"}],"wp:term":[{"taxonomy":"product_brand","embeddable":true,"href":"https:\/\/anivet.lt\/elparduotuve\/wp-json\/wp\/v2\/product_brand?post=10410"},{"taxonomy":"product_cat","embeddable":true,"href":"https:\/\/anivet.lt\/elparduotuve\/wp-json\/wp\/v2\/product_cat?post=10410"},{"taxonomy":"product_tag","embeddable":true,"href":"https:\/\/anivet.lt\/elparduotuve\/wp-json\/wp\/v2\/product_tag?post=10410"}],"curies":[{"name":"wp","href":"https:\/\/api.w.org\/{rel}","templated":true}]}}