{"id":10419,"date":"2023-07-19T06:49:33","date_gmt":"2023-07-19T06:49:33","guid":{"rendered":"https:\/\/anivet.lt\/elparduotuve\/?post_type=product&#038;p=10419"},"modified":"2025-12-13T10:18:28","modified_gmt":"2025-12-13T10:18:28","slug":"urinary-cat","status":"publish","type":"product","link":"https:\/\/anivet.lt\/elparduotuve\/produktas\/urinary-cat\/","title":{"rendered":"Advance Urinary Cat"},"content":{"rendered":"<ul>\n<li><span style=\"font-weight: 400;\">Kristal\u0173 inhibitoriai: Ma\u017eina struvito ir oksalato akmen\u0173 susidarymo rizik\u0105.<\/span><\/li>\n<li style=\"font-weight: 400;\" aria-level=\"1\"><span style=\"font-weight: 400;\">\u0160lapimo r\u016bg\u0161tinimas: Padeda palaikyti tinkam\u0105 \u0161lapimo pH, kuris neleid\u017eia susidaryti kristalams.<\/span><\/li>\n<li style=\"font-weight: 400;\" aria-level=\"1\"><span style=\"font-weight: 400;\">Subalansuotas mineral\u0173 kiekis: U\u017etikrina sveik\u0105 \u0161lapimo tak\u0173 sistem\u0105.<\/span><\/li>\n<li style=\"font-weight: 400;\" aria-level=\"1\"><span style=\"font-weight: 400;\">Gleivin\u0117s atk\u016brimas: Gliukozaminas ir chondroitinas padeda atstatyti \u0161lapimo tak\u0173 gleivin\u0119.<\/span><\/li>\n<li style=\"font-weight: 400;\" aria-level=\"1\"><span style=\"font-weight: 400;\">Tinkamas kasdieniam naudojimui: Visavert\u0117 ir pilnai subalansuota formul\u0117.<\/span><\/li>\n<\/ul>\n<p><span style=\"font-weight: 400;\">\u201eAdvance Veterinary Diets URINARY\u201d yra auk\u0161tos kokyb\u0117s super premium klas\u0117s maistas, sukurtas palaikyti kat\u0117s \u0161lapimo tak\u0173 sveikat\u0105. Sud\u0117tyje esan\u010dios \u0161lapim\u0105 r\u016bg\u0161tinan\u010dios med\u017eiagos ir mineral\u0173 kontrol\u0117 u\u017etikrina tinkam\u0105 pH lyg\u012f bei apsaugo nuo kristal\u0173 susidarymo, tod\u0117l tai puikus pasirinkimas kat\u0117ms, ken\u010dian\u010dioms nuo pasikartojan\u010di\u0173 \u0161lapimo problem\u0173.<\/span><\/p>\n","protected":false},"excerpt":{"rendered":"<p><span style=\"font-weight: 400;\">Visavertis ir subalansuotas maistas, specialiai sukurtas suma\u017einti \u0161lapimo tak\u0173 problem\u0173, toki\u0173 kaip struvito ir oksalato akmenys, pasikartojimo rizik\u0105. Tinkamas kasdieniam \u0161\u0117rimui kat\u0117ms, ken\u010dian\u010dioms nuo \u0161lapimo problem\u0173.<\/span><\/p>\n","protected":false},"featured_media":16653,"template":"","meta":[],"product_brand":[],"product_cat":[114,102,325,118],"product_tag":[],"class_list":{"0":"post-10419","1":"product","2":"type-product","3":"status-publish","4":"has-post-thumbnail","6":"product_cat-kaciu-maistas","7":"product_cat-katems","8":"product_cat-advance-kaciu-maistas","9":"product_cat-veterinarinis-maistas-katems","10":"pa_prekinis-zenklas-advance","12":"first","13":"instock","14":"taxable","15":"shipping-taxable","16":"purchasable","17":"product-type-variable"},"yoast_head":"<!-- This site is optimized with the Yoast SEO Premium plugin v27.1 (Yoast SEO v27.3) - https:\/\/yoast.com\/product\/yoast-seo-premium-wordpress\/ -->\n<title>Advance Urinary Cat - anivet.lt<\/title>\n<meta name=\"description\" content=\"Visavertis ir subalansuotas maistas, specialiai sukurtas suma\u017einti \u0161lapimo tak\u0173 problem\u0173, toki\u0173 kaip struvito ir oksalato akmenys, pasikartojimo rizik\u0105. Tinkamas kasdieniam \u0161\u0117rimui kat\u0117ms, ken\u010dian\u010dioms nuo \u0161lapimo problem\u0173.\" \/>\n<meta name=\"robots\" content=\"index, follow, max-snippet:-1, max-image-preview:large, max-video-preview:-1\" \/>\n<link rel=\"canonical\" href=\"https:\/\/anivet.lt\/elparduotuve\/produktas\/urinary-cat\/\" \/>\n<meta property=\"og:locale\" content=\"lt_LT\" \/>\n<meta property=\"og:type\" content=\"article\" \/>\n<meta property=\"og:title\" content=\"Advance Urinary Cat\" \/>\n<meta property=\"og:description\" content=\"Visavertis ir subalansuotas maistas, specialiai sukurtas suma\u017einti \u0161lapimo tak\u0173 problem\u0173, toki\u0173 kaip struvito ir oksalato akmenys, pasikartojimo rizik\u0105. Tinkamas kasdieniam \u0161\u0117rimui kat\u0117ms, ken\u010dian\u010dioms nuo \u0161lapimo problem\u0173.\" \/>\n<meta property=\"og:url\" content=\"https:\/\/anivet.lt\/elparduotuve\/produktas\/urinary-cat\/\" \/>\n<meta property=\"og:site_name\" content=\"anivet.lt\" \/>\n<meta property=\"article:modified_time\" content=\"2025-12-13T10:18:28+00:00\" \/>\n<meta property=\"og:image\" content=\"https:\/\/anivet.lt\/elparduotuve\/wp-content\/uploads\/2023\/07\/Advance-Urinary-Cat.jpg\" \/>\n\t<meta property=\"og:image:width\" content=\"1000\" \/>\n\t<meta property=\"og:image:height\" content=\"1000\" \/>\n\t<meta property=\"og:image:type\" content=\"image\/jpeg\" \/>\n<meta name=\"twitter:card\" content=\"summary_large_image\" \/>\n<meta name=\"twitter:label1\" content=\"Est. reading time\" \/>\n\t<meta name=\"twitter:data1\" content=\"1 minut\u0117\" \/>\n<script type=\"application\/ld+json\" class=\"yoast-schema-graph\">{\"@context\":\"https:\\\/\\\/schema.org\",\"@graph\":[{\"@type\":\"WebPage\",\"@id\":\"https:\\\/\\\/anivet.lt\\\/elparduotuve\\\/produktas\\\/urinary-cat\\\/\",\"url\":\"https:\\\/\\\/anivet.lt\\\/elparduotuve\\\/produktas\\\/urinary-cat\\\/\",\"name\":\"Advance Urinary Cat - anivet.lt\",\"isPartOf\":{\"@id\":\"https:\\\/\\\/anivet.lt\\\/elparduotuve\\\/#website\"},\"primaryImageOfPage\":{\"@id\":\"https:\\\/\\\/anivet.lt\\\/elparduotuve\\\/produktas\\\/urinary-cat\\\/#primaryimage\"},\"image\":{\"@id\":\"https:\\\/\\\/anivet.lt\\\/elparduotuve\\\/produktas\\\/urinary-cat\\\/#primaryimage\"},\"thumbnailUrl\":\"https:\\\/\\\/anivet.lt\\\/elparduotuve\\\/wp-content\\\/uploads\\\/2023\\\/07\\\/Advance-Urinary-Cat.jpg\",\"datePublished\":\"2023-07-19T06:49:33+00:00\",\"dateModified\":\"2025-12-13T10:18:28+00:00\",\"description\":\"Visavertis ir subalansuotas maistas, specialiai sukurtas suma\u017einti \u0161lapimo tak\u0173 problem\u0173, toki\u0173 kaip struvito ir oksalato akmenys, pasikartojimo rizik\u0105. Tinkamas kasdieniam \u0161\u0117rimui kat\u0117ms, ken\u010dian\u010dioms nuo \u0161lapimo problem\u0173.\",\"breadcrumb\":{\"@id\":\"https:\\\/\\\/anivet.lt\\\/elparduotuve\\\/produktas\\\/urinary-cat\\\/#breadcrumb\"},\"inLanguage\":\"lt-LT\",\"potentialAction\":[{\"@type\":\"ReadAction\",\"target\":[\"https:\\\/\\\/anivet.lt\\\/elparduotuve\\\/produktas\\\/urinary-cat\\\/\"]}]},{\"@type\":\"ImageObject\",\"inLanguage\":\"lt-LT\",\"@id\":\"https:\\\/\\\/anivet.lt\\\/elparduotuve\\\/produktas\\\/urinary-cat\\\/#primaryimage\",\"url\":\"https:\\\/\\\/anivet.lt\\\/elparduotuve\\\/wp-content\\\/uploads\\\/2023\\\/07\\\/Advance-Urinary-Cat.jpg\",\"contentUrl\":\"https:\\\/\\\/anivet.lt\\\/elparduotuve\\\/wp-content\\\/uploads\\\/2023\\\/07\\\/Advance-Urinary-Cat.jpg\",\"width\":1000,\"height\":1000,\"caption\":\"Advance Urinary Cat\"},{\"@type\":\"BreadcrumbList\",\"@id\":\"https:\\\/\\\/anivet.lt\\\/elparduotuve\\\/produktas\\\/urinary-cat\\\/#breadcrumb\",\"itemListElement\":[{\"@type\":\"ListItem\",\"position\":1,\"name\":\"Home\",\"item\":\"https:\\\/\\\/anivet.lt\\\/elparduotuve\\\/\"},{\"@type\":\"ListItem\",\"position\":2,\"name\":\"Produktai\",\"item\":\"https:\\\/\\\/anivet.lt\\\/elparduotuve\\\/produktai\\\/\"},{\"@type\":\"ListItem\",\"position\":3,\"name\":\"Advance Urinary Cat\"}]},{\"@type\":\"WebSite\",\"@id\":\"https:\\\/\\\/anivet.lt\\\/elparduotuve\\\/#website\",\"url\":\"https:\\\/\\\/anivet.lt\\\/elparduotuve\\\/\",\"name\":\"anivet.lt\",\"description\":\"Viskas J\u016bs\u0173 \u0161uns, kat\u0117s prie\u017ei\u016brai\",\"publisher\":{\"@id\":\"https:\\\/\\\/anivet.lt\\\/elparduotuve\\\/#organization\"},\"alternateName\":\"Viskas J\u016bs\u0173 \u0161uns, kat\u0117s prie\u017ei\u016brai\",\"potentialAction\":[{\"@type\":\"SearchAction\",\"target\":{\"@type\":\"EntryPoint\",\"urlTemplate\":\"https:\\\/\\\/anivet.lt\\\/elparduotuve\\\/?s={search_term_string}\"},\"query-input\":{\"@type\":\"PropertyValueSpecification\",\"valueRequired\":true,\"valueName\":\"search_term_string\"}}],\"inLanguage\":\"lt-LT\"},{\"@type\":\"Organization\",\"@id\":\"https:\\\/\\\/anivet.lt\\\/elparduotuve\\\/#organization\",\"name\":\"Viskas J\u016bs\u0173 \u0161uns, kat\u0117s prie\u017ei\u016brai\",\"url\":\"https:\\\/\\\/anivet.lt\\\/elparduotuve\\\/\",\"logo\":{\"@type\":\"ImageObject\",\"inLanguage\":\"lt-LT\",\"@id\":\"https:\\\/\\\/anivet.lt\\\/elparduotuve\\\/#\\\/schema\\\/logo\\\/image\\\/\",\"url\":\"https:\\\/\\\/anivet.lt\\\/elparduotuve\\\/wp-content\\\/uploads\\\/2023\\\/06\\\/logo2.jpg\",\"contentUrl\":\"https:\\\/\\\/anivet.lt\\\/elparduotuve\\\/wp-content\\\/uploads\\\/2023\\\/06\\\/logo2.jpg\",\"width\":655,\"height\":194,\"caption\":\"Viskas J\u016bs\u0173 \u0161uns, kat\u0117s prie\u017ei\u016brai\"},\"image\":{\"@id\":\"https:\\\/\\\/anivet.lt\\\/elparduotuve\\\/#\\\/schema\\\/logo\\\/image\\\/\"}}]}<\/script>\n<!-- \/ Yoast SEO Premium plugin. -->","yoast_head_json":{"title":"Advance Urinary Cat - anivet.lt","description":"Visavertis ir subalansuotas maistas, specialiai sukurtas suma\u017einti \u0161lapimo tak\u0173 problem\u0173, toki\u0173 kaip struvito ir oksalato akmenys, pasikartojimo rizik\u0105. Tinkamas kasdieniam \u0161\u0117rimui kat\u0117ms, ken\u010dian\u010dioms nuo \u0161lapimo problem\u0173.","robots":{"index":"index","follow":"follow","max-snippet":"max-snippet:-1","max-image-preview":"max-image-preview:large","max-video-preview":"max-video-preview:-1"},"canonical":"https:\/\/anivet.lt\/elparduotuve\/produktas\/urinary-cat\/","og_locale":"lt_LT","og_type":"article","og_title":"Advance Urinary Cat","og_description":"Visavertis ir subalansuotas maistas, specialiai sukurtas suma\u017einti \u0161lapimo tak\u0173 problem\u0173, toki\u0173 kaip struvito ir oksalato akmenys, pasikartojimo rizik\u0105. Tinkamas kasdieniam \u0161\u0117rimui kat\u0117ms, ken\u010dian\u010dioms nuo \u0161lapimo problem\u0173.","og_url":"https:\/\/anivet.lt\/elparduotuve\/produktas\/urinary-cat\/","og_site_name":"anivet.lt","article_modified_time":"2025-12-13T10:18:28+00:00","og_image":[{"width":1000,"height":1000,"url":"https:\/\/anivet.lt\/elparduotuve\/wp-content\/uploads\/2023\/07\/Advance-Urinary-Cat.jpg","type":"image\/jpeg"}],"twitter_card":"summary_large_image","twitter_misc":{"Est. reading time":"1 minut\u0117"},"schema":{"@context":"https:\/\/schema.org","@graph":[{"@type":"WebPage","@id":"https:\/\/anivet.lt\/elparduotuve\/produktas\/urinary-cat\/","url":"https:\/\/anivet.lt\/elparduotuve\/produktas\/urinary-cat\/","name":"Advance Urinary Cat - anivet.lt","isPartOf":{"@id":"https:\/\/anivet.lt\/elparduotuve\/#website"},"primaryImageOfPage":{"@id":"https:\/\/anivet.lt\/elparduotuve\/produktas\/urinary-cat\/#primaryimage"},"image":{"@id":"https:\/\/anivet.lt\/elparduotuve\/produktas\/urinary-cat\/#primaryimage"},"thumbnailUrl":"https:\/\/anivet.lt\/elparduotuve\/wp-content\/uploads\/2023\/07\/Advance-Urinary-Cat.jpg","datePublished":"2023-07-19T06:49:33+00:00","dateModified":"2025-12-13T10:18:28+00:00","description":"Visavertis ir subalansuotas maistas, specialiai sukurtas suma\u017einti \u0161lapimo tak\u0173 problem\u0173, toki\u0173 kaip struvito ir oksalato akmenys, pasikartojimo rizik\u0105. Tinkamas kasdieniam \u0161\u0117rimui kat\u0117ms, ken\u010dian\u010dioms nuo \u0161lapimo problem\u0173.","breadcrumb":{"@id":"https:\/\/anivet.lt\/elparduotuve\/produktas\/urinary-cat\/#breadcrumb"},"inLanguage":"lt-LT","potentialAction":[{"@type":"ReadAction","target":["https:\/\/anivet.lt\/elparduotuve\/produktas\/urinary-cat\/"]}]},{"@type":"ImageObject","inLanguage":"lt-LT","@id":"https:\/\/anivet.lt\/elparduotuve\/produktas\/urinary-cat\/#primaryimage","url":"https:\/\/anivet.lt\/elparduotuve\/wp-content\/uploads\/2023\/07\/Advance-Urinary-Cat.jpg","contentUrl":"https:\/\/anivet.lt\/elparduotuve\/wp-content\/uploads\/2023\/07\/Advance-Urinary-Cat.jpg","width":1000,"height":1000,"caption":"Advance Urinary Cat"},{"@type":"BreadcrumbList","@id":"https:\/\/anivet.lt\/elparduotuve\/produktas\/urinary-cat\/#breadcrumb","itemListElement":[{"@type":"ListItem","position":1,"name":"Home","item":"https:\/\/anivet.lt\/elparduotuve\/"},{"@type":"ListItem","position":2,"name":"Produktai","item":"https:\/\/anivet.lt\/elparduotuve\/produktai\/"},{"@type":"ListItem","position":3,"name":"Advance Urinary Cat"}]},{"@type":"WebSite","@id":"https:\/\/anivet.lt\/elparduotuve\/#website","url":"https:\/\/anivet.lt\/elparduotuve\/","name":"anivet.lt","description":"Viskas J\u016bs\u0173 \u0161uns, kat\u0117s prie\u017ei\u016brai","publisher":{"@id":"https:\/\/anivet.lt\/elparduotuve\/#organization"},"alternateName":"Viskas J\u016bs\u0173 \u0161uns, kat\u0117s prie\u017ei\u016brai","potentialAction":[{"@type":"SearchAction","target":{"@type":"EntryPoint","urlTemplate":"https:\/\/anivet.lt\/elparduotuve\/?s={search_term_string}"},"query-input":{"@type":"PropertyValueSpecification","valueRequired":true,"valueName":"search_term_string"}}],"inLanguage":"lt-LT"},{"@type":"Organization","@id":"https:\/\/anivet.lt\/elparduotuve\/#organization","name":"Viskas J\u016bs\u0173 \u0161uns, kat\u0117s prie\u017ei\u016brai","url":"https:\/\/anivet.lt\/elparduotuve\/","logo":{"@type":"ImageObject","inLanguage":"lt-LT","@id":"https:\/\/anivet.lt\/elparduotuve\/#\/schema\/logo\/image\/","url":"https:\/\/anivet.lt\/elparduotuve\/wp-content\/uploads\/2023\/06\/logo2.jpg","contentUrl":"https:\/\/anivet.lt\/elparduotuve\/wp-content\/uploads\/2023\/06\/logo2.jpg","width":655,"height":194,"caption":"Viskas J\u016bs\u0173 \u0161uns, kat\u0117s prie\u017ei\u016brai"},"image":{"@id":"https:\/\/anivet.lt\/elparduotuve\/#\/schema\/logo\/image\/"}}]}},"_links":{"self":[{"href":"https:\/\/anivet.lt\/elparduotuve\/wp-json\/wp\/v2\/product\/10419","targetHints":{"allow":["GET"]}}],"collection":[{"href":"https:\/\/anivet.lt\/elparduotuve\/wp-json\/wp\/v2\/product"}],"about":[{"href":"https:\/\/anivet.lt\/elparduotuve\/wp-json\/wp\/v2\/types\/product"}],"wp:featuredmedia":[{"embeddable":true,"href":"https:\/\/anivet.lt\/elparduotuve\/wp-json\/wp\/v2\/media\/16653"}],"wp:attachment":[{"href":"https:\/\/anivet.lt\/elparduotuve\/wp-json\/wp\/v2\/media?parent=10419"}],"wp:term":[{"taxonomy":"product_brand","embeddable":true,"href":"https:\/\/anivet.lt\/elparduotuve\/wp-json\/wp\/v2\/product_brand?post=10419"},{"taxonomy":"product_cat","embeddable":true,"href":"https:\/\/anivet.lt\/elparduotuve\/wp-json\/wp\/v2\/product_cat?post=10419"},{"taxonomy":"product_tag","embeddable":true,"href":"https:\/\/anivet.lt\/elparduotuve\/wp-json\/wp\/v2\/product_tag?post=10419"}],"curies":[{"name":"wp","href":"https:\/\/api.w.org\/{rel}","templated":true}]}}