{"id":10424,"date":"2023-07-19T07:58:29","date_gmt":"2023-07-19T07:58:29","guid":{"rendered":"https:\/\/anivet.lt\/elparduotuve\/?post_type=product&#038;p=10424"},"modified":"2026-01-21T14:31:20","modified_gmt":"2026-01-21T14:31:20","slug":"sterilized-urinary-low-cal","status":"publish","type":"product","link":"https:\/\/anivet.lt\/elparduotuve\/produktas\/sterilized-urinary-low-cal\/","title":{"rendered":"Advance Sterilized Urinary Low Cal"},"content":{"rendered":"<ul>\n<li><span style=\"font-weight: 400;\">Ma\u017eai kalorij\u0173: Padeda sterilizuotoms kat\u0117ms palaikyti sveik\u0105 svor\u012f.<\/span><\/li>\n<li style=\"font-weight: 400;\"><span style=\"font-weight: 400;\">Skaidulos: Didelis kiekis skaidul\u0173 skatina svorio kontrol\u0119 ir gerina vir\u0161kinim\u0105.<\/span><\/li>\n<li style=\"font-weight: 400;\"><span style=\"font-weight: 400;\">R\u016bg\u0161tinantis poveikis: Apsaugo nuo struvit\u0173 susidarymo ir padeda juos tirpdyti.<\/span><\/li>\n<li style=\"font-weight: 400;\"><span style=\"font-weight: 400;\">Ma\u017eai magnio: Ma\u017eina \u0161lapimo mineral\u0173 pertekli\u0173.<\/span><\/li>\n<li style=\"font-weight: 400;\"><span style=\"font-weight: 400;\">Gliukozaminas ir chondroitinas: Padeda atkurti \u0161lapimo tak\u0173 gleivin\u0119 ir palaikyti j\u0173 sveikat\u0105.<\/span><\/li>\n<\/ul>\n<p><span style=\"font-weight: 400;\">\u201eAdvance Veterinary Diets Urinary Sterilized Low Calorie\u201c yra puikus sprendimas sterilizuotoms kat\u0117ms, siekiant palaikyti optimal\u0173 k\u016bno svor\u012f ir \u0161lapimo sistemos sveikat\u0105. Subalansuota formul\u0117 ne tik apsaugo nuo struvit\u0173 susidarymo, bet ir gerina bendr\u0105 ka\u010di\u0173 savijaut\u0105, u\u017etikrindama pilnavert\u0119 ir skani\u0105 mityb\u0105.<\/span><\/p>\n","protected":false},"excerpt":{"rendered":"<p><span style=\"font-weight: 400;\">\u0160is visavertis superpremium klas\u0117s maistas yra specialiai sukurtas sterilizuotoms kat\u0117ms, turin\u010dioms \u0161lapimo tak\u0173 problem\u0173 arba siekiant u\u017ekirsti keli\u0105 j\u0173 atsiradimui. Jame suderinta formul\u0117 palaiko sveik\u0105 \u0161lapimo sistem\u0105 ir padeda kontroliuoti k\u016bno svor\u012f.<\/span><\/p>\n","protected":false},"featured_media":17056,"template":"","meta":[],"product_brand":[],"product_cat":[114,102,325,118],"product_tag":[],"class_list":{"0":"post-10424","1":"product","2":"type-product","3":"status-publish","4":"has-post-thumbnail","6":"product_cat-kaciu-maistas","7":"product_cat-katems","8":"product_cat-advance-kaciu-maistas","9":"product_cat-veterinarinis-maistas-katems","10":"pa_prekinis-zenklas-advance","12":"first","13":"instock","14":"taxable","15":"shipping-taxable","16":"purchasable","17":"product-type-variable"},"yoast_head":"<!-- This site is optimized with the Yoast SEO Premium plugin v27.1 (Yoast SEO v27.5) - https:\/\/yoast.com\/product\/yoast-seo-premium-wordpress\/ -->\n<title>Advance Sterilized Urinary Low Cal - anivet.lt<\/title>\n<meta name=\"description\" content=\"\u0160is visavertis superpremium klas\u0117s maistas yra specialiai sukurtas sterilizuotoms kat\u0117ms, turin\u010dioms \u0161lapimo tak\u0173 problem\u0173 arba siekiant u\u017ekirsti keli\u0105 j\u0173 atsiradimui. Jame suderinta formul\u0117 palaiko sveik\u0105 \u0161lapimo sistem\u0105 ir padeda kontroliuoti k\u016bno svor\u012f.\" \/>\n<meta name=\"robots\" content=\"index, follow, max-snippet:-1, max-image-preview:large, max-video-preview:-1\" \/>\n<link rel=\"canonical\" href=\"https:\/\/anivet.lt\/elparduotuve\/produktas\/sterilized-urinary-low-cal\/\" \/>\n<meta property=\"og:locale\" content=\"lt_LT\" \/>\n<meta property=\"og:type\" content=\"article\" \/>\n<meta property=\"og:title\" content=\"Advance Sterilized Urinary Low Cal\" \/>\n<meta property=\"og:description\" content=\"\u0160is visavertis superpremium klas\u0117s maistas yra specialiai sukurtas sterilizuotoms kat\u0117ms, turin\u010dioms \u0161lapimo tak\u0173 problem\u0173 arba siekiant u\u017ekirsti keli\u0105 j\u0173 atsiradimui. Jame suderinta formul\u0117 palaiko sveik\u0105 \u0161lapimo sistem\u0105 ir padeda kontroliuoti k\u016bno svor\u012f.\" \/>\n<meta property=\"og:url\" content=\"https:\/\/anivet.lt\/elparduotuve\/produktas\/sterilized-urinary-low-cal\/\" \/>\n<meta property=\"og:site_name\" content=\"anivet.lt\" \/>\n<meta property=\"article:modified_time\" content=\"2026-01-21T14:31:20+00:00\" \/>\n<meta property=\"og:image\" content=\"https:\/\/anivet.lt\/elparduotuve\/wp-content\/uploads\/2023\/07\/Sterilized-Urinary-Low-Cal.jpg\" \/>\n\t<meta property=\"og:image:width\" content=\"650\" \/>\n\t<meta property=\"og:image:height\" content=\"650\" \/>\n\t<meta property=\"og:image:type\" content=\"image\/jpeg\" \/>\n<meta name=\"twitter:card\" content=\"summary_large_image\" \/>\n<meta name=\"twitter:label1\" content=\"Est. reading time\" \/>\n\t<meta name=\"twitter:data1\" content=\"1 minut\u0117\" \/>\n<script type=\"application\/ld+json\" class=\"yoast-schema-graph\">{\"@context\":\"https:\\\/\\\/schema.org\",\"@graph\":[{\"@type\":\"WebPage\",\"@id\":\"https:\\\/\\\/anivet.lt\\\/elparduotuve\\\/produktas\\\/sterilized-urinary-low-cal\\\/\",\"url\":\"https:\\\/\\\/anivet.lt\\\/elparduotuve\\\/produktas\\\/sterilized-urinary-low-cal\\\/\",\"name\":\"Advance Sterilized Urinary Low Cal - anivet.lt\",\"isPartOf\":{\"@id\":\"https:\\\/\\\/anivet.lt\\\/elparduotuve\\\/#website\"},\"primaryImageOfPage\":{\"@id\":\"https:\\\/\\\/anivet.lt\\\/elparduotuve\\\/produktas\\\/sterilized-urinary-low-cal\\\/#primaryimage\"},\"image\":{\"@id\":\"https:\\\/\\\/anivet.lt\\\/elparduotuve\\\/produktas\\\/sterilized-urinary-low-cal\\\/#primaryimage\"},\"thumbnailUrl\":\"https:\\\/\\\/anivet.lt\\\/elparduotuve\\\/wp-content\\\/uploads\\\/2023\\\/07\\\/Sterilized-Urinary-Low-Cal.jpg\",\"datePublished\":\"2023-07-19T07:58:29+00:00\",\"dateModified\":\"2026-01-21T14:31:20+00:00\",\"description\":\"\u0160is visavertis superpremium klas\u0117s maistas yra specialiai sukurtas sterilizuotoms kat\u0117ms, turin\u010dioms \u0161lapimo tak\u0173 problem\u0173 arba siekiant u\u017ekirsti keli\u0105 j\u0173 atsiradimui. Jame suderinta formul\u0117 palaiko sveik\u0105 \u0161lapimo sistem\u0105 ir padeda kontroliuoti k\u016bno svor\u012f.\",\"breadcrumb\":{\"@id\":\"https:\\\/\\\/anivet.lt\\\/elparduotuve\\\/produktas\\\/sterilized-urinary-low-cal\\\/#breadcrumb\"},\"inLanguage\":\"lt-LT\",\"potentialAction\":[{\"@type\":\"ReadAction\",\"target\":[\"https:\\\/\\\/anivet.lt\\\/elparduotuve\\\/produktas\\\/sterilized-urinary-low-cal\\\/\"]}]},{\"@type\":\"ImageObject\",\"inLanguage\":\"lt-LT\",\"@id\":\"https:\\\/\\\/anivet.lt\\\/elparduotuve\\\/produktas\\\/sterilized-urinary-low-cal\\\/#primaryimage\",\"url\":\"https:\\\/\\\/anivet.lt\\\/elparduotuve\\\/wp-content\\\/uploads\\\/2023\\\/07\\\/Sterilized-Urinary-Low-Cal.jpg\",\"contentUrl\":\"https:\\\/\\\/anivet.lt\\\/elparduotuve\\\/wp-content\\\/uploads\\\/2023\\\/07\\\/Sterilized-Urinary-Low-Cal.jpg\",\"width\":650,\"height\":650,\"caption\":\"Advance Sterilized Urinary Low Cal\"},{\"@type\":\"BreadcrumbList\",\"@id\":\"https:\\\/\\\/anivet.lt\\\/elparduotuve\\\/produktas\\\/sterilized-urinary-low-cal\\\/#breadcrumb\",\"itemListElement\":[{\"@type\":\"ListItem\",\"position\":1,\"name\":\"Home\",\"item\":\"https:\\\/\\\/anivet.lt\\\/elparduotuve\\\/\"},{\"@type\":\"ListItem\",\"position\":2,\"name\":\"Produktai\",\"item\":\"https:\\\/\\\/anivet.lt\\\/elparduotuve\\\/produktai\\\/\"},{\"@type\":\"ListItem\",\"position\":3,\"name\":\"Advance Sterilized Urinary Low Cal\"}]},{\"@type\":\"WebSite\",\"@id\":\"https:\\\/\\\/anivet.lt\\\/elparduotuve\\\/#website\",\"url\":\"https:\\\/\\\/anivet.lt\\\/elparduotuve\\\/\",\"name\":\"anivet.lt\",\"description\":\"Viskas J\u016bs\u0173 \u0161uns, kat\u0117s prie\u017ei\u016brai\",\"publisher\":{\"@id\":\"https:\\\/\\\/anivet.lt\\\/elparduotuve\\\/#organization\"},\"alternateName\":\"Viskas J\u016bs\u0173 \u0161uns, kat\u0117s prie\u017ei\u016brai\",\"potentialAction\":[{\"@type\":\"SearchAction\",\"target\":{\"@type\":\"EntryPoint\",\"urlTemplate\":\"https:\\\/\\\/anivet.lt\\\/elparduotuve\\\/?s={search_term_string}\"},\"query-input\":{\"@type\":\"PropertyValueSpecification\",\"valueRequired\":true,\"valueName\":\"search_term_string\"}}],\"inLanguage\":\"lt-LT\"},{\"@type\":\"Organization\",\"@id\":\"https:\\\/\\\/anivet.lt\\\/elparduotuve\\\/#organization\",\"name\":\"Viskas J\u016bs\u0173 \u0161uns, kat\u0117s prie\u017ei\u016brai\",\"url\":\"https:\\\/\\\/anivet.lt\\\/elparduotuve\\\/\",\"logo\":{\"@type\":\"ImageObject\",\"inLanguage\":\"lt-LT\",\"@id\":\"https:\\\/\\\/anivet.lt\\\/elparduotuve\\\/#\\\/schema\\\/logo\\\/image\\\/\",\"url\":\"https:\\\/\\\/anivet.lt\\\/elparduotuve\\\/wp-content\\\/uploads\\\/2023\\\/06\\\/logo2.jpg\",\"contentUrl\":\"https:\\\/\\\/anivet.lt\\\/elparduotuve\\\/wp-content\\\/uploads\\\/2023\\\/06\\\/logo2.jpg\",\"width\":655,\"height\":194,\"caption\":\"Viskas J\u016bs\u0173 \u0161uns, kat\u0117s prie\u017ei\u016brai\"},\"image\":{\"@id\":\"https:\\\/\\\/anivet.lt\\\/elparduotuve\\\/#\\\/schema\\\/logo\\\/image\\\/\"}}]}<\/script>\n<!-- \/ Yoast SEO Premium plugin. -->","yoast_head_json":{"title":"Advance Sterilized Urinary Low Cal - anivet.lt","description":"\u0160is visavertis superpremium klas\u0117s maistas yra specialiai sukurtas sterilizuotoms kat\u0117ms, turin\u010dioms \u0161lapimo tak\u0173 problem\u0173 arba siekiant u\u017ekirsti keli\u0105 j\u0173 atsiradimui. Jame suderinta formul\u0117 palaiko sveik\u0105 \u0161lapimo sistem\u0105 ir padeda kontroliuoti k\u016bno svor\u012f.","robots":{"index":"index","follow":"follow","max-snippet":"max-snippet:-1","max-image-preview":"max-image-preview:large","max-video-preview":"max-video-preview:-1"},"canonical":"https:\/\/anivet.lt\/elparduotuve\/produktas\/sterilized-urinary-low-cal\/","og_locale":"lt_LT","og_type":"article","og_title":"Advance Sterilized Urinary Low Cal","og_description":"\u0160is visavertis superpremium klas\u0117s maistas yra specialiai sukurtas sterilizuotoms kat\u0117ms, turin\u010dioms \u0161lapimo tak\u0173 problem\u0173 arba siekiant u\u017ekirsti keli\u0105 j\u0173 atsiradimui. Jame suderinta formul\u0117 palaiko sveik\u0105 \u0161lapimo sistem\u0105 ir padeda kontroliuoti k\u016bno svor\u012f.","og_url":"https:\/\/anivet.lt\/elparduotuve\/produktas\/sterilized-urinary-low-cal\/","og_site_name":"anivet.lt","article_modified_time":"2026-01-21T14:31:20+00:00","og_image":[{"width":650,"height":650,"url":"https:\/\/anivet.lt\/elparduotuve\/wp-content\/uploads\/2023\/07\/Sterilized-Urinary-Low-Cal.jpg","type":"image\/jpeg"}],"twitter_card":"summary_large_image","twitter_misc":{"Est. reading time":"1 minut\u0117"},"schema":{"@context":"https:\/\/schema.org","@graph":[{"@type":"WebPage","@id":"https:\/\/anivet.lt\/elparduotuve\/produktas\/sterilized-urinary-low-cal\/","url":"https:\/\/anivet.lt\/elparduotuve\/produktas\/sterilized-urinary-low-cal\/","name":"Advance Sterilized Urinary Low Cal - anivet.lt","isPartOf":{"@id":"https:\/\/anivet.lt\/elparduotuve\/#website"},"primaryImageOfPage":{"@id":"https:\/\/anivet.lt\/elparduotuve\/produktas\/sterilized-urinary-low-cal\/#primaryimage"},"image":{"@id":"https:\/\/anivet.lt\/elparduotuve\/produktas\/sterilized-urinary-low-cal\/#primaryimage"},"thumbnailUrl":"https:\/\/anivet.lt\/elparduotuve\/wp-content\/uploads\/2023\/07\/Sterilized-Urinary-Low-Cal.jpg","datePublished":"2023-07-19T07:58:29+00:00","dateModified":"2026-01-21T14:31:20+00:00","description":"\u0160is visavertis superpremium klas\u0117s maistas yra specialiai sukurtas sterilizuotoms kat\u0117ms, turin\u010dioms \u0161lapimo tak\u0173 problem\u0173 arba siekiant u\u017ekirsti keli\u0105 j\u0173 atsiradimui. Jame suderinta formul\u0117 palaiko sveik\u0105 \u0161lapimo sistem\u0105 ir padeda kontroliuoti k\u016bno svor\u012f.","breadcrumb":{"@id":"https:\/\/anivet.lt\/elparduotuve\/produktas\/sterilized-urinary-low-cal\/#breadcrumb"},"inLanguage":"lt-LT","potentialAction":[{"@type":"ReadAction","target":["https:\/\/anivet.lt\/elparduotuve\/produktas\/sterilized-urinary-low-cal\/"]}]},{"@type":"ImageObject","inLanguage":"lt-LT","@id":"https:\/\/anivet.lt\/elparduotuve\/produktas\/sterilized-urinary-low-cal\/#primaryimage","url":"https:\/\/anivet.lt\/elparduotuve\/wp-content\/uploads\/2023\/07\/Sterilized-Urinary-Low-Cal.jpg","contentUrl":"https:\/\/anivet.lt\/elparduotuve\/wp-content\/uploads\/2023\/07\/Sterilized-Urinary-Low-Cal.jpg","width":650,"height":650,"caption":"Advance Sterilized Urinary Low Cal"},{"@type":"BreadcrumbList","@id":"https:\/\/anivet.lt\/elparduotuve\/produktas\/sterilized-urinary-low-cal\/#breadcrumb","itemListElement":[{"@type":"ListItem","position":1,"name":"Home","item":"https:\/\/anivet.lt\/elparduotuve\/"},{"@type":"ListItem","position":2,"name":"Produktai","item":"https:\/\/anivet.lt\/elparduotuve\/produktai\/"},{"@type":"ListItem","position":3,"name":"Advance Sterilized Urinary Low Cal"}]},{"@type":"WebSite","@id":"https:\/\/anivet.lt\/elparduotuve\/#website","url":"https:\/\/anivet.lt\/elparduotuve\/","name":"anivet.lt","description":"Viskas J\u016bs\u0173 \u0161uns, kat\u0117s prie\u017ei\u016brai","publisher":{"@id":"https:\/\/anivet.lt\/elparduotuve\/#organization"},"alternateName":"Viskas J\u016bs\u0173 \u0161uns, kat\u0117s prie\u017ei\u016brai","potentialAction":[{"@type":"SearchAction","target":{"@type":"EntryPoint","urlTemplate":"https:\/\/anivet.lt\/elparduotuve\/?s={search_term_string}"},"query-input":{"@type":"PropertyValueSpecification","valueRequired":true,"valueName":"search_term_string"}}],"inLanguage":"lt-LT"},{"@type":"Organization","@id":"https:\/\/anivet.lt\/elparduotuve\/#organization","name":"Viskas J\u016bs\u0173 \u0161uns, kat\u0117s prie\u017ei\u016brai","url":"https:\/\/anivet.lt\/elparduotuve\/","logo":{"@type":"ImageObject","inLanguage":"lt-LT","@id":"https:\/\/anivet.lt\/elparduotuve\/#\/schema\/logo\/image\/","url":"https:\/\/anivet.lt\/elparduotuve\/wp-content\/uploads\/2023\/06\/logo2.jpg","contentUrl":"https:\/\/anivet.lt\/elparduotuve\/wp-content\/uploads\/2023\/06\/logo2.jpg","width":655,"height":194,"caption":"Viskas J\u016bs\u0173 \u0161uns, kat\u0117s prie\u017ei\u016brai"},"image":{"@id":"https:\/\/anivet.lt\/elparduotuve\/#\/schema\/logo\/image\/"}}]}},"_links":{"self":[{"href":"https:\/\/anivet.lt\/elparduotuve\/wp-json\/wp\/v2\/product\/10424","targetHints":{"allow":["GET"]}}],"collection":[{"href":"https:\/\/anivet.lt\/elparduotuve\/wp-json\/wp\/v2\/product"}],"about":[{"href":"https:\/\/anivet.lt\/elparduotuve\/wp-json\/wp\/v2\/types\/product"}],"wp:featuredmedia":[{"embeddable":true,"href":"https:\/\/anivet.lt\/elparduotuve\/wp-json\/wp\/v2\/media\/17056"}],"wp:attachment":[{"href":"https:\/\/anivet.lt\/elparduotuve\/wp-json\/wp\/v2\/media?parent=10424"}],"wp:term":[{"taxonomy":"product_brand","embeddable":true,"href":"https:\/\/anivet.lt\/elparduotuve\/wp-json\/wp\/v2\/product_brand?post=10424"},{"taxonomy":"product_cat","embeddable":true,"href":"https:\/\/anivet.lt\/elparduotuve\/wp-json\/wp\/v2\/product_cat?post=10424"},{"taxonomy":"product_tag","embeddable":true,"href":"https:\/\/anivet.lt\/elparduotuve\/wp-json\/wp\/v2\/product_tag?post=10424"}],"curies":[{"name":"wp","href":"https:\/\/api.w.org\/{rel}","templated":true}]}}