{"id":10429,"date":"2023-07-19T08:18:03","date_gmt":"2023-07-19T08:18:03","guid":{"rendered":"https:\/\/anivet.lt\/elparduotuve\/?post_type=product&#038;p=10429"},"modified":"2026-03-02T13:55:45","modified_gmt":"2026-03-02T13:55:45","slug":"urinary-stress-cat-125-kg","status":"publish","type":"product","link":"https:\/\/anivet.lt\/elparduotuve\/produktas\/urinary-stress-cat-125-kg\/","title":{"rendered":"Advance Urinary Stress Cat, 1,25 kg"},"content":{"rendered":"<ul>\n<li style=\"font-weight: 400;\"><span style=\"font-weight: 400;\">\u0160lapimo tak\u0173 sveikatai: Subalansuotas magnio ir \u0161lapim\u0105 r\u016bg\u0161tinan\u010di\u0173 med\u017eiag\u0173 kiekis padeda u\u017ekirsti keli\u0105 struvito ir oksalato akmen\u0173 susidarymui.<\/span><\/li>\n<li style=\"font-weight: 400;\"><span style=\"font-weight: 400;\">Streso ma\u017einimas: Citrin\u0173 balzamas, triptofanas ir \u017euv\u0173 peptidai padeda suma\u017einti stres\u0105, lemiant\u012f \u0161lapimo sistemos sutrikimus.<\/span><\/li>\n<li style=\"font-weight: 400;\"><span style=\"font-weight: 400;\">Gleivin\u0117s apsauga: Gliukozaminas ir chondroitinas padeda atkurti \u0161lapimo tak\u0173 gleivin\u0119.<\/span><\/li>\n<li style=\"font-weight: 400;\"><span style=\"font-weight: 400;\">Auk\u0161tos kokyb\u0117s ingredientai: Pagamintas i\u0161 lengvai vir\u0161kinam\u0173 vi\u0161tienos baltym\u0173 ir ry\u017ei\u0173.<\/span><\/li>\n<\/ul>\n<p><span style=\"font-weight: 400;\">\u0160is pa\u0161aras yra idealus sprendimas kat\u0117ms, ken\u010dian\u010dioms nuo \u0161lapimo akmen\u0173 ar streso sukelt\u0173 \u0161lapimo sistemos sutrikim\u0173. Specialiai pritaikyta formul\u0117 ne tik u\u017etikrina subalansuot\u0105 mityb\u0105, bet ir padeda palaikyti j\u016bs\u0173 kat\u0117s \u0161lapimo tak\u0173 sveikat\u0105 bei suma\u017einti stres\u0105.<\/span><\/p>\n","protected":false},"excerpt":{"rendered":"<p><span style=\"font-weight: 400;\">Visavertis dietinis super premium klas\u0117s pa\u0161aras suaugusioms kat\u0117ms, skirtas suma\u017einti struvito akmen\u0173 pasikartojimo rizik\u0105 ir pad\u0117ti kovoti su stresu. Pa\u0161aras praturtintas melisos, triptofano ir \u017euv\u0173 peptidais, kurie padeda kat\u0117ms valdyti stres\u0105, galint\u012f sukelti idiopatin\u012f cistit\u0105, \u0161lapimo \u017eym\u0117jim\u0105 ar \u0161lapinim\u0105si netinkamose vietose.<\/span><\/p>\n","protected":false},"featured_media":17055,"template":"","meta":[],"product_brand":[],"product_cat":[114,325,102,118],"product_tag":[],"class_list":{"0":"post-10429","1":"product","2":"type-product","3":"status-publish","4":"has-post-thumbnail","6":"product_cat-kaciu-maistas","7":"product_cat-advance-kaciu-maistas","8":"product_cat-katems","9":"product_cat-veterinarinis-maistas-katems","10":"pa_prekinis-zenklas-advance","12":"first","13":"instock","14":"taxable","15":"shipping-taxable","16":"purchasable","17":"product-type-simple"},"yoast_head":"<!-- This site is optimized with the Yoast SEO Premium plugin v27.1 (Yoast SEO v27.3) - https:\/\/yoast.com\/product\/yoast-seo-premium-wordpress\/ -->\n<title>Advance Urinary Stress Cat, 1,25 kg - anivet.lt<\/title>\n<meta name=\"description\" content=\"Visavertis dietinis super premium klas\u0117s pa\u0161aras suaugusioms kat\u0117ms, skirtas suma\u017einti struvito akmen\u0173 pasikartojimo rizik\u0105 ir pad\u0117ti kovoti su stresu. Pa\u0161aras praturtintas melisos, triptofano ir \u017euv\u0173 peptidais, kurie padeda kat\u0117ms valdyti stres\u0105, galint\u012f sukelti idiopatin\u012f cistit\u0105, \u0161lapimo \u017eym\u0117jim\u0105 ar \u0161lapinim\u0105si netinkamose vietose.\" \/>\n<meta name=\"robots\" content=\"index, follow, max-snippet:-1, max-image-preview:large, max-video-preview:-1\" \/>\n<link rel=\"canonical\" href=\"https:\/\/anivet.lt\/elparduotuve\/produktas\/urinary-stress-cat-125-kg\/\" \/>\n<meta property=\"og:locale\" content=\"lt_LT\" \/>\n<meta property=\"og:type\" content=\"article\" \/>\n<meta property=\"og:title\" content=\"Advance Urinary Stress Cat, 1,25 kg\" \/>\n<meta property=\"og:description\" content=\"Visavertis dietinis super premium klas\u0117s pa\u0161aras suaugusioms kat\u0117ms, skirtas suma\u017einti struvito akmen\u0173 pasikartojimo rizik\u0105 ir pad\u0117ti kovoti su stresu. Pa\u0161aras praturtintas melisos, triptofano ir \u017euv\u0173 peptidais, kurie padeda kat\u0117ms valdyti stres\u0105, galint\u012f sukelti idiopatin\u012f cistit\u0105, \u0161lapimo \u017eym\u0117jim\u0105 ar \u0161lapinim\u0105si netinkamose vietose.\" \/>\n<meta property=\"og:url\" content=\"https:\/\/anivet.lt\/elparduotuve\/produktas\/urinary-stress-cat-125-kg\/\" \/>\n<meta property=\"og:site_name\" content=\"anivet.lt\" \/>\n<meta property=\"article:modified_time\" content=\"2026-03-02T13:55:45+00:00\" \/>\n<meta property=\"og:image\" content=\"https:\/\/anivet.lt\/elparduotuve\/wp-content\/uploads\/2023\/07\/Urinary-Stress-Cat.jpg\" \/>\n\t<meta property=\"og:image:width\" content=\"650\" \/>\n\t<meta property=\"og:image:height\" content=\"650\" \/>\n\t<meta property=\"og:image:type\" content=\"image\/jpeg\" \/>\n<meta name=\"twitter:card\" content=\"summary_large_image\" \/>\n<meta name=\"twitter:label1\" content=\"Est. reading time\" \/>\n\t<meta name=\"twitter:data1\" content=\"1 minut\u0117\" \/>\n<script type=\"application\/ld+json\" class=\"yoast-schema-graph\">{\"@context\":\"https:\\\/\\\/schema.org\",\"@graph\":[{\"@type\":\"WebPage\",\"@id\":\"https:\\\/\\\/anivet.lt\\\/elparduotuve\\\/produktas\\\/urinary-stress-cat-125-kg\\\/\",\"url\":\"https:\\\/\\\/anivet.lt\\\/elparduotuve\\\/produktas\\\/urinary-stress-cat-125-kg\\\/\",\"name\":\"Advance Urinary Stress Cat, 1,25 kg - anivet.lt\",\"isPartOf\":{\"@id\":\"https:\\\/\\\/anivet.lt\\\/elparduotuve\\\/#website\"},\"primaryImageOfPage\":{\"@id\":\"https:\\\/\\\/anivet.lt\\\/elparduotuve\\\/produktas\\\/urinary-stress-cat-125-kg\\\/#primaryimage\"},\"image\":{\"@id\":\"https:\\\/\\\/anivet.lt\\\/elparduotuve\\\/produktas\\\/urinary-stress-cat-125-kg\\\/#primaryimage\"},\"thumbnailUrl\":\"https:\\\/\\\/anivet.lt\\\/elparduotuve\\\/wp-content\\\/uploads\\\/2023\\\/07\\\/Urinary-Stress-Cat.jpg\",\"datePublished\":\"2023-07-19T08:18:03+00:00\",\"dateModified\":\"2026-03-02T13:55:45+00:00\",\"description\":\"Visavertis dietinis super premium klas\u0117s pa\u0161aras suaugusioms kat\u0117ms, skirtas suma\u017einti struvito akmen\u0173 pasikartojimo rizik\u0105 ir pad\u0117ti kovoti su stresu. Pa\u0161aras praturtintas melisos, triptofano ir \u017euv\u0173 peptidais, kurie padeda kat\u0117ms valdyti stres\u0105, galint\u012f sukelti idiopatin\u012f cistit\u0105, \u0161lapimo \u017eym\u0117jim\u0105 ar \u0161lapinim\u0105si netinkamose vietose.\",\"breadcrumb\":{\"@id\":\"https:\\\/\\\/anivet.lt\\\/elparduotuve\\\/produktas\\\/urinary-stress-cat-125-kg\\\/#breadcrumb\"},\"inLanguage\":\"lt-LT\",\"potentialAction\":[{\"@type\":\"ReadAction\",\"target\":[\"https:\\\/\\\/anivet.lt\\\/elparduotuve\\\/produktas\\\/urinary-stress-cat-125-kg\\\/\"]}]},{\"@type\":\"ImageObject\",\"inLanguage\":\"lt-LT\",\"@id\":\"https:\\\/\\\/anivet.lt\\\/elparduotuve\\\/produktas\\\/urinary-stress-cat-125-kg\\\/#primaryimage\",\"url\":\"https:\\\/\\\/anivet.lt\\\/elparduotuve\\\/wp-content\\\/uploads\\\/2023\\\/07\\\/Urinary-Stress-Cat.jpg\",\"contentUrl\":\"https:\\\/\\\/anivet.lt\\\/elparduotuve\\\/wp-content\\\/uploads\\\/2023\\\/07\\\/Urinary-Stress-Cat.jpg\",\"width\":650,\"height\":650,\"caption\":\"Advance Urinary Stress Cat, 1,25 kg\"},{\"@type\":\"BreadcrumbList\",\"@id\":\"https:\\\/\\\/anivet.lt\\\/elparduotuve\\\/produktas\\\/urinary-stress-cat-125-kg\\\/#breadcrumb\",\"itemListElement\":[{\"@type\":\"ListItem\",\"position\":1,\"name\":\"Home\",\"item\":\"https:\\\/\\\/anivet.lt\\\/elparduotuve\\\/\"},{\"@type\":\"ListItem\",\"position\":2,\"name\":\"Produktai\",\"item\":\"https:\\\/\\\/anivet.lt\\\/elparduotuve\\\/produktai\\\/\"},{\"@type\":\"ListItem\",\"position\":3,\"name\":\"Advance Urinary Stress Cat, 1,25 kg\"}]},{\"@type\":\"WebSite\",\"@id\":\"https:\\\/\\\/anivet.lt\\\/elparduotuve\\\/#website\",\"url\":\"https:\\\/\\\/anivet.lt\\\/elparduotuve\\\/\",\"name\":\"anivet.lt\",\"description\":\"Viskas J\u016bs\u0173 \u0161uns, kat\u0117s prie\u017ei\u016brai\",\"publisher\":{\"@id\":\"https:\\\/\\\/anivet.lt\\\/elparduotuve\\\/#organization\"},\"alternateName\":\"Viskas J\u016bs\u0173 \u0161uns, kat\u0117s prie\u017ei\u016brai\",\"potentialAction\":[{\"@type\":\"SearchAction\",\"target\":{\"@type\":\"EntryPoint\",\"urlTemplate\":\"https:\\\/\\\/anivet.lt\\\/elparduotuve\\\/?s={search_term_string}\"},\"query-input\":{\"@type\":\"PropertyValueSpecification\",\"valueRequired\":true,\"valueName\":\"search_term_string\"}}],\"inLanguage\":\"lt-LT\"},{\"@type\":\"Organization\",\"@id\":\"https:\\\/\\\/anivet.lt\\\/elparduotuve\\\/#organization\",\"name\":\"Viskas J\u016bs\u0173 \u0161uns, kat\u0117s prie\u017ei\u016brai\",\"url\":\"https:\\\/\\\/anivet.lt\\\/elparduotuve\\\/\",\"logo\":{\"@type\":\"ImageObject\",\"inLanguage\":\"lt-LT\",\"@id\":\"https:\\\/\\\/anivet.lt\\\/elparduotuve\\\/#\\\/schema\\\/logo\\\/image\\\/\",\"url\":\"https:\\\/\\\/anivet.lt\\\/elparduotuve\\\/wp-content\\\/uploads\\\/2023\\\/06\\\/logo2.jpg\",\"contentUrl\":\"https:\\\/\\\/anivet.lt\\\/elparduotuve\\\/wp-content\\\/uploads\\\/2023\\\/06\\\/logo2.jpg\",\"width\":655,\"height\":194,\"caption\":\"Viskas J\u016bs\u0173 \u0161uns, kat\u0117s prie\u017ei\u016brai\"},\"image\":{\"@id\":\"https:\\\/\\\/anivet.lt\\\/elparduotuve\\\/#\\\/schema\\\/logo\\\/image\\\/\"}}]}<\/script>\n<!-- \/ Yoast SEO Premium plugin. -->","yoast_head_json":{"title":"Advance Urinary Stress Cat, 1,25 kg - anivet.lt","description":"Visavertis dietinis super premium klas\u0117s pa\u0161aras suaugusioms kat\u0117ms, skirtas suma\u017einti struvito akmen\u0173 pasikartojimo rizik\u0105 ir pad\u0117ti kovoti su stresu. Pa\u0161aras praturtintas melisos, triptofano ir \u017euv\u0173 peptidais, kurie padeda kat\u0117ms valdyti stres\u0105, galint\u012f sukelti idiopatin\u012f cistit\u0105, \u0161lapimo \u017eym\u0117jim\u0105 ar \u0161lapinim\u0105si netinkamose vietose.","robots":{"index":"index","follow":"follow","max-snippet":"max-snippet:-1","max-image-preview":"max-image-preview:large","max-video-preview":"max-video-preview:-1"},"canonical":"https:\/\/anivet.lt\/elparduotuve\/produktas\/urinary-stress-cat-125-kg\/","og_locale":"lt_LT","og_type":"article","og_title":"Advance Urinary Stress Cat, 1,25 kg","og_description":"Visavertis dietinis super premium klas\u0117s pa\u0161aras suaugusioms kat\u0117ms, skirtas suma\u017einti struvito akmen\u0173 pasikartojimo rizik\u0105 ir pad\u0117ti kovoti su stresu. Pa\u0161aras praturtintas melisos, triptofano ir \u017euv\u0173 peptidais, kurie padeda kat\u0117ms valdyti stres\u0105, galint\u012f sukelti idiopatin\u012f cistit\u0105, \u0161lapimo \u017eym\u0117jim\u0105 ar \u0161lapinim\u0105si netinkamose vietose.","og_url":"https:\/\/anivet.lt\/elparduotuve\/produktas\/urinary-stress-cat-125-kg\/","og_site_name":"anivet.lt","article_modified_time":"2026-03-02T13:55:45+00:00","og_image":[{"width":650,"height":650,"url":"https:\/\/anivet.lt\/elparduotuve\/wp-content\/uploads\/2023\/07\/Urinary-Stress-Cat.jpg","type":"image\/jpeg"}],"twitter_card":"summary_large_image","twitter_misc":{"Est. reading time":"1 minut\u0117"},"schema":{"@context":"https:\/\/schema.org","@graph":[{"@type":"WebPage","@id":"https:\/\/anivet.lt\/elparduotuve\/produktas\/urinary-stress-cat-125-kg\/","url":"https:\/\/anivet.lt\/elparduotuve\/produktas\/urinary-stress-cat-125-kg\/","name":"Advance Urinary Stress Cat, 1,25 kg - anivet.lt","isPartOf":{"@id":"https:\/\/anivet.lt\/elparduotuve\/#website"},"primaryImageOfPage":{"@id":"https:\/\/anivet.lt\/elparduotuve\/produktas\/urinary-stress-cat-125-kg\/#primaryimage"},"image":{"@id":"https:\/\/anivet.lt\/elparduotuve\/produktas\/urinary-stress-cat-125-kg\/#primaryimage"},"thumbnailUrl":"https:\/\/anivet.lt\/elparduotuve\/wp-content\/uploads\/2023\/07\/Urinary-Stress-Cat.jpg","datePublished":"2023-07-19T08:18:03+00:00","dateModified":"2026-03-02T13:55:45+00:00","description":"Visavertis dietinis super premium klas\u0117s pa\u0161aras suaugusioms kat\u0117ms, skirtas suma\u017einti struvito akmen\u0173 pasikartojimo rizik\u0105 ir pad\u0117ti kovoti su stresu. Pa\u0161aras praturtintas melisos, triptofano ir \u017euv\u0173 peptidais, kurie padeda kat\u0117ms valdyti stres\u0105, galint\u012f sukelti idiopatin\u012f cistit\u0105, \u0161lapimo \u017eym\u0117jim\u0105 ar \u0161lapinim\u0105si netinkamose vietose.","breadcrumb":{"@id":"https:\/\/anivet.lt\/elparduotuve\/produktas\/urinary-stress-cat-125-kg\/#breadcrumb"},"inLanguage":"lt-LT","potentialAction":[{"@type":"ReadAction","target":["https:\/\/anivet.lt\/elparduotuve\/produktas\/urinary-stress-cat-125-kg\/"]}]},{"@type":"ImageObject","inLanguage":"lt-LT","@id":"https:\/\/anivet.lt\/elparduotuve\/produktas\/urinary-stress-cat-125-kg\/#primaryimage","url":"https:\/\/anivet.lt\/elparduotuve\/wp-content\/uploads\/2023\/07\/Urinary-Stress-Cat.jpg","contentUrl":"https:\/\/anivet.lt\/elparduotuve\/wp-content\/uploads\/2023\/07\/Urinary-Stress-Cat.jpg","width":650,"height":650,"caption":"Advance Urinary Stress Cat, 1,25 kg"},{"@type":"BreadcrumbList","@id":"https:\/\/anivet.lt\/elparduotuve\/produktas\/urinary-stress-cat-125-kg\/#breadcrumb","itemListElement":[{"@type":"ListItem","position":1,"name":"Home","item":"https:\/\/anivet.lt\/elparduotuve\/"},{"@type":"ListItem","position":2,"name":"Produktai","item":"https:\/\/anivet.lt\/elparduotuve\/produktai\/"},{"@type":"ListItem","position":3,"name":"Advance Urinary Stress Cat, 1,25 kg"}]},{"@type":"WebSite","@id":"https:\/\/anivet.lt\/elparduotuve\/#website","url":"https:\/\/anivet.lt\/elparduotuve\/","name":"anivet.lt","description":"Viskas J\u016bs\u0173 \u0161uns, kat\u0117s prie\u017ei\u016brai","publisher":{"@id":"https:\/\/anivet.lt\/elparduotuve\/#organization"},"alternateName":"Viskas J\u016bs\u0173 \u0161uns, kat\u0117s prie\u017ei\u016brai","potentialAction":[{"@type":"SearchAction","target":{"@type":"EntryPoint","urlTemplate":"https:\/\/anivet.lt\/elparduotuve\/?s={search_term_string}"},"query-input":{"@type":"PropertyValueSpecification","valueRequired":true,"valueName":"search_term_string"}}],"inLanguage":"lt-LT"},{"@type":"Organization","@id":"https:\/\/anivet.lt\/elparduotuve\/#organization","name":"Viskas J\u016bs\u0173 \u0161uns, kat\u0117s prie\u017ei\u016brai","url":"https:\/\/anivet.lt\/elparduotuve\/","logo":{"@type":"ImageObject","inLanguage":"lt-LT","@id":"https:\/\/anivet.lt\/elparduotuve\/#\/schema\/logo\/image\/","url":"https:\/\/anivet.lt\/elparduotuve\/wp-content\/uploads\/2023\/06\/logo2.jpg","contentUrl":"https:\/\/anivet.lt\/elparduotuve\/wp-content\/uploads\/2023\/06\/logo2.jpg","width":655,"height":194,"caption":"Viskas J\u016bs\u0173 \u0161uns, kat\u0117s prie\u017ei\u016brai"},"image":{"@id":"https:\/\/anivet.lt\/elparduotuve\/#\/schema\/logo\/image\/"}}]}},"_links":{"self":[{"href":"https:\/\/anivet.lt\/elparduotuve\/wp-json\/wp\/v2\/product\/10429","targetHints":{"allow":["GET"]}}],"collection":[{"href":"https:\/\/anivet.lt\/elparduotuve\/wp-json\/wp\/v2\/product"}],"about":[{"href":"https:\/\/anivet.lt\/elparduotuve\/wp-json\/wp\/v2\/types\/product"}],"wp:featuredmedia":[{"embeddable":true,"href":"https:\/\/anivet.lt\/elparduotuve\/wp-json\/wp\/v2\/media\/17055"}],"wp:attachment":[{"href":"https:\/\/anivet.lt\/elparduotuve\/wp-json\/wp\/v2\/media?parent=10429"}],"wp:term":[{"taxonomy":"product_brand","embeddable":true,"href":"https:\/\/anivet.lt\/elparduotuve\/wp-json\/wp\/v2\/product_brand?post=10429"},{"taxonomy":"product_cat","embeddable":true,"href":"https:\/\/anivet.lt\/elparduotuve\/wp-json\/wp\/v2\/product_cat?post=10429"},{"taxonomy":"product_tag","embeddable":true,"href":"https:\/\/anivet.lt\/elparduotuve\/wp-json\/wp\/v2\/product_tag?post=10429"}],"curies":[{"name":"wp","href":"https:\/\/api.w.org\/{rel}","templated":true}]}}