{"id":10431,"date":"2023-07-19T08:26:42","date_gmt":"2023-07-19T08:26:42","guid":{"rendered":"https:\/\/anivet.lt\/elparduotuve\/?post_type=product&#038;p=10431"},"modified":"2026-03-27T16:10:13","modified_gmt":"2026-03-27T16:10:13","slug":"weight-balance-cat","status":"publish","type":"product","link":"https:\/\/anivet.lt\/elparduotuve\/produktas\/weight-balance-cat\/","title":{"rendered":"Advance Weight Balance Cat"},"content":{"rendered":"<ul>\n<li style=\"font-weight: 400;\" aria-level=\"1\"><span style=\"font-weight: 400;\">Svorio ma\u017einimas: Ma\u017eai kalorij\u0173 ir riebal\u0173 turinti formul\u0117 padeda efektyviai ma\u017einti svor\u012f, i\u0161laikant sotumo jausm\u0105.<\/span><\/li>\n<li style=\"font-weight: 400;\" aria-level=\"1\"><span style=\"font-weight: 400;\">Reguliuoja lipid\u0173 metabolizm\u0105: Didelis nepakei\u010diam\u0173j\u0173 riebal\u0173 r\u016bg\u0161\u010di\u0173 kiekis padeda subalansuoti lipid\u0173 kiek\u012f organizme.<\/span><\/li>\n<li style=\"font-weight: 400;\" aria-level=\"1\"><span style=\"font-weight: 400;\">Raumen\u0173 mas\u0117s palaikymas: Auk\u0161tos kokyb\u0117s baltymai, tokie kaip dehidratuoti pauk\u0161tienos ir kukur\u016bz\u0173 baltymai, palaiko raumen\u0173 tonus\u0105 svorio metimo metu.<\/span><\/li>\n<li style=\"font-weight: 400;\" aria-level=\"1\"><span style=\"font-weight: 400;\">Odos ir kailio sveikata: \u017duvies taukai, lin\u0173 s\u0117menys ir alyvuogi\u0173 aliejus praturtina pa\u0161ar\u0105 Omega-3 ir Omega-6 riebal\u0173 r\u016bg\u0161timis, u\u017etikrinan\u010diomis sveik\u0105 od\u0105 ir blizgant\u012f kail\u012f.<\/span><\/li>\n<li style=\"font-weight: 400;\" aria-level=\"1\"><span style=\"font-weight: 400;\">Praturtintas L-karnitinu: L-karnitinas (500 mg\/kg) padeda deginti riebalus ir palaikyti energijos balans\u0105.<\/span><\/li>\n<\/ul>\n<p><span style=\"font-weight: 400;\">\u201eAdvance Veterinary Diets Weight Balance Cat\u201c yra puikus sprendimas, padedantis j\u016bs\u0173 katei pasiekti ir i\u0161laikyti sveik\u0105 k\u016bno svor\u012f bei palaikyti bendr\u0105 sveikat\u0105. Idealus pasirinkimas siekiant ilgalaik\u0117s mitybos kontrol\u0117s ir geros savijautos.<\/span><\/p>\n","protected":false},"excerpt":{"rendered":"<p><span style=\"font-weight: 400;\">Visavertis ir subalansuotas dietinis pa\u0161aras, skirtas suaugusioms kat\u0117ms, norint suma\u017einti vir\u0161svor\u012f ir reguliuoti lipid\u0173 metabolizm\u0105 hiperlipidemijos atvejais. Klinikiniai tyrimai rodo, kad 83% ka\u010di\u0173 praranda nereikalingus kilogramus per 3 m\u0117nesius, naudodamos \u0161\u012f pa\u0161ar\u0105.<\/span><\/p>\n","protected":false},"featured_media":17054,"template":"","meta":[],"product_brand":[],"product_cat":[114,325,102,118],"product_tag":[],"class_list":{"0":"post-10431","1":"product","2":"type-product","3":"status-publish","4":"has-post-thumbnail","6":"product_cat-kaciu-maistas","7":"product_cat-advance-kaciu-maistas","8":"product_cat-katems","9":"product_cat-veterinarinis-maistas-katems","10":"pa_prekinis-zenklas-advance","12":"first","13":"instock","14":"taxable","15":"shipping-taxable","16":"purchasable","17":"product-type-variable"},"yoast_head":"<!-- This site is optimized with the Yoast SEO Premium plugin v27.1 (Yoast SEO v27.3) - https:\/\/yoast.com\/product\/yoast-seo-premium-wordpress\/ -->\n<title>Advance Weight Balance Cat - anivet.lt<\/title>\n<meta name=\"description\" content=\"Visavertis ir subalansuotas dietinis pa\u0161aras, skirtas suaugusioms kat\u0117ms, norint suma\u017einti vir\u0161svor\u012f ir reguliuoti lipid\u0173 metabolizm\u0105 hiperlipidemijos atvejais. Klinikiniai tyrimai rodo, kad 83% ka\u010di\u0173 praranda nereikalingus kilogramus per 3 m\u0117nesius, naudodamos \u0161\u012f pa\u0161ar\u0105.\" \/>\n<meta name=\"robots\" content=\"index, follow, max-snippet:-1, max-image-preview:large, max-video-preview:-1\" \/>\n<link rel=\"canonical\" href=\"https:\/\/anivet.lt\/elparduotuve\/produktas\/weight-balance-cat\/\" \/>\n<meta property=\"og:locale\" content=\"lt_LT\" \/>\n<meta property=\"og:type\" content=\"article\" \/>\n<meta property=\"og:title\" content=\"Advance Weight Balance Cat\" \/>\n<meta property=\"og:description\" content=\"Visavertis ir subalansuotas dietinis pa\u0161aras, skirtas suaugusioms kat\u0117ms, norint suma\u017einti vir\u0161svor\u012f ir reguliuoti lipid\u0173 metabolizm\u0105 hiperlipidemijos atvejais. Klinikiniai tyrimai rodo, kad 83% ka\u010di\u0173 praranda nereikalingus kilogramus per 3 m\u0117nesius, naudodamos \u0161\u012f pa\u0161ar\u0105.\" \/>\n<meta property=\"og:url\" content=\"https:\/\/anivet.lt\/elparduotuve\/produktas\/weight-balance-cat\/\" \/>\n<meta property=\"og:site_name\" content=\"anivet.lt\" \/>\n<meta property=\"article:modified_time\" content=\"2026-03-27T16:10:13+00:00\" \/>\n<meta property=\"og:image\" content=\"https:\/\/anivet.lt\/elparduotuve\/wp-content\/uploads\/2023\/07\/Weight-Balance-Cat.jpg\" \/>\n\t<meta property=\"og:image:width\" content=\"650\" \/>\n\t<meta property=\"og:image:height\" content=\"650\" \/>\n\t<meta property=\"og:image:type\" content=\"image\/jpeg\" \/>\n<meta name=\"twitter:card\" content=\"summary_large_image\" \/>\n<meta name=\"twitter:label1\" content=\"Est. reading time\" \/>\n\t<meta name=\"twitter:data1\" content=\"1 minut\u0117\" \/>\n<script type=\"application\/ld+json\" class=\"yoast-schema-graph\">{\"@context\":\"https:\\\/\\\/schema.org\",\"@graph\":[{\"@type\":\"WebPage\",\"@id\":\"https:\\\/\\\/anivet.lt\\\/elparduotuve\\\/produktas\\\/weight-balance-cat\\\/\",\"url\":\"https:\\\/\\\/anivet.lt\\\/elparduotuve\\\/produktas\\\/weight-balance-cat\\\/\",\"name\":\"Advance Weight Balance Cat - anivet.lt\",\"isPartOf\":{\"@id\":\"https:\\\/\\\/anivet.lt\\\/elparduotuve\\\/#website\"},\"primaryImageOfPage\":{\"@id\":\"https:\\\/\\\/anivet.lt\\\/elparduotuve\\\/produktas\\\/weight-balance-cat\\\/#primaryimage\"},\"image\":{\"@id\":\"https:\\\/\\\/anivet.lt\\\/elparduotuve\\\/produktas\\\/weight-balance-cat\\\/#primaryimage\"},\"thumbnailUrl\":\"https:\\\/\\\/anivet.lt\\\/elparduotuve\\\/wp-content\\\/uploads\\\/2023\\\/07\\\/Weight-Balance-Cat.jpg\",\"datePublished\":\"2023-07-19T08:26:42+00:00\",\"dateModified\":\"2026-03-27T16:10:13+00:00\",\"description\":\"Visavertis ir subalansuotas dietinis pa\u0161aras, skirtas suaugusioms kat\u0117ms, norint suma\u017einti vir\u0161svor\u012f ir reguliuoti lipid\u0173 metabolizm\u0105 hiperlipidemijos atvejais. Klinikiniai tyrimai rodo, kad 83% ka\u010di\u0173 praranda nereikalingus kilogramus per 3 m\u0117nesius, naudodamos \u0161\u012f pa\u0161ar\u0105.\",\"breadcrumb\":{\"@id\":\"https:\\\/\\\/anivet.lt\\\/elparduotuve\\\/produktas\\\/weight-balance-cat\\\/#breadcrumb\"},\"inLanguage\":\"lt-LT\",\"potentialAction\":[{\"@type\":\"ReadAction\",\"target\":[\"https:\\\/\\\/anivet.lt\\\/elparduotuve\\\/produktas\\\/weight-balance-cat\\\/\"]}]},{\"@type\":\"ImageObject\",\"inLanguage\":\"lt-LT\",\"@id\":\"https:\\\/\\\/anivet.lt\\\/elparduotuve\\\/produktas\\\/weight-balance-cat\\\/#primaryimage\",\"url\":\"https:\\\/\\\/anivet.lt\\\/elparduotuve\\\/wp-content\\\/uploads\\\/2023\\\/07\\\/Weight-Balance-Cat.jpg\",\"contentUrl\":\"https:\\\/\\\/anivet.lt\\\/elparduotuve\\\/wp-content\\\/uploads\\\/2023\\\/07\\\/Weight-Balance-Cat.jpg\",\"width\":650,\"height\":650,\"caption\":\"Advance Weight Balance Cat\"},{\"@type\":\"BreadcrumbList\",\"@id\":\"https:\\\/\\\/anivet.lt\\\/elparduotuve\\\/produktas\\\/weight-balance-cat\\\/#breadcrumb\",\"itemListElement\":[{\"@type\":\"ListItem\",\"position\":1,\"name\":\"Home\",\"item\":\"https:\\\/\\\/anivet.lt\\\/elparduotuve\\\/\"},{\"@type\":\"ListItem\",\"position\":2,\"name\":\"Produktai\",\"item\":\"https:\\\/\\\/anivet.lt\\\/elparduotuve\\\/produktai\\\/\"},{\"@type\":\"ListItem\",\"position\":3,\"name\":\"Advance Weight Balance Cat\"}]},{\"@type\":\"WebSite\",\"@id\":\"https:\\\/\\\/anivet.lt\\\/elparduotuve\\\/#website\",\"url\":\"https:\\\/\\\/anivet.lt\\\/elparduotuve\\\/\",\"name\":\"anivet.lt\",\"description\":\"Viskas J\u016bs\u0173 \u0161uns, kat\u0117s prie\u017ei\u016brai\",\"publisher\":{\"@id\":\"https:\\\/\\\/anivet.lt\\\/elparduotuve\\\/#organization\"},\"alternateName\":\"Viskas J\u016bs\u0173 \u0161uns, kat\u0117s prie\u017ei\u016brai\",\"potentialAction\":[{\"@type\":\"SearchAction\",\"target\":{\"@type\":\"EntryPoint\",\"urlTemplate\":\"https:\\\/\\\/anivet.lt\\\/elparduotuve\\\/?s={search_term_string}\"},\"query-input\":{\"@type\":\"PropertyValueSpecification\",\"valueRequired\":true,\"valueName\":\"search_term_string\"}}],\"inLanguage\":\"lt-LT\"},{\"@type\":\"Organization\",\"@id\":\"https:\\\/\\\/anivet.lt\\\/elparduotuve\\\/#organization\",\"name\":\"Viskas J\u016bs\u0173 \u0161uns, kat\u0117s prie\u017ei\u016brai\",\"url\":\"https:\\\/\\\/anivet.lt\\\/elparduotuve\\\/\",\"logo\":{\"@type\":\"ImageObject\",\"inLanguage\":\"lt-LT\",\"@id\":\"https:\\\/\\\/anivet.lt\\\/elparduotuve\\\/#\\\/schema\\\/logo\\\/image\\\/\",\"url\":\"https:\\\/\\\/anivet.lt\\\/elparduotuve\\\/wp-content\\\/uploads\\\/2023\\\/06\\\/logo2.jpg\",\"contentUrl\":\"https:\\\/\\\/anivet.lt\\\/elparduotuve\\\/wp-content\\\/uploads\\\/2023\\\/06\\\/logo2.jpg\",\"width\":655,\"height\":194,\"caption\":\"Viskas J\u016bs\u0173 \u0161uns, kat\u0117s prie\u017ei\u016brai\"},\"image\":{\"@id\":\"https:\\\/\\\/anivet.lt\\\/elparduotuve\\\/#\\\/schema\\\/logo\\\/image\\\/\"}}]}<\/script>\n<!-- \/ Yoast SEO Premium plugin. -->","yoast_head_json":{"title":"Advance Weight Balance Cat - anivet.lt","description":"Visavertis ir subalansuotas dietinis pa\u0161aras, skirtas suaugusioms kat\u0117ms, norint suma\u017einti vir\u0161svor\u012f ir reguliuoti lipid\u0173 metabolizm\u0105 hiperlipidemijos atvejais. Klinikiniai tyrimai rodo, kad 83% ka\u010di\u0173 praranda nereikalingus kilogramus per 3 m\u0117nesius, naudodamos \u0161\u012f pa\u0161ar\u0105.","robots":{"index":"index","follow":"follow","max-snippet":"max-snippet:-1","max-image-preview":"max-image-preview:large","max-video-preview":"max-video-preview:-1"},"canonical":"https:\/\/anivet.lt\/elparduotuve\/produktas\/weight-balance-cat\/","og_locale":"lt_LT","og_type":"article","og_title":"Advance Weight Balance Cat","og_description":"Visavertis ir subalansuotas dietinis pa\u0161aras, skirtas suaugusioms kat\u0117ms, norint suma\u017einti vir\u0161svor\u012f ir reguliuoti lipid\u0173 metabolizm\u0105 hiperlipidemijos atvejais. Klinikiniai tyrimai rodo, kad 83% ka\u010di\u0173 praranda nereikalingus kilogramus per 3 m\u0117nesius, naudodamos \u0161\u012f pa\u0161ar\u0105.","og_url":"https:\/\/anivet.lt\/elparduotuve\/produktas\/weight-balance-cat\/","og_site_name":"anivet.lt","article_modified_time":"2026-03-27T16:10:13+00:00","og_image":[{"width":650,"height":650,"url":"https:\/\/anivet.lt\/elparduotuve\/wp-content\/uploads\/2023\/07\/Weight-Balance-Cat.jpg","type":"image\/jpeg"}],"twitter_card":"summary_large_image","twitter_misc":{"Est. reading time":"1 minut\u0117"},"schema":{"@context":"https:\/\/schema.org","@graph":[{"@type":"WebPage","@id":"https:\/\/anivet.lt\/elparduotuve\/produktas\/weight-balance-cat\/","url":"https:\/\/anivet.lt\/elparduotuve\/produktas\/weight-balance-cat\/","name":"Advance Weight Balance Cat - anivet.lt","isPartOf":{"@id":"https:\/\/anivet.lt\/elparduotuve\/#website"},"primaryImageOfPage":{"@id":"https:\/\/anivet.lt\/elparduotuve\/produktas\/weight-balance-cat\/#primaryimage"},"image":{"@id":"https:\/\/anivet.lt\/elparduotuve\/produktas\/weight-balance-cat\/#primaryimage"},"thumbnailUrl":"https:\/\/anivet.lt\/elparduotuve\/wp-content\/uploads\/2023\/07\/Weight-Balance-Cat.jpg","datePublished":"2023-07-19T08:26:42+00:00","dateModified":"2026-03-27T16:10:13+00:00","description":"Visavertis ir subalansuotas dietinis pa\u0161aras, skirtas suaugusioms kat\u0117ms, norint suma\u017einti vir\u0161svor\u012f ir reguliuoti lipid\u0173 metabolizm\u0105 hiperlipidemijos atvejais. Klinikiniai tyrimai rodo, kad 83% ka\u010di\u0173 praranda nereikalingus kilogramus per 3 m\u0117nesius, naudodamos \u0161\u012f pa\u0161ar\u0105.","breadcrumb":{"@id":"https:\/\/anivet.lt\/elparduotuve\/produktas\/weight-balance-cat\/#breadcrumb"},"inLanguage":"lt-LT","potentialAction":[{"@type":"ReadAction","target":["https:\/\/anivet.lt\/elparduotuve\/produktas\/weight-balance-cat\/"]}]},{"@type":"ImageObject","inLanguage":"lt-LT","@id":"https:\/\/anivet.lt\/elparduotuve\/produktas\/weight-balance-cat\/#primaryimage","url":"https:\/\/anivet.lt\/elparduotuve\/wp-content\/uploads\/2023\/07\/Weight-Balance-Cat.jpg","contentUrl":"https:\/\/anivet.lt\/elparduotuve\/wp-content\/uploads\/2023\/07\/Weight-Balance-Cat.jpg","width":650,"height":650,"caption":"Advance Weight Balance Cat"},{"@type":"BreadcrumbList","@id":"https:\/\/anivet.lt\/elparduotuve\/produktas\/weight-balance-cat\/#breadcrumb","itemListElement":[{"@type":"ListItem","position":1,"name":"Home","item":"https:\/\/anivet.lt\/elparduotuve\/"},{"@type":"ListItem","position":2,"name":"Produktai","item":"https:\/\/anivet.lt\/elparduotuve\/produktai\/"},{"@type":"ListItem","position":3,"name":"Advance Weight Balance Cat"}]},{"@type":"WebSite","@id":"https:\/\/anivet.lt\/elparduotuve\/#website","url":"https:\/\/anivet.lt\/elparduotuve\/","name":"anivet.lt","description":"Viskas J\u016bs\u0173 \u0161uns, kat\u0117s prie\u017ei\u016brai","publisher":{"@id":"https:\/\/anivet.lt\/elparduotuve\/#organization"},"alternateName":"Viskas J\u016bs\u0173 \u0161uns, kat\u0117s prie\u017ei\u016brai","potentialAction":[{"@type":"SearchAction","target":{"@type":"EntryPoint","urlTemplate":"https:\/\/anivet.lt\/elparduotuve\/?s={search_term_string}"},"query-input":{"@type":"PropertyValueSpecification","valueRequired":true,"valueName":"search_term_string"}}],"inLanguage":"lt-LT"},{"@type":"Organization","@id":"https:\/\/anivet.lt\/elparduotuve\/#organization","name":"Viskas J\u016bs\u0173 \u0161uns, kat\u0117s prie\u017ei\u016brai","url":"https:\/\/anivet.lt\/elparduotuve\/","logo":{"@type":"ImageObject","inLanguage":"lt-LT","@id":"https:\/\/anivet.lt\/elparduotuve\/#\/schema\/logo\/image\/","url":"https:\/\/anivet.lt\/elparduotuve\/wp-content\/uploads\/2023\/06\/logo2.jpg","contentUrl":"https:\/\/anivet.lt\/elparduotuve\/wp-content\/uploads\/2023\/06\/logo2.jpg","width":655,"height":194,"caption":"Viskas J\u016bs\u0173 \u0161uns, kat\u0117s prie\u017ei\u016brai"},"image":{"@id":"https:\/\/anivet.lt\/elparduotuve\/#\/schema\/logo\/image\/"}}]}},"_links":{"self":[{"href":"https:\/\/anivet.lt\/elparduotuve\/wp-json\/wp\/v2\/product\/10431","targetHints":{"allow":["GET"]}}],"collection":[{"href":"https:\/\/anivet.lt\/elparduotuve\/wp-json\/wp\/v2\/product"}],"about":[{"href":"https:\/\/anivet.lt\/elparduotuve\/wp-json\/wp\/v2\/types\/product"}],"wp:featuredmedia":[{"embeddable":true,"href":"https:\/\/anivet.lt\/elparduotuve\/wp-json\/wp\/v2\/media\/17054"}],"wp:attachment":[{"href":"https:\/\/anivet.lt\/elparduotuve\/wp-json\/wp\/v2\/media?parent=10431"}],"wp:term":[{"taxonomy":"product_brand","embeddable":true,"href":"https:\/\/anivet.lt\/elparduotuve\/wp-json\/wp\/v2\/product_brand?post=10431"},{"taxonomy":"product_cat","embeddable":true,"href":"https:\/\/anivet.lt\/elparduotuve\/wp-json\/wp\/v2\/product_cat?post=10431"},{"taxonomy":"product_tag","embeddable":true,"href":"https:\/\/anivet.lt\/elparduotuve\/wp-json\/wp\/v2\/product_tag?post=10431"}],"curies":[{"name":"wp","href":"https:\/\/api.w.org\/{rel}","templated":true}]}}