{"id":10443,"date":"2023-07-19T09:10:18","date_gmt":"2023-07-19T09:10:18","guid":{"rendered":"https:\/\/anivet.lt\/elparduotuve\/?post_type=product&#038;p=10443"},"modified":"2025-12-13T10:26:25","modified_gmt":"2025-12-13T10:26:25","slug":"atopic-dog-med-max-triusiena","status":"publish","type":"product","link":"https:\/\/anivet.lt\/elparduotuve\/produktas\/atopic-dog-med-max-triusiena\/","title":{"rendered":"Advance Atopic Dog Med\/Max (triu\u0161iena)"},"content":{"rendered":"<ul>\n<li style=\"font-weight: 400;\" aria-level=\"1\"><span style=\"font-weight: 400;\">Be gr\u016bd\u0173: Pa\u0161are n\u0117ra gr\u016bd\u0173, tod\u0117l jis lengvai toleruojamas \u0161unims, turintiems jautri\u0105 vir\u0161kinimo sistem\u0105.<\/span><\/li>\n<li style=\"font-weight: 400;\" aria-level=\"1\"><span style=\"font-weight: 400;\">Hipoalerginis: Vieno baltymo recept\u016bra su triu\u0161iena ir \u017eirniais ma\u017eina nepageidaujam\u0173 reakcij\u0173 \u012f maist\u0105 rizik\u0105.<\/span><\/li>\n<li style=\"font-weight: 400;\" aria-level=\"1\"><span style=\"font-weight: 400;\">Odos prie\u017ei\u016bra: Omega-3 ir Omega-6 riebal\u0173 r\u016bg\u0161tys bei alyvuogi\u0173 lap\u0173 ekstraktas padeda ma\u017einti u\u017edegim\u0105 ir i\u0161laikyti sveik\u0105 od\u0105.<\/span><\/li>\n<li style=\"font-weight: 400;\" aria-level=\"1\"><span style=\"font-weight: 400;\">Dr\u0117gm\u0117s palaikymas: Alijo\u0161iaus ekstraktas padeda atkurti ir i\u0161laikyti odos dr\u0117gm\u0119.<\/span><\/li>\n<li style=\"font-weight: 400;\" aria-level=\"1\"><span style=\"font-weight: 400;\">Kolageno peptidai: Skatina \u017eaizd\u0173 gijim\u0105 ir palaiko odos regeneracij\u0105.<\/span><\/li>\n<\/ul>\n<p><span style=\"font-weight: 400;\">Puikus pasirinkimas \u0161unims, turintiems odos problem\u0173 ar jautri\u0105 vir\u0161kinimo sistem\u0105. Jo sud\u0117tis padeda ne tik palaikyti odos sveikat\u0105, bet ir suma\u017einti alergij\u0173 bei netoleravimo rizik\u0105. Tai idealus sprendimas, u\u017etikrinantis \u0161uns gerov\u0119 ir subalansuot\u0105 mityb\u0105.<\/span><\/p>\n","protected":false},"excerpt":{"rendered":"<p><span style=\"font-weight: 400;\">\u0160is visavertis ir subalansuotas dietinis maistas sukurtas specialiai vidutini\u0173 ir dideli\u0173 veisli\u0173 \u0161unims, turintiems odos problem\u0173, toki\u0173 kaip dermatoz\u0117 ar padid\u0117j\u0119s plauk\u0173 slinkimas. Taip pat padeda suma\u017einti maistini\u0173 med\u017eiag\u0173 netoleravim\u0105, naudojant hipoalerginius ingredientus.<\/span><\/p>\n","protected":false},"featured_media":16655,"template":"","meta":[],"product_brand":[],"product_cat":[101,103,316,107],"product_tag":[],"class_list":{"0":"post-10443","1":"product","2":"type-product","3":"status-publish","4":"has-post-thumbnail","6":"product_cat-sunims","7":"product_cat-sunu-maistas","8":"product_cat-advance-sunu-maistas","9":"product_cat-veterinarine-dieta","10":"pa_prekinis-zenklas-advance","12":"first","13":"instock","14":"taxable","15":"shipping-taxable","16":"purchasable","17":"product-type-variable"},"yoast_head":"<!-- This site is optimized with the Yoast SEO Premium plugin v27.1 (Yoast SEO v27.5) - https:\/\/yoast.com\/product\/yoast-seo-premium-wordpress\/ -->\n<title>Advance Atopic Dog Med\/Max (triu\u0161iena) - anivet.lt<\/title>\n<meta name=\"description\" content=\"\u0160is visavertis ir subalansuotas dietinis maistas sukurtas specialiai vidutini\u0173 ir dideli\u0173 veisli\u0173 \u0161unims, turintiems odos problem\u0173, toki\u0173 kaip dermatoz\u0117 ar padid\u0117j\u0119s plauk\u0173 slinkimas. Taip pat padeda suma\u017einti maistini\u0173 med\u017eiag\u0173 netoleravim\u0105, naudojant hipoalerginius ingredientus.\" \/>\n<meta name=\"robots\" content=\"index, follow, max-snippet:-1, max-image-preview:large, max-video-preview:-1\" \/>\n<link rel=\"canonical\" href=\"https:\/\/anivet.lt\/elparduotuve\/produktas\/atopic-dog-med-max-triusiena\/\" \/>\n<meta property=\"og:locale\" content=\"lt_LT\" \/>\n<meta property=\"og:type\" content=\"article\" \/>\n<meta property=\"og:title\" content=\"Advance Atopic Dog Med\/Max (triu\u0161iena)\" \/>\n<meta property=\"og:description\" content=\"\u0160is visavertis ir subalansuotas dietinis maistas sukurtas specialiai vidutini\u0173 ir dideli\u0173 veisli\u0173 \u0161unims, turintiems odos problem\u0173, toki\u0173 kaip dermatoz\u0117 ar padid\u0117j\u0119s plauk\u0173 slinkimas. Taip pat padeda suma\u017einti maistini\u0173 med\u017eiag\u0173 netoleravim\u0105, naudojant hipoalerginius ingredientus.\" \/>\n<meta property=\"og:url\" content=\"https:\/\/anivet.lt\/elparduotuve\/produktas\/atopic-dog-med-max-triusiena\/\" \/>\n<meta property=\"og:site_name\" content=\"anivet.lt\" \/>\n<meta property=\"article:modified_time\" content=\"2025-12-13T10:26:25+00:00\" \/>\n<meta property=\"og:image\" content=\"https:\/\/anivet.lt\/elparduotuve\/wp-content\/uploads\/2023\/07\/Atopic-Dog-MedMax.jpg\" \/>\n\t<meta property=\"og:image:width\" content=\"1024\" \/>\n\t<meta property=\"og:image:height\" content=\"1085\" \/>\n\t<meta property=\"og:image:type\" content=\"image\/jpeg\" \/>\n<meta name=\"twitter:card\" content=\"summary_large_image\" \/>\n<meta name=\"twitter:label1\" content=\"Est. reading time\" \/>\n\t<meta name=\"twitter:data1\" content=\"1 minut\u0117\" \/>\n<script type=\"application\/ld+json\" class=\"yoast-schema-graph\">{\"@context\":\"https:\\\/\\\/schema.org\",\"@graph\":[{\"@type\":\"WebPage\",\"@id\":\"https:\\\/\\\/anivet.lt\\\/elparduotuve\\\/produktas\\\/atopic-dog-med-max-triusiena\\\/\",\"url\":\"https:\\\/\\\/anivet.lt\\\/elparduotuve\\\/produktas\\\/atopic-dog-med-max-triusiena\\\/\",\"name\":\"Advance Atopic Dog Med\\\/Max (triu\u0161iena) - anivet.lt\",\"isPartOf\":{\"@id\":\"https:\\\/\\\/anivet.lt\\\/elparduotuve\\\/#website\"},\"primaryImageOfPage\":{\"@id\":\"https:\\\/\\\/anivet.lt\\\/elparduotuve\\\/produktas\\\/atopic-dog-med-max-triusiena\\\/#primaryimage\"},\"image\":{\"@id\":\"https:\\\/\\\/anivet.lt\\\/elparduotuve\\\/produktas\\\/atopic-dog-med-max-triusiena\\\/#primaryimage\"},\"thumbnailUrl\":\"https:\\\/\\\/anivet.lt\\\/elparduotuve\\\/wp-content\\\/uploads\\\/2023\\\/07\\\/Atopic-Dog-MedMax.jpg\",\"datePublished\":\"2023-07-19T09:10:18+00:00\",\"dateModified\":\"2025-12-13T10:26:25+00:00\",\"description\":\"\u0160is visavertis ir subalansuotas dietinis maistas sukurtas specialiai vidutini\u0173 ir dideli\u0173 veisli\u0173 \u0161unims, turintiems odos problem\u0173, toki\u0173 kaip dermatoz\u0117 ar padid\u0117j\u0119s plauk\u0173 slinkimas. Taip pat padeda suma\u017einti maistini\u0173 med\u017eiag\u0173 netoleravim\u0105, naudojant hipoalerginius ingredientus.\",\"breadcrumb\":{\"@id\":\"https:\\\/\\\/anivet.lt\\\/elparduotuve\\\/produktas\\\/atopic-dog-med-max-triusiena\\\/#breadcrumb\"},\"inLanguage\":\"lt-LT\",\"potentialAction\":[{\"@type\":\"ReadAction\",\"target\":[\"https:\\\/\\\/anivet.lt\\\/elparduotuve\\\/produktas\\\/atopic-dog-med-max-triusiena\\\/\"]}]},{\"@type\":\"ImageObject\",\"inLanguage\":\"lt-LT\",\"@id\":\"https:\\\/\\\/anivet.lt\\\/elparduotuve\\\/produktas\\\/atopic-dog-med-max-triusiena\\\/#primaryimage\",\"url\":\"https:\\\/\\\/anivet.lt\\\/elparduotuve\\\/wp-content\\\/uploads\\\/2023\\\/07\\\/Atopic-Dog-MedMax.jpg\",\"contentUrl\":\"https:\\\/\\\/anivet.lt\\\/elparduotuve\\\/wp-content\\\/uploads\\\/2023\\\/07\\\/Atopic-Dog-MedMax.jpg\",\"width\":1024,\"height\":1085,\"caption\":\"Advance Atopic Dog Med\\\/Max (triu\u0161iena)\"},{\"@type\":\"BreadcrumbList\",\"@id\":\"https:\\\/\\\/anivet.lt\\\/elparduotuve\\\/produktas\\\/atopic-dog-med-max-triusiena\\\/#breadcrumb\",\"itemListElement\":[{\"@type\":\"ListItem\",\"position\":1,\"name\":\"Home\",\"item\":\"https:\\\/\\\/anivet.lt\\\/elparduotuve\\\/\"},{\"@type\":\"ListItem\",\"position\":2,\"name\":\"Produktai\",\"item\":\"https:\\\/\\\/anivet.lt\\\/elparduotuve\\\/produktai\\\/\"},{\"@type\":\"ListItem\",\"position\":3,\"name\":\"Advance Atopic Dog Med\\\/Max (triu\u0161iena)\"}]},{\"@type\":\"WebSite\",\"@id\":\"https:\\\/\\\/anivet.lt\\\/elparduotuve\\\/#website\",\"url\":\"https:\\\/\\\/anivet.lt\\\/elparduotuve\\\/\",\"name\":\"anivet.lt\",\"description\":\"Viskas J\u016bs\u0173 \u0161uns, kat\u0117s prie\u017ei\u016brai\",\"publisher\":{\"@id\":\"https:\\\/\\\/anivet.lt\\\/elparduotuve\\\/#organization\"},\"alternateName\":\"Viskas J\u016bs\u0173 \u0161uns, kat\u0117s prie\u017ei\u016brai\",\"potentialAction\":[{\"@type\":\"SearchAction\",\"target\":{\"@type\":\"EntryPoint\",\"urlTemplate\":\"https:\\\/\\\/anivet.lt\\\/elparduotuve\\\/?s={search_term_string}\"},\"query-input\":{\"@type\":\"PropertyValueSpecification\",\"valueRequired\":true,\"valueName\":\"search_term_string\"}}],\"inLanguage\":\"lt-LT\"},{\"@type\":\"Organization\",\"@id\":\"https:\\\/\\\/anivet.lt\\\/elparduotuve\\\/#organization\",\"name\":\"Viskas J\u016bs\u0173 \u0161uns, kat\u0117s prie\u017ei\u016brai\",\"url\":\"https:\\\/\\\/anivet.lt\\\/elparduotuve\\\/\",\"logo\":{\"@type\":\"ImageObject\",\"inLanguage\":\"lt-LT\",\"@id\":\"https:\\\/\\\/anivet.lt\\\/elparduotuve\\\/#\\\/schema\\\/logo\\\/image\\\/\",\"url\":\"https:\\\/\\\/anivet.lt\\\/elparduotuve\\\/wp-content\\\/uploads\\\/2023\\\/06\\\/logo2.jpg\",\"contentUrl\":\"https:\\\/\\\/anivet.lt\\\/elparduotuve\\\/wp-content\\\/uploads\\\/2023\\\/06\\\/logo2.jpg\",\"width\":655,\"height\":194,\"caption\":\"Viskas J\u016bs\u0173 \u0161uns, kat\u0117s prie\u017ei\u016brai\"},\"image\":{\"@id\":\"https:\\\/\\\/anivet.lt\\\/elparduotuve\\\/#\\\/schema\\\/logo\\\/image\\\/\"}}]}<\/script>\n<!-- \/ Yoast SEO Premium plugin. -->","yoast_head_json":{"title":"Advance Atopic Dog Med\/Max (triu\u0161iena) - anivet.lt","description":"\u0160is visavertis ir subalansuotas dietinis maistas sukurtas specialiai vidutini\u0173 ir dideli\u0173 veisli\u0173 \u0161unims, turintiems odos problem\u0173, toki\u0173 kaip dermatoz\u0117 ar padid\u0117j\u0119s plauk\u0173 slinkimas. Taip pat padeda suma\u017einti maistini\u0173 med\u017eiag\u0173 netoleravim\u0105, naudojant hipoalerginius ingredientus.","robots":{"index":"index","follow":"follow","max-snippet":"max-snippet:-1","max-image-preview":"max-image-preview:large","max-video-preview":"max-video-preview:-1"},"canonical":"https:\/\/anivet.lt\/elparduotuve\/produktas\/atopic-dog-med-max-triusiena\/","og_locale":"lt_LT","og_type":"article","og_title":"Advance Atopic Dog Med\/Max (triu\u0161iena)","og_description":"\u0160is visavertis ir subalansuotas dietinis maistas sukurtas specialiai vidutini\u0173 ir dideli\u0173 veisli\u0173 \u0161unims, turintiems odos problem\u0173, toki\u0173 kaip dermatoz\u0117 ar padid\u0117j\u0119s plauk\u0173 slinkimas. Taip pat padeda suma\u017einti maistini\u0173 med\u017eiag\u0173 netoleravim\u0105, naudojant hipoalerginius ingredientus.","og_url":"https:\/\/anivet.lt\/elparduotuve\/produktas\/atopic-dog-med-max-triusiena\/","og_site_name":"anivet.lt","article_modified_time":"2025-12-13T10:26:25+00:00","og_image":[{"width":1024,"height":1085,"url":"https:\/\/anivet.lt\/elparduotuve\/wp-content\/uploads\/2023\/07\/Atopic-Dog-MedMax.jpg","type":"image\/jpeg"}],"twitter_card":"summary_large_image","twitter_misc":{"Est. reading time":"1 minut\u0117"},"schema":{"@context":"https:\/\/schema.org","@graph":[{"@type":"WebPage","@id":"https:\/\/anivet.lt\/elparduotuve\/produktas\/atopic-dog-med-max-triusiena\/","url":"https:\/\/anivet.lt\/elparduotuve\/produktas\/atopic-dog-med-max-triusiena\/","name":"Advance Atopic Dog Med\/Max (triu\u0161iena) - anivet.lt","isPartOf":{"@id":"https:\/\/anivet.lt\/elparduotuve\/#website"},"primaryImageOfPage":{"@id":"https:\/\/anivet.lt\/elparduotuve\/produktas\/atopic-dog-med-max-triusiena\/#primaryimage"},"image":{"@id":"https:\/\/anivet.lt\/elparduotuve\/produktas\/atopic-dog-med-max-triusiena\/#primaryimage"},"thumbnailUrl":"https:\/\/anivet.lt\/elparduotuve\/wp-content\/uploads\/2023\/07\/Atopic-Dog-MedMax.jpg","datePublished":"2023-07-19T09:10:18+00:00","dateModified":"2025-12-13T10:26:25+00:00","description":"\u0160is visavertis ir subalansuotas dietinis maistas sukurtas specialiai vidutini\u0173 ir dideli\u0173 veisli\u0173 \u0161unims, turintiems odos problem\u0173, toki\u0173 kaip dermatoz\u0117 ar padid\u0117j\u0119s plauk\u0173 slinkimas. Taip pat padeda suma\u017einti maistini\u0173 med\u017eiag\u0173 netoleravim\u0105, naudojant hipoalerginius ingredientus.","breadcrumb":{"@id":"https:\/\/anivet.lt\/elparduotuve\/produktas\/atopic-dog-med-max-triusiena\/#breadcrumb"},"inLanguage":"lt-LT","potentialAction":[{"@type":"ReadAction","target":["https:\/\/anivet.lt\/elparduotuve\/produktas\/atopic-dog-med-max-triusiena\/"]}]},{"@type":"ImageObject","inLanguage":"lt-LT","@id":"https:\/\/anivet.lt\/elparduotuve\/produktas\/atopic-dog-med-max-triusiena\/#primaryimage","url":"https:\/\/anivet.lt\/elparduotuve\/wp-content\/uploads\/2023\/07\/Atopic-Dog-MedMax.jpg","contentUrl":"https:\/\/anivet.lt\/elparduotuve\/wp-content\/uploads\/2023\/07\/Atopic-Dog-MedMax.jpg","width":1024,"height":1085,"caption":"Advance Atopic Dog Med\/Max (triu\u0161iena)"},{"@type":"BreadcrumbList","@id":"https:\/\/anivet.lt\/elparduotuve\/produktas\/atopic-dog-med-max-triusiena\/#breadcrumb","itemListElement":[{"@type":"ListItem","position":1,"name":"Home","item":"https:\/\/anivet.lt\/elparduotuve\/"},{"@type":"ListItem","position":2,"name":"Produktai","item":"https:\/\/anivet.lt\/elparduotuve\/produktai\/"},{"@type":"ListItem","position":3,"name":"Advance Atopic Dog Med\/Max (triu\u0161iena)"}]},{"@type":"WebSite","@id":"https:\/\/anivet.lt\/elparduotuve\/#website","url":"https:\/\/anivet.lt\/elparduotuve\/","name":"anivet.lt","description":"Viskas J\u016bs\u0173 \u0161uns, kat\u0117s prie\u017ei\u016brai","publisher":{"@id":"https:\/\/anivet.lt\/elparduotuve\/#organization"},"alternateName":"Viskas J\u016bs\u0173 \u0161uns, kat\u0117s prie\u017ei\u016brai","potentialAction":[{"@type":"SearchAction","target":{"@type":"EntryPoint","urlTemplate":"https:\/\/anivet.lt\/elparduotuve\/?s={search_term_string}"},"query-input":{"@type":"PropertyValueSpecification","valueRequired":true,"valueName":"search_term_string"}}],"inLanguage":"lt-LT"},{"@type":"Organization","@id":"https:\/\/anivet.lt\/elparduotuve\/#organization","name":"Viskas J\u016bs\u0173 \u0161uns, kat\u0117s prie\u017ei\u016brai","url":"https:\/\/anivet.lt\/elparduotuve\/","logo":{"@type":"ImageObject","inLanguage":"lt-LT","@id":"https:\/\/anivet.lt\/elparduotuve\/#\/schema\/logo\/image\/","url":"https:\/\/anivet.lt\/elparduotuve\/wp-content\/uploads\/2023\/06\/logo2.jpg","contentUrl":"https:\/\/anivet.lt\/elparduotuve\/wp-content\/uploads\/2023\/06\/logo2.jpg","width":655,"height":194,"caption":"Viskas J\u016bs\u0173 \u0161uns, kat\u0117s prie\u017ei\u016brai"},"image":{"@id":"https:\/\/anivet.lt\/elparduotuve\/#\/schema\/logo\/image\/"}}]}},"_links":{"self":[{"href":"https:\/\/anivet.lt\/elparduotuve\/wp-json\/wp\/v2\/product\/10443","targetHints":{"allow":["GET"]}}],"collection":[{"href":"https:\/\/anivet.lt\/elparduotuve\/wp-json\/wp\/v2\/product"}],"about":[{"href":"https:\/\/anivet.lt\/elparduotuve\/wp-json\/wp\/v2\/types\/product"}],"wp:featuredmedia":[{"embeddable":true,"href":"https:\/\/anivet.lt\/elparduotuve\/wp-json\/wp\/v2\/media\/16655"}],"wp:attachment":[{"href":"https:\/\/anivet.lt\/elparduotuve\/wp-json\/wp\/v2\/media?parent=10443"}],"wp:term":[{"taxonomy":"product_brand","embeddable":true,"href":"https:\/\/anivet.lt\/elparduotuve\/wp-json\/wp\/v2\/product_brand?post=10443"},{"taxonomy":"product_cat","embeddable":true,"href":"https:\/\/anivet.lt\/elparduotuve\/wp-json\/wp\/v2\/product_cat?post=10443"},{"taxonomy":"product_tag","embeddable":true,"href":"https:\/\/anivet.lt\/elparduotuve\/wp-json\/wp\/v2\/product_tag?post=10443"}],"curies":[{"name":"wp","href":"https:\/\/api.w.org\/{rel}","templated":true}]}}