{"id":10452,"date":"2023-07-19T09:26:39","date_gmt":"2023-07-19T09:26:39","guid":{"rendered":"https:\/\/anivet.lt\/elparduotuve\/?post_type=product&#038;p=10452"},"modified":"2026-04-13T14:40:10","modified_gmt":"2026-04-13T14:40:10","slug":"gastroenteric-dog","status":"publish","type":"product","link":"https:\/\/anivet.lt\/elparduotuve\/produktas\/gastroenteric-dog\/","title":{"rendered":"Advance Gastroenteric Dog"},"content":{"rendered":"<ul>\n<li style=\"font-weight: 400;\" aria-level=\"1\"><span style=\"font-weight: 400;\">Lengvai vir\u0161kinamas: Sud\u0117tyje yra lengvai vir\u0161kinam\u0173 ingredient\u0173, toki\u0173 kaip ry\u017eiai ir kukur\u016bzai, kurie padeda i\u0161vengti vir\u0161kinimo sutrikim\u0173.<\/span><\/li>\n<li style=\"font-weight: 400;\" aria-level=\"1\"><span style=\"font-weight: 400;\">Padeda vir\u0161kinimo sistemai: Papildytas prebiotikais ir imunoglobulinais, kurie stiprina \u017earnyno flor\u0105 ir moduliuoja \u017earnyno imunin\u012f atsak\u0105.<\/span><\/li>\n<li style=\"font-weight: 400;\" aria-level=\"1\"><span style=\"font-weight: 400;\">Sveikas \u017earnynas: Glutaminas padeda i\u0161laikyti \u017earnyno sieneli\u0173 sveikat\u0105.<\/span><\/li>\n<li style=\"font-weight: 400;\" aria-level=\"1\"><span style=\"font-weight: 400;\">Biologi\u0161kai prieinamos riebal\u0173 r\u016bg\u0161tys: Kokos\u0173 aliejus yra greitai \u012fsisavinamas ir suteikia organizmui biologi\u0161kai prieinamas riebal\u0173 r\u016bg\u0161tis.<\/span><\/li>\n<li style=\"font-weight: 400;\" aria-level=\"1\"><span style=\"font-weight: 400;\">Subalansuota mityba: Padidintas natrio ir kalio kiekis padeda atstatyti elektrolit\u0173 pusiausvyr\u0105 ir palaikyti tinkam\u0105 organizmo funkcij\u0105.<\/span><\/li>\n<\/ul>\n<p><span style=\"font-weight: 400;\">Idealus pasirinkimas \u0161unims, kurie turi jautri\u0105 vir\u0161kinimo sistem\u0105 arba ken\u010dia nuo egzokrinin\u0117s kasos nepakankamumo. Jo sud\u0117tyje esantys lengvai vir\u0161kinami ingredientai, prebiotikai ir imunoglobulinai padeda palaikyti sveik\u0105 vir\u0161kinimo sistem\u0105 ir u\u017etikrina tinkam\u0105 maistini\u0173 med\u017eiag\u0173 \u012fsisavinim\u0105.<\/span><\/p>\n","protected":false},"excerpt":{"rendered":"<p><span style=\"font-weight: 400;\">\u0160is visavertis dietinis \u0161un\u0173 maistas yra specialiai sukurtas \u0161uniukams ir suaugusiems \u0161unims, turintiems vir\u0161kinimo trakto problem\u0173. Pagamintas i\u0161 lengvai vir\u0161kinam\u0173 ingredient\u0173, jis padeda spr\u0119sti egzokrinin\u0117s kasos nepakankamumo problemas ir palengvina vir\u0161kinim\u0105.<\/span><\/p>\n","protected":false},"featured_media":16654,"template":"","meta":[],"product_brand":[],"product_cat":[101,103,316,107],"product_tag":[],"class_list":{"0":"post-10452","1":"product","2":"type-product","3":"status-publish","4":"has-post-thumbnail","6":"product_cat-sunims","7":"product_cat-sunu-maistas","8":"product_cat-advance-sunu-maistas","9":"product_cat-veterinarine-dieta","10":"pa_prekinis-zenklas-advance","12":"first","13":"instock","14":"taxable","15":"shipping-taxable","16":"purchasable","17":"product-type-variable"},"yoast_head":"<!-- This site is optimized with the Yoast SEO Premium plugin v27.1 (Yoast SEO v27.5) - https:\/\/yoast.com\/product\/yoast-seo-premium-wordpress\/ -->\n<title>Advance Gastroenteric Dog - anivet.lt<\/title>\n<meta name=\"description\" content=\"\u0160is visavertis dietinis \u0161un\u0173 maistas yra specialiai sukurtas \u0161uniukams ir suaugusiems \u0161unims, turintiems vir\u0161kinimo trakto problem\u0173. Pagamintas i\u0161 lengvai vir\u0161kinam\u0173 ingredient\u0173, jis padeda spr\u0119sti egzokrinin\u0117s kasos nepakankamumo problemas ir palengvina vir\u0161kinim\u0105.\" \/>\n<meta name=\"robots\" content=\"index, follow, max-snippet:-1, max-image-preview:large, max-video-preview:-1\" \/>\n<link rel=\"canonical\" href=\"https:\/\/anivet.lt\/elparduotuve\/produktas\/gastroenteric-dog\/\" \/>\n<meta property=\"og:locale\" content=\"lt_LT\" \/>\n<meta property=\"og:type\" content=\"article\" \/>\n<meta property=\"og:title\" content=\"Advance Gastroenteric Dog\" \/>\n<meta property=\"og:description\" content=\"\u0160is visavertis dietinis \u0161un\u0173 maistas yra specialiai sukurtas \u0161uniukams ir suaugusiems \u0161unims, turintiems vir\u0161kinimo trakto problem\u0173. Pagamintas i\u0161 lengvai vir\u0161kinam\u0173 ingredient\u0173, jis padeda spr\u0119sti egzokrinin\u0117s kasos nepakankamumo problemas ir palengvina vir\u0161kinim\u0105.\" \/>\n<meta property=\"og:url\" content=\"https:\/\/anivet.lt\/elparduotuve\/produktas\/gastroenteric-dog\/\" \/>\n<meta property=\"og:site_name\" content=\"anivet.lt\" \/>\n<meta property=\"article:modified_time\" content=\"2026-04-13T14:40:10+00:00\" \/>\n<meta property=\"og:image\" content=\"https:\/\/anivet.lt\/elparduotuve\/wp-content\/uploads\/2023\/07\/Gastroenteric-Dog.jpg\" \/>\n\t<meta property=\"og:image:width\" content=\"1000\" \/>\n\t<meta property=\"og:image:height\" content=\"1060\" \/>\n\t<meta property=\"og:image:type\" content=\"image\/jpeg\" \/>\n<meta name=\"twitter:card\" content=\"summary_large_image\" \/>\n<meta name=\"twitter:label1\" content=\"Est. reading time\" \/>\n\t<meta name=\"twitter:data1\" content=\"1 minut\u0117\" \/>\n<script type=\"application\/ld+json\" class=\"yoast-schema-graph\">{\"@context\":\"https:\\\/\\\/schema.org\",\"@graph\":[{\"@type\":\"WebPage\",\"@id\":\"https:\\\/\\\/anivet.lt\\\/elparduotuve\\\/produktas\\\/gastroenteric-dog\\\/\",\"url\":\"https:\\\/\\\/anivet.lt\\\/elparduotuve\\\/produktas\\\/gastroenteric-dog\\\/\",\"name\":\"Advance Gastroenteric Dog - anivet.lt\",\"isPartOf\":{\"@id\":\"https:\\\/\\\/anivet.lt\\\/elparduotuve\\\/#website\"},\"primaryImageOfPage\":{\"@id\":\"https:\\\/\\\/anivet.lt\\\/elparduotuve\\\/produktas\\\/gastroenteric-dog\\\/#primaryimage\"},\"image\":{\"@id\":\"https:\\\/\\\/anivet.lt\\\/elparduotuve\\\/produktas\\\/gastroenteric-dog\\\/#primaryimage\"},\"thumbnailUrl\":\"https:\\\/\\\/anivet.lt\\\/elparduotuve\\\/wp-content\\\/uploads\\\/2023\\\/07\\\/Gastroenteric-Dog.jpg\",\"datePublished\":\"2023-07-19T09:26:39+00:00\",\"dateModified\":\"2026-04-13T14:40:10+00:00\",\"description\":\"\u0160is visavertis dietinis \u0161un\u0173 maistas yra specialiai sukurtas \u0161uniukams ir suaugusiems \u0161unims, turintiems vir\u0161kinimo trakto problem\u0173. Pagamintas i\u0161 lengvai vir\u0161kinam\u0173 ingredient\u0173, jis padeda spr\u0119sti egzokrinin\u0117s kasos nepakankamumo problemas ir palengvina vir\u0161kinim\u0105.\",\"breadcrumb\":{\"@id\":\"https:\\\/\\\/anivet.lt\\\/elparduotuve\\\/produktas\\\/gastroenteric-dog\\\/#breadcrumb\"},\"inLanguage\":\"lt-LT\",\"potentialAction\":[{\"@type\":\"ReadAction\",\"target\":[\"https:\\\/\\\/anivet.lt\\\/elparduotuve\\\/produktas\\\/gastroenteric-dog\\\/\"]}]},{\"@type\":\"ImageObject\",\"inLanguage\":\"lt-LT\",\"@id\":\"https:\\\/\\\/anivet.lt\\\/elparduotuve\\\/produktas\\\/gastroenteric-dog\\\/#primaryimage\",\"url\":\"https:\\\/\\\/anivet.lt\\\/elparduotuve\\\/wp-content\\\/uploads\\\/2023\\\/07\\\/Gastroenteric-Dog.jpg\",\"contentUrl\":\"https:\\\/\\\/anivet.lt\\\/elparduotuve\\\/wp-content\\\/uploads\\\/2023\\\/07\\\/Gastroenteric-Dog.jpg\",\"width\":1000,\"height\":1060,\"caption\":\"Advance Gastroenteric Dog\"},{\"@type\":\"BreadcrumbList\",\"@id\":\"https:\\\/\\\/anivet.lt\\\/elparduotuve\\\/produktas\\\/gastroenteric-dog\\\/#breadcrumb\",\"itemListElement\":[{\"@type\":\"ListItem\",\"position\":1,\"name\":\"Home\",\"item\":\"https:\\\/\\\/anivet.lt\\\/elparduotuve\\\/\"},{\"@type\":\"ListItem\",\"position\":2,\"name\":\"Produktai\",\"item\":\"https:\\\/\\\/anivet.lt\\\/elparduotuve\\\/produktai\\\/\"},{\"@type\":\"ListItem\",\"position\":3,\"name\":\"Advance Gastroenteric Dog\"}]},{\"@type\":\"WebSite\",\"@id\":\"https:\\\/\\\/anivet.lt\\\/elparduotuve\\\/#website\",\"url\":\"https:\\\/\\\/anivet.lt\\\/elparduotuve\\\/\",\"name\":\"anivet.lt\",\"description\":\"Viskas J\u016bs\u0173 \u0161uns, kat\u0117s prie\u017ei\u016brai\",\"publisher\":{\"@id\":\"https:\\\/\\\/anivet.lt\\\/elparduotuve\\\/#organization\"},\"alternateName\":\"Viskas J\u016bs\u0173 \u0161uns, kat\u0117s prie\u017ei\u016brai\",\"potentialAction\":[{\"@type\":\"SearchAction\",\"target\":{\"@type\":\"EntryPoint\",\"urlTemplate\":\"https:\\\/\\\/anivet.lt\\\/elparduotuve\\\/?s={search_term_string}\"},\"query-input\":{\"@type\":\"PropertyValueSpecification\",\"valueRequired\":true,\"valueName\":\"search_term_string\"}}],\"inLanguage\":\"lt-LT\"},{\"@type\":\"Organization\",\"@id\":\"https:\\\/\\\/anivet.lt\\\/elparduotuve\\\/#organization\",\"name\":\"Viskas J\u016bs\u0173 \u0161uns, kat\u0117s prie\u017ei\u016brai\",\"url\":\"https:\\\/\\\/anivet.lt\\\/elparduotuve\\\/\",\"logo\":{\"@type\":\"ImageObject\",\"inLanguage\":\"lt-LT\",\"@id\":\"https:\\\/\\\/anivet.lt\\\/elparduotuve\\\/#\\\/schema\\\/logo\\\/image\\\/\",\"url\":\"https:\\\/\\\/anivet.lt\\\/elparduotuve\\\/wp-content\\\/uploads\\\/2023\\\/06\\\/logo2.jpg\",\"contentUrl\":\"https:\\\/\\\/anivet.lt\\\/elparduotuve\\\/wp-content\\\/uploads\\\/2023\\\/06\\\/logo2.jpg\",\"width\":655,\"height\":194,\"caption\":\"Viskas J\u016bs\u0173 \u0161uns, kat\u0117s prie\u017ei\u016brai\"},\"image\":{\"@id\":\"https:\\\/\\\/anivet.lt\\\/elparduotuve\\\/#\\\/schema\\\/logo\\\/image\\\/\"}}]}<\/script>\n<!-- \/ Yoast SEO Premium plugin. -->","yoast_head_json":{"title":"Advance Gastroenteric Dog - anivet.lt","description":"\u0160is visavertis dietinis \u0161un\u0173 maistas yra specialiai sukurtas \u0161uniukams ir suaugusiems \u0161unims, turintiems vir\u0161kinimo trakto problem\u0173. Pagamintas i\u0161 lengvai vir\u0161kinam\u0173 ingredient\u0173, jis padeda spr\u0119sti egzokrinin\u0117s kasos nepakankamumo problemas ir palengvina vir\u0161kinim\u0105.","robots":{"index":"index","follow":"follow","max-snippet":"max-snippet:-1","max-image-preview":"max-image-preview:large","max-video-preview":"max-video-preview:-1"},"canonical":"https:\/\/anivet.lt\/elparduotuve\/produktas\/gastroenteric-dog\/","og_locale":"lt_LT","og_type":"article","og_title":"Advance Gastroenteric Dog","og_description":"\u0160is visavertis dietinis \u0161un\u0173 maistas yra specialiai sukurtas \u0161uniukams ir suaugusiems \u0161unims, turintiems vir\u0161kinimo trakto problem\u0173. Pagamintas i\u0161 lengvai vir\u0161kinam\u0173 ingredient\u0173, jis padeda spr\u0119sti egzokrinin\u0117s kasos nepakankamumo problemas ir palengvina vir\u0161kinim\u0105.","og_url":"https:\/\/anivet.lt\/elparduotuve\/produktas\/gastroenteric-dog\/","og_site_name":"anivet.lt","article_modified_time":"2026-04-13T14:40:10+00:00","og_image":[{"width":1000,"height":1060,"url":"https:\/\/anivet.lt\/elparduotuve\/wp-content\/uploads\/2023\/07\/Gastroenteric-Dog.jpg","type":"image\/jpeg"}],"twitter_card":"summary_large_image","twitter_misc":{"Est. reading time":"1 minut\u0117"},"schema":{"@context":"https:\/\/schema.org","@graph":[{"@type":"WebPage","@id":"https:\/\/anivet.lt\/elparduotuve\/produktas\/gastroenteric-dog\/","url":"https:\/\/anivet.lt\/elparduotuve\/produktas\/gastroenteric-dog\/","name":"Advance Gastroenteric Dog - anivet.lt","isPartOf":{"@id":"https:\/\/anivet.lt\/elparduotuve\/#website"},"primaryImageOfPage":{"@id":"https:\/\/anivet.lt\/elparduotuve\/produktas\/gastroenteric-dog\/#primaryimage"},"image":{"@id":"https:\/\/anivet.lt\/elparduotuve\/produktas\/gastroenteric-dog\/#primaryimage"},"thumbnailUrl":"https:\/\/anivet.lt\/elparduotuve\/wp-content\/uploads\/2023\/07\/Gastroenteric-Dog.jpg","datePublished":"2023-07-19T09:26:39+00:00","dateModified":"2026-04-13T14:40:10+00:00","description":"\u0160is visavertis dietinis \u0161un\u0173 maistas yra specialiai sukurtas \u0161uniukams ir suaugusiems \u0161unims, turintiems vir\u0161kinimo trakto problem\u0173. Pagamintas i\u0161 lengvai vir\u0161kinam\u0173 ingredient\u0173, jis padeda spr\u0119sti egzokrinin\u0117s kasos nepakankamumo problemas ir palengvina vir\u0161kinim\u0105.","breadcrumb":{"@id":"https:\/\/anivet.lt\/elparduotuve\/produktas\/gastroenteric-dog\/#breadcrumb"},"inLanguage":"lt-LT","potentialAction":[{"@type":"ReadAction","target":["https:\/\/anivet.lt\/elparduotuve\/produktas\/gastroenteric-dog\/"]}]},{"@type":"ImageObject","inLanguage":"lt-LT","@id":"https:\/\/anivet.lt\/elparduotuve\/produktas\/gastroenteric-dog\/#primaryimage","url":"https:\/\/anivet.lt\/elparduotuve\/wp-content\/uploads\/2023\/07\/Gastroenteric-Dog.jpg","contentUrl":"https:\/\/anivet.lt\/elparduotuve\/wp-content\/uploads\/2023\/07\/Gastroenteric-Dog.jpg","width":1000,"height":1060,"caption":"Advance Gastroenteric Dog"},{"@type":"BreadcrumbList","@id":"https:\/\/anivet.lt\/elparduotuve\/produktas\/gastroenteric-dog\/#breadcrumb","itemListElement":[{"@type":"ListItem","position":1,"name":"Home","item":"https:\/\/anivet.lt\/elparduotuve\/"},{"@type":"ListItem","position":2,"name":"Produktai","item":"https:\/\/anivet.lt\/elparduotuve\/produktai\/"},{"@type":"ListItem","position":3,"name":"Advance Gastroenteric Dog"}]},{"@type":"WebSite","@id":"https:\/\/anivet.lt\/elparduotuve\/#website","url":"https:\/\/anivet.lt\/elparduotuve\/","name":"anivet.lt","description":"Viskas J\u016bs\u0173 \u0161uns, kat\u0117s prie\u017ei\u016brai","publisher":{"@id":"https:\/\/anivet.lt\/elparduotuve\/#organization"},"alternateName":"Viskas J\u016bs\u0173 \u0161uns, kat\u0117s prie\u017ei\u016brai","potentialAction":[{"@type":"SearchAction","target":{"@type":"EntryPoint","urlTemplate":"https:\/\/anivet.lt\/elparduotuve\/?s={search_term_string}"},"query-input":{"@type":"PropertyValueSpecification","valueRequired":true,"valueName":"search_term_string"}}],"inLanguage":"lt-LT"},{"@type":"Organization","@id":"https:\/\/anivet.lt\/elparduotuve\/#organization","name":"Viskas J\u016bs\u0173 \u0161uns, kat\u0117s prie\u017ei\u016brai","url":"https:\/\/anivet.lt\/elparduotuve\/","logo":{"@type":"ImageObject","inLanguage":"lt-LT","@id":"https:\/\/anivet.lt\/elparduotuve\/#\/schema\/logo\/image\/","url":"https:\/\/anivet.lt\/elparduotuve\/wp-content\/uploads\/2023\/06\/logo2.jpg","contentUrl":"https:\/\/anivet.lt\/elparduotuve\/wp-content\/uploads\/2023\/06\/logo2.jpg","width":655,"height":194,"caption":"Viskas J\u016bs\u0173 \u0161uns, kat\u0117s prie\u017ei\u016brai"},"image":{"@id":"https:\/\/anivet.lt\/elparduotuve\/#\/schema\/logo\/image\/"}}]}},"_links":{"self":[{"href":"https:\/\/anivet.lt\/elparduotuve\/wp-json\/wp\/v2\/product\/10452","targetHints":{"allow":["GET"]}}],"collection":[{"href":"https:\/\/anivet.lt\/elparduotuve\/wp-json\/wp\/v2\/product"}],"about":[{"href":"https:\/\/anivet.lt\/elparduotuve\/wp-json\/wp\/v2\/types\/product"}],"wp:featuredmedia":[{"embeddable":true,"href":"https:\/\/anivet.lt\/elparduotuve\/wp-json\/wp\/v2\/media\/16654"}],"wp:attachment":[{"href":"https:\/\/anivet.lt\/elparduotuve\/wp-json\/wp\/v2\/media?parent=10452"}],"wp:term":[{"taxonomy":"product_brand","embeddable":true,"href":"https:\/\/anivet.lt\/elparduotuve\/wp-json\/wp\/v2\/product_brand?post=10452"},{"taxonomy":"product_cat","embeddable":true,"href":"https:\/\/anivet.lt\/elparduotuve\/wp-json\/wp\/v2\/product_cat?post=10452"},{"taxonomy":"product_tag","embeddable":true,"href":"https:\/\/anivet.lt\/elparduotuve\/wp-json\/wp\/v2\/product_tag?post=10452"}],"curies":[{"name":"wp","href":"https:\/\/api.w.org\/{rel}","templated":true}]}}