{"id":10457,"date":"2023-07-19T12:19:51","date_gmt":"2023-07-19T12:19:51","guid":{"rendered":"https:\/\/anivet.lt\/elparduotuve\/?post_type=product&#038;p=10457"},"modified":"2026-04-13T14:38:37","modified_gmt":"2026-04-13T14:38:37","slug":"hypoallergenic-dog","status":"publish","type":"product","link":"https:\/\/anivet.lt\/elparduotuve\/produktas\/hypoallergenic-dog\/","title":{"rendered":"Advance Hypoallergenic dog"},"content":{"rendered":"<ul>\n<li style=\"font-weight: 400;\" aria-level=\"1\"><span style=\"font-weight: 400;\">Vienas baltym\u0173 \u0161altinis: Hidrolizuoti sojos baltymai su ma\u017ea molekulin\u0117 mase.<\/span><\/li>\n<li style=\"font-weight: 400;\" aria-level=\"1\"><span style=\"font-weight: 400;\">Vienas angliavandeni\u0173 \u0161altinis: I\u0161grynintas dar\u017eovi\u0173 krakmolas.<\/span><\/li>\n<li style=\"font-weight: 400;\" aria-level=\"1\"><span style=\"font-weight: 400;\">Lengvai vir\u0161kinamas: Skirtas jautri\u0105 vir\u0161kinimo sistem\u0105 turintiems \u0161unims.<\/span><\/li>\n<li style=\"font-weight: 400;\" aria-level=\"1\"><span style=\"font-weight: 400;\">Tinka eliminacin\u0117ms dietoms: Padeda nustatyti ir suma\u017einti alergijas ar netoleravimo reakcijas.<\/span><\/li>\n<li style=\"font-weight: 400;\" aria-level=\"1\"><span style=\"font-weight: 400;\">Praturtintas riebal\u0173 r\u016bg\u0161timis: Kokos\u0173 aliejus (3%) ir raps\u0173 aliejus stiprina odos ir kailio b\u016bkl\u0119.<\/span><\/li>\n<\/ul>\n<p><span style=\"font-weight: 400;\">\u201eAdvance Hypoallergenic\u201d pa\u0161aras yra puikus pasirinkimas \u0161unims, kuriems sunku toleruoti \u012fprastus pa\u0161arus d\u0117l alergij\u0173 ar nepageidaujam\u0173 reakcij\u0173. \u0160is dietinis sprendimas ne tik padeda suma\u017einti alerginius simptomus, bet ir u\u017etikrina subalansuot\u0105 mityb\u0105 su visomis b\u016btinomis maistin\u0117mis med\u017eiagomis. <\/span><\/p>\n","protected":false},"excerpt":{"rendered":"<p><span style=\"font-weight: 400;\">Pa\u0161aras, skirtas \u0161uniukams ir suaugusiems \u0161unims, turintiems alergij\u0173 arba maisto netoleravim\u0105. Sukurtas remiantis vieno baltymo ir vieno angliavandeni\u0173 \u0161altinio koncepcija, u\u017etikrinant auk\u0161t\u0105 tolerancij\u0105 bei suma\u017einant alergini\u0173 reakcij\u0173 rizik\u0105.<\/span><\/p>\n","protected":false},"featured_media":10460,"template":"","meta":[],"product_brand":[],"product_cat":[101,103,316,107],"product_tag":[],"class_list":{"0":"post-10457","1":"product","2":"type-product","3":"status-publish","4":"has-post-thumbnail","6":"product_cat-sunims","7":"product_cat-sunu-maistas","8":"product_cat-advance-sunu-maistas","9":"product_cat-veterinarine-dieta","10":"pa_prekinis-zenklas-advance","12":"first","13":"instock","14":"taxable","15":"shipping-taxable","16":"purchasable","17":"product-type-variable"},"yoast_head":"<!-- This site is optimized with the Yoast SEO Premium plugin v27.1 (Yoast SEO v27.5) - https:\/\/yoast.com\/product\/yoast-seo-premium-wordpress\/ -->\n<title>Advance Hypoallergenic dog - anivet.lt<\/title>\n<meta name=\"description\" content=\"Pa\u0161aras, skirtas \u0161uniukams ir suaugusiems \u0161unims, turintiems alergij\u0173 arba maisto netoleravim\u0105. Sukurtas remiantis vieno baltymo ir vieno angliavandeni\u0173 \u0161altinio koncepcija, u\u017etikrinant auk\u0161t\u0105 tolerancij\u0105 bei suma\u017einant alergini\u0173 reakcij\u0173 rizik\u0105.\" \/>\n<meta name=\"robots\" content=\"index, follow, max-snippet:-1, max-image-preview:large, max-video-preview:-1\" \/>\n<link rel=\"canonical\" href=\"https:\/\/anivet.lt\/elparduotuve\/produktas\/hypoallergenic-dog\/\" \/>\n<meta property=\"og:locale\" content=\"lt_LT\" \/>\n<meta property=\"og:type\" content=\"article\" \/>\n<meta property=\"og:title\" content=\"Advance Hypoallergenic dog\" \/>\n<meta property=\"og:description\" content=\"Pa\u0161aras, skirtas \u0161uniukams ir suaugusiems \u0161unims, turintiems alergij\u0173 arba maisto netoleravim\u0105. Sukurtas remiantis vieno baltymo ir vieno angliavandeni\u0173 \u0161altinio koncepcija, u\u017etikrinant auk\u0161t\u0105 tolerancij\u0105 bei suma\u017einant alergini\u0173 reakcij\u0173 rizik\u0105.\" \/>\n<meta property=\"og:url\" content=\"https:\/\/anivet.lt\/elparduotuve\/produktas\/hypoallergenic-dog\/\" \/>\n<meta property=\"og:site_name\" content=\"anivet.lt\" \/>\n<meta property=\"article:modified_time\" content=\"2026-04-13T14:38:37+00:00\" \/>\n<meta property=\"og:image\" content=\"https:\/\/anivet.lt\/elparduotuve\/wp-content\/uploads\/2023\/07\/Hypoallergenic-dog-25-kg-scaled.jpg\" \/>\n\t<meta property=\"og:image:width\" content=\"2560\" \/>\n\t<meta property=\"og:image:height\" content=\"2560\" \/>\n\t<meta property=\"og:image:type\" content=\"image\/jpeg\" \/>\n<meta name=\"twitter:card\" content=\"summary_large_image\" \/>\n<meta name=\"twitter:label1\" content=\"Est. reading time\" \/>\n\t<meta name=\"twitter:data1\" content=\"1 minut\u0117\" \/>\n<script type=\"application\/ld+json\" class=\"yoast-schema-graph\">{\"@context\":\"https:\\\/\\\/schema.org\",\"@graph\":[{\"@type\":\"WebPage\",\"@id\":\"https:\\\/\\\/anivet.lt\\\/elparduotuve\\\/produktas\\\/hypoallergenic-dog\\\/\",\"url\":\"https:\\\/\\\/anivet.lt\\\/elparduotuve\\\/produktas\\\/hypoallergenic-dog\\\/\",\"name\":\"Advance Hypoallergenic dog - anivet.lt\",\"isPartOf\":{\"@id\":\"https:\\\/\\\/anivet.lt\\\/elparduotuve\\\/#website\"},\"primaryImageOfPage\":{\"@id\":\"https:\\\/\\\/anivet.lt\\\/elparduotuve\\\/produktas\\\/hypoallergenic-dog\\\/#primaryimage\"},\"image\":{\"@id\":\"https:\\\/\\\/anivet.lt\\\/elparduotuve\\\/produktas\\\/hypoallergenic-dog\\\/#primaryimage\"},\"thumbnailUrl\":\"https:\\\/\\\/anivet.lt\\\/elparduotuve\\\/wp-content\\\/uploads\\\/2023\\\/07\\\/Hypoallergenic-dog-25-kg-scaled.jpg\",\"datePublished\":\"2023-07-19T12:19:51+00:00\",\"dateModified\":\"2026-04-13T14:38:37+00:00\",\"description\":\"Pa\u0161aras, skirtas \u0161uniukams ir suaugusiems \u0161unims, turintiems alergij\u0173 arba maisto netoleravim\u0105. Sukurtas remiantis vieno baltymo ir vieno angliavandeni\u0173 \u0161altinio koncepcija, u\u017etikrinant auk\u0161t\u0105 tolerancij\u0105 bei suma\u017einant alergini\u0173 reakcij\u0173 rizik\u0105.\",\"breadcrumb\":{\"@id\":\"https:\\\/\\\/anivet.lt\\\/elparduotuve\\\/produktas\\\/hypoallergenic-dog\\\/#breadcrumb\"},\"inLanguage\":\"lt-LT\",\"potentialAction\":[{\"@type\":\"ReadAction\",\"target\":[\"https:\\\/\\\/anivet.lt\\\/elparduotuve\\\/produktas\\\/hypoallergenic-dog\\\/\"]}]},{\"@type\":\"ImageObject\",\"inLanguage\":\"lt-LT\",\"@id\":\"https:\\\/\\\/anivet.lt\\\/elparduotuve\\\/produktas\\\/hypoallergenic-dog\\\/#primaryimage\",\"url\":\"https:\\\/\\\/anivet.lt\\\/elparduotuve\\\/wp-content\\\/uploads\\\/2023\\\/07\\\/Hypoallergenic-dog-25-kg-scaled.jpg\",\"contentUrl\":\"https:\\\/\\\/anivet.lt\\\/elparduotuve\\\/wp-content\\\/uploads\\\/2023\\\/07\\\/Hypoallergenic-dog-25-kg-scaled.jpg\",\"width\":2560,\"height\":2560,\"caption\":\"Advance Hypoallergenic dog - 2,5kg.\"},{\"@type\":\"BreadcrumbList\",\"@id\":\"https:\\\/\\\/anivet.lt\\\/elparduotuve\\\/produktas\\\/hypoallergenic-dog\\\/#breadcrumb\",\"itemListElement\":[{\"@type\":\"ListItem\",\"position\":1,\"name\":\"Home\",\"item\":\"https:\\\/\\\/anivet.lt\\\/elparduotuve\\\/\"},{\"@type\":\"ListItem\",\"position\":2,\"name\":\"Produktai\",\"item\":\"https:\\\/\\\/anivet.lt\\\/elparduotuve\\\/produktai\\\/\"},{\"@type\":\"ListItem\",\"position\":3,\"name\":\"Advance Hypoallergenic dog\"}]},{\"@type\":\"WebSite\",\"@id\":\"https:\\\/\\\/anivet.lt\\\/elparduotuve\\\/#website\",\"url\":\"https:\\\/\\\/anivet.lt\\\/elparduotuve\\\/\",\"name\":\"anivet.lt\",\"description\":\"Viskas J\u016bs\u0173 \u0161uns, kat\u0117s prie\u017ei\u016brai\",\"publisher\":{\"@id\":\"https:\\\/\\\/anivet.lt\\\/elparduotuve\\\/#organization\"},\"alternateName\":\"Viskas J\u016bs\u0173 \u0161uns, kat\u0117s prie\u017ei\u016brai\",\"potentialAction\":[{\"@type\":\"SearchAction\",\"target\":{\"@type\":\"EntryPoint\",\"urlTemplate\":\"https:\\\/\\\/anivet.lt\\\/elparduotuve\\\/?s={search_term_string}\"},\"query-input\":{\"@type\":\"PropertyValueSpecification\",\"valueRequired\":true,\"valueName\":\"search_term_string\"}}],\"inLanguage\":\"lt-LT\"},{\"@type\":\"Organization\",\"@id\":\"https:\\\/\\\/anivet.lt\\\/elparduotuve\\\/#organization\",\"name\":\"Viskas J\u016bs\u0173 \u0161uns, kat\u0117s prie\u017ei\u016brai\",\"url\":\"https:\\\/\\\/anivet.lt\\\/elparduotuve\\\/\",\"logo\":{\"@type\":\"ImageObject\",\"inLanguage\":\"lt-LT\",\"@id\":\"https:\\\/\\\/anivet.lt\\\/elparduotuve\\\/#\\\/schema\\\/logo\\\/image\\\/\",\"url\":\"https:\\\/\\\/anivet.lt\\\/elparduotuve\\\/wp-content\\\/uploads\\\/2023\\\/06\\\/logo2.jpg\",\"contentUrl\":\"https:\\\/\\\/anivet.lt\\\/elparduotuve\\\/wp-content\\\/uploads\\\/2023\\\/06\\\/logo2.jpg\",\"width\":655,\"height\":194,\"caption\":\"Viskas J\u016bs\u0173 \u0161uns, kat\u0117s prie\u017ei\u016brai\"},\"image\":{\"@id\":\"https:\\\/\\\/anivet.lt\\\/elparduotuve\\\/#\\\/schema\\\/logo\\\/image\\\/\"}}]}<\/script>\n<!-- \/ Yoast SEO Premium plugin. -->","yoast_head_json":{"title":"Advance Hypoallergenic dog - anivet.lt","description":"Pa\u0161aras, skirtas \u0161uniukams ir suaugusiems \u0161unims, turintiems alergij\u0173 arba maisto netoleravim\u0105. Sukurtas remiantis vieno baltymo ir vieno angliavandeni\u0173 \u0161altinio koncepcija, u\u017etikrinant auk\u0161t\u0105 tolerancij\u0105 bei suma\u017einant alergini\u0173 reakcij\u0173 rizik\u0105.","robots":{"index":"index","follow":"follow","max-snippet":"max-snippet:-1","max-image-preview":"max-image-preview:large","max-video-preview":"max-video-preview:-1"},"canonical":"https:\/\/anivet.lt\/elparduotuve\/produktas\/hypoallergenic-dog\/","og_locale":"lt_LT","og_type":"article","og_title":"Advance Hypoallergenic dog","og_description":"Pa\u0161aras, skirtas \u0161uniukams ir suaugusiems \u0161unims, turintiems alergij\u0173 arba maisto netoleravim\u0105. Sukurtas remiantis vieno baltymo ir vieno angliavandeni\u0173 \u0161altinio koncepcija, u\u017etikrinant auk\u0161t\u0105 tolerancij\u0105 bei suma\u017einant alergini\u0173 reakcij\u0173 rizik\u0105.","og_url":"https:\/\/anivet.lt\/elparduotuve\/produktas\/hypoallergenic-dog\/","og_site_name":"anivet.lt","article_modified_time":"2026-04-13T14:38:37+00:00","og_image":[{"width":2560,"height":2560,"url":"https:\/\/anivet.lt\/elparduotuve\/wp-content\/uploads\/2023\/07\/Hypoallergenic-dog-25-kg-scaled.jpg","type":"image\/jpeg"}],"twitter_card":"summary_large_image","twitter_misc":{"Est. reading time":"1 minut\u0117"},"schema":{"@context":"https:\/\/schema.org","@graph":[{"@type":"WebPage","@id":"https:\/\/anivet.lt\/elparduotuve\/produktas\/hypoallergenic-dog\/","url":"https:\/\/anivet.lt\/elparduotuve\/produktas\/hypoallergenic-dog\/","name":"Advance Hypoallergenic dog - anivet.lt","isPartOf":{"@id":"https:\/\/anivet.lt\/elparduotuve\/#website"},"primaryImageOfPage":{"@id":"https:\/\/anivet.lt\/elparduotuve\/produktas\/hypoallergenic-dog\/#primaryimage"},"image":{"@id":"https:\/\/anivet.lt\/elparduotuve\/produktas\/hypoallergenic-dog\/#primaryimage"},"thumbnailUrl":"https:\/\/anivet.lt\/elparduotuve\/wp-content\/uploads\/2023\/07\/Hypoallergenic-dog-25-kg-scaled.jpg","datePublished":"2023-07-19T12:19:51+00:00","dateModified":"2026-04-13T14:38:37+00:00","description":"Pa\u0161aras, skirtas \u0161uniukams ir suaugusiems \u0161unims, turintiems alergij\u0173 arba maisto netoleravim\u0105. Sukurtas remiantis vieno baltymo ir vieno angliavandeni\u0173 \u0161altinio koncepcija, u\u017etikrinant auk\u0161t\u0105 tolerancij\u0105 bei suma\u017einant alergini\u0173 reakcij\u0173 rizik\u0105.","breadcrumb":{"@id":"https:\/\/anivet.lt\/elparduotuve\/produktas\/hypoallergenic-dog\/#breadcrumb"},"inLanguage":"lt-LT","potentialAction":[{"@type":"ReadAction","target":["https:\/\/anivet.lt\/elparduotuve\/produktas\/hypoallergenic-dog\/"]}]},{"@type":"ImageObject","inLanguage":"lt-LT","@id":"https:\/\/anivet.lt\/elparduotuve\/produktas\/hypoallergenic-dog\/#primaryimage","url":"https:\/\/anivet.lt\/elparduotuve\/wp-content\/uploads\/2023\/07\/Hypoallergenic-dog-25-kg-scaled.jpg","contentUrl":"https:\/\/anivet.lt\/elparduotuve\/wp-content\/uploads\/2023\/07\/Hypoallergenic-dog-25-kg-scaled.jpg","width":2560,"height":2560,"caption":"Advance Hypoallergenic dog - 2,5kg."},{"@type":"BreadcrumbList","@id":"https:\/\/anivet.lt\/elparduotuve\/produktas\/hypoallergenic-dog\/#breadcrumb","itemListElement":[{"@type":"ListItem","position":1,"name":"Home","item":"https:\/\/anivet.lt\/elparduotuve\/"},{"@type":"ListItem","position":2,"name":"Produktai","item":"https:\/\/anivet.lt\/elparduotuve\/produktai\/"},{"@type":"ListItem","position":3,"name":"Advance Hypoallergenic dog"}]},{"@type":"WebSite","@id":"https:\/\/anivet.lt\/elparduotuve\/#website","url":"https:\/\/anivet.lt\/elparduotuve\/","name":"anivet.lt","description":"Viskas J\u016bs\u0173 \u0161uns, kat\u0117s prie\u017ei\u016brai","publisher":{"@id":"https:\/\/anivet.lt\/elparduotuve\/#organization"},"alternateName":"Viskas J\u016bs\u0173 \u0161uns, kat\u0117s prie\u017ei\u016brai","potentialAction":[{"@type":"SearchAction","target":{"@type":"EntryPoint","urlTemplate":"https:\/\/anivet.lt\/elparduotuve\/?s={search_term_string}"},"query-input":{"@type":"PropertyValueSpecification","valueRequired":true,"valueName":"search_term_string"}}],"inLanguage":"lt-LT"},{"@type":"Organization","@id":"https:\/\/anivet.lt\/elparduotuve\/#organization","name":"Viskas J\u016bs\u0173 \u0161uns, kat\u0117s prie\u017ei\u016brai","url":"https:\/\/anivet.lt\/elparduotuve\/","logo":{"@type":"ImageObject","inLanguage":"lt-LT","@id":"https:\/\/anivet.lt\/elparduotuve\/#\/schema\/logo\/image\/","url":"https:\/\/anivet.lt\/elparduotuve\/wp-content\/uploads\/2023\/06\/logo2.jpg","contentUrl":"https:\/\/anivet.lt\/elparduotuve\/wp-content\/uploads\/2023\/06\/logo2.jpg","width":655,"height":194,"caption":"Viskas J\u016bs\u0173 \u0161uns, kat\u0117s prie\u017ei\u016brai"},"image":{"@id":"https:\/\/anivet.lt\/elparduotuve\/#\/schema\/logo\/image\/"}}]}},"_links":{"self":[{"href":"https:\/\/anivet.lt\/elparduotuve\/wp-json\/wp\/v2\/product\/10457","targetHints":{"allow":["GET"]}}],"collection":[{"href":"https:\/\/anivet.lt\/elparduotuve\/wp-json\/wp\/v2\/product"}],"about":[{"href":"https:\/\/anivet.lt\/elparduotuve\/wp-json\/wp\/v2\/types\/product"}],"wp:featuredmedia":[{"embeddable":true,"href":"https:\/\/anivet.lt\/elparduotuve\/wp-json\/wp\/v2\/media\/10460"}],"wp:attachment":[{"href":"https:\/\/anivet.lt\/elparduotuve\/wp-json\/wp\/v2\/media?parent=10457"}],"wp:term":[{"taxonomy":"product_brand","embeddable":true,"href":"https:\/\/anivet.lt\/elparduotuve\/wp-json\/wp\/v2\/product_brand?post=10457"},{"taxonomy":"product_cat","embeddable":true,"href":"https:\/\/anivet.lt\/elparduotuve\/wp-json\/wp\/v2\/product_cat?post=10457"},{"taxonomy":"product_tag","embeddable":true,"href":"https:\/\/anivet.lt\/elparduotuve\/wp-json\/wp\/v2\/product_tag?post=10457"}],"curies":[{"name":"wp","href":"https:\/\/api.w.org\/{rel}","templated":true}]}}