{"id":10494,"date":"2023-07-22T17:12:22","date_gmt":"2023-07-22T17:12:22","guid":{"rendered":"https:\/\/anivet.lt\/elparduotuve\/?post_type=product&#038;p=10494"},"modified":"2026-01-01T19:22:19","modified_gmt":"2026-01-01T19:22:19","slug":"exclusion-mediterraneo-konservai-sunims-su-kalakutiena","status":"publish","type":"product","link":"https:\/\/anivet.lt\/elparduotuve\/produktas\/exclusion-mediterraneo-konservai-sunims-su-kalakutiena\/","title":{"rendered":"Exclusion Mediterraneo konservai \u0161unims su kalakutiena"},"content":{"rendered":"<ul>\n<li style=\"font-weight: 400;\" aria-level=\"1\"><span style=\"font-weight: 400;\">Vienas baltym\u0173 \u0161altinis: Kalakutiena u\u017etikrina auk\u0161t\u0105 maistin\u0119 vert\u0119 ir tinka jautriems \u0161unims.<\/span><\/li>\n<li style=\"font-weight: 400;\" aria-level=\"1\"><span style=\"font-weight: 400;\">Papildytas supermaistu: Sud\u0117tyje yra alyvuogi\u0173 aliejus, kanap\u0117s, pomidorai, brokoliai ir granatai, kurie praturtina diet\u0105 antioksidantais ir vitaminais.<\/span><\/li>\n<li style=\"font-weight: 400;\" aria-level=\"1\"><span style=\"font-weight: 400;\">S\u0105nari\u0173 palaikymas: Papildytas gliukozaminu ir chondroitinu, kurie padeda palaikyti sveikus s\u0105narius.<\/span><\/li>\n<li style=\"font-weight: 400;\" aria-level=\"1\"><span style=\"font-weight: 400;\">Sveika oda ir kailis: Praturtintas judr\u0173 aliejumi, kuris prisideda prie kailio blizgesio ir odos sveikatos.<\/span><\/li>\n<li style=\"font-weight: 400;\" aria-level=\"1\"><span style=\"font-weight: 400;\">Nedidelis ingredient\u0173 kiekis: Lengvai vir\u0161kinamas receptas, be kvie\u010di\u0173, kukur\u016bz\u0173, sojos ir vi\u0161tienos riebal\u0173.<\/span><\/li>\n<\/ul>\n<p><span style=\"font-weight: 400;\">Tai daugiau nei tik \u0161lapias maistas \u2013 tai subalansuota mityba, prisitaikanti prie j\u016bs\u0173 \u0161uns poreiki\u0173. \u0160i\u0173 konserv\u0173 sud\u0117tyje esantys Vidur\u017eemio j\u016bros supermaisto ingredientai u\u017etikrina ne tik ger\u0105 skon\u012f, bet ir nauding\u0173 med\u017eiag\u0173 \u0161altin\u012f. <\/span><\/p>\n","protected":false},"excerpt":{"rendered":"<p><span style=\"font-weight: 400;\">\u0160ie konservai yra idealus pasirinkimas suaugusiems vis\u0173 veisli\u0173 \u0161unims. Juose naudojami tik kokybi\u0161ki ir nat\u016bral\u016bs ingredientai, \u012fkv\u0117pti Vidur\u017eemio j\u016bros regiono tradicij\u0173. Pagrindinis baltym\u0173 \u0161altinis \u2013 kalakutiena, o receptas papildytas Vidur\u017eemio j\u016bros supermaisto ingredientais, kurie suteikia papildom\u0173 maistini\u0173 med\u017eiag\u0173.<\/span><\/p>\n","protected":false},"featured_media":10495,"template":"","meta":[],"product_brand":[],"product_cat":[101,103,105,317],"product_tag":[],"class_list":{"0":"post-10494","1":"product","2":"type-product","3":"status-publish","4":"has-post-thumbnail","6":"product_cat-sunims","7":"product_cat-sunu-maistas","8":"product_cat-konservai","9":"product_cat-exclusion-sunu-maistas","10":"pa_prekinis-zenklas-exclusion","12":"first","13":"instock","14":"sale","15":"taxable","16":"shipping-taxable","17":"purchasable","18":"product-type-simple"},"yoast_head":"<!-- This site is optimized with the Yoast SEO Premium plugin v27.1 (Yoast SEO v27.5) - https:\/\/yoast.com\/product\/yoast-seo-premium-wordpress\/ -->\n<title>Exclusion Mediterraneo konservai \u0161unims su kalakutiena - anivet.lt<\/title>\n<meta name=\"description\" content=\"\u0160ie konservai yra idealus pasirinkimas suaugusiems vis\u0173 veisli\u0173 \u0161unims. Juose naudojami tik kokybi\u0161ki ir nat\u016bral\u016bs ingredientai, \u012fkv\u0117pti Vidur\u017eemio j\u016bros regiono tradicij\u0173. Pagrindinis baltym\u0173 \u0161altinis \u2013 kalakutiena, o receptas papildytas Vidur\u017eemio j\u016bros supermaisto ingredientais, kurie suteikia papildom\u0173 maistini\u0173 med\u017eiag\u0173.\" \/>\n<meta name=\"robots\" content=\"index, follow, max-snippet:-1, max-image-preview:large, max-video-preview:-1\" \/>\n<link rel=\"canonical\" href=\"https:\/\/anivet.lt\/elparduotuve\/produktas\/exclusion-mediterraneo-konservai-sunims-su-kalakutiena\/\" \/>\n<meta property=\"og:locale\" content=\"lt_LT\" \/>\n<meta property=\"og:type\" content=\"article\" \/>\n<meta property=\"og:title\" content=\"Exclusion Mediterraneo konservai \u0161unims su kalakutiena\" \/>\n<meta property=\"og:description\" content=\"\u0160ie konservai yra idealus pasirinkimas suaugusiems vis\u0173 veisli\u0173 \u0161unims. Juose naudojami tik kokybi\u0161ki ir nat\u016bral\u016bs ingredientai, \u012fkv\u0117pti Vidur\u017eemio j\u016bros regiono tradicij\u0173. Pagrindinis baltym\u0173 \u0161altinis \u2013 kalakutiena, o receptas papildytas Vidur\u017eemio j\u016bros supermaisto ingredientais, kurie suteikia papildom\u0173 maistini\u0173 med\u017eiag\u0173.\" \/>\n<meta property=\"og:url\" content=\"https:\/\/anivet.lt\/elparduotuve\/produktas\/exclusion-mediterraneo-konservai-sunims-su-kalakutiena\/\" \/>\n<meta property=\"og:site_name\" content=\"anivet.lt\" \/>\n<meta property=\"article:modified_time\" content=\"2026-01-01T19:22:19+00:00\" \/>\n<meta property=\"og:image\" content=\"https:\/\/anivet.lt\/elparduotuve\/wp-content\/uploads\/2023\/07\/Exclusion-Mediterraneo-sunu-konservai-su-kalakutiena.png\" \/>\n\t<meta property=\"og:image:width\" content=\"600\" \/>\n\t<meta property=\"og:image:height\" content=\"600\" \/>\n\t<meta property=\"og:image:type\" content=\"image\/png\" \/>\n<meta name=\"twitter:card\" content=\"summary_large_image\" \/>\n<meta name=\"twitter:label1\" content=\"Est. reading time\" \/>\n\t<meta name=\"twitter:data1\" content=\"1 minut\u0117\" \/>\n<script type=\"application\/ld+json\" class=\"yoast-schema-graph\">{\"@context\":\"https:\\\/\\\/schema.org\",\"@graph\":[{\"@type\":\"WebPage\",\"@id\":\"https:\\\/\\\/anivet.lt\\\/elparduotuve\\\/produktas\\\/exclusion-mediterraneo-konservai-sunims-su-kalakutiena\\\/\",\"url\":\"https:\\\/\\\/anivet.lt\\\/elparduotuve\\\/produktas\\\/exclusion-mediterraneo-konservai-sunims-su-kalakutiena\\\/\",\"name\":\"Exclusion Mediterraneo konservai \u0161unims su kalakutiena - anivet.lt\",\"isPartOf\":{\"@id\":\"https:\\\/\\\/anivet.lt\\\/elparduotuve\\\/#website\"},\"primaryImageOfPage\":{\"@id\":\"https:\\\/\\\/anivet.lt\\\/elparduotuve\\\/produktas\\\/exclusion-mediterraneo-konservai-sunims-su-kalakutiena\\\/#primaryimage\"},\"image\":{\"@id\":\"https:\\\/\\\/anivet.lt\\\/elparduotuve\\\/produktas\\\/exclusion-mediterraneo-konservai-sunims-su-kalakutiena\\\/#primaryimage\"},\"thumbnailUrl\":\"https:\\\/\\\/anivet.lt\\\/elparduotuve\\\/wp-content\\\/uploads\\\/2023\\\/07\\\/Exclusion-Mediterraneo-sunu-konservai-su-kalakutiena.png\",\"datePublished\":\"2023-07-22T17:12:22+00:00\",\"dateModified\":\"2026-01-01T19:22:19+00:00\",\"description\":\"\u0160ie konservai yra idealus pasirinkimas suaugusiems vis\u0173 veisli\u0173 \u0161unims. Juose naudojami tik kokybi\u0161ki ir nat\u016bral\u016bs ingredientai, \u012fkv\u0117pti Vidur\u017eemio j\u016bros regiono tradicij\u0173. Pagrindinis baltym\u0173 \u0161altinis \u2013 kalakutiena, o receptas papildytas Vidur\u017eemio j\u016bros supermaisto ingredientais, kurie suteikia papildom\u0173 maistini\u0173 med\u017eiag\u0173.\",\"breadcrumb\":{\"@id\":\"https:\\\/\\\/anivet.lt\\\/elparduotuve\\\/produktas\\\/exclusion-mediterraneo-konservai-sunims-su-kalakutiena\\\/#breadcrumb\"},\"inLanguage\":\"lt-LT\",\"potentialAction\":[{\"@type\":\"ReadAction\",\"target\":[\"https:\\\/\\\/anivet.lt\\\/elparduotuve\\\/produktas\\\/exclusion-mediterraneo-konservai-sunims-su-kalakutiena\\\/\"]}]},{\"@type\":\"ImageObject\",\"inLanguage\":\"lt-LT\",\"@id\":\"https:\\\/\\\/anivet.lt\\\/elparduotuve\\\/produktas\\\/exclusion-mediterraneo-konservai-sunims-su-kalakutiena\\\/#primaryimage\",\"url\":\"https:\\\/\\\/anivet.lt\\\/elparduotuve\\\/wp-content\\\/uploads\\\/2023\\\/07\\\/Exclusion-Mediterraneo-sunu-konservai-su-kalakutiena.png\",\"contentUrl\":\"https:\\\/\\\/anivet.lt\\\/elparduotuve\\\/wp-content\\\/uploads\\\/2023\\\/07\\\/Exclusion-Mediterraneo-sunu-konservai-su-kalakutiena.png\",\"width\":600,\"height\":600,\"caption\":\"Exclusion Mediterraneo konservai \u0161unims su kalakutiena\"},{\"@type\":\"BreadcrumbList\",\"@id\":\"https:\\\/\\\/anivet.lt\\\/elparduotuve\\\/produktas\\\/exclusion-mediterraneo-konservai-sunims-su-kalakutiena\\\/#breadcrumb\",\"itemListElement\":[{\"@type\":\"ListItem\",\"position\":1,\"name\":\"Home\",\"item\":\"https:\\\/\\\/anivet.lt\\\/elparduotuve\\\/\"},{\"@type\":\"ListItem\",\"position\":2,\"name\":\"Produktai\",\"item\":\"https:\\\/\\\/anivet.lt\\\/elparduotuve\\\/produktai\\\/\"},{\"@type\":\"ListItem\",\"position\":3,\"name\":\"Exclusion Mediterraneo konservai \u0161unims su kalakutiena\"}]},{\"@type\":\"WebSite\",\"@id\":\"https:\\\/\\\/anivet.lt\\\/elparduotuve\\\/#website\",\"url\":\"https:\\\/\\\/anivet.lt\\\/elparduotuve\\\/\",\"name\":\"anivet.lt\",\"description\":\"Viskas J\u016bs\u0173 \u0161uns, kat\u0117s prie\u017ei\u016brai\",\"publisher\":{\"@id\":\"https:\\\/\\\/anivet.lt\\\/elparduotuve\\\/#organization\"},\"alternateName\":\"Viskas J\u016bs\u0173 \u0161uns, kat\u0117s prie\u017ei\u016brai\",\"potentialAction\":[{\"@type\":\"SearchAction\",\"target\":{\"@type\":\"EntryPoint\",\"urlTemplate\":\"https:\\\/\\\/anivet.lt\\\/elparduotuve\\\/?s={search_term_string}\"},\"query-input\":{\"@type\":\"PropertyValueSpecification\",\"valueRequired\":true,\"valueName\":\"search_term_string\"}}],\"inLanguage\":\"lt-LT\"},{\"@type\":\"Organization\",\"@id\":\"https:\\\/\\\/anivet.lt\\\/elparduotuve\\\/#organization\",\"name\":\"Viskas J\u016bs\u0173 \u0161uns, kat\u0117s prie\u017ei\u016brai\",\"url\":\"https:\\\/\\\/anivet.lt\\\/elparduotuve\\\/\",\"logo\":{\"@type\":\"ImageObject\",\"inLanguage\":\"lt-LT\",\"@id\":\"https:\\\/\\\/anivet.lt\\\/elparduotuve\\\/#\\\/schema\\\/logo\\\/image\\\/\",\"url\":\"https:\\\/\\\/anivet.lt\\\/elparduotuve\\\/wp-content\\\/uploads\\\/2023\\\/06\\\/logo2.jpg\",\"contentUrl\":\"https:\\\/\\\/anivet.lt\\\/elparduotuve\\\/wp-content\\\/uploads\\\/2023\\\/06\\\/logo2.jpg\",\"width\":655,\"height\":194,\"caption\":\"Viskas J\u016bs\u0173 \u0161uns, kat\u0117s prie\u017ei\u016brai\"},\"image\":{\"@id\":\"https:\\\/\\\/anivet.lt\\\/elparduotuve\\\/#\\\/schema\\\/logo\\\/image\\\/\"}}]}<\/script>\n<!-- \/ Yoast SEO Premium plugin. -->","yoast_head_json":{"title":"Exclusion Mediterraneo konservai \u0161unims su kalakutiena - anivet.lt","description":"\u0160ie konservai yra idealus pasirinkimas suaugusiems vis\u0173 veisli\u0173 \u0161unims. Juose naudojami tik kokybi\u0161ki ir nat\u016bral\u016bs ingredientai, \u012fkv\u0117pti Vidur\u017eemio j\u016bros regiono tradicij\u0173. Pagrindinis baltym\u0173 \u0161altinis \u2013 kalakutiena, o receptas papildytas Vidur\u017eemio j\u016bros supermaisto ingredientais, kurie suteikia papildom\u0173 maistini\u0173 med\u017eiag\u0173.","robots":{"index":"index","follow":"follow","max-snippet":"max-snippet:-1","max-image-preview":"max-image-preview:large","max-video-preview":"max-video-preview:-1"},"canonical":"https:\/\/anivet.lt\/elparduotuve\/produktas\/exclusion-mediterraneo-konservai-sunims-su-kalakutiena\/","og_locale":"lt_LT","og_type":"article","og_title":"Exclusion Mediterraneo konservai \u0161unims su kalakutiena","og_description":"\u0160ie konservai yra idealus pasirinkimas suaugusiems vis\u0173 veisli\u0173 \u0161unims. Juose naudojami tik kokybi\u0161ki ir nat\u016bral\u016bs ingredientai, \u012fkv\u0117pti Vidur\u017eemio j\u016bros regiono tradicij\u0173. Pagrindinis baltym\u0173 \u0161altinis \u2013 kalakutiena, o receptas papildytas Vidur\u017eemio j\u016bros supermaisto ingredientais, kurie suteikia papildom\u0173 maistini\u0173 med\u017eiag\u0173.","og_url":"https:\/\/anivet.lt\/elparduotuve\/produktas\/exclusion-mediterraneo-konservai-sunims-su-kalakutiena\/","og_site_name":"anivet.lt","article_modified_time":"2026-01-01T19:22:19+00:00","og_image":[{"width":600,"height":600,"url":"https:\/\/anivet.lt\/elparduotuve\/wp-content\/uploads\/2023\/07\/Exclusion-Mediterraneo-sunu-konservai-su-kalakutiena.png","type":"image\/png"}],"twitter_card":"summary_large_image","twitter_misc":{"Est. reading time":"1 minut\u0117"},"schema":{"@context":"https:\/\/schema.org","@graph":[{"@type":"WebPage","@id":"https:\/\/anivet.lt\/elparduotuve\/produktas\/exclusion-mediterraneo-konservai-sunims-su-kalakutiena\/","url":"https:\/\/anivet.lt\/elparduotuve\/produktas\/exclusion-mediterraneo-konservai-sunims-su-kalakutiena\/","name":"Exclusion Mediterraneo konservai \u0161unims su kalakutiena - anivet.lt","isPartOf":{"@id":"https:\/\/anivet.lt\/elparduotuve\/#website"},"primaryImageOfPage":{"@id":"https:\/\/anivet.lt\/elparduotuve\/produktas\/exclusion-mediterraneo-konservai-sunims-su-kalakutiena\/#primaryimage"},"image":{"@id":"https:\/\/anivet.lt\/elparduotuve\/produktas\/exclusion-mediterraneo-konservai-sunims-su-kalakutiena\/#primaryimage"},"thumbnailUrl":"https:\/\/anivet.lt\/elparduotuve\/wp-content\/uploads\/2023\/07\/Exclusion-Mediterraneo-sunu-konservai-su-kalakutiena.png","datePublished":"2023-07-22T17:12:22+00:00","dateModified":"2026-01-01T19:22:19+00:00","description":"\u0160ie konservai yra idealus pasirinkimas suaugusiems vis\u0173 veisli\u0173 \u0161unims. Juose naudojami tik kokybi\u0161ki ir nat\u016bral\u016bs ingredientai, \u012fkv\u0117pti Vidur\u017eemio j\u016bros regiono tradicij\u0173. Pagrindinis baltym\u0173 \u0161altinis \u2013 kalakutiena, o receptas papildytas Vidur\u017eemio j\u016bros supermaisto ingredientais, kurie suteikia papildom\u0173 maistini\u0173 med\u017eiag\u0173.","breadcrumb":{"@id":"https:\/\/anivet.lt\/elparduotuve\/produktas\/exclusion-mediterraneo-konservai-sunims-su-kalakutiena\/#breadcrumb"},"inLanguage":"lt-LT","potentialAction":[{"@type":"ReadAction","target":["https:\/\/anivet.lt\/elparduotuve\/produktas\/exclusion-mediterraneo-konservai-sunims-su-kalakutiena\/"]}]},{"@type":"ImageObject","inLanguage":"lt-LT","@id":"https:\/\/anivet.lt\/elparduotuve\/produktas\/exclusion-mediterraneo-konservai-sunims-su-kalakutiena\/#primaryimage","url":"https:\/\/anivet.lt\/elparduotuve\/wp-content\/uploads\/2023\/07\/Exclusion-Mediterraneo-sunu-konservai-su-kalakutiena.png","contentUrl":"https:\/\/anivet.lt\/elparduotuve\/wp-content\/uploads\/2023\/07\/Exclusion-Mediterraneo-sunu-konservai-su-kalakutiena.png","width":600,"height":600,"caption":"Exclusion Mediterraneo konservai \u0161unims su kalakutiena"},{"@type":"BreadcrumbList","@id":"https:\/\/anivet.lt\/elparduotuve\/produktas\/exclusion-mediterraneo-konservai-sunims-su-kalakutiena\/#breadcrumb","itemListElement":[{"@type":"ListItem","position":1,"name":"Home","item":"https:\/\/anivet.lt\/elparduotuve\/"},{"@type":"ListItem","position":2,"name":"Produktai","item":"https:\/\/anivet.lt\/elparduotuve\/produktai\/"},{"@type":"ListItem","position":3,"name":"Exclusion Mediterraneo konservai \u0161unims su kalakutiena"}]},{"@type":"WebSite","@id":"https:\/\/anivet.lt\/elparduotuve\/#website","url":"https:\/\/anivet.lt\/elparduotuve\/","name":"anivet.lt","description":"Viskas J\u016bs\u0173 \u0161uns, kat\u0117s prie\u017ei\u016brai","publisher":{"@id":"https:\/\/anivet.lt\/elparduotuve\/#organization"},"alternateName":"Viskas J\u016bs\u0173 \u0161uns, kat\u0117s prie\u017ei\u016brai","potentialAction":[{"@type":"SearchAction","target":{"@type":"EntryPoint","urlTemplate":"https:\/\/anivet.lt\/elparduotuve\/?s={search_term_string}"},"query-input":{"@type":"PropertyValueSpecification","valueRequired":true,"valueName":"search_term_string"}}],"inLanguage":"lt-LT"},{"@type":"Organization","@id":"https:\/\/anivet.lt\/elparduotuve\/#organization","name":"Viskas J\u016bs\u0173 \u0161uns, kat\u0117s prie\u017ei\u016brai","url":"https:\/\/anivet.lt\/elparduotuve\/","logo":{"@type":"ImageObject","inLanguage":"lt-LT","@id":"https:\/\/anivet.lt\/elparduotuve\/#\/schema\/logo\/image\/","url":"https:\/\/anivet.lt\/elparduotuve\/wp-content\/uploads\/2023\/06\/logo2.jpg","contentUrl":"https:\/\/anivet.lt\/elparduotuve\/wp-content\/uploads\/2023\/06\/logo2.jpg","width":655,"height":194,"caption":"Viskas J\u016bs\u0173 \u0161uns, kat\u0117s prie\u017ei\u016brai"},"image":{"@id":"https:\/\/anivet.lt\/elparduotuve\/#\/schema\/logo\/image\/"}}]}},"_links":{"self":[{"href":"https:\/\/anivet.lt\/elparduotuve\/wp-json\/wp\/v2\/product\/10494","targetHints":{"allow":["GET"]}}],"collection":[{"href":"https:\/\/anivet.lt\/elparduotuve\/wp-json\/wp\/v2\/product"}],"about":[{"href":"https:\/\/anivet.lt\/elparduotuve\/wp-json\/wp\/v2\/types\/product"}],"wp:featuredmedia":[{"embeddable":true,"href":"https:\/\/anivet.lt\/elparduotuve\/wp-json\/wp\/v2\/media\/10495"}],"wp:attachment":[{"href":"https:\/\/anivet.lt\/elparduotuve\/wp-json\/wp\/v2\/media?parent=10494"}],"wp:term":[{"taxonomy":"product_brand","embeddable":true,"href":"https:\/\/anivet.lt\/elparduotuve\/wp-json\/wp\/v2\/product_brand?post=10494"},{"taxonomy":"product_cat","embeddable":true,"href":"https:\/\/anivet.lt\/elparduotuve\/wp-json\/wp\/v2\/product_cat?post=10494"},{"taxonomy":"product_tag","embeddable":true,"href":"https:\/\/anivet.lt\/elparduotuve\/wp-json\/wp\/v2\/product_tag?post=10494"}],"curies":[{"name":"wp","href":"https:\/\/api.w.org\/{rel}","templated":true}]}}