{"id":10498,"date":"2023-07-22T17:43:04","date_gmt":"2023-07-22T17:43:04","guid":{"rendered":"https:\/\/anivet.lt\/elparduotuve\/?post_type=product&#038;p=10498"},"modified":"2025-05-27T13:13:13","modified_gmt":"2025-05-27T13:13:13","slug":"exclusion-mediterraneo-konservai-sterilizuotoms-katems-su-vistiena","status":"publish","type":"product","link":"https:\/\/anivet.lt\/elparduotuve\/produktas\/exclusion-mediterraneo-konservai-sterilizuotoms-katems-su-vistiena\/","title":{"rendered":"Exclusion Mediterraneo konservai sterilizuotoms kat\u0117ms su vi\u0161tiena"},"content":{"rendered":"<ul>\n<li style=\"font-weight: 400;\" aria-level=\"1\"><span style=\"font-weight: 400;\">Vieno baltymo \u0161altinis: Vi\u0161tiena (95%) u\u017etikrina lengv\u0105 vir\u0161kinim\u0105 ir tinkam\u0105 mityb\u0105 jautrioms kat\u0117ms.<\/span><\/li>\n<li style=\"font-weight: 400;\" aria-level=\"1\"><span style=\"font-weight: 400;\">\u0160lapimo tak\u0173 sveikata: Specialiai parinkti ingredientai padeda palaikyti sveik\u0105 \u0161lapimo tak\u0173 veikl\u0105.<\/span><\/li>\n<li style=\"font-weight: 400;\" aria-level=\"1\"><span style=\"font-weight: 400;\">Vidur\u017eemio j\u016bros supermaistas: Papildyta granat\u0173, m\u0117lyni\u0173, gervuogi\u0173 ir avie\u010di\u0173 antioksidantais, skatinan\u010diais bendr\u0105 sveikat\u0105.<\/span><\/li>\n<li style=\"font-weight: 400;\" aria-level=\"1\"><span style=\"font-weight: 400;\">Sveika oda ir kailis: La\u0161i\u0161\u0173 aliejus padeda i\u0161laikyti blizgant\u012f kail\u012f ir sveik\u0105 od\u0105.<\/span><\/li>\n<li style=\"font-weight: 400;\" aria-level=\"1\"><span style=\"font-weight: 400;\">Ma\u017eina plauk\u0173 kamuoliukus: Maistin\u0117s skaidulos padeda suma\u017einti plauk\u0173 kamuoliuk\u0173 susidarym\u0105.<\/span><\/li>\n<\/ul>\n<p><span style=\"font-weight: 400;\">\u201eExclusion Mediterraneo\u201c konservai su vi\u0161tiena yra subalansuotas ir maistingas pasirinkimas sterilizuotoms kat\u0117ms. \u0160is pa\u0161aras u\u017etikrina ne tik skanius, bet ir sveikatai naudingus valgymus kasdien.<\/span><\/p>\n","protected":false},"excerpt":{"rendered":"<p><span style=\"font-weight: 400;\">Visavertis \u0161lapias maistas, specialiai sukurtas sterilizuotoms kat\u0117ms, siekiant palaikyti sveik\u0105 \u0161lapimo tak\u0173 veikl\u0105 ir subalansuot\u0105 mityb\u0105. Sud\u0117tyje esanti vi\u0161tiena ir Vidur\u017eemio j\u016bros regiono supermaisto ingredientai u\u017etikrina auk\u0161tos kokyb\u0117s mityb\u0105 ir puiki\u0105 savijaut\u0105.<\/span><\/p>\n","protected":false},"featured_media":10499,"template":"","meta":[],"product_brand":[],"product_cat":[114,102,116,341],"product_tag":[],"class_list":{"0":"post-10498","1":"product","2":"type-product","3":"status-publish","4":"has-post-thumbnail","6":"product_cat-kaciu-maistas","7":"product_cat-katems","8":"product_cat-konservai-katems","9":"product_cat-exclusion-kaciu-maistas","10":"pa_prekinis-zenklas-exclusion","12":"first","13":"instock","14":"taxable","15":"shipping-taxable","16":"purchasable","17":"product-type-simple"},"yoast_head":"<!-- This site is optimized with the Yoast SEO Premium plugin v27.1 (Yoast SEO v27.5) - https:\/\/yoast.com\/product\/yoast-seo-premium-wordpress\/ -->\n<title>Exclusion Mediterraneo konservai sterilizuotoms kat\u0117ms su vi\u0161tiena - anivet.lt<\/title>\n<meta name=\"description\" content=\"Visavertis \u0161lapias maistas, specialiai sukurtas sterilizuotoms kat\u0117ms, siekiant palaikyti sveik\u0105 \u0161lapimo tak\u0173 veikl\u0105 ir subalansuot\u0105 mityb\u0105. Sud\u0117tyje esanti vi\u0161tiena ir Vidur\u017eemio j\u016bros regiono supermaisto ingredientai u\u017etikrina auk\u0161tos kokyb\u0117s mityb\u0105 ir puiki\u0105 savijaut\u0105.\" \/>\n<meta name=\"robots\" content=\"index, follow, max-snippet:-1, max-image-preview:large, max-video-preview:-1\" \/>\n<link rel=\"canonical\" href=\"https:\/\/anivet.lt\/elparduotuve\/produktas\/exclusion-mediterraneo-konservai-sterilizuotoms-katems-su-vistiena\/\" \/>\n<meta property=\"og:locale\" content=\"lt_LT\" \/>\n<meta property=\"og:type\" content=\"article\" \/>\n<meta property=\"og:title\" content=\"Exclusion Mediterraneo konservai sterilizuotoms kat\u0117ms su vi\u0161tiena\" \/>\n<meta property=\"og:description\" content=\"Visavertis \u0161lapias maistas, specialiai sukurtas sterilizuotoms kat\u0117ms, siekiant palaikyti sveik\u0105 \u0161lapimo tak\u0173 veikl\u0105 ir subalansuot\u0105 mityb\u0105. Sud\u0117tyje esanti vi\u0161tiena ir Vidur\u017eemio j\u016bros regiono supermaisto ingredientai u\u017etikrina auk\u0161tos kokyb\u0117s mityb\u0105 ir puiki\u0105 savijaut\u0105.\" \/>\n<meta property=\"og:url\" content=\"https:\/\/anivet.lt\/elparduotuve\/produktas\/exclusion-mediterraneo-konservai-sterilizuotoms-katems-su-vistiena\/\" \/>\n<meta property=\"og:site_name\" content=\"anivet.lt\" \/>\n<meta property=\"article:modified_time\" content=\"2025-05-27T13:13:13+00:00\" \/>\n<meta property=\"og:image\" content=\"https:\/\/anivet.lt\/elparduotuve\/wp-content\/uploads\/2023\/07\/Exclusion-Mediterraneo-kaciu-maistas-su-vistiena-sterilizuotoms-katems.png\" \/>\n\t<meta property=\"og:image:width\" content=\"600\" \/>\n\t<meta property=\"og:image:height\" content=\"600\" \/>\n\t<meta property=\"og:image:type\" content=\"image\/png\" \/>\n<meta name=\"twitter:card\" content=\"summary_large_image\" \/>\n<meta name=\"twitter:label1\" content=\"Est. reading time\" \/>\n\t<meta name=\"twitter:data1\" content=\"1 minut\u0117\" \/>\n<script type=\"application\/ld+json\" class=\"yoast-schema-graph\">{\"@context\":\"https:\\\/\\\/schema.org\",\"@graph\":[{\"@type\":\"WebPage\",\"@id\":\"https:\\\/\\\/anivet.lt\\\/elparduotuve\\\/produktas\\\/exclusion-mediterraneo-konservai-sterilizuotoms-katems-su-vistiena\\\/\",\"url\":\"https:\\\/\\\/anivet.lt\\\/elparduotuve\\\/produktas\\\/exclusion-mediterraneo-konservai-sterilizuotoms-katems-su-vistiena\\\/\",\"name\":\"Exclusion Mediterraneo konservai sterilizuotoms kat\u0117ms su vi\u0161tiena - anivet.lt\",\"isPartOf\":{\"@id\":\"https:\\\/\\\/anivet.lt\\\/elparduotuve\\\/#website\"},\"primaryImageOfPage\":{\"@id\":\"https:\\\/\\\/anivet.lt\\\/elparduotuve\\\/produktas\\\/exclusion-mediterraneo-konservai-sterilizuotoms-katems-su-vistiena\\\/#primaryimage\"},\"image\":{\"@id\":\"https:\\\/\\\/anivet.lt\\\/elparduotuve\\\/produktas\\\/exclusion-mediterraneo-konservai-sterilizuotoms-katems-su-vistiena\\\/#primaryimage\"},\"thumbnailUrl\":\"https:\\\/\\\/anivet.lt\\\/elparduotuve\\\/wp-content\\\/uploads\\\/2023\\\/07\\\/Exclusion-Mediterraneo-kaciu-maistas-su-vistiena-sterilizuotoms-katems.png\",\"datePublished\":\"2023-07-22T17:43:04+00:00\",\"dateModified\":\"2025-05-27T13:13:13+00:00\",\"description\":\"Visavertis \u0161lapias maistas, specialiai sukurtas sterilizuotoms kat\u0117ms, siekiant palaikyti sveik\u0105 \u0161lapimo tak\u0173 veikl\u0105 ir subalansuot\u0105 mityb\u0105. Sud\u0117tyje esanti vi\u0161tiena ir Vidur\u017eemio j\u016bros regiono supermaisto ingredientai u\u017etikrina auk\u0161tos kokyb\u0117s mityb\u0105 ir puiki\u0105 savijaut\u0105.\",\"breadcrumb\":{\"@id\":\"https:\\\/\\\/anivet.lt\\\/elparduotuve\\\/produktas\\\/exclusion-mediterraneo-konservai-sterilizuotoms-katems-su-vistiena\\\/#breadcrumb\"},\"inLanguage\":\"lt-LT\",\"potentialAction\":[{\"@type\":\"ReadAction\",\"target\":[\"https:\\\/\\\/anivet.lt\\\/elparduotuve\\\/produktas\\\/exclusion-mediterraneo-konservai-sterilizuotoms-katems-su-vistiena\\\/\"]}]},{\"@type\":\"ImageObject\",\"inLanguage\":\"lt-LT\",\"@id\":\"https:\\\/\\\/anivet.lt\\\/elparduotuve\\\/produktas\\\/exclusion-mediterraneo-konservai-sterilizuotoms-katems-su-vistiena\\\/#primaryimage\",\"url\":\"https:\\\/\\\/anivet.lt\\\/elparduotuve\\\/wp-content\\\/uploads\\\/2023\\\/07\\\/Exclusion-Mediterraneo-kaciu-maistas-su-vistiena-sterilizuotoms-katems.png\",\"contentUrl\":\"https:\\\/\\\/anivet.lt\\\/elparduotuve\\\/wp-content\\\/uploads\\\/2023\\\/07\\\/Exclusion-Mediterraneo-kaciu-maistas-su-vistiena-sterilizuotoms-katems.png\",\"width\":600,\"height\":600,\"caption\":\"Exclusion Mediterraneo konservai sterilizuotoms kat\u0117ms su vi\u0161tiena\"},{\"@type\":\"BreadcrumbList\",\"@id\":\"https:\\\/\\\/anivet.lt\\\/elparduotuve\\\/produktas\\\/exclusion-mediterraneo-konservai-sterilizuotoms-katems-su-vistiena\\\/#breadcrumb\",\"itemListElement\":[{\"@type\":\"ListItem\",\"position\":1,\"name\":\"Home\",\"item\":\"https:\\\/\\\/anivet.lt\\\/elparduotuve\\\/\"},{\"@type\":\"ListItem\",\"position\":2,\"name\":\"Produktai\",\"item\":\"https:\\\/\\\/anivet.lt\\\/elparduotuve\\\/produktai\\\/\"},{\"@type\":\"ListItem\",\"position\":3,\"name\":\"Exclusion Mediterraneo konservai sterilizuotoms kat\u0117ms su vi\u0161tiena\"}]},{\"@type\":\"WebSite\",\"@id\":\"https:\\\/\\\/anivet.lt\\\/elparduotuve\\\/#website\",\"url\":\"https:\\\/\\\/anivet.lt\\\/elparduotuve\\\/\",\"name\":\"anivet.lt\",\"description\":\"Viskas J\u016bs\u0173 \u0161uns, kat\u0117s prie\u017ei\u016brai\",\"publisher\":{\"@id\":\"https:\\\/\\\/anivet.lt\\\/elparduotuve\\\/#organization\"},\"alternateName\":\"Viskas J\u016bs\u0173 \u0161uns, kat\u0117s prie\u017ei\u016brai\",\"potentialAction\":[{\"@type\":\"SearchAction\",\"target\":{\"@type\":\"EntryPoint\",\"urlTemplate\":\"https:\\\/\\\/anivet.lt\\\/elparduotuve\\\/?s={search_term_string}\"},\"query-input\":{\"@type\":\"PropertyValueSpecification\",\"valueRequired\":true,\"valueName\":\"search_term_string\"}}],\"inLanguage\":\"lt-LT\"},{\"@type\":\"Organization\",\"@id\":\"https:\\\/\\\/anivet.lt\\\/elparduotuve\\\/#organization\",\"name\":\"Viskas J\u016bs\u0173 \u0161uns, kat\u0117s prie\u017ei\u016brai\",\"url\":\"https:\\\/\\\/anivet.lt\\\/elparduotuve\\\/\",\"logo\":{\"@type\":\"ImageObject\",\"inLanguage\":\"lt-LT\",\"@id\":\"https:\\\/\\\/anivet.lt\\\/elparduotuve\\\/#\\\/schema\\\/logo\\\/image\\\/\",\"url\":\"https:\\\/\\\/anivet.lt\\\/elparduotuve\\\/wp-content\\\/uploads\\\/2023\\\/06\\\/logo2.jpg\",\"contentUrl\":\"https:\\\/\\\/anivet.lt\\\/elparduotuve\\\/wp-content\\\/uploads\\\/2023\\\/06\\\/logo2.jpg\",\"width\":655,\"height\":194,\"caption\":\"Viskas J\u016bs\u0173 \u0161uns, kat\u0117s prie\u017ei\u016brai\"},\"image\":{\"@id\":\"https:\\\/\\\/anivet.lt\\\/elparduotuve\\\/#\\\/schema\\\/logo\\\/image\\\/\"}}]}<\/script>\n<!-- \/ Yoast SEO Premium plugin. -->","yoast_head_json":{"title":"Exclusion Mediterraneo konservai sterilizuotoms kat\u0117ms su vi\u0161tiena - anivet.lt","description":"Visavertis \u0161lapias maistas, specialiai sukurtas sterilizuotoms kat\u0117ms, siekiant palaikyti sveik\u0105 \u0161lapimo tak\u0173 veikl\u0105 ir subalansuot\u0105 mityb\u0105. Sud\u0117tyje esanti vi\u0161tiena ir Vidur\u017eemio j\u016bros regiono supermaisto ingredientai u\u017etikrina auk\u0161tos kokyb\u0117s mityb\u0105 ir puiki\u0105 savijaut\u0105.","robots":{"index":"index","follow":"follow","max-snippet":"max-snippet:-1","max-image-preview":"max-image-preview:large","max-video-preview":"max-video-preview:-1"},"canonical":"https:\/\/anivet.lt\/elparduotuve\/produktas\/exclusion-mediterraneo-konservai-sterilizuotoms-katems-su-vistiena\/","og_locale":"lt_LT","og_type":"article","og_title":"Exclusion Mediterraneo konservai sterilizuotoms kat\u0117ms su vi\u0161tiena","og_description":"Visavertis \u0161lapias maistas, specialiai sukurtas sterilizuotoms kat\u0117ms, siekiant palaikyti sveik\u0105 \u0161lapimo tak\u0173 veikl\u0105 ir subalansuot\u0105 mityb\u0105. Sud\u0117tyje esanti vi\u0161tiena ir Vidur\u017eemio j\u016bros regiono supermaisto ingredientai u\u017etikrina auk\u0161tos kokyb\u0117s mityb\u0105 ir puiki\u0105 savijaut\u0105.","og_url":"https:\/\/anivet.lt\/elparduotuve\/produktas\/exclusion-mediterraneo-konservai-sterilizuotoms-katems-su-vistiena\/","og_site_name":"anivet.lt","article_modified_time":"2025-05-27T13:13:13+00:00","og_image":[{"width":600,"height":600,"url":"https:\/\/anivet.lt\/elparduotuve\/wp-content\/uploads\/2023\/07\/Exclusion-Mediterraneo-kaciu-maistas-su-vistiena-sterilizuotoms-katems.png","type":"image\/png"}],"twitter_card":"summary_large_image","twitter_misc":{"Est. reading time":"1 minut\u0117"},"schema":{"@context":"https:\/\/schema.org","@graph":[{"@type":"WebPage","@id":"https:\/\/anivet.lt\/elparduotuve\/produktas\/exclusion-mediterraneo-konservai-sterilizuotoms-katems-su-vistiena\/","url":"https:\/\/anivet.lt\/elparduotuve\/produktas\/exclusion-mediterraneo-konservai-sterilizuotoms-katems-su-vistiena\/","name":"Exclusion Mediterraneo konservai sterilizuotoms kat\u0117ms su vi\u0161tiena - anivet.lt","isPartOf":{"@id":"https:\/\/anivet.lt\/elparduotuve\/#website"},"primaryImageOfPage":{"@id":"https:\/\/anivet.lt\/elparduotuve\/produktas\/exclusion-mediterraneo-konservai-sterilizuotoms-katems-su-vistiena\/#primaryimage"},"image":{"@id":"https:\/\/anivet.lt\/elparduotuve\/produktas\/exclusion-mediterraneo-konservai-sterilizuotoms-katems-su-vistiena\/#primaryimage"},"thumbnailUrl":"https:\/\/anivet.lt\/elparduotuve\/wp-content\/uploads\/2023\/07\/Exclusion-Mediterraneo-kaciu-maistas-su-vistiena-sterilizuotoms-katems.png","datePublished":"2023-07-22T17:43:04+00:00","dateModified":"2025-05-27T13:13:13+00:00","description":"Visavertis \u0161lapias maistas, specialiai sukurtas sterilizuotoms kat\u0117ms, siekiant palaikyti sveik\u0105 \u0161lapimo tak\u0173 veikl\u0105 ir subalansuot\u0105 mityb\u0105. Sud\u0117tyje esanti vi\u0161tiena ir Vidur\u017eemio j\u016bros regiono supermaisto ingredientai u\u017etikrina auk\u0161tos kokyb\u0117s mityb\u0105 ir puiki\u0105 savijaut\u0105.","breadcrumb":{"@id":"https:\/\/anivet.lt\/elparduotuve\/produktas\/exclusion-mediterraneo-konservai-sterilizuotoms-katems-su-vistiena\/#breadcrumb"},"inLanguage":"lt-LT","potentialAction":[{"@type":"ReadAction","target":["https:\/\/anivet.lt\/elparduotuve\/produktas\/exclusion-mediterraneo-konservai-sterilizuotoms-katems-su-vistiena\/"]}]},{"@type":"ImageObject","inLanguage":"lt-LT","@id":"https:\/\/anivet.lt\/elparduotuve\/produktas\/exclusion-mediterraneo-konservai-sterilizuotoms-katems-su-vistiena\/#primaryimage","url":"https:\/\/anivet.lt\/elparduotuve\/wp-content\/uploads\/2023\/07\/Exclusion-Mediterraneo-kaciu-maistas-su-vistiena-sterilizuotoms-katems.png","contentUrl":"https:\/\/anivet.lt\/elparduotuve\/wp-content\/uploads\/2023\/07\/Exclusion-Mediterraneo-kaciu-maistas-su-vistiena-sterilizuotoms-katems.png","width":600,"height":600,"caption":"Exclusion Mediterraneo konservai sterilizuotoms kat\u0117ms su vi\u0161tiena"},{"@type":"BreadcrumbList","@id":"https:\/\/anivet.lt\/elparduotuve\/produktas\/exclusion-mediterraneo-konservai-sterilizuotoms-katems-su-vistiena\/#breadcrumb","itemListElement":[{"@type":"ListItem","position":1,"name":"Home","item":"https:\/\/anivet.lt\/elparduotuve\/"},{"@type":"ListItem","position":2,"name":"Produktai","item":"https:\/\/anivet.lt\/elparduotuve\/produktai\/"},{"@type":"ListItem","position":3,"name":"Exclusion Mediterraneo konservai sterilizuotoms kat\u0117ms su vi\u0161tiena"}]},{"@type":"WebSite","@id":"https:\/\/anivet.lt\/elparduotuve\/#website","url":"https:\/\/anivet.lt\/elparduotuve\/","name":"anivet.lt","description":"Viskas J\u016bs\u0173 \u0161uns, kat\u0117s prie\u017ei\u016brai","publisher":{"@id":"https:\/\/anivet.lt\/elparduotuve\/#organization"},"alternateName":"Viskas J\u016bs\u0173 \u0161uns, kat\u0117s prie\u017ei\u016brai","potentialAction":[{"@type":"SearchAction","target":{"@type":"EntryPoint","urlTemplate":"https:\/\/anivet.lt\/elparduotuve\/?s={search_term_string}"},"query-input":{"@type":"PropertyValueSpecification","valueRequired":true,"valueName":"search_term_string"}}],"inLanguage":"lt-LT"},{"@type":"Organization","@id":"https:\/\/anivet.lt\/elparduotuve\/#organization","name":"Viskas J\u016bs\u0173 \u0161uns, kat\u0117s prie\u017ei\u016brai","url":"https:\/\/anivet.lt\/elparduotuve\/","logo":{"@type":"ImageObject","inLanguage":"lt-LT","@id":"https:\/\/anivet.lt\/elparduotuve\/#\/schema\/logo\/image\/","url":"https:\/\/anivet.lt\/elparduotuve\/wp-content\/uploads\/2023\/06\/logo2.jpg","contentUrl":"https:\/\/anivet.lt\/elparduotuve\/wp-content\/uploads\/2023\/06\/logo2.jpg","width":655,"height":194,"caption":"Viskas J\u016bs\u0173 \u0161uns, kat\u0117s prie\u017ei\u016brai"},"image":{"@id":"https:\/\/anivet.lt\/elparduotuve\/#\/schema\/logo\/image\/"}}]}},"_links":{"self":[{"href":"https:\/\/anivet.lt\/elparduotuve\/wp-json\/wp\/v2\/product\/10498","targetHints":{"allow":["GET"]}}],"collection":[{"href":"https:\/\/anivet.lt\/elparduotuve\/wp-json\/wp\/v2\/product"}],"about":[{"href":"https:\/\/anivet.lt\/elparduotuve\/wp-json\/wp\/v2\/types\/product"}],"wp:featuredmedia":[{"embeddable":true,"href":"https:\/\/anivet.lt\/elparduotuve\/wp-json\/wp\/v2\/media\/10499"}],"wp:attachment":[{"href":"https:\/\/anivet.lt\/elparduotuve\/wp-json\/wp\/v2\/media?parent=10498"}],"wp:term":[{"taxonomy":"product_brand","embeddable":true,"href":"https:\/\/anivet.lt\/elparduotuve\/wp-json\/wp\/v2\/product_brand?post=10498"},{"taxonomy":"product_cat","embeddable":true,"href":"https:\/\/anivet.lt\/elparduotuve\/wp-json\/wp\/v2\/product_cat?post=10498"},{"taxonomy":"product_tag","embeddable":true,"href":"https:\/\/anivet.lt\/elparduotuve\/wp-json\/wp\/v2\/product_tag?post=10498"}],"curies":[{"name":"wp","href":"https:\/\/api.w.org\/{rel}","templated":true}]}}