{"id":10500,"date":"2023-07-22T18:02:35","date_gmt":"2023-07-22T18:02:35","guid":{"rendered":"https:\/\/anivet.lt\/elparduotuve\/?post_type=product&#038;p=10500"},"modified":"2025-11-28T14:40:59","modified_gmt":"2025-11-28T14:40:59","slug":"quattro-extra-poultry-su-paukstiena-sausas-kaciu-pasaras-15kg","status":"publish","type":"product","link":"https:\/\/anivet.lt\/elparduotuve\/produktas\/quattro-extra-poultry-su-paukstiena-sausas-kaciu-pasaras-15kg\/","title":{"rendered":"QUATTRO Extra Poultry sausas ka\u010di\u0173 pa\u0161aras su pauk\u0161tiena, 1,5 kg"},"content":{"rendered":"<ul>\n<li style=\"font-weight: 400;\" aria-level=\"1\"><span style=\"font-weight: 400;\">\u0160irdies sveikata: Taurinas ir Omega-3 riebiosios r\u016bg\u0161tys padeda palaikyti normali\u0105 \u0161irdies veikl\u0105.<\/span><\/li>\n<li style=\"font-weight: 400;\" aria-level=\"1\"><span style=\"font-weight: 400;\">Sveika oda ir kailis: Riebiosios r\u016bg\u0161tys, cinkas ir B grup\u0117s vitaminai skatina sveik\u0105 od\u0105 ir blizgant\u012f kail\u012f.<\/span><\/li>\n<li style=\"font-weight: 400;\" aria-level=\"1\"><span style=\"font-weight: 400;\">Puikus reg\u0117jimas: Vitaminai A, E ir Omega-3 riebiosios r\u016bg\u0161tys palaiko ger\u0105 reg\u0117jim\u0105, taip pat prisitaikym\u0105 prie tamsos.<\/span><\/li>\n<li style=\"font-weight: 400;\" aria-level=\"1\"><span style=\"font-weight: 400;\">Lengvas vir\u0161kinimas: Subalansuoti lengvai vir\u0161kinami ingredientai, prebiotikai ir augalin\u0117s skaidulos palaiko vir\u0161kinimo sistem\u0105 ir i\u0161mat\u0173 kokyb\u0119.<\/span><\/li>\n<li style=\"font-weight: 400;\" aria-level=\"1\"><span style=\"font-weight: 400;\">Auk\u0161tos kokyb\u0117s baltymai: 73% baltym\u0173 gaunama i\u0161 gyv\u016bnin\u0117s kilm\u0117s ingredient\u0173.<\/span><\/li>\n<li style=\"font-weight: 400;\" aria-level=\"1\"><span style=\"font-weight: 400;\">Be dirbtini\u0173 da\u017eikli\u0173 ir skonio stiprikli\u0173.<\/span><\/li>\n<\/ul>\n<p><span style=\"font-weight: 400;\">\u0160is pa\u0161aras idealiai tinka suaugusioms kat\u0117ms, norint u\u017etikrinti ger\u0105 sveikat\u0105, energij\u0105 ir optimal\u0173 mitybos balans\u0105. Naudojant auk\u0161tos kokyb\u0117s pauk\u0161tien\u0105 ir nat\u016bralias sudedam\u0105sias dalis, produktas yra gardus ir lengvai vir\u0161kinamas. Puikus pasirinkimas r\u016bpinantis j\u016bs\u0173 augintinio bendra savijauta.<\/span><\/p>\n","protected":false},"excerpt":{"rendered":"<p><span style=\"font-weight: 400;\">Visavertis pa\u0161aras suaugusioms kat\u0117ms nuo 1 met\u0173 am\u017eiaus, praturtintas taurinu, Omega-3 ir vitaminais, u\u017etikrinan\u010diais sveik\u0105 \u0161ird\u012f, \u017evilgant\u012f kail\u012f ir ger\u0105 reg\u0117jim\u0105.<\/span><\/p>\n","protected":false},"featured_media":10501,"template":"","meta":[],"product_brand":[],"product_cat":[114,115,102,345],"product_tag":[],"class_list":{"0":"post-10500","1":"product","2":"type-product","3":"status-publish","4":"has-post-thumbnail","6":"product_cat-kaciu-maistas","7":"product_cat-sausas-maistas-ir-skanestai-katems","8":"product_cat-katems","9":"product_cat-quattro-kaciu-maistas","10":"pa_prekinis-zenklas-quattro","12":"first","13":"instock","14":"taxable","15":"shipping-taxable","16":"purchasable","17":"product-type-simple"},"yoast_head":"<!-- This site is optimized with the Yoast SEO Premium plugin v27.1 (Yoast SEO v27.3) - https:\/\/yoast.com\/product\/yoast-seo-premium-wordpress\/ -->\n<title>QUATTRO Extra Poultry sausas ka\u010di\u0173 pa\u0161aras su pauk\u0161tiena, 1,5 kg - anivet.lt<\/title>\n<meta name=\"description\" content=\"Visavertis pa\u0161aras suaugusioms kat\u0117ms nuo 1 met\u0173 am\u017eiaus, praturtintas taurinu, Omega-3 ir vitaminais, u\u017etikrinan\u010diais sveik\u0105 \u0161ird\u012f, \u017evilgant\u012f kail\u012f ir ger\u0105 reg\u0117jim\u0105.\" \/>\n<meta name=\"robots\" content=\"index, follow, max-snippet:-1, max-image-preview:large, max-video-preview:-1\" \/>\n<link rel=\"canonical\" href=\"https:\/\/anivet.lt\/elparduotuve\/produktas\/quattro-extra-poultry-su-paukstiena-sausas-kaciu-pasaras-15kg\/\" \/>\n<meta property=\"og:locale\" content=\"lt_LT\" \/>\n<meta property=\"og:type\" content=\"article\" \/>\n<meta property=\"og:title\" content=\"QUATTRO Extra Poultry sausas ka\u010di\u0173 pa\u0161aras su pauk\u0161tiena, 1,5 kg\" \/>\n<meta property=\"og:description\" content=\"Visavertis pa\u0161aras suaugusioms kat\u0117ms nuo 1 met\u0173 am\u017eiaus, praturtintas taurinu, Omega-3 ir vitaminais, u\u017etikrinan\u010diais sveik\u0105 \u0161ird\u012f, \u017evilgant\u012f kail\u012f ir ger\u0105 reg\u0117jim\u0105.\" \/>\n<meta property=\"og:url\" content=\"https:\/\/anivet.lt\/elparduotuve\/produktas\/quattro-extra-poultry-su-paukstiena-sausas-kaciu-pasaras-15kg\/\" \/>\n<meta property=\"og:site_name\" content=\"anivet.lt\" \/>\n<meta property=\"article:modified_time\" content=\"2025-11-28T14:40:59+00:00\" \/>\n<meta property=\"og:image\" content=\"https:\/\/anivet.lt\/elparduotuve\/wp-content\/uploads\/2023\/07\/QUATTRO-EXTRA-POULTRY-SU-PAUKSTIENA-SAUSAS-KACIU-PASARAS-15KG.png\" \/>\n\t<meta property=\"og:image:width\" content=\"625\" \/>\n\t<meta property=\"og:image:height\" content=\"794\" \/>\n\t<meta property=\"og:image:type\" content=\"image\/png\" \/>\n<meta name=\"twitter:card\" content=\"summary_large_image\" \/>\n<meta name=\"twitter:label1\" content=\"Est. reading time\" \/>\n\t<meta name=\"twitter:data1\" content=\"1 minut\u0117\" \/>\n<script type=\"application\/ld+json\" class=\"yoast-schema-graph\">{\"@context\":\"https:\\\/\\\/schema.org\",\"@graph\":[{\"@type\":\"WebPage\",\"@id\":\"https:\\\/\\\/anivet.lt\\\/elparduotuve\\\/produktas\\\/quattro-extra-poultry-su-paukstiena-sausas-kaciu-pasaras-15kg\\\/\",\"url\":\"https:\\\/\\\/anivet.lt\\\/elparduotuve\\\/produktas\\\/quattro-extra-poultry-su-paukstiena-sausas-kaciu-pasaras-15kg\\\/\",\"name\":\"QUATTRO Extra Poultry sausas ka\u010di\u0173 pa\u0161aras su pauk\u0161tiena, 1,5 kg - anivet.lt\",\"isPartOf\":{\"@id\":\"https:\\\/\\\/anivet.lt\\\/elparduotuve\\\/#website\"},\"primaryImageOfPage\":{\"@id\":\"https:\\\/\\\/anivet.lt\\\/elparduotuve\\\/produktas\\\/quattro-extra-poultry-su-paukstiena-sausas-kaciu-pasaras-15kg\\\/#primaryimage\"},\"image\":{\"@id\":\"https:\\\/\\\/anivet.lt\\\/elparduotuve\\\/produktas\\\/quattro-extra-poultry-su-paukstiena-sausas-kaciu-pasaras-15kg\\\/#primaryimage\"},\"thumbnailUrl\":\"https:\\\/\\\/anivet.lt\\\/elparduotuve\\\/wp-content\\\/uploads\\\/2023\\\/07\\\/QUATTRO-EXTRA-POULTRY-SU-PAUKSTIENA-SAUSAS-KACIU-PASARAS-15KG.png\",\"datePublished\":\"2023-07-22T18:02:35+00:00\",\"dateModified\":\"2025-11-28T14:40:59+00:00\",\"description\":\"Visavertis pa\u0161aras suaugusioms kat\u0117ms nuo 1 met\u0173 am\u017eiaus, praturtintas taurinu, Omega-3 ir vitaminais, u\u017etikrinan\u010diais sveik\u0105 \u0161ird\u012f, \u017evilgant\u012f kail\u012f ir ger\u0105 reg\u0117jim\u0105.\",\"breadcrumb\":{\"@id\":\"https:\\\/\\\/anivet.lt\\\/elparduotuve\\\/produktas\\\/quattro-extra-poultry-su-paukstiena-sausas-kaciu-pasaras-15kg\\\/#breadcrumb\"},\"inLanguage\":\"lt-LT\",\"potentialAction\":[{\"@type\":\"ReadAction\",\"target\":[\"https:\\\/\\\/anivet.lt\\\/elparduotuve\\\/produktas\\\/quattro-extra-poultry-su-paukstiena-sausas-kaciu-pasaras-15kg\\\/\"]}]},{\"@type\":\"ImageObject\",\"inLanguage\":\"lt-LT\",\"@id\":\"https:\\\/\\\/anivet.lt\\\/elparduotuve\\\/produktas\\\/quattro-extra-poultry-su-paukstiena-sausas-kaciu-pasaras-15kg\\\/#primaryimage\",\"url\":\"https:\\\/\\\/anivet.lt\\\/elparduotuve\\\/wp-content\\\/uploads\\\/2023\\\/07\\\/QUATTRO-EXTRA-POULTRY-SU-PAUKSTIENA-SAUSAS-KACIU-PASARAS-15KG.png\",\"contentUrl\":\"https:\\\/\\\/anivet.lt\\\/elparduotuve\\\/wp-content\\\/uploads\\\/2023\\\/07\\\/QUATTRO-EXTRA-POULTRY-SU-PAUKSTIENA-SAUSAS-KACIU-PASARAS-15KG.png\",\"width\":625,\"height\":794,\"caption\":\"QUATTRO Extra Poultry sausas ka\u010di\u0173 pa\u0161aras su pauk\u0161tiena, 1,5 kg\"},{\"@type\":\"BreadcrumbList\",\"@id\":\"https:\\\/\\\/anivet.lt\\\/elparduotuve\\\/produktas\\\/quattro-extra-poultry-su-paukstiena-sausas-kaciu-pasaras-15kg\\\/#breadcrumb\",\"itemListElement\":[{\"@type\":\"ListItem\",\"position\":1,\"name\":\"Home\",\"item\":\"https:\\\/\\\/anivet.lt\\\/elparduotuve\\\/\"},{\"@type\":\"ListItem\",\"position\":2,\"name\":\"Produktai\",\"item\":\"https:\\\/\\\/anivet.lt\\\/elparduotuve\\\/produktai\\\/\"},{\"@type\":\"ListItem\",\"position\":3,\"name\":\"QUATTRO Extra Poultry sausas ka\u010di\u0173 pa\u0161aras su pauk\u0161tiena, 1,5 kg\"}]},{\"@type\":\"WebSite\",\"@id\":\"https:\\\/\\\/anivet.lt\\\/elparduotuve\\\/#website\",\"url\":\"https:\\\/\\\/anivet.lt\\\/elparduotuve\\\/\",\"name\":\"anivet.lt\",\"description\":\"Viskas J\u016bs\u0173 \u0161uns, kat\u0117s prie\u017ei\u016brai\",\"publisher\":{\"@id\":\"https:\\\/\\\/anivet.lt\\\/elparduotuve\\\/#organization\"},\"alternateName\":\"Viskas J\u016bs\u0173 \u0161uns, kat\u0117s prie\u017ei\u016brai\",\"potentialAction\":[{\"@type\":\"SearchAction\",\"target\":{\"@type\":\"EntryPoint\",\"urlTemplate\":\"https:\\\/\\\/anivet.lt\\\/elparduotuve\\\/?s={search_term_string}\"},\"query-input\":{\"@type\":\"PropertyValueSpecification\",\"valueRequired\":true,\"valueName\":\"search_term_string\"}}],\"inLanguage\":\"lt-LT\"},{\"@type\":\"Organization\",\"@id\":\"https:\\\/\\\/anivet.lt\\\/elparduotuve\\\/#organization\",\"name\":\"Viskas J\u016bs\u0173 \u0161uns, kat\u0117s prie\u017ei\u016brai\",\"url\":\"https:\\\/\\\/anivet.lt\\\/elparduotuve\\\/\",\"logo\":{\"@type\":\"ImageObject\",\"inLanguage\":\"lt-LT\",\"@id\":\"https:\\\/\\\/anivet.lt\\\/elparduotuve\\\/#\\\/schema\\\/logo\\\/image\\\/\",\"url\":\"https:\\\/\\\/anivet.lt\\\/elparduotuve\\\/wp-content\\\/uploads\\\/2023\\\/06\\\/logo2.jpg\",\"contentUrl\":\"https:\\\/\\\/anivet.lt\\\/elparduotuve\\\/wp-content\\\/uploads\\\/2023\\\/06\\\/logo2.jpg\",\"width\":655,\"height\":194,\"caption\":\"Viskas J\u016bs\u0173 \u0161uns, kat\u0117s prie\u017ei\u016brai\"},\"image\":{\"@id\":\"https:\\\/\\\/anivet.lt\\\/elparduotuve\\\/#\\\/schema\\\/logo\\\/image\\\/\"}}]}<\/script>\n<!-- \/ Yoast SEO Premium plugin. -->","yoast_head_json":{"title":"QUATTRO Extra Poultry sausas ka\u010di\u0173 pa\u0161aras su pauk\u0161tiena, 1,5 kg - anivet.lt","description":"Visavertis pa\u0161aras suaugusioms kat\u0117ms nuo 1 met\u0173 am\u017eiaus, praturtintas taurinu, Omega-3 ir vitaminais, u\u017etikrinan\u010diais sveik\u0105 \u0161ird\u012f, \u017evilgant\u012f kail\u012f ir ger\u0105 reg\u0117jim\u0105.","robots":{"index":"index","follow":"follow","max-snippet":"max-snippet:-1","max-image-preview":"max-image-preview:large","max-video-preview":"max-video-preview:-1"},"canonical":"https:\/\/anivet.lt\/elparduotuve\/produktas\/quattro-extra-poultry-su-paukstiena-sausas-kaciu-pasaras-15kg\/","og_locale":"lt_LT","og_type":"article","og_title":"QUATTRO Extra Poultry sausas ka\u010di\u0173 pa\u0161aras su pauk\u0161tiena, 1,5 kg","og_description":"Visavertis pa\u0161aras suaugusioms kat\u0117ms nuo 1 met\u0173 am\u017eiaus, praturtintas taurinu, Omega-3 ir vitaminais, u\u017etikrinan\u010diais sveik\u0105 \u0161ird\u012f, \u017evilgant\u012f kail\u012f ir ger\u0105 reg\u0117jim\u0105.","og_url":"https:\/\/anivet.lt\/elparduotuve\/produktas\/quattro-extra-poultry-su-paukstiena-sausas-kaciu-pasaras-15kg\/","og_site_name":"anivet.lt","article_modified_time":"2025-11-28T14:40:59+00:00","og_image":[{"width":625,"height":794,"url":"https:\/\/anivet.lt\/elparduotuve\/wp-content\/uploads\/2023\/07\/QUATTRO-EXTRA-POULTRY-SU-PAUKSTIENA-SAUSAS-KACIU-PASARAS-15KG.png","type":"image\/png"}],"twitter_card":"summary_large_image","twitter_misc":{"Est. reading time":"1 minut\u0117"},"schema":{"@context":"https:\/\/schema.org","@graph":[{"@type":"WebPage","@id":"https:\/\/anivet.lt\/elparduotuve\/produktas\/quattro-extra-poultry-su-paukstiena-sausas-kaciu-pasaras-15kg\/","url":"https:\/\/anivet.lt\/elparduotuve\/produktas\/quattro-extra-poultry-su-paukstiena-sausas-kaciu-pasaras-15kg\/","name":"QUATTRO Extra Poultry sausas ka\u010di\u0173 pa\u0161aras su pauk\u0161tiena, 1,5 kg - anivet.lt","isPartOf":{"@id":"https:\/\/anivet.lt\/elparduotuve\/#website"},"primaryImageOfPage":{"@id":"https:\/\/anivet.lt\/elparduotuve\/produktas\/quattro-extra-poultry-su-paukstiena-sausas-kaciu-pasaras-15kg\/#primaryimage"},"image":{"@id":"https:\/\/anivet.lt\/elparduotuve\/produktas\/quattro-extra-poultry-su-paukstiena-sausas-kaciu-pasaras-15kg\/#primaryimage"},"thumbnailUrl":"https:\/\/anivet.lt\/elparduotuve\/wp-content\/uploads\/2023\/07\/QUATTRO-EXTRA-POULTRY-SU-PAUKSTIENA-SAUSAS-KACIU-PASARAS-15KG.png","datePublished":"2023-07-22T18:02:35+00:00","dateModified":"2025-11-28T14:40:59+00:00","description":"Visavertis pa\u0161aras suaugusioms kat\u0117ms nuo 1 met\u0173 am\u017eiaus, praturtintas taurinu, Omega-3 ir vitaminais, u\u017etikrinan\u010diais sveik\u0105 \u0161ird\u012f, \u017evilgant\u012f kail\u012f ir ger\u0105 reg\u0117jim\u0105.","breadcrumb":{"@id":"https:\/\/anivet.lt\/elparduotuve\/produktas\/quattro-extra-poultry-su-paukstiena-sausas-kaciu-pasaras-15kg\/#breadcrumb"},"inLanguage":"lt-LT","potentialAction":[{"@type":"ReadAction","target":["https:\/\/anivet.lt\/elparduotuve\/produktas\/quattro-extra-poultry-su-paukstiena-sausas-kaciu-pasaras-15kg\/"]}]},{"@type":"ImageObject","inLanguage":"lt-LT","@id":"https:\/\/anivet.lt\/elparduotuve\/produktas\/quattro-extra-poultry-su-paukstiena-sausas-kaciu-pasaras-15kg\/#primaryimage","url":"https:\/\/anivet.lt\/elparduotuve\/wp-content\/uploads\/2023\/07\/QUATTRO-EXTRA-POULTRY-SU-PAUKSTIENA-SAUSAS-KACIU-PASARAS-15KG.png","contentUrl":"https:\/\/anivet.lt\/elparduotuve\/wp-content\/uploads\/2023\/07\/QUATTRO-EXTRA-POULTRY-SU-PAUKSTIENA-SAUSAS-KACIU-PASARAS-15KG.png","width":625,"height":794,"caption":"QUATTRO Extra Poultry sausas ka\u010di\u0173 pa\u0161aras su pauk\u0161tiena, 1,5 kg"},{"@type":"BreadcrumbList","@id":"https:\/\/anivet.lt\/elparduotuve\/produktas\/quattro-extra-poultry-su-paukstiena-sausas-kaciu-pasaras-15kg\/#breadcrumb","itemListElement":[{"@type":"ListItem","position":1,"name":"Home","item":"https:\/\/anivet.lt\/elparduotuve\/"},{"@type":"ListItem","position":2,"name":"Produktai","item":"https:\/\/anivet.lt\/elparduotuve\/produktai\/"},{"@type":"ListItem","position":3,"name":"QUATTRO Extra Poultry sausas ka\u010di\u0173 pa\u0161aras su pauk\u0161tiena, 1,5 kg"}]},{"@type":"WebSite","@id":"https:\/\/anivet.lt\/elparduotuve\/#website","url":"https:\/\/anivet.lt\/elparduotuve\/","name":"anivet.lt","description":"Viskas J\u016bs\u0173 \u0161uns, kat\u0117s prie\u017ei\u016brai","publisher":{"@id":"https:\/\/anivet.lt\/elparduotuve\/#organization"},"alternateName":"Viskas J\u016bs\u0173 \u0161uns, kat\u0117s prie\u017ei\u016brai","potentialAction":[{"@type":"SearchAction","target":{"@type":"EntryPoint","urlTemplate":"https:\/\/anivet.lt\/elparduotuve\/?s={search_term_string}"},"query-input":{"@type":"PropertyValueSpecification","valueRequired":true,"valueName":"search_term_string"}}],"inLanguage":"lt-LT"},{"@type":"Organization","@id":"https:\/\/anivet.lt\/elparduotuve\/#organization","name":"Viskas J\u016bs\u0173 \u0161uns, kat\u0117s prie\u017ei\u016brai","url":"https:\/\/anivet.lt\/elparduotuve\/","logo":{"@type":"ImageObject","inLanguage":"lt-LT","@id":"https:\/\/anivet.lt\/elparduotuve\/#\/schema\/logo\/image\/","url":"https:\/\/anivet.lt\/elparduotuve\/wp-content\/uploads\/2023\/06\/logo2.jpg","contentUrl":"https:\/\/anivet.lt\/elparduotuve\/wp-content\/uploads\/2023\/06\/logo2.jpg","width":655,"height":194,"caption":"Viskas J\u016bs\u0173 \u0161uns, kat\u0117s prie\u017ei\u016brai"},"image":{"@id":"https:\/\/anivet.lt\/elparduotuve\/#\/schema\/logo\/image\/"}}]}},"_links":{"self":[{"href":"https:\/\/anivet.lt\/elparduotuve\/wp-json\/wp\/v2\/product\/10500","targetHints":{"allow":["GET"]}}],"collection":[{"href":"https:\/\/anivet.lt\/elparduotuve\/wp-json\/wp\/v2\/product"}],"about":[{"href":"https:\/\/anivet.lt\/elparduotuve\/wp-json\/wp\/v2\/types\/product"}],"wp:featuredmedia":[{"embeddable":true,"href":"https:\/\/anivet.lt\/elparduotuve\/wp-json\/wp\/v2\/media\/10501"}],"wp:attachment":[{"href":"https:\/\/anivet.lt\/elparduotuve\/wp-json\/wp\/v2\/media?parent=10500"}],"wp:term":[{"taxonomy":"product_brand","embeddable":true,"href":"https:\/\/anivet.lt\/elparduotuve\/wp-json\/wp\/v2\/product_brand?post=10500"},{"taxonomy":"product_cat","embeddable":true,"href":"https:\/\/anivet.lt\/elparduotuve\/wp-json\/wp\/v2\/product_cat?post=10500"},{"taxonomy":"product_tag","embeddable":true,"href":"https:\/\/anivet.lt\/elparduotuve\/wp-json\/wp\/v2\/product_tag?post=10500"}],"curies":[{"name":"wp","href":"https:\/\/api.w.org\/{rel}","templated":true}]}}