{"id":10515,"date":"2023-07-23T08:17:12","date_gmt":"2023-07-23T08:17:12","guid":{"rendered":"https:\/\/anivet.lt\/elparduotuve\/?post_type=product&#038;p=10515"},"modified":"2026-03-26T15:37:01","modified_gmt":"2026-03-26T15:37:01","slug":"exclusion-mediterraneo-sausas-maistas-sterilizuotoms-katems-su-tunu","status":"publish","type":"product","link":"https:\/\/anivet.lt\/elparduotuve\/produktas\/exclusion-mediterraneo-sausas-maistas-sterilizuotoms-katems-su-tunu\/","title":{"rendered":"Exclusion Mediterraneo sausas maistas sterilizuotoms kat\u0117ms su tunu"},"content":{"rendered":"<ul>\n<li style=\"font-weight: 400;\" aria-level=\"1\"><span style=\"font-weight: 400;\">Vieno baltymo \u0161altinis: Tunas (26%) \u2013 lengvai vir\u0161kinamas ir puikus gyv\u016bnini\u0173 baltym\u0173 \u0161altinis.<\/span><\/li>\n<li style=\"font-weight: 400;\" aria-level=\"1\"><span style=\"font-weight: 400;\">\u0160lapimo tak\u0173 sveikata: Specialiai parinkti ingredientai padeda palaikyti \u0161lapimo tak\u0173 veikl\u0105.<\/span><\/li>\n<li style=\"font-weight: 400;\" aria-level=\"1\"><span style=\"font-weight: 400;\">Vidur\u017eemio j\u016bros supermaistas: Papildytas granat\u0173, m\u0117lyni\u0173, gervuogi\u0173 ir avie\u010di\u0173 antioksidantais, stiprinan\u010diais imunin\u0119 sistem\u0105.<\/span><\/li>\n<li style=\"font-weight: 400;\" aria-level=\"1\"><span style=\"font-weight: 400;\">Sveika oda ir kailis: La\u0161i\u0161\u0173 aliejus padeda i\u0161laikyti blizgant\u012f kail\u012f ir sveik\u0105 od\u0105.<\/span><\/li>\n<li style=\"font-weight: 400;\" aria-level=\"1\"><span style=\"font-weight: 400;\">Ma\u017eina plauk\u0173 kamuoliukus: Gausus maistini\u0173 skaidul\u0173 kiekis padeda suma\u017einti plauk\u0173 kamuoliuk\u0173 formavim\u0105si.<\/span><\/li>\n<\/ul>\n<p><span style=\"font-weight: 400;\">\u201eExclusion Mediterraneo\u201c sausas maistas su tunu \u2013 tai subalansuotas pasirinkimas sterilizuotoms kat\u0117ms, suteikiantis joms ger\u0105 savijaut\u0105 ir energij\u0105. \u0160is pa\u0161aras u\u017etikrina auk\u0161tos kokyb\u0117s mityb\u0105 ir sveik\u0105 gyvenimo b\u016bd\u0105 kasdien.<\/span><\/p>\n","protected":false},"excerpt":{"rendered":"<p><span style=\"font-weight: 400;\">Visavertis sausas maistas, sukurtas specialiai sterilizuotoms kat\u0117ms, siekiant palaikyti sveik\u0105 \u0161lapimo tak\u0173 veikl\u0105 ir subalansuot\u0105 mityb\u0105. Sud\u0117tyje esantis tunas ir Vidur\u017eemio j\u016bros regiono supermaisto ingredientai u\u017etikrina puiki\u0105 maistin\u0119 kokyb\u0119 ir optimal\u0173 kat\u0117s sveikatos palaikym\u0105.<\/span><\/p>\n","protected":false},"featured_media":10518,"template":"","meta":[],"product_brand":[],"product_cat":[114,115,102,341],"product_tag":[],"class_list":{"0":"post-10515","1":"product","2":"type-product","3":"status-publish","4":"has-post-thumbnail","6":"product_cat-kaciu-maistas","7":"product_cat-sausas-maistas-ir-skanestai-katems","8":"product_cat-katems","9":"product_cat-exclusion-kaciu-maistas","10":"pa_prekinis-zenklas-exclusion","12":"first","13":"instock","14":"taxable","15":"shipping-taxable","16":"purchasable","17":"product-type-variable"},"yoast_head":"<!-- This site is optimized with the Yoast SEO Premium plugin v27.1 (Yoast SEO v27.5) - https:\/\/yoast.com\/product\/yoast-seo-premium-wordpress\/ -->\n<title>Exclusion Mediterraneo sausas maistas sterilizuotoms kat\u0117ms su tunu - anivet.lt<\/title>\n<meta name=\"description\" content=\"Visavertis sausas maistas, sukurtas specialiai sterilizuotoms kat\u0117ms, siekiant palaikyti sveik\u0105 \u0161lapimo tak\u0173 veikl\u0105 ir subalansuot\u0105 mityb\u0105. Sud\u0117tyje esantis tunas ir Vidur\u017eemio j\u016bros regiono supermaisto ingredientai u\u017etikrina puiki\u0105 maistin\u0119 kokyb\u0119 ir optimal\u0173 kat\u0117s sveikatos palaikym\u0105.\" \/>\n<meta name=\"robots\" content=\"index, follow, max-snippet:-1, max-image-preview:large, max-video-preview:-1\" \/>\n<link rel=\"canonical\" href=\"https:\/\/anivet.lt\/elparduotuve\/produktas\/exclusion-mediterraneo-sausas-maistas-sterilizuotoms-katems-su-tunu\/\" \/>\n<meta property=\"og:locale\" content=\"lt_LT\" \/>\n<meta property=\"og:type\" content=\"article\" \/>\n<meta property=\"og:title\" content=\"Exclusion Mediterraneo sausas maistas sterilizuotoms kat\u0117ms su tunu\" \/>\n<meta property=\"og:description\" content=\"Visavertis sausas maistas, sukurtas specialiai sterilizuotoms kat\u0117ms, siekiant palaikyti sveik\u0105 \u0161lapimo tak\u0173 veikl\u0105 ir subalansuot\u0105 mityb\u0105. Sud\u0117tyje esantis tunas ir Vidur\u017eemio j\u016bros regiono supermaisto ingredientai u\u017etikrina puiki\u0105 maistin\u0119 kokyb\u0119 ir optimal\u0173 kat\u0117s sveikatos palaikym\u0105.\" \/>\n<meta property=\"og:url\" content=\"https:\/\/anivet.lt\/elparduotuve\/produktas\/exclusion-mediterraneo-sausas-maistas-sterilizuotoms-katems-su-tunu\/\" \/>\n<meta property=\"og:site_name\" content=\"anivet.lt\" \/>\n<meta property=\"article:modified_time\" content=\"2026-03-26T15:37:01+00:00\" \/>\n<meta property=\"og:image\" content=\"https:\/\/anivet.lt\/elparduotuve\/wp-content\/uploads\/2023\/07\/Exclusion-Mediterraneo-sausas-kaciu-maistas-sterilizuotoms-katems-su-tunu.png\" \/>\n\t<meta property=\"og:image:width\" content=\"600\" \/>\n\t<meta property=\"og:image:height\" content=\"600\" \/>\n\t<meta property=\"og:image:type\" content=\"image\/png\" \/>\n<meta name=\"twitter:card\" content=\"summary_large_image\" \/>\n<meta name=\"twitter:label1\" content=\"Est. reading time\" \/>\n\t<meta name=\"twitter:data1\" content=\"1 minut\u0117\" \/>\n<script type=\"application\/ld+json\" class=\"yoast-schema-graph\">{\"@context\":\"https:\\\/\\\/schema.org\",\"@graph\":[{\"@type\":\"WebPage\",\"@id\":\"https:\\\/\\\/anivet.lt\\\/elparduotuve\\\/produktas\\\/exclusion-mediterraneo-sausas-maistas-sterilizuotoms-katems-su-tunu\\\/\",\"url\":\"https:\\\/\\\/anivet.lt\\\/elparduotuve\\\/produktas\\\/exclusion-mediterraneo-sausas-maistas-sterilizuotoms-katems-su-tunu\\\/\",\"name\":\"Exclusion Mediterraneo sausas maistas sterilizuotoms kat\u0117ms su tunu - anivet.lt\",\"isPartOf\":{\"@id\":\"https:\\\/\\\/anivet.lt\\\/elparduotuve\\\/#website\"},\"primaryImageOfPage\":{\"@id\":\"https:\\\/\\\/anivet.lt\\\/elparduotuve\\\/produktas\\\/exclusion-mediterraneo-sausas-maistas-sterilizuotoms-katems-su-tunu\\\/#primaryimage\"},\"image\":{\"@id\":\"https:\\\/\\\/anivet.lt\\\/elparduotuve\\\/produktas\\\/exclusion-mediterraneo-sausas-maistas-sterilizuotoms-katems-su-tunu\\\/#primaryimage\"},\"thumbnailUrl\":\"https:\\\/\\\/anivet.lt\\\/elparduotuve\\\/wp-content\\\/uploads\\\/2023\\\/07\\\/Exclusion-Mediterraneo-sausas-kaciu-maistas-sterilizuotoms-katems-su-tunu.png\",\"datePublished\":\"2023-07-23T08:17:12+00:00\",\"dateModified\":\"2026-03-26T15:37:01+00:00\",\"description\":\"Visavertis sausas maistas, sukurtas specialiai sterilizuotoms kat\u0117ms, siekiant palaikyti sveik\u0105 \u0161lapimo tak\u0173 veikl\u0105 ir subalansuot\u0105 mityb\u0105. Sud\u0117tyje esantis tunas ir Vidur\u017eemio j\u016bros regiono supermaisto ingredientai u\u017etikrina puiki\u0105 maistin\u0119 kokyb\u0119 ir optimal\u0173 kat\u0117s sveikatos palaikym\u0105.\",\"breadcrumb\":{\"@id\":\"https:\\\/\\\/anivet.lt\\\/elparduotuve\\\/produktas\\\/exclusion-mediterraneo-sausas-maistas-sterilizuotoms-katems-su-tunu\\\/#breadcrumb\"},\"inLanguage\":\"lt-LT\",\"potentialAction\":[{\"@type\":\"ReadAction\",\"target\":[\"https:\\\/\\\/anivet.lt\\\/elparduotuve\\\/produktas\\\/exclusion-mediterraneo-sausas-maistas-sterilizuotoms-katems-su-tunu\\\/\"]}]},{\"@type\":\"ImageObject\",\"inLanguage\":\"lt-LT\",\"@id\":\"https:\\\/\\\/anivet.lt\\\/elparduotuve\\\/produktas\\\/exclusion-mediterraneo-sausas-maistas-sterilizuotoms-katems-su-tunu\\\/#primaryimage\",\"url\":\"https:\\\/\\\/anivet.lt\\\/elparduotuve\\\/wp-content\\\/uploads\\\/2023\\\/07\\\/Exclusion-Mediterraneo-sausas-kaciu-maistas-sterilizuotoms-katems-su-tunu.png\",\"contentUrl\":\"https:\\\/\\\/anivet.lt\\\/elparduotuve\\\/wp-content\\\/uploads\\\/2023\\\/07\\\/Exclusion-Mediterraneo-sausas-kaciu-maistas-sterilizuotoms-katems-su-tunu.png\",\"width\":600,\"height\":600,\"caption\":\"Exclusion Mediterraneo sausas maistas sterilizuotoms kat\u0117ms su tunu - 300g.\"},{\"@type\":\"BreadcrumbList\",\"@id\":\"https:\\\/\\\/anivet.lt\\\/elparduotuve\\\/produktas\\\/exclusion-mediterraneo-sausas-maistas-sterilizuotoms-katems-su-tunu\\\/#breadcrumb\",\"itemListElement\":[{\"@type\":\"ListItem\",\"position\":1,\"name\":\"Home\",\"item\":\"https:\\\/\\\/anivet.lt\\\/elparduotuve\\\/\"},{\"@type\":\"ListItem\",\"position\":2,\"name\":\"Produktai\",\"item\":\"https:\\\/\\\/anivet.lt\\\/elparduotuve\\\/produktai\\\/\"},{\"@type\":\"ListItem\",\"position\":3,\"name\":\"Exclusion Mediterraneo sausas maistas sterilizuotoms kat\u0117ms su tunu\"}]},{\"@type\":\"WebSite\",\"@id\":\"https:\\\/\\\/anivet.lt\\\/elparduotuve\\\/#website\",\"url\":\"https:\\\/\\\/anivet.lt\\\/elparduotuve\\\/\",\"name\":\"anivet.lt\",\"description\":\"Viskas J\u016bs\u0173 \u0161uns, kat\u0117s prie\u017ei\u016brai\",\"publisher\":{\"@id\":\"https:\\\/\\\/anivet.lt\\\/elparduotuve\\\/#organization\"},\"alternateName\":\"Viskas J\u016bs\u0173 \u0161uns, kat\u0117s prie\u017ei\u016brai\",\"potentialAction\":[{\"@type\":\"SearchAction\",\"target\":{\"@type\":\"EntryPoint\",\"urlTemplate\":\"https:\\\/\\\/anivet.lt\\\/elparduotuve\\\/?s={search_term_string}\"},\"query-input\":{\"@type\":\"PropertyValueSpecification\",\"valueRequired\":true,\"valueName\":\"search_term_string\"}}],\"inLanguage\":\"lt-LT\"},{\"@type\":\"Organization\",\"@id\":\"https:\\\/\\\/anivet.lt\\\/elparduotuve\\\/#organization\",\"name\":\"Viskas J\u016bs\u0173 \u0161uns, kat\u0117s prie\u017ei\u016brai\",\"url\":\"https:\\\/\\\/anivet.lt\\\/elparduotuve\\\/\",\"logo\":{\"@type\":\"ImageObject\",\"inLanguage\":\"lt-LT\",\"@id\":\"https:\\\/\\\/anivet.lt\\\/elparduotuve\\\/#\\\/schema\\\/logo\\\/image\\\/\",\"url\":\"https:\\\/\\\/anivet.lt\\\/elparduotuve\\\/wp-content\\\/uploads\\\/2023\\\/06\\\/logo2.jpg\",\"contentUrl\":\"https:\\\/\\\/anivet.lt\\\/elparduotuve\\\/wp-content\\\/uploads\\\/2023\\\/06\\\/logo2.jpg\",\"width\":655,\"height\":194,\"caption\":\"Viskas J\u016bs\u0173 \u0161uns, kat\u0117s prie\u017ei\u016brai\"},\"image\":{\"@id\":\"https:\\\/\\\/anivet.lt\\\/elparduotuve\\\/#\\\/schema\\\/logo\\\/image\\\/\"}}]}<\/script>\n<!-- \/ Yoast SEO Premium plugin. -->","yoast_head_json":{"title":"Exclusion Mediterraneo sausas maistas sterilizuotoms kat\u0117ms su tunu - anivet.lt","description":"Visavertis sausas maistas, sukurtas specialiai sterilizuotoms kat\u0117ms, siekiant palaikyti sveik\u0105 \u0161lapimo tak\u0173 veikl\u0105 ir subalansuot\u0105 mityb\u0105. Sud\u0117tyje esantis tunas ir Vidur\u017eemio j\u016bros regiono supermaisto ingredientai u\u017etikrina puiki\u0105 maistin\u0119 kokyb\u0119 ir optimal\u0173 kat\u0117s sveikatos palaikym\u0105.","robots":{"index":"index","follow":"follow","max-snippet":"max-snippet:-1","max-image-preview":"max-image-preview:large","max-video-preview":"max-video-preview:-1"},"canonical":"https:\/\/anivet.lt\/elparduotuve\/produktas\/exclusion-mediterraneo-sausas-maistas-sterilizuotoms-katems-su-tunu\/","og_locale":"lt_LT","og_type":"article","og_title":"Exclusion Mediterraneo sausas maistas sterilizuotoms kat\u0117ms su tunu","og_description":"Visavertis sausas maistas, sukurtas specialiai sterilizuotoms kat\u0117ms, siekiant palaikyti sveik\u0105 \u0161lapimo tak\u0173 veikl\u0105 ir subalansuot\u0105 mityb\u0105. Sud\u0117tyje esantis tunas ir Vidur\u017eemio j\u016bros regiono supermaisto ingredientai u\u017etikrina puiki\u0105 maistin\u0119 kokyb\u0119 ir optimal\u0173 kat\u0117s sveikatos palaikym\u0105.","og_url":"https:\/\/anivet.lt\/elparduotuve\/produktas\/exclusion-mediterraneo-sausas-maistas-sterilizuotoms-katems-su-tunu\/","og_site_name":"anivet.lt","article_modified_time":"2026-03-26T15:37:01+00:00","og_image":[{"width":600,"height":600,"url":"https:\/\/anivet.lt\/elparduotuve\/wp-content\/uploads\/2023\/07\/Exclusion-Mediterraneo-sausas-kaciu-maistas-sterilizuotoms-katems-su-tunu.png","type":"image\/png"}],"twitter_card":"summary_large_image","twitter_misc":{"Est. reading time":"1 minut\u0117"},"schema":{"@context":"https:\/\/schema.org","@graph":[{"@type":"WebPage","@id":"https:\/\/anivet.lt\/elparduotuve\/produktas\/exclusion-mediterraneo-sausas-maistas-sterilizuotoms-katems-su-tunu\/","url":"https:\/\/anivet.lt\/elparduotuve\/produktas\/exclusion-mediterraneo-sausas-maistas-sterilizuotoms-katems-su-tunu\/","name":"Exclusion Mediterraneo sausas maistas sterilizuotoms kat\u0117ms su tunu - anivet.lt","isPartOf":{"@id":"https:\/\/anivet.lt\/elparduotuve\/#website"},"primaryImageOfPage":{"@id":"https:\/\/anivet.lt\/elparduotuve\/produktas\/exclusion-mediterraneo-sausas-maistas-sterilizuotoms-katems-su-tunu\/#primaryimage"},"image":{"@id":"https:\/\/anivet.lt\/elparduotuve\/produktas\/exclusion-mediterraneo-sausas-maistas-sterilizuotoms-katems-su-tunu\/#primaryimage"},"thumbnailUrl":"https:\/\/anivet.lt\/elparduotuve\/wp-content\/uploads\/2023\/07\/Exclusion-Mediterraneo-sausas-kaciu-maistas-sterilizuotoms-katems-su-tunu.png","datePublished":"2023-07-23T08:17:12+00:00","dateModified":"2026-03-26T15:37:01+00:00","description":"Visavertis sausas maistas, sukurtas specialiai sterilizuotoms kat\u0117ms, siekiant palaikyti sveik\u0105 \u0161lapimo tak\u0173 veikl\u0105 ir subalansuot\u0105 mityb\u0105. Sud\u0117tyje esantis tunas ir Vidur\u017eemio j\u016bros regiono supermaisto ingredientai u\u017etikrina puiki\u0105 maistin\u0119 kokyb\u0119 ir optimal\u0173 kat\u0117s sveikatos palaikym\u0105.","breadcrumb":{"@id":"https:\/\/anivet.lt\/elparduotuve\/produktas\/exclusion-mediterraneo-sausas-maistas-sterilizuotoms-katems-su-tunu\/#breadcrumb"},"inLanguage":"lt-LT","potentialAction":[{"@type":"ReadAction","target":["https:\/\/anivet.lt\/elparduotuve\/produktas\/exclusion-mediterraneo-sausas-maistas-sterilizuotoms-katems-su-tunu\/"]}]},{"@type":"ImageObject","inLanguage":"lt-LT","@id":"https:\/\/anivet.lt\/elparduotuve\/produktas\/exclusion-mediterraneo-sausas-maistas-sterilizuotoms-katems-su-tunu\/#primaryimage","url":"https:\/\/anivet.lt\/elparduotuve\/wp-content\/uploads\/2023\/07\/Exclusion-Mediterraneo-sausas-kaciu-maistas-sterilizuotoms-katems-su-tunu.png","contentUrl":"https:\/\/anivet.lt\/elparduotuve\/wp-content\/uploads\/2023\/07\/Exclusion-Mediterraneo-sausas-kaciu-maistas-sterilizuotoms-katems-su-tunu.png","width":600,"height":600,"caption":"Exclusion Mediterraneo sausas maistas sterilizuotoms kat\u0117ms su tunu - 300g."},{"@type":"BreadcrumbList","@id":"https:\/\/anivet.lt\/elparduotuve\/produktas\/exclusion-mediterraneo-sausas-maistas-sterilizuotoms-katems-su-tunu\/#breadcrumb","itemListElement":[{"@type":"ListItem","position":1,"name":"Home","item":"https:\/\/anivet.lt\/elparduotuve\/"},{"@type":"ListItem","position":2,"name":"Produktai","item":"https:\/\/anivet.lt\/elparduotuve\/produktai\/"},{"@type":"ListItem","position":3,"name":"Exclusion Mediterraneo sausas maistas sterilizuotoms kat\u0117ms su tunu"}]},{"@type":"WebSite","@id":"https:\/\/anivet.lt\/elparduotuve\/#website","url":"https:\/\/anivet.lt\/elparduotuve\/","name":"anivet.lt","description":"Viskas J\u016bs\u0173 \u0161uns, kat\u0117s prie\u017ei\u016brai","publisher":{"@id":"https:\/\/anivet.lt\/elparduotuve\/#organization"},"alternateName":"Viskas J\u016bs\u0173 \u0161uns, kat\u0117s prie\u017ei\u016brai","potentialAction":[{"@type":"SearchAction","target":{"@type":"EntryPoint","urlTemplate":"https:\/\/anivet.lt\/elparduotuve\/?s={search_term_string}"},"query-input":{"@type":"PropertyValueSpecification","valueRequired":true,"valueName":"search_term_string"}}],"inLanguage":"lt-LT"},{"@type":"Organization","@id":"https:\/\/anivet.lt\/elparduotuve\/#organization","name":"Viskas J\u016bs\u0173 \u0161uns, kat\u0117s prie\u017ei\u016brai","url":"https:\/\/anivet.lt\/elparduotuve\/","logo":{"@type":"ImageObject","inLanguage":"lt-LT","@id":"https:\/\/anivet.lt\/elparduotuve\/#\/schema\/logo\/image\/","url":"https:\/\/anivet.lt\/elparduotuve\/wp-content\/uploads\/2023\/06\/logo2.jpg","contentUrl":"https:\/\/anivet.lt\/elparduotuve\/wp-content\/uploads\/2023\/06\/logo2.jpg","width":655,"height":194,"caption":"Viskas J\u016bs\u0173 \u0161uns, kat\u0117s prie\u017ei\u016brai"},"image":{"@id":"https:\/\/anivet.lt\/elparduotuve\/#\/schema\/logo\/image\/"}}]}},"_links":{"self":[{"href":"https:\/\/anivet.lt\/elparduotuve\/wp-json\/wp\/v2\/product\/10515","targetHints":{"allow":["GET"]}}],"collection":[{"href":"https:\/\/anivet.lt\/elparduotuve\/wp-json\/wp\/v2\/product"}],"about":[{"href":"https:\/\/anivet.lt\/elparduotuve\/wp-json\/wp\/v2\/types\/product"}],"wp:featuredmedia":[{"embeddable":true,"href":"https:\/\/anivet.lt\/elparduotuve\/wp-json\/wp\/v2\/media\/10518"}],"wp:attachment":[{"href":"https:\/\/anivet.lt\/elparduotuve\/wp-json\/wp\/v2\/media?parent=10515"}],"wp:term":[{"taxonomy":"product_brand","embeddable":true,"href":"https:\/\/anivet.lt\/elparduotuve\/wp-json\/wp\/v2\/product_brand?post=10515"},{"taxonomy":"product_cat","embeddable":true,"href":"https:\/\/anivet.lt\/elparduotuve\/wp-json\/wp\/v2\/product_cat?post=10515"},{"taxonomy":"product_tag","embeddable":true,"href":"https:\/\/anivet.lt\/elparduotuve\/wp-json\/wp\/v2\/product_tag?post=10515"}],"curies":[{"name":"wp","href":"https:\/\/api.w.org\/{rel}","templated":true}]}}