{"id":10528,"date":"2023-07-23T10:40:27","date_gmt":"2023-07-23T10:40:27","guid":{"rendered":"https:\/\/anivet.lt\/elparduotuve\/?post_type=product&#038;p=10528"},"modified":"2026-01-28T21:10:22","modified_gmt":"2026-01-28T21:10:22","slug":"exclusion-mediterraneo-sunu-maistas-su-tunu-mazu-veisliu-sunims","status":"publish","type":"product","link":"https:\/\/anivet.lt\/elparduotuve\/produktas\/exclusion-mediterraneo-sunu-maistas-su-tunu-mazu-veisliu-sunims\/","title":{"rendered":"Exclusion Mediterraneo \u0161un\u0173 maistas su tunu ma\u017e\u0173 veisli\u0173 \u0161unims"},"content":{"rendered":"<ul>\n<li><span style=\"font-weight: 400;\">Vienos r\u016b\u0161ies gyv\u016bnin\u0117s kilm\u0117s baltymas: Tunas \u2013 lengvai vir\u0161kinamas ir ma\u017eiau alergizuojantis baltym\u0173 \u0161altinis.<\/span><\/li>\n<li style=\"font-weight: 400;\" aria-level=\"1\"><span style=\"font-weight: 400;\">Vidur\u017eemio j\u016bros supermaistas: Kanap\u0117s, alyvuogi\u0173 aliejus, pomidorai, granatai ir brokoliai praturtina maist\u0105 naudingomis med\u017eiagomis.<\/span><\/li>\n<li style=\"font-weight: 400;\" aria-level=\"1\"><span style=\"font-weight: 400;\">S\u0105nari\u0173 sveikata: Papildytas gliukozaminu ir chondroitinu, padedan\u010diais palaikyti sveikus s\u0105narius.<\/span><\/li>\n<li style=\"font-weight: 400;\" aria-level=\"1\"><span style=\"font-weight: 400;\">Sveika oda ir kailis: Sud\u0117tyje yra s\u0117jam\u0173j\u0173 judr\u0173 aliejaus ir \u017euv\u0173 tauk\u0173, turin\u010di\u0173 nauding\u0173 omega-3 riebal\u0173 r\u016bg\u0161\u010di\u0173.<\/span><\/li>\n<li style=\"font-weight: 400;\" aria-level=\"1\"><span style=\"font-weight: 400;\">Hipoalerginis: Be kvie\u010di\u0173, sojos, kukur\u016bz\u0173 ir vi\u0161tienos riebal\u0173.<\/span><\/li>\n<\/ul>\n<p><span style=\"font-weight: 400;\">\u201eExclusion Mediterraneo\u201d su tunu yra idealus pasirinkimas ma\u017e\u0173 veisli\u0173 \u0161unims, kurie reikalauja subalansuotos ir lengvai vir\u0161kinamos mitybos. \u0160is pa\u0161aras u\u017etikrina ne tik puik\u0173 skon\u012f, bet ir visapusi\u0161k\u0105 sveikatos palaikym\u0105, \u012fskaitant s\u0105nari\u0173, odos ir kailio prie\u017ei\u016br\u0105, bei tinkam\u0105 vir\u0161kinimo sistemos veikl\u0105.<\/span><\/p>\n","protected":false},"excerpt":{"rendered":"<p><span style=\"font-weight: 400;\">Visavertis sausas maistas, praturtintas Vidur\u017eemio j\u016bros regiono ingredientais, skirtas suaugusiems ma\u017e\u0173 veisli\u0173 \u0161unims. Subalansuota sud\u0117tis u\u017etikrina optimali\u0105 mityb\u0105 ir sveikatos palaikym\u0105.<\/span><\/p>\n","protected":false},"featured_media":10531,"template":"","meta":[],"product_brand":[],"product_cat":[101,103,104,317],"product_tag":[],"class_list":{"0":"post-10528","1":"product","2":"type-product","3":"status-publish","4":"has-post-thumbnail","6":"product_cat-sunims","7":"product_cat-sunu-maistas","8":"product_cat-sausas-maistas","9":"product_cat-exclusion-sunu-maistas","10":"pa_prekinis-zenklas-exclusion","12":"first","13":"instock","14":"taxable","15":"shipping-taxable","16":"purchasable","17":"product-type-variable"},"yoast_head":"<!-- This site is optimized with the Yoast SEO Premium plugin v27.1 (Yoast SEO v27.3) - https:\/\/yoast.com\/product\/yoast-seo-premium-wordpress\/ -->\n<title>Exclusion Mediterraneo \u0161un\u0173 maistas su tunu ma\u017e\u0173 veisli\u0173 \u0161unims - anivet.lt<\/title>\n<meta name=\"description\" content=\"Visavertis sausas maistas, praturtintas Vidur\u017eemio j\u016bros regiono ingredientais, skirtas suaugusiems ma\u017e\u0173 veisli\u0173 \u0161unims. Subalansuota sud\u0117tis u\u017etikrina optimali\u0105 mityb\u0105 ir sveikatos palaikym\u0105.\" \/>\n<meta name=\"robots\" content=\"index, follow, max-snippet:-1, max-image-preview:large, max-video-preview:-1\" \/>\n<link rel=\"canonical\" href=\"https:\/\/anivet.lt\/elparduotuve\/produktas\/exclusion-mediterraneo-sunu-maistas-su-tunu-mazu-veisliu-sunims\/\" \/>\n<meta property=\"og:locale\" content=\"lt_LT\" \/>\n<meta property=\"og:type\" content=\"article\" \/>\n<meta property=\"og:title\" content=\"Exclusion Mediterraneo \u0161un\u0173 maistas su tunu ma\u017e\u0173 veisli\u0173 \u0161unims\" \/>\n<meta property=\"og:description\" content=\"Visavertis sausas maistas, praturtintas Vidur\u017eemio j\u016bros regiono ingredientais, skirtas suaugusiems ma\u017e\u0173 veisli\u0173 \u0161unims. Subalansuota sud\u0117tis u\u017etikrina optimali\u0105 mityb\u0105 ir sveikatos palaikym\u0105.\" \/>\n<meta property=\"og:url\" content=\"https:\/\/anivet.lt\/elparduotuve\/produktas\/exclusion-mediterraneo-sunu-maistas-su-tunu-mazu-veisliu-sunims\/\" \/>\n<meta property=\"og:site_name\" content=\"anivet.lt\" \/>\n<meta property=\"article:modified_time\" content=\"2026-01-28T21:10:22+00:00\" \/>\n<meta property=\"og:image\" content=\"https:\/\/anivet.lt\/elparduotuve\/wp-content\/uploads\/2023\/07\/Exclusion-Mediterraneo-sunu-maistas-su-tunu-mazu-veisliu-sunims.png\" \/>\n\t<meta property=\"og:image:width\" content=\"600\" \/>\n\t<meta property=\"og:image:height\" content=\"600\" \/>\n\t<meta property=\"og:image:type\" content=\"image\/png\" \/>\n<meta name=\"twitter:card\" content=\"summary_large_image\" \/>\n<meta name=\"twitter:label1\" content=\"Est. reading time\" \/>\n\t<meta name=\"twitter:data1\" content=\"1 minut\u0117\" \/>\n<script type=\"application\/ld+json\" class=\"yoast-schema-graph\">{\"@context\":\"https:\\\/\\\/schema.org\",\"@graph\":[{\"@type\":\"WebPage\",\"@id\":\"https:\\\/\\\/anivet.lt\\\/elparduotuve\\\/produktas\\\/exclusion-mediterraneo-sunu-maistas-su-tunu-mazu-veisliu-sunims\\\/\",\"url\":\"https:\\\/\\\/anivet.lt\\\/elparduotuve\\\/produktas\\\/exclusion-mediterraneo-sunu-maistas-su-tunu-mazu-veisliu-sunims\\\/\",\"name\":\"Exclusion Mediterraneo \u0161un\u0173 maistas su tunu ma\u017e\u0173 veisli\u0173 \u0161unims - anivet.lt\",\"isPartOf\":{\"@id\":\"https:\\\/\\\/anivet.lt\\\/elparduotuve\\\/#website\"},\"primaryImageOfPage\":{\"@id\":\"https:\\\/\\\/anivet.lt\\\/elparduotuve\\\/produktas\\\/exclusion-mediterraneo-sunu-maistas-su-tunu-mazu-veisliu-sunims\\\/#primaryimage\"},\"image\":{\"@id\":\"https:\\\/\\\/anivet.lt\\\/elparduotuve\\\/produktas\\\/exclusion-mediterraneo-sunu-maistas-su-tunu-mazu-veisliu-sunims\\\/#primaryimage\"},\"thumbnailUrl\":\"https:\\\/\\\/anivet.lt\\\/elparduotuve\\\/wp-content\\\/uploads\\\/2023\\\/07\\\/Exclusion-Mediterraneo-sunu-maistas-su-tunu-mazu-veisliu-sunims.png\",\"datePublished\":\"2023-07-23T10:40:27+00:00\",\"dateModified\":\"2026-01-28T21:10:22+00:00\",\"description\":\"Visavertis sausas maistas, praturtintas Vidur\u017eemio j\u016bros regiono ingredientais, skirtas suaugusiems ma\u017e\u0173 veisli\u0173 \u0161unims. Subalansuota sud\u0117tis u\u017etikrina optimali\u0105 mityb\u0105 ir sveikatos palaikym\u0105.\",\"breadcrumb\":{\"@id\":\"https:\\\/\\\/anivet.lt\\\/elparduotuve\\\/produktas\\\/exclusion-mediterraneo-sunu-maistas-su-tunu-mazu-veisliu-sunims\\\/#breadcrumb\"},\"inLanguage\":\"lt-LT\",\"potentialAction\":[{\"@type\":\"ReadAction\",\"target\":[\"https:\\\/\\\/anivet.lt\\\/elparduotuve\\\/produktas\\\/exclusion-mediterraneo-sunu-maistas-su-tunu-mazu-veisliu-sunims\\\/\"]}]},{\"@type\":\"ImageObject\",\"inLanguage\":\"lt-LT\",\"@id\":\"https:\\\/\\\/anivet.lt\\\/elparduotuve\\\/produktas\\\/exclusion-mediterraneo-sunu-maistas-su-tunu-mazu-veisliu-sunims\\\/#primaryimage\",\"url\":\"https:\\\/\\\/anivet.lt\\\/elparduotuve\\\/wp-content\\\/uploads\\\/2023\\\/07\\\/Exclusion-Mediterraneo-sunu-maistas-su-tunu-mazu-veisliu-sunims.png\",\"contentUrl\":\"https:\\\/\\\/anivet.lt\\\/elparduotuve\\\/wp-content\\\/uploads\\\/2023\\\/07\\\/Exclusion-Mediterraneo-sunu-maistas-su-tunu-mazu-veisliu-sunims.png\",\"width\":600,\"height\":600,\"caption\":\"Exclusion Mediterraneo \u0161un\u0173 maistas su tunu ma\u017e\u0173 veisli\u0173 \u0161unims - 7kg.\"},{\"@type\":\"BreadcrumbList\",\"@id\":\"https:\\\/\\\/anivet.lt\\\/elparduotuve\\\/produktas\\\/exclusion-mediterraneo-sunu-maistas-su-tunu-mazu-veisliu-sunims\\\/#breadcrumb\",\"itemListElement\":[{\"@type\":\"ListItem\",\"position\":1,\"name\":\"Home\",\"item\":\"https:\\\/\\\/anivet.lt\\\/elparduotuve\\\/\"},{\"@type\":\"ListItem\",\"position\":2,\"name\":\"Produktai\",\"item\":\"https:\\\/\\\/anivet.lt\\\/elparduotuve\\\/produktai\\\/\"},{\"@type\":\"ListItem\",\"position\":3,\"name\":\"Exclusion Mediterraneo \u0161un\u0173 maistas su tunu ma\u017e\u0173 veisli\u0173 \u0161unims\"}]},{\"@type\":\"WebSite\",\"@id\":\"https:\\\/\\\/anivet.lt\\\/elparduotuve\\\/#website\",\"url\":\"https:\\\/\\\/anivet.lt\\\/elparduotuve\\\/\",\"name\":\"anivet.lt\",\"description\":\"Viskas J\u016bs\u0173 \u0161uns, kat\u0117s prie\u017ei\u016brai\",\"publisher\":{\"@id\":\"https:\\\/\\\/anivet.lt\\\/elparduotuve\\\/#organization\"},\"alternateName\":\"Viskas J\u016bs\u0173 \u0161uns, kat\u0117s prie\u017ei\u016brai\",\"potentialAction\":[{\"@type\":\"SearchAction\",\"target\":{\"@type\":\"EntryPoint\",\"urlTemplate\":\"https:\\\/\\\/anivet.lt\\\/elparduotuve\\\/?s={search_term_string}\"},\"query-input\":{\"@type\":\"PropertyValueSpecification\",\"valueRequired\":true,\"valueName\":\"search_term_string\"}}],\"inLanguage\":\"lt-LT\"},{\"@type\":\"Organization\",\"@id\":\"https:\\\/\\\/anivet.lt\\\/elparduotuve\\\/#organization\",\"name\":\"Viskas J\u016bs\u0173 \u0161uns, kat\u0117s prie\u017ei\u016brai\",\"url\":\"https:\\\/\\\/anivet.lt\\\/elparduotuve\\\/\",\"logo\":{\"@type\":\"ImageObject\",\"inLanguage\":\"lt-LT\",\"@id\":\"https:\\\/\\\/anivet.lt\\\/elparduotuve\\\/#\\\/schema\\\/logo\\\/image\\\/\",\"url\":\"https:\\\/\\\/anivet.lt\\\/elparduotuve\\\/wp-content\\\/uploads\\\/2023\\\/06\\\/logo2.jpg\",\"contentUrl\":\"https:\\\/\\\/anivet.lt\\\/elparduotuve\\\/wp-content\\\/uploads\\\/2023\\\/06\\\/logo2.jpg\",\"width\":655,\"height\":194,\"caption\":\"Viskas J\u016bs\u0173 \u0161uns, kat\u0117s prie\u017ei\u016brai\"},\"image\":{\"@id\":\"https:\\\/\\\/anivet.lt\\\/elparduotuve\\\/#\\\/schema\\\/logo\\\/image\\\/\"}}]}<\/script>\n<!-- \/ Yoast SEO Premium plugin. -->","yoast_head_json":{"title":"Exclusion Mediterraneo \u0161un\u0173 maistas su tunu ma\u017e\u0173 veisli\u0173 \u0161unims - anivet.lt","description":"Visavertis sausas maistas, praturtintas Vidur\u017eemio j\u016bros regiono ingredientais, skirtas suaugusiems ma\u017e\u0173 veisli\u0173 \u0161unims. Subalansuota sud\u0117tis u\u017etikrina optimali\u0105 mityb\u0105 ir sveikatos palaikym\u0105.","robots":{"index":"index","follow":"follow","max-snippet":"max-snippet:-1","max-image-preview":"max-image-preview:large","max-video-preview":"max-video-preview:-1"},"canonical":"https:\/\/anivet.lt\/elparduotuve\/produktas\/exclusion-mediterraneo-sunu-maistas-su-tunu-mazu-veisliu-sunims\/","og_locale":"lt_LT","og_type":"article","og_title":"Exclusion Mediterraneo \u0161un\u0173 maistas su tunu ma\u017e\u0173 veisli\u0173 \u0161unims","og_description":"Visavertis sausas maistas, praturtintas Vidur\u017eemio j\u016bros regiono ingredientais, skirtas suaugusiems ma\u017e\u0173 veisli\u0173 \u0161unims. Subalansuota sud\u0117tis u\u017etikrina optimali\u0105 mityb\u0105 ir sveikatos palaikym\u0105.","og_url":"https:\/\/anivet.lt\/elparduotuve\/produktas\/exclusion-mediterraneo-sunu-maistas-su-tunu-mazu-veisliu-sunims\/","og_site_name":"anivet.lt","article_modified_time":"2026-01-28T21:10:22+00:00","og_image":[{"width":600,"height":600,"url":"https:\/\/anivet.lt\/elparduotuve\/wp-content\/uploads\/2023\/07\/Exclusion-Mediterraneo-sunu-maistas-su-tunu-mazu-veisliu-sunims.png","type":"image\/png"}],"twitter_card":"summary_large_image","twitter_misc":{"Est. reading time":"1 minut\u0117"},"schema":{"@context":"https:\/\/schema.org","@graph":[{"@type":"WebPage","@id":"https:\/\/anivet.lt\/elparduotuve\/produktas\/exclusion-mediterraneo-sunu-maistas-su-tunu-mazu-veisliu-sunims\/","url":"https:\/\/anivet.lt\/elparduotuve\/produktas\/exclusion-mediterraneo-sunu-maistas-su-tunu-mazu-veisliu-sunims\/","name":"Exclusion Mediterraneo \u0161un\u0173 maistas su tunu ma\u017e\u0173 veisli\u0173 \u0161unims - anivet.lt","isPartOf":{"@id":"https:\/\/anivet.lt\/elparduotuve\/#website"},"primaryImageOfPage":{"@id":"https:\/\/anivet.lt\/elparduotuve\/produktas\/exclusion-mediterraneo-sunu-maistas-su-tunu-mazu-veisliu-sunims\/#primaryimage"},"image":{"@id":"https:\/\/anivet.lt\/elparduotuve\/produktas\/exclusion-mediterraneo-sunu-maistas-su-tunu-mazu-veisliu-sunims\/#primaryimage"},"thumbnailUrl":"https:\/\/anivet.lt\/elparduotuve\/wp-content\/uploads\/2023\/07\/Exclusion-Mediterraneo-sunu-maistas-su-tunu-mazu-veisliu-sunims.png","datePublished":"2023-07-23T10:40:27+00:00","dateModified":"2026-01-28T21:10:22+00:00","description":"Visavertis sausas maistas, praturtintas Vidur\u017eemio j\u016bros regiono ingredientais, skirtas suaugusiems ma\u017e\u0173 veisli\u0173 \u0161unims. Subalansuota sud\u0117tis u\u017etikrina optimali\u0105 mityb\u0105 ir sveikatos palaikym\u0105.","breadcrumb":{"@id":"https:\/\/anivet.lt\/elparduotuve\/produktas\/exclusion-mediterraneo-sunu-maistas-su-tunu-mazu-veisliu-sunims\/#breadcrumb"},"inLanguage":"lt-LT","potentialAction":[{"@type":"ReadAction","target":["https:\/\/anivet.lt\/elparduotuve\/produktas\/exclusion-mediterraneo-sunu-maistas-su-tunu-mazu-veisliu-sunims\/"]}]},{"@type":"ImageObject","inLanguage":"lt-LT","@id":"https:\/\/anivet.lt\/elparduotuve\/produktas\/exclusion-mediterraneo-sunu-maistas-su-tunu-mazu-veisliu-sunims\/#primaryimage","url":"https:\/\/anivet.lt\/elparduotuve\/wp-content\/uploads\/2023\/07\/Exclusion-Mediterraneo-sunu-maistas-su-tunu-mazu-veisliu-sunims.png","contentUrl":"https:\/\/anivet.lt\/elparduotuve\/wp-content\/uploads\/2023\/07\/Exclusion-Mediterraneo-sunu-maistas-su-tunu-mazu-veisliu-sunims.png","width":600,"height":600,"caption":"Exclusion Mediterraneo \u0161un\u0173 maistas su tunu ma\u017e\u0173 veisli\u0173 \u0161unims - 7kg."},{"@type":"BreadcrumbList","@id":"https:\/\/anivet.lt\/elparduotuve\/produktas\/exclusion-mediterraneo-sunu-maistas-su-tunu-mazu-veisliu-sunims\/#breadcrumb","itemListElement":[{"@type":"ListItem","position":1,"name":"Home","item":"https:\/\/anivet.lt\/elparduotuve\/"},{"@type":"ListItem","position":2,"name":"Produktai","item":"https:\/\/anivet.lt\/elparduotuve\/produktai\/"},{"@type":"ListItem","position":3,"name":"Exclusion Mediterraneo \u0161un\u0173 maistas su tunu ma\u017e\u0173 veisli\u0173 \u0161unims"}]},{"@type":"WebSite","@id":"https:\/\/anivet.lt\/elparduotuve\/#website","url":"https:\/\/anivet.lt\/elparduotuve\/","name":"anivet.lt","description":"Viskas J\u016bs\u0173 \u0161uns, kat\u0117s prie\u017ei\u016brai","publisher":{"@id":"https:\/\/anivet.lt\/elparduotuve\/#organization"},"alternateName":"Viskas J\u016bs\u0173 \u0161uns, kat\u0117s prie\u017ei\u016brai","potentialAction":[{"@type":"SearchAction","target":{"@type":"EntryPoint","urlTemplate":"https:\/\/anivet.lt\/elparduotuve\/?s={search_term_string}"},"query-input":{"@type":"PropertyValueSpecification","valueRequired":true,"valueName":"search_term_string"}}],"inLanguage":"lt-LT"},{"@type":"Organization","@id":"https:\/\/anivet.lt\/elparduotuve\/#organization","name":"Viskas J\u016bs\u0173 \u0161uns, kat\u0117s prie\u017ei\u016brai","url":"https:\/\/anivet.lt\/elparduotuve\/","logo":{"@type":"ImageObject","inLanguage":"lt-LT","@id":"https:\/\/anivet.lt\/elparduotuve\/#\/schema\/logo\/image\/","url":"https:\/\/anivet.lt\/elparduotuve\/wp-content\/uploads\/2023\/06\/logo2.jpg","contentUrl":"https:\/\/anivet.lt\/elparduotuve\/wp-content\/uploads\/2023\/06\/logo2.jpg","width":655,"height":194,"caption":"Viskas J\u016bs\u0173 \u0161uns, kat\u0117s prie\u017ei\u016brai"},"image":{"@id":"https:\/\/anivet.lt\/elparduotuve\/#\/schema\/logo\/image\/"}}]}},"_links":{"self":[{"href":"https:\/\/anivet.lt\/elparduotuve\/wp-json\/wp\/v2\/product\/10528","targetHints":{"allow":["GET"]}}],"collection":[{"href":"https:\/\/anivet.lt\/elparduotuve\/wp-json\/wp\/v2\/product"}],"about":[{"href":"https:\/\/anivet.lt\/elparduotuve\/wp-json\/wp\/v2\/types\/product"}],"wp:featuredmedia":[{"embeddable":true,"href":"https:\/\/anivet.lt\/elparduotuve\/wp-json\/wp\/v2\/media\/10531"}],"wp:attachment":[{"href":"https:\/\/anivet.lt\/elparduotuve\/wp-json\/wp\/v2\/media?parent=10528"}],"wp:term":[{"taxonomy":"product_brand","embeddable":true,"href":"https:\/\/anivet.lt\/elparduotuve\/wp-json\/wp\/v2\/product_brand?post=10528"},{"taxonomy":"product_cat","embeddable":true,"href":"https:\/\/anivet.lt\/elparduotuve\/wp-json\/wp\/v2\/product_cat?post=10528"},{"taxonomy":"product_tag","embeddable":true,"href":"https:\/\/anivet.lt\/elparduotuve\/wp-json\/wp\/v2\/product_tag?post=10528"}],"curies":[{"name":"wp","href":"https:\/\/api.w.org\/{rel}","templated":true}]}}