{"id":10536,"date":"2023-07-23T12:39:33","date_gmt":"2023-07-23T12:39:33","guid":{"rendered":"https:\/\/anivet.lt\/elparduotuve\/?post_type=product&#038;p=10536"},"modified":"2026-04-01T15:21:23","modified_gmt":"2026-04-01T15:21:23","slug":"exclusion-hepatic-dietinis-sunu-maistas-su-kiauliena-vidutiniu-ir-dideliu-veisliu-sunims","status":"publish","type":"product","link":"https:\/\/anivet.lt\/elparduotuve\/produktas\/exclusion-hepatic-dietinis-sunu-maistas-su-kiauliena-vidutiniu-ir-dideliu-veisliu-sunims\/","title":{"rendered":"Exclusion Hepatic dietinis \u0161un\u0173 maistas su kiauliena vidutini\u0173 ir dideli\u0173 veisli\u0173 \u0161unims"},"content":{"rendered":"<ul>\n<li style=\"font-weight: 400;\" aria-level=\"1\"><span style=\"font-weight: 400;\">Vienos r\u016b\u0161ies baltymas: Kiaulienos baltymai suma\u017eina alergij\u0173 ir netoleravimo rizik\u0105.<\/span><\/li>\n<li style=\"font-weight: 400;\" aria-level=\"1\"><span style=\"font-weight: 400;\">Ma\u017eas vario kiekis: Suma\u017eina vario kaupim\u0105si kepenyse.<\/span><\/li>\n<li style=\"font-weight: 400;\" aria-level=\"1\"><span style=\"font-weight: 400;\">Omega-3 riebal\u0173 r\u016bg\u0161tys: Padeda mal\u0161inti u\u017edegim\u0105 ir l\u0117tinti kepen\u0173 ligos progres\u0105.<\/span><\/li>\n<li style=\"font-weight: 400;\" aria-level=\"1\"><span style=\"font-weight: 400;\">Geresn\u0117 riebal\u0173 apykaita: L-karnitinas skatina sveik\u0105 metabolizm\u0105.<\/span><\/li>\n<li style=\"font-weight: 400;\" aria-level=\"1\"><span style=\"font-weight: 400;\">Skaidul\u0173 \u0161altinis: Cikorijos mink\u0161timas, frukto-oligosacharidai ir beta gliukanai palaiko ger\u0105 vir\u0161kinimo sistemos b\u016bkl\u0119.<\/span><\/li>\n<\/ul>\n<p><span style=\"font-weight: 400;\">\u0160is dietinis pa\u0161aras yra puikus sprendimas \u0161unims, sergantiems l\u0117tiniu kepen\u0173 nepakankamumu. Jame naudojama viena gyv\u016bnin\u0117s kilm\u0117s baltym\u0173 r\u016b\u0161is, tod\u0117l suma\u017e\u0117ja maisto netoleravimo rizika. Ma\u017eas vario kiekis apsaugo kepenis nuo papildomos apkrovos, o Omega-3 riebal\u0173 r\u016bg\u0161tys padeda valdyti u\u017edegim\u0105. Subalansuota sud\u0117tis ne tik palaiko kepen\u0173 sveikat\u0105, bet ir u\u017etikrina visavert\u0119 mityb\u0105.<\/span><\/p>\n","protected":false},"excerpt":{"rendered":"<p><span style=\"font-weight: 400;\">Subalansuotas dietinis pa\u0161aras vidutini\u0173 ir dideli\u0173 veisli\u0173 suaugusiems \u0161unims, skirtas palaikyti kepen\u0173 funkcij\u0105 sergant l\u0117tiniu kepen\u0173 nepakankamumu. Recept\u016bra specialiai sukurta, kad pad\u0117t\u0173 ma\u017einti ligos progresavim\u0105 ir u\u017etikrint\u0173 tinkam\u0105 mityb\u0105.<\/span><\/p>\n","protected":false},"featured_media":10537,"template":"","meta":[],"product_brand":[],"product_cat":[101,103,107,317],"product_tag":[],"class_list":{"0":"post-10536","1":"product","2":"type-product","3":"status-publish","4":"has-post-thumbnail","6":"product_cat-sunims","7":"product_cat-sunu-maistas","8":"product_cat-veterinarine-dieta","9":"product_cat-exclusion-sunu-maistas","10":"pa_prekinis-zenklas-exclusion","12":"first","13":"instock","14":"taxable","15":"shipping-taxable","16":"purchasable","17":"product-type-simple"},"yoast_head":"<!-- This site is optimized with the Yoast SEO Premium plugin v27.1 (Yoast SEO v27.3) - https:\/\/yoast.com\/product\/yoast-seo-premium-wordpress\/ -->\n<title>Exclusion Hepatic dietinis \u0161un\u0173 maistas su kiauliena vidutini\u0173 ir dideli\u0173 veisli\u0173 \u0161unims - anivet.lt<\/title>\n<meta name=\"description\" content=\"Subalansuotas dietinis pa\u0161aras vidutini\u0173 ir dideli\u0173 veisli\u0173 suaugusiems \u0161unims, skirtas palaikyti kepen\u0173 funkcij\u0105 sergant l\u0117tiniu kepen\u0173 nepakankamumu. Recept\u016bra specialiai sukurta, kad pad\u0117t\u0173 ma\u017einti ligos progresavim\u0105 ir u\u017etikrint\u0173 tinkam\u0105 mityb\u0105.\" \/>\n<meta name=\"robots\" content=\"index, follow, max-snippet:-1, max-image-preview:large, max-video-preview:-1\" \/>\n<link rel=\"canonical\" href=\"https:\/\/anivet.lt\/elparduotuve\/produktas\/exclusion-hepatic-dietinis-sunu-maistas-su-kiauliena-vidutiniu-ir-dideliu-veisliu-sunims\/\" \/>\n<meta property=\"og:locale\" content=\"lt_LT\" \/>\n<meta property=\"og:type\" content=\"article\" \/>\n<meta property=\"og:title\" content=\"Exclusion Hepatic dietinis \u0161un\u0173 maistas su kiauliena vidutini\u0173 ir dideli\u0173 veisli\u0173 \u0161unims\" \/>\n<meta property=\"og:description\" content=\"Subalansuotas dietinis pa\u0161aras vidutini\u0173 ir dideli\u0173 veisli\u0173 suaugusiems \u0161unims, skirtas palaikyti kepen\u0173 funkcij\u0105 sergant l\u0117tiniu kepen\u0173 nepakankamumu. Recept\u016bra specialiai sukurta, kad pad\u0117t\u0173 ma\u017einti ligos progresavim\u0105 ir u\u017etikrint\u0173 tinkam\u0105 mityb\u0105.\" \/>\n<meta property=\"og:url\" content=\"https:\/\/anivet.lt\/elparduotuve\/produktas\/exclusion-hepatic-dietinis-sunu-maistas-su-kiauliena-vidutiniu-ir-dideliu-veisliu-sunims\/\" \/>\n<meta property=\"og:site_name\" content=\"anivet.lt\" \/>\n<meta property=\"article:modified_time\" content=\"2026-04-01T15:21:23+00:00\" \/>\n<meta property=\"og:image\" content=\"https:\/\/anivet.lt\/elparduotuve\/wp-content\/uploads\/2023\/07\/Exclusion-Hepatic-dietinis-sunu-maistas-su-kiauliena-ryziais-ir-zirniais-mazu-veisliu-sunims.png\" \/>\n\t<meta property=\"og:image:width\" content=\"600\" \/>\n\t<meta property=\"og:image:height\" content=\"600\" \/>\n\t<meta property=\"og:image:type\" content=\"image\/png\" \/>\n<meta name=\"twitter:card\" content=\"summary_large_image\" \/>\n<meta name=\"twitter:label1\" content=\"Est. reading time\" \/>\n\t<meta name=\"twitter:data1\" content=\"1 minut\u0117\" \/>\n<script type=\"application\/ld+json\" class=\"yoast-schema-graph\">{\"@context\":\"https:\\\/\\\/schema.org\",\"@graph\":[{\"@type\":\"WebPage\",\"@id\":\"https:\\\/\\\/anivet.lt\\\/elparduotuve\\\/produktas\\\/exclusion-hepatic-dietinis-sunu-maistas-su-kiauliena-vidutiniu-ir-dideliu-veisliu-sunims\\\/\",\"url\":\"https:\\\/\\\/anivet.lt\\\/elparduotuve\\\/produktas\\\/exclusion-hepatic-dietinis-sunu-maistas-su-kiauliena-vidutiniu-ir-dideliu-veisliu-sunims\\\/\",\"name\":\"Exclusion Hepatic dietinis \u0161un\u0173 maistas su kiauliena vidutini\u0173 ir dideli\u0173 veisli\u0173 \u0161unims - anivet.lt\",\"isPartOf\":{\"@id\":\"https:\\\/\\\/anivet.lt\\\/elparduotuve\\\/#website\"},\"primaryImageOfPage\":{\"@id\":\"https:\\\/\\\/anivet.lt\\\/elparduotuve\\\/produktas\\\/exclusion-hepatic-dietinis-sunu-maistas-su-kiauliena-vidutiniu-ir-dideliu-veisliu-sunims\\\/#primaryimage\"},\"image\":{\"@id\":\"https:\\\/\\\/anivet.lt\\\/elparduotuve\\\/produktas\\\/exclusion-hepatic-dietinis-sunu-maistas-su-kiauliena-vidutiniu-ir-dideliu-veisliu-sunims\\\/#primaryimage\"},\"thumbnailUrl\":\"https:\\\/\\\/anivet.lt\\\/elparduotuve\\\/wp-content\\\/uploads\\\/2023\\\/07\\\/Exclusion-Hepatic-dietinis-sunu-maistas-su-kiauliena-ryziais-ir-zirniais-mazu-veisliu-sunims.png\",\"datePublished\":\"2023-07-23T12:39:33+00:00\",\"dateModified\":\"2026-04-01T15:21:23+00:00\",\"description\":\"Subalansuotas dietinis pa\u0161aras vidutini\u0173 ir dideli\u0173 veisli\u0173 suaugusiems \u0161unims, skirtas palaikyti kepen\u0173 funkcij\u0105 sergant l\u0117tiniu kepen\u0173 nepakankamumu. Recept\u016bra specialiai sukurta, kad pad\u0117t\u0173 ma\u017einti ligos progresavim\u0105 ir u\u017etikrint\u0173 tinkam\u0105 mityb\u0105.\",\"breadcrumb\":{\"@id\":\"https:\\\/\\\/anivet.lt\\\/elparduotuve\\\/produktas\\\/exclusion-hepatic-dietinis-sunu-maistas-su-kiauliena-vidutiniu-ir-dideliu-veisliu-sunims\\\/#breadcrumb\"},\"inLanguage\":\"lt-LT\",\"potentialAction\":[{\"@type\":\"ReadAction\",\"target\":[\"https:\\\/\\\/anivet.lt\\\/elparduotuve\\\/produktas\\\/exclusion-hepatic-dietinis-sunu-maistas-su-kiauliena-vidutiniu-ir-dideliu-veisliu-sunims\\\/\"]}]},{\"@type\":\"ImageObject\",\"inLanguage\":\"lt-LT\",\"@id\":\"https:\\\/\\\/anivet.lt\\\/elparduotuve\\\/produktas\\\/exclusion-hepatic-dietinis-sunu-maistas-su-kiauliena-vidutiniu-ir-dideliu-veisliu-sunims\\\/#primaryimage\",\"url\":\"https:\\\/\\\/anivet.lt\\\/elparduotuve\\\/wp-content\\\/uploads\\\/2023\\\/07\\\/Exclusion-Hepatic-dietinis-sunu-maistas-su-kiauliena-ryziais-ir-zirniais-mazu-veisliu-sunims.png\",\"contentUrl\":\"https:\\\/\\\/anivet.lt\\\/elparduotuve\\\/wp-content\\\/uploads\\\/2023\\\/07\\\/Exclusion-Hepatic-dietinis-sunu-maistas-su-kiauliena-ryziais-ir-zirniais-mazu-veisliu-sunims.png\",\"width\":600,\"height\":600,\"caption\":\"Exclusion Hepatic dietinis \u0161un\u0173 maistas su kiauliena vidutini\u0173 ir dideli\u0173 veisli\u0173 \u0161unims\"},{\"@type\":\"BreadcrumbList\",\"@id\":\"https:\\\/\\\/anivet.lt\\\/elparduotuve\\\/produktas\\\/exclusion-hepatic-dietinis-sunu-maistas-su-kiauliena-vidutiniu-ir-dideliu-veisliu-sunims\\\/#breadcrumb\",\"itemListElement\":[{\"@type\":\"ListItem\",\"position\":1,\"name\":\"Home\",\"item\":\"https:\\\/\\\/anivet.lt\\\/elparduotuve\\\/\"},{\"@type\":\"ListItem\",\"position\":2,\"name\":\"Produktai\",\"item\":\"https:\\\/\\\/anivet.lt\\\/elparduotuve\\\/produktai\\\/\"},{\"@type\":\"ListItem\",\"position\":3,\"name\":\"Exclusion Hepatic dietinis \u0161un\u0173 maistas su kiauliena vidutini\u0173 ir dideli\u0173 veisli\u0173 \u0161unims\"}]},{\"@type\":\"WebSite\",\"@id\":\"https:\\\/\\\/anivet.lt\\\/elparduotuve\\\/#website\",\"url\":\"https:\\\/\\\/anivet.lt\\\/elparduotuve\\\/\",\"name\":\"anivet.lt\",\"description\":\"Viskas J\u016bs\u0173 \u0161uns, kat\u0117s prie\u017ei\u016brai\",\"publisher\":{\"@id\":\"https:\\\/\\\/anivet.lt\\\/elparduotuve\\\/#organization\"},\"alternateName\":\"Viskas J\u016bs\u0173 \u0161uns, kat\u0117s prie\u017ei\u016brai\",\"potentialAction\":[{\"@type\":\"SearchAction\",\"target\":{\"@type\":\"EntryPoint\",\"urlTemplate\":\"https:\\\/\\\/anivet.lt\\\/elparduotuve\\\/?s={search_term_string}\"},\"query-input\":{\"@type\":\"PropertyValueSpecification\",\"valueRequired\":true,\"valueName\":\"search_term_string\"}}],\"inLanguage\":\"lt-LT\"},{\"@type\":\"Organization\",\"@id\":\"https:\\\/\\\/anivet.lt\\\/elparduotuve\\\/#organization\",\"name\":\"Viskas J\u016bs\u0173 \u0161uns, kat\u0117s prie\u017ei\u016brai\",\"url\":\"https:\\\/\\\/anivet.lt\\\/elparduotuve\\\/\",\"logo\":{\"@type\":\"ImageObject\",\"inLanguage\":\"lt-LT\",\"@id\":\"https:\\\/\\\/anivet.lt\\\/elparduotuve\\\/#\\\/schema\\\/logo\\\/image\\\/\",\"url\":\"https:\\\/\\\/anivet.lt\\\/elparduotuve\\\/wp-content\\\/uploads\\\/2023\\\/06\\\/logo2.jpg\",\"contentUrl\":\"https:\\\/\\\/anivet.lt\\\/elparduotuve\\\/wp-content\\\/uploads\\\/2023\\\/06\\\/logo2.jpg\",\"width\":655,\"height\":194,\"caption\":\"Viskas J\u016bs\u0173 \u0161uns, kat\u0117s prie\u017ei\u016brai\"},\"image\":{\"@id\":\"https:\\\/\\\/anivet.lt\\\/elparduotuve\\\/#\\\/schema\\\/logo\\\/image\\\/\"}}]}<\/script>\n<!-- \/ Yoast SEO Premium plugin. -->","yoast_head_json":{"title":"Exclusion Hepatic dietinis \u0161un\u0173 maistas su kiauliena vidutini\u0173 ir dideli\u0173 veisli\u0173 \u0161unims - anivet.lt","description":"Subalansuotas dietinis pa\u0161aras vidutini\u0173 ir dideli\u0173 veisli\u0173 suaugusiems \u0161unims, skirtas palaikyti kepen\u0173 funkcij\u0105 sergant l\u0117tiniu kepen\u0173 nepakankamumu. Recept\u016bra specialiai sukurta, kad pad\u0117t\u0173 ma\u017einti ligos progresavim\u0105 ir u\u017etikrint\u0173 tinkam\u0105 mityb\u0105.","robots":{"index":"index","follow":"follow","max-snippet":"max-snippet:-1","max-image-preview":"max-image-preview:large","max-video-preview":"max-video-preview:-1"},"canonical":"https:\/\/anivet.lt\/elparduotuve\/produktas\/exclusion-hepatic-dietinis-sunu-maistas-su-kiauliena-vidutiniu-ir-dideliu-veisliu-sunims\/","og_locale":"lt_LT","og_type":"article","og_title":"Exclusion Hepatic dietinis \u0161un\u0173 maistas su kiauliena vidutini\u0173 ir dideli\u0173 veisli\u0173 \u0161unims","og_description":"Subalansuotas dietinis pa\u0161aras vidutini\u0173 ir dideli\u0173 veisli\u0173 suaugusiems \u0161unims, skirtas palaikyti kepen\u0173 funkcij\u0105 sergant l\u0117tiniu kepen\u0173 nepakankamumu. Recept\u016bra specialiai sukurta, kad pad\u0117t\u0173 ma\u017einti ligos progresavim\u0105 ir u\u017etikrint\u0173 tinkam\u0105 mityb\u0105.","og_url":"https:\/\/anivet.lt\/elparduotuve\/produktas\/exclusion-hepatic-dietinis-sunu-maistas-su-kiauliena-vidutiniu-ir-dideliu-veisliu-sunims\/","og_site_name":"anivet.lt","article_modified_time":"2026-04-01T15:21:23+00:00","og_image":[{"width":600,"height":600,"url":"https:\/\/anivet.lt\/elparduotuve\/wp-content\/uploads\/2023\/07\/Exclusion-Hepatic-dietinis-sunu-maistas-su-kiauliena-ryziais-ir-zirniais-mazu-veisliu-sunims.png","type":"image\/png"}],"twitter_card":"summary_large_image","twitter_misc":{"Est. reading time":"1 minut\u0117"},"schema":{"@context":"https:\/\/schema.org","@graph":[{"@type":"WebPage","@id":"https:\/\/anivet.lt\/elparduotuve\/produktas\/exclusion-hepatic-dietinis-sunu-maistas-su-kiauliena-vidutiniu-ir-dideliu-veisliu-sunims\/","url":"https:\/\/anivet.lt\/elparduotuve\/produktas\/exclusion-hepatic-dietinis-sunu-maistas-su-kiauliena-vidutiniu-ir-dideliu-veisliu-sunims\/","name":"Exclusion Hepatic dietinis \u0161un\u0173 maistas su kiauliena vidutini\u0173 ir dideli\u0173 veisli\u0173 \u0161unims - anivet.lt","isPartOf":{"@id":"https:\/\/anivet.lt\/elparduotuve\/#website"},"primaryImageOfPage":{"@id":"https:\/\/anivet.lt\/elparduotuve\/produktas\/exclusion-hepatic-dietinis-sunu-maistas-su-kiauliena-vidutiniu-ir-dideliu-veisliu-sunims\/#primaryimage"},"image":{"@id":"https:\/\/anivet.lt\/elparduotuve\/produktas\/exclusion-hepatic-dietinis-sunu-maistas-su-kiauliena-vidutiniu-ir-dideliu-veisliu-sunims\/#primaryimage"},"thumbnailUrl":"https:\/\/anivet.lt\/elparduotuve\/wp-content\/uploads\/2023\/07\/Exclusion-Hepatic-dietinis-sunu-maistas-su-kiauliena-ryziais-ir-zirniais-mazu-veisliu-sunims.png","datePublished":"2023-07-23T12:39:33+00:00","dateModified":"2026-04-01T15:21:23+00:00","description":"Subalansuotas dietinis pa\u0161aras vidutini\u0173 ir dideli\u0173 veisli\u0173 suaugusiems \u0161unims, skirtas palaikyti kepen\u0173 funkcij\u0105 sergant l\u0117tiniu kepen\u0173 nepakankamumu. Recept\u016bra specialiai sukurta, kad pad\u0117t\u0173 ma\u017einti ligos progresavim\u0105 ir u\u017etikrint\u0173 tinkam\u0105 mityb\u0105.","breadcrumb":{"@id":"https:\/\/anivet.lt\/elparduotuve\/produktas\/exclusion-hepatic-dietinis-sunu-maistas-su-kiauliena-vidutiniu-ir-dideliu-veisliu-sunims\/#breadcrumb"},"inLanguage":"lt-LT","potentialAction":[{"@type":"ReadAction","target":["https:\/\/anivet.lt\/elparduotuve\/produktas\/exclusion-hepatic-dietinis-sunu-maistas-su-kiauliena-vidutiniu-ir-dideliu-veisliu-sunims\/"]}]},{"@type":"ImageObject","inLanguage":"lt-LT","@id":"https:\/\/anivet.lt\/elparduotuve\/produktas\/exclusion-hepatic-dietinis-sunu-maistas-su-kiauliena-vidutiniu-ir-dideliu-veisliu-sunims\/#primaryimage","url":"https:\/\/anivet.lt\/elparduotuve\/wp-content\/uploads\/2023\/07\/Exclusion-Hepatic-dietinis-sunu-maistas-su-kiauliena-ryziais-ir-zirniais-mazu-veisliu-sunims.png","contentUrl":"https:\/\/anivet.lt\/elparduotuve\/wp-content\/uploads\/2023\/07\/Exclusion-Hepatic-dietinis-sunu-maistas-su-kiauliena-ryziais-ir-zirniais-mazu-veisliu-sunims.png","width":600,"height":600,"caption":"Exclusion Hepatic dietinis \u0161un\u0173 maistas su kiauliena vidutini\u0173 ir dideli\u0173 veisli\u0173 \u0161unims"},{"@type":"BreadcrumbList","@id":"https:\/\/anivet.lt\/elparduotuve\/produktas\/exclusion-hepatic-dietinis-sunu-maistas-su-kiauliena-vidutiniu-ir-dideliu-veisliu-sunims\/#breadcrumb","itemListElement":[{"@type":"ListItem","position":1,"name":"Home","item":"https:\/\/anivet.lt\/elparduotuve\/"},{"@type":"ListItem","position":2,"name":"Produktai","item":"https:\/\/anivet.lt\/elparduotuve\/produktai\/"},{"@type":"ListItem","position":3,"name":"Exclusion Hepatic dietinis \u0161un\u0173 maistas su kiauliena vidutini\u0173 ir dideli\u0173 veisli\u0173 \u0161unims"}]},{"@type":"WebSite","@id":"https:\/\/anivet.lt\/elparduotuve\/#website","url":"https:\/\/anivet.lt\/elparduotuve\/","name":"anivet.lt","description":"Viskas J\u016bs\u0173 \u0161uns, kat\u0117s prie\u017ei\u016brai","publisher":{"@id":"https:\/\/anivet.lt\/elparduotuve\/#organization"},"alternateName":"Viskas J\u016bs\u0173 \u0161uns, kat\u0117s prie\u017ei\u016brai","potentialAction":[{"@type":"SearchAction","target":{"@type":"EntryPoint","urlTemplate":"https:\/\/anivet.lt\/elparduotuve\/?s={search_term_string}"},"query-input":{"@type":"PropertyValueSpecification","valueRequired":true,"valueName":"search_term_string"}}],"inLanguage":"lt-LT"},{"@type":"Organization","@id":"https:\/\/anivet.lt\/elparduotuve\/#organization","name":"Viskas J\u016bs\u0173 \u0161uns, kat\u0117s prie\u017ei\u016brai","url":"https:\/\/anivet.lt\/elparduotuve\/","logo":{"@type":"ImageObject","inLanguage":"lt-LT","@id":"https:\/\/anivet.lt\/elparduotuve\/#\/schema\/logo\/image\/","url":"https:\/\/anivet.lt\/elparduotuve\/wp-content\/uploads\/2023\/06\/logo2.jpg","contentUrl":"https:\/\/anivet.lt\/elparduotuve\/wp-content\/uploads\/2023\/06\/logo2.jpg","width":655,"height":194,"caption":"Viskas J\u016bs\u0173 \u0161uns, kat\u0117s prie\u017ei\u016brai"},"image":{"@id":"https:\/\/anivet.lt\/elparduotuve\/#\/schema\/logo\/image\/"}}]}},"_links":{"self":[{"href":"https:\/\/anivet.lt\/elparduotuve\/wp-json\/wp\/v2\/product\/10536","targetHints":{"allow":["GET"]}}],"collection":[{"href":"https:\/\/anivet.lt\/elparduotuve\/wp-json\/wp\/v2\/product"}],"about":[{"href":"https:\/\/anivet.lt\/elparduotuve\/wp-json\/wp\/v2\/types\/product"}],"wp:featuredmedia":[{"embeddable":true,"href":"https:\/\/anivet.lt\/elparduotuve\/wp-json\/wp\/v2\/media\/10537"}],"wp:attachment":[{"href":"https:\/\/anivet.lt\/elparduotuve\/wp-json\/wp\/v2\/media?parent=10536"}],"wp:term":[{"taxonomy":"product_brand","embeddable":true,"href":"https:\/\/anivet.lt\/elparduotuve\/wp-json\/wp\/v2\/product_brand?post=10536"},{"taxonomy":"product_cat","embeddable":true,"href":"https:\/\/anivet.lt\/elparduotuve\/wp-json\/wp\/v2\/product_cat?post=10536"},{"taxonomy":"product_tag","embeddable":true,"href":"https:\/\/anivet.lt\/elparduotuve\/wp-json\/wp\/v2\/product_tag?post=10536"}],"curies":[{"name":"wp","href":"https:\/\/api.w.org\/{rel}","templated":true}]}}