{"id":10538,"date":"2023-07-23T12:51:09","date_gmt":"2023-07-23T12:51:09","guid":{"rendered":"https:\/\/anivet.lt\/elparduotuve\/?post_type=product&#038;p=10538"},"modified":"2026-01-23T14:08:08","modified_gmt":"2026-01-23T14:08:08","slug":"exclusion-hepatic-sausas-sunu-maistas-su-kiauliena-mazu-veisliu-sunims","status":"publish","type":"product","link":"https:\/\/anivet.lt\/elparduotuve\/produktas\/exclusion-hepatic-sausas-sunu-maistas-su-kiauliena-mazu-veisliu-sunims\/","title":{"rendered":"Exclusion Hepatic sausas \u0161un\u0173 maistas su kiauliena ma\u017e\u0173 veisli\u0173 \u0161unims"},"content":{"rendered":"<ul>\n<li style=\"font-weight: 400;\" aria-level=\"1\"><span style=\"font-weight: 400;\">Specialiai pritaikytas ma\u017e\u0173 veisli\u0173 \u0161unims, sergantiems l\u0117tiniu kepen\u0173 nepakankamumu.<\/span><\/li>\n<li style=\"font-weight: 400;\" aria-level=\"1\"><span style=\"font-weight: 400;\">Vienos r\u016b\u0161ies gyv\u016bnin\u0117s kilm\u0117s baltymas: Suma\u017eina maisto netoleravimo rizik\u0105.<\/span><\/li>\n<li style=\"font-weight: 400;\" aria-level=\"1\"><span style=\"font-weight: 400;\">Ma\u017eas vario kiekis, padedantis i\u0161vengti jo kaupimosi kepenyse.<\/span><\/li>\n<li style=\"font-weight: 400;\" aria-level=\"1\"><span style=\"font-weight: 400;\">Omega-3 riebal\u0173 r\u016bg\u0161tys: Mal\u0161ina u\u017edegim\u0105 ir l\u0117tina kepen\u0173 lig\u0173 progresavim\u0105.<\/span><\/li>\n<li style=\"font-weight: 400;\" aria-level=\"1\"><span style=\"font-weight: 400;\">L-karnitinas: Gerina riebal\u0173 apykait\u0105.<\/span><\/li>\n<li style=\"font-weight: 400;\" aria-level=\"1\"><span style=\"font-weight: 400;\">Subalansuotas skaidul\u0173 kiekis padeda palaikyti \u017earnyno sveikat\u0105.<\/span><\/li>\n<\/ul>\n<p><span style=\"font-weight: 400;\">\u0160is pa\u0161aras yra puikus sprendimas ma\u017e\u0173 veisli\u0173 \u0161unims, turintiems kepen\u0173 sveikatos problem\u0173. Jo subalansuota formul\u0117 padeda suma\u017einti u\u017edegimus, gerina kepen\u0173 funkcij\u0105 ir u\u017etikrina ger\u0105 vir\u0161kinim\u0105. Be to, pa\u0161aras yra lengvai toleruojamas ir puikiai pritaikytas ma\u017e\u0173 veisli\u0173 \u0161un\u0173 poreikiams.<\/span><\/p>\n","protected":false},"excerpt":{"rendered":"<p><span style=\"font-weight: 400;\">Dietinis pa\u0161aras, skirtas ma\u017e\u0173 veisli\u0173 suaugusiems \u0161unims, sergantiems l\u0117tiniu kepen\u0173 nepakankamumu. Pagamintas i\u0161 kruop\u0161\u010diai atrinkt\u0173 sudedam\u0173j\u0173 dali\u0173, u\u017etikrinan\u010di\u0173 efektyv\u0173 kepen\u0173 funkcijos palaikym\u0105 ir lengv\u0105 vir\u0161kinim\u0105.<\/span><\/p>\n","protected":false},"featured_media":10537,"template":"","meta":[],"product_brand":[],"product_cat":[101,103,107,317],"product_tag":[],"class_list":{"0":"post-10538","1":"product","2":"type-product","3":"status-publish","4":"has-post-thumbnail","6":"product_cat-sunims","7":"product_cat-sunu-maistas","8":"product_cat-veterinarine-dieta","9":"product_cat-exclusion-sunu-maistas","10":"pa_prekinis-zenklas-exclusion","12":"first","13":"instock","14":"taxable","15":"shipping-taxable","16":"purchasable","17":"product-type-simple"},"yoast_head":"<!-- This site is optimized with the Yoast SEO Premium plugin v27.1 (Yoast SEO v27.3) - https:\/\/yoast.com\/product\/yoast-seo-premium-wordpress\/ -->\n<title>Exclusion Hepatic sausas \u0161un\u0173 maistas su kiauliena ma\u017e\u0173 veisli\u0173 \u0161unims - anivet.lt<\/title>\n<meta name=\"description\" content=\"Dietinis pa\u0161aras, skirtas ma\u017e\u0173 veisli\u0173 suaugusiems \u0161unims, sergantiems l\u0117tiniu kepen\u0173 nepakankamumu. Pagamintas i\u0161 kruop\u0161\u010diai atrinkt\u0173 sudedam\u0173j\u0173 dali\u0173, u\u017etikrinan\u010di\u0173 efektyv\u0173 kepen\u0173 funkcijos palaikym\u0105 ir lengv\u0105 vir\u0161kinim\u0105.\" \/>\n<meta name=\"robots\" content=\"index, follow, max-snippet:-1, max-image-preview:large, max-video-preview:-1\" \/>\n<link rel=\"canonical\" href=\"https:\/\/anivet.lt\/elparduotuve\/produktas\/exclusion-hepatic-sausas-sunu-maistas-su-kiauliena-mazu-veisliu-sunims\/\" \/>\n<meta property=\"og:locale\" content=\"lt_LT\" \/>\n<meta property=\"og:type\" content=\"article\" \/>\n<meta property=\"og:title\" content=\"Exclusion Hepatic sausas \u0161un\u0173 maistas su kiauliena ma\u017e\u0173 veisli\u0173 \u0161unims\" \/>\n<meta property=\"og:description\" content=\"Dietinis pa\u0161aras, skirtas ma\u017e\u0173 veisli\u0173 suaugusiems \u0161unims, sergantiems l\u0117tiniu kepen\u0173 nepakankamumu. Pagamintas i\u0161 kruop\u0161\u010diai atrinkt\u0173 sudedam\u0173j\u0173 dali\u0173, u\u017etikrinan\u010di\u0173 efektyv\u0173 kepen\u0173 funkcijos palaikym\u0105 ir lengv\u0105 vir\u0161kinim\u0105.\" \/>\n<meta property=\"og:url\" content=\"https:\/\/anivet.lt\/elparduotuve\/produktas\/exclusion-hepatic-sausas-sunu-maistas-su-kiauliena-mazu-veisliu-sunims\/\" \/>\n<meta property=\"og:site_name\" content=\"anivet.lt\" \/>\n<meta property=\"article:modified_time\" content=\"2026-01-23T14:08:08+00:00\" \/>\n<meta property=\"og:image\" content=\"https:\/\/anivet.lt\/elparduotuve\/wp-content\/uploads\/2023\/07\/Exclusion-Hepatic-dietinis-sunu-maistas-su-kiauliena-ryziais-ir-zirniais-mazu-veisliu-sunims.png\" \/>\n\t<meta property=\"og:image:width\" content=\"600\" \/>\n\t<meta property=\"og:image:height\" content=\"600\" \/>\n\t<meta property=\"og:image:type\" content=\"image\/png\" \/>\n<meta name=\"twitter:card\" content=\"summary_large_image\" \/>\n<meta name=\"twitter:label1\" content=\"Est. reading time\" \/>\n\t<meta name=\"twitter:data1\" content=\"1 minut\u0117\" \/>\n<script type=\"application\/ld+json\" class=\"yoast-schema-graph\">{\"@context\":\"https:\\\/\\\/schema.org\",\"@graph\":[{\"@type\":\"WebPage\",\"@id\":\"https:\\\/\\\/anivet.lt\\\/elparduotuve\\\/produktas\\\/exclusion-hepatic-sausas-sunu-maistas-su-kiauliena-mazu-veisliu-sunims\\\/\",\"url\":\"https:\\\/\\\/anivet.lt\\\/elparduotuve\\\/produktas\\\/exclusion-hepatic-sausas-sunu-maistas-su-kiauliena-mazu-veisliu-sunims\\\/\",\"name\":\"Exclusion Hepatic sausas \u0161un\u0173 maistas su kiauliena ma\u017e\u0173 veisli\u0173 \u0161unims - anivet.lt\",\"isPartOf\":{\"@id\":\"https:\\\/\\\/anivet.lt\\\/elparduotuve\\\/#website\"},\"primaryImageOfPage\":{\"@id\":\"https:\\\/\\\/anivet.lt\\\/elparduotuve\\\/produktas\\\/exclusion-hepatic-sausas-sunu-maistas-su-kiauliena-mazu-veisliu-sunims\\\/#primaryimage\"},\"image\":{\"@id\":\"https:\\\/\\\/anivet.lt\\\/elparduotuve\\\/produktas\\\/exclusion-hepatic-sausas-sunu-maistas-su-kiauliena-mazu-veisliu-sunims\\\/#primaryimage\"},\"thumbnailUrl\":\"https:\\\/\\\/anivet.lt\\\/elparduotuve\\\/wp-content\\\/uploads\\\/2023\\\/07\\\/Exclusion-Hepatic-dietinis-sunu-maistas-su-kiauliena-ryziais-ir-zirniais-mazu-veisliu-sunims.png\",\"datePublished\":\"2023-07-23T12:51:09+00:00\",\"dateModified\":\"2026-01-23T14:08:08+00:00\",\"description\":\"Dietinis pa\u0161aras, skirtas ma\u017e\u0173 veisli\u0173 suaugusiems \u0161unims, sergantiems l\u0117tiniu kepen\u0173 nepakankamumu. Pagamintas i\u0161 kruop\u0161\u010diai atrinkt\u0173 sudedam\u0173j\u0173 dali\u0173, u\u017etikrinan\u010di\u0173 efektyv\u0173 kepen\u0173 funkcijos palaikym\u0105 ir lengv\u0105 vir\u0161kinim\u0105.\",\"breadcrumb\":{\"@id\":\"https:\\\/\\\/anivet.lt\\\/elparduotuve\\\/produktas\\\/exclusion-hepatic-sausas-sunu-maistas-su-kiauliena-mazu-veisliu-sunims\\\/#breadcrumb\"},\"inLanguage\":\"lt-LT\",\"potentialAction\":[{\"@type\":\"ReadAction\",\"target\":[\"https:\\\/\\\/anivet.lt\\\/elparduotuve\\\/produktas\\\/exclusion-hepatic-sausas-sunu-maistas-su-kiauliena-mazu-veisliu-sunims\\\/\"]}]},{\"@type\":\"ImageObject\",\"inLanguage\":\"lt-LT\",\"@id\":\"https:\\\/\\\/anivet.lt\\\/elparduotuve\\\/produktas\\\/exclusion-hepatic-sausas-sunu-maistas-su-kiauliena-mazu-veisliu-sunims\\\/#primaryimage\",\"url\":\"https:\\\/\\\/anivet.lt\\\/elparduotuve\\\/wp-content\\\/uploads\\\/2023\\\/07\\\/Exclusion-Hepatic-dietinis-sunu-maistas-su-kiauliena-ryziais-ir-zirniais-mazu-veisliu-sunims.png\",\"contentUrl\":\"https:\\\/\\\/anivet.lt\\\/elparduotuve\\\/wp-content\\\/uploads\\\/2023\\\/07\\\/Exclusion-Hepatic-dietinis-sunu-maistas-su-kiauliena-ryziais-ir-zirniais-mazu-veisliu-sunims.png\",\"width\":600,\"height\":600,\"caption\":\"Exclusion Hepatic dietinis \u0161un\u0173 maistas su kiauliena vidutini\u0173 ir dideli\u0173 veisli\u0173 \u0161unims\"},{\"@type\":\"BreadcrumbList\",\"@id\":\"https:\\\/\\\/anivet.lt\\\/elparduotuve\\\/produktas\\\/exclusion-hepatic-sausas-sunu-maistas-su-kiauliena-mazu-veisliu-sunims\\\/#breadcrumb\",\"itemListElement\":[{\"@type\":\"ListItem\",\"position\":1,\"name\":\"Home\",\"item\":\"https:\\\/\\\/anivet.lt\\\/elparduotuve\\\/\"},{\"@type\":\"ListItem\",\"position\":2,\"name\":\"Produktai\",\"item\":\"https:\\\/\\\/anivet.lt\\\/elparduotuve\\\/produktai\\\/\"},{\"@type\":\"ListItem\",\"position\":3,\"name\":\"Exclusion Hepatic sausas \u0161un\u0173 maistas su kiauliena ma\u017e\u0173 veisli\u0173 \u0161unims\"}]},{\"@type\":\"WebSite\",\"@id\":\"https:\\\/\\\/anivet.lt\\\/elparduotuve\\\/#website\",\"url\":\"https:\\\/\\\/anivet.lt\\\/elparduotuve\\\/\",\"name\":\"anivet.lt\",\"description\":\"Viskas J\u016bs\u0173 \u0161uns, kat\u0117s prie\u017ei\u016brai\",\"publisher\":{\"@id\":\"https:\\\/\\\/anivet.lt\\\/elparduotuve\\\/#organization\"},\"alternateName\":\"Viskas J\u016bs\u0173 \u0161uns, kat\u0117s prie\u017ei\u016brai\",\"potentialAction\":[{\"@type\":\"SearchAction\",\"target\":{\"@type\":\"EntryPoint\",\"urlTemplate\":\"https:\\\/\\\/anivet.lt\\\/elparduotuve\\\/?s={search_term_string}\"},\"query-input\":{\"@type\":\"PropertyValueSpecification\",\"valueRequired\":true,\"valueName\":\"search_term_string\"}}],\"inLanguage\":\"lt-LT\"},{\"@type\":\"Organization\",\"@id\":\"https:\\\/\\\/anivet.lt\\\/elparduotuve\\\/#organization\",\"name\":\"Viskas J\u016bs\u0173 \u0161uns, kat\u0117s prie\u017ei\u016brai\",\"url\":\"https:\\\/\\\/anivet.lt\\\/elparduotuve\\\/\",\"logo\":{\"@type\":\"ImageObject\",\"inLanguage\":\"lt-LT\",\"@id\":\"https:\\\/\\\/anivet.lt\\\/elparduotuve\\\/#\\\/schema\\\/logo\\\/image\\\/\",\"url\":\"https:\\\/\\\/anivet.lt\\\/elparduotuve\\\/wp-content\\\/uploads\\\/2023\\\/06\\\/logo2.jpg\",\"contentUrl\":\"https:\\\/\\\/anivet.lt\\\/elparduotuve\\\/wp-content\\\/uploads\\\/2023\\\/06\\\/logo2.jpg\",\"width\":655,\"height\":194,\"caption\":\"Viskas J\u016bs\u0173 \u0161uns, kat\u0117s prie\u017ei\u016brai\"},\"image\":{\"@id\":\"https:\\\/\\\/anivet.lt\\\/elparduotuve\\\/#\\\/schema\\\/logo\\\/image\\\/\"}}]}<\/script>\n<!-- \/ Yoast SEO Premium plugin. -->","yoast_head_json":{"title":"Exclusion Hepatic sausas \u0161un\u0173 maistas su kiauliena ma\u017e\u0173 veisli\u0173 \u0161unims - anivet.lt","description":"Dietinis pa\u0161aras, skirtas ma\u017e\u0173 veisli\u0173 suaugusiems \u0161unims, sergantiems l\u0117tiniu kepen\u0173 nepakankamumu. Pagamintas i\u0161 kruop\u0161\u010diai atrinkt\u0173 sudedam\u0173j\u0173 dali\u0173, u\u017etikrinan\u010di\u0173 efektyv\u0173 kepen\u0173 funkcijos palaikym\u0105 ir lengv\u0105 vir\u0161kinim\u0105.","robots":{"index":"index","follow":"follow","max-snippet":"max-snippet:-1","max-image-preview":"max-image-preview:large","max-video-preview":"max-video-preview:-1"},"canonical":"https:\/\/anivet.lt\/elparduotuve\/produktas\/exclusion-hepatic-sausas-sunu-maistas-su-kiauliena-mazu-veisliu-sunims\/","og_locale":"lt_LT","og_type":"article","og_title":"Exclusion Hepatic sausas \u0161un\u0173 maistas su kiauliena ma\u017e\u0173 veisli\u0173 \u0161unims","og_description":"Dietinis pa\u0161aras, skirtas ma\u017e\u0173 veisli\u0173 suaugusiems \u0161unims, sergantiems l\u0117tiniu kepen\u0173 nepakankamumu. Pagamintas i\u0161 kruop\u0161\u010diai atrinkt\u0173 sudedam\u0173j\u0173 dali\u0173, u\u017etikrinan\u010di\u0173 efektyv\u0173 kepen\u0173 funkcijos palaikym\u0105 ir lengv\u0105 vir\u0161kinim\u0105.","og_url":"https:\/\/anivet.lt\/elparduotuve\/produktas\/exclusion-hepatic-sausas-sunu-maistas-su-kiauliena-mazu-veisliu-sunims\/","og_site_name":"anivet.lt","article_modified_time":"2026-01-23T14:08:08+00:00","og_image":[{"width":600,"height":600,"url":"https:\/\/anivet.lt\/elparduotuve\/wp-content\/uploads\/2023\/07\/Exclusion-Hepatic-dietinis-sunu-maistas-su-kiauliena-ryziais-ir-zirniais-mazu-veisliu-sunims.png","type":"image\/png"}],"twitter_card":"summary_large_image","twitter_misc":{"Est. reading time":"1 minut\u0117"},"schema":{"@context":"https:\/\/schema.org","@graph":[{"@type":"WebPage","@id":"https:\/\/anivet.lt\/elparduotuve\/produktas\/exclusion-hepatic-sausas-sunu-maistas-su-kiauliena-mazu-veisliu-sunims\/","url":"https:\/\/anivet.lt\/elparduotuve\/produktas\/exclusion-hepatic-sausas-sunu-maistas-su-kiauliena-mazu-veisliu-sunims\/","name":"Exclusion Hepatic sausas \u0161un\u0173 maistas su kiauliena ma\u017e\u0173 veisli\u0173 \u0161unims - anivet.lt","isPartOf":{"@id":"https:\/\/anivet.lt\/elparduotuve\/#website"},"primaryImageOfPage":{"@id":"https:\/\/anivet.lt\/elparduotuve\/produktas\/exclusion-hepatic-sausas-sunu-maistas-su-kiauliena-mazu-veisliu-sunims\/#primaryimage"},"image":{"@id":"https:\/\/anivet.lt\/elparduotuve\/produktas\/exclusion-hepatic-sausas-sunu-maistas-su-kiauliena-mazu-veisliu-sunims\/#primaryimage"},"thumbnailUrl":"https:\/\/anivet.lt\/elparduotuve\/wp-content\/uploads\/2023\/07\/Exclusion-Hepatic-dietinis-sunu-maistas-su-kiauliena-ryziais-ir-zirniais-mazu-veisliu-sunims.png","datePublished":"2023-07-23T12:51:09+00:00","dateModified":"2026-01-23T14:08:08+00:00","description":"Dietinis pa\u0161aras, skirtas ma\u017e\u0173 veisli\u0173 suaugusiems \u0161unims, sergantiems l\u0117tiniu kepen\u0173 nepakankamumu. Pagamintas i\u0161 kruop\u0161\u010diai atrinkt\u0173 sudedam\u0173j\u0173 dali\u0173, u\u017etikrinan\u010di\u0173 efektyv\u0173 kepen\u0173 funkcijos palaikym\u0105 ir lengv\u0105 vir\u0161kinim\u0105.","breadcrumb":{"@id":"https:\/\/anivet.lt\/elparduotuve\/produktas\/exclusion-hepatic-sausas-sunu-maistas-su-kiauliena-mazu-veisliu-sunims\/#breadcrumb"},"inLanguage":"lt-LT","potentialAction":[{"@type":"ReadAction","target":["https:\/\/anivet.lt\/elparduotuve\/produktas\/exclusion-hepatic-sausas-sunu-maistas-su-kiauliena-mazu-veisliu-sunims\/"]}]},{"@type":"ImageObject","inLanguage":"lt-LT","@id":"https:\/\/anivet.lt\/elparduotuve\/produktas\/exclusion-hepatic-sausas-sunu-maistas-su-kiauliena-mazu-veisliu-sunims\/#primaryimage","url":"https:\/\/anivet.lt\/elparduotuve\/wp-content\/uploads\/2023\/07\/Exclusion-Hepatic-dietinis-sunu-maistas-su-kiauliena-ryziais-ir-zirniais-mazu-veisliu-sunims.png","contentUrl":"https:\/\/anivet.lt\/elparduotuve\/wp-content\/uploads\/2023\/07\/Exclusion-Hepatic-dietinis-sunu-maistas-su-kiauliena-ryziais-ir-zirniais-mazu-veisliu-sunims.png","width":600,"height":600,"caption":"Exclusion Hepatic dietinis \u0161un\u0173 maistas su kiauliena vidutini\u0173 ir dideli\u0173 veisli\u0173 \u0161unims"},{"@type":"BreadcrumbList","@id":"https:\/\/anivet.lt\/elparduotuve\/produktas\/exclusion-hepatic-sausas-sunu-maistas-su-kiauliena-mazu-veisliu-sunims\/#breadcrumb","itemListElement":[{"@type":"ListItem","position":1,"name":"Home","item":"https:\/\/anivet.lt\/elparduotuve\/"},{"@type":"ListItem","position":2,"name":"Produktai","item":"https:\/\/anivet.lt\/elparduotuve\/produktai\/"},{"@type":"ListItem","position":3,"name":"Exclusion Hepatic sausas \u0161un\u0173 maistas su kiauliena ma\u017e\u0173 veisli\u0173 \u0161unims"}]},{"@type":"WebSite","@id":"https:\/\/anivet.lt\/elparduotuve\/#website","url":"https:\/\/anivet.lt\/elparduotuve\/","name":"anivet.lt","description":"Viskas J\u016bs\u0173 \u0161uns, kat\u0117s prie\u017ei\u016brai","publisher":{"@id":"https:\/\/anivet.lt\/elparduotuve\/#organization"},"alternateName":"Viskas J\u016bs\u0173 \u0161uns, kat\u0117s prie\u017ei\u016brai","potentialAction":[{"@type":"SearchAction","target":{"@type":"EntryPoint","urlTemplate":"https:\/\/anivet.lt\/elparduotuve\/?s={search_term_string}"},"query-input":{"@type":"PropertyValueSpecification","valueRequired":true,"valueName":"search_term_string"}}],"inLanguage":"lt-LT"},{"@type":"Organization","@id":"https:\/\/anivet.lt\/elparduotuve\/#organization","name":"Viskas J\u016bs\u0173 \u0161uns, kat\u0117s prie\u017ei\u016brai","url":"https:\/\/anivet.lt\/elparduotuve\/","logo":{"@type":"ImageObject","inLanguage":"lt-LT","@id":"https:\/\/anivet.lt\/elparduotuve\/#\/schema\/logo\/image\/","url":"https:\/\/anivet.lt\/elparduotuve\/wp-content\/uploads\/2023\/06\/logo2.jpg","contentUrl":"https:\/\/anivet.lt\/elparduotuve\/wp-content\/uploads\/2023\/06\/logo2.jpg","width":655,"height":194,"caption":"Viskas J\u016bs\u0173 \u0161uns, kat\u0117s prie\u017ei\u016brai"},"image":{"@id":"https:\/\/anivet.lt\/elparduotuve\/#\/schema\/logo\/image\/"}}]}},"_links":{"self":[{"href":"https:\/\/anivet.lt\/elparduotuve\/wp-json\/wp\/v2\/product\/10538","targetHints":{"allow":["GET"]}}],"collection":[{"href":"https:\/\/anivet.lt\/elparduotuve\/wp-json\/wp\/v2\/product"}],"about":[{"href":"https:\/\/anivet.lt\/elparduotuve\/wp-json\/wp\/v2\/types\/product"}],"wp:featuredmedia":[{"embeddable":true,"href":"https:\/\/anivet.lt\/elparduotuve\/wp-json\/wp\/v2\/media\/10537"}],"wp:attachment":[{"href":"https:\/\/anivet.lt\/elparduotuve\/wp-json\/wp\/v2\/media?parent=10538"}],"wp:term":[{"taxonomy":"product_brand","embeddable":true,"href":"https:\/\/anivet.lt\/elparduotuve\/wp-json\/wp\/v2\/product_brand?post=10538"},{"taxonomy":"product_cat","embeddable":true,"href":"https:\/\/anivet.lt\/elparduotuve\/wp-json\/wp\/v2\/product_cat?post=10538"},{"taxonomy":"product_tag","embeddable":true,"href":"https:\/\/anivet.lt\/elparduotuve\/wp-json\/wp\/v2\/product_tag?post=10538"}],"curies":[{"name":"wp","href":"https:\/\/api.w.org\/{rel}","templated":true}]}}