{"id":10539,"date":"2023-07-23T13:13:04","date_gmt":"2023-07-23T13:13:04","guid":{"rendered":"https:\/\/anivet.lt\/elparduotuve\/?post_type=product&#038;p=10539"},"modified":"2025-05-27T13:13:26","modified_gmt":"2025-05-27T13:13:26","slug":"exclusion-hypoallergenic-hipoalerginis-maistas-dideliu-veisliu-sunims","status":"publish","type":"product","link":"https:\/\/anivet.lt\/elparduotuve\/produktas\/exclusion-hypoallergenic-hipoalerginis-maistas-dideliu-veisliu-sunims\/","title":{"rendered":"Exclusion Hypoallergenic hipoalerginis maistas dideli\u0173 veisli\u0173 \u0161unims"},"content":{"rendered":"<ul>\n<li style=\"font-weight: 400;\" aria-level=\"1\"><span style=\"font-weight: 400;\">Vieno baltymo formul\u0117: Kiauliena \u2013 vienintelis gyv\u016bnini\u0173 baltym\u0173 \u0161altinis, ma\u017einantis alergini\u0173 reakcij\u0173 rizik\u0105.<\/span><\/li>\n<li style=\"font-weight: 400;\" aria-level=\"1\"><span style=\"font-weight: 400;\">Be gr\u016bd\u0173: Pa\u0161aro sud\u0117tyje n\u0117ra gr\u016bd\u0173, tod\u0117l jis lengvai toleruojamas ir vir\u0161kinamas.<\/span><\/li>\n<li style=\"font-weight: 400;\" aria-level=\"1\"><span style=\"font-weight: 400;\">Alavijas: Sud\u0117tyje esantis alavijas padeda ma\u017einti u\u017edegimus ir skatina odos regeneracij\u0105.<\/span><\/li>\n<li style=\"font-weight: 400;\" aria-level=\"1\"><span style=\"font-weight: 400;\">Sveikai odai ir kailiui: Lin\u0173 s\u0117men\u0173 riebal\u0173 r\u016bg\u0161tys palaiko sveik\u0105 od\u0105 ir suteikia kailiui blizgesio.<\/span><\/li>\n<li style=\"font-weight: 400;\" aria-level=\"1\"><span style=\"font-weight: 400;\">Minimalus ingredient\u0173 skai\u010dius: Sud\u0117tyje tik b\u016btiniausi ingredientai, u\u017etikrinantys auk\u0161t\u0105 kokyb\u0119 ir tinkamum\u0105 jautriems \u0161unims.<\/span><\/li>\n<\/ul>\n<p><span style=\"font-weight: 400;\">\u201eExclusion Hypoallergenic\u201c \u2013 tai puikus pasirinkimas \u0161unims, kuriems reikalinga speciali mityba d\u0117l jautrios vir\u0161kinimo sistemos ar odos problem\u0173. \u0160is pa\u0161aras ne tik u\u017etikrina ger\u0105 savijaut\u0105, bet ir padeda palaikyti sveik\u0105 gyvenimo b\u016bd\u0105.<\/span><\/p>\n","protected":false},"excerpt":{"rendered":"<p><span style=\"font-weight: 400;\">Hipoalerginis sausas pa\u0161aras su kiauliena ir \u017eirniais, skirtas vidutini\u0173 ir dideli\u0173 veisli\u0173 suaugusiems \u0161unims. \u0160is pa\u0161aras yra subalansuotas ir specialiai pritaikytas \u0161unims, turintiems maistini\u0173 med\u017eiag\u0173 netoleravim\u0105 ar alergijos simptomus.<\/span><\/p>\n","protected":false},"featured_media":10540,"template":"","meta":[],"product_brand":[],"product_cat":[101,103,107,317],"product_tag":[],"class_list":{"0":"post-10539","1":"product","2":"type-product","3":"status-publish","4":"has-post-thumbnail","6":"product_cat-sunims","7":"product_cat-sunu-maistas","8":"product_cat-veterinarine-dieta","9":"product_cat-exclusion-sunu-maistas","10":"pa_prekinis-zenklas-exclusion","12":"first","13":"instock","14":"taxable","15":"shipping-taxable","16":"purchasable","17":"product-type-simple"},"yoast_head":"<!-- This site is optimized with the Yoast SEO Premium plugin v27.1 (Yoast SEO v27.3) - https:\/\/yoast.com\/product\/yoast-seo-premium-wordpress\/ -->\n<title>Exclusion Hypoallergenic hipoalerginis maistas dideli\u0173 veisli\u0173 \u0161unims - anivet.lt<\/title>\n<meta name=\"description\" content=\"Hipoalerginis sausas pa\u0161aras su kiauliena ir \u017eirniais, skirtas vidutini\u0173 ir dideli\u0173 veisli\u0173 suaugusiems \u0161unims. \u0160is pa\u0161aras yra subalansuotas ir specialiai pritaikytas \u0161unims, turintiems maistini\u0173 med\u017eiag\u0173 netoleravim\u0105 ar alergijos simptomus.\" \/>\n<meta name=\"robots\" content=\"index, follow, max-snippet:-1, max-image-preview:large, max-video-preview:-1\" \/>\n<link rel=\"canonical\" href=\"https:\/\/anivet.lt\/elparduotuve\/produktas\/exclusion-hypoallergenic-hipoalerginis-maistas-dideliu-veisliu-sunims\/\" \/>\n<meta property=\"og:locale\" content=\"lt_LT\" \/>\n<meta property=\"og:type\" content=\"article\" \/>\n<meta property=\"og:title\" content=\"Exclusion Hypoallergenic hipoalerginis maistas dideli\u0173 veisli\u0173 \u0161unims\" \/>\n<meta property=\"og:description\" content=\"Hipoalerginis sausas pa\u0161aras su kiauliena ir \u017eirniais, skirtas vidutini\u0173 ir dideli\u0173 veisli\u0173 suaugusiems \u0161unims. \u0160is pa\u0161aras yra subalansuotas ir specialiai pritaikytas \u0161unims, turintiems maistini\u0173 med\u017eiag\u0173 netoleravim\u0105 ar alergijos simptomus.\" \/>\n<meta property=\"og:url\" content=\"https:\/\/anivet.lt\/elparduotuve\/produktas\/exclusion-hypoallergenic-hipoalerginis-maistas-dideliu-veisliu-sunims\/\" \/>\n<meta property=\"og:site_name\" content=\"anivet.lt\" \/>\n<meta property=\"article:modified_time\" content=\"2025-05-27T13:13:26+00:00\" \/>\n<meta property=\"og:image\" content=\"https:\/\/anivet.lt\/elparduotuve\/wp-content\/uploads\/2023\/07\/exclusion-sausas-edalas-dideliu-veisliu-sunims-su-kiauliena-ir-zirniais.png\" \/>\n\t<meta property=\"og:image:width\" content=\"600\" \/>\n\t<meta property=\"og:image:height\" content=\"600\" \/>\n\t<meta property=\"og:image:type\" content=\"image\/png\" \/>\n<meta name=\"twitter:card\" content=\"summary_large_image\" \/>\n<meta name=\"twitter:label1\" content=\"Est. reading time\" \/>\n\t<meta name=\"twitter:data1\" content=\"1 minut\u0117\" \/>\n<script type=\"application\/ld+json\" class=\"yoast-schema-graph\">{\"@context\":\"https:\\\/\\\/schema.org\",\"@graph\":[{\"@type\":\"WebPage\",\"@id\":\"https:\\\/\\\/anivet.lt\\\/elparduotuve\\\/produktas\\\/exclusion-hypoallergenic-hipoalerginis-maistas-dideliu-veisliu-sunims\\\/\",\"url\":\"https:\\\/\\\/anivet.lt\\\/elparduotuve\\\/produktas\\\/exclusion-hypoallergenic-hipoalerginis-maistas-dideliu-veisliu-sunims\\\/\",\"name\":\"Exclusion Hypoallergenic hipoalerginis maistas dideli\u0173 veisli\u0173 \u0161unims - anivet.lt\",\"isPartOf\":{\"@id\":\"https:\\\/\\\/anivet.lt\\\/elparduotuve\\\/#website\"},\"primaryImageOfPage\":{\"@id\":\"https:\\\/\\\/anivet.lt\\\/elparduotuve\\\/produktas\\\/exclusion-hypoallergenic-hipoalerginis-maistas-dideliu-veisliu-sunims\\\/#primaryimage\"},\"image\":{\"@id\":\"https:\\\/\\\/anivet.lt\\\/elparduotuve\\\/produktas\\\/exclusion-hypoallergenic-hipoalerginis-maistas-dideliu-veisliu-sunims\\\/#primaryimage\"},\"thumbnailUrl\":\"https:\\\/\\\/anivet.lt\\\/elparduotuve\\\/wp-content\\\/uploads\\\/2023\\\/07\\\/exclusion-sausas-edalas-dideliu-veisliu-sunims-su-kiauliena-ir-zirniais.png\",\"datePublished\":\"2023-07-23T13:13:04+00:00\",\"dateModified\":\"2025-05-27T13:13:26+00:00\",\"description\":\"Hipoalerginis sausas pa\u0161aras su kiauliena ir \u017eirniais, skirtas vidutini\u0173 ir dideli\u0173 veisli\u0173 suaugusiems \u0161unims. \u0160is pa\u0161aras yra subalansuotas ir specialiai pritaikytas \u0161unims, turintiems maistini\u0173 med\u017eiag\u0173 netoleravim\u0105 ar alergijos simptomus.\",\"breadcrumb\":{\"@id\":\"https:\\\/\\\/anivet.lt\\\/elparduotuve\\\/produktas\\\/exclusion-hypoallergenic-hipoalerginis-maistas-dideliu-veisliu-sunims\\\/#breadcrumb\"},\"inLanguage\":\"lt-LT\",\"potentialAction\":[{\"@type\":\"ReadAction\",\"target\":[\"https:\\\/\\\/anivet.lt\\\/elparduotuve\\\/produktas\\\/exclusion-hypoallergenic-hipoalerginis-maistas-dideliu-veisliu-sunims\\\/\"]}]},{\"@type\":\"ImageObject\",\"inLanguage\":\"lt-LT\",\"@id\":\"https:\\\/\\\/anivet.lt\\\/elparduotuve\\\/produktas\\\/exclusion-hypoallergenic-hipoalerginis-maistas-dideliu-veisliu-sunims\\\/#primaryimage\",\"url\":\"https:\\\/\\\/anivet.lt\\\/elparduotuve\\\/wp-content\\\/uploads\\\/2023\\\/07\\\/exclusion-sausas-edalas-dideliu-veisliu-sunims-su-kiauliena-ir-zirniais.png\",\"contentUrl\":\"https:\\\/\\\/anivet.lt\\\/elparduotuve\\\/wp-content\\\/uploads\\\/2023\\\/07\\\/exclusion-sausas-edalas-dideliu-veisliu-sunims-su-kiauliena-ir-zirniais.png\",\"width\":600,\"height\":600,\"caption\":\"Exclusion Hypoallergenic hipoalerginis maistas dideli\u0173 veisli\u0173 \u0161unims\"},{\"@type\":\"BreadcrumbList\",\"@id\":\"https:\\\/\\\/anivet.lt\\\/elparduotuve\\\/produktas\\\/exclusion-hypoallergenic-hipoalerginis-maistas-dideliu-veisliu-sunims\\\/#breadcrumb\",\"itemListElement\":[{\"@type\":\"ListItem\",\"position\":1,\"name\":\"Home\",\"item\":\"https:\\\/\\\/anivet.lt\\\/elparduotuve\\\/\"},{\"@type\":\"ListItem\",\"position\":2,\"name\":\"Produktai\",\"item\":\"https:\\\/\\\/anivet.lt\\\/elparduotuve\\\/produktai\\\/\"},{\"@type\":\"ListItem\",\"position\":3,\"name\":\"Exclusion Hypoallergenic hipoalerginis maistas dideli\u0173 veisli\u0173 \u0161unims\"}]},{\"@type\":\"WebSite\",\"@id\":\"https:\\\/\\\/anivet.lt\\\/elparduotuve\\\/#website\",\"url\":\"https:\\\/\\\/anivet.lt\\\/elparduotuve\\\/\",\"name\":\"anivet.lt\",\"description\":\"Viskas J\u016bs\u0173 \u0161uns, kat\u0117s prie\u017ei\u016brai\",\"publisher\":{\"@id\":\"https:\\\/\\\/anivet.lt\\\/elparduotuve\\\/#organization\"},\"alternateName\":\"Viskas J\u016bs\u0173 \u0161uns, kat\u0117s prie\u017ei\u016brai\",\"potentialAction\":[{\"@type\":\"SearchAction\",\"target\":{\"@type\":\"EntryPoint\",\"urlTemplate\":\"https:\\\/\\\/anivet.lt\\\/elparduotuve\\\/?s={search_term_string}\"},\"query-input\":{\"@type\":\"PropertyValueSpecification\",\"valueRequired\":true,\"valueName\":\"search_term_string\"}}],\"inLanguage\":\"lt-LT\"},{\"@type\":\"Organization\",\"@id\":\"https:\\\/\\\/anivet.lt\\\/elparduotuve\\\/#organization\",\"name\":\"Viskas J\u016bs\u0173 \u0161uns, kat\u0117s prie\u017ei\u016brai\",\"url\":\"https:\\\/\\\/anivet.lt\\\/elparduotuve\\\/\",\"logo\":{\"@type\":\"ImageObject\",\"inLanguage\":\"lt-LT\",\"@id\":\"https:\\\/\\\/anivet.lt\\\/elparduotuve\\\/#\\\/schema\\\/logo\\\/image\\\/\",\"url\":\"https:\\\/\\\/anivet.lt\\\/elparduotuve\\\/wp-content\\\/uploads\\\/2023\\\/06\\\/logo2.jpg\",\"contentUrl\":\"https:\\\/\\\/anivet.lt\\\/elparduotuve\\\/wp-content\\\/uploads\\\/2023\\\/06\\\/logo2.jpg\",\"width\":655,\"height\":194,\"caption\":\"Viskas J\u016bs\u0173 \u0161uns, kat\u0117s prie\u017ei\u016brai\"},\"image\":{\"@id\":\"https:\\\/\\\/anivet.lt\\\/elparduotuve\\\/#\\\/schema\\\/logo\\\/image\\\/\"}}]}<\/script>\n<!-- \/ Yoast SEO Premium plugin. -->","yoast_head_json":{"title":"Exclusion Hypoallergenic hipoalerginis maistas dideli\u0173 veisli\u0173 \u0161unims - anivet.lt","description":"Hipoalerginis sausas pa\u0161aras su kiauliena ir \u017eirniais, skirtas vidutini\u0173 ir dideli\u0173 veisli\u0173 suaugusiems \u0161unims. \u0160is pa\u0161aras yra subalansuotas ir specialiai pritaikytas \u0161unims, turintiems maistini\u0173 med\u017eiag\u0173 netoleravim\u0105 ar alergijos simptomus.","robots":{"index":"index","follow":"follow","max-snippet":"max-snippet:-1","max-image-preview":"max-image-preview:large","max-video-preview":"max-video-preview:-1"},"canonical":"https:\/\/anivet.lt\/elparduotuve\/produktas\/exclusion-hypoallergenic-hipoalerginis-maistas-dideliu-veisliu-sunims\/","og_locale":"lt_LT","og_type":"article","og_title":"Exclusion Hypoallergenic hipoalerginis maistas dideli\u0173 veisli\u0173 \u0161unims","og_description":"Hipoalerginis sausas pa\u0161aras su kiauliena ir \u017eirniais, skirtas vidutini\u0173 ir dideli\u0173 veisli\u0173 suaugusiems \u0161unims. \u0160is pa\u0161aras yra subalansuotas ir specialiai pritaikytas \u0161unims, turintiems maistini\u0173 med\u017eiag\u0173 netoleravim\u0105 ar alergijos simptomus.","og_url":"https:\/\/anivet.lt\/elparduotuve\/produktas\/exclusion-hypoallergenic-hipoalerginis-maistas-dideliu-veisliu-sunims\/","og_site_name":"anivet.lt","article_modified_time":"2025-05-27T13:13:26+00:00","og_image":[{"width":600,"height":600,"url":"https:\/\/anivet.lt\/elparduotuve\/wp-content\/uploads\/2023\/07\/exclusion-sausas-edalas-dideliu-veisliu-sunims-su-kiauliena-ir-zirniais.png","type":"image\/png"}],"twitter_card":"summary_large_image","twitter_misc":{"Est. reading time":"1 minut\u0117"},"schema":{"@context":"https:\/\/schema.org","@graph":[{"@type":"WebPage","@id":"https:\/\/anivet.lt\/elparduotuve\/produktas\/exclusion-hypoallergenic-hipoalerginis-maistas-dideliu-veisliu-sunims\/","url":"https:\/\/anivet.lt\/elparduotuve\/produktas\/exclusion-hypoallergenic-hipoalerginis-maistas-dideliu-veisliu-sunims\/","name":"Exclusion Hypoallergenic hipoalerginis maistas dideli\u0173 veisli\u0173 \u0161unims - anivet.lt","isPartOf":{"@id":"https:\/\/anivet.lt\/elparduotuve\/#website"},"primaryImageOfPage":{"@id":"https:\/\/anivet.lt\/elparduotuve\/produktas\/exclusion-hypoallergenic-hipoalerginis-maistas-dideliu-veisliu-sunims\/#primaryimage"},"image":{"@id":"https:\/\/anivet.lt\/elparduotuve\/produktas\/exclusion-hypoallergenic-hipoalerginis-maistas-dideliu-veisliu-sunims\/#primaryimage"},"thumbnailUrl":"https:\/\/anivet.lt\/elparduotuve\/wp-content\/uploads\/2023\/07\/exclusion-sausas-edalas-dideliu-veisliu-sunims-su-kiauliena-ir-zirniais.png","datePublished":"2023-07-23T13:13:04+00:00","dateModified":"2025-05-27T13:13:26+00:00","description":"Hipoalerginis sausas pa\u0161aras su kiauliena ir \u017eirniais, skirtas vidutini\u0173 ir dideli\u0173 veisli\u0173 suaugusiems \u0161unims. \u0160is pa\u0161aras yra subalansuotas ir specialiai pritaikytas \u0161unims, turintiems maistini\u0173 med\u017eiag\u0173 netoleravim\u0105 ar alergijos simptomus.","breadcrumb":{"@id":"https:\/\/anivet.lt\/elparduotuve\/produktas\/exclusion-hypoallergenic-hipoalerginis-maistas-dideliu-veisliu-sunims\/#breadcrumb"},"inLanguage":"lt-LT","potentialAction":[{"@type":"ReadAction","target":["https:\/\/anivet.lt\/elparduotuve\/produktas\/exclusion-hypoallergenic-hipoalerginis-maistas-dideliu-veisliu-sunims\/"]}]},{"@type":"ImageObject","inLanguage":"lt-LT","@id":"https:\/\/anivet.lt\/elparduotuve\/produktas\/exclusion-hypoallergenic-hipoalerginis-maistas-dideliu-veisliu-sunims\/#primaryimage","url":"https:\/\/anivet.lt\/elparduotuve\/wp-content\/uploads\/2023\/07\/exclusion-sausas-edalas-dideliu-veisliu-sunims-su-kiauliena-ir-zirniais.png","contentUrl":"https:\/\/anivet.lt\/elparduotuve\/wp-content\/uploads\/2023\/07\/exclusion-sausas-edalas-dideliu-veisliu-sunims-su-kiauliena-ir-zirniais.png","width":600,"height":600,"caption":"Exclusion Hypoallergenic hipoalerginis maistas dideli\u0173 veisli\u0173 \u0161unims"},{"@type":"BreadcrumbList","@id":"https:\/\/anivet.lt\/elparduotuve\/produktas\/exclusion-hypoallergenic-hipoalerginis-maistas-dideliu-veisliu-sunims\/#breadcrumb","itemListElement":[{"@type":"ListItem","position":1,"name":"Home","item":"https:\/\/anivet.lt\/elparduotuve\/"},{"@type":"ListItem","position":2,"name":"Produktai","item":"https:\/\/anivet.lt\/elparduotuve\/produktai\/"},{"@type":"ListItem","position":3,"name":"Exclusion Hypoallergenic hipoalerginis maistas dideli\u0173 veisli\u0173 \u0161unims"}]},{"@type":"WebSite","@id":"https:\/\/anivet.lt\/elparduotuve\/#website","url":"https:\/\/anivet.lt\/elparduotuve\/","name":"anivet.lt","description":"Viskas J\u016bs\u0173 \u0161uns, kat\u0117s prie\u017ei\u016brai","publisher":{"@id":"https:\/\/anivet.lt\/elparduotuve\/#organization"},"alternateName":"Viskas J\u016bs\u0173 \u0161uns, kat\u0117s prie\u017ei\u016brai","potentialAction":[{"@type":"SearchAction","target":{"@type":"EntryPoint","urlTemplate":"https:\/\/anivet.lt\/elparduotuve\/?s={search_term_string}"},"query-input":{"@type":"PropertyValueSpecification","valueRequired":true,"valueName":"search_term_string"}}],"inLanguage":"lt-LT"},{"@type":"Organization","@id":"https:\/\/anivet.lt\/elparduotuve\/#organization","name":"Viskas J\u016bs\u0173 \u0161uns, kat\u0117s prie\u017ei\u016brai","url":"https:\/\/anivet.lt\/elparduotuve\/","logo":{"@type":"ImageObject","inLanguage":"lt-LT","@id":"https:\/\/anivet.lt\/elparduotuve\/#\/schema\/logo\/image\/","url":"https:\/\/anivet.lt\/elparduotuve\/wp-content\/uploads\/2023\/06\/logo2.jpg","contentUrl":"https:\/\/anivet.lt\/elparduotuve\/wp-content\/uploads\/2023\/06\/logo2.jpg","width":655,"height":194,"caption":"Viskas J\u016bs\u0173 \u0161uns, kat\u0117s prie\u017ei\u016brai"},"image":{"@id":"https:\/\/anivet.lt\/elparduotuve\/#\/schema\/logo\/image\/"}}]}},"_links":{"self":[{"href":"https:\/\/anivet.lt\/elparduotuve\/wp-json\/wp\/v2\/product\/10539","targetHints":{"allow":["GET"]}}],"collection":[{"href":"https:\/\/anivet.lt\/elparduotuve\/wp-json\/wp\/v2\/product"}],"about":[{"href":"https:\/\/anivet.lt\/elparduotuve\/wp-json\/wp\/v2\/types\/product"}],"wp:featuredmedia":[{"embeddable":true,"href":"https:\/\/anivet.lt\/elparduotuve\/wp-json\/wp\/v2\/media\/10540"}],"wp:attachment":[{"href":"https:\/\/anivet.lt\/elparduotuve\/wp-json\/wp\/v2\/media?parent=10539"}],"wp:term":[{"taxonomy":"product_brand","embeddable":true,"href":"https:\/\/anivet.lt\/elparduotuve\/wp-json\/wp\/v2\/product_brand?post=10539"},{"taxonomy":"product_cat","embeddable":true,"href":"https:\/\/anivet.lt\/elparduotuve\/wp-json\/wp\/v2\/product_cat?post=10539"},{"taxonomy":"product_tag","embeddable":true,"href":"https:\/\/anivet.lt\/elparduotuve\/wp-json\/wp\/v2\/product_tag?post=10539"}],"curies":[{"name":"wp","href":"https:\/\/api.w.org\/{rel}","templated":true}]}}