{"id":10570,"date":"2023-07-23T17:06:57","date_gmt":"2023-07-23T17:06:57","guid":{"rendered":"https:\/\/anivet.lt\/elparduotuve\/?post_type=product&#038;p=10570"},"modified":"2026-03-05T07:07:31","modified_gmt":"2026-03-05T07:07:31","slug":"quattro-small-breed-adult-sausas-begrudis-maistas-su-eriena-15-kg","status":"publish","type":"product","link":"https:\/\/anivet.lt\/elparduotuve\/produktas\/quattro-small-breed-adult-sausas-begrudis-maistas-su-eriena-15-kg\/","title":{"rendered":"QUATTRO Small Breed Adult sausas begr\u016bdis maistas su \u0117riena"},"content":{"rendered":"<ul>\n<li style=\"font-weight: 400;\" aria-level=\"1\"><span style=\"font-weight: 400;\">\u0116rienos monoproteinas (36%): Suma\u017eina alergini\u0173 reakcij\u0173 rizik\u0105.<\/span><\/li>\n<li style=\"font-weight: 400;\" aria-level=\"1\"><span style=\"font-weight: 400;\">Be gr\u016bd\u0173 ir glitimo: Tinka jautriems \u0161unims.<\/span><\/li>\n<li style=\"font-weight: 400;\" aria-level=\"1\"><span style=\"font-weight: 400;\">Omega-3 ir Omega-6: Palaiko sveik\u0105 od\u0105, blizgant\u012f kail\u012f ir bendr\u0105 gerov\u0119.<\/span><\/li>\n<li style=\"font-weight: 400;\" aria-level=\"1\"><span style=\"font-weight: 400;\">Prebiotikai ir skaidulos: Palaiko vir\u0161kinim\u0105 ir optimizuoja i\u0161mat\u0173 kokyb\u0119.<\/span><\/li>\n<li style=\"font-weight: 400;\" aria-level=\"1\"><span style=\"font-weight: 400;\">\u201eFreeze-dried meat coated\u201c technologija: Granules dengia liofilizuota m\u0117sa, kuri suteikia i\u0161skirtin\u012f skon\u012f.<\/span><\/li>\n<\/ul>\n<p><span style=\"font-weight: 400;\">\u0160is pa\u0161aras ne tik patenkina visus ma\u017e\u0173 veisli\u0173 \u0161un\u0173 mitybos poreikius, bet ir prisideda prie j\u0173 sveikatos gerinimo. Sud\u0117tyje esantys nat\u016bral\u016bs ekstraktai ir \u201esupermaisto\u201c komponentai palaiko imunin\u0119 sistem\u0105 bei bendr\u0105 organizmo funkcionalum\u0105. D\u0117l liofilizuotos m\u0117sos ir auk\u0161tos kokyb\u0117s ingredient\u0173 pa\u0161aras yra puikiai \u0117damas ir lengvai vir\u0161kinamas, tod\u0117l tinka net jautriausiems augintiniams.<\/span><\/p>\n","protected":false},"excerpt":{"rendered":"<p><span style=\"font-weight: 400;\">Visavertis, hipoalerginis pa\u0161aras, skirtas ma\u017e\u0173 veisli\u0173 suaugusiems \u0161unims, turintiems jautri\u0105 vir\u0161kinimo sistem\u0105 ar linkusiems \u012f alergijas. Pa\u0161aro sud\u0117tyje dominuoja auk\u0161tos kokyb\u0117s \u0117riena, u\u017etikrinanti pilnavert\u0119 ir lengvai vir\u0161kinam\u0105 mityb\u0105.<\/span><\/p>\n","protected":false},"featured_media":10575,"template":"","meta":[],"product_brand":[],"product_cat":[101,103,104,320],"product_tag":[],"class_list":{"0":"post-10570","1":"product","2":"type-product","3":"status-publish","4":"has-post-thumbnail","6":"product_cat-sunims","7":"product_cat-sunu-maistas","8":"product_cat-sausas-maistas","9":"product_cat-quattro-sunu-maistas","10":"pa_prekinis-zenklas-quattro","12":"first","13":"instock","14":"sale","15":"taxable","16":"shipping-taxable","17":"purchasable","18":"product-type-variable"},"yoast_head":"<!-- This site is optimized with the Yoast SEO Premium plugin v27.1 (Yoast SEO v27.5) - https:\/\/yoast.com\/product\/yoast-seo-premium-wordpress\/ -->\n<title>QUATTRO Small Breed Adult sausas begr\u016bdis maistas su \u0117riena - anivet.lt<\/title>\n<meta name=\"description\" content=\"Visavertis, hipoalerginis pa\u0161aras, skirtas ma\u017e\u0173 veisli\u0173 suaugusiems \u0161unims, turintiems jautri\u0105 vir\u0161kinimo sistem\u0105 ar linkusiems \u012f alergijas. Pa\u0161aro sud\u0117tyje dominuoja auk\u0161tos kokyb\u0117s \u0117riena, u\u017etikrinanti pilnavert\u0119 ir lengvai vir\u0161kinam\u0105 mityb\u0105.\" \/>\n<meta name=\"robots\" content=\"index, follow, max-snippet:-1, max-image-preview:large, max-video-preview:-1\" \/>\n<link rel=\"canonical\" href=\"https:\/\/anivet.lt\/elparduotuve\/produktas\/quattro-small-breed-adult-sausas-begrudis-maistas-su-eriena-15-kg\/\" \/>\n<meta property=\"og:locale\" content=\"lt_LT\" \/>\n<meta property=\"og:type\" content=\"article\" \/>\n<meta property=\"og:title\" content=\"QUATTRO Small Breed Adult sausas begr\u016bdis maistas su \u0117riena\" \/>\n<meta property=\"og:description\" content=\"Visavertis, hipoalerginis pa\u0161aras, skirtas ma\u017e\u0173 veisli\u0173 suaugusiems \u0161unims, turintiems jautri\u0105 vir\u0161kinimo sistem\u0105 ar linkusiems \u012f alergijas. Pa\u0161aro sud\u0117tyje dominuoja auk\u0161tos kokyb\u0117s \u0117riena, u\u017etikrinanti pilnavert\u0119 ir lengvai vir\u0161kinam\u0105 mityb\u0105.\" \/>\n<meta property=\"og:url\" content=\"https:\/\/anivet.lt\/elparduotuve\/produktas\/quattro-small-breed-adult-sausas-begrudis-maistas-su-eriena-15-kg\/\" \/>\n<meta property=\"og:site_name\" content=\"anivet.lt\" \/>\n<meta property=\"article:modified_time\" content=\"2026-03-05T07:07:31+00:00\" \/>\n<meta property=\"og:image\" content=\"https:\/\/anivet.lt\/elparduotuve\/wp-content\/uploads\/2023\/07\/QUATTRO-Small-Breed-Adult-sausas-begrudis-maistas-su-eriena-1.5-kg.jpg\" \/>\n\t<meta property=\"og:image:width\" content=\"625\" \/>\n\t<meta property=\"og:image:height\" content=\"794\" \/>\n\t<meta property=\"og:image:type\" content=\"image\/jpeg\" \/>\n<meta name=\"twitter:card\" content=\"summary_large_image\" \/>\n<meta name=\"twitter:label1\" content=\"Est. reading time\" \/>\n\t<meta name=\"twitter:data1\" content=\"1 minut\u0117\" \/>\n<script type=\"application\/ld+json\" class=\"yoast-schema-graph\">{\"@context\":\"https:\\\/\\\/schema.org\",\"@graph\":[{\"@type\":\"WebPage\",\"@id\":\"https:\\\/\\\/anivet.lt\\\/elparduotuve\\\/produktas\\\/quattro-small-breed-adult-sausas-begrudis-maistas-su-eriena-15-kg\\\/\",\"url\":\"https:\\\/\\\/anivet.lt\\\/elparduotuve\\\/produktas\\\/quattro-small-breed-adult-sausas-begrudis-maistas-su-eriena-15-kg\\\/\",\"name\":\"QUATTRO Small Breed Adult sausas begr\u016bdis maistas su \u0117riena - anivet.lt\",\"isPartOf\":{\"@id\":\"https:\\\/\\\/anivet.lt\\\/elparduotuve\\\/#website\"},\"primaryImageOfPage\":{\"@id\":\"https:\\\/\\\/anivet.lt\\\/elparduotuve\\\/produktas\\\/quattro-small-breed-adult-sausas-begrudis-maistas-su-eriena-15-kg\\\/#primaryimage\"},\"image\":{\"@id\":\"https:\\\/\\\/anivet.lt\\\/elparduotuve\\\/produktas\\\/quattro-small-breed-adult-sausas-begrudis-maistas-su-eriena-15-kg\\\/#primaryimage\"},\"thumbnailUrl\":\"https:\\\/\\\/anivet.lt\\\/elparduotuve\\\/wp-content\\\/uploads\\\/2023\\\/07\\\/QUATTRO-Small-Breed-Adult-sausas-begrudis-maistas-su-eriena-1.5-kg.jpg\",\"datePublished\":\"2023-07-23T17:06:57+00:00\",\"dateModified\":\"2026-03-05T07:07:31+00:00\",\"description\":\"Visavertis, hipoalerginis pa\u0161aras, skirtas ma\u017e\u0173 veisli\u0173 suaugusiems \u0161unims, turintiems jautri\u0105 vir\u0161kinimo sistem\u0105 ar linkusiems \u012f alergijas. Pa\u0161aro sud\u0117tyje dominuoja auk\u0161tos kokyb\u0117s \u0117riena, u\u017etikrinanti pilnavert\u0119 ir lengvai vir\u0161kinam\u0105 mityb\u0105.\",\"breadcrumb\":{\"@id\":\"https:\\\/\\\/anivet.lt\\\/elparduotuve\\\/produktas\\\/quattro-small-breed-adult-sausas-begrudis-maistas-su-eriena-15-kg\\\/#breadcrumb\"},\"inLanguage\":\"lt-LT\",\"potentialAction\":[{\"@type\":\"ReadAction\",\"target\":[\"https:\\\/\\\/anivet.lt\\\/elparduotuve\\\/produktas\\\/quattro-small-breed-adult-sausas-begrudis-maistas-su-eriena-15-kg\\\/\"]}]},{\"@type\":\"ImageObject\",\"inLanguage\":\"lt-LT\",\"@id\":\"https:\\\/\\\/anivet.lt\\\/elparduotuve\\\/produktas\\\/quattro-small-breed-adult-sausas-begrudis-maistas-su-eriena-15-kg\\\/#primaryimage\",\"url\":\"https:\\\/\\\/anivet.lt\\\/elparduotuve\\\/wp-content\\\/uploads\\\/2023\\\/07\\\/QUATTRO-Small-Breed-Adult-sausas-begrudis-maistas-su-eriena-1.5-kg.jpg\",\"contentUrl\":\"https:\\\/\\\/anivet.lt\\\/elparduotuve\\\/wp-content\\\/uploads\\\/2023\\\/07\\\/QUATTRO-Small-Breed-Adult-sausas-begrudis-maistas-su-eriena-1.5-kg.jpg\",\"width\":625,\"height\":794,\"caption\":\"QUATTRO Small Breed Adult sausas begr\u016bdis maistas su \u0117riena\"},{\"@type\":\"BreadcrumbList\",\"@id\":\"https:\\\/\\\/anivet.lt\\\/elparduotuve\\\/produktas\\\/quattro-small-breed-adult-sausas-begrudis-maistas-su-eriena-15-kg\\\/#breadcrumb\",\"itemListElement\":[{\"@type\":\"ListItem\",\"position\":1,\"name\":\"Home\",\"item\":\"https:\\\/\\\/anivet.lt\\\/elparduotuve\\\/\"},{\"@type\":\"ListItem\",\"position\":2,\"name\":\"Produktai\",\"item\":\"https:\\\/\\\/anivet.lt\\\/elparduotuve\\\/produktai\\\/\"},{\"@type\":\"ListItem\",\"position\":3,\"name\":\"QUATTRO Small Breed Adult sausas begr\u016bdis maistas su \u0117riena\"}]},{\"@type\":\"WebSite\",\"@id\":\"https:\\\/\\\/anivet.lt\\\/elparduotuve\\\/#website\",\"url\":\"https:\\\/\\\/anivet.lt\\\/elparduotuve\\\/\",\"name\":\"anivet.lt\",\"description\":\"Viskas J\u016bs\u0173 \u0161uns, kat\u0117s prie\u017ei\u016brai\",\"publisher\":{\"@id\":\"https:\\\/\\\/anivet.lt\\\/elparduotuve\\\/#organization\"},\"alternateName\":\"Viskas J\u016bs\u0173 \u0161uns, kat\u0117s prie\u017ei\u016brai\",\"potentialAction\":[{\"@type\":\"SearchAction\",\"target\":{\"@type\":\"EntryPoint\",\"urlTemplate\":\"https:\\\/\\\/anivet.lt\\\/elparduotuve\\\/?s={search_term_string}\"},\"query-input\":{\"@type\":\"PropertyValueSpecification\",\"valueRequired\":true,\"valueName\":\"search_term_string\"}}],\"inLanguage\":\"lt-LT\"},{\"@type\":\"Organization\",\"@id\":\"https:\\\/\\\/anivet.lt\\\/elparduotuve\\\/#organization\",\"name\":\"Viskas J\u016bs\u0173 \u0161uns, kat\u0117s prie\u017ei\u016brai\",\"url\":\"https:\\\/\\\/anivet.lt\\\/elparduotuve\\\/\",\"logo\":{\"@type\":\"ImageObject\",\"inLanguage\":\"lt-LT\",\"@id\":\"https:\\\/\\\/anivet.lt\\\/elparduotuve\\\/#\\\/schema\\\/logo\\\/image\\\/\",\"url\":\"https:\\\/\\\/anivet.lt\\\/elparduotuve\\\/wp-content\\\/uploads\\\/2023\\\/06\\\/logo2.jpg\",\"contentUrl\":\"https:\\\/\\\/anivet.lt\\\/elparduotuve\\\/wp-content\\\/uploads\\\/2023\\\/06\\\/logo2.jpg\",\"width\":655,\"height\":194,\"caption\":\"Viskas J\u016bs\u0173 \u0161uns, kat\u0117s prie\u017ei\u016brai\"},\"image\":{\"@id\":\"https:\\\/\\\/anivet.lt\\\/elparduotuve\\\/#\\\/schema\\\/logo\\\/image\\\/\"}}]}<\/script>\n<!-- \/ Yoast SEO Premium plugin. -->","yoast_head_json":{"title":"QUATTRO Small Breed Adult sausas begr\u016bdis maistas su \u0117riena - anivet.lt","description":"Visavertis, hipoalerginis pa\u0161aras, skirtas ma\u017e\u0173 veisli\u0173 suaugusiems \u0161unims, turintiems jautri\u0105 vir\u0161kinimo sistem\u0105 ar linkusiems \u012f alergijas. Pa\u0161aro sud\u0117tyje dominuoja auk\u0161tos kokyb\u0117s \u0117riena, u\u017etikrinanti pilnavert\u0119 ir lengvai vir\u0161kinam\u0105 mityb\u0105.","robots":{"index":"index","follow":"follow","max-snippet":"max-snippet:-1","max-image-preview":"max-image-preview:large","max-video-preview":"max-video-preview:-1"},"canonical":"https:\/\/anivet.lt\/elparduotuve\/produktas\/quattro-small-breed-adult-sausas-begrudis-maistas-su-eriena-15-kg\/","og_locale":"lt_LT","og_type":"article","og_title":"QUATTRO Small Breed Adult sausas begr\u016bdis maistas su \u0117riena","og_description":"Visavertis, hipoalerginis pa\u0161aras, skirtas ma\u017e\u0173 veisli\u0173 suaugusiems \u0161unims, turintiems jautri\u0105 vir\u0161kinimo sistem\u0105 ar linkusiems \u012f alergijas. Pa\u0161aro sud\u0117tyje dominuoja auk\u0161tos kokyb\u0117s \u0117riena, u\u017etikrinanti pilnavert\u0119 ir lengvai vir\u0161kinam\u0105 mityb\u0105.","og_url":"https:\/\/anivet.lt\/elparduotuve\/produktas\/quattro-small-breed-adult-sausas-begrudis-maistas-su-eriena-15-kg\/","og_site_name":"anivet.lt","article_modified_time":"2026-03-05T07:07:31+00:00","og_image":[{"width":625,"height":794,"url":"https:\/\/anivet.lt\/elparduotuve\/wp-content\/uploads\/2023\/07\/QUATTRO-Small-Breed-Adult-sausas-begrudis-maistas-su-eriena-1.5-kg.jpg","type":"image\/jpeg"}],"twitter_card":"summary_large_image","twitter_misc":{"Est. reading time":"1 minut\u0117"},"schema":{"@context":"https:\/\/schema.org","@graph":[{"@type":"WebPage","@id":"https:\/\/anivet.lt\/elparduotuve\/produktas\/quattro-small-breed-adult-sausas-begrudis-maistas-su-eriena-15-kg\/","url":"https:\/\/anivet.lt\/elparduotuve\/produktas\/quattro-small-breed-adult-sausas-begrudis-maistas-su-eriena-15-kg\/","name":"QUATTRO Small Breed Adult sausas begr\u016bdis maistas su \u0117riena - anivet.lt","isPartOf":{"@id":"https:\/\/anivet.lt\/elparduotuve\/#website"},"primaryImageOfPage":{"@id":"https:\/\/anivet.lt\/elparduotuve\/produktas\/quattro-small-breed-adult-sausas-begrudis-maistas-su-eriena-15-kg\/#primaryimage"},"image":{"@id":"https:\/\/anivet.lt\/elparduotuve\/produktas\/quattro-small-breed-adult-sausas-begrudis-maistas-su-eriena-15-kg\/#primaryimage"},"thumbnailUrl":"https:\/\/anivet.lt\/elparduotuve\/wp-content\/uploads\/2023\/07\/QUATTRO-Small-Breed-Adult-sausas-begrudis-maistas-su-eriena-1.5-kg.jpg","datePublished":"2023-07-23T17:06:57+00:00","dateModified":"2026-03-05T07:07:31+00:00","description":"Visavertis, hipoalerginis pa\u0161aras, skirtas ma\u017e\u0173 veisli\u0173 suaugusiems \u0161unims, turintiems jautri\u0105 vir\u0161kinimo sistem\u0105 ar linkusiems \u012f alergijas. Pa\u0161aro sud\u0117tyje dominuoja auk\u0161tos kokyb\u0117s \u0117riena, u\u017etikrinanti pilnavert\u0119 ir lengvai vir\u0161kinam\u0105 mityb\u0105.","breadcrumb":{"@id":"https:\/\/anivet.lt\/elparduotuve\/produktas\/quattro-small-breed-adult-sausas-begrudis-maistas-su-eriena-15-kg\/#breadcrumb"},"inLanguage":"lt-LT","potentialAction":[{"@type":"ReadAction","target":["https:\/\/anivet.lt\/elparduotuve\/produktas\/quattro-small-breed-adult-sausas-begrudis-maistas-su-eriena-15-kg\/"]}]},{"@type":"ImageObject","inLanguage":"lt-LT","@id":"https:\/\/anivet.lt\/elparduotuve\/produktas\/quattro-small-breed-adult-sausas-begrudis-maistas-su-eriena-15-kg\/#primaryimage","url":"https:\/\/anivet.lt\/elparduotuve\/wp-content\/uploads\/2023\/07\/QUATTRO-Small-Breed-Adult-sausas-begrudis-maistas-su-eriena-1.5-kg.jpg","contentUrl":"https:\/\/anivet.lt\/elparduotuve\/wp-content\/uploads\/2023\/07\/QUATTRO-Small-Breed-Adult-sausas-begrudis-maistas-su-eriena-1.5-kg.jpg","width":625,"height":794,"caption":"QUATTRO Small Breed Adult sausas begr\u016bdis maistas su \u0117riena"},{"@type":"BreadcrumbList","@id":"https:\/\/anivet.lt\/elparduotuve\/produktas\/quattro-small-breed-adult-sausas-begrudis-maistas-su-eriena-15-kg\/#breadcrumb","itemListElement":[{"@type":"ListItem","position":1,"name":"Home","item":"https:\/\/anivet.lt\/elparduotuve\/"},{"@type":"ListItem","position":2,"name":"Produktai","item":"https:\/\/anivet.lt\/elparduotuve\/produktai\/"},{"@type":"ListItem","position":3,"name":"QUATTRO Small Breed Adult sausas begr\u016bdis maistas su \u0117riena"}]},{"@type":"WebSite","@id":"https:\/\/anivet.lt\/elparduotuve\/#website","url":"https:\/\/anivet.lt\/elparduotuve\/","name":"anivet.lt","description":"Viskas J\u016bs\u0173 \u0161uns, kat\u0117s prie\u017ei\u016brai","publisher":{"@id":"https:\/\/anivet.lt\/elparduotuve\/#organization"},"alternateName":"Viskas J\u016bs\u0173 \u0161uns, kat\u0117s prie\u017ei\u016brai","potentialAction":[{"@type":"SearchAction","target":{"@type":"EntryPoint","urlTemplate":"https:\/\/anivet.lt\/elparduotuve\/?s={search_term_string}"},"query-input":{"@type":"PropertyValueSpecification","valueRequired":true,"valueName":"search_term_string"}}],"inLanguage":"lt-LT"},{"@type":"Organization","@id":"https:\/\/anivet.lt\/elparduotuve\/#organization","name":"Viskas J\u016bs\u0173 \u0161uns, kat\u0117s prie\u017ei\u016brai","url":"https:\/\/anivet.lt\/elparduotuve\/","logo":{"@type":"ImageObject","inLanguage":"lt-LT","@id":"https:\/\/anivet.lt\/elparduotuve\/#\/schema\/logo\/image\/","url":"https:\/\/anivet.lt\/elparduotuve\/wp-content\/uploads\/2023\/06\/logo2.jpg","contentUrl":"https:\/\/anivet.lt\/elparduotuve\/wp-content\/uploads\/2023\/06\/logo2.jpg","width":655,"height":194,"caption":"Viskas J\u016bs\u0173 \u0161uns, kat\u0117s prie\u017ei\u016brai"},"image":{"@id":"https:\/\/anivet.lt\/elparduotuve\/#\/schema\/logo\/image\/"}}]}},"_links":{"self":[{"href":"https:\/\/anivet.lt\/elparduotuve\/wp-json\/wp\/v2\/product\/10570","targetHints":{"allow":["GET"]}}],"collection":[{"href":"https:\/\/anivet.lt\/elparduotuve\/wp-json\/wp\/v2\/product"}],"about":[{"href":"https:\/\/anivet.lt\/elparduotuve\/wp-json\/wp\/v2\/types\/product"}],"wp:featuredmedia":[{"embeddable":true,"href":"https:\/\/anivet.lt\/elparduotuve\/wp-json\/wp\/v2\/media\/10575"}],"wp:attachment":[{"href":"https:\/\/anivet.lt\/elparduotuve\/wp-json\/wp\/v2\/media?parent=10570"}],"wp:term":[{"taxonomy":"product_brand","embeddable":true,"href":"https:\/\/anivet.lt\/elparduotuve\/wp-json\/wp\/v2\/product_brand?post=10570"},{"taxonomy":"product_cat","embeddable":true,"href":"https:\/\/anivet.lt\/elparduotuve\/wp-json\/wp\/v2\/product_cat?post=10570"},{"taxonomy":"product_tag","embeddable":true,"href":"https:\/\/anivet.lt\/elparduotuve\/wp-json\/wp\/v2\/product_tag?post=10570"}],"curies":[{"name":"wp","href":"https:\/\/api.w.org\/{rel}","templated":true}]}}