{"id":10576,"date":"2023-07-23T17:22:04","date_gmt":"2023-07-23T17:22:04","guid":{"rendered":"https:\/\/anivet.lt\/elparduotuve\/?post_type=product&#038;p=10576"},"modified":"2026-01-23T13:44:24","modified_gmt":"2026-01-23T13:44:24","slug":"exclusion-intestinal-dietinis-maistas-jauniems-sunims","status":"publish","type":"product","link":"https:\/\/anivet.lt\/elparduotuve\/produktas\/exclusion-intestinal-dietinis-maistas-jauniems-sunims\/","title":{"rendered":"Exclusion Intestinal dietinis maistas jauniems \u0161unims"},"content":{"rendered":"<ul>\n<li><span style=\"font-weight: 400;\">Hipoalergin\u0117 sud\u0117tis: Vienas gyvulin\u0117s kilm\u0117s baltymas (kiauliena) suma\u017eina maisto netoleravimo rizik\u0105.<\/span><\/li>\n<li style=\"font-weight: 400;\" aria-level=\"1\"><span style=\"font-weight: 400;\">Pagerina vir\u0161kinim\u0105: Praturtintas beta gliukanais ir miel\u0117mis, kurios padeda efektyviai pasisavinti maistines med\u017eiagas.<\/span><\/li>\n<li style=\"font-weight: 400;\" aria-level=\"1\"><span style=\"font-weight: 400;\">Maistin\u0117s skaidulos: Padeda atkurti \u017earnyno pusiausvyr\u0105 ir palaiko vir\u0161kinamojo trakto sveikat\u0105.<\/span><\/li>\n<li style=\"font-weight: 400;\" aria-level=\"1\"><span style=\"font-weight: 400;\">Stiprina \u017earnyno flor\u0105: Skatina sveik\u0105 mikrofloros pusiausvyr\u0105.<\/span><\/li>\n<\/ul>\n<p><span style=\"font-weight: 400;\">\u0160is pa\u0161aras u\u017etikrina ne tik efektyv\u0173 vir\u0161kinimo palaikym\u0105, bet ir optimal\u0173 augim\u0105 jauniems \u0161unims. D\u0117l subalansuotos sud\u0117ties, pagr\u012fstos vienu baltym\u0173 \u0161altiniu ir papildytos naudinga l\u0105steliena bei probiotikais, jis suteikia \u0161uniukams reikaling\u0105 energij\u0105 bei maistines med\u017eiagas, tuo pa\u010diu \u0161velniai pri\u017ei\u016brint jautr\u0173 vir\u0161kinimo trakt\u0105.<\/span><\/p>\n","protected":false},"excerpt":{"rendered":"<p><span style=\"font-weight: 400;\">\u201eExclusion Intestinal Pork &amp; Rice Puppy\u201c yra subalansuotas ir lengvai vir\u0161kinamas pa\u0161aras, skirtas vis\u0173 veisli\u0173 jauniems \u0161unims, ken\u010diantiems nuo vir\u0161kinimo sutrikim\u0173.<\/span><\/p>\n","protected":false},"featured_media":10580,"template":"","meta":[],"product_brand":[],"product_cat":[101,103,107,317],"product_tag":[],"class_list":{"0":"post-10576","1":"product","2":"type-product","3":"status-publish","4":"has-post-thumbnail","6":"product_cat-sunims","7":"product_cat-sunu-maistas","8":"product_cat-veterinarine-dieta","9":"product_cat-exclusion-sunu-maistas","10":"pa_prekinis-zenklas-exclusion","12":"first","13":"instock","14":"taxable","15":"shipping-taxable","16":"purchasable","17":"product-type-variable"},"yoast_head":"<!-- This site is optimized with the Yoast SEO Premium plugin v27.1 (Yoast SEO v27.5) - https:\/\/yoast.com\/product\/yoast-seo-premium-wordpress\/ -->\n<title>Exclusion Intestinal dietinis maistas jauniems \u0161unims - anivet.lt<\/title>\n<meta name=\"description\" content=\"\u201eExclusion Intestinal Pork &amp; Rice Puppy\u201c yra subalansuotas ir lengvai vir\u0161kinamas pa\u0161aras, skirtas vis\u0173 veisli\u0173 jauniems \u0161unims, ken\u010diantiems nuo vir\u0161kinimo sutrikim\u0173.\" \/>\n<meta name=\"robots\" content=\"index, follow, max-snippet:-1, max-image-preview:large, max-video-preview:-1\" \/>\n<link rel=\"canonical\" href=\"https:\/\/anivet.lt\/elparduotuve\/produktas\/exclusion-intestinal-dietinis-maistas-jauniems-sunims\/\" \/>\n<meta property=\"og:locale\" content=\"lt_LT\" \/>\n<meta property=\"og:type\" content=\"article\" \/>\n<meta property=\"og:title\" content=\"Exclusion Intestinal dietinis maistas jauniems \u0161unims\" \/>\n<meta property=\"og:description\" content=\"\u201eExclusion Intestinal Pork &amp; Rice Puppy\u201c yra subalansuotas ir lengvai vir\u0161kinamas pa\u0161aras, skirtas vis\u0173 veisli\u0173 jauniems \u0161unims, ken\u010diantiems nuo vir\u0161kinimo sutrikim\u0173.\" \/>\n<meta property=\"og:url\" content=\"https:\/\/anivet.lt\/elparduotuve\/produktas\/exclusion-intestinal-dietinis-maistas-jauniems-sunims\/\" \/>\n<meta property=\"og:site_name\" content=\"anivet.lt\" \/>\n<meta property=\"article:modified_time\" content=\"2026-01-23T13:44:24+00:00\" \/>\n<meta property=\"og:image\" content=\"https:\/\/anivet.lt\/elparduotuve\/wp-content\/uploads\/2023\/07\/Exclusion-Intestinal-sausas-maistas-jauniems-sunims.png\" \/>\n\t<meta property=\"og:image:width\" content=\"600\" \/>\n\t<meta property=\"og:image:height\" content=\"600\" \/>\n\t<meta property=\"og:image:type\" content=\"image\/png\" \/>\n<meta name=\"twitter:card\" content=\"summary_large_image\" \/>\n<meta name=\"twitter:label1\" content=\"Est. reading time\" \/>\n\t<meta name=\"twitter:data1\" content=\"1 minut\u0117\" \/>\n<script type=\"application\/ld+json\" class=\"yoast-schema-graph\">{\"@context\":\"https:\\\/\\\/schema.org\",\"@graph\":[{\"@type\":\"WebPage\",\"@id\":\"https:\\\/\\\/anivet.lt\\\/elparduotuve\\\/produktas\\\/exclusion-intestinal-dietinis-maistas-jauniems-sunims\\\/\",\"url\":\"https:\\\/\\\/anivet.lt\\\/elparduotuve\\\/produktas\\\/exclusion-intestinal-dietinis-maistas-jauniems-sunims\\\/\",\"name\":\"Exclusion Intestinal dietinis maistas jauniems \u0161unims - anivet.lt\",\"isPartOf\":{\"@id\":\"https:\\\/\\\/anivet.lt\\\/elparduotuve\\\/#website\"},\"primaryImageOfPage\":{\"@id\":\"https:\\\/\\\/anivet.lt\\\/elparduotuve\\\/produktas\\\/exclusion-intestinal-dietinis-maistas-jauniems-sunims\\\/#primaryimage\"},\"image\":{\"@id\":\"https:\\\/\\\/anivet.lt\\\/elparduotuve\\\/produktas\\\/exclusion-intestinal-dietinis-maistas-jauniems-sunims\\\/#primaryimage\"},\"thumbnailUrl\":\"https:\\\/\\\/anivet.lt\\\/elparduotuve\\\/wp-content\\\/uploads\\\/2023\\\/07\\\/Exclusion-Intestinal-sausas-maistas-jauniems-sunims.png\",\"datePublished\":\"2023-07-23T17:22:04+00:00\",\"dateModified\":\"2026-01-23T13:44:24+00:00\",\"description\":\"\u201eExclusion Intestinal Pork &amp; Rice Puppy\u201c yra subalansuotas ir lengvai vir\u0161kinamas pa\u0161aras, skirtas vis\u0173 veisli\u0173 jauniems \u0161unims, ken\u010diantiems nuo vir\u0161kinimo sutrikim\u0173.\",\"breadcrumb\":{\"@id\":\"https:\\\/\\\/anivet.lt\\\/elparduotuve\\\/produktas\\\/exclusion-intestinal-dietinis-maistas-jauniems-sunims\\\/#breadcrumb\"},\"inLanguage\":\"lt-LT\",\"potentialAction\":[{\"@type\":\"ReadAction\",\"target\":[\"https:\\\/\\\/anivet.lt\\\/elparduotuve\\\/produktas\\\/exclusion-intestinal-dietinis-maistas-jauniems-sunims\\\/\"]}]},{\"@type\":\"ImageObject\",\"inLanguage\":\"lt-LT\",\"@id\":\"https:\\\/\\\/anivet.lt\\\/elparduotuve\\\/produktas\\\/exclusion-intestinal-dietinis-maistas-jauniems-sunims\\\/#primaryimage\",\"url\":\"https:\\\/\\\/anivet.lt\\\/elparduotuve\\\/wp-content\\\/uploads\\\/2023\\\/07\\\/Exclusion-Intestinal-sausas-maistas-jauniems-sunims.png\",\"contentUrl\":\"https:\\\/\\\/anivet.lt\\\/elparduotuve\\\/wp-content\\\/uploads\\\/2023\\\/07\\\/Exclusion-Intestinal-sausas-maistas-jauniems-sunims.png\",\"width\":600,\"height\":600,\"caption\":\"Exclusion Intestinal dietinis maistas jauniems \u0161unims - 2kg.\"},{\"@type\":\"BreadcrumbList\",\"@id\":\"https:\\\/\\\/anivet.lt\\\/elparduotuve\\\/produktas\\\/exclusion-intestinal-dietinis-maistas-jauniems-sunims\\\/#breadcrumb\",\"itemListElement\":[{\"@type\":\"ListItem\",\"position\":1,\"name\":\"Home\",\"item\":\"https:\\\/\\\/anivet.lt\\\/elparduotuve\\\/\"},{\"@type\":\"ListItem\",\"position\":2,\"name\":\"Produktai\",\"item\":\"https:\\\/\\\/anivet.lt\\\/elparduotuve\\\/produktai\\\/\"},{\"@type\":\"ListItem\",\"position\":3,\"name\":\"Exclusion Intestinal dietinis maistas jauniems \u0161unims\"}]},{\"@type\":\"WebSite\",\"@id\":\"https:\\\/\\\/anivet.lt\\\/elparduotuve\\\/#website\",\"url\":\"https:\\\/\\\/anivet.lt\\\/elparduotuve\\\/\",\"name\":\"anivet.lt\",\"description\":\"Viskas J\u016bs\u0173 \u0161uns, kat\u0117s prie\u017ei\u016brai\",\"publisher\":{\"@id\":\"https:\\\/\\\/anivet.lt\\\/elparduotuve\\\/#organization\"},\"alternateName\":\"Viskas J\u016bs\u0173 \u0161uns, kat\u0117s prie\u017ei\u016brai\",\"potentialAction\":[{\"@type\":\"SearchAction\",\"target\":{\"@type\":\"EntryPoint\",\"urlTemplate\":\"https:\\\/\\\/anivet.lt\\\/elparduotuve\\\/?s={search_term_string}\"},\"query-input\":{\"@type\":\"PropertyValueSpecification\",\"valueRequired\":true,\"valueName\":\"search_term_string\"}}],\"inLanguage\":\"lt-LT\"},{\"@type\":\"Organization\",\"@id\":\"https:\\\/\\\/anivet.lt\\\/elparduotuve\\\/#organization\",\"name\":\"Viskas J\u016bs\u0173 \u0161uns, kat\u0117s prie\u017ei\u016brai\",\"url\":\"https:\\\/\\\/anivet.lt\\\/elparduotuve\\\/\",\"logo\":{\"@type\":\"ImageObject\",\"inLanguage\":\"lt-LT\",\"@id\":\"https:\\\/\\\/anivet.lt\\\/elparduotuve\\\/#\\\/schema\\\/logo\\\/image\\\/\",\"url\":\"https:\\\/\\\/anivet.lt\\\/elparduotuve\\\/wp-content\\\/uploads\\\/2023\\\/06\\\/logo2.jpg\",\"contentUrl\":\"https:\\\/\\\/anivet.lt\\\/elparduotuve\\\/wp-content\\\/uploads\\\/2023\\\/06\\\/logo2.jpg\",\"width\":655,\"height\":194,\"caption\":\"Viskas J\u016bs\u0173 \u0161uns, kat\u0117s prie\u017ei\u016brai\"},\"image\":{\"@id\":\"https:\\\/\\\/anivet.lt\\\/elparduotuve\\\/#\\\/schema\\\/logo\\\/image\\\/\"}}]}<\/script>\n<!-- \/ Yoast SEO Premium plugin. -->","yoast_head_json":{"title":"Exclusion Intestinal dietinis maistas jauniems \u0161unims - anivet.lt","description":"\u201eExclusion Intestinal Pork &amp; Rice Puppy\u201c yra subalansuotas ir lengvai vir\u0161kinamas pa\u0161aras, skirtas vis\u0173 veisli\u0173 jauniems \u0161unims, ken\u010diantiems nuo vir\u0161kinimo sutrikim\u0173.","robots":{"index":"index","follow":"follow","max-snippet":"max-snippet:-1","max-image-preview":"max-image-preview:large","max-video-preview":"max-video-preview:-1"},"canonical":"https:\/\/anivet.lt\/elparduotuve\/produktas\/exclusion-intestinal-dietinis-maistas-jauniems-sunims\/","og_locale":"lt_LT","og_type":"article","og_title":"Exclusion Intestinal dietinis maistas jauniems \u0161unims","og_description":"\u201eExclusion Intestinal Pork &amp; Rice Puppy\u201c yra subalansuotas ir lengvai vir\u0161kinamas pa\u0161aras, skirtas vis\u0173 veisli\u0173 jauniems \u0161unims, ken\u010diantiems nuo vir\u0161kinimo sutrikim\u0173.","og_url":"https:\/\/anivet.lt\/elparduotuve\/produktas\/exclusion-intestinal-dietinis-maistas-jauniems-sunims\/","og_site_name":"anivet.lt","article_modified_time":"2026-01-23T13:44:24+00:00","og_image":[{"width":600,"height":600,"url":"https:\/\/anivet.lt\/elparduotuve\/wp-content\/uploads\/2023\/07\/Exclusion-Intestinal-sausas-maistas-jauniems-sunims.png","type":"image\/png"}],"twitter_card":"summary_large_image","twitter_misc":{"Est. reading time":"1 minut\u0117"},"schema":{"@context":"https:\/\/schema.org","@graph":[{"@type":"WebPage","@id":"https:\/\/anivet.lt\/elparduotuve\/produktas\/exclusion-intestinal-dietinis-maistas-jauniems-sunims\/","url":"https:\/\/anivet.lt\/elparduotuve\/produktas\/exclusion-intestinal-dietinis-maistas-jauniems-sunims\/","name":"Exclusion Intestinal dietinis maistas jauniems \u0161unims - anivet.lt","isPartOf":{"@id":"https:\/\/anivet.lt\/elparduotuve\/#website"},"primaryImageOfPage":{"@id":"https:\/\/anivet.lt\/elparduotuve\/produktas\/exclusion-intestinal-dietinis-maistas-jauniems-sunims\/#primaryimage"},"image":{"@id":"https:\/\/anivet.lt\/elparduotuve\/produktas\/exclusion-intestinal-dietinis-maistas-jauniems-sunims\/#primaryimage"},"thumbnailUrl":"https:\/\/anivet.lt\/elparduotuve\/wp-content\/uploads\/2023\/07\/Exclusion-Intestinal-sausas-maistas-jauniems-sunims.png","datePublished":"2023-07-23T17:22:04+00:00","dateModified":"2026-01-23T13:44:24+00:00","description":"\u201eExclusion Intestinal Pork &amp; Rice Puppy\u201c yra subalansuotas ir lengvai vir\u0161kinamas pa\u0161aras, skirtas vis\u0173 veisli\u0173 jauniems \u0161unims, ken\u010diantiems nuo vir\u0161kinimo sutrikim\u0173.","breadcrumb":{"@id":"https:\/\/anivet.lt\/elparduotuve\/produktas\/exclusion-intestinal-dietinis-maistas-jauniems-sunims\/#breadcrumb"},"inLanguage":"lt-LT","potentialAction":[{"@type":"ReadAction","target":["https:\/\/anivet.lt\/elparduotuve\/produktas\/exclusion-intestinal-dietinis-maistas-jauniems-sunims\/"]}]},{"@type":"ImageObject","inLanguage":"lt-LT","@id":"https:\/\/anivet.lt\/elparduotuve\/produktas\/exclusion-intestinal-dietinis-maistas-jauniems-sunims\/#primaryimage","url":"https:\/\/anivet.lt\/elparduotuve\/wp-content\/uploads\/2023\/07\/Exclusion-Intestinal-sausas-maistas-jauniems-sunims.png","contentUrl":"https:\/\/anivet.lt\/elparduotuve\/wp-content\/uploads\/2023\/07\/Exclusion-Intestinal-sausas-maistas-jauniems-sunims.png","width":600,"height":600,"caption":"Exclusion Intestinal dietinis maistas jauniems \u0161unims - 2kg."},{"@type":"BreadcrumbList","@id":"https:\/\/anivet.lt\/elparduotuve\/produktas\/exclusion-intestinal-dietinis-maistas-jauniems-sunims\/#breadcrumb","itemListElement":[{"@type":"ListItem","position":1,"name":"Home","item":"https:\/\/anivet.lt\/elparduotuve\/"},{"@type":"ListItem","position":2,"name":"Produktai","item":"https:\/\/anivet.lt\/elparduotuve\/produktai\/"},{"@type":"ListItem","position":3,"name":"Exclusion Intestinal dietinis maistas jauniems \u0161unims"}]},{"@type":"WebSite","@id":"https:\/\/anivet.lt\/elparduotuve\/#website","url":"https:\/\/anivet.lt\/elparduotuve\/","name":"anivet.lt","description":"Viskas J\u016bs\u0173 \u0161uns, kat\u0117s prie\u017ei\u016brai","publisher":{"@id":"https:\/\/anivet.lt\/elparduotuve\/#organization"},"alternateName":"Viskas J\u016bs\u0173 \u0161uns, kat\u0117s prie\u017ei\u016brai","potentialAction":[{"@type":"SearchAction","target":{"@type":"EntryPoint","urlTemplate":"https:\/\/anivet.lt\/elparduotuve\/?s={search_term_string}"},"query-input":{"@type":"PropertyValueSpecification","valueRequired":true,"valueName":"search_term_string"}}],"inLanguage":"lt-LT"},{"@type":"Organization","@id":"https:\/\/anivet.lt\/elparduotuve\/#organization","name":"Viskas J\u016bs\u0173 \u0161uns, kat\u0117s prie\u017ei\u016brai","url":"https:\/\/anivet.lt\/elparduotuve\/","logo":{"@type":"ImageObject","inLanguage":"lt-LT","@id":"https:\/\/anivet.lt\/elparduotuve\/#\/schema\/logo\/image\/","url":"https:\/\/anivet.lt\/elparduotuve\/wp-content\/uploads\/2023\/06\/logo2.jpg","contentUrl":"https:\/\/anivet.lt\/elparduotuve\/wp-content\/uploads\/2023\/06\/logo2.jpg","width":655,"height":194,"caption":"Viskas J\u016bs\u0173 \u0161uns, kat\u0117s prie\u017ei\u016brai"},"image":{"@id":"https:\/\/anivet.lt\/elparduotuve\/#\/schema\/logo\/image\/"}}]}},"_links":{"self":[{"href":"https:\/\/anivet.lt\/elparduotuve\/wp-json\/wp\/v2\/product\/10576","targetHints":{"allow":["GET"]}}],"collection":[{"href":"https:\/\/anivet.lt\/elparduotuve\/wp-json\/wp\/v2\/product"}],"about":[{"href":"https:\/\/anivet.lt\/elparduotuve\/wp-json\/wp\/v2\/types\/product"}],"wp:featuredmedia":[{"embeddable":true,"href":"https:\/\/anivet.lt\/elparduotuve\/wp-json\/wp\/v2\/media\/10580"}],"wp:attachment":[{"href":"https:\/\/anivet.lt\/elparduotuve\/wp-json\/wp\/v2\/media?parent=10576"}],"wp:term":[{"taxonomy":"product_brand","embeddable":true,"href":"https:\/\/anivet.lt\/elparduotuve\/wp-json\/wp\/v2\/product_brand?post=10576"},{"taxonomy":"product_cat","embeddable":true,"href":"https:\/\/anivet.lt\/elparduotuve\/wp-json\/wp\/v2\/product_cat?post=10576"},{"taxonomy":"product_tag","embeddable":true,"href":"https:\/\/anivet.lt\/elparduotuve\/wp-json\/wp\/v2\/product_tag?post=10576"}],"curies":[{"name":"wp","href":"https:\/\/api.w.org\/{rel}","templated":true}]}}