{"id":10577,"date":"2023-07-23T17:38:19","date_gmt":"2023-07-23T17:38:19","guid":{"rendered":"https:\/\/anivet.lt\/elparduotuve\/?post_type=product&#038;p=10577"},"modified":"2026-03-05T07:00:48","modified_gmt":"2026-03-05T07:00:48","slug":"quattro-extra-lamb-sausas-sunu-pasaras-su-eriena","status":"publish","type":"product","link":"https:\/\/anivet.lt\/elparduotuve\/produktas\/quattro-extra-lamb-sausas-sunu-pasaras-su-eriena\/","title":{"rendered":"QUATTRO Extra Lamb sausas \u0161un\u0173 pa\u0161aras su \u0117riena"},"content":{"rendered":"<ul>\n<li style=\"font-weight: 400;\" aria-level=\"1\"><span style=\"font-weight: 400;\">Nat\u016bralus skonis: Granul\u0117s padengtos \u0161altyje d\u017eiovinta \u0117riena, kurios \u0161unys neatsispirs.<\/span><\/li>\n<li style=\"font-weight: 400;\" aria-level=\"1\"><span style=\"font-weight: 400;\">Hipoalerginis: Be kvie\u010di\u0173 ir kit\u0173 alergen\u0173, u\u017etikrinant tinkamum\u0105 jautriems \u0161unims.<\/span><\/li>\n<li style=\"font-weight: 400;\" aria-level=\"1\"><span style=\"font-weight: 400;\">Vir\u0161kinimo sveikatai: Praturtintas nat\u016braliais prebiotikais, inulinu ir jukos ekstraktais, kurie palaiko sveik\u0105 \u017earnyno mikroflor\u0105.<\/span><\/li>\n<li style=\"font-weight: 400;\" aria-level=\"1\"><span style=\"font-weight: 400;\">Sveikai odai ir kailiui: Riebiosios r\u016bg\u0161tys, cinkas ir B grup\u0117s vitaminai skatina odos sveikat\u0105 ir \u017evilgant\u012f kail\u012f.<\/span><\/li>\n<li style=\"font-weight: 400;\" aria-level=\"1\"><span style=\"font-weight: 400;\">Auk\u0161tos kokyb\u0117s \u0117riena: Naudojama 100 % Naujosios Zelandijos \u0117riena.<\/span><\/li>\n<li style=\"font-weight: 400;\" aria-level=\"1\"><span style=\"font-weight: 400;\">Be dirbtini\u0173 pried\u0173: N\u0117ra dirbtini\u0173 da\u017eikli\u0173 ir skonio stiprikli\u0173.<\/span><\/li>\n<\/ul>\n<p><span style=\"font-weight: 400;\">\u0160is pa\u0161aras yra puikus pasirinkimas \u0161unims, vertinantiems kokybi\u0161k\u0105, nat\u016bral\u0173 maist\u0105. D\u0117l \u0161velnios sud\u0117ties jis tinka net jautriems augintiniams, o auk\u0161tos kokyb\u0117s ingredientai u\u017etikrina visapusi\u0161k\u0105 mityb\u0105 bei sveik\u0105 kail\u012f ir od\u0105.<\/span><\/p>\n","protected":false},"excerpt":{"rendered":"<p><span style=\"font-weight: 400;\">\u0160is hipoalerginis \u0161un\u0173 maistas yra specialiai sukurtas jautriems suaugusiems vis\u0173 veisli\u0173 \u0161unims. QUATTRO pa\u0161aro granul\u0117s padengtos \u0161altyje d\u017eiovinta Naujosios Zelandijos \u0117riena, suteikian\u010dia nat\u016bral\u0173 skon\u012f. \u0160is pa\u0161aras ne tik skanus, bet ir puikiai pritaikytas \u0161unims, turintiems jautri\u0105 vir\u0161kinimo sistem\u0105.<\/span><\/p>\n","protected":false},"featured_media":10581,"template":"","meta":[],"product_brand":[],"product_cat":[101,103,104,320],"product_tag":[],"class_list":{"0":"post-10577","1":"product","2":"type-product","3":"status-publish","4":"has-post-thumbnail","6":"product_cat-sunims","7":"product_cat-sunu-maistas","8":"product_cat-sausas-maistas","9":"product_cat-quattro-sunu-maistas","10":"pa_prekinis-zenklas-quattro","12":"first","13":"instock","14":"sale","15":"taxable","16":"shipping-taxable","17":"purchasable","18":"product-type-variable"},"yoast_head":"<!-- This site is optimized with the Yoast SEO Premium plugin v27.1 (Yoast SEO v27.5) - https:\/\/yoast.com\/product\/yoast-seo-premium-wordpress\/ -->\n<title>QUATTRO Extra Lamb sausas \u0161un\u0173 pa\u0161aras su \u0117riena - anivet.lt<\/title>\n<meta name=\"description\" content=\"\u0160is hipoalerginis \u0161un\u0173 maistas yra specialiai sukurtas jautriems suaugusiems vis\u0173 veisli\u0173 \u0161unims. QUATTRO pa\u0161aro granul\u0117s padengtos \u0161altyje d\u017eiovinta Naujosios Zelandijos \u0117riena, suteikian\u010dia nat\u016bral\u0173 skon\u012f. \u0160is pa\u0161aras ne tik skanus, bet ir puikiai pritaikytas \u0161unims, turintiems jautri\u0105 vir\u0161kinimo sistem\u0105.\" \/>\n<meta name=\"robots\" content=\"index, follow, max-snippet:-1, max-image-preview:large, max-video-preview:-1\" \/>\n<link rel=\"canonical\" href=\"https:\/\/anivet.lt\/elparduotuve\/produktas\/quattro-extra-lamb-sausas-sunu-pasaras-su-eriena\/\" \/>\n<meta property=\"og:locale\" content=\"lt_LT\" \/>\n<meta property=\"og:type\" content=\"article\" \/>\n<meta property=\"og:title\" content=\"QUATTRO Extra Lamb sausas \u0161un\u0173 pa\u0161aras su \u0117riena\" \/>\n<meta property=\"og:description\" content=\"\u0160is hipoalerginis \u0161un\u0173 maistas yra specialiai sukurtas jautriems suaugusiems vis\u0173 veisli\u0173 \u0161unims. QUATTRO pa\u0161aro granul\u0117s padengtos \u0161altyje d\u017eiovinta Naujosios Zelandijos \u0117riena, suteikian\u010dia nat\u016bral\u0173 skon\u012f. \u0160is pa\u0161aras ne tik skanus, bet ir puikiai pritaikytas \u0161unims, turintiems jautri\u0105 vir\u0161kinimo sistem\u0105.\" \/>\n<meta property=\"og:url\" content=\"https:\/\/anivet.lt\/elparduotuve\/produktas\/quattro-extra-lamb-sausas-sunu-pasaras-su-eriena\/\" \/>\n<meta property=\"og:site_name\" content=\"anivet.lt\" \/>\n<meta property=\"article:modified_time\" content=\"2026-03-05T07:00:48+00:00\" \/>\n<meta property=\"og:image\" content=\"https:\/\/anivet.lt\/elparduotuve\/wp-content\/uploads\/2023\/07\/QUATTRO-Extra-Lamb-su-eriena-sausas-sunu-pasaras-3kg.png\" \/>\n\t<meta property=\"og:image:width\" content=\"625\" \/>\n\t<meta property=\"og:image:height\" content=\"794\" \/>\n\t<meta property=\"og:image:type\" content=\"image\/png\" \/>\n<meta name=\"twitter:card\" content=\"summary_large_image\" \/>\n<meta name=\"twitter:label1\" content=\"Est. reading time\" \/>\n\t<meta name=\"twitter:data1\" content=\"1 minut\u0117\" \/>\n<script type=\"application\/ld+json\" class=\"yoast-schema-graph\">{\"@context\":\"https:\\\/\\\/schema.org\",\"@graph\":[{\"@type\":\"WebPage\",\"@id\":\"https:\\\/\\\/anivet.lt\\\/elparduotuve\\\/produktas\\\/quattro-extra-lamb-sausas-sunu-pasaras-su-eriena\\\/\",\"url\":\"https:\\\/\\\/anivet.lt\\\/elparduotuve\\\/produktas\\\/quattro-extra-lamb-sausas-sunu-pasaras-su-eriena\\\/\",\"name\":\"QUATTRO Extra Lamb sausas \u0161un\u0173 pa\u0161aras su \u0117riena - anivet.lt\",\"isPartOf\":{\"@id\":\"https:\\\/\\\/anivet.lt\\\/elparduotuve\\\/#website\"},\"primaryImageOfPage\":{\"@id\":\"https:\\\/\\\/anivet.lt\\\/elparduotuve\\\/produktas\\\/quattro-extra-lamb-sausas-sunu-pasaras-su-eriena\\\/#primaryimage\"},\"image\":{\"@id\":\"https:\\\/\\\/anivet.lt\\\/elparduotuve\\\/produktas\\\/quattro-extra-lamb-sausas-sunu-pasaras-su-eriena\\\/#primaryimage\"},\"thumbnailUrl\":\"https:\\\/\\\/anivet.lt\\\/elparduotuve\\\/wp-content\\\/uploads\\\/2023\\\/07\\\/QUATTRO-Extra-Lamb-su-eriena-sausas-sunu-pasaras-3kg.png\",\"datePublished\":\"2023-07-23T17:38:19+00:00\",\"dateModified\":\"2026-03-05T07:00:48+00:00\",\"description\":\"\u0160is hipoalerginis \u0161un\u0173 maistas yra specialiai sukurtas jautriems suaugusiems vis\u0173 veisli\u0173 \u0161unims. QUATTRO pa\u0161aro granul\u0117s padengtos \u0161altyje d\u017eiovinta Naujosios Zelandijos \u0117riena, suteikian\u010dia nat\u016bral\u0173 skon\u012f. \u0160is pa\u0161aras ne tik skanus, bet ir puikiai pritaikytas \u0161unims, turintiems jautri\u0105 vir\u0161kinimo sistem\u0105.\",\"breadcrumb\":{\"@id\":\"https:\\\/\\\/anivet.lt\\\/elparduotuve\\\/produktas\\\/quattro-extra-lamb-sausas-sunu-pasaras-su-eriena\\\/#breadcrumb\"},\"inLanguage\":\"lt-LT\",\"potentialAction\":[{\"@type\":\"ReadAction\",\"target\":[\"https:\\\/\\\/anivet.lt\\\/elparduotuve\\\/produktas\\\/quattro-extra-lamb-sausas-sunu-pasaras-su-eriena\\\/\"]}]},{\"@type\":\"ImageObject\",\"inLanguage\":\"lt-LT\",\"@id\":\"https:\\\/\\\/anivet.lt\\\/elparduotuve\\\/produktas\\\/quattro-extra-lamb-sausas-sunu-pasaras-su-eriena\\\/#primaryimage\",\"url\":\"https:\\\/\\\/anivet.lt\\\/elparduotuve\\\/wp-content\\\/uploads\\\/2023\\\/07\\\/QUATTRO-Extra-Lamb-su-eriena-sausas-sunu-pasaras-3kg.png\",\"contentUrl\":\"https:\\\/\\\/anivet.lt\\\/elparduotuve\\\/wp-content\\\/uploads\\\/2023\\\/07\\\/QUATTRO-Extra-Lamb-su-eriena-sausas-sunu-pasaras-3kg.png\",\"width\":625,\"height\":794,\"caption\":\"QUATTRO Extra Lamb sausas \u0161un\u0173 pa\u0161aras su \u0117riena\"},{\"@type\":\"BreadcrumbList\",\"@id\":\"https:\\\/\\\/anivet.lt\\\/elparduotuve\\\/produktas\\\/quattro-extra-lamb-sausas-sunu-pasaras-su-eriena\\\/#breadcrumb\",\"itemListElement\":[{\"@type\":\"ListItem\",\"position\":1,\"name\":\"Home\",\"item\":\"https:\\\/\\\/anivet.lt\\\/elparduotuve\\\/\"},{\"@type\":\"ListItem\",\"position\":2,\"name\":\"Produktai\",\"item\":\"https:\\\/\\\/anivet.lt\\\/elparduotuve\\\/produktai\\\/\"},{\"@type\":\"ListItem\",\"position\":3,\"name\":\"QUATTRO Extra Lamb sausas \u0161un\u0173 pa\u0161aras su \u0117riena\"}]},{\"@type\":\"WebSite\",\"@id\":\"https:\\\/\\\/anivet.lt\\\/elparduotuve\\\/#website\",\"url\":\"https:\\\/\\\/anivet.lt\\\/elparduotuve\\\/\",\"name\":\"anivet.lt\",\"description\":\"Viskas J\u016bs\u0173 \u0161uns, kat\u0117s prie\u017ei\u016brai\",\"publisher\":{\"@id\":\"https:\\\/\\\/anivet.lt\\\/elparduotuve\\\/#organization\"},\"alternateName\":\"Viskas J\u016bs\u0173 \u0161uns, kat\u0117s prie\u017ei\u016brai\",\"potentialAction\":[{\"@type\":\"SearchAction\",\"target\":{\"@type\":\"EntryPoint\",\"urlTemplate\":\"https:\\\/\\\/anivet.lt\\\/elparduotuve\\\/?s={search_term_string}\"},\"query-input\":{\"@type\":\"PropertyValueSpecification\",\"valueRequired\":true,\"valueName\":\"search_term_string\"}}],\"inLanguage\":\"lt-LT\"},{\"@type\":\"Organization\",\"@id\":\"https:\\\/\\\/anivet.lt\\\/elparduotuve\\\/#organization\",\"name\":\"Viskas J\u016bs\u0173 \u0161uns, kat\u0117s prie\u017ei\u016brai\",\"url\":\"https:\\\/\\\/anivet.lt\\\/elparduotuve\\\/\",\"logo\":{\"@type\":\"ImageObject\",\"inLanguage\":\"lt-LT\",\"@id\":\"https:\\\/\\\/anivet.lt\\\/elparduotuve\\\/#\\\/schema\\\/logo\\\/image\\\/\",\"url\":\"https:\\\/\\\/anivet.lt\\\/elparduotuve\\\/wp-content\\\/uploads\\\/2023\\\/06\\\/logo2.jpg\",\"contentUrl\":\"https:\\\/\\\/anivet.lt\\\/elparduotuve\\\/wp-content\\\/uploads\\\/2023\\\/06\\\/logo2.jpg\",\"width\":655,\"height\":194,\"caption\":\"Viskas J\u016bs\u0173 \u0161uns, kat\u0117s prie\u017ei\u016brai\"},\"image\":{\"@id\":\"https:\\\/\\\/anivet.lt\\\/elparduotuve\\\/#\\\/schema\\\/logo\\\/image\\\/\"}}]}<\/script>\n<!-- \/ Yoast SEO Premium plugin. -->","yoast_head_json":{"title":"QUATTRO Extra Lamb sausas \u0161un\u0173 pa\u0161aras su \u0117riena - anivet.lt","description":"\u0160is hipoalerginis \u0161un\u0173 maistas yra specialiai sukurtas jautriems suaugusiems vis\u0173 veisli\u0173 \u0161unims. QUATTRO pa\u0161aro granul\u0117s padengtos \u0161altyje d\u017eiovinta Naujosios Zelandijos \u0117riena, suteikian\u010dia nat\u016bral\u0173 skon\u012f. \u0160is pa\u0161aras ne tik skanus, bet ir puikiai pritaikytas \u0161unims, turintiems jautri\u0105 vir\u0161kinimo sistem\u0105.","robots":{"index":"index","follow":"follow","max-snippet":"max-snippet:-1","max-image-preview":"max-image-preview:large","max-video-preview":"max-video-preview:-1"},"canonical":"https:\/\/anivet.lt\/elparduotuve\/produktas\/quattro-extra-lamb-sausas-sunu-pasaras-su-eriena\/","og_locale":"lt_LT","og_type":"article","og_title":"QUATTRO Extra Lamb sausas \u0161un\u0173 pa\u0161aras su \u0117riena","og_description":"\u0160is hipoalerginis \u0161un\u0173 maistas yra specialiai sukurtas jautriems suaugusiems vis\u0173 veisli\u0173 \u0161unims. QUATTRO pa\u0161aro granul\u0117s padengtos \u0161altyje d\u017eiovinta Naujosios Zelandijos \u0117riena, suteikian\u010dia nat\u016bral\u0173 skon\u012f. \u0160is pa\u0161aras ne tik skanus, bet ir puikiai pritaikytas \u0161unims, turintiems jautri\u0105 vir\u0161kinimo sistem\u0105.","og_url":"https:\/\/anivet.lt\/elparduotuve\/produktas\/quattro-extra-lamb-sausas-sunu-pasaras-su-eriena\/","og_site_name":"anivet.lt","article_modified_time":"2026-03-05T07:00:48+00:00","og_image":[{"width":625,"height":794,"url":"https:\/\/anivet.lt\/elparduotuve\/wp-content\/uploads\/2023\/07\/QUATTRO-Extra-Lamb-su-eriena-sausas-sunu-pasaras-3kg.png","type":"image\/png"}],"twitter_card":"summary_large_image","twitter_misc":{"Est. reading time":"1 minut\u0117"},"schema":{"@context":"https:\/\/schema.org","@graph":[{"@type":"WebPage","@id":"https:\/\/anivet.lt\/elparduotuve\/produktas\/quattro-extra-lamb-sausas-sunu-pasaras-su-eriena\/","url":"https:\/\/anivet.lt\/elparduotuve\/produktas\/quattro-extra-lamb-sausas-sunu-pasaras-su-eriena\/","name":"QUATTRO Extra Lamb sausas \u0161un\u0173 pa\u0161aras su \u0117riena - anivet.lt","isPartOf":{"@id":"https:\/\/anivet.lt\/elparduotuve\/#website"},"primaryImageOfPage":{"@id":"https:\/\/anivet.lt\/elparduotuve\/produktas\/quattro-extra-lamb-sausas-sunu-pasaras-su-eriena\/#primaryimage"},"image":{"@id":"https:\/\/anivet.lt\/elparduotuve\/produktas\/quattro-extra-lamb-sausas-sunu-pasaras-su-eriena\/#primaryimage"},"thumbnailUrl":"https:\/\/anivet.lt\/elparduotuve\/wp-content\/uploads\/2023\/07\/QUATTRO-Extra-Lamb-su-eriena-sausas-sunu-pasaras-3kg.png","datePublished":"2023-07-23T17:38:19+00:00","dateModified":"2026-03-05T07:00:48+00:00","description":"\u0160is hipoalerginis \u0161un\u0173 maistas yra specialiai sukurtas jautriems suaugusiems vis\u0173 veisli\u0173 \u0161unims. QUATTRO pa\u0161aro granul\u0117s padengtos \u0161altyje d\u017eiovinta Naujosios Zelandijos \u0117riena, suteikian\u010dia nat\u016bral\u0173 skon\u012f. \u0160is pa\u0161aras ne tik skanus, bet ir puikiai pritaikytas \u0161unims, turintiems jautri\u0105 vir\u0161kinimo sistem\u0105.","breadcrumb":{"@id":"https:\/\/anivet.lt\/elparduotuve\/produktas\/quattro-extra-lamb-sausas-sunu-pasaras-su-eriena\/#breadcrumb"},"inLanguage":"lt-LT","potentialAction":[{"@type":"ReadAction","target":["https:\/\/anivet.lt\/elparduotuve\/produktas\/quattro-extra-lamb-sausas-sunu-pasaras-su-eriena\/"]}]},{"@type":"ImageObject","inLanguage":"lt-LT","@id":"https:\/\/anivet.lt\/elparduotuve\/produktas\/quattro-extra-lamb-sausas-sunu-pasaras-su-eriena\/#primaryimage","url":"https:\/\/anivet.lt\/elparduotuve\/wp-content\/uploads\/2023\/07\/QUATTRO-Extra-Lamb-su-eriena-sausas-sunu-pasaras-3kg.png","contentUrl":"https:\/\/anivet.lt\/elparduotuve\/wp-content\/uploads\/2023\/07\/QUATTRO-Extra-Lamb-su-eriena-sausas-sunu-pasaras-3kg.png","width":625,"height":794,"caption":"QUATTRO Extra Lamb sausas \u0161un\u0173 pa\u0161aras su \u0117riena"},{"@type":"BreadcrumbList","@id":"https:\/\/anivet.lt\/elparduotuve\/produktas\/quattro-extra-lamb-sausas-sunu-pasaras-su-eriena\/#breadcrumb","itemListElement":[{"@type":"ListItem","position":1,"name":"Home","item":"https:\/\/anivet.lt\/elparduotuve\/"},{"@type":"ListItem","position":2,"name":"Produktai","item":"https:\/\/anivet.lt\/elparduotuve\/produktai\/"},{"@type":"ListItem","position":3,"name":"QUATTRO Extra Lamb sausas \u0161un\u0173 pa\u0161aras su \u0117riena"}]},{"@type":"WebSite","@id":"https:\/\/anivet.lt\/elparduotuve\/#website","url":"https:\/\/anivet.lt\/elparduotuve\/","name":"anivet.lt","description":"Viskas J\u016bs\u0173 \u0161uns, kat\u0117s prie\u017ei\u016brai","publisher":{"@id":"https:\/\/anivet.lt\/elparduotuve\/#organization"},"alternateName":"Viskas J\u016bs\u0173 \u0161uns, kat\u0117s prie\u017ei\u016brai","potentialAction":[{"@type":"SearchAction","target":{"@type":"EntryPoint","urlTemplate":"https:\/\/anivet.lt\/elparduotuve\/?s={search_term_string}"},"query-input":{"@type":"PropertyValueSpecification","valueRequired":true,"valueName":"search_term_string"}}],"inLanguage":"lt-LT"},{"@type":"Organization","@id":"https:\/\/anivet.lt\/elparduotuve\/#organization","name":"Viskas J\u016bs\u0173 \u0161uns, kat\u0117s prie\u017ei\u016brai","url":"https:\/\/anivet.lt\/elparduotuve\/","logo":{"@type":"ImageObject","inLanguage":"lt-LT","@id":"https:\/\/anivet.lt\/elparduotuve\/#\/schema\/logo\/image\/","url":"https:\/\/anivet.lt\/elparduotuve\/wp-content\/uploads\/2023\/06\/logo2.jpg","contentUrl":"https:\/\/anivet.lt\/elparduotuve\/wp-content\/uploads\/2023\/06\/logo2.jpg","width":655,"height":194,"caption":"Viskas J\u016bs\u0173 \u0161uns, kat\u0117s prie\u017ei\u016brai"},"image":{"@id":"https:\/\/anivet.lt\/elparduotuve\/#\/schema\/logo\/image\/"}}]}},"_links":{"self":[{"href":"https:\/\/anivet.lt\/elparduotuve\/wp-json\/wp\/v2\/product\/10577","targetHints":{"allow":["GET"]}}],"collection":[{"href":"https:\/\/anivet.lt\/elparduotuve\/wp-json\/wp\/v2\/product"}],"about":[{"href":"https:\/\/anivet.lt\/elparduotuve\/wp-json\/wp\/v2\/types\/product"}],"wp:featuredmedia":[{"embeddable":true,"href":"https:\/\/anivet.lt\/elparduotuve\/wp-json\/wp\/v2\/media\/10581"}],"wp:attachment":[{"href":"https:\/\/anivet.lt\/elparduotuve\/wp-json\/wp\/v2\/media?parent=10577"}],"wp:term":[{"taxonomy":"product_brand","embeddable":true,"href":"https:\/\/anivet.lt\/elparduotuve\/wp-json\/wp\/v2\/product_brand?post=10577"},{"taxonomy":"product_cat","embeddable":true,"href":"https:\/\/anivet.lt\/elparduotuve\/wp-json\/wp\/v2\/product_cat?post=10577"},{"taxonomy":"product_tag","embeddable":true,"href":"https:\/\/anivet.lt\/elparduotuve\/wp-json\/wp\/v2\/product_tag?post=10577"}],"curies":[{"name":"wp","href":"https:\/\/api.w.org\/{rel}","templated":true}]}}