{"id":10584,"date":"2023-07-23T18:19:07","date_gmt":"2023-07-23T18:19:07","guid":{"rendered":"https:\/\/anivet.lt\/elparduotuve\/?post_type=product&#038;p=10584"},"modified":"2025-06-19T09:34:15","modified_gmt":"2025-06-19T09:34:15","slug":"quattro-extra-poultry-sausas-sunu-pasaras-su-paukstiena","status":"publish","type":"product","link":"https:\/\/anivet.lt\/elparduotuve\/produktas\/quattro-extra-poultry-sausas-sunu-pasaras-su-paukstiena\/","title":{"rendered":"QUATTRO Extra Poultry sausas \u0161un\u0173 pa\u0161aras su pauk\u0161tiena"},"content":{"rendered":"<ul>\n<li style=\"font-weight: 400;\" aria-level=\"1\"><span style=\"font-weight: 400;\">Skoniui ir kokybei: Granul\u0117 padengta \u0161altyje d\u017eiovinta vi\u0161tiena, kuri suteikia nat\u016bral\u0173 skon\u012f ir d\u017eiugina net i\u0161rankius \u0161unis.<\/span><\/li>\n<li style=\"font-weight: 400;\" aria-level=\"1\"><span style=\"font-weight: 400;\">Be kvie\u010di\u0173: N\u0117ra kvie\u010di\u0173 glitimo, tod\u0117l tinka jautriems \u0161unims, linkusiems \u012f alergijas.<\/span><\/li>\n<li style=\"font-weight: 400;\" aria-level=\"1\"><span style=\"font-weight: 400;\">Sveika oda ir kailis: Sud\u0117tyje esantys omega-3 ir omega-6 riebal\u0173 r\u016bg\u0161tys, cinkas bei B grup\u0117s vitaminai palaiko sveik\u0105 od\u0105 ir blizgant\u012f kail\u012f.<\/span><\/li>\n<li style=\"font-weight: 400;\" aria-level=\"1\"><span style=\"font-weight: 400;\">Vir\u0161kinimo sveikata: Nat\u016bral\u016bs prebiotikai, mananoligosacharidai, inulinas ir jukos ekstraktas padeda palaikyti sveik\u0105 \u017earnyno mikroflor\u0105.<\/span><\/li>\n<li style=\"font-weight: 400;\" aria-level=\"1\"><span style=\"font-weight: 400;\">Lengvas vir\u0161kinimas: Subalansuoti lengvai vir\u0161kinami ingredientai, prebiotikai ir augalin\u0117s skaidulos u\u017etikrina skland\u017ei\u0105 vir\u0161kinimo sistemos veikl\u0105.<\/span><\/li>\n<\/ul>\n<p><span style=\"font-weight: 400;\">\u0160is pa\u0161aras yra puikus pasirinkimas kasdieniam \u0161uns maitinimui, u\u017etikrinantis ne tik skonio malonum\u0105, bet ir naudingas maistines savybes. Be dirbtini\u0173 da\u017eikli\u0173 ir skonio stiprikli\u0173, jame naudojama tik auk\u0161tos kokyb\u0117s vietoje u\u017eauginta pauk\u0161tiena.<\/span><\/p>\n","protected":false},"excerpt":{"rendered":"<p><span style=\"font-weight: 400;\">Visavertis sausas \u0161un\u0173 pa\u0161aras su pauk\u0161tiena, skirtas vis\u0173 veisli\u0173 suaugusiems \u0161unims. Granul\u0117 padengta \u0161altyje d\u017eiovinta vi\u0161tiena, tod\u0117l pa\u0161aras pasi\u017eymi nat\u016braliu skoniu, kuris patiks net i\u0161rankiausiems keturkojams gurmanams.<\/span><\/p>\n","protected":false},"featured_media":10586,"template":"","meta":[],"product_brand":[],"product_cat":[101,103,104,320],"product_tag":[],"class_list":{"0":"post-10584","1":"product","2":"type-product","3":"status-publish","4":"has-post-thumbnail","6":"product_cat-sunims","7":"product_cat-sunu-maistas","8":"product_cat-sausas-maistas","9":"product_cat-quattro-sunu-maistas","10":"pa_prekinis-zenklas-quattro","12":"first","13":"instock","14":"taxable","15":"shipping-taxable","16":"purchasable","17":"product-type-variable"},"yoast_head":"<!-- This site is optimized with the Yoast SEO Premium plugin v27.1 (Yoast SEO v27.3) - https:\/\/yoast.com\/product\/yoast-seo-premium-wordpress\/ -->\n<title>QUATTRO Extra Poultry sausas \u0161un\u0173 pa\u0161aras su pauk\u0161tiena - anivet.lt<\/title>\n<meta name=\"description\" content=\"Visavertis sausas \u0161un\u0173 pa\u0161aras su pauk\u0161tiena, skirtas vis\u0173 veisli\u0173 suaugusiems \u0161unims. Granul\u0117 padengta \u0161altyje d\u017eiovinta vi\u0161tiena, tod\u0117l pa\u0161aras pasi\u017eymi nat\u016braliu skoniu, kuris patiks net i\u0161rankiausiems keturkojams gurmanams.\" \/>\n<meta name=\"robots\" content=\"index, follow, max-snippet:-1, max-image-preview:large, max-video-preview:-1\" \/>\n<link rel=\"canonical\" href=\"https:\/\/anivet.lt\/elparduotuve\/produktas\/quattro-extra-poultry-sausas-sunu-pasaras-su-paukstiena\/\" \/>\n<meta property=\"og:locale\" content=\"lt_LT\" \/>\n<meta property=\"og:type\" content=\"article\" \/>\n<meta property=\"og:title\" content=\"QUATTRO Extra Poultry sausas \u0161un\u0173 pa\u0161aras su pauk\u0161tiena\" \/>\n<meta property=\"og:description\" content=\"Visavertis sausas \u0161un\u0173 pa\u0161aras su pauk\u0161tiena, skirtas vis\u0173 veisli\u0173 suaugusiems \u0161unims. Granul\u0117 padengta \u0161altyje d\u017eiovinta vi\u0161tiena, tod\u0117l pa\u0161aras pasi\u017eymi nat\u016braliu skoniu, kuris patiks net i\u0161rankiausiems keturkojams gurmanams.\" \/>\n<meta property=\"og:url\" content=\"https:\/\/anivet.lt\/elparduotuve\/produktas\/quattro-extra-poultry-sausas-sunu-pasaras-su-paukstiena\/\" \/>\n<meta property=\"og:site_name\" content=\"anivet.lt\" \/>\n<meta property=\"article:modified_time\" content=\"2025-06-19T09:34:15+00:00\" \/>\n<meta property=\"og:image\" content=\"https:\/\/anivet.lt\/elparduotuve\/wp-content\/uploads\/2023\/07\/QUATTRO-EXTRA-POULTRY-SU-PAUKSTIENA-SAUSAS-SUNU-PASARAS-3KG.png\" \/>\n\t<meta property=\"og:image:width\" content=\"625\" \/>\n\t<meta property=\"og:image:height\" content=\"794\" \/>\n\t<meta property=\"og:image:type\" content=\"image\/png\" \/>\n<meta name=\"twitter:card\" content=\"summary_large_image\" \/>\n<meta name=\"twitter:label1\" content=\"Est. reading time\" \/>\n\t<meta name=\"twitter:data1\" content=\"1 minut\u0117\" \/>\n<script type=\"application\/ld+json\" class=\"yoast-schema-graph\">{\"@context\":\"https:\\\/\\\/schema.org\",\"@graph\":[{\"@type\":\"WebPage\",\"@id\":\"https:\\\/\\\/anivet.lt\\\/elparduotuve\\\/produktas\\\/quattro-extra-poultry-sausas-sunu-pasaras-su-paukstiena\\\/\",\"url\":\"https:\\\/\\\/anivet.lt\\\/elparduotuve\\\/produktas\\\/quattro-extra-poultry-sausas-sunu-pasaras-su-paukstiena\\\/\",\"name\":\"QUATTRO Extra Poultry sausas \u0161un\u0173 pa\u0161aras su pauk\u0161tiena - anivet.lt\",\"isPartOf\":{\"@id\":\"https:\\\/\\\/anivet.lt\\\/elparduotuve\\\/#website\"},\"primaryImageOfPage\":{\"@id\":\"https:\\\/\\\/anivet.lt\\\/elparduotuve\\\/produktas\\\/quattro-extra-poultry-sausas-sunu-pasaras-su-paukstiena\\\/#primaryimage\"},\"image\":{\"@id\":\"https:\\\/\\\/anivet.lt\\\/elparduotuve\\\/produktas\\\/quattro-extra-poultry-sausas-sunu-pasaras-su-paukstiena\\\/#primaryimage\"},\"thumbnailUrl\":\"https:\\\/\\\/anivet.lt\\\/elparduotuve\\\/wp-content\\\/uploads\\\/2023\\\/07\\\/QUATTRO-EXTRA-POULTRY-SU-PAUKSTIENA-SAUSAS-SUNU-PASARAS-3KG.png\",\"datePublished\":\"2023-07-23T18:19:07+00:00\",\"dateModified\":\"2025-06-19T09:34:15+00:00\",\"description\":\"Visavertis sausas \u0161un\u0173 pa\u0161aras su pauk\u0161tiena, skirtas vis\u0173 veisli\u0173 suaugusiems \u0161unims. Granul\u0117 padengta \u0161altyje d\u017eiovinta vi\u0161tiena, tod\u0117l pa\u0161aras pasi\u017eymi nat\u016braliu skoniu, kuris patiks net i\u0161rankiausiems keturkojams gurmanams.\",\"breadcrumb\":{\"@id\":\"https:\\\/\\\/anivet.lt\\\/elparduotuve\\\/produktas\\\/quattro-extra-poultry-sausas-sunu-pasaras-su-paukstiena\\\/#breadcrumb\"},\"inLanguage\":\"lt-LT\",\"potentialAction\":[{\"@type\":\"ReadAction\",\"target\":[\"https:\\\/\\\/anivet.lt\\\/elparduotuve\\\/produktas\\\/quattro-extra-poultry-sausas-sunu-pasaras-su-paukstiena\\\/\"]}]},{\"@type\":\"ImageObject\",\"inLanguage\":\"lt-LT\",\"@id\":\"https:\\\/\\\/anivet.lt\\\/elparduotuve\\\/produktas\\\/quattro-extra-poultry-sausas-sunu-pasaras-su-paukstiena\\\/#primaryimage\",\"url\":\"https:\\\/\\\/anivet.lt\\\/elparduotuve\\\/wp-content\\\/uploads\\\/2023\\\/07\\\/QUATTRO-EXTRA-POULTRY-SU-PAUKSTIENA-SAUSAS-SUNU-PASARAS-3KG.png\",\"contentUrl\":\"https:\\\/\\\/anivet.lt\\\/elparduotuve\\\/wp-content\\\/uploads\\\/2023\\\/07\\\/QUATTRO-EXTRA-POULTRY-SU-PAUKSTIENA-SAUSAS-SUNU-PASARAS-3KG.png\",\"width\":625,\"height\":794,\"caption\":\"QUATTRO Extra Poultry sausas \u0161un\u0173 pa\u0161aras su pauk\u0161tiena\"},{\"@type\":\"BreadcrumbList\",\"@id\":\"https:\\\/\\\/anivet.lt\\\/elparduotuve\\\/produktas\\\/quattro-extra-poultry-sausas-sunu-pasaras-su-paukstiena\\\/#breadcrumb\",\"itemListElement\":[{\"@type\":\"ListItem\",\"position\":1,\"name\":\"Home\",\"item\":\"https:\\\/\\\/anivet.lt\\\/elparduotuve\\\/\"},{\"@type\":\"ListItem\",\"position\":2,\"name\":\"Produktai\",\"item\":\"https:\\\/\\\/anivet.lt\\\/elparduotuve\\\/produktai\\\/\"},{\"@type\":\"ListItem\",\"position\":3,\"name\":\"QUATTRO Extra Poultry sausas \u0161un\u0173 pa\u0161aras su pauk\u0161tiena\"}]},{\"@type\":\"WebSite\",\"@id\":\"https:\\\/\\\/anivet.lt\\\/elparduotuve\\\/#website\",\"url\":\"https:\\\/\\\/anivet.lt\\\/elparduotuve\\\/\",\"name\":\"anivet.lt\",\"description\":\"Viskas J\u016bs\u0173 \u0161uns, kat\u0117s prie\u017ei\u016brai\",\"publisher\":{\"@id\":\"https:\\\/\\\/anivet.lt\\\/elparduotuve\\\/#organization\"},\"alternateName\":\"Viskas J\u016bs\u0173 \u0161uns, kat\u0117s prie\u017ei\u016brai\",\"potentialAction\":[{\"@type\":\"SearchAction\",\"target\":{\"@type\":\"EntryPoint\",\"urlTemplate\":\"https:\\\/\\\/anivet.lt\\\/elparduotuve\\\/?s={search_term_string}\"},\"query-input\":{\"@type\":\"PropertyValueSpecification\",\"valueRequired\":true,\"valueName\":\"search_term_string\"}}],\"inLanguage\":\"lt-LT\"},{\"@type\":\"Organization\",\"@id\":\"https:\\\/\\\/anivet.lt\\\/elparduotuve\\\/#organization\",\"name\":\"Viskas J\u016bs\u0173 \u0161uns, kat\u0117s prie\u017ei\u016brai\",\"url\":\"https:\\\/\\\/anivet.lt\\\/elparduotuve\\\/\",\"logo\":{\"@type\":\"ImageObject\",\"inLanguage\":\"lt-LT\",\"@id\":\"https:\\\/\\\/anivet.lt\\\/elparduotuve\\\/#\\\/schema\\\/logo\\\/image\\\/\",\"url\":\"https:\\\/\\\/anivet.lt\\\/elparduotuve\\\/wp-content\\\/uploads\\\/2023\\\/06\\\/logo2.jpg\",\"contentUrl\":\"https:\\\/\\\/anivet.lt\\\/elparduotuve\\\/wp-content\\\/uploads\\\/2023\\\/06\\\/logo2.jpg\",\"width\":655,\"height\":194,\"caption\":\"Viskas J\u016bs\u0173 \u0161uns, kat\u0117s prie\u017ei\u016brai\"},\"image\":{\"@id\":\"https:\\\/\\\/anivet.lt\\\/elparduotuve\\\/#\\\/schema\\\/logo\\\/image\\\/\"}}]}<\/script>\n<!-- \/ Yoast SEO Premium plugin. -->","yoast_head_json":{"title":"QUATTRO Extra Poultry sausas \u0161un\u0173 pa\u0161aras su pauk\u0161tiena - anivet.lt","description":"Visavertis sausas \u0161un\u0173 pa\u0161aras su pauk\u0161tiena, skirtas vis\u0173 veisli\u0173 suaugusiems \u0161unims. Granul\u0117 padengta \u0161altyje d\u017eiovinta vi\u0161tiena, tod\u0117l pa\u0161aras pasi\u017eymi nat\u016braliu skoniu, kuris patiks net i\u0161rankiausiems keturkojams gurmanams.","robots":{"index":"index","follow":"follow","max-snippet":"max-snippet:-1","max-image-preview":"max-image-preview:large","max-video-preview":"max-video-preview:-1"},"canonical":"https:\/\/anivet.lt\/elparduotuve\/produktas\/quattro-extra-poultry-sausas-sunu-pasaras-su-paukstiena\/","og_locale":"lt_LT","og_type":"article","og_title":"QUATTRO Extra Poultry sausas \u0161un\u0173 pa\u0161aras su pauk\u0161tiena","og_description":"Visavertis sausas \u0161un\u0173 pa\u0161aras su pauk\u0161tiena, skirtas vis\u0173 veisli\u0173 suaugusiems \u0161unims. Granul\u0117 padengta \u0161altyje d\u017eiovinta vi\u0161tiena, tod\u0117l pa\u0161aras pasi\u017eymi nat\u016braliu skoniu, kuris patiks net i\u0161rankiausiems keturkojams gurmanams.","og_url":"https:\/\/anivet.lt\/elparduotuve\/produktas\/quattro-extra-poultry-sausas-sunu-pasaras-su-paukstiena\/","og_site_name":"anivet.lt","article_modified_time":"2025-06-19T09:34:15+00:00","og_image":[{"width":625,"height":794,"url":"https:\/\/anivet.lt\/elparduotuve\/wp-content\/uploads\/2023\/07\/QUATTRO-EXTRA-POULTRY-SU-PAUKSTIENA-SAUSAS-SUNU-PASARAS-3KG.png","type":"image\/png"}],"twitter_card":"summary_large_image","twitter_misc":{"Est. reading time":"1 minut\u0117"},"schema":{"@context":"https:\/\/schema.org","@graph":[{"@type":"WebPage","@id":"https:\/\/anivet.lt\/elparduotuve\/produktas\/quattro-extra-poultry-sausas-sunu-pasaras-su-paukstiena\/","url":"https:\/\/anivet.lt\/elparduotuve\/produktas\/quattro-extra-poultry-sausas-sunu-pasaras-su-paukstiena\/","name":"QUATTRO Extra Poultry sausas \u0161un\u0173 pa\u0161aras su pauk\u0161tiena - anivet.lt","isPartOf":{"@id":"https:\/\/anivet.lt\/elparduotuve\/#website"},"primaryImageOfPage":{"@id":"https:\/\/anivet.lt\/elparduotuve\/produktas\/quattro-extra-poultry-sausas-sunu-pasaras-su-paukstiena\/#primaryimage"},"image":{"@id":"https:\/\/anivet.lt\/elparduotuve\/produktas\/quattro-extra-poultry-sausas-sunu-pasaras-su-paukstiena\/#primaryimage"},"thumbnailUrl":"https:\/\/anivet.lt\/elparduotuve\/wp-content\/uploads\/2023\/07\/QUATTRO-EXTRA-POULTRY-SU-PAUKSTIENA-SAUSAS-SUNU-PASARAS-3KG.png","datePublished":"2023-07-23T18:19:07+00:00","dateModified":"2025-06-19T09:34:15+00:00","description":"Visavertis sausas \u0161un\u0173 pa\u0161aras su pauk\u0161tiena, skirtas vis\u0173 veisli\u0173 suaugusiems \u0161unims. Granul\u0117 padengta \u0161altyje d\u017eiovinta vi\u0161tiena, tod\u0117l pa\u0161aras pasi\u017eymi nat\u016braliu skoniu, kuris patiks net i\u0161rankiausiems keturkojams gurmanams.","breadcrumb":{"@id":"https:\/\/anivet.lt\/elparduotuve\/produktas\/quattro-extra-poultry-sausas-sunu-pasaras-su-paukstiena\/#breadcrumb"},"inLanguage":"lt-LT","potentialAction":[{"@type":"ReadAction","target":["https:\/\/anivet.lt\/elparduotuve\/produktas\/quattro-extra-poultry-sausas-sunu-pasaras-su-paukstiena\/"]}]},{"@type":"ImageObject","inLanguage":"lt-LT","@id":"https:\/\/anivet.lt\/elparduotuve\/produktas\/quattro-extra-poultry-sausas-sunu-pasaras-su-paukstiena\/#primaryimage","url":"https:\/\/anivet.lt\/elparduotuve\/wp-content\/uploads\/2023\/07\/QUATTRO-EXTRA-POULTRY-SU-PAUKSTIENA-SAUSAS-SUNU-PASARAS-3KG.png","contentUrl":"https:\/\/anivet.lt\/elparduotuve\/wp-content\/uploads\/2023\/07\/QUATTRO-EXTRA-POULTRY-SU-PAUKSTIENA-SAUSAS-SUNU-PASARAS-3KG.png","width":625,"height":794,"caption":"QUATTRO Extra Poultry sausas \u0161un\u0173 pa\u0161aras su pauk\u0161tiena"},{"@type":"BreadcrumbList","@id":"https:\/\/anivet.lt\/elparduotuve\/produktas\/quattro-extra-poultry-sausas-sunu-pasaras-su-paukstiena\/#breadcrumb","itemListElement":[{"@type":"ListItem","position":1,"name":"Home","item":"https:\/\/anivet.lt\/elparduotuve\/"},{"@type":"ListItem","position":2,"name":"Produktai","item":"https:\/\/anivet.lt\/elparduotuve\/produktai\/"},{"@type":"ListItem","position":3,"name":"QUATTRO Extra Poultry sausas \u0161un\u0173 pa\u0161aras su pauk\u0161tiena"}]},{"@type":"WebSite","@id":"https:\/\/anivet.lt\/elparduotuve\/#website","url":"https:\/\/anivet.lt\/elparduotuve\/","name":"anivet.lt","description":"Viskas J\u016bs\u0173 \u0161uns, kat\u0117s prie\u017ei\u016brai","publisher":{"@id":"https:\/\/anivet.lt\/elparduotuve\/#organization"},"alternateName":"Viskas J\u016bs\u0173 \u0161uns, kat\u0117s prie\u017ei\u016brai","potentialAction":[{"@type":"SearchAction","target":{"@type":"EntryPoint","urlTemplate":"https:\/\/anivet.lt\/elparduotuve\/?s={search_term_string}"},"query-input":{"@type":"PropertyValueSpecification","valueRequired":true,"valueName":"search_term_string"}}],"inLanguage":"lt-LT"},{"@type":"Organization","@id":"https:\/\/anivet.lt\/elparduotuve\/#organization","name":"Viskas J\u016bs\u0173 \u0161uns, kat\u0117s prie\u017ei\u016brai","url":"https:\/\/anivet.lt\/elparduotuve\/","logo":{"@type":"ImageObject","inLanguage":"lt-LT","@id":"https:\/\/anivet.lt\/elparduotuve\/#\/schema\/logo\/image\/","url":"https:\/\/anivet.lt\/elparduotuve\/wp-content\/uploads\/2023\/06\/logo2.jpg","contentUrl":"https:\/\/anivet.lt\/elparduotuve\/wp-content\/uploads\/2023\/06\/logo2.jpg","width":655,"height":194,"caption":"Viskas J\u016bs\u0173 \u0161uns, kat\u0117s prie\u017ei\u016brai"},"image":{"@id":"https:\/\/anivet.lt\/elparduotuve\/#\/schema\/logo\/image\/"}}]}},"_links":{"self":[{"href":"https:\/\/anivet.lt\/elparduotuve\/wp-json\/wp\/v2\/product\/10584","targetHints":{"allow":["GET"]}}],"collection":[{"href":"https:\/\/anivet.lt\/elparduotuve\/wp-json\/wp\/v2\/product"}],"about":[{"href":"https:\/\/anivet.lt\/elparduotuve\/wp-json\/wp\/v2\/types\/product"}],"wp:featuredmedia":[{"embeddable":true,"href":"https:\/\/anivet.lt\/elparduotuve\/wp-json\/wp\/v2\/media\/10586"}],"wp:attachment":[{"href":"https:\/\/anivet.lt\/elparduotuve\/wp-json\/wp\/v2\/media?parent=10584"}],"wp:term":[{"taxonomy":"product_brand","embeddable":true,"href":"https:\/\/anivet.lt\/elparduotuve\/wp-json\/wp\/v2\/product_brand?post=10584"},{"taxonomy":"product_cat","embeddable":true,"href":"https:\/\/anivet.lt\/elparduotuve\/wp-json\/wp\/v2\/product_cat?post=10584"},{"taxonomy":"product_tag","embeddable":true,"href":"https:\/\/anivet.lt\/elparduotuve\/wp-json\/wp\/v2\/product_tag?post=10584"}],"curies":[{"name":"wp","href":"https:\/\/api.w.org\/{rel}","templated":true}]}}