{"id":10585,"date":"2023-07-23T18:02:22","date_gmt":"2023-07-23T18:02:22","guid":{"rendered":"https:\/\/anivet.lt\/elparduotuve\/?post_type=product&#038;p=10585"},"modified":"2026-01-28T21:17:19","modified_gmt":"2026-01-28T21:17:19","slug":"exclusion-hypoallergenic-hipoalerginis-kaciu-maistas-su-kiauliena-ir-bulvemis","status":"publish","type":"product","link":"https:\/\/anivet.lt\/elparduotuve\/produktas\/exclusion-hypoallergenic-hipoalerginis-kaciu-maistas-su-kiauliena-ir-bulvemis\/","title":{"rendered":"Exclusion Hypoallergenic hipoalerginis ka\u010di\u0173 maistas su kiauliena ir bulv\u0117mis"},"content":{"rendered":"<p><span style=\"font-weight: 400;\">Hipoalerginis \u0161lapias maistas, specialiai sukurtas suaugusioms kat\u0117ms, ken\u010dian\u010dioms nuo alergijos maistui simptom\u0173. \u0160is subalansuotas pa\u0161aras yra puikus pasirinkimas jautrioms kat\u0117ms.<\/span><\/p>\n<ul>\n<li style=\"font-weight: 400;\" aria-level=\"1\"><span style=\"font-weight: 400;\">Vieno baltymo \u0161altinis: Sud\u0117tyje tik kiauliena \u2013 idealu hipoalerginei dietai.<\/span><\/li>\n<li style=\"font-weight: 400;\" aria-level=\"1\"><span style=\"font-weight: 400;\">Be gr\u016bd\u0173: Lengvai toleruojamas ir puikiai vir\u0161kinamas.<\/span><\/li>\n<li style=\"font-weight: 400;\" aria-level=\"1\"><span style=\"font-weight: 400;\">Papildytas omega-3 riebal\u0173 r\u016bg\u0161timis: Ma\u017eina u\u017edegim\u0105 ir stiprina imunin\u0119 sistem\u0105.<\/span><\/li>\n<li style=\"font-weight: 400;\" aria-level=\"1\"><span style=\"font-weight: 400;\">Nedidelis ingredient\u0173 skai\u010dius: Suma\u017eina alergijos rizik\u0105.<\/span><\/li>\n<\/ul>\n<p><span style=\"font-weight: 400;\">\u0160is \u0161lapias maistas sukurtas siekiant suma\u017einti alergijos maistui simptomus ir u\u017etikrinti subalansuot\u0105 kat\u0117s mityb\u0105. Lengvai vir\u0161kinamas, turintis nedaug ingredient\u0173 ir praturtintas omega-3, pa\u0161aras ne tik palaiko sveik\u0105 vir\u0161kinim\u0105, bet ir padeda kovoti su u\u017edegimais bei stiprina imunitet\u0105.<\/span><\/p>\n","protected":false},"excerpt":{"rendered":"<p>Hipoalerginis \u0161lapias maistas, specialiai sukurtas suaugusioms kat\u0117ms, ken\u010dian\u010dioms nuo alergijos maistui simptom\u0173. \u0160is subalansuotas pa\u0161aras yra puikus pasirinkimas jautrioms kat\u0117ms.<\/p>\n","protected":false},"featured_media":10587,"template":"","meta":[],"product_brand":[],"product_cat":[114,102,118,341],"product_tag":[],"class_list":{"0":"post-10585","1":"product","2":"type-product","3":"status-publish","4":"has-post-thumbnail","6":"product_cat-kaciu-maistas","7":"product_cat-katems","8":"product_cat-veterinarinis-maistas-katems","9":"product_cat-exclusion-kaciu-maistas","10":"pa_prekinis-zenklas-exclusion","12":"first","13":"instock","14":"taxable","15":"shipping-taxable","16":"purchasable","17":"product-type-simple"},"yoast_head":"<!-- This site is optimized with the Yoast SEO Premium plugin v27.1 (Yoast SEO v27.5) - https:\/\/yoast.com\/product\/yoast-seo-premium-wordpress\/ -->\n<title>Exclusion Hypoallergenic hipoalerginis ka\u010di\u0173 maistas su kiauliena ir bulv\u0117mis - anivet.lt<\/title>\n<meta name=\"description\" content=\"Hipoalerginis \u0161lapias maistas, specialiai sukurtas suaugusioms kat\u0117ms, ken\u010dian\u010dioms nuo alergijos maistui simptom\u0173. \u0160is subalansuotas pa\u0161aras yra puikus\" \/>\n<meta name=\"robots\" content=\"index, follow, max-snippet:-1, max-image-preview:large, max-video-preview:-1\" \/>\n<link rel=\"canonical\" href=\"https:\/\/anivet.lt\/elparduotuve\/produktas\/exclusion-hypoallergenic-hipoalerginis-kaciu-maistas-su-kiauliena-ir-bulvemis\/\" \/>\n<meta property=\"og:locale\" content=\"lt_LT\" \/>\n<meta property=\"og:type\" content=\"article\" \/>\n<meta property=\"og:title\" content=\"Exclusion Hypoallergenic hipoalerginis ka\u010di\u0173 maistas su kiauliena ir bulv\u0117mis\" \/>\n<meta property=\"og:description\" content=\"Hipoalerginis \u0161lapias maistas, specialiai sukurtas suaugusioms kat\u0117ms, ken\u010dian\u010dioms nuo alergijos maistui simptom\u0173. \u0160is subalansuotas pa\u0161aras yra puikus\" \/>\n<meta property=\"og:url\" content=\"https:\/\/anivet.lt\/elparduotuve\/produktas\/exclusion-hypoallergenic-hipoalerginis-kaciu-maistas-su-kiauliena-ir-bulvemis\/\" \/>\n<meta property=\"og:site_name\" content=\"anivet.lt\" \/>\n<meta property=\"article:modified_time\" content=\"2026-01-28T21:17:19+00:00\" \/>\n<meta property=\"og:image\" content=\"https:\/\/anivet.lt\/elparduotuve\/wp-content\/uploads\/2023\/07\/Exclusion-Hypoallergenic-slapias-hipoalerginis-kaciu-maistas-su-kiauliena-ir-bulvemis.png\" \/>\n\t<meta property=\"og:image:width\" content=\"600\" \/>\n\t<meta property=\"og:image:height\" content=\"600\" \/>\n\t<meta property=\"og:image:type\" content=\"image\/png\" \/>\n<meta name=\"twitter:card\" content=\"summary_large_image\" \/>\n<meta name=\"twitter:label1\" content=\"Est. reading time\" \/>\n\t<meta name=\"twitter:data1\" content=\"1 minut\u0117\" \/>\n<script type=\"application\/ld+json\" class=\"yoast-schema-graph\">{\"@context\":\"https:\\\/\\\/schema.org\",\"@graph\":[{\"@type\":\"WebPage\",\"@id\":\"https:\\\/\\\/anivet.lt\\\/elparduotuve\\\/produktas\\\/exclusion-hypoallergenic-hipoalerginis-kaciu-maistas-su-kiauliena-ir-bulvemis\\\/\",\"url\":\"https:\\\/\\\/anivet.lt\\\/elparduotuve\\\/produktas\\\/exclusion-hypoallergenic-hipoalerginis-kaciu-maistas-su-kiauliena-ir-bulvemis\\\/\",\"name\":\"Exclusion Hypoallergenic hipoalerginis ka\u010di\u0173 maistas su kiauliena ir bulv\u0117mis - anivet.lt\",\"isPartOf\":{\"@id\":\"https:\\\/\\\/anivet.lt\\\/elparduotuve\\\/#website\"},\"primaryImageOfPage\":{\"@id\":\"https:\\\/\\\/anivet.lt\\\/elparduotuve\\\/produktas\\\/exclusion-hypoallergenic-hipoalerginis-kaciu-maistas-su-kiauliena-ir-bulvemis\\\/#primaryimage\"},\"image\":{\"@id\":\"https:\\\/\\\/anivet.lt\\\/elparduotuve\\\/produktas\\\/exclusion-hypoallergenic-hipoalerginis-kaciu-maistas-su-kiauliena-ir-bulvemis\\\/#primaryimage\"},\"thumbnailUrl\":\"https:\\\/\\\/anivet.lt\\\/elparduotuve\\\/wp-content\\\/uploads\\\/2023\\\/07\\\/Exclusion-Hypoallergenic-slapias-hipoalerginis-kaciu-maistas-su-kiauliena-ir-bulvemis.png\",\"datePublished\":\"2023-07-23T18:02:22+00:00\",\"dateModified\":\"2026-01-28T21:17:19+00:00\",\"description\":\"Hipoalerginis \u0161lapias maistas, specialiai sukurtas suaugusioms kat\u0117ms, ken\u010dian\u010dioms nuo alergijos maistui simptom\u0173. \u0160is subalansuotas pa\u0161aras yra puikus\",\"breadcrumb\":{\"@id\":\"https:\\\/\\\/anivet.lt\\\/elparduotuve\\\/produktas\\\/exclusion-hypoallergenic-hipoalerginis-kaciu-maistas-su-kiauliena-ir-bulvemis\\\/#breadcrumb\"},\"inLanguage\":\"lt-LT\",\"potentialAction\":[{\"@type\":\"ReadAction\",\"target\":[\"https:\\\/\\\/anivet.lt\\\/elparduotuve\\\/produktas\\\/exclusion-hypoallergenic-hipoalerginis-kaciu-maistas-su-kiauliena-ir-bulvemis\\\/\"]}]},{\"@type\":\"ImageObject\",\"inLanguage\":\"lt-LT\",\"@id\":\"https:\\\/\\\/anivet.lt\\\/elparduotuve\\\/produktas\\\/exclusion-hypoallergenic-hipoalerginis-kaciu-maistas-su-kiauliena-ir-bulvemis\\\/#primaryimage\",\"url\":\"https:\\\/\\\/anivet.lt\\\/elparduotuve\\\/wp-content\\\/uploads\\\/2023\\\/07\\\/Exclusion-Hypoallergenic-slapias-hipoalerginis-kaciu-maistas-su-kiauliena-ir-bulvemis.png\",\"contentUrl\":\"https:\\\/\\\/anivet.lt\\\/elparduotuve\\\/wp-content\\\/uploads\\\/2023\\\/07\\\/Exclusion-Hypoallergenic-slapias-hipoalerginis-kaciu-maistas-su-kiauliena-ir-bulvemis.png\",\"width\":600,\"height\":600,\"caption\":\"Exclusion Hypoallergenic hipoalerginis ka\u010di\u0173 maistas su kiauliena ir bulv\u0117mis\"},{\"@type\":\"BreadcrumbList\",\"@id\":\"https:\\\/\\\/anivet.lt\\\/elparduotuve\\\/produktas\\\/exclusion-hypoallergenic-hipoalerginis-kaciu-maistas-su-kiauliena-ir-bulvemis\\\/#breadcrumb\",\"itemListElement\":[{\"@type\":\"ListItem\",\"position\":1,\"name\":\"Home\",\"item\":\"https:\\\/\\\/anivet.lt\\\/elparduotuve\\\/\"},{\"@type\":\"ListItem\",\"position\":2,\"name\":\"Produktai\",\"item\":\"https:\\\/\\\/anivet.lt\\\/elparduotuve\\\/produktai\\\/\"},{\"@type\":\"ListItem\",\"position\":3,\"name\":\"Exclusion Hypoallergenic hipoalerginis ka\u010di\u0173 maistas su kiauliena ir bulv\u0117mis\"}]},{\"@type\":\"WebSite\",\"@id\":\"https:\\\/\\\/anivet.lt\\\/elparduotuve\\\/#website\",\"url\":\"https:\\\/\\\/anivet.lt\\\/elparduotuve\\\/\",\"name\":\"anivet.lt\",\"description\":\"Viskas J\u016bs\u0173 \u0161uns, kat\u0117s prie\u017ei\u016brai\",\"publisher\":{\"@id\":\"https:\\\/\\\/anivet.lt\\\/elparduotuve\\\/#organization\"},\"alternateName\":\"Viskas J\u016bs\u0173 \u0161uns, kat\u0117s prie\u017ei\u016brai\",\"potentialAction\":[{\"@type\":\"SearchAction\",\"target\":{\"@type\":\"EntryPoint\",\"urlTemplate\":\"https:\\\/\\\/anivet.lt\\\/elparduotuve\\\/?s={search_term_string}\"},\"query-input\":{\"@type\":\"PropertyValueSpecification\",\"valueRequired\":true,\"valueName\":\"search_term_string\"}}],\"inLanguage\":\"lt-LT\"},{\"@type\":\"Organization\",\"@id\":\"https:\\\/\\\/anivet.lt\\\/elparduotuve\\\/#organization\",\"name\":\"Viskas J\u016bs\u0173 \u0161uns, kat\u0117s prie\u017ei\u016brai\",\"url\":\"https:\\\/\\\/anivet.lt\\\/elparduotuve\\\/\",\"logo\":{\"@type\":\"ImageObject\",\"inLanguage\":\"lt-LT\",\"@id\":\"https:\\\/\\\/anivet.lt\\\/elparduotuve\\\/#\\\/schema\\\/logo\\\/image\\\/\",\"url\":\"https:\\\/\\\/anivet.lt\\\/elparduotuve\\\/wp-content\\\/uploads\\\/2023\\\/06\\\/logo2.jpg\",\"contentUrl\":\"https:\\\/\\\/anivet.lt\\\/elparduotuve\\\/wp-content\\\/uploads\\\/2023\\\/06\\\/logo2.jpg\",\"width\":655,\"height\":194,\"caption\":\"Viskas J\u016bs\u0173 \u0161uns, kat\u0117s prie\u017ei\u016brai\"},\"image\":{\"@id\":\"https:\\\/\\\/anivet.lt\\\/elparduotuve\\\/#\\\/schema\\\/logo\\\/image\\\/\"}}]}<\/script>\n<!-- \/ Yoast SEO Premium plugin. -->","yoast_head_json":{"title":"Exclusion Hypoallergenic hipoalerginis ka\u010di\u0173 maistas su kiauliena ir bulv\u0117mis - anivet.lt","description":"Hipoalerginis \u0161lapias maistas, specialiai sukurtas suaugusioms kat\u0117ms, ken\u010dian\u010dioms nuo alergijos maistui simptom\u0173. \u0160is subalansuotas pa\u0161aras yra puikus","robots":{"index":"index","follow":"follow","max-snippet":"max-snippet:-1","max-image-preview":"max-image-preview:large","max-video-preview":"max-video-preview:-1"},"canonical":"https:\/\/anivet.lt\/elparduotuve\/produktas\/exclusion-hypoallergenic-hipoalerginis-kaciu-maistas-su-kiauliena-ir-bulvemis\/","og_locale":"lt_LT","og_type":"article","og_title":"Exclusion Hypoallergenic hipoalerginis ka\u010di\u0173 maistas su kiauliena ir bulv\u0117mis","og_description":"Hipoalerginis \u0161lapias maistas, specialiai sukurtas suaugusioms kat\u0117ms, ken\u010dian\u010dioms nuo alergijos maistui simptom\u0173. \u0160is subalansuotas pa\u0161aras yra puikus","og_url":"https:\/\/anivet.lt\/elparduotuve\/produktas\/exclusion-hypoallergenic-hipoalerginis-kaciu-maistas-su-kiauliena-ir-bulvemis\/","og_site_name":"anivet.lt","article_modified_time":"2026-01-28T21:17:19+00:00","og_image":[{"width":600,"height":600,"url":"https:\/\/anivet.lt\/elparduotuve\/wp-content\/uploads\/2023\/07\/Exclusion-Hypoallergenic-slapias-hipoalerginis-kaciu-maistas-su-kiauliena-ir-bulvemis.png","type":"image\/png"}],"twitter_card":"summary_large_image","twitter_misc":{"Est. reading time":"1 minut\u0117"},"schema":{"@context":"https:\/\/schema.org","@graph":[{"@type":"WebPage","@id":"https:\/\/anivet.lt\/elparduotuve\/produktas\/exclusion-hypoallergenic-hipoalerginis-kaciu-maistas-su-kiauliena-ir-bulvemis\/","url":"https:\/\/anivet.lt\/elparduotuve\/produktas\/exclusion-hypoallergenic-hipoalerginis-kaciu-maistas-su-kiauliena-ir-bulvemis\/","name":"Exclusion Hypoallergenic hipoalerginis ka\u010di\u0173 maistas su kiauliena ir bulv\u0117mis - anivet.lt","isPartOf":{"@id":"https:\/\/anivet.lt\/elparduotuve\/#website"},"primaryImageOfPage":{"@id":"https:\/\/anivet.lt\/elparduotuve\/produktas\/exclusion-hypoallergenic-hipoalerginis-kaciu-maistas-su-kiauliena-ir-bulvemis\/#primaryimage"},"image":{"@id":"https:\/\/anivet.lt\/elparduotuve\/produktas\/exclusion-hypoallergenic-hipoalerginis-kaciu-maistas-su-kiauliena-ir-bulvemis\/#primaryimage"},"thumbnailUrl":"https:\/\/anivet.lt\/elparduotuve\/wp-content\/uploads\/2023\/07\/Exclusion-Hypoallergenic-slapias-hipoalerginis-kaciu-maistas-su-kiauliena-ir-bulvemis.png","datePublished":"2023-07-23T18:02:22+00:00","dateModified":"2026-01-28T21:17:19+00:00","description":"Hipoalerginis \u0161lapias maistas, specialiai sukurtas suaugusioms kat\u0117ms, ken\u010dian\u010dioms nuo alergijos maistui simptom\u0173. \u0160is subalansuotas pa\u0161aras yra puikus","breadcrumb":{"@id":"https:\/\/anivet.lt\/elparduotuve\/produktas\/exclusion-hypoallergenic-hipoalerginis-kaciu-maistas-su-kiauliena-ir-bulvemis\/#breadcrumb"},"inLanguage":"lt-LT","potentialAction":[{"@type":"ReadAction","target":["https:\/\/anivet.lt\/elparduotuve\/produktas\/exclusion-hypoallergenic-hipoalerginis-kaciu-maistas-su-kiauliena-ir-bulvemis\/"]}]},{"@type":"ImageObject","inLanguage":"lt-LT","@id":"https:\/\/anivet.lt\/elparduotuve\/produktas\/exclusion-hypoallergenic-hipoalerginis-kaciu-maistas-su-kiauliena-ir-bulvemis\/#primaryimage","url":"https:\/\/anivet.lt\/elparduotuve\/wp-content\/uploads\/2023\/07\/Exclusion-Hypoallergenic-slapias-hipoalerginis-kaciu-maistas-su-kiauliena-ir-bulvemis.png","contentUrl":"https:\/\/anivet.lt\/elparduotuve\/wp-content\/uploads\/2023\/07\/Exclusion-Hypoallergenic-slapias-hipoalerginis-kaciu-maistas-su-kiauliena-ir-bulvemis.png","width":600,"height":600,"caption":"Exclusion Hypoallergenic hipoalerginis ka\u010di\u0173 maistas su kiauliena ir bulv\u0117mis"},{"@type":"BreadcrumbList","@id":"https:\/\/anivet.lt\/elparduotuve\/produktas\/exclusion-hypoallergenic-hipoalerginis-kaciu-maistas-su-kiauliena-ir-bulvemis\/#breadcrumb","itemListElement":[{"@type":"ListItem","position":1,"name":"Home","item":"https:\/\/anivet.lt\/elparduotuve\/"},{"@type":"ListItem","position":2,"name":"Produktai","item":"https:\/\/anivet.lt\/elparduotuve\/produktai\/"},{"@type":"ListItem","position":3,"name":"Exclusion Hypoallergenic hipoalerginis ka\u010di\u0173 maistas su kiauliena ir bulv\u0117mis"}]},{"@type":"WebSite","@id":"https:\/\/anivet.lt\/elparduotuve\/#website","url":"https:\/\/anivet.lt\/elparduotuve\/","name":"anivet.lt","description":"Viskas J\u016bs\u0173 \u0161uns, kat\u0117s prie\u017ei\u016brai","publisher":{"@id":"https:\/\/anivet.lt\/elparduotuve\/#organization"},"alternateName":"Viskas J\u016bs\u0173 \u0161uns, kat\u0117s prie\u017ei\u016brai","potentialAction":[{"@type":"SearchAction","target":{"@type":"EntryPoint","urlTemplate":"https:\/\/anivet.lt\/elparduotuve\/?s={search_term_string}"},"query-input":{"@type":"PropertyValueSpecification","valueRequired":true,"valueName":"search_term_string"}}],"inLanguage":"lt-LT"},{"@type":"Organization","@id":"https:\/\/anivet.lt\/elparduotuve\/#organization","name":"Viskas J\u016bs\u0173 \u0161uns, kat\u0117s prie\u017ei\u016brai","url":"https:\/\/anivet.lt\/elparduotuve\/","logo":{"@type":"ImageObject","inLanguage":"lt-LT","@id":"https:\/\/anivet.lt\/elparduotuve\/#\/schema\/logo\/image\/","url":"https:\/\/anivet.lt\/elparduotuve\/wp-content\/uploads\/2023\/06\/logo2.jpg","contentUrl":"https:\/\/anivet.lt\/elparduotuve\/wp-content\/uploads\/2023\/06\/logo2.jpg","width":655,"height":194,"caption":"Viskas J\u016bs\u0173 \u0161uns, kat\u0117s prie\u017ei\u016brai"},"image":{"@id":"https:\/\/anivet.lt\/elparduotuve\/#\/schema\/logo\/image\/"}}]}},"_links":{"self":[{"href":"https:\/\/anivet.lt\/elparduotuve\/wp-json\/wp\/v2\/product\/10585","targetHints":{"allow":["GET"]}}],"collection":[{"href":"https:\/\/anivet.lt\/elparduotuve\/wp-json\/wp\/v2\/product"}],"about":[{"href":"https:\/\/anivet.lt\/elparduotuve\/wp-json\/wp\/v2\/types\/product"}],"wp:featuredmedia":[{"embeddable":true,"href":"https:\/\/anivet.lt\/elparduotuve\/wp-json\/wp\/v2\/media\/10587"}],"wp:attachment":[{"href":"https:\/\/anivet.lt\/elparduotuve\/wp-json\/wp\/v2\/media?parent=10585"}],"wp:term":[{"taxonomy":"product_brand","embeddable":true,"href":"https:\/\/anivet.lt\/elparduotuve\/wp-json\/wp\/v2\/product_brand?post=10585"},{"taxonomy":"product_cat","embeddable":true,"href":"https:\/\/anivet.lt\/elparduotuve\/wp-json\/wp\/v2\/product_cat?post=10585"},{"taxonomy":"product_tag","embeddable":true,"href":"https:\/\/anivet.lt\/elparduotuve\/wp-json\/wp\/v2\/product_tag?post=10585"}],"curies":[{"name":"wp","href":"https:\/\/api.w.org\/{rel}","templated":true}]}}