{"id":10595,"date":"2023-07-23T18:34:48","date_gmt":"2023-07-23T18:34:48","guid":{"rendered":"https:\/\/anivet.lt\/elparduotuve\/?post_type=product&#038;p=10595"},"modified":"2026-03-03T18:26:18","modified_gmt":"2026-03-03T18:26:18","slug":"exclusion-hypoallergenic-sausas-maistas-su-vabzdziu-baltymu-dideliu-vidutiniu-veisliu-sunims","status":"publish","type":"product","link":"https:\/\/anivet.lt\/elparduotuve\/produktas\/exclusion-hypoallergenic-sausas-maistas-su-vabzdziu-baltymu-dideliu-vidutiniu-veisliu-sunims\/","title":{"rendered":"Exclusion Hypoallergenic sausas maistas su vabzd\u017ei\u0173 baltymu dideli\u0173 \/ vidutini\u0173 veisli\u0173 \u0161unims"},"content":{"rendered":"<ul>\n<li style=\"font-weight: 400;\" aria-level=\"1\"><span style=\"font-weight: 400;\">Hipoalerginis: Sud\u0117tyje yra tik vienas gyvulin\u0117s kilm\u0117s baltym\u0173 \u0161altinis (vabzd\u017eiai).<\/span><\/li>\n<li style=\"font-weight: 400;\" aria-level=\"1\"><span style=\"font-weight: 400;\">Be gr\u016bd\u0173: Lengvai toleruojamas ir vir\u0161kinamas pa\u0161aras.<\/span><\/li>\n<li style=\"font-weight: 400;\" aria-level=\"1\"><span style=\"font-weight: 400;\">Sveikai odai ir kailiui: Papildytas lin\u0173 s\u0117menimis, kuri\u0173 riebal\u0173 r\u016bg\u0161tys palaiko odos ir kailio b\u016bkl\u0119.<\/span><\/li>\n<li style=\"font-weight: 400;\" aria-level=\"1\"><span style=\"font-weight: 400;\">Praturtintas alaviju: Nat\u016braliai mal\u0161ina u\u017edegim\u0105 ir gerina odos sveikat\u0105.<\/span><\/li>\n<li style=\"font-weight: 400;\" aria-level=\"1\"><span style=\"font-weight: 400;\">Nat\u016brali sud\u0117tis: \u017dirniai ir saul\u0117gr\u0105\u017e\u0173 aliejus u\u017etikrina lengv\u0105 vir\u0161kinim\u0105 ir energijos \u0161altin\u012f.<\/span><\/li>\n<\/ul>\n<p><span style=\"font-weight: 400;\">\u0160is pa\u0161aras su vabzd\u017ei\u0173 baltymais \u2013 tai inovatyvus sprendimas \u0161unims, kuri\u0173 sveikata reikalauja ypatingo d\u0117mesio. \u0160is pa\u0161aras u\u017etikrina sveik\u0105 vir\u0161kinim\u0105, padeda i\u0161vengti alergijos simptom\u0173 ir palaiko bendr\u0105 augintinio gerov\u0119. Paprasta sud\u0117tis ir nat\u016bral\u016bs ingredientai garantuoja, kad \u0161uo gaus tik tai, kas b\u016btina jo sveikatai.<\/span><\/p>\n","protected":false},"excerpt":{"rendered":"<p><span style=\"font-weight: 400;\">\u0160is dietinis pa\u0161aras yra sukurtas vidutini\u0173 ir dideli\u0173 veisli\u0173 suaugusiems \u0161unims, turintiems alergijos ar maisto netoleravimo simptom\u0173. Pagrindinis baltym\u0173 \u0161altinis \u2013 vabzd\u017ei\u0173 baltymai, kurie yra itin gerai toleruojami ir hipoalergi\u0161ki.<\/span><\/p>\n","protected":false},"featured_media":10598,"template":"","meta":[],"product_brand":[],"product_cat":[101,103,107,317],"product_tag":[],"class_list":{"0":"post-10595","1":"product","2":"type-product","3":"status-publish","4":"has-post-thumbnail","6":"product_cat-sunims","7":"product_cat-sunu-maistas","8":"product_cat-veterinarine-dieta","9":"product_cat-exclusion-sunu-maistas","10":"pa_prekinis-zenklas-exclusion","12":"first","13":"instock","14":"taxable","15":"shipping-taxable","16":"purchasable","17":"product-type-simple"},"yoast_head":"<!-- This site is optimized with the Yoast SEO Premium plugin v27.1 (Yoast SEO v27.5) - https:\/\/yoast.com\/product\/yoast-seo-premium-wordpress\/ -->\n<title>Exclusion Hypoallergenic sausas maistas su vabzd\u017ei\u0173 baltymu dideli\u0173 \/ vidutini\u0173 veisli\u0173 \u0161unims - anivet.lt<\/title>\n<meta name=\"description\" content=\"\u0160is dietinis pa\u0161aras yra sukurtas vidutini\u0173 ir dideli\u0173 veisli\u0173 suaugusiems \u0161unims, turintiems alergijos ar maisto netoleravimo simptom\u0173. Pagrindinis baltym\u0173 \u0161altinis \u2013 vabzd\u017ei\u0173 baltymai, kurie yra itin gerai toleruojami ir hipoalergi\u0161ki.\" \/>\n<meta name=\"robots\" content=\"index, follow, max-snippet:-1, max-image-preview:large, max-video-preview:-1\" \/>\n<link rel=\"canonical\" href=\"https:\/\/anivet.lt\/elparduotuve\/produktas\/exclusion-hypoallergenic-sausas-maistas-su-vabzdziu-baltymu-dideliu-vidutiniu-veisliu-sunims\/\" \/>\n<meta property=\"og:locale\" content=\"lt_LT\" \/>\n<meta property=\"og:type\" content=\"article\" \/>\n<meta property=\"og:title\" content=\"Exclusion Hypoallergenic sausas maistas su vabzd\u017ei\u0173 baltymu dideli\u0173 \/ vidutini\u0173 veisli\u0173 \u0161unims\" \/>\n<meta property=\"og:description\" content=\"\u0160is dietinis pa\u0161aras yra sukurtas vidutini\u0173 ir dideli\u0173 veisli\u0173 suaugusiems \u0161unims, turintiems alergijos ar maisto netoleravimo simptom\u0173. Pagrindinis baltym\u0173 \u0161altinis \u2013 vabzd\u017ei\u0173 baltymai, kurie yra itin gerai toleruojami ir hipoalergi\u0161ki.\" \/>\n<meta property=\"og:url\" content=\"https:\/\/anivet.lt\/elparduotuve\/produktas\/exclusion-hypoallergenic-sausas-maistas-su-vabzdziu-baltymu-dideliu-vidutiniu-veisliu-sunims\/\" \/>\n<meta property=\"og:site_name\" content=\"anivet.lt\" \/>\n<meta property=\"article:modified_time\" content=\"2026-03-03T18:26:18+00:00\" \/>\n<meta property=\"og:image\" content=\"https:\/\/anivet.lt\/elparduotuve\/wp-content\/uploads\/2023\/07\/Exclusion-Hypoallergenic-sausas-maistas-su-vabzdziais-dideliu-veisliu-sunims.png\" \/>\n\t<meta property=\"og:image:width\" content=\"600\" \/>\n\t<meta property=\"og:image:height\" content=\"600\" \/>\n\t<meta property=\"og:image:type\" content=\"image\/png\" \/>\n<meta name=\"twitter:card\" content=\"summary_large_image\" \/>\n<meta name=\"twitter:label1\" content=\"Est. reading time\" \/>\n\t<meta name=\"twitter:data1\" content=\"1 minut\u0117\" \/>\n<script type=\"application\/ld+json\" class=\"yoast-schema-graph\">{\"@context\":\"https:\\\/\\\/schema.org\",\"@graph\":[{\"@type\":\"WebPage\",\"@id\":\"https:\\\/\\\/anivet.lt\\\/elparduotuve\\\/produktas\\\/exclusion-hypoallergenic-sausas-maistas-su-vabzdziu-baltymu-dideliu-vidutiniu-veisliu-sunims\\\/\",\"url\":\"https:\\\/\\\/anivet.lt\\\/elparduotuve\\\/produktas\\\/exclusion-hypoallergenic-sausas-maistas-su-vabzdziu-baltymu-dideliu-vidutiniu-veisliu-sunims\\\/\",\"name\":\"Exclusion Hypoallergenic sausas maistas su vabzd\u017ei\u0173 baltymu dideli\u0173 \\\/ vidutini\u0173 veisli\u0173 \u0161unims - anivet.lt\",\"isPartOf\":{\"@id\":\"https:\\\/\\\/anivet.lt\\\/elparduotuve\\\/#website\"},\"primaryImageOfPage\":{\"@id\":\"https:\\\/\\\/anivet.lt\\\/elparduotuve\\\/produktas\\\/exclusion-hypoallergenic-sausas-maistas-su-vabzdziu-baltymu-dideliu-vidutiniu-veisliu-sunims\\\/#primaryimage\"},\"image\":{\"@id\":\"https:\\\/\\\/anivet.lt\\\/elparduotuve\\\/produktas\\\/exclusion-hypoallergenic-sausas-maistas-su-vabzdziu-baltymu-dideliu-vidutiniu-veisliu-sunims\\\/#primaryimage\"},\"thumbnailUrl\":\"https:\\\/\\\/anivet.lt\\\/elparduotuve\\\/wp-content\\\/uploads\\\/2023\\\/07\\\/Exclusion-Hypoallergenic-sausas-maistas-su-vabzdziais-dideliu-veisliu-sunims.png\",\"datePublished\":\"2023-07-23T18:34:48+00:00\",\"dateModified\":\"2026-03-03T18:26:18+00:00\",\"description\":\"\u0160is dietinis pa\u0161aras yra sukurtas vidutini\u0173 ir dideli\u0173 veisli\u0173 suaugusiems \u0161unims, turintiems alergijos ar maisto netoleravimo simptom\u0173. Pagrindinis baltym\u0173 \u0161altinis \u2013 vabzd\u017ei\u0173 baltymai, kurie yra itin gerai toleruojami ir hipoalergi\u0161ki.\",\"breadcrumb\":{\"@id\":\"https:\\\/\\\/anivet.lt\\\/elparduotuve\\\/produktas\\\/exclusion-hypoallergenic-sausas-maistas-su-vabzdziu-baltymu-dideliu-vidutiniu-veisliu-sunims\\\/#breadcrumb\"},\"inLanguage\":\"lt-LT\",\"potentialAction\":[{\"@type\":\"ReadAction\",\"target\":[\"https:\\\/\\\/anivet.lt\\\/elparduotuve\\\/produktas\\\/exclusion-hypoallergenic-sausas-maistas-su-vabzdziu-baltymu-dideliu-vidutiniu-veisliu-sunims\\\/\"]}]},{\"@type\":\"ImageObject\",\"inLanguage\":\"lt-LT\",\"@id\":\"https:\\\/\\\/anivet.lt\\\/elparduotuve\\\/produktas\\\/exclusion-hypoallergenic-sausas-maistas-su-vabzdziu-baltymu-dideliu-vidutiniu-veisliu-sunims\\\/#primaryimage\",\"url\":\"https:\\\/\\\/anivet.lt\\\/elparduotuve\\\/wp-content\\\/uploads\\\/2023\\\/07\\\/Exclusion-Hypoallergenic-sausas-maistas-su-vabzdziais-dideliu-veisliu-sunims.png\",\"contentUrl\":\"https:\\\/\\\/anivet.lt\\\/elparduotuve\\\/wp-content\\\/uploads\\\/2023\\\/07\\\/Exclusion-Hypoallergenic-sausas-maistas-su-vabzdziais-dideliu-veisliu-sunims.png\",\"width\":600,\"height\":600,\"caption\":\"Exclusion Hypoallergenic sausas maistas su vabzd\u017ei\u0173 baltymu dideli\u0173 \\\/ vidutini\u0173 veisli\u0173 \u0161unims\"},{\"@type\":\"BreadcrumbList\",\"@id\":\"https:\\\/\\\/anivet.lt\\\/elparduotuve\\\/produktas\\\/exclusion-hypoallergenic-sausas-maistas-su-vabzdziu-baltymu-dideliu-vidutiniu-veisliu-sunims\\\/#breadcrumb\",\"itemListElement\":[{\"@type\":\"ListItem\",\"position\":1,\"name\":\"Home\",\"item\":\"https:\\\/\\\/anivet.lt\\\/elparduotuve\\\/\"},{\"@type\":\"ListItem\",\"position\":2,\"name\":\"Produktai\",\"item\":\"https:\\\/\\\/anivet.lt\\\/elparduotuve\\\/produktai\\\/\"},{\"@type\":\"ListItem\",\"position\":3,\"name\":\"Exclusion Hypoallergenic sausas maistas su vabzd\u017ei\u0173 baltymu dideli\u0173 \\\/ vidutini\u0173 veisli\u0173 \u0161unims\"}]},{\"@type\":\"WebSite\",\"@id\":\"https:\\\/\\\/anivet.lt\\\/elparduotuve\\\/#website\",\"url\":\"https:\\\/\\\/anivet.lt\\\/elparduotuve\\\/\",\"name\":\"anivet.lt\",\"description\":\"Viskas J\u016bs\u0173 \u0161uns, kat\u0117s prie\u017ei\u016brai\",\"publisher\":{\"@id\":\"https:\\\/\\\/anivet.lt\\\/elparduotuve\\\/#organization\"},\"alternateName\":\"Viskas J\u016bs\u0173 \u0161uns, kat\u0117s prie\u017ei\u016brai\",\"potentialAction\":[{\"@type\":\"SearchAction\",\"target\":{\"@type\":\"EntryPoint\",\"urlTemplate\":\"https:\\\/\\\/anivet.lt\\\/elparduotuve\\\/?s={search_term_string}\"},\"query-input\":{\"@type\":\"PropertyValueSpecification\",\"valueRequired\":true,\"valueName\":\"search_term_string\"}}],\"inLanguage\":\"lt-LT\"},{\"@type\":\"Organization\",\"@id\":\"https:\\\/\\\/anivet.lt\\\/elparduotuve\\\/#organization\",\"name\":\"Viskas J\u016bs\u0173 \u0161uns, kat\u0117s prie\u017ei\u016brai\",\"url\":\"https:\\\/\\\/anivet.lt\\\/elparduotuve\\\/\",\"logo\":{\"@type\":\"ImageObject\",\"inLanguage\":\"lt-LT\",\"@id\":\"https:\\\/\\\/anivet.lt\\\/elparduotuve\\\/#\\\/schema\\\/logo\\\/image\\\/\",\"url\":\"https:\\\/\\\/anivet.lt\\\/elparduotuve\\\/wp-content\\\/uploads\\\/2023\\\/06\\\/logo2.jpg\",\"contentUrl\":\"https:\\\/\\\/anivet.lt\\\/elparduotuve\\\/wp-content\\\/uploads\\\/2023\\\/06\\\/logo2.jpg\",\"width\":655,\"height\":194,\"caption\":\"Viskas J\u016bs\u0173 \u0161uns, kat\u0117s prie\u017ei\u016brai\"},\"image\":{\"@id\":\"https:\\\/\\\/anivet.lt\\\/elparduotuve\\\/#\\\/schema\\\/logo\\\/image\\\/\"}}]}<\/script>\n<!-- \/ Yoast SEO Premium plugin. -->","yoast_head_json":{"title":"Exclusion Hypoallergenic sausas maistas su vabzd\u017ei\u0173 baltymu dideli\u0173 \/ vidutini\u0173 veisli\u0173 \u0161unims - anivet.lt","description":"\u0160is dietinis pa\u0161aras yra sukurtas vidutini\u0173 ir dideli\u0173 veisli\u0173 suaugusiems \u0161unims, turintiems alergijos ar maisto netoleravimo simptom\u0173. Pagrindinis baltym\u0173 \u0161altinis \u2013 vabzd\u017ei\u0173 baltymai, kurie yra itin gerai toleruojami ir hipoalergi\u0161ki.","robots":{"index":"index","follow":"follow","max-snippet":"max-snippet:-1","max-image-preview":"max-image-preview:large","max-video-preview":"max-video-preview:-1"},"canonical":"https:\/\/anivet.lt\/elparduotuve\/produktas\/exclusion-hypoallergenic-sausas-maistas-su-vabzdziu-baltymu-dideliu-vidutiniu-veisliu-sunims\/","og_locale":"lt_LT","og_type":"article","og_title":"Exclusion Hypoallergenic sausas maistas su vabzd\u017ei\u0173 baltymu dideli\u0173 \/ vidutini\u0173 veisli\u0173 \u0161unims","og_description":"\u0160is dietinis pa\u0161aras yra sukurtas vidutini\u0173 ir dideli\u0173 veisli\u0173 suaugusiems \u0161unims, turintiems alergijos ar maisto netoleravimo simptom\u0173. Pagrindinis baltym\u0173 \u0161altinis \u2013 vabzd\u017ei\u0173 baltymai, kurie yra itin gerai toleruojami ir hipoalergi\u0161ki.","og_url":"https:\/\/anivet.lt\/elparduotuve\/produktas\/exclusion-hypoallergenic-sausas-maistas-su-vabzdziu-baltymu-dideliu-vidutiniu-veisliu-sunims\/","og_site_name":"anivet.lt","article_modified_time":"2026-03-03T18:26:18+00:00","og_image":[{"width":600,"height":600,"url":"https:\/\/anivet.lt\/elparduotuve\/wp-content\/uploads\/2023\/07\/Exclusion-Hypoallergenic-sausas-maistas-su-vabzdziais-dideliu-veisliu-sunims.png","type":"image\/png"}],"twitter_card":"summary_large_image","twitter_misc":{"Est. reading time":"1 minut\u0117"},"schema":{"@context":"https:\/\/schema.org","@graph":[{"@type":"WebPage","@id":"https:\/\/anivet.lt\/elparduotuve\/produktas\/exclusion-hypoallergenic-sausas-maistas-su-vabzdziu-baltymu-dideliu-vidutiniu-veisliu-sunims\/","url":"https:\/\/anivet.lt\/elparduotuve\/produktas\/exclusion-hypoallergenic-sausas-maistas-su-vabzdziu-baltymu-dideliu-vidutiniu-veisliu-sunims\/","name":"Exclusion Hypoallergenic sausas maistas su vabzd\u017ei\u0173 baltymu dideli\u0173 \/ vidutini\u0173 veisli\u0173 \u0161unims - anivet.lt","isPartOf":{"@id":"https:\/\/anivet.lt\/elparduotuve\/#website"},"primaryImageOfPage":{"@id":"https:\/\/anivet.lt\/elparduotuve\/produktas\/exclusion-hypoallergenic-sausas-maistas-su-vabzdziu-baltymu-dideliu-vidutiniu-veisliu-sunims\/#primaryimage"},"image":{"@id":"https:\/\/anivet.lt\/elparduotuve\/produktas\/exclusion-hypoallergenic-sausas-maistas-su-vabzdziu-baltymu-dideliu-vidutiniu-veisliu-sunims\/#primaryimage"},"thumbnailUrl":"https:\/\/anivet.lt\/elparduotuve\/wp-content\/uploads\/2023\/07\/Exclusion-Hypoallergenic-sausas-maistas-su-vabzdziais-dideliu-veisliu-sunims.png","datePublished":"2023-07-23T18:34:48+00:00","dateModified":"2026-03-03T18:26:18+00:00","description":"\u0160is dietinis pa\u0161aras yra sukurtas vidutini\u0173 ir dideli\u0173 veisli\u0173 suaugusiems \u0161unims, turintiems alergijos ar maisto netoleravimo simptom\u0173. Pagrindinis baltym\u0173 \u0161altinis \u2013 vabzd\u017ei\u0173 baltymai, kurie yra itin gerai toleruojami ir hipoalergi\u0161ki.","breadcrumb":{"@id":"https:\/\/anivet.lt\/elparduotuve\/produktas\/exclusion-hypoallergenic-sausas-maistas-su-vabzdziu-baltymu-dideliu-vidutiniu-veisliu-sunims\/#breadcrumb"},"inLanguage":"lt-LT","potentialAction":[{"@type":"ReadAction","target":["https:\/\/anivet.lt\/elparduotuve\/produktas\/exclusion-hypoallergenic-sausas-maistas-su-vabzdziu-baltymu-dideliu-vidutiniu-veisliu-sunims\/"]}]},{"@type":"ImageObject","inLanguage":"lt-LT","@id":"https:\/\/anivet.lt\/elparduotuve\/produktas\/exclusion-hypoallergenic-sausas-maistas-su-vabzdziu-baltymu-dideliu-vidutiniu-veisliu-sunims\/#primaryimage","url":"https:\/\/anivet.lt\/elparduotuve\/wp-content\/uploads\/2023\/07\/Exclusion-Hypoallergenic-sausas-maistas-su-vabzdziais-dideliu-veisliu-sunims.png","contentUrl":"https:\/\/anivet.lt\/elparduotuve\/wp-content\/uploads\/2023\/07\/Exclusion-Hypoallergenic-sausas-maistas-su-vabzdziais-dideliu-veisliu-sunims.png","width":600,"height":600,"caption":"Exclusion Hypoallergenic sausas maistas su vabzd\u017ei\u0173 baltymu dideli\u0173 \/ vidutini\u0173 veisli\u0173 \u0161unims"},{"@type":"BreadcrumbList","@id":"https:\/\/anivet.lt\/elparduotuve\/produktas\/exclusion-hypoallergenic-sausas-maistas-su-vabzdziu-baltymu-dideliu-vidutiniu-veisliu-sunims\/#breadcrumb","itemListElement":[{"@type":"ListItem","position":1,"name":"Home","item":"https:\/\/anivet.lt\/elparduotuve\/"},{"@type":"ListItem","position":2,"name":"Produktai","item":"https:\/\/anivet.lt\/elparduotuve\/produktai\/"},{"@type":"ListItem","position":3,"name":"Exclusion Hypoallergenic sausas maistas su vabzd\u017ei\u0173 baltymu dideli\u0173 \/ vidutini\u0173 veisli\u0173 \u0161unims"}]},{"@type":"WebSite","@id":"https:\/\/anivet.lt\/elparduotuve\/#website","url":"https:\/\/anivet.lt\/elparduotuve\/","name":"anivet.lt","description":"Viskas J\u016bs\u0173 \u0161uns, kat\u0117s prie\u017ei\u016brai","publisher":{"@id":"https:\/\/anivet.lt\/elparduotuve\/#organization"},"alternateName":"Viskas J\u016bs\u0173 \u0161uns, kat\u0117s prie\u017ei\u016brai","potentialAction":[{"@type":"SearchAction","target":{"@type":"EntryPoint","urlTemplate":"https:\/\/anivet.lt\/elparduotuve\/?s={search_term_string}"},"query-input":{"@type":"PropertyValueSpecification","valueRequired":true,"valueName":"search_term_string"}}],"inLanguage":"lt-LT"},{"@type":"Organization","@id":"https:\/\/anivet.lt\/elparduotuve\/#organization","name":"Viskas J\u016bs\u0173 \u0161uns, kat\u0117s prie\u017ei\u016brai","url":"https:\/\/anivet.lt\/elparduotuve\/","logo":{"@type":"ImageObject","inLanguage":"lt-LT","@id":"https:\/\/anivet.lt\/elparduotuve\/#\/schema\/logo\/image\/","url":"https:\/\/anivet.lt\/elparduotuve\/wp-content\/uploads\/2023\/06\/logo2.jpg","contentUrl":"https:\/\/anivet.lt\/elparduotuve\/wp-content\/uploads\/2023\/06\/logo2.jpg","width":655,"height":194,"caption":"Viskas J\u016bs\u0173 \u0161uns, kat\u0117s prie\u017ei\u016brai"},"image":{"@id":"https:\/\/anivet.lt\/elparduotuve\/#\/schema\/logo\/image\/"}}]}},"_links":{"self":[{"href":"https:\/\/anivet.lt\/elparduotuve\/wp-json\/wp\/v2\/product\/10595","targetHints":{"allow":["GET"]}}],"collection":[{"href":"https:\/\/anivet.lt\/elparduotuve\/wp-json\/wp\/v2\/product"}],"about":[{"href":"https:\/\/anivet.lt\/elparduotuve\/wp-json\/wp\/v2\/types\/product"}],"wp:featuredmedia":[{"embeddable":true,"href":"https:\/\/anivet.lt\/elparduotuve\/wp-json\/wp\/v2\/media\/10598"}],"wp:attachment":[{"href":"https:\/\/anivet.lt\/elparduotuve\/wp-json\/wp\/v2\/media?parent=10595"}],"wp:term":[{"taxonomy":"product_brand","embeddable":true,"href":"https:\/\/anivet.lt\/elparduotuve\/wp-json\/wp\/v2\/product_brand?post=10595"},{"taxonomy":"product_cat","embeddable":true,"href":"https:\/\/anivet.lt\/elparduotuve\/wp-json\/wp\/v2\/product_cat?post=10595"},{"taxonomy":"product_tag","embeddable":true,"href":"https:\/\/anivet.lt\/elparduotuve\/wp-json\/wp\/v2\/product_tag?post=10595"}],"curies":[{"name":"wp","href":"https:\/\/api.w.org\/{rel}","templated":true}]}}