{"id":10596,"date":"2023-07-23T18:39:53","date_gmt":"2023-07-23T18:39:53","guid":{"rendered":"https:\/\/anivet.lt\/elparduotuve\/?post_type=product&#038;p=10596"},"modified":"2025-08-07T10:17:28","modified_gmt":"2025-08-07T10:17:28","slug":"quattro-junior-sausas-jaunu-sunu-pasaras-su-paukstiena-7-kg","status":"publish","type":"product","link":"https:\/\/anivet.lt\/elparduotuve\/produktas\/quattro-junior-sausas-jaunu-sunu-pasaras-su-paukstiena-7-kg\/","title":{"rendered":"QUATTRO Junior sausas jaun\u0173 \u0161un\u0173 pa\u0161aras su pauk\u0161tiena, 7 kg"},"content":{"rendered":"<ul>\n<li style=\"font-weight: 400;\" aria-level=\"1\"><span style=\"font-weight: 400;\">Granul\u0117 su \u0161altyje d\u017eiovinta vi\u0161tiena: I\u0161skirtinis skonis, tinkantis net gurmanams.<\/span><\/li>\n<li style=\"font-weight: 400;\" aria-level=\"1\"><span style=\"font-weight: 400;\">Be kvie\u010di\u0173: Apsaugo nuo galim\u0173 alergij\u0173, susijusi\u0173 su glitimu.<\/span><\/li>\n<li style=\"font-weight: 400;\" aria-level=\"1\"><span style=\"font-weight: 400;\">Prebiotikai sveikai vir\u0161kinimo sistemai: Inulinas, manan-oligosacharidai ir jukos ekstraktas padeda palaikyti \u017earnyno flor\u0105.<\/span><\/li>\n<li style=\"font-weight: 400;\" aria-level=\"1\"><span style=\"font-weight: 400;\">Lengvai vir\u0161kinami ingredientai: U\u017etikrina ger\u0105 vir\u0161kinim\u0105 ir optimali\u0105 i\u0161mat\u0173 kokyb\u0119.<\/span><\/li>\n<li style=\"font-weight: 400;\" aria-level=\"1\"><span style=\"font-weight: 400;\">Sveikas augimas: Auk\u0161tos kokyb\u0117s gyv\u016bnin\u0117s kilm\u0117s baltymai ir riebalai kartu su subalansuotais vitaminais ir mineralais palaiko \u0161uniuko sveik\u0105 vystym\u0105si.<\/span><\/li>\n<\/ul>\n<p><span style=\"font-weight: 400;\">\u0160is pa\u0161aras ne tik pasi\u017eymi auk\u0161ta kokybe, bet ir puikiai prisitaiko prie jaunikli\u0173 poreiki\u0173, u\u017etikrindamas sveik\u0105 vir\u0161kinim\u0105, energij\u0105 ir optimal\u0173 augim\u0105. Be dirbtini\u0173 pried\u0173, su \u0161vie\u017eiais ir nat\u016braliais ingredientais, jis suteikia visk\u0105, ko reikia j\u016bs\u0173 \u0161uniukui kasdienei mitybai.<\/span><\/p>\n","protected":false},"excerpt":{"rendered":"<p><span style=\"font-weight: 400;\">Visavertis sausas maistas, sukurtas 2\u201318 m\u0117nesi\u0173 am\u017eiaus \u0161unims vis\u0173 veisli\u0173 \u0161unims. Granul\u0117s padengtos \u0161altyje d\u017eiovinta vi\u0161tiena, u\u017etikrinan\u010dia nat\u016bral\u0173 skon\u012f ir patinkan\u010di\u0105 net i\u0161rankiausiems \u0161uniukams.<\/span><\/p>\n","protected":false},"featured_media":10597,"template":"","meta":[],"product_brand":[],"product_cat":[101,103,104,320],"product_tag":[],"class_list":{"0":"post-10596","1":"product","2":"type-product","3":"status-publish","4":"has-post-thumbnail","6":"product_cat-sunims","7":"product_cat-sunu-maistas","8":"product_cat-sausas-maistas","9":"product_cat-quattro-sunu-maistas","10":"pa_prekinis-zenklas-quattro","12":"first","13":"instock","14":"taxable","15":"shipping-taxable","16":"purchasable","17":"product-type-simple"},"yoast_head":"<!-- This site is optimized with the Yoast SEO Premium plugin v27.1 (Yoast SEO v27.5) - https:\/\/yoast.com\/product\/yoast-seo-premium-wordpress\/ -->\n<title>QUATTRO Junior sausas jaun\u0173 \u0161un\u0173 pa\u0161aras su pauk\u0161tiena, 7 kg - anivet.lt<\/title>\n<meta name=\"description\" content=\"Visavertis sausas maistas, sukurtas 2\u201318 m\u0117nesi\u0173 am\u017eiaus \u0161unims vis\u0173 veisli\u0173 \u0161unims. Granul\u0117s padengtos \u0161altyje d\u017eiovinta vi\u0161tiena, u\u017etikrinan\u010dia nat\u016bral\u0173 skon\u012f ir patinkan\u010di\u0105 net i\u0161rankiausiems \u0161uniukams.\" \/>\n<meta name=\"robots\" content=\"index, follow, max-snippet:-1, max-image-preview:large, max-video-preview:-1\" \/>\n<link rel=\"canonical\" href=\"https:\/\/anivet.lt\/elparduotuve\/produktas\/quattro-junior-sausas-jaunu-sunu-pasaras-su-paukstiena-7-kg\/\" \/>\n<meta property=\"og:locale\" content=\"lt_LT\" \/>\n<meta property=\"og:type\" content=\"article\" \/>\n<meta property=\"og:title\" content=\"QUATTRO Junior sausas jaun\u0173 \u0161un\u0173 pa\u0161aras su pauk\u0161tiena, 7 kg\" \/>\n<meta property=\"og:description\" content=\"Visavertis sausas maistas, sukurtas 2\u201318 m\u0117nesi\u0173 am\u017eiaus \u0161unims vis\u0173 veisli\u0173 \u0161unims. Granul\u0117s padengtos \u0161altyje d\u017eiovinta vi\u0161tiena, u\u017etikrinan\u010dia nat\u016bral\u0173 skon\u012f ir patinkan\u010di\u0105 net i\u0161rankiausiems \u0161uniukams.\" \/>\n<meta property=\"og:url\" content=\"https:\/\/anivet.lt\/elparduotuve\/produktas\/quattro-junior-sausas-jaunu-sunu-pasaras-su-paukstiena-7-kg\/\" \/>\n<meta property=\"og:site_name\" content=\"anivet.lt\" \/>\n<meta property=\"article:modified_time\" content=\"2025-08-07T10:17:28+00:00\" \/>\n<meta property=\"og:image\" content=\"https:\/\/anivet.lt\/elparduotuve\/wp-content\/uploads\/2023\/07\/QUATTRO-JUNIOR-SU-PAUKSTIENA-SAUSAS-JAUNU-SUNU-PASARAS-7KG.png\" \/>\n\t<meta property=\"og:image:width\" content=\"625\" \/>\n\t<meta property=\"og:image:height\" content=\"794\" \/>\n\t<meta property=\"og:image:type\" content=\"image\/png\" \/>\n<meta name=\"twitter:card\" content=\"summary_large_image\" \/>\n<meta name=\"twitter:label1\" content=\"Est. reading time\" \/>\n\t<meta name=\"twitter:data1\" content=\"1 minut\u0117\" \/>\n<script type=\"application\/ld+json\" class=\"yoast-schema-graph\">{\"@context\":\"https:\\\/\\\/schema.org\",\"@graph\":[{\"@type\":\"WebPage\",\"@id\":\"https:\\\/\\\/anivet.lt\\\/elparduotuve\\\/produktas\\\/quattro-junior-sausas-jaunu-sunu-pasaras-su-paukstiena-7-kg\\\/\",\"url\":\"https:\\\/\\\/anivet.lt\\\/elparduotuve\\\/produktas\\\/quattro-junior-sausas-jaunu-sunu-pasaras-su-paukstiena-7-kg\\\/\",\"name\":\"QUATTRO Junior sausas jaun\u0173 \u0161un\u0173 pa\u0161aras su pauk\u0161tiena, 7 kg - anivet.lt\",\"isPartOf\":{\"@id\":\"https:\\\/\\\/anivet.lt\\\/elparduotuve\\\/#website\"},\"primaryImageOfPage\":{\"@id\":\"https:\\\/\\\/anivet.lt\\\/elparduotuve\\\/produktas\\\/quattro-junior-sausas-jaunu-sunu-pasaras-su-paukstiena-7-kg\\\/#primaryimage\"},\"image\":{\"@id\":\"https:\\\/\\\/anivet.lt\\\/elparduotuve\\\/produktas\\\/quattro-junior-sausas-jaunu-sunu-pasaras-su-paukstiena-7-kg\\\/#primaryimage\"},\"thumbnailUrl\":\"https:\\\/\\\/anivet.lt\\\/elparduotuve\\\/wp-content\\\/uploads\\\/2023\\\/07\\\/QUATTRO-JUNIOR-SU-PAUKSTIENA-SAUSAS-JAUNU-SUNU-PASARAS-7KG.png\",\"datePublished\":\"2023-07-23T18:39:53+00:00\",\"dateModified\":\"2025-08-07T10:17:28+00:00\",\"description\":\"Visavertis sausas maistas, sukurtas 2\u201318 m\u0117nesi\u0173 am\u017eiaus \u0161unims vis\u0173 veisli\u0173 \u0161unims. Granul\u0117s padengtos \u0161altyje d\u017eiovinta vi\u0161tiena, u\u017etikrinan\u010dia nat\u016bral\u0173 skon\u012f ir patinkan\u010di\u0105 net i\u0161rankiausiems \u0161uniukams.\",\"breadcrumb\":{\"@id\":\"https:\\\/\\\/anivet.lt\\\/elparduotuve\\\/produktas\\\/quattro-junior-sausas-jaunu-sunu-pasaras-su-paukstiena-7-kg\\\/#breadcrumb\"},\"inLanguage\":\"lt-LT\",\"potentialAction\":[{\"@type\":\"ReadAction\",\"target\":[\"https:\\\/\\\/anivet.lt\\\/elparduotuve\\\/produktas\\\/quattro-junior-sausas-jaunu-sunu-pasaras-su-paukstiena-7-kg\\\/\"]}]},{\"@type\":\"ImageObject\",\"inLanguage\":\"lt-LT\",\"@id\":\"https:\\\/\\\/anivet.lt\\\/elparduotuve\\\/produktas\\\/quattro-junior-sausas-jaunu-sunu-pasaras-su-paukstiena-7-kg\\\/#primaryimage\",\"url\":\"https:\\\/\\\/anivet.lt\\\/elparduotuve\\\/wp-content\\\/uploads\\\/2023\\\/07\\\/QUATTRO-JUNIOR-SU-PAUKSTIENA-SAUSAS-JAUNU-SUNU-PASARAS-7KG.png\",\"contentUrl\":\"https:\\\/\\\/anivet.lt\\\/elparduotuve\\\/wp-content\\\/uploads\\\/2023\\\/07\\\/QUATTRO-JUNIOR-SU-PAUKSTIENA-SAUSAS-JAUNU-SUNU-PASARAS-7KG.png\",\"width\":625,\"height\":794,\"caption\":\"QUATTRO Junior sausas jaun\u0173 \u0161un\u0173 pa\u0161aras su pauk\u0161tiena, 7 kg\"},{\"@type\":\"BreadcrumbList\",\"@id\":\"https:\\\/\\\/anivet.lt\\\/elparduotuve\\\/produktas\\\/quattro-junior-sausas-jaunu-sunu-pasaras-su-paukstiena-7-kg\\\/#breadcrumb\",\"itemListElement\":[{\"@type\":\"ListItem\",\"position\":1,\"name\":\"Home\",\"item\":\"https:\\\/\\\/anivet.lt\\\/elparduotuve\\\/\"},{\"@type\":\"ListItem\",\"position\":2,\"name\":\"Produktai\",\"item\":\"https:\\\/\\\/anivet.lt\\\/elparduotuve\\\/produktai\\\/\"},{\"@type\":\"ListItem\",\"position\":3,\"name\":\"QUATTRO Junior sausas jaun\u0173 \u0161un\u0173 pa\u0161aras su pauk\u0161tiena, 7 kg\"}]},{\"@type\":\"WebSite\",\"@id\":\"https:\\\/\\\/anivet.lt\\\/elparduotuve\\\/#website\",\"url\":\"https:\\\/\\\/anivet.lt\\\/elparduotuve\\\/\",\"name\":\"anivet.lt\",\"description\":\"Viskas J\u016bs\u0173 \u0161uns, kat\u0117s prie\u017ei\u016brai\",\"publisher\":{\"@id\":\"https:\\\/\\\/anivet.lt\\\/elparduotuve\\\/#organization\"},\"alternateName\":\"Viskas J\u016bs\u0173 \u0161uns, kat\u0117s prie\u017ei\u016brai\",\"potentialAction\":[{\"@type\":\"SearchAction\",\"target\":{\"@type\":\"EntryPoint\",\"urlTemplate\":\"https:\\\/\\\/anivet.lt\\\/elparduotuve\\\/?s={search_term_string}\"},\"query-input\":{\"@type\":\"PropertyValueSpecification\",\"valueRequired\":true,\"valueName\":\"search_term_string\"}}],\"inLanguage\":\"lt-LT\"},{\"@type\":\"Organization\",\"@id\":\"https:\\\/\\\/anivet.lt\\\/elparduotuve\\\/#organization\",\"name\":\"Viskas J\u016bs\u0173 \u0161uns, kat\u0117s prie\u017ei\u016brai\",\"url\":\"https:\\\/\\\/anivet.lt\\\/elparduotuve\\\/\",\"logo\":{\"@type\":\"ImageObject\",\"inLanguage\":\"lt-LT\",\"@id\":\"https:\\\/\\\/anivet.lt\\\/elparduotuve\\\/#\\\/schema\\\/logo\\\/image\\\/\",\"url\":\"https:\\\/\\\/anivet.lt\\\/elparduotuve\\\/wp-content\\\/uploads\\\/2023\\\/06\\\/logo2.jpg\",\"contentUrl\":\"https:\\\/\\\/anivet.lt\\\/elparduotuve\\\/wp-content\\\/uploads\\\/2023\\\/06\\\/logo2.jpg\",\"width\":655,\"height\":194,\"caption\":\"Viskas J\u016bs\u0173 \u0161uns, kat\u0117s prie\u017ei\u016brai\"},\"image\":{\"@id\":\"https:\\\/\\\/anivet.lt\\\/elparduotuve\\\/#\\\/schema\\\/logo\\\/image\\\/\"}}]}<\/script>\n<!-- \/ Yoast SEO Premium plugin. -->","yoast_head_json":{"title":"QUATTRO Junior sausas jaun\u0173 \u0161un\u0173 pa\u0161aras su pauk\u0161tiena, 7 kg - anivet.lt","description":"Visavertis sausas maistas, sukurtas 2\u201318 m\u0117nesi\u0173 am\u017eiaus \u0161unims vis\u0173 veisli\u0173 \u0161unims. Granul\u0117s padengtos \u0161altyje d\u017eiovinta vi\u0161tiena, u\u017etikrinan\u010dia nat\u016bral\u0173 skon\u012f ir patinkan\u010di\u0105 net i\u0161rankiausiems \u0161uniukams.","robots":{"index":"index","follow":"follow","max-snippet":"max-snippet:-1","max-image-preview":"max-image-preview:large","max-video-preview":"max-video-preview:-1"},"canonical":"https:\/\/anivet.lt\/elparduotuve\/produktas\/quattro-junior-sausas-jaunu-sunu-pasaras-su-paukstiena-7-kg\/","og_locale":"lt_LT","og_type":"article","og_title":"QUATTRO Junior sausas jaun\u0173 \u0161un\u0173 pa\u0161aras su pauk\u0161tiena, 7 kg","og_description":"Visavertis sausas maistas, sukurtas 2\u201318 m\u0117nesi\u0173 am\u017eiaus \u0161unims vis\u0173 veisli\u0173 \u0161unims. Granul\u0117s padengtos \u0161altyje d\u017eiovinta vi\u0161tiena, u\u017etikrinan\u010dia nat\u016bral\u0173 skon\u012f ir patinkan\u010di\u0105 net i\u0161rankiausiems \u0161uniukams.","og_url":"https:\/\/anivet.lt\/elparduotuve\/produktas\/quattro-junior-sausas-jaunu-sunu-pasaras-su-paukstiena-7-kg\/","og_site_name":"anivet.lt","article_modified_time":"2025-08-07T10:17:28+00:00","og_image":[{"width":625,"height":794,"url":"https:\/\/anivet.lt\/elparduotuve\/wp-content\/uploads\/2023\/07\/QUATTRO-JUNIOR-SU-PAUKSTIENA-SAUSAS-JAUNU-SUNU-PASARAS-7KG.png","type":"image\/png"}],"twitter_card":"summary_large_image","twitter_misc":{"Est. reading time":"1 minut\u0117"},"schema":{"@context":"https:\/\/schema.org","@graph":[{"@type":"WebPage","@id":"https:\/\/anivet.lt\/elparduotuve\/produktas\/quattro-junior-sausas-jaunu-sunu-pasaras-su-paukstiena-7-kg\/","url":"https:\/\/anivet.lt\/elparduotuve\/produktas\/quattro-junior-sausas-jaunu-sunu-pasaras-su-paukstiena-7-kg\/","name":"QUATTRO Junior sausas jaun\u0173 \u0161un\u0173 pa\u0161aras su pauk\u0161tiena, 7 kg - anivet.lt","isPartOf":{"@id":"https:\/\/anivet.lt\/elparduotuve\/#website"},"primaryImageOfPage":{"@id":"https:\/\/anivet.lt\/elparduotuve\/produktas\/quattro-junior-sausas-jaunu-sunu-pasaras-su-paukstiena-7-kg\/#primaryimage"},"image":{"@id":"https:\/\/anivet.lt\/elparduotuve\/produktas\/quattro-junior-sausas-jaunu-sunu-pasaras-su-paukstiena-7-kg\/#primaryimage"},"thumbnailUrl":"https:\/\/anivet.lt\/elparduotuve\/wp-content\/uploads\/2023\/07\/QUATTRO-JUNIOR-SU-PAUKSTIENA-SAUSAS-JAUNU-SUNU-PASARAS-7KG.png","datePublished":"2023-07-23T18:39:53+00:00","dateModified":"2025-08-07T10:17:28+00:00","description":"Visavertis sausas maistas, sukurtas 2\u201318 m\u0117nesi\u0173 am\u017eiaus \u0161unims vis\u0173 veisli\u0173 \u0161unims. Granul\u0117s padengtos \u0161altyje d\u017eiovinta vi\u0161tiena, u\u017etikrinan\u010dia nat\u016bral\u0173 skon\u012f ir patinkan\u010di\u0105 net i\u0161rankiausiems \u0161uniukams.","breadcrumb":{"@id":"https:\/\/anivet.lt\/elparduotuve\/produktas\/quattro-junior-sausas-jaunu-sunu-pasaras-su-paukstiena-7-kg\/#breadcrumb"},"inLanguage":"lt-LT","potentialAction":[{"@type":"ReadAction","target":["https:\/\/anivet.lt\/elparduotuve\/produktas\/quattro-junior-sausas-jaunu-sunu-pasaras-su-paukstiena-7-kg\/"]}]},{"@type":"ImageObject","inLanguage":"lt-LT","@id":"https:\/\/anivet.lt\/elparduotuve\/produktas\/quattro-junior-sausas-jaunu-sunu-pasaras-su-paukstiena-7-kg\/#primaryimage","url":"https:\/\/anivet.lt\/elparduotuve\/wp-content\/uploads\/2023\/07\/QUATTRO-JUNIOR-SU-PAUKSTIENA-SAUSAS-JAUNU-SUNU-PASARAS-7KG.png","contentUrl":"https:\/\/anivet.lt\/elparduotuve\/wp-content\/uploads\/2023\/07\/QUATTRO-JUNIOR-SU-PAUKSTIENA-SAUSAS-JAUNU-SUNU-PASARAS-7KG.png","width":625,"height":794,"caption":"QUATTRO Junior sausas jaun\u0173 \u0161un\u0173 pa\u0161aras su pauk\u0161tiena, 7 kg"},{"@type":"BreadcrumbList","@id":"https:\/\/anivet.lt\/elparduotuve\/produktas\/quattro-junior-sausas-jaunu-sunu-pasaras-su-paukstiena-7-kg\/#breadcrumb","itemListElement":[{"@type":"ListItem","position":1,"name":"Home","item":"https:\/\/anivet.lt\/elparduotuve\/"},{"@type":"ListItem","position":2,"name":"Produktai","item":"https:\/\/anivet.lt\/elparduotuve\/produktai\/"},{"@type":"ListItem","position":3,"name":"QUATTRO Junior sausas jaun\u0173 \u0161un\u0173 pa\u0161aras su pauk\u0161tiena, 7 kg"}]},{"@type":"WebSite","@id":"https:\/\/anivet.lt\/elparduotuve\/#website","url":"https:\/\/anivet.lt\/elparduotuve\/","name":"anivet.lt","description":"Viskas J\u016bs\u0173 \u0161uns, kat\u0117s prie\u017ei\u016brai","publisher":{"@id":"https:\/\/anivet.lt\/elparduotuve\/#organization"},"alternateName":"Viskas J\u016bs\u0173 \u0161uns, kat\u0117s prie\u017ei\u016brai","potentialAction":[{"@type":"SearchAction","target":{"@type":"EntryPoint","urlTemplate":"https:\/\/anivet.lt\/elparduotuve\/?s={search_term_string}"},"query-input":{"@type":"PropertyValueSpecification","valueRequired":true,"valueName":"search_term_string"}}],"inLanguage":"lt-LT"},{"@type":"Organization","@id":"https:\/\/anivet.lt\/elparduotuve\/#organization","name":"Viskas J\u016bs\u0173 \u0161uns, kat\u0117s prie\u017ei\u016brai","url":"https:\/\/anivet.lt\/elparduotuve\/","logo":{"@type":"ImageObject","inLanguage":"lt-LT","@id":"https:\/\/anivet.lt\/elparduotuve\/#\/schema\/logo\/image\/","url":"https:\/\/anivet.lt\/elparduotuve\/wp-content\/uploads\/2023\/06\/logo2.jpg","contentUrl":"https:\/\/anivet.lt\/elparduotuve\/wp-content\/uploads\/2023\/06\/logo2.jpg","width":655,"height":194,"caption":"Viskas J\u016bs\u0173 \u0161uns, kat\u0117s prie\u017ei\u016brai"},"image":{"@id":"https:\/\/anivet.lt\/elparduotuve\/#\/schema\/logo\/image\/"}}]}},"_links":{"self":[{"href":"https:\/\/anivet.lt\/elparduotuve\/wp-json\/wp\/v2\/product\/10596","targetHints":{"allow":["GET"]}}],"collection":[{"href":"https:\/\/anivet.lt\/elparduotuve\/wp-json\/wp\/v2\/product"}],"about":[{"href":"https:\/\/anivet.lt\/elparduotuve\/wp-json\/wp\/v2\/types\/product"}],"wp:featuredmedia":[{"embeddable":true,"href":"https:\/\/anivet.lt\/elparduotuve\/wp-json\/wp\/v2\/media\/10597"}],"wp:attachment":[{"href":"https:\/\/anivet.lt\/elparduotuve\/wp-json\/wp\/v2\/media?parent=10596"}],"wp:term":[{"taxonomy":"product_brand","embeddable":true,"href":"https:\/\/anivet.lt\/elparduotuve\/wp-json\/wp\/v2\/product_brand?post=10596"},{"taxonomy":"product_cat","embeddable":true,"href":"https:\/\/anivet.lt\/elparduotuve\/wp-json\/wp\/v2\/product_cat?post=10596"},{"taxonomy":"product_tag","embeddable":true,"href":"https:\/\/anivet.lt\/elparduotuve\/wp-json\/wp\/v2\/product_tag?post=10596"}],"curies":[{"name":"wp","href":"https:\/\/api.w.org\/{rel}","templated":true}]}}