{"id":10599,"date":"2023-07-23T19:12:33","date_gmt":"2023-07-23T19:12:33","guid":{"rendered":"https:\/\/anivet.lt\/elparduotuve\/?post_type=product&#038;p=10599"},"modified":"2025-05-27T13:13:46","modified_gmt":"2025-05-27T13:13:46","slug":"quattro-small-breed-senior-and-diet-sausas-begrudis-maistas-su-balta-zuvimi","status":"publish","type":"product","link":"https:\/\/anivet.lt\/elparduotuve\/produktas\/quattro-small-breed-senior-and-diet-sausas-begrudis-maistas-su-balta-zuvimi\/","title":{"rendered":"QUATTRO Small Breed Senior and Diet sausas begr\u016bdis maistas su balta \u017euvimi"},"content":{"rendered":"<ul>\n<li style=\"font-weight: 400;\" aria-level=\"1\"><span style=\"font-weight: 400;\">Svorio kontrol\u0117: L-karnitinas skatina riebal\u0173 apykait\u0105, o skaidulos suteikia sotumo jausm\u0105.<\/span><\/li>\n<li style=\"font-weight: 400;\" aria-level=\"1\"><span style=\"font-weight: 400;\">Pagalba sen\u0117jimui: Antioksidantai i\u0161 \u017eoleli\u0173 ir vaisi\u0173 ekstrakt\u0173 l\u0117tina l\u0105steli\u0173 sen\u0117jim\u0105.<\/span><\/li>\n<li style=\"font-weight: 400;\" aria-level=\"1\"><span style=\"font-weight: 400;\">Pa\u017einimo palaikymas: Omega-3 r\u016bg\u0161tys i\u0161 Antarkties krilio gerina smegen\u0173 veikl\u0105.<\/span><\/li>\n<li style=\"font-weight: 400;\" aria-level=\"1\"><span style=\"font-weight: 400;\">Be gr\u016bd\u0173: Lengvai vir\u0161kinamas pa\u0161aras, puikiai tinka jautriai vir\u0161kinimo sistemai.<\/span><\/li>\n<li style=\"font-weight: 400;\" aria-level=\"1\"><span style=\"font-weight: 400;\">Auk\u0161tos kokyb\u0117s ingredientai: Naudojami visi gyv\u016bnin\u0117s kilm\u0117s ingredientai (m\u0117sa, kaulai, kremzl\u0117s, organai) suteikia svarbiausias maistines med\u017eiagas.<\/span><\/li>\n<li style=\"font-weight: 400;\" aria-level=\"1\"><span style=\"font-weight: 400;\">Skani tekst\u016bra: Inovatyvi \u201efreeze-dried meat coated\u201c technologija padengia granules liofilizuota m\u0117sa, u\u017etikrindama puik\u0173 skon\u012f.<\/span><\/li>\n<\/ul>\n<p><span style=\"font-weight: 400;\">Idealus pasirinkimas vyresniems ma\u017e\u0173 veisli\u0173 \u0161unims, u\u017etikrinantis optimali\u0105 sveikat\u0105, tinkam\u0105 svor\u012f ir kokybi\u0161k\u0105 sen\u0117jim\u0105. \u0160is pa\u0161aras subalansuoja mityb\u0105, padeda i\u0161vengti antsvorio ir palaiko gyvybingum\u0105. Puikus sprendimas jautriai vir\u0161kinimo sistemai ir kasdienei \u0161uns gerovei.<\/span><\/p>\n","protected":false},"excerpt":{"rendered":"<p>Skirtas: vyresniems nei 10 met\u0173 \u0161unims ir \u0161unims, kurie link\u0119 priaugti svorio.<\/p>\n","protected":false},"featured_media":10600,"template":"","meta":[],"product_brand":[],"product_cat":[101,103,104,320],"product_tag":[],"class_list":{"0":"post-10599","1":"product","2":"type-product","3":"status-publish","4":"has-post-thumbnail","6":"product_cat-sunims","7":"product_cat-sunu-maistas","8":"product_cat-sausas-maistas","9":"product_cat-quattro-sunu-maistas","10":"pa_prekinis-zenklas-quattro","12":"first","13":"instock","14":"taxable","15":"shipping-taxable","16":"purchasable","17":"product-type-variable"},"yoast_head":"<!-- This site is optimized with the Yoast SEO Premium plugin v27.1 (Yoast SEO v27.3) - https:\/\/yoast.com\/product\/yoast-seo-premium-wordpress\/ -->\n<title>QUATTRO Small Breed Senior and Diet sausas begr\u016bdis maistas su balta \u017euvimi - anivet.lt<\/title>\n<meta name=\"description\" content=\"Skirtas: vyresniems nei 10 met\u0173 \u0161unims ir \u0161unims, kurie link\u0119 priaugti svorio.\" \/>\n<meta name=\"robots\" content=\"index, follow, max-snippet:-1, max-image-preview:large, max-video-preview:-1\" \/>\n<link rel=\"canonical\" href=\"https:\/\/anivet.lt\/elparduotuve\/produktas\/quattro-small-breed-senior-and-diet-sausas-begrudis-maistas-su-balta-zuvimi\/\" \/>\n<meta property=\"og:locale\" content=\"lt_LT\" \/>\n<meta property=\"og:type\" content=\"article\" \/>\n<meta property=\"og:title\" content=\"QUATTRO Small Breed Senior and Diet sausas begr\u016bdis maistas su balta \u017euvimi\" \/>\n<meta property=\"og:description\" content=\"Skirtas: vyresniems nei 10 met\u0173 \u0161unims ir \u0161unims, kurie link\u0119 priaugti svorio.\" \/>\n<meta property=\"og:url\" content=\"https:\/\/anivet.lt\/elparduotuve\/produktas\/quattro-small-breed-senior-and-diet-sausas-begrudis-maistas-su-balta-zuvimi\/\" \/>\n<meta property=\"og:site_name\" content=\"anivet.lt\" \/>\n<meta property=\"article:modified_time\" content=\"2025-05-27T13:13:46+00:00\" \/>\n<meta property=\"og:image\" content=\"https:\/\/anivet.lt\/elparduotuve\/wp-content\/uploads\/2023\/07\/SMALL-BREED-SENIOR-AND-DIET-SAUSAS-BEGRUDIS-MAISTAS-SU-BALTA-ZUVIMI-15-KG.jpg\" \/>\n\t<meta property=\"og:image:width\" content=\"625\" \/>\n\t<meta property=\"og:image:height\" content=\"794\" \/>\n\t<meta property=\"og:image:type\" content=\"image\/jpeg\" \/>\n<meta name=\"twitter:card\" content=\"summary_large_image\" \/>\n<meta name=\"twitter:label1\" content=\"Est. reading time\" \/>\n\t<meta name=\"twitter:data1\" content=\"2 minut\u0117s\" \/>\n<script type=\"application\/ld+json\" class=\"yoast-schema-graph\">{\"@context\":\"https:\\\/\\\/schema.org\",\"@graph\":[{\"@type\":\"WebPage\",\"@id\":\"https:\\\/\\\/anivet.lt\\\/elparduotuve\\\/produktas\\\/quattro-small-breed-senior-and-diet-sausas-begrudis-maistas-su-balta-zuvimi\\\/\",\"url\":\"https:\\\/\\\/anivet.lt\\\/elparduotuve\\\/produktas\\\/quattro-small-breed-senior-and-diet-sausas-begrudis-maistas-su-balta-zuvimi\\\/\",\"name\":\"QUATTRO Small Breed Senior and Diet sausas begr\u016bdis maistas su balta \u017euvimi - anivet.lt\",\"isPartOf\":{\"@id\":\"https:\\\/\\\/anivet.lt\\\/elparduotuve\\\/#website\"},\"primaryImageOfPage\":{\"@id\":\"https:\\\/\\\/anivet.lt\\\/elparduotuve\\\/produktas\\\/quattro-small-breed-senior-and-diet-sausas-begrudis-maistas-su-balta-zuvimi\\\/#primaryimage\"},\"image\":{\"@id\":\"https:\\\/\\\/anivet.lt\\\/elparduotuve\\\/produktas\\\/quattro-small-breed-senior-and-diet-sausas-begrudis-maistas-su-balta-zuvimi\\\/#primaryimage\"},\"thumbnailUrl\":\"https:\\\/\\\/anivet.lt\\\/elparduotuve\\\/wp-content\\\/uploads\\\/2023\\\/07\\\/SMALL-BREED-SENIOR-AND-DIET-SAUSAS-BEGRUDIS-MAISTAS-SU-BALTA-ZUVIMI-15-KG.jpg\",\"datePublished\":\"2023-07-23T19:12:33+00:00\",\"dateModified\":\"2025-05-27T13:13:46+00:00\",\"description\":\"Skirtas: vyresniems nei 10 met\u0173 \u0161unims ir \u0161unims, kurie link\u0119 priaugti svorio.\",\"breadcrumb\":{\"@id\":\"https:\\\/\\\/anivet.lt\\\/elparduotuve\\\/produktas\\\/quattro-small-breed-senior-and-diet-sausas-begrudis-maistas-su-balta-zuvimi\\\/#breadcrumb\"},\"inLanguage\":\"lt-LT\",\"potentialAction\":[{\"@type\":\"ReadAction\",\"target\":[\"https:\\\/\\\/anivet.lt\\\/elparduotuve\\\/produktas\\\/quattro-small-breed-senior-and-diet-sausas-begrudis-maistas-su-balta-zuvimi\\\/\"]}]},{\"@type\":\"ImageObject\",\"inLanguage\":\"lt-LT\",\"@id\":\"https:\\\/\\\/anivet.lt\\\/elparduotuve\\\/produktas\\\/quattro-small-breed-senior-and-diet-sausas-begrudis-maistas-su-balta-zuvimi\\\/#primaryimage\",\"url\":\"https:\\\/\\\/anivet.lt\\\/elparduotuve\\\/wp-content\\\/uploads\\\/2023\\\/07\\\/SMALL-BREED-SENIOR-AND-DIET-SAUSAS-BEGRUDIS-MAISTAS-SU-BALTA-ZUVIMI-15-KG.jpg\",\"contentUrl\":\"https:\\\/\\\/anivet.lt\\\/elparduotuve\\\/wp-content\\\/uploads\\\/2023\\\/07\\\/SMALL-BREED-SENIOR-AND-DIET-SAUSAS-BEGRUDIS-MAISTAS-SU-BALTA-ZUVIMI-15-KG.jpg\",\"width\":625,\"height\":794,\"caption\":\"QUATTRO Small Breed Senior and Diet sausas begr\u016bdis maistas su balta \u017euvimi\"},{\"@type\":\"BreadcrumbList\",\"@id\":\"https:\\\/\\\/anivet.lt\\\/elparduotuve\\\/produktas\\\/quattro-small-breed-senior-and-diet-sausas-begrudis-maistas-su-balta-zuvimi\\\/#breadcrumb\",\"itemListElement\":[{\"@type\":\"ListItem\",\"position\":1,\"name\":\"Home\",\"item\":\"https:\\\/\\\/anivet.lt\\\/elparduotuve\\\/\"},{\"@type\":\"ListItem\",\"position\":2,\"name\":\"Produktai\",\"item\":\"https:\\\/\\\/anivet.lt\\\/elparduotuve\\\/produktai\\\/\"},{\"@type\":\"ListItem\",\"position\":3,\"name\":\"QUATTRO Small Breed Senior and Diet sausas begr\u016bdis maistas su balta \u017euvimi\"}]},{\"@type\":\"WebSite\",\"@id\":\"https:\\\/\\\/anivet.lt\\\/elparduotuve\\\/#website\",\"url\":\"https:\\\/\\\/anivet.lt\\\/elparduotuve\\\/\",\"name\":\"anivet.lt\",\"description\":\"Viskas J\u016bs\u0173 \u0161uns, kat\u0117s prie\u017ei\u016brai\",\"publisher\":{\"@id\":\"https:\\\/\\\/anivet.lt\\\/elparduotuve\\\/#organization\"},\"alternateName\":\"Viskas J\u016bs\u0173 \u0161uns, kat\u0117s prie\u017ei\u016brai\",\"potentialAction\":[{\"@type\":\"SearchAction\",\"target\":{\"@type\":\"EntryPoint\",\"urlTemplate\":\"https:\\\/\\\/anivet.lt\\\/elparduotuve\\\/?s={search_term_string}\"},\"query-input\":{\"@type\":\"PropertyValueSpecification\",\"valueRequired\":true,\"valueName\":\"search_term_string\"}}],\"inLanguage\":\"lt-LT\"},{\"@type\":\"Organization\",\"@id\":\"https:\\\/\\\/anivet.lt\\\/elparduotuve\\\/#organization\",\"name\":\"Viskas J\u016bs\u0173 \u0161uns, kat\u0117s prie\u017ei\u016brai\",\"url\":\"https:\\\/\\\/anivet.lt\\\/elparduotuve\\\/\",\"logo\":{\"@type\":\"ImageObject\",\"inLanguage\":\"lt-LT\",\"@id\":\"https:\\\/\\\/anivet.lt\\\/elparduotuve\\\/#\\\/schema\\\/logo\\\/image\\\/\",\"url\":\"https:\\\/\\\/anivet.lt\\\/elparduotuve\\\/wp-content\\\/uploads\\\/2023\\\/06\\\/logo2.jpg\",\"contentUrl\":\"https:\\\/\\\/anivet.lt\\\/elparduotuve\\\/wp-content\\\/uploads\\\/2023\\\/06\\\/logo2.jpg\",\"width\":655,\"height\":194,\"caption\":\"Viskas J\u016bs\u0173 \u0161uns, kat\u0117s prie\u017ei\u016brai\"},\"image\":{\"@id\":\"https:\\\/\\\/anivet.lt\\\/elparduotuve\\\/#\\\/schema\\\/logo\\\/image\\\/\"}}]}<\/script>\n<!-- \/ Yoast SEO Premium plugin. -->","yoast_head_json":{"title":"QUATTRO Small Breed Senior and Diet sausas begr\u016bdis maistas su balta \u017euvimi - anivet.lt","description":"Skirtas: vyresniems nei 10 met\u0173 \u0161unims ir \u0161unims, kurie link\u0119 priaugti svorio.","robots":{"index":"index","follow":"follow","max-snippet":"max-snippet:-1","max-image-preview":"max-image-preview:large","max-video-preview":"max-video-preview:-1"},"canonical":"https:\/\/anivet.lt\/elparduotuve\/produktas\/quattro-small-breed-senior-and-diet-sausas-begrudis-maistas-su-balta-zuvimi\/","og_locale":"lt_LT","og_type":"article","og_title":"QUATTRO Small Breed Senior and Diet sausas begr\u016bdis maistas su balta \u017euvimi","og_description":"Skirtas: vyresniems nei 10 met\u0173 \u0161unims ir \u0161unims, kurie link\u0119 priaugti svorio.","og_url":"https:\/\/anivet.lt\/elparduotuve\/produktas\/quattro-small-breed-senior-and-diet-sausas-begrudis-maistas-su-balta-zuvimi\/","og_site_name":"anivet.lt","article_modified_time":"2025-05-27T13:13:46+00:00","og_image":[{"width":625,"height":794,"url":"https:\/\/anivet.lt\/elparduotuve\/wp-content\/uploads\/2023\/07\/SMALL-BREED-SENIOR-AND-DIET-SAUSAS-BEGRUDIS-MAISTAS-SU-BALTA-ZUVIMI-15-KG.jpg","type":"image\/jpeg"}],"twitter_card":"summary_large_image","twitter_misc":{"Est. reading time":"2 minut\u0117s"},"schema":{"@context":"https:\/\/schema.org","@graph":[{"@type":"WebPage","@id":"https:\/\/anivet.lt\/elparduotuve\/produktas\/quattro-small-breed-senior-and-diet-sausas-begrudis-maistas-su-balta-zuvimi\/","url":"https:\/\/anivet.lt\/elparduotuve\/produktas\/quattro-small-breed-senior-and-diet-sausas-begrudis-maistas-su-balta-zuvimi\/","name":"QUATTRO Small Breed Senior and Diet sausas begr\u016bdis maistas su balta \u017euvimi - anivet.lt","isPartOf":{"@id":"https:\/\/anivet.lt\/elparduotuve\/#website"},"primaryImageOfPage":{"@id":"https:\/\/anivet.lt\/elparduotuve\/produktas\/quattro-small-breed-senior-and-diet-sausas-begrudis-maistas-su-balta-zuvimi\/#primaryimage"},"image":{"@id":"https:\/\/anivet.lt\/elparduotuve\/produktas\/quattro-small-breed-senior-and-diet-sausas-begrudis-maistas-su-balta-zuvimi\/#primaryimage"},"thumbnailUrl":"https:\/\/anivet.lt\/elparduotuve\/wp-content\/uploads\/2023\/07\/SMALL-BREED-SENIOR-AND-DIET-SAUSAS-BEGRUDIS-MAISTAS-SU-BALTA-ZUVIMI-15-KG.jpg","datePublished":"2023-07-23T19:12:33+00:00","dateModified":"2025-05-27T13:13:46+00:00","description":"Skirtas: vyresniems nei 10 met\u0173 \u0161unims ir \u0161unims, kurie link\u0119 priaugti svorio.","breadcrumb":{"@id":"https:\/\/anivet.lt\/elparduotuve\/produktas\/quattro-small-breed-senior-and-diet-sausas-begrudis-maistas-su-balta-zuvimi\/#breadcrumb"},"inLanguage":"lt-LT","potentialAction":[{"@type":"ReadAction","target":["https:\/\/anivet.lt\/elparduotuve\/produktas\/quattro-small-breed-senior-and-diet-sausas-begrudis-maistas-su-balta-zuvimi\/"]}]},{"@type":"ImageObject","inLanguage":"lt-LT","@id":"https:\/\/anivet.lt\/elparduotuve\/produktas\/quattro-small-breed-senior-and-diet-sausas-begrudis-maistas-su-balta-zuvimi\/#primaryimage","url":"https:\/\/anivet.lt\/elparduotuve\/wp-content\/uploads\/2023\/07\/SMALL-BREED-SENIOR-AND-DIET-SAUSAS-BEGRUDIS-MAISTAS-SU-BALTA-ZUVIMI-15-KG.jpg","contentUrl":"https:\/\/anivet.lt\/elparduotuve\/wp-content\/uploads\/2023\/07\/SMALL-BREED-SENIOR-AND-DIET-SAUSAS-BEGRUDIS-MAISTAS-SU-BALTA-ZUVIMI-15-KG.jpg","width":625,"height":794,"caption":"QUATTRO Small Breed Senior and Diet sausas begr\u016bdis maistas su balta \u017euvimi"},{"@type":"BreadcrumbList","@id":"https:\/\/anivet.lt\/elparduotuve\/produktas\/quattro-small-breed-senior-and-diet-sausas-begrudis-maistas-su-balta-zuvimi\/#breadcrumb","itemListElement":[{"@type":"ListItem","position":1,"name":"Home","item":"https:\/\/anivet.lt\/elparduotuve\/"},{"@type":"ListItem","position":2,"name":"Produktai","item":"https:\/\/anivet.lt\/elparduotuve\/produktai\/"},{"@type":"ListItem","position":3,"name":"QUATTRO Small Breed Senior and Diet sausas begr\u016bdis maistas su balta \u017euvimi"}]},{"@type":"WebSite","@id":"https:\/\/anivet.lt\/elparduotuve\/#website","url":"https:\/\/anivet.lt\/elparduotuve\/","name":"anivet.lt","description":"Viskas J\u016bs\u0173 \u0161uns, kat\u0117s prie\u017ei\u016brai","publisher":{"@id":"https:\/\/anivet.lt\/elparduotuve\/#organization"},"alternateName":"Viskas J\u016bs\u0173 \u0161uns, kat\u0117s prie\u017ei\u016brai","potentialAction":[{"@type":"SearchAction","target":{"@type":"EntryPoint","urlTemplate":"https:\/\/anivet.lt\/elparduotuve\/?s={search_term_string}"},"query-input":{"@type":"PropertyValueSpecification","valueRequired":true,"valueName":"search_term_string"}}],"inLanguage":"lt-LT"},{"@type":"Organization","@id":"https:\/\/anivet.lt\/elparduotuve\/#organization","name":"Viskas J\u016bs\u0173 \u0161uns, kat\u0117s prie\u017ei\u016brai","url":"https:\/\/anivet.lt\/elparduotuve\/","logo":{"@type":"ImageObject","inLanguage":"lt-LT","@id":"https:\/\/anivet.lt\/elparduotuve\/#\/schema\/logo\/image\/","url":"https:\/\/anivet.lt\/elparduotuve\/wp-content\/uploads\/2023\/06\/logo2.jpg","contentUrl":"https:\/\/anivet.lt\/elparduotuve\/wp-content\/uploads\/2023\/06\/logo2.jpg","width":655,"height":194,"caption":"Viskas J\u016bs\u0173 \u0161uns, kat\u0117s prie\u017ei\u016brai"},"image":{"@id":"https:\/\/anivet.lt\/elparduotuve\/#\/schema\/logo\/image\/"}}]}},"_links":{"self":[{"href":"https:\/\/anivet.lt\/elparduotuve\/wp-json\/wp\/v2\/product\/10599","targetHints":{"allow":["GET"]}}],"collection":[{"href":"https:\/\/anivet.lt\/elparduotuve\/wp-json\/wp\/v2\/product"}],"about":[{"href":"https:\/\/anivet.lt\/elparduotuve\/wp-json\/wp\/v2\/types\/product"}],"wp:featuredmedia":[{"embeddable":true,"href":"https:\/\/anivet.lt\/elparduotuve\/wp-json\/wp\/v2\/media\/10600"}],"wp:attachment":[{"href":"https:\/\/anivet.lt\/elparduotuve\/wp-json\/wp\/v2\/media?parent=10599"}],"wp:term":[{"taxonomy":"product_brand","embeddable":true,"href":"https:\/\/anivet.lt\/elparduotuve\/wp-json\/wp\/v2\/product_brand?post=10599"},{"taxonomy":"product_cat","embeddable":true,"href":"https:\/\/anivet.lt\/elparduotuve\/wp-json\/wp\/v2\/product_cat?post=10599"},{"taxonomy":"product_tag","embeddable":true,"href":"https:\/\/anivet.lt\/elparduotuve\/wp-json\/wp\/v2\/product_tag?post=10599"}],"curies":[{"name":"wp","href":"https:\/\/api.w.org\/{rel}","templated":true}]}}