{"id":10601,"date":"2023-07-23T19:06:12","date_gmt":"2023-07-23T19:06:12","guid":{"rendered":"https:\/\/anivet.lt\/elparduotuve\/?post_type=product&#038;p=10601"},"modified":"2026-03-31T19:23:41","modified_gmt":"2026-03-31T19:23:41","slug":"exclusion-hypoallergenic-sausas-maistas-su-vabzdziu-baltymu-mazu-veisliu-sunims","status":"publish","type":"product","link":"https:\/\/anivet.lt\/elparduotuve\/produktas\/exclusion-hypoallergenic-sausas-maistas-su-vabzdziu-baltymu-mazu-veisliu-sunims\/","title":{"rendered":"Exclusion Hypoallergenic sausas maistas su vabzd\u017ei\u0173 baltymu ma\u017e\u0173 veisli\u0173 \u0161unims"},"content":{"rendered":"<ul>\n<li style=\"font-weight: 400;\" aria-level=\"1\"><span style=\"font-weight: 400;\">Hipoalerginis sprendimas: Vienintelis baltym\u0173 \u0161altinis \u2013 vabzd\u017ei\u0173 baltymai, ma\u017einantys alergijos rizik\u0105.<\/span><\/li>\n<li style=\"font-weight: 400;\" aria-level=\"1\"><span style=\"font-weight: 400;\">Be gr\u016bd\u0173: Sud\u0117tyje n\u0117ra glitimo, tod\u0117l pa\u0161aras yra lengvai vir\u0161kinamas.<\/span><\/li>\n<li style=\"font-weight: 400;\" aria-level=\"1\"><span style=\"font-weight: 400;\">Sveikai odai ir kailiui: Lin\u0173 s\u0117men\u0173 riebal\u0173 r\u016bg\u0161tys palaiko sveik\u0105 odos b\u016bkl\u0119 ir blizgant\u012f kail\u012f.<\/span><\/li>\n<li style=\"font-weight: 400;\" aria-level=\"1\"><span style=\"font-weight: 400;\">Nat\u016bralus u\u017edegimo ma\u017einimas: Alavijo ekstraktas padeda mal\u0161inti u\u017edegim\u0105 ir palaiko odos sveikat\u0105.<\/span><\/li>\n<li style=\"font-weight: 400;\" aria-level=\"1\"><span style=\"font-weight: 400;\">Ma\u017eas ingredient\u0173 kiekis: Suma\u017eina nepageidaujamas reakcijas \u012f maist\u0105.<\/span><\/li>\n<\/ul>\n<p><span style=\"font-weight: 400;\">\u0160is pa\u0161aras su vabzd\u017ei\u0173 baltymais yra puikus pasirinkimas ma\u017e\u0173 veisli\u0173 \u0161unims, turintiems jautri\u0105 vir\u0161kinimo sistem\u0105 ar alergij\u0173. Lengvai vir\u0161kinama formul\u0117, be gr\u016bd\u0173 ir su nat\u016braliais ingredientais, u\u017etikrina, kad j\u016bs\u0173 augintinis jausis gerai ir gaus visk\u0105, ko reikia sveikai ir subalansuotai mitybai.<\/span><\/p>\n","protected":false},"excerpt":{"rendered":"<p><span style=\"color: #ff0000;\">Galiojimas iki 2026.04.30!<\/span><\/p>\n<p><span style=\"font-weight: 400;\">\u0160is dietinis pa\u0161aras yra specialiai sukurtas ma\u017e\u0173 veisli\u0173 suaugusiems \u0161unims, turintiems alergijos ar maisto netoleravimo po\u017eymi\u0173. Pagrindinis baltym\u0173 \u0161altinis \u2013 vabzd\u017ei\u0173 baltymai, u\u017etikrinantys hipoalergin\u012f poveik\u012f.<\/span><\/p>\n","protected":false},"featured_media":10602,"template":"","meta":[],"product_brand":[],"product_cat":[101,103,107,317],"product_tag":[],"class_list":{"0":"post-10601","1":"product","2":"type-product","3":"status-publish","4":"has-post-thumbnail","6":"product_cat-sunims","7":"product_cat-sunu-maistas","8":"product_cat-veterinarine-dieta","9":"product_cat-exclusion-sunu-maistas","10":"pa_prekinis-zenklas-exclusion","12":"first","13":"instock","14":"sale","15":"taxable","16":"shipping-taxable","17":"purchasable","18":"product-type-simple"},"yoast_head":"<!-- This site is optimized with the Yoast SEO Premium plugin v27.1 (Yoast SEO v27.3) - https:\/\/yoast.com\/product\/yoast-seo-premium-wordpress\/ -->\n<title>Exclusion Hypoallergenic sausas maistas su vabzd\u017ei\u0173 baltymu ma\u017e\u0173 veisli\u0173 \u0161unims - anivet.lt<\/title>\n<meta name=\"description\" content=\"Galiojimas iki 2026.04.30!  \u0160is dietinis pa\u0161aras yra specialiai sukurtas ma\u017e\u0173 veisli\u0173 suaugusiems \u0161unims, turintiems alergijos ar maisto netoleravimo po\u017eymi\u0173. Pagrindinis baltym\u0173 \u0161altinis \u2013 vabzd\u017ei\u0173 baltymai, u\u017etikrinantys hipoalergin\u012f poveik\u012f.\" \/>\n<meta name=\"robots\" content=\"index, follow, max-snippet:-1, max-image-preview:large, max-video-preview:-1\" \/>\n<link rel=\"canonical\" href=\"https:\/\/anivet.lt\/elparduotuve\/produktas\/exclusion-hypoallergenic-sausas-maistas-su-vabzdziu-baltymu-mazu-veisliu-sunims\/\" \/>\n<meta property=\"og:locale\" content=\"lt_LT\" \/>\n<meta property=\"og:type\" content=\"article\" \/>\n<meta property=\"og:title\" content=\"Exclusion Hypoallergenic sausas maistas su vabzd\u017ei\u0173 baltymu ma\u017e\u0173 veisli\u0173 \u0161unims\" \/>\n<meta property=\"og:description\" content=\"Galiojimas iki 2026.04.30!  \u0160is dietinis pa\u0161aras yra specialiai sukurtas ma\u017e\u0173 veisli\u0173 suaugusiems \u0161unims, turintiems alergijos ar maisto netoleravimo po\u017eymi\u0173. Pagrindinis baltym\u0173 \u0161altinis \u2013 vabzd\u017ei\u0173 baltymai, u\u017etikrinantys hipoalergin\u012f poveik\u012f.\" \/>\n<meta property=\"og:url\" content=\"https:\/\/anivet.lt\/elparduotuve\/produktas\/exclusion-hypoallergenic-sausas-maistas-su-vabzdziu-baltymu-mazu-veisliu-sunims\/\" \/>\n<meta property=\"og:site_name\" content=\"anivet.lt\" \/>\n<meta property=\"article:modified_time\" content=\"2026-03-31T19:23:41+00:00\" \/>\n<meta property=\"og:image\" content=\"https:\/\/anivet.lt\/elparduotuve\/wp-content\/uploads\/2023\/07\/Exclusion-Hypoallergenic-sausas-maistas-su-vabzdziais-mazu-veisliu-sunims.png\" \/>\n\t<meta property=\"og:image:width\" content=\"600\" \/>\n\t<meta property=\"og:image:height\" content=\"600\" \/>\n\t<meta property=\"og:image:type\" content=\"image\/png\" \/>\n<meta name=\"twitter:card\" content=\"summary_large_image\" \/>\n<meta name=\"twitter:label1\" content=\"Est. reading time\" \/>\n\t<meta name=\"twitter:data1\" content=\"1 minut\u0117\" \/>\n<script type=\"application\/ld+json\" class=\"yoast-schema-graph\">{\"@context\":\"https:\\\/\\\/schema.org\",\"@graph\":[{\"@type\":\"WebPage\",\"@id\":\"https:\\\/\\\/anivet.lt\\\/elparduotuve\\\/produktas\\\/exclusion-hypoallergenic-sausas-maistas-su-vabzdziu-baltymu-mazu-veisliu-sunims\\\/\",\"url\":\"https:\\\/\\\/anivet.lt\\\/elparduotuve\\\/produktas\\\/exclusion-hypoallergenic-sausas-maistas-su-vabzdziu-baltymu-mazu-veisliu-sunims\\\/\",\"name\":\"Exclusion Hypoallergenic sausas maistas su vabzd\u017ei\u0173 baltymu ma\u017e\u0173 veisli\u0173 \u0161unims - anivet.lt\",\"isPartOf\":{\"@id\":\"https:\\\/\\\/anivet.lt\\\/elparduotuve\\\/#website\"},\"primaryImageOfPage\":{\"@id\":\"https:\\\/\\\/anivet.lt\\\/elparduotuve\\\/produktas\\\/exclusion-hypoallergenic-sausas-maistas-su-vabzdziu-baltymu-mazu-veisliu-sunims\\\/#primaryimage\"},\"image\":{\"@id\":\"https:\\\/\\\/anivet.lt\\\/elparduotuve\\\/produktas\\\/exclusion-hypoallergenic-sausas-maistas-su-vabzdziu-baltymu-mazu-veisliu-sunims\\\/#primaryimage\"},\"thumbnailUrl\":\"https:\\\/\\\/anivet.lt\\\/elparduotuve\\\/wp-content\\\/uploads\\\/2023\\\/07\\\/Exclusion-Hypoallergenic-sausas-maistas-su-vabzdziais-mazu-veisliu-sunims.png\",\"datePublished\":\"2023-07-23T19:06:12+00:00\",\"dateModified\":\"2026-03-31T19:23:41+00:00\",\"description\":\"Galiojimas iki 2026.04.30! \u0160is dietinis pa\u0161aras yra specialiai sukurtas ma\u017e\u0173 veisli\u0173 suaugusiems \u0161unims, turintiems alergijos ar maisto netoleravimo po\u017eymi\u0173. Pagrindinis baltym\u0173 \u0161altinis \u2013 vabzd\u017ei\u0173 baltymai, u\u017etikrinantys hipoalergin\u012f poveik\u012f.\",\"breadcrumb\":{\"@id\":\"https:\\\/\\\/anivet.lt\\\/elparduotuve\\\/produktas\\\/exclusion-hypoallergenic-sausas-maistas-su-vabzdziu-baltymu-mazu-veisliu-sunims\\\/#breadcrumb\"},\"inLanguage\":\"lt-LT\",\"potentialAction\":[{\"@type\":\"ReadAction\",\"target\":[\"https:\\\/\\\/anivet.lt\\\/elparduotuve\\\/produktas\\\/exclusion-hypoallergenic-sausas-maistas-su-vabzdziu-baltymu-mazu-veisliu-sunims\\\/\"]}]},{\"@type\":\"ImageObject\",\"inLanguage\":\"lt-LT\",\"@id\":\"https:\\\/\\\/anivet.lt\\\/elparduotuve\\\/produktas\\\/exclusion-hypoallergenic-sausas-maistas-su-vabzdziu-baltymu-mazu-veisliu-sunims\\\/#primaryimage\",\"url\":\"https:\\\/\\\/anivet.lt\\\/elparduotuve\\\/wp-content\\\/uploads\\\/2023\\\/07\\\/Exclusion-Hypoallergenic-sausas-maistas-su-vabzdziais-mazu-veisliu-sunims.png\",\"contentUrl\":\"https:\\\/\\\/anivet.lt\\\/elparduotuve\\\/wp-content\\\/uploads\\\/2023\\\/07\\\/Exclusion-Hypoallergenic-sausas-maistas-su-vabzdziais-mazu-veisliu-sunims.png\",\"width\":600,\"height\":600,\"caption\":\"Exclusion Hypoallergenic sausas maistas su vabzd\u017ei\u0173 baltymu ma\u017e\u0173 veisli\u0173 \u0161unims\"},{\"@type\":\"BreadcrumbList\",\"@id\":\"https:\\\/\\\/anivet.lt\\\/elparduotuve\\\/produktas\\\/exclusion-hypoallergenic-sausas-maistas-su-vabzdziu-baltymu-mazu-veisliu-sunims\\\/#breadcrumb\",\"itemListElement\":[{\"@type\":\"ListItem\",\"position\":1,\"name\":\"Home\",\"item\":\"https:\\\/\\\/anivet.lt\\\/elparduotuve\\\/\"},{\"@type\":\"ListItem\",\"position\":2,\"name\":\"Produktai\",\"item\":\"https:\\\/\\\/anivet.lt\\\/elparduotuve\\\/produktai\\\/\"},{\"@type\":\"ListItem\",\"position\":3,\"name\":\"Exclusion Hypoallergenic sausas maistas su vabzd\u017ei\u0173 baltymu ma\u017e\u0173 veisli\u0173 \u0161unims\"}]},{\"@type\":\"WebSite\",\"@id\":\"https:\\\/\\\/anivet.lt\\\/elparduotuve\\\/#website\",\"url\":\"https:\\\/\\\/anivet.lt\\\/elparduotuve\\\/\",\"name\":\"anivet.lt\",\"description\":\"Viskas J\u016bs\u0173 \u0161uns, kat\u0117s prie\u017ei\u016brai\",\"publisher\":{\"@id\":\"https:\\\/\\\/anivet.lt\\\/elparduotuve\\\/#organization\"},\"alternateName\":\"Viskas J\u016bs\u0173 \u0161uns, kat\u0117s prie\u017ei\u016brai\",\"potentialAction\":[{\"@type\":\"SearchAction\",\"target\":{\"@type\":\"EntryPoint\",\"urlTemplate\":\"https:\\\/\\\/anivet.lt\\\/elparduotuve\\\/?s={search_term_string}\"},\"query-input\":{\"@type\":\"PropertyValueSpecification\",\"valueRequired\":true,\"valueName\":\"search_term_string\"}}],\"inLanguage\":\"lt-LT\"},{\"@type\":\"Organization\",\"@id\":\"https:\\\/\\\/anivet.lt\\\/elparduotuve\\\/#organization\",\"name\":\"Viskas J\u016bs\u0173 \u0161uns, kat\u0117s prie\u017ei\u016brai\",\"url\":\"https:\\\/\\\/anivet.lt\\\/elparduotuve\\\/\",\"logo\":{\"@type\":\"ImageObject\",\"inLanguage\":\"lt-LT\",\"@id\":\"https:\\\/\\\/anivet.lt\\\/elparduotuve\\\/#\\\/schema\\\/logo\\\/image\\\/\",\"url\":\"https:\\\/\\\/anivet.lt\\\/elparduotuve\\\/wp-content\\\/uploads\\\/2023\\\/06\\\/logo2.jpg\",\"contentUrl\":\"https:\\\/\\\/anivet.lt\\\/elparduotuve\\\/wp-content\\\/uploads\\\/2023\\\/06\\\/logo2.jpg\",\"width\":655,\"height\":194,\"caption\":\"Viskas J\u016bs\u0173 \u0161uns, kat\u0117s prie\u017ei\u016brai\"},\"image\":{\"@id\":\"https:\\\/\\\/anivet.lt\\\/elparduotuve\\\/#\\\/schema\\\/logo\\\/image\\\/\"}}]}<\/script>\n<!-- \/ Yoast SEO Premium plugin. -->","yoast_head_json":{"title":"Exclusion Hypoallergenic sausas maistas su vabzd\u017ei\u0173 baltymu ma\u017e\u0173 veisli\u0173 \u0161unims - anivet.lt","description":"Galiojimas iki 2026.04.30!  \u0160is dietinis pa\u0161aras yra specialiai sukurtas ma\u017e\u0173 veisli\u0173 suaugusiems \u0161unims, turintiems alergijos ar maisto netoleravimo po\u017eymi\u0173. Pagrindinis baltym\u0173 \u0161altinis \u2013 vabzd\u017ei\u0173 baltymai, u\u017etikrinantys hipoalergin\u012f poveik\u012f.","robots":{"index":"index","follow":"follow","max-snippet":"max-snippet:-1","max-image-preview":"max-image-preview:large","max-video-preview":"max-video-preview:-1"},"canonical":"https:\/\/anivet.lt\/elparduotuve\/produktas\/exclusion-hypoallergenic-sausas-maistas-su-vabzdziu-baltymu-mazu-veisliu-sunims\/","og_locale":"lt_LT","og_type":"article","og_title":"Exclusion Hypoallergenic sausas maistas su vabzd\u017ei\u0173 baltymu ma\u017e\u0173 veisli\u0173 \u0161unims","og_description":"Galiojimas iki 2026.04.30!  \u0160is dietinis pa\u0161aras yra specialiai sukurtas ma\u017e\u0173 veisli\u0173 suaugusiems \u0161unims, turintiems alergijos ar maisto netoleravimo po\u017eymi\u0173. Pagrindinis baltym\u0173 \u0161altinis \u2013 vabzd\u017ei\u0173 baltymai, u\u017etikrinantys hipoalergin\u012f poveik\u012f.","og_url":"https:\/\/anivet.lt\/elparduotuve\/produktas\/exclusion-hypoallergenic-sausas-maistas-su-vabzdziu-baltymu-mazu-veisliu-sunims\/","og_site_name":"anivet.lt","article_modified_time":"2026-03-31T19:23:41+00:00","og_image":[{"width":600,"height":600,"url":"https:\/\/anivet.lt\/elparduotuve\/wp-content\/uploads\/2023\/07\/Exclusion-Hypoallergenic-sausas-maistas-su-vabzdziais-mazu-veisliu-sunims.png","type":"image\/png"}],"twitter_card":"summary_large_image","twitter_misc":{"Est. reading time":"1 minut\u0117"},"schema":{"@context":"https:\/\/schema.org","@graph":[{"@type":"WebPage","@id":"https:\/\/anivet.lt\/elparduotuve\/produktas\/exclusion-hypoallergenic-sausas-maistas-su-vabzdziu-baltymu-mazu-veisliu-sunims\/","url":"https:\/\/anivet.lt\/elparduotuve\/produktas\/exclusion-hypoallergenic-sausas-maistas-su-vabzdziu-baltymu-mazu-veisliu-sunims\/","name":"Exclusion Hypoallergenic sausas maistas su vabzd\u017ei\u0173 baltymu ma\u017e\u0173 veisli\u0173 \u0161unims - anivet.lt","isPartOf":{"@id":"https:\/\/anivet.lt\/elparduotuve\/#website"},"primaryImageOfPage":{"@id":"https:\/\/anivet.lt\/elparduotuve\/produktas\/exclusion-hypoallergenic-sausas-maistas-su-vabzdziu-baltymu-mazu-veisliu-sunims\/#primaryimage"},"image":{"@id":"https:\/\/anivet.lt\/elparduotuve\/produktas\/exclusion-hypoallergenic-sausas-maistas-su-vabzdziu-baltymu-mazu-veisliu-sunims\/#primaryimage"},"thumbnailUrl":"https:\/\/anivet.lt\/elparduotuve\/wp-content\/uploads\/2023\/07\/Exclusion-Hypoallergenic-sausas-maistas-su-vabzdziais-mazu-veisliu-sunims.png","datePublished":"2023-07-23T19:06:12+00:00","dateModified":"2026-03-31T19:23:41+00:00","description":"Galiojimas iki 2026.04.30! \u0160is dietinis pa\u0161aras yra specialiai sukurtas ma\u017e\u0173 veisli\u0173 suaugusiems \u0161unims, turintiems alergijos ar maisto netoleravimo po\u017eymi\u0173. Pagrindinis baltym\u0173 \u0161altinis \u2013 vabzd\u017ei\u0173 baltymai, u\u017etikrinantys hipoalergin\u012f poveik\u012f.","breadcrumb":{"@id":"https:\/\/anivet.lt\/elparduotuve\/produktas\/exclusion-hypoallergenic-sausas-maistas-su-vabzdziu-baltymu-mazu-veisliu-sunims\/#breadcrumb"},"inLanguage":"lt-LT","potentialAction":[{"@type":"ReadAction","target":["https:\/\/anivet.lt\/elparduotuve\/produktas\/exclusion-hypoallergenic-sausas-maistas-su-vabzdziu-baltymu-mazu-veisliu-sunims\/"]}]},{"@type":"ImageObject","inLanguage":"lt-LT","@id":"https:\/\/anivet.lt\/elparduotuve\/produktas\/exclusion-hypoallergenic-sausas-maistas-su-vabzdziu-baltymu-mazu-veisliu-sunims\/#primaryimage","url":"https:\/\/anivet.lt\/elparduotuve\/wp-content\/uploads\/2023\/07\/Exclusion-Hypoallergenic-sausas-maistas-su-vabzdziais-mazu-veisliu-sunims.png","contentUrl":"https:\/\/anivet.lt\/elparduotuve\/wp-content\/uploads\/2023\/07\/Exclusion-Hypoallergenic-sausas-maistas-su-vabzdziais-mazu-veisliu-sunims.png","width":600,"height":600,"caption":"Exclusion Hypoallergenic sausas maistas su vabzd\u017ei\u0173 baltymu ma\u017e\u0173 veisli\u0173 \u0161unims"},{"@type":"BreadcrumbList","@id":"https:\/\/anivet.lt\/elparduotuve\/produktas\/exclusion-hypoallergenic-sausas-maistas-su-vabzdziu-baltymu-mazu-veisliu-sunims\/#breadcrumb","itemListElement":[{"@type":"ListItem","position":1,"name":"Home","item":"https:\/\/anivet.lt\/elparduotuve\/"},{"@type":"ListItem","position":2,"name":"Produktai","item":"https:\/\/anivet.lt\/elparduotuve\/produktai\/"},{"@type":"ListItem","position":3,"name":"Exclusion Hypoallergenic sausas maistas su vabzd\u017ei\u0173 baltymu ma\u017e\u0173 veisli\u0173 \u0161unims"}]},{"@type":"WebSite","@id":"https:\/\/anivet.lt\/elparduotuve\/#website","url":"https:\/\/anivet.lt\/elparduotuve\/","name":"anivet.lt","description":"Viskas J\u016bs\u0173 \u0161uns, kat\u0117s prie\u017ei\u016brai","publisher":{"@id":"https:\/\/anivet.lt\/elparduotuve\/#organization"},"alternateName":"Viskas J\u016bs\u0173 \u0161uns, kat\u0117s prie\u017ei\u016brai","potentialAction":[{"@type":"SearchAction","target":{"@type":"EntryPoint","urlTemplate":"https:\/\/anivet.lt\/elparduotuve\/?s={search_term_string}"},"query-input":{"@type":"PropertyValueSpecification","valueRequired":true,"valueName":"search_term_string"}}],"inLanguage":"lt-LT"},{"@type":"Organization","@id":"https:\/\/anivet.lt\/elparduotuve\/#organization","name":"Viskas J\u016bs\u0173 \u0161uns, kat\u0117s prie\u017ei\u016brai","url":"https:\/\/anivet.lt\/elparduotuve\/","logo":{"@type":"ImageObject","inLanguage":"lt-LT","@id":"https:\/\/anivet.lt\/elparduotuve\/#\/schema\/logo\/image\/","url":"https:\/\/anivet.lt\/elparduotuve\/wp-content\/uploads\/2023\/06\/logo2.jpg","contentUrl":"https:\/\/anivet.lt\/elparduotuve\/wp-content\/uploads\/2023\/06\/logo2.jpg","width":655,"height":194,"caption":"Viskas J\u016bs\u0173 \u0161uns, kat\u0117s prie\u017ei\u016brai"},"image":{"@id":"https:\/\/anivet.lt\/elparduotuve\/#\/schema\/logo\/image\/"}}]}},"_links":{"self":[{"href":"https:\/\/anivet.lt\/elparduotuve\/wp-json\/wp\/v2\/product\/10601","targetHints":{"allow":["GET"]}}],"collection":[{"href":"https:\/\/anivet.lt\/elparduotuve\/wp-json\/wp\/v2\/product"}],"about":[{"href":"https:\/\/anivet.lt\/elparduotuve\/wp-json\/wp\/v2\/types\/product"}],"wp:featuredmedia":[{"embeddable":true,"href":"https:\/\/anivet.lt\/elparduotuve\/wp-json\/wp\/v2\/media\/10602"}],"wp:attachment":[{"href":"https:\/\/anivet.lt\/elparduotuve\/wp-json\/wp\/v2\/media?parent=10601"}],"wp:term":[{"taxonomy":"product_brand","embeddable":true,"href":"https:\/\/anivet.lt\/elparduotuve\/wp-json\/wp\/v2\/product_brand?post=10601"},{"taxonomy":"product_cat","embeddable":true,"href":"https:\/\/anivet.lt\/elparduotuve\/wp-json\/wp\/v2\/product_cat?post=10601"},{"taxonomy":"product_tag","embeddable":true,"href":"https:\/\/anivet.lt\/elparduotuve\/wp-json\/wp\/v2\/product_tag?post=10601"}],"curies":[{"name":"wp","href":"https:\/\/api.w.org\/{rel}","templated":true}]}}