{"id":10606,"date":"2023-07-25T07:09:28","date_gmt":"2023-07-25T07:09:28","guid":{"rendered":"https:\/\/anivet.lt\/elparduotuve\/?post_type=product&#038;p=10606"},"modified":"2025-05-27T13:13:47","modified_gmt":"2025-05-27T13:13:47","slug":"quattro-small-breed-adult-sausas-begrudis-maistas-su-antiena-7-kg","status":"publish","type":"product","link":"https:\/\/anivet.lt\/elparduotuve\/produktas\/quattro-small-breed-adult-sausas-begrudis-maistas-su-antiena-7-kg\/","title":{"rendered":"QUATTRO Small Breed Adult sausas begr\u016bdis maistas su antiena"},"content":{"rendered":"<ul>\n<li style=\"font-weight: 400;\" aria-level=\"1\"><span style=\"font-weight: 400;\">Antienos miltai (28%): Pagrindinis lengvai vir\u0161kinam\u0173 baltym\u0173 \u0161altinis.<\/span><\/li>\n<li style=\"font-weight: 400;\" aria-level=\"1\"><span style=\"font-weight: 400;\">Be gr\u016bd\u0173 ir glitimo: Tinkamas jautri\u0105 vir\u0161kinimo sistem\u0105 turintiems \u0161unims.<\/span><\/li>\n<li style=\"font-weight: 400;\" aria-level=\"1\"><span style=\"font-weight: 400;\">Omega-3 ir Omega-6: Riebal\u0173 r\u016bg\u0161tys padeda palaikyti sveik\u0105 od\u0105 ir blizgant\u012f kail\u012f.<\/span><\/li>\n<li style=\"font-weight: 400;\" aria-level=\"1\"><span style=\"font-weight: 400;\">Prebiotikai ir augalin\u0117s skaidulos: Gerina vir\u0161kinim\u0105 ir palaiko tinkam\u0105 i\u0161mat\u0173 kokyb\u0119.<\/span><\/li>\n<li style=\"font-weight: 400;\" aria-level=\"1\"><span style=\"font-weight: 400;\">Supermaistas (\u017eolel\u0117s ir vaisi\u0173 ekstraktai): Nat\u016braliai palaiko imunin\u0119 sistem\u0105.<\/span><\/li>\n<\/ul>\n<p><span style=\"font-weight: 400;\">\u0160is pa\u0161aras yra puikus pasirinkimas, jei j\u016bs\u0173 \u0161uo turi jautri\u0105 vir\u0161kinimo sistem\u0105 arba ie\u0161kote pa\u0161aro be gr\u016bd\u0173. Antiena, sald\u017eiosios bulv\u0117s ir specialiai parinkti nat\u016bral\u016bs ingredientai u\u017etikrina optimal\u0173 maistingum\u0105 ir vir\u0161kinimo komfort\u0105. Naudojama inovatyvi \u201efreeze-dried meat coated\u201c technologija suteikia pa\u0161arui puik\u0173 skon\u012f ir padeda i\u0161saugoti nat\u016bralias maistines med\u017eiagas.<\/span><\/p>\n","protected":false},"excerpt":{"rendered":"<p><span style=\"font-weight: 400;\">Auk\u0161tos kokyb\u0117s begr\u016bdis pa\u0161aras, specialiai sukurtas ma\u017e\u0173 veisli\u0173 suaugusiems \u0161unims su jautriu vir\u0161kinimu. Pa\u0161aras praturtintas antiena ir nat\u016braliais ingredientais, u\u017etikrinan\u010diais pilnavert\u0119 mityb\u0105 ir sveik\u0105 organizm\u0105.<\/span><\/p>\n","protected":false},"featured_media":10607,"template":"","meta":[],"product_brand":[],"product_cat":[101,103,104,320],"product_tag":[],"class_list":{"0":"post-10606","1":"product","2":"type-product","3":"status-publish","4":"has-post-thumbnail","6":"product_cat-sunims","7":"product_cat-sunu-maistas","8":"product_cat-sausas-maistas","9":"product_cat-quattro-sunu-maistas","10":"pa_prekinis-zenklas-quattro","12":"first","13":"instock","14":"taxable","15":"shipping-taxable","16":"purchasable","17":"product-type-variable"},"yoast_head":"<!-- This site is optimized with the Yoast SEO Premium plugin v27.1 (Yoast SEO v27.3) - https:\/\/yoast.com\/product\/yoast-seo-premium-wordpress\/ -->\n<title>QUATTRO Small Breed Adult sausas begr\u016bdis maistas su antiena - anivet.lt<\/title>\n<meta name=\"description\" content=\"Auk\u0161tos kokyb\u0117s begr\u016bdis pa\u0161aras, specialiai sukurtas ma\u017e\u0173 veisli\u0173 suaugusiems \u0161unims su jautriu vir\u0161kinimu. Pa\u0161aras praturtintas antiena ir nat\u016braliais ingredientais, u\u017etikrinan\u010diais pilnavert\u0119 mityb\u0105 ir sveik\u0105 organizm\u0105.\" \/>\n<meta name=\"robots\" content=\"index, follow, max-snippet:-1, max-image-preview:large, max-video-preview:-1\" \/>\n<link rel=\"canonical\" href=\"https:\/\/anivet.lt\/elparduotuve\/produktas\/quattro-small-breed-adult-sausas-begrudis-maistas-su-antiena-7-kg\/\" \/>\n<meta property=\"og:locale\" content=\"lt_LT\" \/>\n<meta property=\"og:type\" content=\"article\" \/>\n<meta property=\"og:title\" content=\"QUATTRO Small Breed Adult sausas begr\u016bdis maistas su antiena\" \/>\n<meta property=\"og:description\" content=\"Auk\u0161tos kokyb\u0117s begr\u016bdis pa\u0161aras, specialiai sukurtas ma\u017e\u0173 veisli\u0173 suaugusiems \u0161unims su jautriu vir\u0161kinimu. Pa\u0161aras praturtintas antiena ir nat\u016braliais ingredientais, u\u017etikrinan\u010diais pilnavert\u0119 mityb\u0105 ir sveik\u0105 organizm\u0105.\" \/>\n<meta property=\"og:url\" content=\"https:\/\/anivet.lt\/elparduotuve\/produktas\/quattro-small-breed-adult-sausas-begrudis-maistas-su-antiena-7-kg\/\" \/>\n<meta property=\"og:site_name\" content=\"anivet.lt\" \/>\n<meta property=\"article:modified_time\" content=\"2025-05-27T13:13:47+00:00\" \/>\n<meta property=\"og:image\" content=\"https:\/\/anivet.lt\/elparduotuve\/wp-content\/uploads\/2023\/07\/QUATTRO-SMALL-BREED-ADULT-SAUSAS-BEGRUDIS-MAISTAS-SU-ANTIENA-7-KG.jpg\" \/>\n\t<meta property=\"og:image:width\" content=\"625\" \/>\n\t<meta property=\"og:image:height\" content=\"794\" \/>\n\t<meta property=\"og:image:type\" content=\"image\/jpeg\" \/>\n<meta name=\"twitter:card\" content=\"summary_large_image\" \/>\n<meta name=\"twitter:label1\" content=\"Est. reading time\" \/>\n\t<meta name=\"twitter:data1\" content=\"1 minut\u0117\" \/>\n<script type=\"application\/ld+json\" class=\"yoast-schema-graph\">{\"@context\":\"https:\\\/\\\/schema.org\",\"@graph\":[{\"@type\":\"WebPage\",\"@id\":\"https:\\\/\\\/anivet.lt\\\/elparduotuve\\\/produktas\\\/quattro-small-breed-adult-sausas-begrudis-maistas-su-antiena-7-kg\\\/\",\"url\":\"https:\\\/\\\/anivet.lt\\\/elparduotuve\\\/produktas\\\/quattro-small-breed-adult-sausas-begrudis-maistas-su-antiena-7-kg\\\/\",\"name\":\"QUATTRO Small Breed Adult sausas begr\u016bdis maistas su antiena - anivet.lt\",\"isPartOf\":{\"@id\":\"https:\\\/\\\/anivet.lt\\\/elparduotuve\\\/#website\"},\"primaryImageOfPage\":{\"@id\":\"https:\\\/\\\/anivet.lt\\\/elparduotuve\\\/produktas\\\/quattro-small-breed-adult-sausas-begrudis-maistas-su-antiena-7-kg\\\/#primaryimage\"},\"image\":{\"@id\":\"https:\\\/\\\/anivet.lt\\\/elparduotuve\\\/produktas\\\/quattro-small-breed-adult-sausas-begrudis-maistas-su-antiena-7-kg\\\/#primaryimage\"},\"thumbnailUrl\":\"https:\\\/\\\/anivet.lt\\\/elparduotuve\\\/wp-content\\\/uploads\\\/2023\\\/07\\\/QUATTRO-SMALL-BREED-ADULT-SAUSAS-BEGRUDIS-MAISTAS-SU-ANTIENA-7-KG.jpg\",\"datePublished\":\"2023-07-25T07:09:28+00:00\",\"dateModified\":\"2025-05-27T13:13:47+00:00\",\"description\":\"Auk\u0161tos kokyb\u0117s begr\u016bdis pa\u0161aras, specialiai sukurtas ma\u017e\u0173 veisli\u0173 suaugusiems \u0161unims su jautriu vir\u0161kinimu. Pa\u0161aras praturtintas antiena ir nat\u016braliais ingredientais, u\u017etikrinan\u010diais pilnavert\u0119 mityb\u0105 ir sveik\u0105 organizm\u0105.\",\"breadcrumb\":{\"@id\":\"https:\\\/\\\/anivet.lt\\\/elparduotuve\\\/produktas\\\/quattro-small-breed-adult-sausas-begrudis-maistas-su-antiena-7-kg\\\/#breadcrumb\"},\"inLanguage\":\"lt-LT\",\"potentialAction\":[{\"@type\":\"ReadAction\",\"target\":[\"https:\\\/\\\/anivet.lt\\\/elparduotuve\\\/produktas\\\/quattro-small-breed-adult-sausas-begrudis-maistas-su-antiena-7-kg\\\/\"]}]},{\"@type\":\"ImageObject\",\"inLanguage\":\"lt-LT\",\"@id\":\"https:\\\/\\\/anivet.lt\\\/elparduotuve\\\/produktas\\\/quattro-small-breed-adult-sausas-begrudis-maistas-su-antiena-7-kg\\\/#primaryimage\",\"url\":\"https:\\\/\\\/anivet.lt\\\/elparduotuve\\\/wp-content\\\/uploads\\\/2023\\\/07\\\/QUATTRO-SMALL-BREED-ADULT-SAUSAS-BEGRUDIS-MAISTAS-SU-ANTIENA-7-KG.jpg\",\"contentUrl\":\"https:\\\/\\\/anivet.lt\\\/elparduotuve\\\/wp-content\\\/uploads\\\/2023\\\/07\\\/QUATTRO-SMALL-BREED-ADULT-SAUSAS-BEGRUDIS-MAISTAS-SU-ANTIENA-7-KG.jpg\",\"width\":625,\"height\":794,\"caption\":\"QUATTRO Small Breed Adult sausas begr\u016bdis maistas su antiena\"},{\"@type\":\"BreadcrumbList\",\"@id\":\"https:\\\/\\\/anivet.lt\\\/elparduotuve\\\/produktas\\\/quattro-small-breed-adult-sausas-begrudis-maistas-su-antiena-7-kg\\\/#breadcrumb\",\"itemListElement\":[{\"@type\":\"ListItem\",\"position\":1,\"name\":\"Home\",\"item\":\"https:\\\/\\\/anivet.lt\\\/elparduotuve\\\/\"},{\"@type\":\"ListItem\",\"position\":2,\"name\":\"Produktai\",\"item\":\"https:\\\/\\\/anivet.lt\\\/elparduotuve\\\/produktai\\\/\"},{\"@type\":\"ListItem\",\"position\":3,\"name\":\"QUATTRO Small Breed Adult sausas begr\u016bdis maistas su antiena\"}]},{\"@type\":\"WebSite\",\"@id\":\"https:\\\/\\\/anivet.lt\\\/elparduotuve\\\/#website\",\"url\":\"https:\\\/\\\/anivet.lt\\\/elparduotuve\\\/\",\"name\":\"anivet.lt\",\"description\":\"Viskas J\u016bs\u0173 \u0161uns, kat\u0117s prie\u017ei\u016brai\",\"publisher\":{\"@id\":\"https:\\\/\\\/anivet.lt\\\/elparduotuve\\\/#organization\"},\"alternateName\":\"Viskas J\u016bs\u0173 \u0161uns, kat\u0117s prie\u017ei\u016brai\",\"potentialAction\":[{\"@type\":\"SearchAction\",\"target\":{\"@type\":\"EntryPoint\",\"urlTemplate\":\"https:\\\/\\\/anivet.lt\\\/elparduotuve\\\/?s={search_term_string}\"},\"query-input\":{\"@type\":\"PropertyValueSpecification\",\"valueRequired\":true,\"valueName\":\"search_term_string\"}}],\"inLanguage\":\"lt-LT\"},{\"@type\":\"Organization\",\"@id\":\"https:\\\/\\\/anivet.lt\\\/elparduotuve\\\/#organization\",\"name\":\"Viskas J\u016bs\u0173 \u0161uns, kat\u0117s prie\u017ei\u016brai\",\"url\":\"https:\\\/\\\/anivet.lt\\\/elparduotuve\\\/\",\"logo\":{\"@type\":\"ImageObject\",\"inLanguage\":\"lt-LT\",\"@id\":\"https:\\\/\\\/anivet.lt\\\/elparduotuve\\\/#\\\/schema\\\/logo\\\/image\\\/\",\"url\":\"https:\\\/\\\/anivet.lt\\\/elparduotuve\\\/wp-content\\\/uploads\\\/2023\\\/06\\\/logo2.jpg\",\"contentUrl\":\"https:\\\/\\\/anivet.lt\\\/elparduotuve\\\/wp-content\\\/uploads\\\/2023\\\/06\\\/logo2.jpg\",\"width\":655,\"height\":194,\"caption\":\"Viskas J\u016bs\u0173 \u0161uns, kat\u0117s prie\u017ei\u016brai\"},\"image\":{\"@id\":\"https:\\\/\\\/anivet.lt\\\/elparduotuve\\\/#\\\/schema\\\/logo\\\/image\\\/\"}}]}<\/script>\n<!-- \/ Yoast SEO Premium plugin. -->","yoast_head_json":{"title":"QUATTRO Small Breed Adult sausas begr\u016bdis maistas su antiena - anivet.lt","description":"Auk\u0161tos kokyb\u0117s begr\u016bdis pa\u0161aras, specialiai sukurtas ma\u017e\u0173 veisli\u0173 suaugusiems \u0161unims su jautriu vir\u0161kinimu. Pa\u0161aras praturtintas antiena ir nat\u016braliais ingredientais, u\u017etikrinan\u010diais pilnavert\u0119 mityb\u0105 ir sveik\u0105 organizm\u0105.","robots":{"index":"index","follow":"follow","max-snippet":"max-snippet:-1","max-image-preview":"max-image-preview:large","max-video-preview":"max-video-preview:-1"},"canonical":"https:\/\/anivet.lt\/elparduotuve\/produktas\/quattro-small-breed-adult-sausas-begrudis-maistas-su-antiena-7-kg\/","og_locale":"lt_LT","og_type":"article","og_title":"QUATTRO Small Breed Adult sausas begr\u016bdis maistas su antiena","og_description":"Auk\u0161tos kokyb\u0117s begr\u016bdis pa\u0161aras, specialiai sukurtas ma\u017e\u0173 veisli\u0173 suaugusiems \u0161unims su jautriu vir\u0161kinimu. Pa\u0161aras praturtintas antiena ir nat\u016braliais ingredientais, u\u017etikrinan\u010diais pilnavert\u0119 mityb\u0105 ir sveik\u0105 organizm\u0105.","og_url":"https:\/\/anivet.lt\/elparduotuve\/produktas\/quattro-small-breed-adult-sausas-begrudis-maistas-su-antiena-7-kg\/","og_site_name":"anivet.lt","article_modified_time":"2025-05-27T13:13:47+00:00","og_image":[{"width":625,"height":794,"url":"https:\/\/anivet.lt\/elparduotuve\/wp-content\/uploads\/2023\/07\/QUATTRO-SMALL-BREED-ADULT-SAUSAS-BEGRUDIS-MAISTAS-SU-ANTIENA-7-KG.jpg","type":"image\/jpeg"}],"twitter_card":"summary_large_image","twitter_misc":{"Est. reading time":"1 minut\u0117"},"schema":{"@context":"https:\/\/schema.org","@graph":[{"@type":"WebPage","@id":"https:\/\/anivet.lt\/elparduotuve\/produktas\/quattro-small-breed-adult-sausas-begrudis-maistas-su-antiena-7-kg\/","url":"https:\/\/anivet.lt\/elparduotuve\/produktas\/quattro-small-breed-adult-sausas-begrudis-maistas-su-antiena-7-kg\/","name":"QUATTRO Small Breed Adult sausas begr\u016bdis maistas su antiena - anivet.lt","isPartOf":{"@id":"https:\/\/anivet.lt\/elparduotuve\/#website"},"primaryImageOfPage":{"@id":"https:\/\/anivet.lt\/elparduotuve\/produktas\/quattro-small-breed-adult-sausas-begrudis-maistas-su-antiena-7-kg\/#primaryimage"},"image":{"@id":"https:\/\/anivet.lt\/elparduotuve\/produktas\/quattro-small-breed-adult-sausas-begrudis-maistas-su-antiena-7-kg\/#primaryimage"},"thumbnailUrl":"https:\/\/anivet.lt\/elparduotuve\/wp-content\/uploads\/2023\/07\/QUATTRO-SMALL-BREED-ADULT-SAUSAS-BEGRUDIS-MAISTAS-SU-ANTIENA-7-KG.jpg","datePublished":"2023-07-25T07:09:28+00:00","dateModified":"2025-05-27T13:13:47+00:00","description":"Auk\u0161tos kokyb\u0117s begr\u016bdis pa\u0161aras, specialiai sukurtas ma\u017e\u0173 veisli\u0173 suaugusiems \u0161unims su jautriu vir\u0161kinimu. Pa\u0161aras praturtintas antiena ir nat\u016braliais ingredientais, u\u017etikrinan\u010diais pilnavert\u0119 mityb\u0105 ir sveik\u0105 organizm\u0105.","breadcrumb":{"@id":"https:\/\/anivet.lt\/elparduotuve\/produktas\/quattro-small-breed-adult-sausas-begrudis-maistas-su-antiena-7-kg\/#breadcrumb"},"inLanguage":"lt-LT","potentialAction":[{"@type":"ReadAction","target":["https:\/\/anivet.lt\/elparduotuve\/produktas\/quattro-small-breed-adult-sausas-begrudis-maistas-su-antiena-7-kg\/"]}]},{"@type":"ImageObject","inLanguage":"lt-LT","@id":"https:\/\/anivet.lt\/elparduotuve\/produktas\/quattro-small-breed-adult-sausas-begrudis-maistas-su-antiena-7-kg\/#primaryimage","url":"https:\/\/anivet.lt\/elparduotuve\/wp-content\/uploads\/2023\/07\/QUATTRO-SMALL-BREED-ADULT-SAUSAS-BEGRUDIS-MAISTAS-SU-ANTIENA-7-KG.jpg","contentUrl":"https:\/\/anivet.lt\/elparduotuve\/wp-content\/uploads\/2023\/07\/QUATTRO-SMALL-BREED-ADULT-SAUSAS-BEGRUDIS-MAISTAS-SU-ANTIENA-7-KG.jpg","width":625,"height":794,"caption":"QUATTRO Small Breed Adult sausas begr\u016bdis maistas su antiena"},{"@type":"BreadcrumbList","@id":"https:\/\/anivet.lt\/elparduotuve\/produktas\/quattro-small-breed-adult-sausas-begrudis-maistas-su-antiena-7-kg\/#breadcrumb","itemListElement":[{"@type":"ListItem","position":1,"name":"Home","item":"https:\/\/anivet.lt\/elparduotuve\/"},{"@type":"ListItem","position":2,"name":"Produktai","item":"https:\/\/anivet.lt\/elparduotuve\/produktai\/"},{"@type":"ListItem","position":3,"name":"QUATTRO Small Breed Adult sausas begr\u016bdis maistas su antiena"}]},{"@type":"WebSite","@id":"https:\/\/anivet.lt\/elparduotuve\/#website","url":"https:\/\/anivet.lt\/elparduotuve\/","name":"anivet.lt","description":"Viskas J\u016bs\u0173 \u0161uns, kat\u0117s prie\u017ei\u016brai","publisher":{"@id":"https:\/\/anivet.lt\/elparduotuve\/#organization"},"alternateName":"Viskas J\u016bs\u0173 \u0161uns, kat\u0117s prie\u017ei\u016brai","potentialAction":[{"@type":"SearchAction","target":{"@type":"EntryPoint","urlTemplate":"https:\/\/anivet.lt\/elparduotuve\/?s={search_term_string}"},"query-input":{"@type":"PropertyValueSpecification","valueRequired":true,"valueName":"search_term_string"}}],"inLanguage":"lt-LT"},{"@type":"Organization","@id":"https:\/\/anivet.lt\/elparduotuve\/#organization","name":"Viskas J\u016bs\u0173 \u0161uns, kat\u0117s prie\u017ei\u016brai","url":"https:\/\/anivet.lt\/elparduotuve\/","logo":{"@type":"ImageObject","inLanguage":"lt-LT","@id":"https:\/\/anivet.lt\/elparduotuve\/#\/schema\/logo\/image\/","url":"https:\/\/anivet.lt\/elparduotuve\/wp-content\/uploads\/2023\/06\/logo2.jpg","contentUrl":"https:\/\/anivet.lt\/elparduotuve\/wp-content\/uploads\/2023\/06\/logo2.jpg","width":655,"height":194,"caption":"Viskas J\u016bs\u0173 \u0161uns, kat\u0117s prie\u017ei\u016brai"},"image":{"@id":"https:\/\/anivet.lt\/elparduotuve\/#\/schema\/logo\/image\/"}}]}},"_links":{"self":[{"href":"https:\/\/anivet.lt\/elparduotuve\/wp-json\/wp\/v2\/product\/10606","targetHints":{"allow":["GET"]}}],"collection":[{"href":"https:\/\/anivet.lt\/elparduotuve\/wp-json\/wp\/v2\/product"}],"about":[{"href":"https:\/\/anivet.lt\/elparduotuve\/wp-json\/wp\/v2\/types\/product"}],"wp:featuredmedia":[{"embeddable":true,"href":"https:\/\/anivet.lt\/elparduotuve\/wp-json\/wp\/v2\/media\/10607"}],"wp:attachment":[{"href":"https:\/\/anivet.lt\/elparduotuve\/wp-json\/wp\/v2\/media?parent=10606"}],"wp:term":[{"taxonomy":"product_brand","embeddable":true,"href":"https:\/\/anivet.lt\/elparduotuve\/wp-json\/wp\/v2\/product_brand?post=10606"},{"taxonomy":"product_cat","embeddable":true,"href":"https:\/\/anivet.lt\/elparduotuve\/wp-json\/wp\/v2\/product_cat?post=10606"},{"taxonomy":"product_tag","embeddable":true,"href":"https:\/\/anivet.lt\/elparduotuve\/wp-json\/wp\/v2\/product_tag?post=10606"}],"curies":[{"name":"wp","href":"https:\/\/api.w.org\/{rel}","templated":true}]}}