{"id":10609,"date":"2023-07-25T07:34:48","date_gmt":"2023-07-25T07:34:48","guid":{"rendered":"https:\/\/anivet.lt\/elparduotuve\/?post_type=product&#038;p=10609"},"modified":"2025-06-02T20:41:16","modified_gmt":"2025-06-02T20:41:16","slug":"quattro-mini-adult-sausas-mazu-veisliu-sunu-pasaras-su-paukstiena-7-kg","status":"publish","type":"product","link":"https:\/\/anivet.lt\/elparduotuve\/produktas\/quattro-mini-adult-sausas-mazu-veisliu-sunu-pasaras-su-paukstiena-7-kg\/","title":{"rendered":"QUATTRO Mini Adult sausas ma\u017e\u0173 veisli\u0173 \u0161un\u0173 pa\u0161aras su pauk\u0161tiena, 7 kg"},"content":{"rendered":"<ul>\n<li style=\"font-weight: 400;\" aria-level=\"1\"><span style=\"font-weight: 400;\">Granul\u0117s padengtos \u0161altyje d\u017eiovinta vi\u0161tiena: I\u0161skirtinis skonis ir nat\u016bralus aromatas.<\/span><\/li>\n<li style=\"font-weight: 400;\" aria-level=\"1\"><span style=\"font-weight: 400;\">Be kvie\u010di\u0173: Ma\u017eesn\u0117 alergij\u0173 rizika d\u0117l glitimo.<\/span><\/li>\n<li style=\"font-weight: 400;\" aria-level=\"1\"><span style=\"font-weight: 400;\">Prebiotikai: Inulinas ir jukos ekstraktai palaiko sveik\u0105 \u017earnyno mikroflor\u0105.<\/span><\/li>\n<li style=\"font-weight: 400;\" aria-level=\"1\"><span style=\"font-weight: 400;\">Sveika oda ir kailis: Sud\u0117tyje yra riebal\u0173 r\u016bg\u0161\u010di\u0173, cinko ir B grup\u0117s vitamin\u0173.<\/span><\/li>\n<li style=\"font-weight: 400;\" aria-level=\"1\"><span style=\"font-weight: 400;\">Stiprus imunitetas: Vitaminas E, omega-3 riebiosios r\u016bg\u0161tys ir rozmarino ekstraktas padeda palaikyti nat\u016brali\u0105 organizmo apsaug\u0105.<\/span><\/li>\n<li style=\"font-weight: 400;\" aria-level=\"1\"><span style=\"font-weight: 400;\">Auk\u0161tos kokyb\u0117s baltymai: 82 % baltym\u0173 yra gyv\u016bnin\u0117s kilm\u0117s.<\/span><\/li>\n<\/ul>\n<p><span style=\"font-weight: 400;\">\u0160is pa\u0161aras ne tik patenkins \u0161uns skonio poreikius, bet ir u\u017etikrins visapusi\u0161k\u0105 sveik\u0105 mityb\u0105. I\u0161skirtin\u0117 recept\u016bra su nat\u016braliais ingredientais ir auk\u0161tos kokyb\u0117s gyv\u016bnin\u0117s kilm\u0117s baltymais padeda u\u017etikrinti ger\u0105 vir\u0161kinim\u0105 ir ilgalaik\u0119 sveikat\u0105. Pa\u0161aro sud\u0117tyje n\u0117ra kvie\u010di\u0173, tod\u0117l jis tinkamas net jautriems \u0161unims, linkusiems \u012f alergijas.\u00a0<\/span><\/p>\n","protected":false},"excerpt":{"rendered":"<p><span style=\"font-weight: 400;\">Visavertis sausas pa\u0161aras ma\u017e\u0173 veisli\u0173 suaugusiems \u0161unims (1\u201310 kg), sukurtas taip, kad patenkint\u0173 net i\u0161rankiausi\u0173 keturkoj\u0173 poreikius. Granul\u0117s padengtos \u0161altyje d\u017eiovinta vi\u0161tiena, suteikian\u010dia pa\u0161arui nat\u016bral\u0173 skon\u012f ir aromat\u0105. Pa\u0161aras praturtintas maistin\u0117mis med\u017eiagomis, kurios u\u017etikrina sveik\u0105 augintinio mityb\u0105 ir ger\u0105 savijaut\u0105.<\/span><\/p>\n","protected":false},"featured_media":10610,"template":"","meta":[],"product_brand":[],"product_cat":[101,103,104,320],"product_tag":[],"class_list":{"0":"post-10609","1":"product","2":"type-product","3":"status-publish","4":"has-post-thumbnail","6":"product_cat-sunims","7":"product_cat-sunu-maistas","8":"product_cat-sausas-maistas","9":"product_cat-quattro-sunu-maistas","10":"pa_prekinis-zenklas-quattro","12":"first","13":"instock","14":"taxable","15":"shipping-taxable","16":"purchasable","17":"product-type-simple"},"yoast_head":"<!-- This site is optimized with the Yoast SEO Premium plugin v27.1 (Yoast SEO v27.3) - https:\/\/yoast.com\/product\/yoast-seo-premium-wordpress\/ -->\n<title>QUATTRO Mini Adult sausas ma\u017e\u0173 veisli\u0173 \u0161un\u0173 pa\u0161aras su pauk\u0161tiena, 7 kg - anivet.lt<\/title>\n<meta name=\"description\" content=\"Visavertis sausas pa\u0161aras ma\u017e\u0173 veisli\u0173 suaugusiems \u0161unims (1\u201310 kg), sukurtas taip, kad patenkint\u0173 net i\u0161rankiausi\u0173 keturkoj\u0173 poreikius. Granul\u0117s padengtos \u0161altyje d\u017eiovinta vi\u0161tiena, suteikian\u010dia pa\u0161arui nat\u016bral\u0173 skon\u012f ir aromat\u0105. Pa\u0161aras praturtintas maistin\u0117mis med\u017eiagomis, kurios u\u017etikrina sveik\u0105 augintinio mityb\u0105 ir ger\u0105 savijaut\u0105.\" \/>\n<meta name=\"robots\" content=\"index, follow, max-snippet:-1, max-image-preview:large, max-video-preview:-1\" \/>\n<link rel=\"canonical\" href=\"https:\/\/anivet.lt\/elparduotuve\/produktas\/quattro-mini-adult-sausas-mazu-veisliu-sunu-pasaras-su-paukstiena-7-kg\/\" \/>\n<meta property=\"og:locale\" content=\"lt_LT\" \/>\n<meta property=\"og:type\" content=\"article\" \/>\n<meta property=\"og:title\" content=\"QUATTRO Mini Adult sausas ma\u017e\u0173 veisli\u0173 \u0161un\u0173 pa\u0161aras su pauk\u0161tiena, 7 kg\" \/>\n<meta property=\"og:description\" content=\"Visavertis sausas pa\u0161aras ma\u017e\u0173 veisli\u0173 suaugusiems \u0161unims (1\u201310 kg), sukurtas taip, kad patenkint\u0173 net i\u0161rankiausi\u0173 keturkoj\u0173 poreikius. Granul\u0117s padengtos \u0161altyje d\u017eiovinta vi\u0161tiena, suteikian\u010dia pa\u0161arui nat\u016bral\u0173 skon\u012f ir aromat\u0105. Pa\u0161aras praturtintas maistin\u0117mis med\u017eiagomis, kurios u\u017etikrina sveik\u0105 augintinio mityb\u0105 ir ger\u0105 savijaut\u0105.\" \/>\n<meta property=\"og:url\" content=\"https:\/\/anivet.lt\/elparduotuve\/produktas\/quattro-mini-adult-sausas-mazu-veisliu-sunu-pasaras-su-paukstiena-7-kg\/\" \/>\n<meta property=\"og:site_name\" content=\"anivet.lt\" \/>\n<meta property=\"article:modified_time\" content=\"2025-06-02T20:41:16+00:00\" \/>\n<meta property=\"og:image\" content=\"https:\/\/anivet.lt\/elparduotuve\/wp-content\/uploads\/2023\/07\/QUATTRO-MINI-ADULT-SU-PAUKSTIENA-SAUSAS-MAZU-VEISLIU-SUNU-PASARAS-7KG.png\" \/>\n\t<meta property=\"og:image:width\" content=\"625\" \/>\n\t<meta property=\"og:image:height\" content=\"794\" \/>\n\t<meta property=\"og:image:type\" content=\"image\/png\" \/>\n<meta name=\"twitter:card\" content=\"summary_large_image\" \/>\n<meta name=\"twitter:label1\" content=\"Est. reading time\" \/>\n\t<meta name=\"twitter:data1\" content=\"1 minut\u0117\" \/>\n<script type=\"application\/ld+json\" class=\"yoast-schema-graph\">{\"@context\":\"https:\\\/\\\/schema.org\",\"@graph\":[{\"@type\":\"WebPage\",\"@id\":\"https:\\\/\\\/anivet.lt\\\/elparduotuve\\\/produktas\\\/quattro-mini-adult-sausas-mazu-veisliu-sunu-pasaras-su-paukstiena-7-kg\\\/\",\"url\":\"https:\\\/\\\/anivet.lt\\\/elparduotuve\\\/produktas\\\/quattro-mini-adult-sausas-mazu-veisliu-sunu-pasaras-su-paukstiena-7-kg\\\/\",\"name\":\"QUATTRO Mini Adult sausas ma\u017e\u0173 veisli\u0173 \u0161un\u0173 pa\u0161aras su pauk\u0161tiena, 7 kg - anivet.lt\",\"isPartOf\":{\"@id\":\"https:\\\/\\\/anivet.lt\\\/elparduotuve\\\/#website\"},\"primaryImageOfPage\":{\"@id\":\"https:\\\/\\\/anivet.lt\\\/elparduotuve\\\/produktas\\\/quattro-mini-adult-sausas-mazu-veisliu-sunu-pasaras-su-paukstiena-7-kg\\\/#primaryimage\"},\"image\":{\"@id\":\"https:\\\/\\\/anivet.lt\\\/elparduotuve\\\/produktas\\\/quattro-mini-adult-sausas-mazu-veisliu-sunu-pasaras-su-paukstiena-7-kg\\\/#primaryimage\"},\"thumbnailUrl\":\"https:\\\/\\\/anivet.lt\\\/elparduotuve\\\/wp-content\\\/uploads\\\/2023\\\/07\\\/QUATTRO-MINI-ADULT-SU-PAUKSTIENA-SAUSAS-MAZU-VEISLIU-SUNU-PASARAS-7KG.png\",\"datePublished\":\"2023-07-25T07:34:48+00:00\",\"dateModified\":\"2025-06-02T20:41:16+00:00\",\"description\":\"Visavertis sausas pa\u0161aras ma\u017e\u0173 veisli\u0173 suaugusiems \u0161unims (1\u201310 kg), sukurtas taip, kad patenkint\u0173 net i\u0161rankiausi\u0173 keturkoj\u0173 poreikius. Granul\u0117s padengtos \u0161altyje d\u017eiovinta vi\u0161tiena, suteikian\u010dia pa\u0161arui nat\u016bral\u0173 skon\u012f ir aromat\u0105. Pa\u0161aras praturtintas maistin\u0117mis med\u017eiagomis, kurios u\u017etikrina sveik\u0105 augintinio mityb\u0105 ir ger\u0105 savijaut\u0105.\",\"breadcrumb\":{\"@id\":\"https:\\\/\\\/anivet.lt\\\/elparduotuve\\\/produktas\\\/quattro-mini-adult-sausas-mazu-veisliu-sunu-pasaras-su-paukstiena-7-kg\\\/#breadcrumb\"},\"inLanguage\":\"lt-LT\",\"potentialAction\":[{\"@type\":\"ReadAction\",\"target\":[\"https:\\\/\\\/anivet.lt\\\/elparduotuve\\\/produktas\\\/quattro-mini-adult-sausas-mazu-veisliu-sunu-pasaras-su-paukstiena-7-kg\\\/\"]}]},{\"@type\":\"ImageObject\",\"inLanguage\":\"lt-LT\",\"@id\":\"https:\\\/\\\/anivet.lt\\\/elparduotuve\\\/produktas\\\/quattro-mini-adult-sausas-mazu-veisliu-sunu-pasaras-su-paukstiena-7-kg\\\/#primaryimage\",\"url\":\"https:\\\/\\\/anivet.lt\\\/elparduotuve\\\/wp-content\\\/uploads\\\/2023\\\/07\\\/QUATTRO-MINI-ADULT-SU-PAUKSTIENA-SAUSAS-MAZU-VEISLIU-SUNU-PASARAS-7KG.png\",\"contentUrl\":\"https:\\\/\\\/anivet.lt\\\/elparduotuve\\\/wp-content\\\/uploads\\\/2023\\\/07\\\/QUATTRO-MINI-ADULT-SU-PAUKSTIENA-SAUSAS-MAZU-VEISLIU-SUNU-PASARAS-7KG.png\",\"width\":625,\"height\":794,\"caption\":\"QUATTRO Mini Adult sausas ma\u017e\u0173 veisli\u0173 \u0161un\u0173 pa\u0161aras su pauk\u0161tiena, 7 kg\"},{\"@type\":\"BreadcrumbList\",\"@id\":\"https:\\\/\\\/anivet.lt\\\/elparduotuve\\\/produktas\\\/quattro-mini-adult-sausas-mazu-veisliu-sunu-pasaras-su-paukstiena-7-kg\\\/#breadcrumb\",\"itemListElement\":[{\"@type\":\"ListItem\",\"position\":1,\"name\":\"Home\",\"item\":\"https:\\\/\\\/anivet.lt\\\/elparduotuve\\\/\"},{\"@type\":\"ListItem\",\"position\":2,\"name\":\"Produktai\",\"item\":\"https:\\\/\\\/anivet.lt\\\/elparduotuve\\\/produktai\\\/\"},{\"@type\":\"ListItem\",\"position\":3,\"name\":\"QUATTRO Mini Adult sausas ma\u017e\u0173 veisli\u0173 \u0161un\u0173 pa\u0161aras su pauk\u0161tiena, 7 kg\"}]},{\"@type\":\"WebSite\",\"@id\":\"https:\\\/\\\/anivet.lt\\\/elparduotuve\\\/#website\",\"url\":\"https:\\\/\\\/anivet.lt\\\/elparduotuve\\\/\",\"name\":\"anivet.lt\",\"description\":\"Viskas J\u016bs\u0173 \u0161uns, kat\u0117s prie\u017ei\u016brai\",\"publisher\":{\"@id\":\"https:\\\/\\\/anivet.lt\\\/elparduotuve\\\/#organization\"},\"alternateName\":\"Viskas J\u016bs\u0173 \u0161uns, kat\u0117s prie\u017ei\u016brai\",\"potentialAction\":[{\"@type\":\"SearchAction\",\"target\":{\"@type\":\"EntryPoint\",\"urlTemplate\":\"https:\\\/\\\/anivet.lt\\\/elparduotuve\\\/?s={search_term_string}\"},\"query-input\":{\"@type\":\"PropertyValueSpecification\",\"valueRequired\":true,\"valueName\":\"search_term_string\"}}],\"inLanguage\":\"lt-LT\"},{\"@type\":\"Organization\",\"@id\":\"https:\\\/\\\/anivet.lt\\\/elparduotuve\\\/#organization\",\"name\":\"Viskas J\u016bs\u0173 \u0161uns, kat\u0117s prie\u017ei\u016brai\",\"url\":\"https:\\\/\\\/anivet.lt\\\/elparduotuve\\\/\",\"logo\":{\"@type\":\"ImageObject\",\"inLanguage\":\"lt-LT\",\"@id\":\"https:\\\/\\\/anivet.lt\\\/elparduotuve\\\/#\\\/schema\\\/logo\\\/image\\\/\",\"url\":\"https:\\\/\\\/anivet.lt\\\/elparduotuve\\\/wp-content\\\/uploads\\\/2023\\\/06\\\/logo2.jpg\",\"contentUrl\":\"https:\\\/\\\/anivet.lt\\\/elparduotuve\\\/wp-content\\\/uploads\\\/2023\\\/06\\\/logo2.jpg\",\"width\":655,\"height\":194,\"caption\":\"Viskas J\u016bs\u0173 \u0161uns, kat\u0117s prie\u017ei\u016brai\"},\"image\":{\"@id\":\"https:\\\/\\\/anivet.lt\\\/elparduotuve\\\/#\\\/schema\\\/logo\\\/image\\\/\"}}]}<\/script>\n<!-- \/ Yoast SEO Premium plugin. -->","yoast_head_json":{"title":"QUATTRO Mini Adult sausas ma\u017e\u0173 veisli\u0173 \u0161un\u0173 pa\u0161aras su pauk\u0161tiena, 7 kg - anivet.lt","description":"Visavertis sausas pa\u0161aras ma\u017e\u0173 veisli\u0173 suaugusiems \u0161unims (1\u201310 kg), sukurtas taip, kad patenkint\u0173 net i\u0161rankiausi\u0173 keturkoj\u0173 poreikius. Granul\u0117s padengtos \u0161altyje d\u017eiovinta vi\u0161tiena, suteikian\u010dia pa\u0161arui nat\u016bral\u0173 skon\u012f ir aromat\u0105. Pa\u0161aras praturtintas maistin\u0117mis med\u017eiagomis, kurios u\u017etikrina sveik\u0105 augintinio mityb\u0105 ir ger\u0105 savijaut\u0105.","robots":{"index":"index","follow":"follow","max-snippet":"max-snippet:-1","max-image-preview":"max-image-preview:large","max-video-preview":"max-video-preview:-1"},"canonical":"https:\/\/anivet.lt\/elparduotuve\/produktas\/quattro-mini-adult-sausas-mazu-veisliu-sunu-pasaras-su-paukstiena-7-kg\/","og_locale":"lt_LT","og_type":"article","og_title":"QUATTRO Mini Adult sausas ma\u017e\u0173 veisli\u0173 \u0161un\u0173 pa\u0161aras su pauk\u0161tiena, 7 kg","og_description":"Visavertis sausas pa\u0161aras ma\u017e\u0173 veisli\u0173 suaugusiems \u0161unims (1\u201310 kg), sukurtas taip, kad patenkint\u0173 net i\u0161rankiausi\u0173 keturkoj\u0173 poreikius. Granul\u0117s padengtos \u0161altyje d\u017eiovinta vi\u0161tiena, suteikian\u010dia pa\u0161arui nat\u016bral\u0173 skon\u012f ir aromat\u0105. Pa\u0161aras praturtintas maistin\u0117mis med\u017eiagomis, kurios u\u017etikrina sveik\u0105 augintinio mityb\u0105 ir ger\u0105 savijaut\u0105.","og_url":"https:\/\/anivet.lt\/elparduotuve\/produktas\/quattro-mini-adult-sausas-mazu-veisliu-sunu-pasaras-su-paukstiena-7-kg\/","og_site_name":"anivet.lt","article_modified_time":"2025-06-02T20:41:16+00:00","og_image":[{"width":625,"height":794,"url":"https:\/\/anivet.lt\/elparduotuve\/wp-content\/uploads\/2023\/07\/QUATTRO-MINI-ADULT-SU-PAUKSTIENA-SAUSAS-MAZU-VEISLIU-SUNU-PASARAS-7KG.png","type":"image\/png"}],"twitter_card":"summary_large_image","twitter_misc":{"Est. reading time":"1 minut\u0117"},"schema":{"@context":"https:\/\/schema.org","@graph":[{"@type":"WebPage","@id":"https:\/\/anivet.lt\/elparduotuve\/produktas\/quattro-mini-adult-sausas-mazu-veisliu-sunu-pasaras-su-paukstiena-7-kg\/","url":"https:\/\/anivet.lt\/elparduotuve\/produktas\/quattro-mini-adult-sausas-mazu-veisliu-sunu-pasaras-su-paukstiena-7-kg\/","name":"QUATTRO Mini Adult sausas ma\u017e\u0173 veisli\u0173 \u0161un\u0173 pa\u0161aras su pauk\u0161tiena, 7 kg - anivet.lt","isPartOf":{"@id":"https:\/\/anivet.lt\/elparduotuve\/#website"},"primaryImageOfPage":{"@id":"https:\/\/anivet.lt\/elparduotuve\/produktas\/quattro-mini-adult-sausas-mazu-veisliu-sunu-pasaras-su-paukstiena-7-kg\/#primaryimage"},"image":{"@id":"https:\/\/anivet.lt\/elparduotuve\/produktas\/quattro-mini-adult-sausas-mazu-veisliu-sunu-pasaras-su-paukstiena-7-kg\/#primaryimage"},"thumbnailUrl":"https:\/\/anivet.lt\/elparduotuve\/wp-content\/uploads\/2023\/07\/QUATTRO-MINI-ADULT-SU-PAUKSTIENA-SAUSAS-MAZU-VEISLIU-SUNU-PASARAS-7KG.png","datePublished":"2023-07-25T07:34:48+00:00","dateModified":"2025-06-02T20:41:16+00:00","description":"Visavertis sausas pa\u0161aras ma\u017e\u0173 veisli\u0173 suaugusiems \u0161unims (1\u201310 kg), sukurtas taip, kad patenkint\u0173 net i\u0161rankiausi\u0173 keturkoj\u0173 poreikius. Granul\u0117s padengtos \u0161altyje d\u017eiovinta vi\u0161tiena, suteikian\u010dia pa\u0161arui nat\u016bral\u0173 skon\u012f ir aromat\u0105. Pa\u0161aras praturtintas maistin\u0117mis med\u017eiagomis, kurios u\u017etikrina sveik\u0105 augintinio mityb\u0105 ir ger\u0105 savijaut\u0105.","breadcrumb":{"@id":"https:\/\/anivet.lt\/elparduotuve\/produktas\/quattro-mini-adult-sausas-mazu-veisliu-sunu-pasaras-su-paukstiena-7-kg\/#breadcrumb"},"inLanguage":"lt-LT","potentialAction":[{"@type":"ReadAction","target":["https:\/\/anivet.lt\/elparduotuve\/produktas\/quattro-mini-adult-sausas-mazu-veisliu-sunu-pasaras-su-paukstiena-7-kg\/"]}]},{"@type":"ImageObject","inLanguage":"lt-LT","@id":"https:\/\/anivet.lt\/elparduotuve\/produktas\/quattro-mini-adult-sausas-mazu-veisliu-sunu-pasaras-su-paukstiena-7-kg\/#primaryimage","url":"https:\/\/anivet.lt\/elparduotuve\/wp-content\/uploads\/2023\/07\/QUATTRO-MINI-ADULT-SU-PAUKSTIENA-SAUSAS-MAZU-VEISLIU-SUNU-PASARAS-7KG.png","contentUrl":"https:\/\/anivet.lt\/elparduotuve\/wp-content\/uploads\/2023\/07\/QUATTRO-MINI-ADULT-SU-PAUKSTIENA-SAUSAS-MAZU-VEISLIU-SUNU-PASARAS-7KG.png","width":625,"height":794,"caption":"QUATTRO Mini Adult sausas ma\u017e\u0173 veisli\u0173 \u0161un\u0173 pa\u0161aras su pauk\u0161tiena, 7 kg"},{"@type":"BreadcrumbList","@id":"https:\/\/anivet.lt\/elparduotuve\/produktas\/quattro-mini-adult-sausas-mazu-veisliu-sunu-pasaras-su-paukstiena-7-kg\/#breadcrumb","itemListElement":[{"@type":"ListItem","position":1,"name":"Home","item":"https:\/\/anivet.lt\/elparduotuve\/"},{"@type":"ListItem","position":2,"name":"Produktai","item":"https:\/\/anivet.lt\/elparduotuve\/produktai\/"},{"@type":"ListItem","position":3,"name":"QUATTRO Mini Adult sausas ma\u017e\u0173 veisli\u0173 \u0161un\u0173 pa\u0161aras su pauk\u0161tiena, 7 kg"}]},{"@type":"WebSite","@id":"https:\/\/anivet.lt\/elparduotuve\/#website","url":"https:\/\/anivet.lt\/elparduotuve\/","name":"anivet.lt","description":"Viskas J\u016bs\u0173 \u0161uns, kat\u0117s prie\u017ei\u016brai","publisher":{"@id":"https:\/\/anivet.lt\/elparduotuve\/#organization"},"alternateName":"Viskas J\u016bs\u0173 \u0161uns, kat\u0117s prie\u017ei\u016brai","potentialAction":[{"@type":"SearchAction","target":{"@type":"EntryPoint","urlTemplate":"https:\/\/anivet.lt\/elparduotuve\/?s={search_term_string}"},"query-input":{"@type":"PropertyValueSpecification","valueRequired":true,"valueName":"search_term_string"}}],"inLanguage":"lt-LT"},{"@type":"Organization","@id":"https:\/\/anivet.lt\/elparduotuve\/#organization","name":"Viskas J\u016bs\u0173 \u0161uns, kat\u0117s prie\u017ei\u016brai","url":"https:\/\/anivet.lt\/elparduotuve\/","logo":{"@type":"ImageObject","inLanguage":"lt-LT","@id":"https:\/\/anivet.lt\/elparduotuve\/#\/schema\/logo\/image\/","url":"https:\/\/anivet.lt\/elparduotuve\/wp-content\/uploads\/2023\/06\/logo2.jpg","contentUrl":"https:\/\/anivet.lt\/elparduotuve\/wp-content\/uploads\/2023\/06\/logo2.jpg","width":655,"height":194,"caption":"Viskas J\u016bs\u0173 \u0161uns, kat\u0117s prie\u017ei\u016brai"},"image":{"@id":"https:\/\/anivet.lt\/elparduotuve\/#\/schema\/logo\/image\/"}}]}},"_links":{"self":[{"href":"https:\/\/anivet.lt\/elparduotuve\/wp-json\/wp\/v2\/product\/10609","targetHints":{"allow":["GET"]}}],"collection":[{"href":"https:\/\/anivet.lt\/elparduotuve\/wp-json\/wp\/v2\/product"}],"about":[{"href":"https:\/\/anivet.lt\/elparduotuve\/wp-json\/wp\/v2\/types\/product"}],"wp:featuredmedia":[{"embeddable":true,"href":"https:\/\/anivet.lt\/elparduotuve\/wp-json\/wp\/v2\/media\/10610"}],"wp:attachment":[{"href":"https:\/\/anivet.lt\/elparduotuve\/wp-json\/wp\/v2\/media?parent=10609"}],"wp:term":[{"taxonomy":"product_brand","embeddable":true,"href":"https:\/\/anivet.lt\/elparduotuve\/wp-json\/wp\/v2\/product_brand?post=10609"},{"taxonomy":"product_cat","embeddable":true,"href":"https:\/\/anivet.lt\/elparduotuve\/wp-json\/wp\/v2\/product_cat?post=10609"},{"taxonomy":"product_tag","embeddable":true,"href":"https:\/\/anivet.lt\/elparduotuve\/wp-json\/wp\/v2\/product_tag?post=10609"}],"curies":[{"name":"wp","href":"https:\/\/api.w.org\/{rel}","templated":true}]}}