{"id":10619,"date":"2023-07-25T10:59:45","date_gmt":"2023-07-25T10:59:45","guid":{"rendered":"https:\/\/anivet.lt\/elparduotuve\/?post_type=product&#038;p=10619"},"modified":"2025-06-19T11:37:04","modified_gmt":"2025-06-19T11:37:04","slug":"quattro-small-breed-adult-sausas-begrudis-hipoalerginis-maistas-su-lasisa-ir-kriliu","status":"publish","type":"product","link":"https:\/\/anivet.lt\/elparduotuve\/produktas\/quattro-small-breed-adult-sausas-begrudis-hipoalerginis-maistas-su-lasisa-ir-kriliu\/","title":{"rendered":"QUATTRO Small Breed Adult sausas begr\u016bdis hipoalerginis maistas su la\u0161i\u0161a ir kriliu"},"content":{"rendered":"<ul>\n<li style=\"font-weight: 400;\" aria-level=\"1\"><span style=\"font-weight: 400;\">Nat\u016bralus skonis ir kokyb\u0117: Granul\u0117 padengta \u0161altyje d\u017eiovinta la\u0161i\u0161a, suteikian\u010dia intensyv\u0173 skon\u012f ir nat\u016bralias maistines med\u017eiagas.<\/span><\/li>\n<li style=\"font-weight: 400;\" aria-level=\"1\"><span style=\"font-weight: 400;\">Hipoalerginis ir begr\u016bdis: Tinka jautriems \u0161unims, be glitimo, GMO ir gr\u016bd\u0173, praturtintas sald\u017eiosiomis bulv\u0117mis ir burok\u0117li\u0173 mink\u0161timu.<\/span><\/li>\n<li style=\"font-weight: 400;\" aria-level=\"1\"><span style=\"font-weight: 400;\">Oda ir kailis: Omega-3 ir omega-6 riebal\u0173 r\u016bg\u0161tys kartu su cinku ir B grup\u0117s vitaminais palaiko sveik\u0105 od\u0105 ir \u017evilgant\u012f kail\u012f.<\/span><\/li>\n<li style=\"font-weight: 400;\" aria-level=\"1\"><span style=\"font-weight: 400;\">Sveikas vir\u0161kinimas: La\u0161i\u0161a, prebiotikai ir augalin\u0117s skaidulos padeda palaikyti skland\u0173 vir\u0161kinim\u0105 ir tinkam\u0105 i\u0161mat\u0173 kokyb\u0119.<\/span><\/li>\n<li style=\"font-weight: 400;\" aria-level=\"1\"><span style=\"font-weight: 400;\">Smegen\u0173 ir reg\u0117jimo veiklai: DHA ir EPA i\u0161 krilio palaiko normali\u0105 smegen\u0173 veikl\u0105, reg\u0117jim\u0105 ir stiprina imunin\u0119 sistem\u0105.<\/span><\/li>\n<\/ul>\n<p><span style=\"font-weight: 400;\">Tai idealus pasirinkimas ma\u017e\u0173 veisli\u0173 \u0161unims, siekiant u\u017etikrinti j\u0173 gerov\u0119 ir praturtinti mityb\u0105 auk\u0161tos kokyb\u0117s ingredientais. Pa\u0161aras pagamintas naudojant \u201esupermaisto\u201c komponentus ir technologij\u0105, u\u017etikrinan\u010di\u0105 tiek puik\u0173 skon\u012f, tiek naudingas maistines savybes.<\/span><\/p>\n","protected":false},"excerpt":{"rendered":"<p><span style=\"font-weight: 400;\">Visavertis begr\u016bdis sausas pa\u0161aras ma\u017e\u0173 veisli\u0173 jautriems suaugusiems \u0161unims, kuriems \u012ftariama alergija maistui. \u0160is hipoalerginis pa\u0161aras su la\u0161i\u0161a ir kriliu u\u017etikrina subalansuot\u0105 mityb\u0105, puik\u0173 skon\u012f ir prisideda prie kasdien\u0117s \u0161uns sveikatos.<\/span><\/p>\n","protected":false},"featured_media":10620,"template":"","meta":[],"product_brand":[],"product_cat":[101,103,104,320],"product_tag":[],"class_list":{"0":"post-10619","1":"product","2":"type-product","3":"status-publish","4":"has-post-thumbnail","6":"product_cat-sunims","7":"product_cat-sunu-maistas","8":"product_cat-sausas-maistas","9":"product_cat-quattro-sunu-maistas","10":"pa_prekinis-zenklas-quattro","12":"first","13":"instock","14":"taxable","15":"shipping-taxable","16":"purchasable","17":"product-type-variable"},"yoast_head":"<!-- This site is optimized with the Yoast SEO Premium plugin v27.1 (Yoast SEO v27.5) - https:\/\/yoast.com\/product\/yoast-seo-premium-wordpress\/ -->\n<title>QUATTRO Small Breed Adult sausas begr\u016bdis hipoalerginis maistas su la\u0161i\u0161a ir kriliu - anivet.lt<\/title>\n<meta name=\"description\" content=\"Visavertis begr\u016bdis sausas pa\u0161aras ma\u017e\u0173 veisli\u0173 jautriems suaugusiems \u0161unims, kuriems \u012ftariama alergija maistui. \u0160is hipoalerginis pa\u0161aras su la\u0161i\u0161a ir kriliu u\u017etikrina subalansuot\u0105 mityb\u0105, puik\u0173 skon\u012f ir prisideda prie kasdien\u0117s \u0161uns sveikatos.\" \/>\n<meta name=\"robots\" content=\"index, follow, max-snippet:-1, max-image-preview:large, max-video-preview:-1\" \/>\n<link rel=\"canonical\" href=\"https:\/\/anivet.lt\/elparduotuve\/produktas\/quattro-small-breed-adult-sausas-begrudis-hipoalerginis-maistas-su-lasisa-ir-kriliu\/\" \/>\n<meta property=\"og:locale\" content=\"lt_LT\" \/>\n<meta property=\"og:type\" content=\"article\" \/>\n<meta property=\"og:title\" content=\"QUATTRO Small Breed Adult sausas begr\u016bdis hipoalerginis maistas su la\u0161i\u0161a ir kriliu\" \/>\n<meta property=\"og:description\" content=\"Visavertis begr\u016bdis sausas pa\u0161aras ma\u017e\u0173 veisli\u0173 jautriems suaugusiems \u0161unims, kuriems \u012ftariama alergija maistui. \u0160is hipoalerginis pa\u0161aras su la\u0161i\u0161a ir kriliu u\u017etikrina subalansuot\u0105 mityb\u0105, puik\u0173 skon\u012f ir prisideda prie kasdien\u0117s \u0161uns sveikatos.\" \/>\n<meta property=\"og:url\" content=\"https:\/\/anivet.lt\/elparduotuve\/produktas\/quattro-small-breed-adult-sausas-begrudis-hipoalerginis-maistas-su-lasisa-ir-kriliu\/\" \/>\n<meta property=\"og:site_name\" content=\"anivet.lt\" \/>\n<meta property=\"article:modified_time\" content=\"2025-06-19T11:37:04+00:00\" \/>\n<meta property=\"og:image\" content=\"https:\/\/anivet.lt\/elparduotuve\/wp-content\/uploads\/2023\/07\/QUATTRO-SMALL-BREED-ADULT-SAUSAS-BEGRUDIS-HIPOALERGINIS-MAISTAS-SU-LASISA-IR-KRILIU-15-KG.jpg\" \/>\n\t<meta property=\"og:image:width\" content=\"625\" \/>\n\t<meta property=\"og:image:height\" content=\"794\" \/>\n\t<meta property=\"og:image:type\" content=\"image\/jpeg\" \/>\n<meta name=\"twitter:card\" content=\"summary_large_image\" \/>\n<meta name=\"twitter:label1\" content=\"Est. reading time\" \/>\n\t<meta name=\"twitter:data1\" content=\"1 minut\u0117\" \/>\n<script type=\"application\/ld+json\" class=\"yoast-schema-graph\">{\"@context\":\"https:\\\/\\\/schema.org\",\"@graph\":[{\"@type\":\"WebPage\",\"@id\":\"https:\\\/\\\/anivet.lt\\\/elparduotuve\\\/produktas\\\/quattro-small-breed-adult-sausas-begrudis-hipoalerginis-maistas-su-lasisa-ir-kriliu\\\/\",\"url\":\"https:\\\/\\\/anivet.lt\\\/elparduotuve\\\/produktas\\\/quattro-small-breed-adult-sausas-begrudis-hipoalerginis-maistas-su-lasisa-ir-kriliu\\\/\",\"name\":\"QUATTRO Small Breed Adult sausas begr\u016bdis hipoalerginis maistas su la\u0161i\u0161a ir kriliu - anivet.lt\",\"isPartOf\":{\"@id\":\"https:\\\/\\\/anivet.lt\\\/elparduotuve\\\/#website\"},\"primaryImageOfPage\":{\"@id\":\"https:\\\/\\\/anivet.lt\\\/elparduotuve\\\/produktas\\\/quattro-small-breed-adult-sausas-begrudis-hipoalerginis-maistas-su-lasisa-ir-kriliu\\\/#primaryimage\"},\"image\":{\"@id\":\"https:\\\/\\\/anivet.lt\\\/elparduotuve\\\/produktas\\\/quattro-small-breed-adult-sausas-begrudis-hipoalerginis-maistas-su-lasisa-ir-kriliu\\\/#primaryimage\"},\"thumbnailUrl\":\"https:\\\/\\\/anivet.lt\\\/elparduotuve\\\/wp-content\\\/uploads\\\/2023\\\/07\\\/QUATTRO-SMALL-BREED-ADULT-SAUSAS-BEGRUDIS-HIPOALERGINIS-MAISTAS-SU-LASISA-IR-KRILIU-15-KG.jpg\",\"datePublished\":\"2023-07-25T10:59:45+00:00\",\"dateModified\":\"2025-06-19T11:37:04+00:00\",\"description\":\"Visavertis begr\u016bdis sausas pa\u0161aras ma\u017e\u0173 veisli\u0173 jautriems suaugusiems \u0161unims, kuriems \u012ftariama alergija maistui. \u0160is hipoalerginis pa\u0161aras su la\u0161i\u0161a ir kriliu u\u017etikrina subalansuot\u0105 mityb\u0105, puik\u0173 skon\u012f ir prisideda prie kasdien\u0117s \u0161uns sveikatos.\",\"breadcrumb\":{\"@id\":\"https:\\\/\\\/anivet.lt\\\/elparduotuve\\\/produktas\\\/quattro-small-breed-adult-sausas-begrudis-hipoalerginis-maistas-su-lasisa-ir-kriliu\\\/#breadcrumb\"},\"inLanguage\":\"lt-LT\",\"potentialAction\":[{\"@type\":\"ReadAction\",\"target\":[\"https:\\\/\\\/anivet.lt\\\/elparduotuve\\\/produktas\\\/quattro-small-breed-adult-sausas-begrudis-hipoalerginis-maistas-su-lasisa-ir-kriliu\\\/\"]}]},{\"@type\":\"ImageObject\",\"inLanguage\":\"lt-LT\",\"@id\":\"https:\\\/\\\/anivet.lt\\\/elparduotuve\\\/produktas\\\/quattro-small-breed-adult-sausas-begrudis-hipoalerginis-maistas-su-lasisa-ir-kriliu\\\/#primaryimage\",\"url\":\"https:\\\/\\\/anivet.lt\\\/elparduotuve\\\/wp-content\\\/uploads\\\/2023\\\/07\\\/QUATTRO-SMALL-BREED-ADULT-SAUSAS-BEGRUDIS-HIPOALERGINIS-MAISTAS-SU-LASISA-IR-KRILIU-15-KG.jpg\",\"contentUrl\":\"https:\\\/\\\/anivet.lt\\\/elparduotuve\\\/wp-content\\\/uploads\\\/2023\\\/07\\\/QUATTRO-SMALL-BREED-ADULT-SAUSAS-BEGRUDIS-HIPOALERGINIS-MAISTAS-SU-LASISA-IR-KRILIU-15-KG.jpg\",\"width\":625,\"height\":794,\"caption\":\"QUATTRO Small Breed Adult sausas begr\u016bdis hipoalerginis maistas su la\u0161i\u0161a ir kriliu\"},{\"@type\":\"BreadcrumbList\",\"@id\":\"https:\\\/\\\/anivet.lt\\\/elparduotuve\\\/produktas\\\/quattro-small-breed-adult-sausas-begrudis-hipoalerginis-maistas-su-lasisa-ir-kriliu\\\/#breadcrumb\",\"itemListElement\":[{\"@type\":\"ListItem\",\"position\":1,\"name\":\"Home\",\"item\":\"https:\\\/\\\/anivet.lt\\\/elparduotuve\\\/\"},{\"@type\":\"ListItem\",\"position\":2,\"name\":\"Produktai\",\"item\":\"https:\\\/\\\/anivet.lt\\\/elparduotuve\\\/produktai\\\/\"},{\"@type\":\"ListItem\",\"position\":3,\"name\":\"QUATTRO Small Breed Adult sausas begr\u016bdis hipoalerginis maistas su la\u0161i\u0161a ir kriliu\"}]},{\"@type\":\"WebSite\",\"@id\":\"https:\\\/\\\/anivet.lt\\\/elparduotuve\\\/#website\",\"url\":\"https:\\\/\\\/anivet.lt\\\/elparduotuve\\\/\",\"name\":\"anivet.lt\",\"description\":\"Viskas J\u016bs\u0173 \u0161uns, kat\u0117s prie\u017ei\u016brai\",\"publisher\":{\"@id\":\"https:\\\/\\\/anivet.lt\\\/elparduotuve\\\/#organization\"},\"alternateName\":\"Viskas J\u016bs\u0173 \u0161uns, kat\u0117s prie\u017ei\u016brai\",\"potentialAction\":[{\"@type\":\"SearchAction\",\"target\":{\"@type\":\"EntryPoint\",\"urlTemplate\":\"https:\\\/\\\/anivet.lt\\\/elparduotuve\\\/?s={search_term_string}\"},\"query-input\":{\"@type\":\"PropertyValueSpecification\",\"valueRequired\":true,\"valueName\":\"search_term_string\"}}],\"inLanguage\":\"lt-LT\"},{\"@type\":\"Organization\",\"@id\":\"https:\\\/\\\/anivet.lt\\\/elparduotuve\\\/#organization\",\"name\":\"Viskas J\u016bs\u0173 \u0161uns, kat\u0117s prie\u017ei\u016brai\",\"url\":\"https:\\\/\\\/anivet.lt\\\/elparduotuve\\\/\",\"logo\":{\"@type\":\"ImageObject\",\"inLanguage\":\"lt-LT\",\"@id\":\"https:\\\/\\\/anivet.lt\\\/elparduotuve\\\/#\\\/schema\\\/logo\\\/image\\\/\",\"url\":\"https:\\\/\\\/anivet.lt\\\/elparduotuve\\\/wp-content\\\/uploads\\\/2023\\\/06\\\/logo2.jpg\",\"contentUrl\":\"https:\\\/\\\/anivet.lt\\\/elparduotuve\\\/wp-content\\\/uploads\\\/2023\\\/06\\\/logo2.jpg\",\"width\":655,\"height\":194,\"caption\":\"Viskas J\u016bs\u0173 \u0161uns, kat\u0117s prie\u017ei\u016brai\"},\"image\":{\"@id\":\"https:\\\/\\\/anivet.lt\\\/elparduotuve\\\/#\\\/schema\\\/logo\\\/image\\\/\"}}]}<\/script>\n<!-- \/ Yoast SEO Premium plugin. -->","yoast_head_json":{"title":"QUATTRO Small Breed Adult sausas begr\u016bdis hipoalerginis maistas su la\u0161i\u0161a ir kriliu - anivet.lt","description":"Visavertis begr\u016bdis sausas pa\u0161aras ma\u017e\u0173 veisli\u0173 jautriems suaugusiems \u0161unims, kuriems \u012ftariama alergija maistui. \u0160is hipoalerginis pa\u0161aras su la\u0161i\u0161a ir kriliu u\u017etikrina subalansuot\u0105 mityb\u0105, puik\u0173 skon\u012f ir prisideda prie kasdien\u0117s \u0161uns sveikatos.","robots":{"index":"index","follow":"follow","max-snippet":"max-snippet:-1","max-image-preview":"max-image-preview:large","max-video-preview":"max-video-preview:-1"},"canonical":"https:\/\/anivet.lt\/elparduotuve\/produktas\/quattro-small-breed-adult-sausas-begrudis-hipoalerginis-maistas-su-lasisa-ir-kriliu\/","og_locale":"lt_LT","og_type":"article","og_title":"QUATTRO Small Breed Adult sausas begr\u016bdis hipoalerginis maistas su la\u0161i\u0161a ir kriliu","og_description":"Visavertis begr\u016bdis sausas pa\u0161aras ma\u017e\u0173 veisli\u0173 jautriems suaugusiems \u0161unims, kuriems \u012ftariama alergija maistui. \u0160is hipoalerginis pa\u0161aras su la\u0161i\u0161a ir kriliu u\u017etikrina subalansuot\u0105 mityb\u0105, puik\u0173 skon\u012f ir prisideda prie kasdien\u0117s \u0161uns sveikatos.","og_url":"https:\/\/anivet.lt\/elparduotuve\/produktas\/quattro-small-breed-adult-sausas-begrudis-hipoalerginis-maistas-su-lasisa-ir-kriliu\/","og_site_name":"anivet.lt","article_modified_time":"2025-06-19T11:37:04+00:00","og_image":[{"width":625,"height":794,"url":"https:\/\/anivet.lt\/elparduotuve\/wp-content\/uploads\/2023\/07\/QUATTRO-SMALL-BREED-ADULT-SAUSAS-BEGRUDIS-HIPOALERGINIS-MAISTAS-SU-LASISA-IR-KRILIU-15-KG.jpg","type":"image\/jpeg"}],"twitter_card":"summary_large_image","twitter_misc":{"Est. reading time":"1 minut\u0117"},"schema":{"@context":"https:\/\/schema.org","@graph":[{"@type":"WebPage","@id":"https:\/\/anivet.lt\/elparduotuve\/produktas\/quattro-small-breed-adult-sausas-begrudis-hipoalerginis-maistas-su-lasisa-ir-kriliu\/","url":"https:\/\/anivet.lt\/elparduotuve\/produktas\/quattro-small-breed-adult-sausas-begrudis-hipoalerginis-maistas-su-lasisa-ir-kriliu\/","name":"QUATTRO Small Breed Adult sausas begr\u016bdis hipoalerginis maistas su la\u0161i\u0161a ir kriliu - anivet.lt","isPartOf":{"@id":"https:\/\/anivet.lt\/elparduotuve\/#website"},"primaryImageOfPage":{"@id":"https:\/\/anivet.lt\/elparduotuve\/produktas\/quattro-small-breed-adult-sausas-begrudis-hipoalerginis-maistas-su-lasisa-ir-kriliu\/#primaryimage"},"image":{"@id":"https:\/\/anivet.lt\/elparduotuve\/produktas\/quattro-small-breed-adult-sausas-begrudis-hipoalerginis-maistas-su-lasisa-ir-kriliu\/#primaryimage"},"thumbnailUrl":"https:\/\/anivet.lt\/elparduotuve\/wp-content\/uploads\/2023\/07\/QUATTRO-SMALL-BREED-ADULT-SAUSAS-BEGRUDIS-HIPOALERGINIS-MAISTAS-SU-LASISA-IR-KRILIU-15-KG.jpg","datePublished":"2023-07-25T10:59:45+00:00","dateModified":"2025-06-19T11:37:04+00:00","description":"Visavertis begr\u016bdis sausas pa\u0161aras ma\u017e\u0173 veisli\u0173 jautriems suaugusiems \u0161unims, kuriems \u012ftariama alergija maistui. \u0160is hipoalerginis pa\u0161aras su la\u0161i\u0161a ir kriliu u\u017etikrina subalansuot\u0105 mityb\u0105, puik\u0173 skon\u012f ir prisideda prie kasdien\u0117s \u0161uns sveikatos.","breadcrumb":{"@id":"https:\/\/anivet.lt\/elparduotuve\/produktas\/quattro-small-breed-adult-sausas-begrudis-hipoalerginis-maistas-su-lasisa-ir-kriliu\/#breadcrumb"},"inLanguage":"lt-LT","potentialAction":[{"@type":"ReadAction","target":["https:\/\/anivet.lt\/elparduotuve\/produktas\/quattro-small-breed-adult-sausas-begrudis-hipoalerginis-maistas-su-lasisa-ir-kriliu\/"]}]},{"@type":"ImageObject","inLanguage":"lt-LT","@id":"https:\/\/anivet.lt\/elparduotuve\/produktas\/quattro-small-breed-adult-sausas-begrudis-hipoalerginis-maistas-su-lasisa-ir-kriliu\/#primaryimage","url":"https:\/\/anivet.lt\/elparduotuve\/wp-content\/uploads\/2023\/07\/QUATTRO-SMALL-BREED-ADULT-SAUSAS-BEGRUDIS-HIPOALERGINIS-MAISTAS-SU-LASISA-IR-KRILIU-15-KG.jpg","contentUrl":"https:\/\/anivet.lt\/elparduotuve\/wp-content\/uploads\/2023\/07\/QUATTRO-SMALL-BREED-ADULT-SAUSAS-BEGRUDIS-HIPOALERGINIS-MAISTAS-SU-LASISA-IR-KRILIU-15-KG.jpg","width":625,"height":794,"caption":"QUATTRO Small Breed Adult sausas begr\u016bdis hipoalerginis maistas su la\u0161i\u0161a ir kriliu"},{"@type":"BreadcrumbList","@id":"https:\/\/anivet.lt\/elparduotuve\/produktas\/quattro-small-breed-adult-sausas-begrudis-hipoalerginis-maistas-su-lasisa-ir-kriliu\/#breadcrumb","itemListElement":[{"@type":"ListItem","position":1,"name":"Home","item":"https:\/\/anivet.lt\/elparduotuve\/"},{"@type":"ListItem","position":2,"name":"Produktai","item":"https:\/\/anivet.lt\/elparduotuve\/produktai\/"},{"@type":"ListItem","position":3,"name":"QUATTRO Small Breed Adult sausas begr\u016bdis hipoalerginis maistas su la\u0161i\u0161a ir kriliu"}]},{"@type":"WebSite","@id":"https:\/\/anivet.lt\/elparduotuve\/#website","url":"https:\/\/anivet.lt\/elparduotuve\/","name":"anivet.lt","description":"Viskas J\u016bs\u0173 \u0161uns, kat\u0117s prie\u017ei\u016brai","publisher":{"@id":"https:\/\/anivet.lt\/elparduotuve\/#organization"},"alternateName":"Viskas J\u016bs\u0173 \u0161uns, kat\u0117s prie\u017ei\u016brai","potentialAction":[{"@type":"SearchAction","target":{"@type":"EntryPoint","urlTemplate":"https:\/\/anivet.lt\/elparduotuve\/?s={search_term_string}"},"query-input":{"@type":"PropertyValueSpecification","valueRequired":true,"valueName":"search_term_string"}}],"inLanguage":"lt-LT"},{"@type":"Organization","@id":"https:\/\/anivet.lt\/elparduotuve\/#organization","name":"Viskas J\u016bs\u0173 \u0161uns, kat\u0117s prie\u017ei\u016brai","url":"https:\/\/anivet.lt\/elparduotuve\/","logo":{"@type":"ImageObject","inLanguage":"lt-LT","@id":"https:\/\/anivet.lt\/elparduotuve\/#\/schema\/logo\/image\/","url":"https:\/\/anivet.lt\/elparduotuve\/wp-content\/uploads\/2023\/06\/logo2.jpg","contentUrl":"https:\/\/anivet.lt\/elparduotuve\/wp-content\/uploads\/2023\/06\/logo2.jpg","width":655,"height":194,"caption":"Viskas J\u016bs\u0173 \u0161uns, kat\u0117s prie\u017ei\u016brai"},"image":{"@id":"https:\/\/anivet.lt\/elparduotuve\/#\/schema\/logo\/image\/"}}]}},"_links":{"self":[{"href":"https:\/\/anivet.lt\/elparduotuve\/wp-json\/wp\/v2\/product\/10619","targetHints":{"allow":["GET"]}}],"collection":[{"href":"https:\/\/anivet.lt\/elparduotuve\/wp-json\/wp\/v2\/product"}],"about":[{"href":"https:\/\/anivet.lt\/elparduotuve\/wp-json\/wp\/v2\/types\/product"}],"wp:featuredmedia":[{"embeddable":true,"href":"https:\/\/anivet.lt\/elparduotuve\/wp-json\/wp\/v2\/media\/10620"}],"wp:attachment":[{"href":"https:\/\/anivet.lt\/elparduotuve\/wp-json\/wp\/v2\/media?parent=10619"}],"wp:term":[{"taxonomy":"product_brand","embeddable":true,"href":"https:\/\/anivet.lt\/elparduotuve\/wp-json\/wp\/v2\/product_brand?post=10619"},{"taxonomy":"product_cat","embeddable":true,"href":"https:\/\/anivet.lt\/elparduotuve\/wp-json\/wp\/v2\/product_cat?post=10619"},{"taxonomy":"product_tag","embeddable":true,"href":"https:\/\/anivet.lt\/elparduotuve\/wp-json\/wp\/v2\/product_tag?post=10619"}],"curies":[{"name":"wp","href":"https:\/\/api.w.org\/{rel}","templated":true}]}}