{"id":10624,"date":"2023-07-25T11:28:15","date_gmt":"2023-07-25T11:28:15","guid":{"rendered":"https:\/\/anivet.lt\/elparduotuve\/?post_type=product&#038;p=10624"},"modified":"2025-06-19T11:47:38","modified_gmt":"2025-06-19T11:47:38","slug":"quattro-small-breed-puppy-mother-care-sausas-begrudis-maistas-su-antiena","status":"publish","type":"product","link":"https:\/\/anivet.lt\/elparduotuve\/produktas\/quattro-small-breed-puppy-mother-care-sausas-begrudis-maistas-su-antiena\/","title":{"rendered":"QUATTRO Small Breed Puppy &amp; Mother Care sausas begr\u016bdis maistas su antiena"},"content":{"rendered":"<ul>\n<li style=\"font-weight: 400;\" aria-level=\"1\"><span style=\"font-weight: 400;\">Energijos poreikiams: Specialiai pritaikyta formul\u0117 n\u0117\u0161\u010dioms ir \u017eindan\u010dioms kal\u0117ms, u\u017etikrinant reikaling\u0105 energij\u0105 n\u0117\u0161tumo ir laktacijos metu.<\/span><\/li>\n<li style=\"font-weight: 400;\" aria-level=\"1\"><span style=\"font-weight: 400;\">Sveikam augimui: Omega-3 riebal\u0173 r\u016bg\u0161tys (DHR ir EPA) i\u0161 Antarkties krilio palaiko smegen\u0173, regos ir nerv\u0173 sistemos vystym\u0105si.<\/span><\/li>\n<li style=\"font-weight: 400;\" aria-level=\"1\"><span style=\"font-weight: 400;\">Lengvas vir\u0161kinimas: Auk\u0161tos kokyb\u0117s antiena, prebiotikai ir augalin\u0117s kilm\u0117s skaidulos palaiko vir\u0161kinimo sistem\u0105 ir ger\u0105 i\u0161mat\u0173 kokyb\u0119.<\/span><\/li>\n<li style=\"font-weight: 400;\" aria-level=\"1\"><span style=\"font-weight: 400;\">Nat\u016bralus skonis: Granul\u0117 padengta \u0161altyje d\u017eiovinta m\u0117sa, kuri suteikia nat\u016bral\u0173 skon\u012f ir maisting\u0105sias med\u017eiagas.<\/span><\/li>\n<li style=\"font-weight: 400;\" aria-level=\"1\"><span style=\"font-weight: 400;\">Supermaistas: Sald\u017eiosios bulv\u0117s, burok\u0117liai ir spanguol\u0117s praturtina pa\u0161ar\u0105 nat\u016braliai naudingais ingredientais.<\/span><\/li>\n<\/ul>\n<p><span style=\"font-weight: 400;\">Tai puikus pasirinkimas jauniems \u0161uniukams ir maitinan\u010dioms kal\u0117ms, padedantis u\u017etikrinti j\u0173 sveik\u0105 augim\u0105, energij\u0105 ir gerov\u0119. Pagamintas be GMO, glitimo ar gr\u016bd\u0173, tod\u0117l tinka net jautriems augintiniams.<\/span><\/p>\n","protected":false},"excerpt":{"rendered":"<p><span style=\"font-weight: 400;\">Visavertis begr\u016bdis sausas pa\u0161aras, skirtas \u0161uniukams iki 2 m\u0117nesi\u0173, taip pat n\u0117\u0161\u010dioms ir \u017eindan\u010dioms \u0161un\u0173 patel\u0117ms. \u0160is pa\u0161aras pritaikytas padidintiems energijos poreikiams ir u\u017etikrina sveik\u0105 augim\u0105 bei ger\u0105 savijaut\u0105.<\/span><\/p>\n","protected":false},"featured_media":10625,"template":"","meta":[],"product_brand":[],"product_cat":[101,103,104,320],"product_tag":[],"class_list":{"0":"post-10624","1":"product","2":"type-product","3":"status-publish","4":"has-post-thumbnail","6":"product_cat-sunims","7":"product_cat-sunu-maistas","8":"product_cat-sausas-maistas","9":"product_cat-quattro-sunu-maistas","10":"pa_prekinis-zenklas-quattro","12":"first","13":"instock","14":"taxable","15":"shipping-taxable","16":"purchasable","17":"product-type-variable"},"yoast_head":"<!-- This site is optimized with the Yoast SEO Premium plugin v27.1 (Yoast SEO v27.5) - https:\/\/yoast.com\/product\/yoast-seo-premium-wordpress\/ -->\n<title>QUATTRO Small Breed Puppy &amp; Mother Care sausas begr\u016bdis maistas su antiena - anivet.lt<\/title>\n<meta name=\"description\" content=\"Visavertis begr\u016bdis sausas pa\u0161aras, skirtas \u0161uniukams iki 2 m\u0117nesi\u0173, taip pat n\u0117\u0161\u010dioms ir \u017eindan\u010dioms \u0161un\u0173 patel\u0117ms. \u0160is pa\u0161aras pritaikytas padidintiems energijos poreikiams ir u\u017etikrina sveik\u0105 augim\u0105 bei ger\u0105 savijaut\u0105.\" \/>\n<meta name=\"robots\" content=\"index, follow, max-snippet:-1, max-image-preview:large, max-video-preview:-1\" \/>\n<link rel=\"canonical\" href=\"https:\/\/anivet.lt\/elparduotuve\/produktas\/quattro-small-breed-puppy-mother-care-sausas-begrudis-maistas-su-antiena\/\" \/>\n<meta property=\"og:locale\" content=\"lt_LT\" \/>\n<meta property=\"og:type\" content=\"article\" \/>\n<meta property=\"og:title\" content=\"QUATTRO Small Breed Puppy &amp; Mother Care sausas begr\u016bdis maistas su antiena\" \/>\n<meta property=\"og:description\" content=\"Visavertis begr\u016bdis sausas pa\u0161aras, skirtas \u0161uniukams iki 2 m\u0117nesi\u0173, taip pat n\u0117\u0161\u010dioms ir \u017eindan\u010dioms \u0161un\u0173 patel\u0117ms. \u0160is pa\u0161aras pritaikytas padidintiems energijos poreikiams ir u\u017etikrina sveik\u0105 augim\u0105 bei ger\u0105 savijaut\u0105.\" \/>\n<meta property=\"og:url\" content=\"https:\/\/anivet.lt\/elparduotuve\/produktas\/quattro-small-breed-puppy-mother-care-sausas-begrudis-maistas-su-antiena\/\" \/>\n<meta property=\"og:site_name\" content=\"anivet.lt\" \/>\n<meta property=\"article:modified_time\" content=\"2025-06-19T11:47:38+00:00\" \/>\n<meta property=\"og:image\" content=\"https:\/\/anivet.lt\/elparduotuve\/wp-content\/uploads\/2023\/07\/QUATTRO-Small-Breed-Puppy-Mother-Care-sausas-begrudis-maistas-su-antiena-7-kg.jpg\" \/>\n\t<meta property=\"og:image:width\" content=\"625\" \/>\n\t<meta property=\"og:image:height\" content=\"794\" \/>\n\t<meta property=\"og:image:type\" content=\"image\/jpeg\" \/>\n<meta name=\"twitter:card\" content=\"summary_large_image\" \/>\n<meta name=\"twitter:label1\" content=\"Est. reading time\" \/>\n\t<meta name=\"twitter:data1\" content=\"1 minut\u0117\" \/>\n<script type=\"application\/ld+json\" class=\"yoast-schema-graph\">{\"@context\":\"https:\\\/\\\/schema.org\",\"@graph\":[{\"@type\":\"WebPage\",\"@id\":\"https:\\\/\\\/anivet.lt\\\/elparduotuve\\\/produktas\\\/quattro-small-breed-puppy-mother-care-sausas-begrudis-maistas-su-antiena\\\/\",\"url\":\"https:\\\/\\\/anivet.lt\\\/elparduotuve\\\/produktas\\\/quattro-small-breed-puppy-mother-care-sausas-begrudis-maistas-su-antiena\\\/\",\"name\":\"QUATTRO Small Breed Puppy &amp; Mother Care sausas begr\u016bdis maistas su antiena - anivet.lt\",\"isPartOf\":{\"@id\":\"https:\\\/\\\/anivet.lt\\\/elparduotuve\\\/#website\"},\"primaryImageOfPage\":{\"@id\":\"https:\\\/\\\/anivet.lt\\\/elparduotuve\\\/produktas\\\/quattro-small-breed-puppy-mother-care-sausas-begrudis-maistas-su-antiena\\\/#primaryimage\"},\"image\":{\"@id\":\"https:\\\/\\\/anivet.lt\\\/elparduotuve\\\/produktas\\\/quattro-small-breed-puppy-mother-care-sausas-begrudis-maistas-su-antiena\\\/#primaryimage\"},\"thumbnailUrl\":\"https:\\\/\\\/anivet.lt\\\/elparduotuve\\\/wp-content\\\/uploads\\\/2023\\\/07\\\/QUATTRO-Small-Breed-Puppy-Mother-Care-sausas-begrudis-maistas-su-antiena-7-kg.jpg\",\"datePublished\":\"2023-07-25T11:28:15+00:00\",\"dateModified\":\"2025-06-19T11:47:38+00:00\",\"description\":\"Visavertis begr\u016bdis sausas pa\u0161aras, skirtas \u0161uniukams iki 2 m\u0117nesi\u0173, taip pat n\u0117\u0161\u010dioms ir \u017eindan\u010dioms \u0161un\u0173 patel\u0117ms. \u0160is pa\u0161aras pritaikytas padidintiems energijos poreikiams ir u\u017etikrina sveik\u0105 augim\u0105 bei ger\u0105 savijaut\u0105.\",\"breadcrumb\":{\"@id\":\"https:\\\/\\\/anivet.lt\\\/elparduotuve\\\/produktas\\\/quattro-small-breed-puppy-mother-care-sausas-begrudis-maistas-su-antiena\\\/#breadcrumb\"},\"inLanguage\":\"lt-LT\",\"potentialAction\":[{\"@type\":\"ReadAction\",\"target\":[\"https:\\\/\\\/anivet.lt\\\/elparduotuve\\\/produktas\\\/quattro-small-breed-puppy-mother-care-sausas-begrudis-maistas-su-antiena\\\/\"]}]},{\"@type\":\"ImageObject\",\"inLanguage\":\"lt-LT\",\"@id\":\"https:\\\/\\\/anivet.lt\\\/elparduotuve\\\/produktas\\\/quattro-small-breed-puppy-mother-care-sausas-begrudis-maistas-su-antiena\\\/#primaryimage\",\"url\":\"https:\\\/\\\/anivet.lt\\\/elparduotuve\\\/wp-content\\\/uploads\\\/2023\\\/07\\\/QUATTRO-Small-Breed-Puppy-Mother-Care-sausas-begrudis-maistas-su-antiena-7-kg.jpg\",\"contentUrl\":\"https:\\\/\\\/anivet.lt\\\/elparduotuve\\\/wp-content\\\/uploads\\\/2023\\\/07\\\/QUATTRO-Small-Breed-Puppy-Mother-Care-sausas-begrudis-maistas-su-antiena-7-kg.jpg\",\"width\":625,\"height\":794,\"caption\":\"QUATTRO Small Breed Puppy &amp; Mother Care sausas begr\u016bdis maistas su antiena\"},{\"@type\":\"BreadcrumbList\",\"@id\":\"https:\\\/\\\/anivet.lt\\\/elparduotuve\\\/produktas\\\/quattro-small-breed-puppy-mother-care-sausas-begrudis-maistas-su-antiena\\\/#breadcrumb\",\"itemListElement\":[{\"@type\":\"ListItem\",\"position\":1,\"name\":\"Home\",\"item\":\"https:\\\/\\\/anivet.lt\\\/elparduotuve\\\/\"},{\"@type\":\"ListItem\",\"position\":2,\"name\":\"Produktai\",\"item\":\"https:\\\/\\\/anivet.lt\\\/elparduotuve\\\/produktai\\\/\"},{\"@type\":\"ListItem\",\"position\":3,\"name\":\"QUATTRO Small Breed Puppy &amp; Mother Care sausas begr\u016bdis maistas su antiena\"}]},{\"@type\":\"WebSite\",\"@id\":\"https:\\\/\\\/anivet.lt\\\/elparduotuve\\\/#website\",\"url\":\"https:\\\/\\\/anivet.lt\\\/elparduotuve\\\/\",\"name\":\"anivet.lt\",\"description\":\"Viskas J\u016bs\u0173 \u0161uns, kat\u0117s prie\u017ei\u016brai\",\"publisher\":{\"@id\":\"https:\\\/\\\/anivet.lt\\\/elparduotuve\\\/#organization\"},\"alternateName\":\"Viskas J\u016bs\u0173 \u0161uns, kat\u0117s prie\u017ei\u016brai\",\"potentialAction\":[{\"@type\":\"SearchAction\",\"target\":{\"@type\":\"EntryPoint\",\"urlTemplate\":\"https:\\\/\\\/anivet.lt\\\/elparduotuve\\\/?s={search_term_string}\"},\"query-input\":{\"@type\":\"PropertyValueSpecification\",\"valueRequired\":true,\"valueName\":\"search_term_string\"}}],\"inLanguage\":\"lt-LT\"},{\"@type\":\"Organization\",\"@id\":\"https:\\\/\\\/anivet.lt\\\/elparduotuve\\\/#organization\",\"name\":\"Viskas J\u016bs\u0173 \u0161uns, kat\u0117s prie\u017ei\u016brai\",\"url\":\"https:\\\/\\\/anivet.lt\\\/elparduotuve\\\/\",\"logo\":{\"@type\":\"ImageObject\",\"inLanguage\":\"lt-LT\",\"@id\":\"https:\\\/\\\/anivet.lt\\\/elparduotuve\\\/#\\\/schema\\\/logo\\\/image\\\/\",\"url\":\"https:\\\/\\\/anivet.lt\\\/elparduotuve\\\/wp-content\\\/uploads\\\/2023\\\/06\\\/logo2.jpg\",\"contentUrl\":\"https:\\\/\\\/anivet.lt\\\/elparduotuve\\\/wp-content\\\/uploads\\\/2023\\\/06\\\/logo2.jpg\",\"width\":655,\"height\":194,\"caption\":\"Viskas J\u016bs\u0173 \u0161uns, kat\u0117s prie\u017ei\u016brai\"},\"image\":{\"@id\":\"https:\\\/\\\/anivet.lt\\\/elparduotuve\\\/#\\\/schema\\\/logo\\\/image\\\/\"}}]}<\/script>\n<!-- \/ Yoast SEO Premium plugin. -->","yoast_head_json":{"title":"QUATTRO Small Breed Puppy &amp; Mother Care sausas begr\u016bdis maistas su antiena - anivet.lt","description":"Visavertis begr\u016bdis sausas pa\u0161aras, skirtas \u0161uniukams iki 2 m\u0117nesi\u0173, taip pat n\u0117\u0161\u010dioms ir \u017eindan\u010dioms \u0161un\u0173 patel\u0117ms. \u0160is pa\u0161aras pritaikytas padidintiems energijos poreikiams ir u\u017etikrina sveik\u0105 augim\u0105 bei ger\u0105 savijaut\u0105.","robots":{"index":"index","follow":"follow","max-snippet":"max-snippet:-1","max-image-preview":"max-image-preview:large","max-video-preview":"max-video-preview:-1"},"canonical":"https:\/\/anivet.lt\/elparduotuve\/produktas\/quattro-small-breed-puppy-mother-care-sausas-begrudis-maistas-su-antiena\/","og_locale":"lt_LT","og_type":"article","og_title":"QUATTRO Small Breed Puppy &amp; Mother Care sausas begr\u016bdis maistas su antiena","og_description":"Visavertis begr\u016bdis sausas pa\u0161aras, skirtas \u0161uniukams iki 2 m\u0117nesi\u0173, taip pat n\u0117\u0161\u010dioms ir \u017eindan\u010dioms \u0161un\u0173 patel\u0117ms. \u0160is pa\u0161aras pritaikytas padidintiems energijos poreikiams ir u\u017etikrina sveik\u0105 augim\u0105 bei ger\u0105 savijaut\u0105.","og_url":"https:\/\/anivet.lt\/elparduotuve\/produktas\/quattro-small-breed-puppy-mother-care-sausas-begrudis-maistas-su-antiena\/","og_site_name":"anivet.lt","article_modified_time":"2025-06-19T11:47:38+00:00","og_image":[{"width":625,"height":794,"url":"https:\/\/anivet.lt\/elparduotuve\/wp-content\/uploads\/2023\/07\/QUATTRO-Small-Breed-Puppy-Mother-Care-sausas-begrudis-maistas-su-antiena-7-kg.jpg","type":"image\/jpeg"}],"twitter_card":"summary_large_image","twitter_misc":{"Est. reading time":"1 minut\u0117"},"schema":{"@context":"https:\/\/schema.org","@graph":[{"@type":"WebPage","@id":"https:\/\/anivet.lt\/elparduotuve\/produktas\/quattro-small-breed-puppy-mother-care-sausas-begrudis-maistas-su-antiena\/","url":"https:\/\/anivet.lt\/elparduotuve\/produktas\/quattro-small-breed-puppy-mother-care-sausas-begrudis-maistas-su-antiena\/","name":"QUATTRO Small Breed Puppy &amp; Mother Care sausas begr\u016bdis maistas su antiena - anivet.lt","isPartOf":{"@id":"https:\/\/anivet.lt\/elparduotuve\/#website"},"primaryImageOfPage":{"@id":"https:\/\/anivet.lt\/elparduotuve\/produktas\/quattro-small-breed-puppy-mother-care-sausas-begrudis-maistas-su-antiena\/#primaryimage"},"image":{"@id":"https:\/\/anivet.lt\/elparduotuve\/produktas\/quattro-small-breed-puppy-mother-care-sausas-begrudis-maistas-su-antiena\/#primaryimage"},"thumbnailUrl":"https:\/\/anivet.lt\/elparduotuve\/wp-content\/uploads\/2023\/07\/QUATTRO-Small-Breed-Puppy-Mother-Care-sausas-begrudis-maistas-su-antiena-7-kg.jpg","datePublished":"2023-07-25T11:28:15+00:00","dateModified":"2025-06-19T11:47:38+00:00","description":"Visavertis begr\u016bdis sausas pa\u0161aras, skirtas \u0161uniukams iki 2 m\u0117nesi\u0173, taip pat n\u0117\u0161\u010dioms ir \u017eindan\u010dioms \u0161un\u0173 patel\u0117ms. \u0160is pa\u0161aras pritaikytas padidintiems energijos poreikiams ir u\u017etikrina sveik\u0105 augim\u0105 bei ger\u0105 savijaut\u0105.","breadcrumb":{"@id":"https:\/\/anivet.lt\/elparduotuve\/produktas\/quattro-small-breed-puppy-mother-care-sausas-begrudis-maistas-su-antiena\/#breadcrumb"},"inLanguage":"lt-LT","potentialAction":[{"@type":"ReadAction","target":["https:\/\/anivet.lt\/elparduotuve\/produktas\/quattro-small-breed-puppy-mother-care-sausas-begrudis-maistas-su-antiena\/"]}]},{"@type":"ImageObject","inLanguage":"lt-LT","@id":"https:\/\/anivet.lt\/elparduotuve\/produktas\/quattro-small-breed-puppy-mother-care-sausas-begrudis-maistas-su-antiena\/#primaryimage","url":"https:\/\/anivet.lt\/elparduotuve\/wp-content\/uploads\/2023\/07\/QUATTRO-Small-Breed-Puppy-Mother-Care-sausas-begrudis-maistas-su-antiena-7-kg.jpg","contentUrl":"https:\/\/anivet.lt\/elparduotuve\/wp-content\/uploads\/2023\/07\/QUATTRO-Small-Breed-Puppy-Mother-Care-sausas-begrudis-maistas-su-antiena-7-kg.jpg","width":625,"height":794,"caption":"QUATTRO Small Breed Puppy &amp; Mother Care sausas begr\u016bdis maistas su antiena"},{"@type":"BreadcrumbList","@id":"https:\/\/anivet.lt\/elparduotuve\/produktas\/quattro-small-breed-puppy-mother-care-sausas-begrudis-maistas-su-antiena\/#breadcrumb","itemListElement":[{"@type":"ListItem","position":1,"name":"Home","item":"https:\/\/anivet.lt\/elparduotuve\/"},{"@type":"ListItem","position":2,"name":"Produktai","item":"https:\/\/anivet.lt\/elparduotuve\/produktai\/"},{"@type":"ListItem","position":3,"name":"QUATTRO Small Breed Puppy &amp; Mother Care sausas begr\u016bdis maistas su antiena"}]},{"@type":"WebSite","@id":"https:\/\/anivet.lt\/elparduotuve\/#website","url":"https:\/\/anivet.lt\/elparduotuve\/","name":"anivet.lt","description":"Viskas J\u016bs\u0173 \u0161uns, kat\u0117s prie\u017ei\u016brai","publisher":{"@id":"https:\/\/anivet.lt\/elparduotuve\/#organization"},"alternateName":"Viskas J\u016bs\u0173 \u0161uns, kat\u0117s prie\u017ei\u016brai","potentialAction":[{"@type":"SearchAction","target":{"@type":"EntryPoint","urlTemplate":"https:\/\/anivet.lt\/elparduotuve\/?s={search_term_string}"},"query-input":{"@type":"PropertyValueSpecification","valueRequired":true,"valueName":"search_term_string"}}],"inLanguage":"lt-LT"},{"@type":"Organization","@id":"https:\/\/anivet.lt\/elparduotuve\/#organization","name":"Viskas J\u016bs\u0173 \u0161uns, kat\u0117s prie\u017ei\u016brai","url":"https:\/\/anivet.lt\/elparduotuve\/","logo":{"@type":"ImageObject","inLanguage":"lt-LT","@id":"https:\/\/anivet.lt\/elparduotuve\/#\/schema\/logo\/image\/","url":"https:\/\/anivet.lt\/elparduotuve\/wp-content\/uploads\/2023\/06\/logo2.jpg","contentUrl":"https:\/\/anivet.lt\/elparduotuve\/wp-content\/uploads\/2023\/06\/logo2.jpg","width":655,"height":194,"caption":"Viskas J\u016bs\u0173 \u0161uns, kat\u0117s prie\u017ei\u016brai"},"image":{"@id":"https:\/\/anivet.lt\/elparduotuve\/#\/schema\/logo\/image\/"}}]}},"_links":{"self":[{"href":"https:\/\/anivet.lt\/elparduotuve\/wp-json\/wp\/v2\/product\/10624","targetHints":{"allow":["GET"]}}],"collection":[{"href":"https:\/\/anivet.lt\/elparduotuve\/wp-json\/wp\/v2\/product"}],"about":[{"href":"https:\/\/anivet.lt\/elparduotuve\/wp-json\/wp\/v2\/types\/product"}],"wp:featuredmedia":[{"embeddable":true,"href":"https:\/\/anivet.lt\/elparduotuve\/wp-json\/wp\/v2\/media\/10625"}],"wp:attachment":[{"href":"https:\/\/anivet.lt\/elparduotuve\/wp-json\/wp\/v2\/media?parent=10624"}],"wp:term":[{"taxonomy":"product_brand","embeddable":true,"href":"https:\/\/anivet.lt\/elparduotuve\/wp-json\/wp\/v2\/product_brand?post=10624"},{"taxonomy":"product_cat","embeddable":true,"href":"https:\/\/anivet.lt\/elparduotuve\/wp-json\/wp\/v2\/product_cat?post=10624"},{"taxonomy":"product_tag","embeddable":true,"href":"https:\/\/anivet.lt\/elparduotuve\/wp-json\/wp\/v2\/product_tag?post=10624"}],"curies":[{"name":"wp","href":"https:\/\/api.w.org\/{rel}","templated":true}]}}