{"id":10633,"date":"2023-07-25T12:37:03","date_gmt":"2023-07-25T12:37:03","guid":{"rendered":"https:\/\/anivet.lt\/elparduotuve\/?post_type=product&#038;p=10633"},"modified":"2025-05-27T13:13:54","modified_gmt":"2025-05-27T13:13:54","slug":"quattro-sport-adult-sausas-aktyviu-sunu-pasaras-su-paukstiena","status":"publish","type":"product","link":"https:\/\/anivet.lt\/elparduotuve\/produktas\/quattro-sport-adult-sausas-aktyviu-sunu-pasaras-su-paukstiena\/","title":{"rendered":"QUATTRO Sport Adult sausas aktyvi\u0173 \u0161un\u0173 pa\u0161aras su pauk\u0161tiena"},"content":{"rendered":"<ul>\n<li style=\"font-weight: 400;\" aria-level=\"1\"><span style=\"font-weight: 400;\">Auk\u0161tas baltym\u0173 kiekis (30%): Palaiko stiprius ir aktyvius raumenis.<\/span><\/li>\n<li style=\"font-weight: 400;\" aria-level=\"1\"><span style=\"font-weight: 400;\">S\u0105nari\u0173 prie\u017ei\u016bra: Gliukozaminas, chondroitino sulfatas ir omega-3 riebal\u0173 r\u016bg\u0161tys padeda palaikyti s\u0105nari\u0173 sveikat\u0105.<\/span><\/li>\n<li style=\"font-weight: 400;\" aria-level=\"1\"><span style=\"font-weight: 400;\">Sveika \u017earnyno flora: Praturtintas prebiotikais (inulinas, mananoligosacharidai, jukos ekstraktas), kurie padeda naudingosioms bakterijoms.<\/span><\/li>\n<li style=\"font-weight: 400;\" aria-level=\"1\"><span style=\"font-weight: 400;\">Nat\u016brali pauk\u0161tiena: Naudojama vietoje u\u017eauginta pauk\u0161tiena be dirbtini\u0173 skonio stiprikli\u0173 ar da\u017eikli\u0173.<\/span><\/li>\n<li style=\"font-weight: 400;\" aria-level=\"1\"><span style=\"font-weight: 400;\">76% baltym\u0173 i\u0161 gyv\u016bnin\u0117s kilm\u0117s ingredient\u0173: U\u017etikrina ger\u0105 vir\u0161kinim\u0105 ir energijos balans\u0105.<\/span><\/li>\n<\/ul>\n<p><span style=\"font-weight: 400;\">Puikiai tinka aktyviems \u0161unims, u\u017etikrinant energijos poreik\u012f ir optimal\u0173 fizin\u012f pasirengim\u0105. Nat\u016bral\u016bs ingredientai ir subalansuota sud\u0117tis prisideda prie bendros augintinio sveikatos, o speciali formul\u0117 padeda palaikyti s\u0105nari\u0173 lankstum\u0105 bei \u017earnyno veikl\u0105. Granuli\u0173 apdirbimas \u0161altyje d\u017eiovinta m\u0117sa u\u017etikrina i\u0161skirtin\u012f skon\u012f ir maistines savybes.<\/span><\/p>\n<p style=\"background: white; margin: 0cm 0cm 7.5pt 0cm;\">\n","protected":false},"excerpt":{"rendered":"<p><span style=\"font-weight: 400;\">Visavertis pa\u0161aras, specialiai sukurtas suaugusiems aktyviems \u0161unims, tokiems kaip sportiniai, med\u017eiokliniai ar gelb\u0117jimo \u0161unys. Pa\u0161aro granul\u0117s padengtos \u0161altyje d\u017eiovinta vi\u0161tiena, suteikian\u010dia nat\u016bral\u0173 skon\u012f net ir i\u0161rankiausiems gurmanams.<\/span><\/p>\n","protected":false},"featured_media":10634,"template":"","meta":[],"product_brand":[],"product_cat":[101,103,104,320],"product_tag":[],"class_list":{"0":"post-10633","1":"product","2":"type-product","3":"status-publish","4":"has-post-thumbnail","6":"product_cat-sunims","7":"product_cat-sunu-maistas","8":"product_cat-sausas-maistas","9":"product_cat-quattro-sunu-maistas","10":"pa_prekinis-zenklas-quattro","12":"first","13":"instock","14":"taxable","15":"shipping-taxable","16":"purchasable","17":"product-type-variable"},"yoast_head":"<!-- This site is optimized with the Yoast SEO Premium plugin v27.1 (Yoast SEO v27.5) - https:\/\/yoast.com\/product\/yoast-seo-premium-wordpress\/ -->\n<title>QUATTRO Sport Adult sausas aktyvi\u0173 \u0161un\u0173 pa\u0161aras su pauk\u0161tiena - anivet.lt<\/title>\n<meta name=\"description\" content=\"Visavertis pa\u0161aras, specialiai sukurtas suaugusiems aktyviems \u0161unims, tokiems kaip sportiniai, med\u017eiokliniai ar gelb\u0117jimo \u0161unys. Pa\u0161aro granul\u0117s padengtos \u0161altyje d\u017eiovinta vi\u0161tiena, suteikian\u010dia nat\u016bral\u0173 skon\u012f net ir i\u0161rankiausiems gurmanams.\" \/>\n<meta name=\"robots\" content=\"index, follow, max-snippet:-1, max-image-preview:large, max-video-preview:-1\" \/>\n<link rel=\"canonical\" href=\"https:\/\/anivet.lt\/elparduotuve\/produktas\/quattro-sport-adult-sausas-aktyviu-sunu-pasaras-su-paukstiena\/\" \/>\n<meta property=\"og:locale\" content=\"lt_LT\" \/>\n<meta property=\"og:type\" content=\"article\" \/>\n<meta property=\"og:title\" content=\"QUATTRO Sport Adult sausas aktyvi\u0173 \u0161un\u0173 pa\u0161aras su pauk\u0161tiena\" \/>\n<meta property=\"og:description\" content=\"Visavertis pa\u0161aras, specialiai sukurtas suaugusiems aktyviems \u0161unims, tokiems kaip sportiniai, med\u017eiokliniai ar gelb\u0117jimo \u0161unys. Pa\u0161aro granul\u0117s padengtos \u0161altyje d\u017eiovinta vi\u0161tiena, suteikian\u010dia nat\u016bral\u0173 skon\u012f net ir i\u0161rankiausiems gurmanams.\" \/>\n<meta property=\"og:url\" content=\"https:\/\/anivet.lt\/elparduotuve\/produktas\/quattro-sport-adult-sausas-aktyviu-sunu-pasaras-su-paukstiena\/\" \/>\n<meta property=\"og:site_name\" content=\"anivet.lt\" \/>\n<meta property=\"article:modified_time\" content=\"2025-05-27T13:13:54+00:00\" \/>\n<meta property=\"og:image\" content=\"https:\/\/anivet.lt\/elparduotuve\/wp-content\/uploads\/2023\/07\/QUATTRO-SPORT-ADULT-SU-PAUKSTIENA-SAUSAS-AKTYVIU-SUNU-PASARAS-3KG-Pakuote.png\" \/>\n\t<meta property=\"og:image:width\" content=\"625\" \/>\n\t<meta property=\"og:image:height\" content=\"794\" \/>\n\t<meta property=\"og:image:type\" content=\"image\/png\" \/>\n<meta name=\"twitter:card\" content=\"summary_large_image\" \/>\n<meta name=\"twitter:label1\" content=\"Est. reading time\" \/>\n\t<meta name=\"twitter:data1\" content=\"1 minut\u0117\" \/>\n<script type=\"application\/ld+json\" class=\"yoast-schema-graph\">{\"@context\":\"https:\\\/\\\/schema.org\",\"@graph\":[{\"@type\":\"WebPage\",\"@id\":\"https:\\\/\\\/anivet.lt\\\/elparduotuve\\\/produktas\\\/quattro-sport-adult-sausas-aktyviu-sunu-pasaras-su-paukstiena\\\/\",\"url\":\"https:\\\/\\\/anivet.lt\\\/elparduotuve\\\/produktas\\\/quattro-sport-adult-sausas-aktyviu-sunu-pasaras-su-paukstiena\\\/\",\"name\":\"QUATTRO Sport Adult sausas aktyvi\u0173 \u0161un\u0173 pa\u0161aras su pauk\u0161tiena - anivet.lt\",\"isPartOf\":{\"@id\":\"https:\\\/\\\/anivet.lt\\\/elparduotuve\\\/#website\"},\"primaryImageOfPage\":{\"@id\":\"https:\\\/\\\/anivet.lt\\\/elparduotuve\\\/produktas\\\/quattro-sport-adult-sausas-aktyviu-sunu-pasaras-su-paukstiena\\\/#primaryimage\"},\"image\":{\"@id\":\"https:\\\/\\\/anivet.lt\\\/elparduotuve\\\/produktas\\\/quattro-sport-adult-sausas-aktyviu-sunu-pasaras-su-paukstiena\\\/#primaryimage\"},\"thumbnailUrl\":\"https:\\\/\\\/anivet.lt\\\/elparduotuve\\\/wp-content\\\/uploads\\\/2023\\\/07\\\/QUATTRO-SPORT-ADULT-SU-PAUKSTIENA-SAUSAS-AKTYVIU-SUNU-PASARAS-3KG-Pakuote.png\",\"datePublished\":\"2023-07-25T12:37:03+00:00\",\"dateModified\":\"2025-05-27T13:13:54+00:00\",\"description\":\"Visavertis pa\u0161aras, specialiai sukurtas suaugusiems aktyviems \u0161unims, tokiems kaip sportiniai, med\u017eiokliniai ar gelb\u0117jimo \u0161unys. Pa\u0161aro granul\u0117s padengtos \u0161altyje d\u017eiovinta vi\u0161tiena, suteikian\u010dia nat\u016bral\u0173 skon\u012f net ir i\u0161rankiausiems gurmanams.\",\"breadcrumb\":{\"@id\":\"https:\\\/\\\/anivet.lt\\\/elparduotuve\\\/produktas\\\/quattro-sport-adult-sausas-aktyviu-sunu-pasaras-su-paukstiena\\\/#breadcrumb\"},\"inLanguage\":\"lt-LT\",\"potentialAction\":[{\"@type\":\"ReadAction\",\"target\":[\"https:\\\/\\\/anivet.lt\\\/elparduotuve\\\/produktas\\\/quattro-sport-adult-sausas-aktyviu-sunu-pasaras-su-paukstiena\\\/\"]}]},{\"@type\":\"ImageObject\",\"inLanguage\":\"lt-LT\",\"@id\":\"https:\\\/\\\/anivet.lt\\\/elparduotuve\\\/produktas\\\/quattro-sport-adult-sausas-aktyviu-sunu-pasaras-su-paukstiena\\\/#primaryimage\",\"url\":\"https:\\\/\\\/anivet.lt\\\/elparduotuve\\\/wp-content\\\/uploads\\\/2023\\\/07\\\/QUATTRO-SPORT-ADULT-SU-PAUKSTIENA-SAUSAS-AKTYVIU-SUNU-PASARAS-3KG-Pakuote.png\",\"contentUrl\":\"https:\\\/\\\/anivet.lt\\\/elparduotuve\\\/wp-content\\\/uploads\\\/2023\\\/07\\\/QUATTRO-SPORT-ADULT-SU-PAUKSTIENA-SAUSAS-AKTYVIU-SUNU-PASARAS-3KG-Pakuote.png\",\"width\":625,\"height\":794,\"caption\":\"QUATTRO Sport Adult sausas aktyvi\u0173 \u0161un\u0173 pa\u0161aras su pauk\u0161tiena\"},{\"@type\":\"BreadcrumbList\",\"@id\":\"https:\\\/\\\/anivet.lt\\\/elparduotuve\\\/produktas\\\/quattro-sport-adult-sausas-aktyviu-sunu-pasaras-su-paukstiena\\\/#breadcrumb\",\"itemListElement\":[{\"@type\":\"ListItem\",\"position\":1,\"name\":\"Home\",\"item\":\"https:\\\/\\\/anivet.lt\\\/elparduotuve\\\/\"},{\"@type\":\"ListItem\",\"position\":2,\"name\":\"Produktai\",\"item\":\"https:\\\/\\\/anivet.lt\\\/elparduotuve\\\/produktai\\\/\"},{\"@type\":\"ListItem\",\"position\":3,\"name\":\"QUATTRO Sport Adult sausas aktyvi\u0173 \u0161un\u0173 pa\u0161aras su pauk\u0161tiena\"}]},{\"@type\":\"WebSite\",\"@id\":\"https:\\\/\\\/anivet.lt\\\/elparduotuve\\\/#website\",\"url\":\"https:\\\/\\\/anivet.lt\\\/elparduotuve\\\/\",\"name\":\"anivet.lt\",\"description\":\"Viskas J\u016bs\u0173 \u0161uns, kat\u0117s prie\u017ei\u016brai\",\"publisher\":{\"@id\":\"https:\\\/\\\/anivet.lt\\\/elparduotuve\\\/#organization\"},\"alternateName\":\"Viskas J\u016bs\u0173 \u0161uns, kat\u0117s prie\u017ei\u016brai\",\"potentialAction\":[{\"@type\":\"SearchAction\",\"target\":{\"@type\":\"EntryPoint\",\"urlTemplate\":\"https:\\\/\\\/anivet.lt\\\/elparduotuve\\\/?s={search_term_string}\"},\"query-input\":{\"@type\":\"PropertyValueSpecification\",\"valueRequired\":true,\"valueName\":\"search_term_string\"}}],\"inLanguage\":\"lt-LT\"},{\"@type\":\"Organization\",\"@id\":\"https:\\\/\\\/anivet.lt\\\/elparduotuve\\\/#organization\",\"name\":\"Viskas J\u016bs\u0173 \u0161uns, kat\u0117s prie\u017ei\u016brai\",\"url\":\"https:\\\/\\\/anivet.lt\\\/elparduotuve\\\/\",\"logo\":{\"@type\":\"ImageObject\",\"inLanguage\":\"lt-LT\",\"@id\":\"https:\\\/\\\/anivet.lt\\\/elparduotuve\\\/#\\\/schema\\\/logo\\\/image\\\/\",\"url\":\"https:\\\/\\\/anivet.lt\\\/elparduotuve\\\/wp-content\\\/uploads\\\/2023\\\/06\\\/logo2.jpg\",\"contentUrl\":\"https:\\\/\\\/anivet.lt\\\/elparduotuve\\\/wp-content\\\/uploads\\\/2023\\\/06\\\/logo2.jpg\",\"width\":655,\"height\":194,\"caption\":\"Viskas J\u016bs\u0173 \u0161uns, kat\u0117s prie\u017ei\u016brai\"},\"image\":{\"@id\":\"https:\\\/\\\/anivet.lt\\\/elparduotuve\\\/#\\\/schema\\\/logo\\\/image\\\/\"}}]}<\/script>\n<!-- \/ Yoast SEO Premium plugin. -->","yoast_head_json":{"title":"QUATTRO Sport Adult sausas aktyvi\u0173 \u0161un\u0173 pa\u0161aras su pauk\u0161tiena - anivet.lt","description":"Visavertis pa\u0161aras, specialiai sukurtas suaugusiems aktyviems \u0161unims, tokiems kaip sportiniai, med\u017eiokliniai ar gelb\u0117jimo \u0161unys. Pa\u0161aro granul\u0117s padengtos \u0161altyje d\u017eiovinta vi\u0161tiena, suteikian\u010dia nat\u016bral\u0173 skon\u012f net ir i\u0161rankiausiems gurmanams.","robots":{"index":"index","follow":"follow","max-snippet":"max-snippet:-1","max-image-preview":"max-image-preview:large","max-video-preview":"max-video-preview:-1"},"canonical":"https:\/\/anivet.lt\/elparduotuve\/produktas\/quattro-sport-adult-sausas-aktyviu-sunu-pasaras-su-paukstiena\/","og_locale":"lt_LT","og_type":"article","og_title":"QUATTRO Sport Adult sausas aktyvi\u0173 \u0161un\u0173 pa\u0161aras su pauk\u0161tiena","og_description":"Visavertis pa\u0161aras, specialiai sukurtas suaugusiems aktyviems \u0161unims, tokiems kaip sportiniai, med\u017eiokliniai ar gelb\u0117jimo \u0161unys. Pa\u0161aro granul\u0117s padengtos \u0161altyje d\u017eiovinta vi\u0161tiena, suteikian\u010dia nat\u016bral\u0173 skon\u012f net ir i\u0161rankiausiems gurmanams.","og_url":"https:\/\/anivet.lt\/elparduotuve\/produktas\/quattro-sport-adult-sausas-aktyviu-sunu-pasaras-su-paukstiena\/","og_site_name":"anivet.lt","article_modified_time":"2025-05-27T13:13:54+00:00","og_image":[{"width":625,"height":794,"url":"https:\/\/anivet.lt\/elparduotuve\/wp-content\/uploads\/2023\/07\/QUATTRO-SPORT-ADULT-SU-PAUKSTIENA-SAUSAS-AKTYVIU-SUNU-PASARAS-3KG-Pakuote.png","type":"image\/png"}],"twitter_card":"summary_large_image","twitter_misc":{"Est. reading time":"1 minut\u0117"},"schema":{"@context":"https:\/\/schema.org","@graph":[{"@type":"WebPage","@id":"https:\/\/anivet.lt\/elparduotuve\/produktas\/quattro-sport-adult-sausas-aktyviu-sunu-pasaras-su-paukstiena\/","url":"https:\/\/anivet.lt\/elparduotuve\/produktas\/quattro-sport-adult-sausas-aktyviu-sunu-pasaras-su-paukstiena\/","name":"QUATTRO Sport Adult sausas aktyvi\u0173 \u0161un\u0173 pa\u0161aras su pauk\u0161tiena - anivet.lt","isPartOf":{"@id":"https:\/\/anivet.lt\/elparduotuve\/#website"},"primaryImageOfPage":{"@id":"https:\/\/anivet.lt\/elparduotuve\/produktas\/quattro-sport-adult-sausas-aktyviu-sunu-pasaras-su-paukstiena\/#primaryimage"},"image":{"@id":"https:\/\/anivet.lt\/elparduotuve\/produktas\/quattro-sport-adult-sausas-aktyviu-sunu-pasaras-su-paukstiena\/#primaryimage"},"thumbnailUrl":"https:\/\/anivet.lt\/elparduotuve\/wp-content\/uploads\/2023\/07\/QUATTRO-SPORT-ADULT-SU-PAUKSTIENA-SAUSAS-AKTYVIU-SUNU-PASARAS-3KG-Pakuote.png","datePublished":"2023-07-25T12:37:03+00:00","dateModified":"2025-05-27T13:13:54+00:00","description":"Visavertis pa\u0161aras, specialiai sukurtas suaugusiems aktyviems \u0161unims, tokiems kaip sportiniai, med\u017eiokliniai ar gelb\u0117jimo \u0161unys. Pa\u0161aro granul\u0117s padengtos \u0161altyje d\u017eiovinta vi\u0161tiena, suteikian\u010dia nat\u016bral\u0173 skon\u012f net ir i\u0161rankiausiems gurmanams.","breadcrumb":{"@id":"https:\/\/anivet.lt\/elparduotuve\/produktas\/quattro-sport-adult-sausas-aktyviu-sunu-pasaras-su-paukstiena\/#breadcrumb"},"inLanguage":"lt-LT","potentialAction":[{"@type":"ReadAction","target":["https:\/\/anivet.lt\/elparduotuve\/produktas\/quattro-sport-adult-sausas-aktyviu-sunu-pasaras-su-paukstiena\/"]}]},{"@type":"ImageObject","inLanguage":"lt-LT","@id":"https:\/\/anivet.lt\/elparduotuve\/produktas\/quattro-sport-adult-sausas-aktyviu-sunu-pasaras-su-paukstiena\/#primaryimage","url":"https:\/\/anivet.lt\/elparduotuve\/wp-content\/uploads\/2023\/07\/QUATTRO-SPORT-ADULT-SU-PAUKSTIENA-SAUSAS-AKTYVIU-SUNU-PASARAS-3KG-Pakuote.png","contentUrl":"https:\/\/anivet.lt\/elparduotuve\/wp-content\/uploads\/2023\/07\/QUATTRO-SPORT-ADULT-SU-PAUKSTIENA-SAUSAS-AKTYVIU-SUNU-PASARAS-3KG-Pakuote.png","width":625,"height":794,"caption":"QUATTRO Sport Adult sausas aktyvi\u0173 \u0161un\u0173 pa\u0161aras su pauk\u0161tiena"},{"@type":"BreadcrumbList","@id":"https:\/\/anivet.lt\/elparduotuve\/produktas\/quattro-sport-adult-sausas-aktyviu-sunu-pasaras-su-paukstiena\/#breadcrumb","itemListElement":[{"@type":"ListItem","position":1,"name":"Home","item":"https:\/\/anivet.lt\/elparduotuve\/"},{"@type":"ListItem","position":2,"name":"Produktai","item":"https:\/\/anivet.lt\/elparduotuve\/produktai\/"},{"@type":"ListItem","position":3,"name":"QUATTRO Sport Adult sausas aktyvi\u0173 \u0161un\u0173 pa\u0161aras su pauk\u0161tiena"}]},{"@type":"WebSite","@id":"https:\/\/anivet.lt\/elparduotuve\/#website","url":"https:\/\/anivet.lt\/elparduotuve\/","name":"anivet.lt","description":"Viskas J\u016bs\u0173 \u0161uns, kat\u0117s prie\u017ei\u016brai","publisher":{"@id":"https:\/\/anivet.lt\/elparduotuve\/#organization"},"alternateName":"Viskas J\u016bs\u0173 \u0161uns, kat\u0117s prie\u017ei\u016brai","potentialAction":[{"@type":"SearchAction","target":{"@type":"EntryPoint","urlTemplate":"https:\/\/anivet.lt\/elparduotuve\/?s={search_term_string}"},"query-input":{"@type":"PropertyValueSpecification","valueRequired":true,"valueName":"search_term_string"}}],"inLanguage":"lt-LT"},{"@type":"Organization","@id":"https:\/\/anivet.lt\/elparduotuve\/#organization","name":"Viskas J\u016bs\u0173 \u0161uns, kat\u0117s prie\u017ei\u016brai","url":"https:\/\/anivet.lt\/elparduotuve\/","logo":{"@type":"ImageObject","inLanguage":"lt-LT","@id":"https:\/\/anivet.lt\/elparduotuve\/#\/schema\/logo\/image\/","url":"https:\/\/anivet.lt\/elparduotuve\/wp-content\/uploads\/2023\/06\/logo2.jpg","contentUrl":"https:\/\/anivet.lt\/elparduotuve\/wp-content\/uploads\/2023\/06\/logo2.jpg","width":655,"height":194,"caption":"Viskas J\u016bs\u0173 \u0161uns, kat\u0117s prie\u017ei\u016brai"},"image":{"@id":"https:\/\/anivet.lt\/elparduotuve\/#\/schema\/logo\/image\/"}}]}},"_links":{"self":[{"href":"https:\/\/anivet.lt\/elparduotuve\/wp-json\/wp\/v2\/product\/10633","targetHints":{"allow":["GET"]}}],"collection":[{"href":"https:\/\/anivet.lt\/elparduotuve\/wp-json\/wp\/v2\/product"}],"about":[{"href":"https:\/\/anivet.lt\/elparduotuve\/wp-json\/wp\/v2\/types\/product"}],"wp:featuredmedia":[{"embeddable":true,"href":"https:\/\/anivet.lt\/elparduotuve\/wp-json\/wp\/v2\/media\/10634"}],"wp:attachment":[{"href":"https:\/\/anivet.lt\/elparduotuve\/wp-json\/wp\/v2\/media?parent=10633"}],"wp:term":[{"taxonomy":"product_brand","embeddable":true,"href":"https:\/\/anivet.lt\/elparduotuve\/wp-json\/wp\/v2\/product_brand?post=10633"},{"taxonomy":"product_cat","embeddable":true,"href":"https:\/\/anivet.lt\/elparduotuve\/wp-json\/wp\/v2\/product_cat?post=10633"},{"taxonomy":"product_tag","embeddable":true,"href":"https:\/\/anivet.lt\/elparduotuve\/wp-json\/wp\/v2\/product_tag?post=10633"}],"curies":[{"name":"wp","href":"https:\/\/api.w.org\/{rel}","templated":true}]}}