{"id":10645,"date":"2023-07-25T14:21:00","date_gmt":"2023-07-25T14:21:00","guid":{"rendered":"https:\/\/anivet.lt\/elparduotuve\/?post_type=product&#038;p=10645"},"modified":"2026-02-19T17:17:18","modified_gmt":"2026-02-19T17:17:18","slug":"calibra-cat-life-adult-herring-suaugusiu-kaciu-pasaras-su-silke","status":"publish","type":"product","link":"https:\/\/anivet.lt\/elparduotuve\/produktas\/calibra-cat-life-adult-herring-suaugusiu-kaciu-pasaras-su-silke\/","title":{"rendered":"Calibra Cat Life Adult Herring suaugusi\u0173 ka\u010di\u0173 pa\u0161aras su silke"},"content":{"rendered":"<ul>\n<li style=\"font-weight: 400;\" aria-level=\"1\"><span style=\"font-weight: 400;\">Auk\u0161tos kokyb\u0117s baltymai: Sud\u0117tyje 83,5% gyv\u016bnin\u0117s kilm\u0117s baltym\u0173, u\u017etikrinan\u010di\u0173 energij\u0105 ir raumen\u0173 sveikat\u0105.<\/span><\/li>\n<li style=\"font-weight: 400;\" aria-level=\"1\"><span style=\"font-weight: 400;\">Sveikas kailis ir oda: La\u0161i\u0161\u0173 aliejus, kaip Omega-3 \u0161altinis, palaiko sveik\u0105 od\u0105 ir blizgant\u012f kail\u012f.<\/span><\/li>\n<li style=\"font-weight: 400;\" aria-level=\"1\"><span style=\"font-weight: 400;\">Praturtintas taurinu: Taurinas yra nepakei\u010diama aminor\u016bg\u0161tis, svarbi \u0161irdies ir aki\u0173 sveikatai.<\/span><\/li>\n<li style=\"font-weight: 400;\" aria-level=\"1\"><span style=\"font-weight: 400;\">Vir\u0161kinimo palaikymas: Cikorijos \u0161aknys, burok\u0117li\u0173 mink\u0161timas ir inaktyvuotos miel\u0117s u\u017etikrina ger\u0105 vir\u0161kinim\u0105.<\/span><\/li>\n<li style=\"font-weight: 400;\" aria-level=\"1\"><span style=\"font-weight: 400;\">Subalansuota sud\u0117tis: Tinkamas baltym\u0173 ir riebal\u0173 kiekis padeda i\u0161laikyti optimali\u0105 kat\u0117s fizin\u0119 b\u016bkl\u0119.<\/span><\/li>\n<\/ul>\n<p><span style=\"font-weight: 400;\">\u0160is pa\u0161aras puikiai tinka kasdienei mitybai, pad\u0117damas i\u0161laikyti j\u016bs\u0173 kat\u0117s sveikat\u0105 ir energij\u0105. Skanus, maistingas ir puikiai subalansuotas.<\/span><\/p>\n","protected":false},"excerpt":{"rendered":"<p><span style=\"font-weight: 400;\">\u0160is visavertis superpremium begr\u016bdis sausas pa\u0161aras yra specialiai sukurtas suaugusioms kat\u0117ms. Didelis silk\u0117s, vi\u0161tienos ir la\u0161i\u0161os kiekis, \u012fskaitant \u0161vie\u017ei\u0105 silk\u0119, u\u017etikrina i\u0161skirtin\u012f skon\u012f ir subalansuot\u0105 mityb\u0105.<\/span><\/p>\n","protected":false},"featured_media":10646,"template":"","meta":[],"product_brand":[],"product_cat":[114,115,102,339],"product_tag":[],"class_list":{"0":"post-10645","1":"product","2":"type-product","3":"status-publish","4":"has-post-thumbnail","6":"product_cat-kaciu-maistas","7":"product_cat-sausas-maistas-ir-skanestai-katems","8":"product_cat-katems","9":"product_cat-calibra-kaciu-maistas","10":"pa_prekinis-zenklas-calibra","12":"first","13":"instock","14":"taxable","15":"shipping-taxable","16":"purchasable","17":"product-type-variable"},"yoast_head":"<!-- This site is optimized with the Yoast SEO Premium plugin v27.1 (Yoast SEO v27.5) - https:\/\/yoast.com\/product\/yoast-seo-premium-wordpress\/ -->\n<title>Calibra Cat Life Adult Herring suaugusi\u0173 ka\u010di\u0173 pa\u0161aras su silke - anivet.lt<\/title>\n<meta name=\"description\" content=\"\u0160is visavertis superpremium begr\u016bdis sausas pa\u0161aras yra specialiai sukurtas suaugusioms kat\u0117ms. Didelis silk\u0117s, vi\u0161tienos ir la\u0161i\u0161os kiekis, \u012fskaitant \u0161vie\u017ei\u0105 silk\u0119, u\u017etikrina i\u0161skirtin\u012f skon\u012f ir subalansuot\u0105 mityb\u0105.\" \/>\n<meta name=\"robots\" content=\"index, follow, max-snippet:-1, max-image-preview:large, max-video-preview:-1\" \/>\n<link rel=\"canonical\" href=\"https:\/\/anivet.lt\/elparduotuve\/produktas\/calibra-cat-life-adult-herring-suaugusiu-kaciu-pasaras-su-silke\/\" \/>\n<meta property=\"og:locale\" content=\"lt_LT\" \/>\n<meta property=\"og:type\" content=\"article\" \/>\n<meta property=\"og:title\" content=\"Calibra Cat Life Adult Herring suaugusi\u0173 ka\u010di\u0173 pa\u0161aras su silke\" \/>\n<meta property=\"og:description\" content=\"\u0160is visavertis superpremium begr\u016bdis sausas pa\u0161aras yra specialiai sukurtas suaugusioms kat\u0117ms. Didelis silk\u0117s, vi\u0161tienos ir la\u0161i\u0161os kiekis, \u012fskaitant \u0161vie\u017ei\u0105 silk\u0119, u\u017etikrina i\u0161skirtin\u012f skon\u012f ir subalansuot\u0105 mityb\u0105.\" \/>\n<meta property=\"og:url\" content=\"https:\/\/anivet.lt\/elparduotuve\/produktas\/calibra-cat-life-adult-herring-suaugusiu-kaciu-pasaras-su-silke\/\" \/>\n<meta property=\"og:site_name\" content=\"anivet.lt\" \/>\n<meta property=\"article:modified_time\" content=\"2026-02-19T17:17:18+00:00\" \/>\n<meta property=\"og:image\" content=\"https:\/\/anivet.lt\/elparduotuve\/wp-content\/uploads\/2023\/07\/2486-calibra-cat-life-adult-herring-1-5kg.webp\" \/>\n\t<meta property=\"og:image:width\" content=\"1920\" \/>\n\t<meta property=\"og:image:height\" content=\"1920\" \/>\n\t<meta property=\"og:image:type\" content=\"image\/webp\" \/>\n<meta name=\"twitter:card\" content=\"summary_large_image\" \/>\n<meta name=\"twitter:label1\" content=\"Est. reading time\" \/>\n\t<meta name=\"twitter:data1\" content=\"1 minut\u0117\" \/>\n<script type=\"application\/ld+json\" class=\"yoast-schema-graph\">{\"@context\":\"https:\\\/\\\/schema.org\",\"@graph\":[{\"@type\":\"WebPage\",\"@id\":\"https:\\\/\\\/anivet.lt\\\/elparduotuve\\\/produktas\\\/calibra-cat-life-adult-herring-suaugusiu-kaciu-pasaras-su-silke\\\/\",\"url\":\"https:\\\/\\\/anivet.lt\\\/elparduotuve\\\/produktas\\\/calibra-cat-life-adult-herring-suaugusiu-kaciu-pasaras-su-silke\\\/\",\"name\":\"Calibra Cat Life Adult Herring suaugusi\u0173 ka\u010di\u0173 pa\u0161aras su silke - anivet.lt\",\"isPartOf\":{\"@id\":\"https:\\\/\\\/anivet.lt\\\/elparduotuve\\\/#website\"},\"primaryImageOfPage\":{\"@id\":\"https:\\\/\\\/anivet.lt\\\/elparduotuve\\\/produktas\\\/calibra-cat-life-adult-herring-suaugusiu-kaciu-pasaras-su-silke\\\/#primaryimage\"},\"image\":{\"@id\":\"https:\\\/\\\/anivet.lt\\\/elparduotuve\\\/produktas\\\/calibra-cat-life-adult-herring-suaugusiu-kaciu-pasaras-su-silke\\\/#primaryimage\"},\"thumbnailUrl\":\"https:\\\/\\\/anivet.lt\\\/elparduotuve\\\/wp-content\\\/uploads\\\/2023\\\/07\\\/2486-calibra-cat-life-adult-herring-1-5kg.webp\",\"datePublished\":\"2023-07-25T14:21:00+00:00\",\"dateModified\":\"2026-02-19T17:17:18+00:00\",\"description\":\"\u0160is visavertis superpremium begr\u016bdis sausas pa\u0161aras yra specialiai sukurtas suaugusioms kat\u0117ms. Didelis silk\u0117s, vi\u0161tienos ir la\u0161i\u0161os kiekis, \u012fskaitant \u0161vie\u017ei\u0105 silk\u0119, u\u017etikrina i\u0161skirtin\u012f skon\u012f ir subalansuot\u0105 mityb\u0105.\",\"breadcrumb\":{\"@id\":\"https:\\\/\\\/anivet.lt\\\/elparduotuve\\\/produktas\\\/calibra-cat-life-adult-herring-suaugusiu-kaciu-pasaras-su-silke\\\/#breadcrumb\"},\"inLanguage\":\"lt-LT\",\"potentialAction\":[{\"@type\":\"ReadAction\",\"target\":[\"https:\\\/\\\/anivet.lt\\\/elparduotuve\\\/produktas\\\/calibra-cat-life-adult-herring-suaugusiu-kaciu-pasaras-su-silke\\\/\"]}]},{\"@type\":\"ImageObject\",\"inLanguage\":\"lt-LT\",\"@id\":\"https:\\\/\\\/anivet.lt\\\/elparduotuve\\\/produktas\\\/calibra-cat-life-adult-herring-suaugusiu-kaciu-pasaras-su-silke\\\/#primaryimage\",\"url\":\"https:\\\/\\\/anivet.lt\\\/elparduotuve\\\/wp-content\\\/uploads\\\/2023\\\/07\\\/2486-calibra-cat-life-adult-herring-1-5kg.webp\",\"contentUrl\":\"https:\\\/\\\/anivet.lt\\\/elparduotuve\\\/wp-content\\\/uploads\\\/2023\\\/07\\\/2486-calibra-cat-life-adult-herring-1-5kg.webp\",\"width\":1920,\"height\":1920,\"caption\":\"Calibra Cat Life Adult Herring suaugusi\u0173 ka\u010di\u0173 pa\u0161aras su silke\"},{\"@type\":\"BreadcrumbList\",\"@id\":\"https:\\\/\\\/anivet.lt\\\/elparduotuve\\\/produktas\\\/calibra-cat-life-adult-herring-suaugusiu-kaciu-pasaras-su-silke\\\/#breadcrumb\",\"itemListElement\":[{\"@type\":\"ListItem\",\"position\":1,\"name\":\"Home\",\"item\":\"https:\\\/\\\/anivet.lt\\\/elparduotuve\\\/\"},{\"@type\":\"ListItem\",\"position\":2,\"name\":\"Produktai\",\"item\":\"https:\\\/\\\/anivet.lt\\\/elparduotuve\\\/produktai\\\/\"},{\"@type\":\"ListItem\",\"position\":3,\"name\":\"Calibra Cat Life Adult Herring suaugusi\u0173 ka\u010di\u0173 pa\u0161aras su silke\"}]},{\"@type\":\"WebSite\",\"@id\":\"https:\\\/\\\/anivet.lt\\\/elparduotuve\\\/#website\",\"url\":\"https:\\\/\\\/anivet.lt\\\/elparduotuve\\\/\",\"name\":\"anivet.lt\",\"description\":\"Viskas J\u016bs\u0173 \u0161uns, kat\u0117s prie\u017ei\u016brai\",\"publisher\":{\"@id\":\"https:\\\/\\\/anivet.lt\\\/elparduotuve\\\/#organization\"},\"alternateName\":\"Viskas J\u016bs\u0173 \u0161uns, kat\u0117s prie\u017ei\u016brai\",\"potentialAction\":[{\"@type\":\"SearchAction\",\"target\":{\"@type\":\"EntryPoint\",\"urlTemplate\":\"https:\\\/\\\/anivet.lt\\\/elparduotuve\\\/?s={search_term_string}\"},\"query-input\":{\"@type\":\"PropertyValueSpecification\",\"valueRequired\":true,\"valueName\":\"search_term_string\"}}],\"inLanguage\":\"lt-LT\"},{\"@type\":\"Organization\",\"@id\":\"https:\\\/\\\/anivet.lt\\\/elparduotuve\\\/#organization\",\"name\":\"Viskas J\u016bs\u0173 \u0161uns, kat\u0117s prie\u017ei\u016brai\",\"url\":\"https:\\\/\\\/anivet.lt\\\/elparduotuve\\\/\",\"logo\":{\"@type\":\"ImageObject\",\"inLanguage\":\"lt-LT\",\"@id\":\"https:\\\/\\\/anivet.lt\\\/elparduotuve\\\/#\\\/schema\\\/logo\\\/image\\\/\",\"url\":\"https:\\\/\\\/anivet.lt\\\/elparduotuve\\\/wp-content\\\/uploads\\\/2023\\\/06\\\/logo2.jpg\",\"contentUrl\":\"https:\\\/\\\/anivet.lt\\\/elparduotuve\\\/wp-content\\\/uploads\\\/2023\\\/06\\\/logo2.jpg\",\"width\":655,\"height\":194,\"caption\":\"Viskas J\u016bs\u0173 \u0161uns, kat\u0117s prie\u017ei\u016brai\"},\"image\":{\"@id\":\"https:\\\/\\\/anivet.lt\\\/elparduotuve\\\/#\\\/schema\\\/logo\\\/image\\\/\"}}]}<\/script>\n<!-- \/ Yoast SEO Premium plugin. -->","yoast_head_json":{"title":"Calibra Cat Life Adult Herring suaugusi\u0173 ka\u010di\u0173 pa\u0161aras su silke - anivet.lt","description":"\u0160is visavertis superpremium begr\u016bdis sausas pa\u0161aras yra specialiai sukurtas suaugusioms kat\u0117ms. Didelis silk\u0117s, vi\u0161tienos ir la\u0161i\u0161os kiekis, \u012fskaitant \u0161vie\u017ei\u0105 silk\u0119, u\u017etikrina i\u0161skirtin\u012f skon\u012f ir subalansuot\u0105 mityb\u0105.","robots":{"index":"index","follow":"follow","max-snippet":"max-snippet:-1","max-image-preview":"max-image-preview:large","max-video-preview":"max-video-preview:-1"},"canonical":"https:\/\/anivet.lt\/elparduotuve\/produktas\/calibra-cat-life-adult-herring-suaugusiu-kaciu-pasaras-su-silke\/","og_locale":"lt_LT","og_type":"article","og_title":"Calibra Cat Life Adult Herring suaugusi\u0173 ka\u010di\u0173 pa\u0161aras su silke","og_description":"\u0160is visavertis superpremium begr\u016bdis sausas pa\u0161aras yra specialiai sukurtas suaugusioms kat\u0117ms. Didelis silk\u0117s, vi\u0161tienos ir la\u0161i\u0161os kiekis, \u012fskaitant \u0161vie\u017ei\u0105 silk\u0119, u\u017etikrina i\u0161skirtin\u012f skon\u012f ir subalansuot\u0105 mityb\u0105.","og_url":"https:\/\/anivet.lt\/elparduotuve\/produktas\/calibra-cat-life-adult-herring-suaugusiu-kaciu-pasaras-su-silke\/","og_site_name":"anivet.lt","article_modified_time":"2026-02-19T17:17:18+00:00","og_image":[{"width":1920,"height":1920,"url":"https:\/\/anivet.lt\/elparduotuve\/wp-content\/uploads\/2023\/07\/2486-calibra-cat-life-adult-herring-1-5kg.webp","type":"image\/webp"}],"twitter_card":"summary_large_image","twitter_misc":{"Est. reading time":"1 minut\u0117"},"schema":{"@context":"https:\/\/schema.org","@graph":[{"@type":"WebPage","@id":"https:\/\/anivet.lt\/elparduotuve\/produktas\/calibra-cat-life-adult-herring-suaugusiu-kaciu-pasaras-su-silke\/","url":"https:\/\/anivet.lt\/elparduotuve\/produktas\/calibra-cat-life-adult-herring-suaugusiu-kaciu-pasaras-su-silke\/","name":"Calibra Cat Life Adult Herring suaugusi\u0173 ka\u010di\u0173 pa\u0161aras su silke - anivet.lt","isPartOf":{"@id":"https:\/\/anivet.lt\/elparduotuve\/#website"},"primaryImageOfPage":{"@id":"https:\/\/anivet.lt\/elparduotuve\/produktas\/calibra-cat-life-adult-herring-suaugusiu-kaciu-pasaras-su-silke\/#primaryimage"},"image":{"@id":"https:\/\/anivet.lt\/elparduotuve\/produktas\/calibra-cat-life-adult-herring-suaugusiu-kaciu-pasaras-su-silke\/#primaryimage"},"thumbnailUrl":"https:\/\/anivet.lt\/elparduotuve\/wp-content\/uploads\/2023\/07\/2486-calibra-cat-life-adult-herring-1-5kg.webp","datePublished":"2023-07-25T14:21:00+00:00","dateModified":"2026-02-19T17:17:18+00:00","description":"\u0160is visavertis superpremium begr\u016bdis sausas pa\u0161aras yra specialiai sukurtas suaugusioms kat\u0117ms. Didelis silk\u0117s, vi\u0161tienos ir la\u0161i\u0161os kiekis, \u012fskaitant \u0161vie\u017ei\u0105 silk\u0119, u\u017etikrina i\u0161skirtin\u012f skon\u012f ir subalansuot\u0105 mityb\u0105.","breadcrumb":{"@id":"https:\/\/anivet.lt\/elparduotuve\/produktas\/calibra-cat-life-adult-herring-suaugusiu-kaciu-pasaras-su-silke\/#breadcrumb"},"inLanguage":"lt-LT","potentialAction":[{"@type":"ReadAction","target":["https:\/\/anivet.lt\/elparduotuve\/produktas\/calibra-cat-life-adult-herring-suaugusiu-kaciu-pasaras-su-silke\/"]}]},{"@type":"ImageObject","inLanguage":"lt-LT","@id":"https:\/\/anivet.lt\/elparduotuve\/produktas\/calibra-cat-life-adult-herring-suaugusiu-kaciu-pasaras-su-silke\/#primaryimage","url":"https:\/\/anivet.lt\/elparduotuve\/wp-content\/uploads\/2023\/07\/2486-calibra-cat-life-adult-herring-1-5kg.webp","contentUrl":"https:\/\/anivet.lt\/elparduotuve\/wp-content\/uploads\/2023\/07\/2486-calibra-cat-life-adult-herring-1-5kg.webp","width":1920,"height":1920,"caption":"Calibra Cat Life Adult Herring suaugusi\u0173 ka\u010di\u0173 pa\u0161aras su silke"},{"@type":"BreadcrumbList","@id":"https:\/\/anivet.lt\/elparduotuve\/produktas\/calibra-cat-life-adult-herring-suaugusiu-kaciu-pasaras-su-silke\/#breadcrumb","itemListElement":[{"@type":"ListItem","position":1,"name":"Home","item":"https:\/\/anivet.lt\/elparduotuve\/"},{"@type":"ListItem","position":2,"name":"Produktai","item":"https:\/\/anivet.lt\/elparduotuve\/produktai\/"},{"@type":"ListItem","position":3,"name":"Calibra Cat Life Adult Herring suaugusi\u0173 ka\u010di\u0173 pa\u0161aras su silke"}]},{"@type":"WebSite","@id":"https:\/\/anivet.lt\/elparduotuve\/#website","url":"https:\/\/anivet.lt\/elparduotuve\/","name":"anivet.lt","description":"Viskas J\u016bs\u0173 \u0161uns, kat\u0117s prie\u017ei\u016brai","publisher":{"@id":"https:\/\/anivet.lt\/elparduotuve\/#organization"},"alternateName":"Viskas J\u016bs\u0173 \u0161uns, kat\u0117s prie\u017ei\u016brai","potentialAction":[{"@type":"SearchAction","target":{"@type":"EntryPoint","urlTemplate":"https:\/\/anivet.lt\/elparduotuve\/?s={search_term_string}"},"query-input":{"@type":"PropertyValueSpecification","valueRequired":true,"valueName":"search_term_string"}}],"inLanguage":"lt-LT"},{"@type":"Organization","@id":"https:\/\/anivet.lt\/elparduotuve\/#organization","name":"Viskas J\u016bs\u0173 \u0161uns, kat\u0117s prie\u017ei\u016brai","url":"https:\/\/anivet.lt\/elparduotuve\/","logo":{"@type":"ImageObject","inLanguage":"lt-LT","@id":"https:\/\/anivet.lt\/elparduotuve\/#\/schema\/logo\/image\/","url":"https:\/\/anivet.lt\/elparduotuve\/wp-content\/uploads\/2023\/06\/logo2.jpg","contentUrl":"https:\/\/anivet.lt\/elparduotuve\/wp-content\/uploads\/2023\/06\/logo2.jpg","width":655,"height":194,"caption":"Viskas J\u016bs\u0173 \u0161uns, kat\u0117s prie\u017ei\u016brai"},"image":{"@id":"https:\/\/anivet.lt\/elparduotuve\/#\/schema\/logo\/image\/"}}]}},"_links":{"self":[{"href":"https:\/\/anivet.lt\/elparduotuve\/wp-json\/wp\/v2\/product\/10645","targetHints":{"allow":["GET"]}}],"collection":[{"href":"https:\/\/anivet.lt\/elparduotuve\/wp-json\/wp\/v2\/product"}],"about":[{"href":"https:\/\/anivet.lt\/elparduotuve\/wp-json\/wp\/v2\/types\/product"}],"wp:featuredmedia":[{"embeddable":true,"href":"https:\/\/anivet.lt\/elparduotuve\/wp-json\/wp\/v2\/media\/10646"}],"wp:attachment":[{"href":"https:\/\/anivet.lt\/elparduotuve\/wp-json\/wp\/v2\/media?parent=10645"}],"wp:term":[{"taxonomy":"product_brand","embeddable":true,"href":"https:\/\/anivet.lt\/elparduotuve\/wp-json\/wp\/v2\/product_brand?post=10645"},{"taxonomy":"product_cat","embeddable":true,"href":"https:\/\/anivet.lt\/elparduotuve\/wp-json\/wp\/v2\/product_cat?post=10645"},{"taxonomy":"product_tag","embeddable":true,"href":"https:\/\/anivet.lt\/elparduotuve\/wp-json\/wp\/v2\/product_tag?post=10645"}],"curies":[{"name":"wp","href":"https:\/\/api.w.org\/{rel}","templated":true}]}}