{"id":10649,"date":"2023-07-25T15:22:41","date_gmt":"2023-07-25T15:22:41","guid":{"rendered":"https:\/\/anivet.lt\/elparduotuve\/?post_type=product&#038;p=10649"},"modified":"2026-02-19T17:16:36","modified_gmt":"2026-02-19T17:16:36","slug":"calibra-cat-life-adult-lamb-sausas-pasaras-su-eriena","status":"publish","type":"product","link":"https:\/\/anivet.lt\/elparduotuve\/produktas\/calibra-cat-life-adult-lamb-sausas-pasaras-su-eriena\/","title":{"rendered":"Calibra Cat Life Adult Lamb sausas pa\u0161aras su \u0117riena"},"content":{"rendered":"<ul>\n<li style=\"font-weight: 400;\" aria-level=\"1\"><span style=\"font-weight: 400;\">Auk\u0161tos kokyb\u0117s baltymai: 83% gyv\u016bnin\u0117s kilm\u0117s baltym\u0173, \u012fskaitant vi\u0161tienos baltymus (29%) ir \u0161vie\u017ei\u0105 \u0117rien\u0105 (13%).<\/span><\/li>\n<li style=\"font-weight: 400;\" aria-level=\"1\"><span style=\"font-weight: 400;\">S\u0105nari\u0173 apsauga: \u017daliosios midijos (Perna canaliculus) suteikia nat\u016brali\u0173 glikozaminoglikan\u0173 (gliukozamino ir chondroitino), palaikan\u010di\u0173 s\u0105nari\u0173 lankstum\u0105 ir sveikat\u0105.<\/span><\/li>\n<li style=\"font-weight: 400;\" aria-level=\"1\"><span style=\"font-weight: 400;\">Sveikas kailis ir oda: La\u0161i\u0161\u0173 aliejus (1,3%) apr\u016bpina Omega-3 riebal\u0173 r\u016bg\u0161timis, kurios padeda i\u0161laikyti odos ir kailio sveikat\u0105.<\/span><\/li>\n<li style=\"font-weight: 400;\" aria-level=\"1\"><span style=\"font-weight: 400;\">Praturtintas taurinu: Taurinas (2 000 mg\/kg) b\u016btinas \u0161irdies ir aki\u0173 sveikatai, o jo kat\u0117s organizmas negamina pats.<\/span><\/li>\n<li style=\"font-weight: 400;\" aria-level=\"1\"><span style=\"font-weight: 400;\">Vir\u0161kinimo gerinimas: Sud\u0117tyje esan\u010dios cikorijos \u0161aknys, burok\u0117li\u0173 mink\u0161timas ir lin\u0173 s\u0117menys gerina vir\u0161kinim\u0105 ir palaiko sveik\u0105 \u017earnyno flor\u0105.<\/span><\/li>\n<\/ul>\n<p><span style=\"font-weight: 400;\">\u0160is pa\u0161aras yra idealus pasirinkimas suaugusioms kat\u0117ms, siekiant u\u017etikrinti subalansuot\u0105 mityb\u0105, optimali\u0105 fizin\u0119 b\u016bkl\u0119 ir s\u0105nari\u0173 sveikat\u0105. Gardus ir maistingas, jis puikiai tinka kasdienei mitybai.<\/span><\/p>\n","protected":false},"excerpt":{"rendered":"<p><span style=\"font-weight: 400;\">\u0160is begr\u016bdis superpremium sausas pa\u0161aras suaugusioms kat\u0117ms pasi\u017eymi i\u0161skirtiniu skoniu, u\u017etikrintu d\u0117l didelio \u0117rienos ir vi\u0161tienos kiekio, \u012fskaitant \u0161vie\u017ei\u0105 \u0117rien\u0105. Subalansuotas riebal\u0173 ir kalorij\u0173 kiekis padeda palaikyti optimali\u0105 kat\u0117s fizin\u0119 b\u016bkl\u0119, o praturtinta formul\u0117 skirta s\u0105nari\u0173 sveikatai.<\/span><\/p>\n","protected":false},"featured_media":10651,"template":"","meta":[],"product_brand":[],"product_cat":[114,115,102,339],"product_tag":[],"class_list":{"0":"post-10649","1":"product","2":"type-product","3":"status-publish","4":"has-post-thumbnail","6":"product_cat-kaciu-maistas","7":"product_cat-sausas-maistas-ir-skanestai-katems","8":"product_cat-katems","9":"product_cat-calibra-kaciu-maistas","10":"pa_prekinis-zenklas-calibra","12":"first","13":"instock","14":"taxable","15":"shipping-taxable","16":"purchasable","17":"product-type-variable"},"yoast_head":"<!-- This site is optimized with the Yoast SEO Premium plugin v27.1 (Yoast SEO v27.5) - https:\/\/yoast.com\/product\/yoast-seo-premium-wordpress\/ -->\n<title>Calibra Cat Life Adult Lamb sausas pa\u0161aras su \u0117riena - anivet.lt<\/title>\n<meta name=\"description\" content=\"\u0160is begr\u016bdis superpremium sausas pa\u0161aras suaugusioms kat\u0117ms pasi\u017eymi i\u0161skirtiniu skoniu, u\u017etikrintu d\u0117l didelio \u0117rienos ir vi\u0161tienos kiekio, \u012fskaitant \u0161vie\u017ei\u0105 \u0117rien\u0105. Subalansuotas riebal\u0173 ir kalorij\u0173 kiekis padeda palaikyti optimali\u0105 kat\u0117s fizin\u0119 b\u016bkl\u0119, o praturtinta formul\u0117 skirta s\u0105nari\u0173 sveikatai.\" \/>\n<meta name=\"robots\" content=\"index, follow, max-snippet:-1, max-image-preview:large, max-video-preview:-1\" \/>\n<link rel=\"canonical\" href=\"https:\/\/anivet.lt\/elparduotuve\/produktas\/calibra-cat-life-adult-lamb-sausas-pasaras-su-eriena\/\" \/>\n<meta property=\"og:locale\" content=\"lt_LT\" \/>\n<meta property=\"og:type\" content=\"article\" \/>\n<meta property=\"og:title\" content=\"Calibra Cat Life Adult Lamb sausas pa\u0161aras su \u0117riena\" \/>\n<meta property=\"og:description\" content=\"\u0160is begr\u016bdis superpremium sausas pa\u0161aras suaugusioms kat\u0117ms pasi\u017eymi i\u0161skirtiniu skoniu, u\u017etikrintu d\u0117l didelio \u0117rienos ir vi\u0161tienos kiekio, \u012fskaitant \u0161vie\u017ei\u0105 \u0117rien\u0105. Subalansuotas riebal\u0173 ir kalorij\u0173 kiekis padeda palaikyti optimali\u0105 kat\u0117s fizin\u0119 b\u016bkl\u0119, o praturtinta formul\u0117 skirta s\u0105nari\u0173 sveikatai.\" \/>\n<meta property=\"og:url\" content=\"https:\/\/anivet.lt\/elparduotuve\/produktas\/calibra-cat-life-adult-lamb-sausas-pasaras-su-eriena\/\" \/>\n<meta property=\"og:site_name\" content=\"anivet.lt\" \/>\n<meta property=\"article:modified_time\" content=\"2026-02-19T17:16:36+00:00\" \/>\n<meta property=\"og:image\" content=\"https:\/\/anivet.lt\/elparduotuve\/wp-content\/uploads\/2023\/07\/2473-calibra-cat-life-adult-lamb-1-5kg.webp\" \/>\n\t<meta property=\"og:image:width\" content=\"1920\" \/>\n\t<meta property=\"og:image:height\" content=\"1920\" \/>\n\t<meta property=\"og:image:type\" content=\"image\/webp\" \/>\n<meta name=\"twitter:card\" content=\"summary_large_image\" \/>\n<meta name=\"twitter:label1\" content=\"Est. reading time\" \/>\n\t<meta name=\"twitter:data1\" content=\"1 minut\u0117\" \/>\n<script type=\"application\/ld+json\" class=\"yoast-schema-graph\">{\"@context\":\"https:\\\/\\\/schema.org\",\"@graph\":[{\"@type\":\"WebPage\",\"@id\":\"https:\\\/\\\/anivet.lt\\\/elparduotuve\\\/produktas\\\/calibra-cat-life-adult-lamb-sausas-pasaras-su-eriena\\\/\",\"url\":\"https:\\\/\\\/anivet.lt\\\/elparduotuve\\\/produktas\\\/calibra-cat-life-adult-lamb-sausas-pasaras-su-eriena\\\/\",\"name\":\"Calibra Cat Life Adult Lamb sausas pa\u0161aras su \u0117riena - anivet.lt\",\"isPartOf\":{\"@id\":\"https:\\\/\\\/anivet.lt\\\/elparduotuve\\\/#website\"},\"primaryImageOfPage\":{\"@id\":\"https:\\\/\\\/anivet.lt\\\/elparduotuve\\\/produktas\\\/calibra-cat-life-adult-lamb-sausas-pasaras-su-eriena\\\/#primaryimage\"},\"image\":{\"@id\":\"https:\\\/\\\/anivet.lt\\\/elparduotuve\\\/produktas\\\/calibra-cat-life-adult-lamb-sausas-pasaras-su-eriena\\\/#primaryimage\"},\"thumbnailUrl\":\"https:\\\/\\\/anivet.lt\\\/elparduotuve\\\/wp-content\\\/uploads\\\/2023\\\/07\\\/2473-calibra-cat-life-adult-lamb-1-5kg.webp\",\"datePublished\":\"2023-07-25T15:22:41+00:00\",\"dateModified\":\"2026-02-19T17:16:36+00:00\",\"description\":\"\u0160is begr\u016bdis superpremium sausas pa\u0161aras suaugusioms kat\u0117ms pasi\u017eymi i\u0161skirtiniu skoniu, u\u017etikrintu d\u0117l didelio \u0117rienos ir vi\u0161tienos kiekio, \u012fskaitant \u0161vie\u017ei\u0105 \u0117rien\u0105. Subalansuotas riebal\u0173 ir kalorij\u0173 kiekis padeda palaikyti optimali\u0105 kat\u0117s fizin\u0119 b\u016bkl\u0119, o praturtinta formul\u0117 skirta s\u0105nari\u0173 sveikatai.\",\"breadcrumb\":{\"@id\":\"https:\\\/\\\/anivet.lt\\\/elparduotuve\\\/produktas\\\/calibra-cat-life-adult-lamb-sausas-pasaras-su-eriena\\\/#breadcrumb\"},\"inLanguage\":\"lt-LT\",\"potentialAction\":[{\"@type\":\"ReadAction\",\"target\":[\"https:\\\/\\\/anivet.lt\\\/elparduotuve\\\/produktas\\\/calibra-cat-life-adult-lamb-sausas-pasaras-su-eriena\\\/\"]}]},{\"@type\":\"ImageObject\",\"inLanguage\":\"lt-LT\",\"@id\":\"https:\\\/\\\/anivet.lt\\\/elparduotuve\\\/produktas\\\/calibra-cat-life-adult-lamb-sausas-pasaras-su-eriena\\\/#primaryimage\",\"url\":\"https:\\\/\\\/anivet.lt\\\/elparduotuve\\\/wp-content\\\/uploads\\\/2023\\\/07\\\/2473-calibra-cat-life-adult-lamb-1-5kg.webp\",\"contentUrl\":\"https:\\\/\\\/anivet.lt\\\/elparduotuve\\\/wp-content\\\/uploads\\\/2023\\\/07\\\/2473-calibra-cat-life-adult-lamb-1-5kg.webp\",\"width\":1920,\"height\":1920,\"caption\":\"Calibra Cat Life Adult Lamb sausas pa\u0161aras su \u0117riena\"},{\"@type\":\"BreadcrumbList\",\"@id\":\"https:\\\/\\\/anivet.lt\\\/elparduotuve\\\/produktas\\\/calibra-cat-life-adult-lamb-sausas-pasaras-su-eriena\\\/#breadcrumb\",\"itemListElement\":[{\"@type\":\"ListItem\",\"position\":1,\"name\":\"Home\",\"item\":\"https:\\\/\\\/anivet.lt\\\/elparduotuve\\\/\"},{\"@type\":\"ListItem\",\"position\":2,\"name\":\"Produktai\",\"item\":\"https:\\\/\\\/anivet.lt\\\/elparduotuve\\\/produktai\\\/\"},{\"@type\":\"ListItem\",\"position\":3,\"name\":\"Calibra Cat Life Adult Lamb sausas pa\u0161aras su \u0117riena\"}]},{\"@type\":\"WebSite\",\"@id\":\"https:\\\/\\\/anivet.lt\\\/elparduotuve\\\/#website\",\"url\":\"https:\\\/\\\/anivet.lt\\\/elparduotuve\\\/\",\"name\":\"anivet.lt\",\"description\":\"Viskas J\u016bs\u0173 \u0161uns, kat\u0117s prie\u017ei\u016brai\",\"publisher\":{\"@id\":\"https:\\\/\\\/anivet.lt\\\/elparduotuve\\\/#organization\"},\"alternateName\":\"Viskas J\u016bs\u0173 \u0161uns, kat\u0117s prie\u017ei\u016brai\",\"potentialAction\":[{\"@type\":\"SearchAction\",\"target\":{\"@type\":\"EntryPoint\",\"urlTemplate\":\"https:\\\/\\\/anivet.lt\\\/elparduotuve\\\/?s={search_term_string}\"},\"query-input\":{\"@type\":\"PropertyValueSpecification\",\"valueRequired\":true,\"valueName\":\"search_term_string\"}}],\"inLanguage\":\"lt-LT\"},{\"@type\":\"Organization\",\"@id\":\"https:\\\/\\\/anivet.lt\\\/elparduotuve\\\/#organization\",\"name\":\"Viskas J\u016bs\u0173 \u0161uns, kat\u0117s prie\u017ei\u016brai\",\"url\":\"https:\\\/\\\/anivet.lt\\\/elparduotuve\\\/\",\"logo\":{\"@type\":\"ImageObject\",\"inLanguage\":\"lt-LT\",\"@id\":\"https:\\\/\\\/anivet.lt\\\/elparduotuve\\\/#\\\/schema\\\/logo\\\/image\\\/\",\"url\":\"https:\\\/\\\/anivet.lt\\\/elparduotuve\\\/wp-content\\\/uploads\\\/2023\\\/06\\\/logo2.jpg\",\"contentUrl\":\"https:\\\/\\\/anivet.lt\\\/elparduotuve\\\/wp-content\\\/uploads\\\/2023\\\/06\\\/logo2.jpg\",\"width\":655,\"height\":194,\"caption\":\"Viskas J\u016bs\u0173 \u0161uns, kat\u0117s prie\u017ei\u016brai\"},\"image\":{\"@id\":\"https:\\\/\\\/anivet.lt\\\/elparduotuve\\\/#\\\/schema\\\/logo\\\/image\\\/\"}}]}<\/script>\n<!-- \/ Yoast SEO Premium plugin. -->","yoast_head_json":{"title":"Calibra Cat Life Adult Lamb sausas pa\u0161aras su \u0117riena - anivet.lt","description":"\u0160is begr\u016bdis superpremium sausas pa\u0161aras suaugusioms kat\u0117ms pasi\u017eymi i\u0161skirtiniu skoniu, u\u017etikrintu d\u0117l didelio \u0117rienos ir vi\u0161tienos kiekio, \u012fskaitant \u0161vie\u017ei\u0105 \u0117rien\u0105. Subalansuotas riebal\u0173 ir kalorij\u0173 kiekis padeda palaikyti optimali\u0105 kat\u0117s fizin\u0119 b\u016bkl\u0119, o praturtinta formul\u0117 skirta s\u0105nari\u0173 sveikatai.","robots":{"index":"index","follow":"follow","max-snippet":"max-snippet:-1","max-image-preview":"max-image-preview:large","max-video-preview":"max-video-preview:-1"},"canonical":"https:\/\/anivet.lt\/elparduotuve\/produktas\/calibra-cat-life-adult-lamb-sausas-pasaras-su-eriena\/","og_locale":"lt_LT","og_type":"article","og_title":"Calibra Cat Life Adult Lamb sausas pa\u0161aras su \u0117riena","og_description":"\u0160is begr\u016bdis superpremium sausas pa\u0161aras suaugusioms kat\u0117ms pasi\u017eymi i\u0161skirtiniu skoniu, u\u017etikrintu d\u0117l didelio \u0117rienos ir vi\u0161tienos kiekio, \u012fskaitant \u0161vie\u017ei\u0105 \u0117rien\u0105. Subalansuotas riebal\u0173 ir kalorij\u0173 kiekis padeda palaikyti optimali\u0105 kat\u0117s fizin\u0119 b\u016bkl\u0119, o praturtinta formul\u0117 skirta s\u0105nari\u0173 sveikatai.","og_url":"https:\/\/anivet.lt\/elparduotuve\/produktas\/calibra-cat-life-adult-lamb-sausas-pasaras-su-eriena\/","og_site_name":"anivet.lt","article_modified_time":"2026-02-19T17:16:36+00:00","og_image":[{"width":1920,"height":1920,"url":"https:\/\/anivet.lt\/elparduotuve\/wp-content\/uploads\/2023\/07\/2473-calibra-cat-life-adult-lamb-1-5kg.webp","type":"image\/webp"}],"twitter_card":"summary_large_image","twitter_misc":{"Est. reading time":"1 minut\u0117"},"schema":{"@context":"https:\/\/schema.org","@graph":[{"@type":"WebPage","@id":"https:\/\/anivet.lt\/elparduotuve\/produktas\/calibra-cat-life-adult-lamb-sausas-pasaras-su-eriena\/","url":"https:\/\/anivet.lt\/elparduotuve\/produktas\/calibra-cat-life-adult-lamb-sausas-pasaras-su-eriena\/","name":"Calibra Cat Life Adult Lamb sausas pa\u0161aras su \u0117riena - anivet.lt","isPartOf":{"@id":"https:\/\/anivet.lt\/elparduotuve\/#website"},"primaryImageOfPage":{"@id":"https:\/\/anivet.lt\/elparduotuve\/produktas\/calibra-cat-life-adult-lamb-sausas-pasaras-su-eriena\/#primaryimage"},"image":{"@id":"https:\/\/anivet.lt\/elparduotuve\/produktas\/calibra-cat-life-adult-lamb-sausas-pasaras-su-eriena\/#primaryimage"},"thumbnailUrl":"https:\/\/anivet.lt\/elparduotuve\/wp-content\/uploads\/2023\/07\/2473-calibra-cat-life-adult-lamb-1-5kg.webp","datePublished":"2023-07-25T15:22:41+00:00","dateModified":"2026-02-19T17:16:36+00:00","description":"\u0160is begr\u016bdis superpremium sausas pa\u0161aras suaugusioms kat\u0117ms pasi\u017eymi i\u0161skirtiniu skoniu, u\u017etikrintu d\u0117l didelio \u0117rienos ir vi\u0161tienos kiekio, \u012fskaitant \u0161vie\u017ei\u0105 \u0117rien\u0105. Subalansuotas riebal\u0173 ir kalorij\u0173 kiekis padeda palaikyti optimali\u0105 kat\u0117s fizin\u0119 b\u016bkl\u0119, o praturtinta formul\u0117 skirta s\u0105nari\u0173 sveikatai.","breadcrumb":{"@id":"https:\/\/anivet.lt\/elparduotuve\/produktas\/calibra-cat-life-adult-lamb-sausas-pasaras-su-eriena\/#breadcrumb"},"inLanguage":"lt-LT","potentialAction":[{"@type":"ReadAction","target":["https:\/\/anivet.lt\/elparduotuve\/produktas\/calibra-cat-life-adult-lamb-sausas-pasaras-su-eriena\/"]}]},{"@type":"ImageObject","inLanguage":"lt-LT","@id":"https:\/\/anivet.lt\/elparduotuve\/produktas\/calibra-cat-life-adult-lamb-sausas-pasaras-su-eriena\/#primaryimage","url":"https:\/\/anivet.lt\/elparduotuve\/wp-content\/uploads\/2023\/07\/2473-calibra-cat-life-adult-lamb-1-5kg.webp","contentUrl":"https:\/\/anivet.lt\/elparduotuve\/wp-content\/uploads\/2023\/07\/2473-calibra-cat-life-adult-lamb-1-5kg.webp","width":1920,"height":1920,"caption":"Calibra Cat Life Adult Lamb sausas pa\u0161aras su \u0117riena"},{"@type":"BreadcrumbList","@id":"https:\/\/anivet.lt\/elparduotuve\/produktas\/calibra-cat-life-adult-lamb-sausas-pasaras-su-eriena\/#breadcrumb","itemListElement":[{"@type":"ListItem","position":1,"name":"Home","item":"https:\/\/anivet.lt\/elparduotuve\/"},{"@type":"ListItem","position":2,"name":"Produktai","item":"https:\/\/anivet.lt\/elparduotuve\/produktai\/"},{"@type":"ListItem","position":3,"name":"Calibra Cat Life Adult Lamb sausas pa\u0161aras su \u0117riena"}]},{"@type":"WebSite","@id":"https:\/\/anivet.lt\/elparduotuve\/#website","url":"https:\/\/anivet.lt\/elparduotuve\/","name":"anivet.lt","description":"Viskas J\u016bs\u0173 \u0161uns, kat\u0117s prie\u017ei\u016brai","publisher":{"@id":"https:\/\/anivet.lt\/elparduotuve\/#organization"},"alternateName":"Viskas J\u016bs\u0173 \u0161uns, kat\u0117s prie\u017ei\u016brai","potentialAction":[{"@type":"SearchAction","target":{"@type":"EntryPoint","urlTemplate":"https:\/\/anivet.lt\/elparduotuve\/?s={search_term_string}"},"query-input":{"@type":"PropertyValueSpecification","valueRequired":true,"valueName":"search_term_string"}}],"inLanguage":"lt-LT"},{"@type":"Organization","@id":"https:\/\/anivet.lt\/elparduotuve\/#organization","name":"Viskas J\u016bs\u0173 \u0161uns, kat\u0117s prie\u017ei\u016brai","url":"https:\/\/anivet.lt\/elparduotuve\/","logo":{"@type":"ImageObject","inLanguage":"lt-LT","@id":"https:\/\/anivet.lt\/elparduotuve\/#\/schema\/logo\/image\/","url":"https:\/\/anivet.lt\/elparduotuve\/wp-content\/uploads\/2023\/06\/logo2.jpg","contentUrl":"https:\/\/anivet.lt\/elparduotuve\/wp-content\/uploads\/2023\/06\/logo2.jpg","width":655,"height":194,"caption":"Viskas J\u016bs\u0173 \u0161uns, kat\u0117s prie\u017ei\u016brai"},"image":{"@id":"https:\/\/anivet.lt\/elparduotuve\/#\/schema\/logo\/image\/"}}]}},"_links":{"self":[{"href":"https:\/\/anivet.lt\/elparduotuve\/wp-json\/wp\/v2\/product\/10649","targetHints":{"allow":["GET"]}}],"collection":[{"href":"https:\/\/anivet.lt\/elparduotuve\/wp-json\/wp\/v2\/product"}],"about":[{"href":"https:\/\/anivet.lt\/elparduotuve\/wp-json\/wp\/v2\/types\/product"}],"wp:featuredmedia":[{"embeddable":true,"href":"https:\/\/anivet.lt\/elparduotuve\/wp-json\/wp\/v2\/media\/10651"}],"wp:attachment":[{"href":"https:\/\/anivet.lt\/elparduotuve\/wp-json\/wp\/v2\/media?parent=10649"}],"wp:term":[{"taxonomy":"product_brand","embeddable":true,"href":"https:\/\/anivet.lt\/elparduotuve\/wp-json\/wp\/v2\/product_brand?post=10649"},{"taxonomy":"product_cat","embeddable":true,"href":"https:\/\/anivet.lt\/elparduotuve\/wp-json\/wp\/v2\/product_cat?post=10649"},{"taxonomy":"product_tag","embeddable":true,"href":"https:\/\/anivet.lt\/elparduotuve\/wp-json\/wp\/v2\/product_tag?post=10649"}],"curies":[{"name":"wp","href":"https:\/\/api.w.org\/{rel}","templated":true}]}}