{"id":10654,"date":"2023-07-25T15:36:14","date_gmt":"2023-07-25T15:36:14","guid":{"rendered":"https:\/\/anivet.lt\/elparduotuve\/?post_type=product&#038;p=10654"},"modified":"2026-04-30T15:51:11","modified_gmt":"2026-04-30T15:51:11","slug":"calibra-cat-life-sterilised-beef-sausas-pasaras-su-jautiena","status":"publish","type":"product","link":"https:\/\/anivet.lt\/elparduotuve\/produktas\/calibra-cat-life-sterilised-beef-sausas-pasaras-su-jautiena\/","title":{"rendered":"Calibra Cat Life Sterilised Beef sausas pa\u0161aras su jautiena"},"content":{"rendered":"<ul>\n<li style=\"font-weight: 400;\" aria-level=\"1\"><span style=\"font-weight: 400;\">Optimalus balansas: Subalansuotas kalorij\u0173 ir mineral\u0173 kiekis, u\u017etikrinantis tinkam\u0105 sterilizuot\u0173 ka\u010di\u0173 sveikat\u0105.<\/span><\/li>\n<li style=\"font-weight: 400;\" aria-level=\"1\"><span style=\"font-weight: 400;\">Imuniteto stiprinimas: Er\u0161k\u0117tro\u017e\u0117s \u2013 nat\u016bralus vitamin\u0173 \u0161altinis, turintis u\u017edegim\u0105 ma\u017einan\u010di\u0173 savybi\u0173.<\/span><\/li>\n<li style=\"font-weight: 400;\" aria-level=\"1\"><span style=\"font-weight: 400;\">\u0160lapimo sistemos prie\u017ei\u016bra: Sud\u0117tyje esan\u010dios veikliosios med\u017eiagos palaiko sveik\u0105 \u0161lapimo tak\u0173 funkcij\u0105.<\/span><\/li>\n<li style=\"font-weight: 400;\" aria-level=\"1\"><span style=\"font-weight: 400;\">Didelis gyv\u016bnin\u0117s kilm\u0117s baltym\u0173 kiekis: 83 % baltym\u0173 yra gyv\u016bnin\u0117s kilm\u0117s, u\u017etikrinant puik\u0173 skon\u012f ir maistingum\u0105.<\/span><\/li>\n<li style=\"font-weight: 400;\" aria-level=\"1\"><span style=\"font-weight: 400;\">Begr\u016bd\u0117 formul\u0117: Puikiai tinka kat\u0117ms, turin\u010dioms jautr\u0173 vir\u0161kinim\u0105 ar alergij\u0173 gr\u016bdams.<\/span><\/li>\n<\/ul>\n<p><span style=\"font-weight: 400;\">\u201eCalibra Cat Life Sterilised Beef\u201d pa\u0161aras sukurtas specialiai sterilizuot\u0173 ka\u010di\u0173 poreikiams \u2013 tai puikus pasirinkimas, siekiant u\u017etikrinti tinkam\u0105 svor\u012f, palaikyti sveik\u0105 \u0161lapimo sistem\u0105 ir sustiprinti imunitet\u0105. Kokybi\u0161ki ingredientai ir auk\u0161tas gyv\u016bnin\u0117s kilm\u0117s baltym\u0173 kiekis garantuoja i\u0161skirtin\u012f skon\u012f ir mitybos vert\u0119.<\/span><\/p>\n","protected":false},"excerpt":{"rendered":"<p><span style=\"font-weight: 400;\">Subalansuotas begr\u016bdis pa\u0161aras, skirtas sterilizuotoms kat\u0117ms ir kastruotiems katinams, kuriame yra \u0161vie\u017eia jautiena i\u0161skirtiniam skoniui. \u0160is pa\u0161aras u\u017etikrina optimal\u0173 kalorij\u0173 ir mineral\u0173 balans\u0105, o prid\u0117tos er\u0161k\u0117tro\u017e\u0117s padeda palaikyti sveik\u0105 \u0161lapimo sistem\u0105 bei stiprina imunitet\u0105. Sud\u0117tyje esantis taurinas u\u017etikrina aki\u0173 ir \u0161irdies sveikat\u0105.<\/span><\/p>\n","protected":false},"featured_media":10656,"template":"","meta":[],"product_brand":[],"product_cat":[114,115,102,339],"product_tag":[],"class_list":{"0":"post-10654","1":"product","2":"type-product","3":"status-publish","4":"has-post-thumbnail","6":"product_cat-kaciu-maistas","7":"product_cat-sausas-maistas-ir-skanestai-katems","8":"product_cat-katems","9":"product_cat-calibra-kaciu-maistas","10":"pa_prekinis-zenklas-calibra","12":"first","13":"instock","14":"taxable","15":"shipping-taxable","16":"purchasable","17":"product-type-variable"},"yoast_head":"<!-- This site is optimized with the Yoast SEO Premium plugin v27.1 (Yoast SEO v27.5) - https:\/\/yoast.com\/product\/yoast-seo-premium-wordpress\/ -->\n<title>Calibra Cat Life Sterilised Beef sausas pa\u0161aras su jautiena - anivet.lt<\/title>\n<meta name=\"description\" content=\"Subalansuotas begr\u016bdis pa\u0161aras, skirtas sterilizuotoms kat\u0117ms ir kastruotiems katinams, kuriame yra \u0161vie\u017eia jautiena i\u0161skirtiniam skoniui. \u0160is pa\u0161aras u\u017etikrina optimal\u0173 kalorij\u0173 ir mineral\u0173 balans\u0105, o prid\u0117tos er\u0161k\u0117tro\u017e\u0117s padeda palaikyti sveik\u0105 \u0161lapimo sistem\u0105 bei stiprina imunitet\u0105. Sud\u0117tyje esantis taurinas u\u017etikrina aki\u0173 ir \u0161irdies sveikat\u0105.\" \/>\n<meta name=\"robots\" content=\"index, follow, max-snippet:-1, max-image-preview:large, max-video-preview:-1\" \/>\n<link rel=\"canonical\" href=\"https:\/\/anivet.lt\/elparduotuve\/produktas\/calibra-cat-life-sterilised-beef-sausas-pasaras-su-jautiena\/\" \/>\n<meta property=\"og:locale\" content=\"lt_LT\" \/>\n<meta property=\"og:type\" content=\"article\" \/>\n<meta property=\"og:title\" content=\"Calibra Cat Life Sterilised Beef sausas pa\u0161aras su jautiena\" \/>\n<meta property=\"og:description\" content=\"Subalansuotas begr\u016bdis pa\u0161aras, skirtas sterilizuotoms kat\u0117ms ir kastruotiems katinams, kuriame yra \u0161vie\u017eia jautiena i\u0161skirtiniam skoniui. \u0160is pa\u0161aras u\u017etikrina optimal\u0173 kalorij\u0173 ir mineral\u0173 balans\u0105, o prid\u0117tos er\u0161k\u0117tro\u017e\u0117s padeda palaikyti sveik\u0105 \u0161lapimo sistem\u0105 bei stiprina imunitet\u0105. Sud\u0117tyje esantis taurinas u\u017etikrina aki\u0173 ir \u0161irdies sveikat\u0105.\" \/>\n<meta property=\"og:url\" content=\"https:\/\/anivet.lt\/elparduotuve\/produktas\/calibra-cat-life-sterilised-beef-sausas-pasaras-su-jautiena\/\" \/>\n<meta property=\"og:site_name\" content=\"anivet.lt\" \/>\n<meta property=\"article:modified_time\" content=\"2026-04-30T15:51:11+00:00\" \/>\n<meta property=\"og:image\" content=\"https:\/\/anivet.lt\/elparduotuve\/wp-content\/uploads\/2023\/07\/2480-calibra-cat-life-sterilised-beef-1-5kg.webp\" \/>\n\t<meta property=\"og:image:width\" content=\"1920\" \/>\n\t<meta property=\"og:image:height\" content=\"1920\" \/>\n\t<meta property=\"og:image:type\" content=\"image\/webp\" \/>\n<meta name=\"twitter:card\" content=\"summary_large_image\" \/>\n<meta name=\"twitter:label1\" content=\"Est. reading time\" \/>\n\t<meta name=\"twitter:data1\" content=\"1 minut\u0117\" \/>\n<script type=\"application\/ld+json\" class=\"yoast-schema-graph\">{\"@context\":\"https:\\\/\\\/schema.org\",\"@graph\":[{\"@type\":\"WebPage\",\"@id\":\"https:\\\/\\\/anivet.lt\\\/elparduotuve\\\/produktas\\\/calibra-cat-life-sterilised-beef-sausas-pasaras-su-jautiena\\\/\",\"url\":\"https:\\\/\\\/anivet.lt\\\/elparduotuve\\\/produktas\\\/calibra-cat-life-sterilised-beef-sausas-pasaras-su-jautiena\\\/\",\"name\":\"Calibra Cat Life Sterilised Beef sausas pa\u0161aras su jautiena - anivet.lt\",\"isPartOf\":{\"@id\":\"https:\\\/\\\/anivet.lt\\\/elparduotuve\\\/#website\"},\"primaryImageOfPage\":{\"@id\":\"https:\\\/\\\/anivet.lt\\\/elparduotuve\\\/produktas\\\/calibra-cat-life-sterilised-beef-sausas-pasaras-su-jautiena\\\/#primaryimage\"},\"image\":{\"@id\":\"https:\\\/\\\/anivet.lt\\\/elparduotuve\\\/produktas\\\/calibra-cat-life-sterilised-beef-sausas-pasaras-su-jautiena\\\/#primaryimage\"},\"thumbnailUrl\":\"https:\\\/\\\/anivet.lt\\\/elparduotuve\\\/wp-content\\\/uploads\\\/2023\\\/07\\\/2480-calibra-cat-life-sterilised-beef-1-5kg.webp\",\"datePublished\":\"2023-07-25T15:36:14+00:00\",\"dateModified\":\"2026-04-30T15:51:11+00:00\",\"description\":\"Subalansuotas begr\u016bdis pa\u0161aras, skirtas sterilizuotoms kat\u0117ms ir kastruotiems katinams, kuriame yra \u0161vie\u017eia jautiena i\u0161skirtiniam skoniui. \u0160is pa\u0161aras u\u017etikrina optimal\u0173 kalorij\u0173 ir mineral\u0173 balans\u0105, o prid\u0117tos er\u0161k\u0117tro\u017e\u0117s padeda palaikyti sveik\u0105 \u0161lapimo sistem\u0105 bei stiprina imunitet\u0105. Sud\u0117tyje esantis taurinas u\u017etikrina aki\u0173 ir \u0161irdies sveikat\u0105.\",\"breadcrumb\":{\"@id\":\"https:\\\/\\\/anivet.lt\\\/elparduotuve\\\/produktas\\\/calibra-cat-life-sterilised-beef-sausas-pasaras-su-jautiena\\\/#breadcrumb\"},\"inLanguage\":\"lt-LT\",\"potentialAction\":[{\"@type\":\"ReadAction\",\"target\":[\"https:\\\/\\\/anivet.lt\\\/elparduotuve\\\/produktas\\\/calibra-cat-life-sterilised-beef-sausas-pasaras-su-jautiena\\\/\"]}]},{\"@type\":\"ImageObject\",\"inLanguage\":\"lt-LT\",\"@id\":\"https:\\\/\\\/anivet.lt\\\/elparduotuve\\\/produktas\\\/calibra-cat-life-sterilised-beef-sausas-pasaras-su-jautiena\\\/#primaryimage\",\"url\":\"https:\\\/\\\/anivet.lt\\\/elparduotuve\\\/wp-content\\\/uploads\\\/2023\\\/07\\\/2480-calibra-cat-life-sterilised-beef-1-5kg.webp\",\"contentUrl\":\"https:\\\/\\\/anivet.lt\\\/elparduotuve\\\/wp-content\\\/uploads\\\/2023\\\/07\\\/2480-calibra-cat-life-sterilised-beef-1-5kg.webp\",\"width\":1920,\"height\":1920,\"caption\":\"Calibra Cat Life Sterilised Beef sausas pa\u0161aras su jautiena\"},{\"@type\":\"BreadcrumbList\",\"@id\":\"https:\\\/\\\/anivet.lt\\\/elparduotuve\\\/produktas\\\/calibra-cat-life-sterilised-beef-sausas-pasaras-su-jautiena\\\/#breadcrumb\",\"itemListElement\":[{\"@type\":\"ListItem\",\"position\":1,\"name\":\"Home\",\"item\":\"https:\\\/\\\/anivet.lt\\\/elparduotuve\\\/\"},{\"@type\":\"ListItem\",\"position\":2,\"name\":\"Produktai\",\"item\":\"https:\\\/\\\/anivet.lt\\\/elparduotuve\\\/produktai\\\/\"},{\"@type\":\"ListItem\",\"position\":3,\"name\":\"Calibra Cat Life Sterilised Beef sausas pa\u0161aras su jautiena\"}]},{\"@type\":\"WebSite\",\"@id\":\"https:\\\/\\\/anivet.lt\\\/elparduotuve\\\/#website\",\"url\":\"https:\\\/\\\/anivet.lt\\\/elparduotuve\\\/\",\"name\":\"anivet.lt\",\"description\":\"Viskas J\u016bs\u0173 \u0161uns, kat\u0117s prie\u017ei\u016brai\",\"publisher\":{\"@id\":\"https:\\\/\\\/anivet.lt\\\/elparduotuve\\\/#organization\"},\"alternateName\":\"Viskas J\u016bs\u0173 \u0161uns, kat\u0117s prie\u017ei\u016brai\",\"potentialAction\":[{\"@type\":\"SearchAction\",\"target\":{\"@type\":\"EntryPoint\",\"urlTemplate\":\"https:\\\/\\\/anivet.lt\\\/elparduotuve\\\/?s={search_term_string}\"},\"query-input\":{\"@type\":\"PropertyValueSpecification\",\"valueRequired\":true,\"valueName\":\"search_term_string\"}}],\"inLanguage\":\"lt-LT\"},{\"@type\":\"Organization\",\"@id\":\"https:\\\/\\\/anivet.lt\\\/elparduotuve\\\/#organization\",\"name\":\"Viskas J\u016bs\u0173 \u0161uns, kat\u0117s prie\u017ei\u016brai\",\"url\":\"https:\\\/\\\/anivet.lt\\\/elparduotuve\\\/\",\"logo\":{\"@type\":\"ImageObject\",\"inLanguage\":\"lt-LT\",\"@id\":\"https:\\\/\\\/anivet.lt\\\/elparduotuve\\\/#\\\/schema\\\/logo\\\/image\\\/\",\"url\":\"https:\\\/\\\/anivet.lt\\\/elparduotuve\\\/wp-content\\\/uploads\\\/2023\\\/06\\\/logo2.jpg\",\"contentUrl\":\"https:\\\/\\\/anivet.lt\\\/elparduotuve\\\/wp-content\\\/uploads\\\/2023\\\/06\\\/logo2.jpg\",\"width\":655,\"height\":194,\"caption\":\"Viskas J\u016bs\u0173 \u0161uns, kat\u0117s prie\u017ei\u016brai\"},\"image\":{\"@id\":\"https:\\\/\\\/anivet.lt\\\/elparduotuve\\\/#\\\/schema\\\/logo\\\/image\\\/\"}}]}<\/script>\n<!-- \/ Yoast SEO Premium plugin. -->","yoast_head_json":{"title":"Calibra Cat Life Sterilised Beef sausas pa\u0161aras su jautiena - anivet.lt","description":"Subalansuotas begr\u016bdis pa\u0161aras, skirtas sterilizuotoms kat\u0117ms ir kastruotiems katinams, kuriame yra \u0161vie\u017eia jautiena i\u0161skirtiniam skoniui. \u0160is pa\u0161aras u\u017etikrina optimal\u0173 kalorij\u0173 ir mineral\u0173 balans\u0105, o prid\u0117tos er\u0161k\u0117tro\u017e\u0117s padeda palaikyti sveik\u0105 \u0161lapimo sistem\u0105 bei stiprina imunitet\u0105. Sud\u0117tyje esantis taurinas u\u017etikrina aki\u0173 ir \u0161irdies sveikat\u0105.","robots":{"index":"index","follow":"follow","max-snippet":"max-snippet:-1","max-image-preview":"max-image-preview:large","max-video-preview":"max-video-preview:-1"},"canonical":"https:\/\/anivet.lt\/elparduotuve\/produktas\/calibra-cat-life-sterilised-beef-sausas-pasaras-su-jautiena\/","og_locale":"lt_LT","og_type":"article","og_title":"Calibra Cat Life Sterilised Beef sausas pa\u0161aras su jautiena","og_description":"Subalansuotas begr\u016bdis pa\u0161aras, skirtas sterilizuotoms kat\u0117ms ir kastruotiems katinams, kuriame yra \u0161vie\u017eia jautiena i\u0161skirtiniam skoniui. \u0160is pa\u0161aras u\u017etikrina optimal\u0173 kalorij\u0173 ir mineral\u0173 balans\u0105, o prid\u0117tos er\u0161k\u0117tro\u017e\u0117s padeda palaikyti sveik\u0105 \u0161lapimo sistem\u0105 bei stiprina imunitet\u0105. Sud\u0117tyje esantis taurinas u\u017etikrina aki\u0173 ir \u0161irdies sveikat\u0105.","og_url":"https:\/\/anivet.lt\/elparduotuve\/produktas\/calibra-cat-life-sterilised-beef-sausas-pasaras-su-jautiena\/","og_site_name":"anivet.lt","article_modified_time":"2026-04-30T15:51:11+00:00","og_image":[{"width":1920,"height":1920,"url":"https:\/\/anivet.lt\/elparduotuve\/wp-content\/uploads\/2023\/07\/2480-calibra-cat-life-sterilised-beef-1-5kg.webp","type":"image\/webp"}],"twitter_card":"summary_large_image","twitter_misc":{"Est. reading time":"1 minut\u0117"},"schema":{"@context":"https:\/\/schema.org","@graph":[{"@type":"WebPage","@id":"https:\/\/anivet.lt\/elparduotuve\/produktas\/calibra-cat-life-sterilised-beef-sausas-pasaras-su-jautiena\/","url":"https:\/\/anivet.lt\/elparduotuve\/produktas\/calibra-cat-life-sterilised-beef-sausas-pasaras-su-jautiena\/","name":"Calibra Cat Life Sterilised Beef sausas pa\u0161aras su jautiena - anivet.lt","isPartOf":{"@id":"https:\/\/anivet.lt\/elparduotuve\/#website"},"primaryImageOfPage":{"@id":"https:\/\/anivet.lt\/elparduotuve\/produktas\/calibra-cat-life-sterilised-beef-sausas-pasaras-su-jautiena\/#primaryimage"},"image":{"@id":"https:\/\/anivet.lt\/elparduotuve\/produktas\/calibra-cat-life-sterilised-beef-sausas-pasaras-su-jautiena\/#primaryimage"},"thumbnailUrl":"https:\/\/anivet.lt\/elparduotuve\/wp-content\/uploads\/2023\/07\/2480-calibra-cat-life-sterilised-beef-1-5kg.webp","datePublished":"2023-07-25T15:36:14+00:00","dateModified":"2026-04-30T15:51:11+00:00","description":"Subalansuotas begr\u016bdis pa\u0161aras, skirtas sterilizuotoms kat\u0117ms ir kastruotiems katinams, kuriame yra \u0161vie\u017eia jautiena i\u0161skirtiniam skoniui. \u0160is pa\u0161aras u\u017etikrina optimal\u0173 kalorij\u0173 ir mineral\u0173 balans\u0105, o prid\u0117tos er\u0161k\u0117tro\u017e\u0117s padeda palaikyti sveik\u0105 \u0161lapimo sistem\u0105 bei stiprina imunitet\u0105. Sud\u0117tyje esantis taurinas u\u017etikrina aki\u0173 ir \u0161irdies sveikat\u0105.","breadcrumb":{"@id":"https:\/\/anivet.lt\/elparduotuve\/produktas\/calibra-cat-life-sterilised-beef-sausas-pasaras-su-jautiena\/#breadcrumb"},"inLanguage":"lt-LT","potentialAction":[{"@type":"ReadAction","target":["https:\/\/anivet.lt\/elparduotuve\/produktas\/calibra-cat-life-sterilised-beef-sausas-pasaras-su-jautiena\/"]}]},{"@type":"ImageObject","inLanguage":"lt-LT","@id":"https:\/\/anivet.lt\/elparduotuve\/produktas\/calibra-cat-life-sterilised-beef-sausas-pasaras-su-jautiena\/#primaryimage","url":"https:\/\/anivet.lt\/elparduotuve\/wp-content\/uploads\/2023\/07\/2480-calibra-cat-life-sterilised-beef-1-5kg.webp","contentUrl":"https:\/\/anivet.lt\/elparduotuve\/wp-content\/uploads\/2023\/07\/2480-calibra-cat-life-sterilised-beef-1-5kg.webp","width":1920,"height":1920,"caption":"Calibra Cat Life Sterilised Beef sausas pa\u0161aras su jautiena"},{"@type":"BreadcrumbList","@id":"https:\/\/anivet.lt\/elparduotuve\/produktas\/calibra-cat-life-sterilised-beef-sausas-pasaras-su-jautiena\/#breadcrumb","itemListElement":[{"@type":"ListItem","position":1,"name":"Home","item":"https:\/\/anivet.lt\/elparduotuve\/"},{"@type":"ListItem","position":2,"name":"Produktai","item":"https:\/\/anivet.lt\/elparduotuve\/produktai\/"},{"@type":"ListItem","position":3,"name":"Calibra Cat Life Sterilised Beef sausas pa\u0161aras su jautiena"}]},{"@type":"WebSite","@id":"https:\/\/anivet.lt\/elparduotuve\/#website","url":"https:\/\/anivet.lt\/elparduotuve\/","name":"anivet.lt","description":"Viskas J\u016bs\u0173 \u0161uns, kat\u0117s prie\u017ei\u016brai","publisher":{"@id":"https:\/\/anivet.lt\/elparduotuve\/#organization"},"alternateName":"Viskas J\u016bs\u0173 \u0161uns, kat\u0117s prie\u017ei\u016brai","potentialAction":[{"@type":"SearchAction","target":{"@type":"EntryPoint","urlTemplate":"https:\/\/anivet.lt\/elparduotuve\/?s={search_term_string}"},"query-input":{"@type":"PropertyValueSpecification","valueRequired":true,"valueName":"search_term_string"}}],"inLanguage":"lt-LT"},{"@type":"Organization","@id":"https:\/\/anivet.lt\/elparduotuve\/#organization","name":"Viskas J\u016bs\u0173 \u0161uns, kat\u0117s prie\u017ei\u016brai","url":"https:\/\/anivet.lt\/elparduotuve\/","logo":{"@type":"ImageObject","inLanguage":"lt-LT","@id":"https:\/\/anivet.lt\/elparduotuve\/#\/schema\/logo\/image\/","url":"https:\/\/anivet.lt\/elparduotuve\/wp-content\/uploads\/2023\/06\/logo2.jpg","contentUrl":"https:\/\/anivet.lt\/elparduotuve\/wp-content\/uploads\/2023\/06\/logo2.jpg","width":655,"height":194,"caption":"Viskas J\u016bs\u0173 \u0161uns, kat\u0117s prie\u017ei\u016brai"},"image":{"@id":"https:\/\/anivet.lt\/elparduotuve\/#\/schema\/logo\/image\/"}}]}},"_links":{"self":[{"href":"https:\/\/anivet.lt\/elparduotuve\/wp-json\/wp\/v2\/product\/10654","targetHints":{"allow":["GET"]}}],"collection":[{"href":"https:\/\/anivet.lt\/elparduotuve\/wp-json\/wp\/v2\/product"}],"about":[{"href":"https:\/\/anivet.lt\/elparduotuve\/wp-json\/wp\/v2\/types\/product"}],"wp:featuredmedia":[{"embeddable":true,"href":"https:\/\/anivet.lt\/elparduotuve\/wp-json\/wp\/v2\/media\/10656"}],"wp:attachment":[{"href":"https:\/\/anivet.lt\/elparduotuve\/wp-json\/wp\/v2\/media?parent=10654"}],"wp:term":[{"taxonomy":"product_brand","embeddable":true,"href":"https:\/\/anivet.lt\/elparduotuve\/wp-json\/wp\/v2\/product_brand?post=10654"},{"taxonomy":"product_cat","embeddable":true,"href":"https:\/\/anivet.lt\/elparduotuve\/wp-json\/wp\/v2\/product_cat?post=10654"},{"taxonomy":"product_tag","embeddable":true,"href":"https:\/\/anivet.lt\/elparduotuve\/wp-json\/wp\/v2\/product_tag?post=10654"}],"curies":[{"name":"wp","href":"https:\/\/api.w.org\/{rel}","templated":true}]}}