{"id":10661,"date":"2023-07-25T16:30:51","date_gmt":"2023-07-25T16:30:51","guid":{"rendered":"https:\/\/anivet.lt\/elparduotuve\/?post_type=product&#038;p=10661"},"modified":"2026-04-15T15:58:50","modified_gmt":"2026-04-15T15:58:50","slug":"calibra-cat-life-sterilised-chicken-sausas-pasaras-su-vistiena","status":"publish","type":"product","link":"https:\/\/anivet.lt\/elparduotuve\/produktas\/calibra-cat-life-sterilised-chicken-sausas-pasaras-su-vistiena\/","title":{"rendered":"Calibra Cat Life Sterilised Chicken sausas pa\u0161aras su vi\u0161tiena"},"content":{"rendered":"<ul>\n<li style=\"font-weight: 400;\" aria-level=\"1\"><span style=\"font-weight: 400;\">Didelis vi\u0161tienos kiekis: 34,5 % vi\u0161tienos baltym\u0173, \u012fskaitant 15 % \u0161vie\u017eios vi\u0161tienos, u\u017etikrina kokybi\u0161k\u0105 baltym\u0173 \u0161altin\u012f.<\/span><\/li>\n<li style=\"font-weight: 400;\" aria-level=\"1\"><span style=\"font-weight: 400;\">Subalansuotas energijos ir mineral\u0173 kiekis: Prisideda prie optimalaus fizinio aktyvumo ir sveikatos palaikymo.<\/span><\/li>\n<li style=\"font-weight: 400;\" aria-level=\"1\"><span style=\"font-weight: 400;\">Praturtintas spanguol\u0117mis: Nat\u016bralus antioksidant\u0173 ir vitamino C \u0161altinis, palaikantis \u0161lapimo tak\u0173 sveikat\u0105.<\/span><\/li>\n<li style=\"font-weight: 400;\" aria-level=\"1\"><span style=\"font-weight: 400;\">Taurinas aki\u0173 ir \u0161irdies sveikatai: Nepakei\u010diama aminor\u016bg\u0161tis, svarbi kat\u0117s reg\u0117jimui ir \u0161irdies veiklai.<\/span><\/li>\n<li style=\"font-weight: 400;\" aria-level=\"1\"><span style=\"font-weight: 400;\">Lengvai vir\u0161kinamas: Be gr\u016bd\u0173 ir su nat\u016braliais priedais, pa\u0161aras tinka jautrioms vir\u0161kinimo sistemoms.<\/span><\/li>\n<\/ul>\n<p><span style=\"font-weight: 400;\">\u201eCalibra Cat Life Sterilised Chicken\u201c yra idealus kasdienis pa\u0161aras, padedantis palaikyti sterilizuot\u0173 ka\u010di\u0173 ger\u0105 sveikat\u0105 ir tinkam\u0105 fizin\u0119 b\u016bkl\u0119. Puikus skonis ir auk\u0161tos kokyb\u0117s sud\u0117tis u\u017etikrina, kad j\u016bs\u0173 augintinis m\u0117gausis kiekvienu k\u0105sniu.<\/span><\/p>\n","protected":false},"excerpt":{"rendered":"<p><span style=\"font-weight: 400;\">Subalansuotas ir maistingas sausas pa\u0161aras, specialiai sukurtas sterilizuotoms kat\u0117ms ir kastruotiems katinams. Sud\u0117tyje yra didelis kiekis auk\u0161tos kokyb\u0117s vi\u0161tienos, \u012fskaitant \u0161vie\u017ei\u0105 m\u0117s\u0105, ir n\u0117ra gr\u016bd\u0173.<\/span><\/p>\n","protected":false},"featured_media":10662,"template":"","meta":[],"product_brand":[],"product_cat":[114,115,102,339],"product_tag":[],"class_list":{"0":"post-10661","1":"product","2":"type-product","3":"status-publish","4":"has-post-thumbnail","6":"product_cat-kaciu-maistas","7":"product_cat-sausas-maistas-ir-skanestai-katems","8":"product_cat-katems","9":"product_cat-calibra-kaciu-maistas","10":"pa_prekinis-zenklas-calibra","12":"first","13":"instock","14":"taxable","15":"shipping-taxable","16":"purchasable","17":"product-type-variable"},"yoast_head":"<!-- This site is optimized with the Yoast SEO Premium plugin v27.1 (Yoast SEO v27.5) - https:\/\/yoast.com\/product\/yoast-seo-premium-wordpress\/ -->\n<title>Calibra Cat Life Sterilised Chicken sausas pa\u0161aras su vi\u0161tiena - anivet.lt<\/title>\n<meta name=\"description\" content=\"Subalansuotas ir maistingas sausas pa\u0161aras, specialiai sukurtas sterilizuotoms kat\u0117ms ir kastruotiems katinams. Sud\u0117tyje yra didelis kiekis auk\u0161tos kokyb\u0117s vi\u0161tienos, \u012fskaitant \u0161vie\u017ei\u0105 m\u0117s\u0105, ir n\u0117ra gr\u016bd\u0173.\" \/>\n<meta name=\"robots\" content=\"index, follow, max-snippet:-1, max-image-preview:large, max-video-preview:-1\" \/>\n<link rel=\"canonical\" href=\"https:\/\/anivet.lt\/elparduotuve\/produktas\/calibra-cat-life-sterilised-chicken-sausas-pasaras-su-vistiena\/\" \/>\n<meta property=\"og:locale\" content=\"lt_LT\" \/>\n<meta property=\"og:type\" content=\"article\" \/>\n<meta property=\"og:title\" content=\"Calibra Cat Life Sterilised Chicken sausas pa\u0161aras su vi\u0161tiena\" \/>\n<meta property=\"og:description\" content=\"Subalansuotas ir maistingas sausas pa\u0161aras, specialiai sukurtas sterilizuotoms kat\u0117ms ir kastruotiems katinams. Sud\u0117tyje yra didelis kiekis auk\u0161tos kokyb\u0117s vi\u0161tienos, \u012fskaitant \u0161vie\u017ei\u0105 m\u0117s\u0105, ir n\u0117ra gr\u016bd\u0173.\" \/>\n<meta property=\"og:url\" content=\"https:\/\/anivet.lt\/elparduotuve\/produktas\/calibra-cat-life-sterilised-chicken-sausas-pasaras-su-vistiena\/\" \/>\n<meta property=\"og:site_name\" content=\"anivet.lt\" \/>\n<meta property=\"article:modified_time\" content=\"2026-04-15T15:58:50+00:00\" \/>\n<meta property=\"og:image\" content=\"https:\/\/anivet.lt\/elparduotuve\/wp-content\/uploads\/2023\/07\/2478-calibra-cat-life-sterilised-chicken-1-5kg.webp\" \/>\n\t<meta property=\"og:image:width\" content=\"1920\" \/>\n\t<meta property=\"og:image:height\" content=\"1920\" \/>\n\t<meta property=\"og:image:type\" content=\"image\/webp\" \/>\n<meta name=\"twitter:card\" content=\"summary_large_image\" \/>\n<meta name=\"twitter:label1\" content=\"Est. reading time\" \/>\n\t<meta name=\"twitter:data1\" content=\"1 minut\u0117\" \/>\n<script type=\"application\/ld+json\" class=\"yoast-schema-graph\">{\"@context\":\"https:\\\/\\\/schema.org\",\"@graph\":[{\"@type\":\"WebPage\",\"@id\":\"https:\\\/\\\/anivet.lt\\\/elparduotuve\\\/produktas\\\/calibra-cat-life-sterilised-chicken-sausas-pasaras-su-vistiena\\\/\",\"url\":\"https:\\\/\\\/anivet.lt\\\/elparduotuve\\\/produktas\\\/calibra-cat-life-sterilised-chicken-sausas-pasaras-su-vistiena\\\/\",\"name\":\"Calibra Cat Life Sterilised Chicken sausas pa\u0161aras su vi\u0161tiena - anivet.lt\",\"isPartOf\":{\"@id\":\"https:\\\/\\\/anivet.lt\\\/elparduotuve\\\/#website\"},\"primaryImageOfPage\":{\"@id\":\"https:\\\/\\\/anivet.lt\\\/elparduotuve\\\/produktas\\\/calibra-cat-life-sterilised-chicken-sausas-pasaras-su-vistiena\\\/#primaryimage\"},\"image\":{\"@id\":\"https:\\\/\\\/anivet.lt\\\/elparduotuve\\\/produktas\\\/calibra-cat-life-sterilised-chicken-sausas-pasaras-su-vistiena\\\/#primaryimage\"},\"thumbnailUrl\":\"https:\\\/\\\/anivet.lt\\\/elparduotuve\\\/wp-content\\\/uploads\\\/2023\\\/07\\\/2478-calibra-cat-life-sterilised-chicken-1-5kg.webp\",\"datePublished\":\"2023-07-25T16:30:51+00:00\",\"dateModified\":\"2026-04-15T15:58:50+00:00\",\"description\":\"Subalansuotas ir maistingas sausas pa\u0161aras, specialiai sukurtas sterilizuotoms kat\u0117ms ir kastruotiems katinams. Sud\u0117tyje yra didelis kiekis auk\u0161tos kokyb\u0117s vi\u0161tienos, \u012fskaitant \u0161vie\u017ei\u0105 m\u0117s\u0105, ir n\u0117ra gr\u016bd\u0173.\",\"breadcrumb\":{\"@id\":\"https:\\\/\\\/anivet.lt\\\/elparduotuve\\\/produktas\\\/calibra-cat-life-sterilised-chicken-sausas-pasaras-su-vistiena\\\/#breadcrumb\"},\"inLanguage\":\"lt-LT\",\"potentialAction\":[{\"@type\":\"ReadAction\",\"target\":[\"https:\\\/\\\/anivet.lt\\\/elparduotuve\\\/produktas\\\/calibra-cat-life-sterilised-chicken-sausas-pasaras-su-vistiena\\\/\"]}]},{\"@type\":\"ImageObject\",\"inLanguage\":\"lt-LT\",\"@id\":\"https:\\\/\\\/anivet.lt\\\/elparduotuve\\\/produktas\\\/calibra-cat-life-sterilised-chicken-sausas-pasaras-su-vistiena\\\/#primaryimage\",\"url\":\"https:\\\/\\\/anivet.lt\\\/elparduotuve\\\/wp-content\\\/uploads\\\/2023\\\/07\\\/2478-calibra-cat-life-sterilised-chicken-1-5kg.webp\",\"contentUrl\":\"https:\\\/\\\/anivet.lt\\\/elparduotuve\\\/wp-content\\\/uploads\\\/2023\\\/07\\\/2478-calibra-cat-life-sterilised-chicken-1-5kg.webp\",\"width\":1920,\"height\":1920,\"caption\":\"Calibra Cat Life Sterilised Chicken sausas pa\u0161aras su vi\u0161tiena\"},{\"@type\":\"BreadcrumbList\",\"@id\":\"https:\\\/\\\/anivet.lt\\\/elparduotuve\\\/produktas\\\/calibra-cat-life-sterilised-chicken-sausas-pasaras-su-vistiena\\\/#breadcrumb\",\"itemListElement\":[{\"@type\":\"ListItem\",\"position\":1,\"name\":\"Home\",\"item\":\"https:\\\/\\\/anivet.lt\\\/elparduotuve\\\/\"},{\"@type\":\"ListItem\",\"position\":2,\"name\":\"Produktai\",\"item\":\"https:\\\/\\\/anivet.lt\\\/elparduotuve\\\/produktai\\\/\"},{\"@type\":\"ListItem\",\"position\":3,\"name\":\"Calibra Cat Life Sterilised Chicken sausas pa\u0161aras su vi\u0161tiena\"}]},{\"@type\":\"WebSite\",\"@id\":\"https:\\\/\\\/anivet.lt\\\/elparduotuve\\\/#website\",\"url\":\"https:\\\/\\\/anivet.lt\\\/elparduotuve\\\/\",\"name\":\"anivet.lt\",\"description\":\"Viskas J\u016bs\u0173 \u0161uns, kat\u0117s prie\u017ei\u016brai\",\"publisher\":{\"@id\":\"https:\\\/\\\/anivet.lt\\\/elparduotuve\\\/#organization\"},\"alternateName\":\"Viskas J\u016bs\u0173 \u0161uns, kat\u0117s prie\u017ei\u016brai\",\"potentialAction\":[{\"@type\":\"SearchAction\",\"target\":{\"@type\":\"EntryPoint\",\"urlTemplate\":\"https:\\\/\\\/anivet.lt\\\/elparduotuve\\\/?s={search_term_string}\"},\"query-input\":{\"@type\":\"PropertyValueSpecification\",\"valueRequired\":true,\"valueName\":\"search_term_string\"}}],\"inLanguage\":\"lt-LT\"},{\"@type\":\"Organization\",\"@id\":\"https:\\\/\\\/anivet.lt\\\/elparduotuve\\\/#organization\",\"name\":\"Viskas J\u016bs\u0173 \u0161uns, kat\u0117s prie\u017ei\u016brai\",\"url\":\"https:\\\/\\\/anivet.lt\\\/elparduotuve\\\/\",\"logo\":{\"@type\":\"ImageObject\",\"inLanguage\":\"lt-LT\",\"@id\":\"https:\\\/\\\/anivet.lt\\\/elparduotuve\\\/#\\\/schema\\\/logo\\\/image\\\/\",\"url\":\"https:\\\/\\\/anivet.lt\\\/elparduotuve\\\/wp-content\\\/uploads\\\/2023\\\/06\\\/logo2.jpg\",\"contentUrl\":\"https:\\\/\\\/anivet.lt\\\/elparduotuve\\\/wp-content\\\/uploads\\\/2023\\\/06\\\/logo2.jpg\",\"width\":655,\"height\":194,\"caption\":\"Viskas J\u016bs\u0173 \u0161uns, kat\u0117s prie\u017ei\u016brai\"},\"image\":{\"@id\":\"https:\\\/\\\/anivet.lt\\\/elparduotuve\\\/#\\\/schema\\\/logo\\\/image\\\/\"}}]}<\/script>\n<!-- \/ Yoast SEO Premium plugin. -->","yoast_head_json":{"title":"Calibra Cat Life Sterilised Chicken sausas pa\u0161aras su vi\u0161tiena - anivet.lt","description":"Subalansuotas ir maistingas sausas pa\u0161aras, specialiai sukurtas sterilizuotoms kat\u0117ms ir kastruotiems katinams. Sud\u0117tyje yra didelis kiekis auk\u0161tos kokyb\u0117s vi\u0161tienos, \u012fskaitant \u0161vie\u017ei\u0105 m\u0117s\u0105, ir n\u0117ra gr\u016bd\u0173.","robots":{"index":"index","follow":"follow","max-snippet":"max-snippet:-1","max-image-preview":"max-image-preview:large","max-video-preview":"max-video-preview:-1"},"canonical":"https:\/\/anivet.lt\/elparduotuve\/produktas\/calibra-cat-life-sterilised-chicken-sausas-pasaras-su-vistiena\/","og_locale":"lt_LT","og_type":"article","og_title":"Calibra Cat Life Sterilised Chicken sausas pa\u0161aras su vi\u0161tiena","og_description":"Subalansuotas ir maistingas sausas pa\u0161aras, specialiai sukurtas sterilizuotoms kat\u0117ms ir kastruotiems katinams. Sud\u0117tyje yra didelis kiekis auk\u0161tos kokyb\u0117s vi\u0161tienos, \u012fskaitant \u0161vie\u017ei\u0105 m\u0117s\u0105, ir n\u0117ra gr\u016bd\u0173.","og_url":"https:\/\/anivet.lt\/elparduotuve\/produktas\/calibra-cat-life-sterilised-chicken-sausas-pasaras-su-vistiena\/","og_site_name":"anivet.lt","article_modified_time":"2026-04-15T15:58:50+00:00","og_image":[{"width":1920,"height":1920,"url":"https:\/\/anivet.lt\/elparduotuve\/wp-content\/uploads\/2023\/07\/2478-calibra-cat-life-sterilised-chicken-1-5kg.webp","type":"image\/webp"}],"twitter_card":"summary_large_image","twitter_misc":{"Est. reading time":"1 minut\u0117"},"schema":{"@context":"https:\/\/schema.org","@graph":[{"@type":"WebPage","@id":"https:\/\/anivet.lt\/elparduotuve\/produktas\/calibra-cat-life-sterilised-chicken-sausas-pasaras-su-vistiena\/","url":"https:\/\/anivet.lt\/elparduotuve\/produktas\/calibra-cat-life-sterilised-chicken-sausas-pasaras-su-vistiena\/","name":"Calibra Cat Life Sterilised Chicken sausas pa\u0161aras su vi\u0161tiena - anivet.lt","isPartOf":{"@id":"https:\/\/anivet.lt\/elparduotuve\/#website"},"primaryImageOfPage":{"@id":"https:\/\/anivet.lt\/elparduotuve\/produktas\/calibra-cat-life-sterilised-chicken-sausas-pasaras-su-vistiena\/#primaryimage"},"image":{"@id":"https:\/\/anivet.lt\/elparduotuve\/produktas\/calibra-cat-life-sterilised-chicken-sausas-pasaras-su-vistiena\/#primaryimage"},"thumbnailUrl":"https:\/\/anivet.lt\/elparduotuve\/wp-content\/uploads\/2023\/07\/2478-calibra-cat-life-sterilised-chicken-1-5kg.webp","datePublished":"2023-07-25T16:30:51+00:00","dateModified":"2026-04-15T15:58:50+00:00","description":"Subalansuotas ir maistingas sausas pa\u0161aras, specialiai sukurtas sterilizuotoms kat\u0117ms ir kastruotiems katinams. Sud\u0117tyje yra didelis kiekis auk\u0161tos kokyb\u0117s vi\u0161tienos, \u012fskaitant \u0161vie\u017ei\u0105 m\u0117s\u0105, ir n\u0117ra gr\u016bd\u0173.","breadcrumb":{"@id":"https:\/\/anivet.lt\/elparduotuve\/produktas\/calibra-cat-life-sterilised-chicken-sausas-pasaras-su-vistiena\/#breadcrumb"},"inLanguage":"lt-LT","potentialAction":[{"@type":"ReadAction","target":["https:\/\/anivet.lt\/elparduotuve\/produktas\/calibra-cat-life-sterilised-chicken-sausas-pasaras-su-vistiena\/"]}]},{"@type":"ImageObject","inLanguage":"lt-LT","@id":"https:\/\/anivet.lt\/elparduotuve\/produktas\/calibra-cat-life-sterilised-chicken-sausas-pasaras-su-vistiena\/#primaryimage","url":"https:\/\/anivet.lt\/elparduotuve\/wp-content\/uploads\/2023\/07\/2478-calibra-cat-life-sterilised-chicken-1-5kg.webp","contentUrl":"https:\/\/anivet.lt\/elparduotuve\/wp-content\/uploads\/2023\/07\/2478-calibra-cat-life-sterilised-chicken-1-5kg.webp","width":1920,"height":1920,"caption":"Calibra Cat Life Sterilised Chicken sausas pa\u0161aras su vi\u0161tiena"},{"@type":"BreadcrumbList","@id":"https:\/\/anivet.lt\/elparduotuve\/produktas\/calibra-cat-life-sterilised-chicken-sausas-pasaras-su-vistiena\/#breadcrumb","itemListElement":[{"@type":"ListItem","position":1,"name":"Home","item":"https:\/\/anivet.lt\/elparduotuve\/"},{"@type":"ListItem","position":2,"name":"Produktai","item":"https:\/\/anivet.lt\/elparduotuve\/produktai\/"},{"@type":"ListItem","position":3,"name":"Calibra Cat Life Sterilised Chicken sausas pa\u0161aras su vi\u0161tiena"}]},{"@type":"WebSite","@id":"https:\/\/anivet.lt\/elparduotuve\/#website","url":"https:\/\/anivet.lt\/elparduotuve\/","name":"anivet.lt","description":"Viskas J\u016bs\u0173 \u0161uns, kat\u0117s prie\u017ei\u016brai","publisher":{"@id":"https:\/\/anivet.lt\/elparduotuve\/#organization"},"alternateName":"Viskas J\u016bs\u0173 \u0161uns, kat\u0117s prie\u017ei\u016brai","potentialAction":[{"@type":"SearchAction","target":{"@type":"EntryPoint","urlTemplate":"https:\/\/anivet.lt\/elparduotuve\/?s={search_term_string}"},"query-input":{"@type":"PropertyValueSpecification","valueRequired":true,"valueName":"search_term_string"}}],"inLanguage":"lt-LT"},{"@type":"Organization","@id":"https:\/\/anivet.lt\/elparduotuve\/#organization","name":"Viskas J\u016bs\u0173 \u0161uns, kat\u0117s prie\u017ei\u016brai","url":"https:\/\/anivet.lt\/elparduotuve\/","logo":{"@type":"ImageObject","inLanguage":"lt-LT","@id":"https:\/\/anivet.lt\/elparduotuve\/#\/schema\/logo\/image\/","url":"https:\/\/anivet.lt\/elparduotuve\/wp-content\/uploads\/2023\/06\/logo2.jpg","contentUrl":"https:\/\/anivet.lt\/elparduotuve\/wp-content\/uploads\/2023\/06\/logo2.jpg","width":655,"height":194,"caption":"Viskas J\u016bs\u0173 \u0161uns, kat\u0117s prie\u017ei\u016brai"},"image":{"@id":"https:\/\/anivet.lt\/elparduotuve\/#\/schema\/logo\/image\/"}}]}},"_links":{"self":[{"href":"https:\/\/anivet.lt\/elparduotuve\/wp-json\/wp\/v2\/product\/10661","targetHints":{"allow":["GET"]}}],"collection":[{"href":"https:\/\/anivet.lt\/elparduotuve\/wp-json\/wp\/v2\/product"}],"about":[{"href":"https:\/\/anivet.lt\/elparduotuve\/wp-json\/wp\/v2\/types\/product"}],"wp:featuredmedia":[{"embeddable":true,"href":"https:\/\/anivet.lt\/elparduotuve\/wp-json\/wp\/v2\/media\/10662"}],"wp:attachment":[{"href":"https:\/\/anivet.lt\/elparduotuve\/wp-json\/wp\/v2\/media?parent=10661"}],"wp:term":[{"taxonomy":"product_brand","embeddable":true,"href":"https:\/\/anivet.lt\/elparduotuve\/wp-json\/wp\/v2\/product_brand?post=10661"},{"taxonomy":"product_cat","embeddable":true,"href":"https:\/\/anivet.lt\/elparduotuve\/wp-json\/wp\/v2\/product_cat?post=10661"},{"taxonomy":"product_tag","embeddable":true,"href":"https:\/\/anivet.lt\/elparduotuve\/wp-json\/wp\/v2\/product_tag?post=10661"}],"curies":[{"name":"wp","href":"https:\/\/api.w.org\/{rel}","templated":true}]}}