{"id":10667,"date":"2023-07-26T06:39:34","date_gmt":"2023-07-26T06:39:34","guid":{"rendered":"https:\/\/anivet.lt\/elparduotuve\/?post_type=product&#038;p=10667"},"modified":"2026-01-22T17:53:07","modified_gmt":"2026-01-22T17:53:07","slug":"calibra-vd-cat-diabetes-sausas-maistas-katems","status":"publish","type":"product","link":"https:\/\/anivet.lt\/elparduotuve\/produktas\/calibra-vd-cat-diabetes-sausas-maistas-katems\/","title":{"rendered":"Calibra VD Cat Diabetes sausas maistas kat\u0117ms"},"content":{"rendered":"<ul>\n<li style=\"font-weight: 400;\" aria-level=\"1\"><span style=\"font-weight: 400;\">Baltym\u0173 turtinga sud\u0117tis: Auk\u0161tos kokyb\u0117s vi\u0161tienos ir kiau\u0161ini\u0173 baltymai palaiko raumen\u0173 mas\u0119 ir energij\u0105.<\/span><\/li>\n<li style=\"font-weight: 400;\" aria-level=\"1\"><span style=\"font-weight: 400;\">Ma\u017eas angliavandeni\u0173 kiekis: \u017demo glikemijos indekso krakmolo \u0161altiniai padeda reguliuoti gliukoz\u0117s kiek\u012f kraujyje.<\/span><\/li>\n<li style=\"font-weight: 400;\" aria-level=\"1\"><span style=\"font-weight: 400;\">Metabolizmo optimizavimas: L-karnitinas ir maistin\u0117s skaidulos gerina med\u017eiag\u0173 apykait\u0105 ir padeda palaikyti sveik\u0105 svor\u012f.<\/span><\/li>\n<li style=\"font-weight: 400;\" aria-level=\"1\"><span style=\"font-weight: 400;\">Vitaminai ir antioksidantai: \u017daliosios arbatos ir ciber\u017eol\u0117s ekstraktai praturtina pa\u0161ar\u0105 polifenoliais ir flavonoidais, kurie stiprina imunin\u0119 sistem\u0105 ir ma\u017eina u\u017edegim\u0105.<\/span><\/li>\n<li style=\"font-weight: 400;\" aria-level=\"1\"><span style=\"font-weight: 400;\">Vir\u0161kinimo palaikymas: Prebiotikai, tokie kaip MOS, FOS ir \u03b2-gliukanai, skatina sveik\u0105 \u017earnyno mikroflor\u0105.<\/span><\/li>\n<\/ul>\n<p><span style=\"font-weight: 400;\">\u201eCalibra VD Cat Diabetes\u201c \u2013 tai visavertis ir moksli\u0161kai subalansuotas pa\u0161aras, padedantis efektyviai valdyti cukrin\u012f diabet\u0105, palaikyti j\u016bs\u0173 kat\u0117s sveikat\u0105 ir ger\u0105 savijaut\u0105. Puikus sprendimas kasdieniam \u0161\u0117rimui.<\/span><\/p>\n","protected":false},"excerpt":{"rendered":"<p><span style=\"font-weight: 400;\">\u0160is visavertis dietinis maistas yra specialiai sukurtas kat\u0117ms, sergan\u010dioms cukriniu diabetu. Maistas pasi\u017eymi subalansuotu energijos ir maistini\u0173 med\u017eiag\u0173 santykiu, padedan\u010diu optimizuoti gliukoz\u0117s kiek\u012f kraujyje ir palaikyti ger\u0105 savijaut\u0105.<\/span><\/p>\n","protected":false},"featured_media":10668,"template":"","meta":[],"product_brand":[],"product_cat":[114,102,118,339],"product_tag":[],"class_list":{"0":"post-10667","1":"product","2":"type-product","3":"status-publish","4":"has-post-thumbnail","6":"product_cat-kaciu-maistas","7":"product_cat-katems","8":"product_cat-veterinarinis-maistas-katems","9":"product_cat-calibra-kaciu-maistas","10":"pa_prekinis-zenklas-calibra","12":"first","13":"instock","14":"taxable","15":"shipping-taxable","16":"purchasable","17":"product-type-simple"},"yoast_head":"<!-- This site is optimized with the Yoast SEO Premium plugin v27.1 (Yoast SEO v27.5) - https:\/\/yoast.com\/product\/yoast-seo-premium-wordpress\/ -->\n<title>Calibra VD Cat Diabetes sausas maistas kat\u0117ms - anivet.lt<\/title>\n<meta name=\"description\" content=\"\u0160is visavertis dietinis maistas yra specialiai sukurtas kat\u0117ms, sergan\u010dioms cukriniu diabetu. Maistas pasi\u017eymi subalansuotu energijos ir maistini\u0173 med\u017eiag\u0173 santykiu, padedan\u010diu optimizuoti gliukoz\u0117s kiek\u012f kraujyje ir palaikyti ger\u0105 savijaut\u0105.\" \/>\n<meta name=\"robots\" content=\"index, follow, max-snippet:-1, max-image-preview:large, max-video-preview:-1\" \/>\n<link rel=\"canonical\" href=\"https:\/\/anivet.lt\/elparduotuve\/produktas\/calibra-vd-cat-diabetes-sausas-maistas-katems\/\" \/>\n<meta property=\"og:locale\" content=\"lt_LT\" \/>\n<meta property=\"og:type\" content=\"article\" \/>\n<meta property=\"og:title\" content=\"Calibra VD Cat Diabetes sausas maistas kat\u0117ms\" \/>\n<meta property=\"og:description\" content=\"\u0160is visavertis dietinis maistas yra specialiai sukurtas kat\u0117ms, sergan\u010dioms cukriniu diabetu. Maistas pasi\u017eymi subalansuotu energijos ir maistini\u0173 med\u017eiag\u0173 santykiu, padedan\u010diu optimizuoti gliukoz\u0117s kiek\u012f kraujyje ir palaikyti ger\u0105 savijaut\u0105.\" \/>\n<meta property=\"og:url\" content=\"https:\/\/anivet.lt\/elparduotuve\/produktas\/calibra-vd-cat-diabetes-sausas-maistas-katems\/\" \/>\n<meta property=\"og:site_name\" content=\"anivet.lt\" \/>\n<meta property=\"article:modified_time\" content=\"2026-01-22T17:53:07+00:00\" \/>\n<meta property=\"og:image\" content=\"https:\/\/anivet.lt\/elparduotuve\/wp-content\/uploads\/2023\/07\/1571-calibra-vd-cat-diabetes-2kg-2021.webp\" \/>\n\t<meta property=\"og:image:width\" content=\"1920\" \/>\n\t<meta property=\"og:image:height\" content=\"1920\" \/>\n\t<meta property=\"og:image:type\" content=\"image\/webp\" \/>\n<meta name=\"twitter:card\" content=\"summary_large_image\" \/>\n<meta name=\"twitter:label1\" content=\"Est. reading time\" \/>\n\t<meta name=\"twitter:data1\" content=\"1 minut\u0117\" \/>\n<script type=\"application\/ld+json\" class=\"yoast-schema-graph\">{\"@context\":\"https:\\\/\\\/schema.org\",\"@graph\":[{\"@type\":\"WebPage\",\"@id\":\"https:\\\/\\\/anivet.lt\\\/elparduotuve\\\/produktas\\\/calibra-vd-cat-diabetes-sausas-maistas-katems\\\/\",\"url\":\"https:\\\/\\\/anivet.lt\\\/elparduotuve\\\/produktas\\\/calibra-vd-cat-diabetes-sausas-maistas-katems\\\/\",\"name\":\"Calibra VD Cat Diabetes sausas maistas kat\u0117ms - anivet.lt\",\"isPartOf\":{\"@id\":\"https:\\\/\\\/anivet.lt\\\/elparduotuve\\\/#website\"},\"primaryImageOfPage\":{\"@id\":\"https:\\\/\\\/anivet.lt\\\/elparduotuve\\\/produktas\\\/calibra-vd-cat-diabetes-sausas-maistas-katems\\\/#primaryimage\"},\"image\":{\"@id\":\"https:\\\/\\\/anivet.lt\\\/elparduotuve\\\/produktas\\\/calibra-vd-cat-diabetes-sausas-maistas-katems\\\/#primaryimage\"},\"thumbnailUrl\":\"https:\\\/\\\/anivet.lt\\\/elparduotuve\\\/wp-content\\\/uploads\\\/2023\\\/07\\\/1571-calibra-vd-cat-diabetes-2kg-2021.webp\",\"datePublished\":\"2023-07-26T06:39:34+00:00\",\"dateModified\":\"2026-01-22T17:53:07+00:00\",\"description\":\"\u0160is visavertis dietinis maistas yra specialiai sukurtas kat\u0117ms, sergan\u010dioms cukriniu diabetu. Maistas pasi\u017eymi subalansuotu energijos ir maistini\u0173 med\u017eiag\u0173 santykiu, padedan\u010diu optimizuoti gliukoz\u0117s kiek\u012f kraujyje ir palaikyti ger\u0105 savijaut\u0105.\",\"breadcrumb\":{\"@id\":\"https:\\\/\\\/anivet.lt\\\/elparduotuve\\\/produktas\\\/calibra-vd-cat-diabetes-sausas-maistas-katems\\\/#breadcrumb\"},\"inLanguage\":\"lt-LT\",\"potentialAction\":[{\"@type\":\"ReadAction\",\"target\":[\"https:\\\/\\\/anivet.lt\\\/elparduotuve\\\/produktas\\\/calibra-vd-cat-diabetes-sausas-maistas-katems\\\/\"]}]},{\"@type\":\"ImageObject\",\"inLanguage\":\"lt-LT\",\"@id\":\"https:\\\/\\\/anivet.lt\\\/elparduotuve\\\/produktas\\\/calibra-vd-cat-diabetes-sausas-maistas-katems\\\/#primaryimage\",\"url\":\"https:\\\/\\\/anivet.lt\\\/elparduotuve\\\/wp-content\\\/uploads\\\/2023\\\/07\\\/1571-calibra-vd-cat-diabetes-2kg-2021.webp\",\"contentUrl\":\"https:\\\/\\\/anivet.lt\\\/elparduotuve\\\/wp-content\\\/uploads\\\/2023\\\/07\\\/1571-calibra-vd-cat-diabetes-2kg-2021.webp\",\"width\":1920,\"height\":1920,\"caption\":\"Calibra VD Cat Diabetes sausas maistas kat\u0117ms\"},{\"@type\":\"BreadcrumbList\",\"@id\":\"https:\\\/\\\/anivet.lt\\\/elparduotuve\\\/produktas\\\/calibra-vd-cat-diabetes-sausas-maistas-katems\\\/#breadcrumb\",\"itemListElement\":[{\"@type\":\"ListItem\",\"position\":1,\"name\":\"Home\",\"item\":\"https:\\\/\\\/anivet.lt\\\/elparduotuve\\\/\"},{\"@type\":\"ListItem\",\"position\":2,\"name\":\"Produktai\",\"item\":\"https:\\\/\\\/anivet.lt\\\/elparduotuve\\\/produktai\\\/\"},{\"@type\":\"ListItem\",\"position\":3,\"name\":\"Calibra VD Cat Diabetes sausas maistas kat\u0117ms\"}]},{\"@type\":\"WebSite\",\"@id\":\"https:\\\/\\\/anivet.lt\\\/elparduotuve\\\/#website\",\"url\":\"https:\\\/\\\/anivet.lt\\\/elparduotuve\\\/\",\"name\":\"anivet.lt\",\"description\":\"Viskas J\u016bs\u0173 \u0161uns, kat\u0117s prie\u017ei\u016brai\",\"publisher\":{\"@id\":\"https:\\\/\\\/anivet.lt\\\/elparduotuve\\\/#organization\"},\"alternateName\":\"Viskas J\u016bs\u0173 \u0161uns, kat\u0117s prie\u017ei\u016brai\",\"potentialAction\":[{\"@type\":\"SearchAction\",\"target\":{\"@type\":\"EntryPoint\",\"urlTemplate\":\"https:\\\/\\\/anivet.lt\\\/elparduotuve\\\/?s={search_term_string}\"},\"query-input\":{\"@type\":\"PropertyValueSpecification\",\"valueRequired\":true,\"valueName\":\"search_term_string\"}}],\"inLanguage\":\"lt-LT\"},{\"@type\":\"Organization\",\"@id\":\"https:\\\/\\\/anivet.lt\\\/elparduotuve\\\/#organization\",\"name\":\"Viskas J\u016bs\u0173 \u0161uns, kat\u0117s prie\u017ei\u016brai\",\"url\":\"https:\\\/\\\/anivet.lt\\\/elparduotuve\\\/\",\"logo\":{\"@type\":\"ImageObject\",\"inLanguage\":\"lt-LT\",\"@id\":\"https:\\\/\\\/anivet.lt\\\/elparduotuve\\\/#\\\/schema\\\/logo\\\/image\\\/\",\"url\":\"https:\\\/\\\/anivet.lt\\\/elparduotuve\\\/wp-content\\\/uploads\\\/2023\\\/06\\\/logo2.jpg\",\"contentUrl\":\"https:\\\/\\\/anivet.lt\\\/elparduotuve\\\/wp-content\\\/uploads\\\/2023\\\/06\\\/logo2.jpg\",\"width\":655,\"height\":194,\"caption\":\"Viskas J\u016bs\u0173 \u0161uns, kat\u0117s prie\u017ei\u016brai\"},\"image\":{\"@id\":\"https:\\\/\\\/anivet.lt\\\/elparduotuve\\\/#\\\/schema\\\/logo\\\/image\\\/\"}}]}<\/script>\n<!-- \/ Yoast SEO Premium plugin. -->","yoast_head_json":{"title":"Calibra VD Cat Diabetes sausas maistas kat\u0117ms - anivet.lt","description":"\u0160is visavertis dietinis maistas yra specialiai sukurtas kat\u0117ms, sergan\u010dioms cukriniu diabetu. Maistas pasi\u017eymi subalansuotu energijos ir maistini\u0173 med\u017eiag\u0173 santykiu, padedan\u010diu optimizuoti gliukoz\u0117s kiek\u012f kraujyje ir palaikyti ger\u0105 savijaut\u0105.","robots":{"index":"index","follow":"follow","max-snippet":"max-snippet:-1","max-image-preview":"max-image-preview:large","max-video-preview":"max-video-preview:-1"},"canonical":"https:\/\/anivet.lt\/elparduotuve\/produktas\/calibra-vd-cat-diabetes-sausas-maistas-katems\/","og_locale":"lt_LT","og_type":"article","og_title":"Calibra VD Cat Diabetes sausas maistas kat\u0117ms","og_description":"\u0160is visavertis dietinis maistas yra specialiai sukurtas kat\u0117ms, sergan\u010dioms cukriniu diabetu. Maistas pasi\u017eymi subalansuotu energijos ir maistini\u0173 med\u017eiag\u0173 santykiu, padedan\u010diu optimizuoti gliukoz\u0117s kiek\u012f kraujyje ir palaikyti ger\u0105 savijaut\u0105.","og_url":"https:\/\/anivet.lt\/elparduotuve\/produktas\/calibra-vd-cat-diabetes-sausas-maistas-katems\/","og_site_name":"anivet.lt","article_modified_time":"2026-01-22T17:53:07+00:00","og_image":[{"width":1920,"height":1920,"url":"https:\/\/anivet.lt\/elparduotuve\/wp-content\/uploads\/2023\/07\/1571-calibra-vd-cat-diabetes-2kg-2021.webp","type":"image\/webp"}],"twitter_card":"summary_large_image","twitter_misc":{"Est. reading time":"1 minut\u0117"},"schema":{"@context":"https:\/\/schema.org","@graph":[{"@type":"WebPage","@id":"https:\/\/anivet.lt\/elparduotuve\/produktas\/calibra-vd-cat-diabetes-sausas-maistas-katems\/","url":"https:\/\/anivet.lt\/elparduotuve\/produktas\/calibra-vd-cat-diabetes-sausas-maistas-katems\/","name":"Calibra VD Cat Diabetes sausas maistas kat\u0117ms - anivet.lt","isPartOf":{"@id":"https:\/\/anivet.lt\/elparduotuve\/#website"},"primaryImageOfPage":{"@id":"https:\/\/anivet.lt\/elparduotuve\/produktas\/calibra-vd-cat-diabetes-sausas-maistas-katems\/#primaryimage"},"image":{"@id":"https:\/\/anivet.lt\/elparduotuve\/produktas\/calibra-vd-cat-diabetes-sausas-maistas-katems\/#primaryimage"},"thumbnailUrl":"https:\/\/anivet.lt\/elparduotuve\/wp-content\/uploads\/2023\/07\/1571-calibra-vd-cat-diabetes-2kg-2021.webp","datePublished":"2023-07-26T06:39:34+00:00","dateModified":"2026-01-22T17:53:07+00:00","description":"\u0160is visavertis dietinis maistas yra specialiai sukurtas kat\u0117ms, sergan\u010dioms cukriniu diabetu. Maistas pasi\u017eymi subalansuotu energijos ir maistini\u0173 med\u017eiag\u0173 santykiu, padedan\u010diu optimizuoti gliukoz\u0117s kiek\u012f kraujyje ir palaikyti ger\u0105 savijaut\u0105.","breadcrumb":{"@id":"https:\/\/anivet.lt\/elparduotuve\/produktas\/calibra-vd-cat-diabetes-sausas-maistas-katems\/#breadcrumb"},"inLanguage":"lt-LT","potentialAction":[{"@type":"ReadAction","target":["https:\/\/anivet.lt\/elparduotuve\/produktas\/calibra-vd-cat-diabetes-sausas-maistas-katems\/"]}]},{"@type":"ImageObject","inLanguage":"lt-LT","@id":"https:\/\/anivet.lt\/elparduotuve\/produktas\/calibra-vd-cat-diabetes-sausas-maistas-katems\/#primaryimage","url":"https:\/\/anivet.lt\/elparduotuve\/wp-content\/uploads\/2023\/07\/1571-calibra-vd-cat-diabetes-2kg-2021.webp","contentUrl":"https:\/\/anivet.lt\/elparduotuve\/wp-content\/uploads\/2023\/07\/1571-calibra-vd-cat-diabetes-2kg-2021.webp","width":1920,"height":1920,"caption":"Calibra VD Cat Diabetes sausas maistas kat\u0117ms"},{"@type":"BreadcrumbList","@id":"https:\/\/anivet.lt\/elparduotuve\/produktas\/calibra-vd-cat-diabetes-sausas-maistas-katems\/#breadcrumb","itemListElement":[{"@type":"ListItem","position":1,"name":"Home","item":"https:\/\/anivet.lt\/elparduotuve\/"},{"@type":"ListItem","position":2,"name":"Produktai","item":"https:\/\/anivet.lt\/elparduotuve\/produktai\/"},{"@type":"ListItem","position":3,"name":"Calibra VD Cat Diabetes sausas maistas kat\u0117ms"}]},{"@type":"WebSite","@id":"https:\/\/anivet.lt\/elparduotuve\/#website","url":"https:\/\/anivet.lt\/elparduotuve\/","name":"anivet.lt","description":"Viskas J\u016bs\u0173 \u0161uns, kat\u0117s prie\u017ei\u016brai","publisher":{"@id":"https:\/\/anivet.lt\/elparduotuve\/#organization"},"alternateName":"Viskas J\u016bs\u0173 \u0161uns, kat\u0117s prie\u017ei\u016brai","potentialAction":[{"@type":"SearchAction","target":{"@type":"EntryPoint","urlTemplate":"https:\/\/anivet.lt\/elparduotuve\/?s={search_term_string}"},"query-input":{"@type":"PropertyValueSpecification","valueRequired":true,"valueName":"search_term_string"}}],"inLanguage":"lt-LT"},{"@type":"Organization","@id":"https:\/\/anivet.lt\/elparduotuve\/#organization","name":"Viskas J\u016bs\u0173 \u0161uns, kat\u0117s prie\u017ei\u016brai","url":"https:\/\/anivet.lt\/elparduotuve\/","logo":{"@type":"ImageObject","inLanguage":"lt-LT","@id":"https:\/\/anivet.lt\/elparduotuve\/#\/schema\/logo\/image\/","url":"https:\/\/anivet.lt\/elparduotuve\/wp-content\/uploads\/2023\/06\/logo2.jpg","contentUrl":"https:\/\/anivet.lt\/elparduotuve\/wp-content\/uploads\/2023\/06\/logo2.jpg","width":655,"height":194,"caption":"Viskas J\u016bs\u0173 \u0161uns, kat\u0117s prie\u017ei\u016brai"},"image":{"@id":"https:\/\/anivet.lt\/elparduotuve\/#\/schema\/logo\/image\/"}}]}},"_links":{"self":[{"href":"https:\/\/anivet.lt\/elparduotuve\/wp-json\/wp\/v2\/product\/10667","targetHints":{"allow":["GET"]}}],"collection":[{"href":"https:\/\/anivet.lt\/elparduotuve\/wp-json\/wp\/v2\/product"}],"about":[{"href":"https:\/\/anivet.lt\/elparduotuve\/wp-json\/wp\/v2\/types\/product"}],"wp:featuredmedia":[{"embeddable":true,"href":"https:\/\/anivet.lt\/elparduotuve\/wp-json\/wp\/v2\/media\/10668"}],"wp:attachment":[{"href":"https:\/\/anivet.lt\/elparduotuve\/wp-json\/wp\/v2\/media?parent=10667"}],"wp:term":[{"taxonomy":"product_brand","embeddable":true,"href":"https:\/\/anivet.lt\/elparduotuve\/wp-json\/wp\/v2\/product_brand?post=10667"},{"taxonomy":"product_cat","embeddable":true,"href":"https:\/\/anivet.lt\/elparduotuve\/wp-json\/wp\/v2\/product_cat?post=10667"},{"taxonomy":"product_tag","embeddable":true,"href":"https:\/\/anivet.lt\/elparduotuve\/wp-json\/wp\/v2\/product_tag?post=10667"}],"curies":[{"name":"wp","href":"https:\/\/api.w.org\/{rel}","templated":true}]}}